{"id":10045,"date":"2024-09-19T11:13:14","date_gmt":"2024-09-19T10:13:14","guid":{"rendered":"https:\/\/airparx.com\/rugged-interactive\/"},"modified":"2024-10-09T11:43:41","modified_gmt":"2024-10-09T10:43:41","slug":"rugged-interactive","status":"publish","type":"page","link":"https:\/\/airparx.com\/de\/rugged-interactive\/","title":{"rendered":"Rugged Interactive"},"content":{"rendered":"\n<div class=\"wp-block-columns is-layout-flex wp-container-core-columns-is-layout-9d6595d7 wp-block-columns-is-layout-flex\">\n<div class=\"wp-block-column is-layout-flow wp-block-column-is-layout-flow\"><div class=\"wp-core-heading\">\n<h2 class=\"wp-block-heading\">Rugged Interactive, in Zusammenarbeit mit Airparx<\/h2>\n<\/div>\n\n<div class=\"wp-core-paragraph\">\n<p><a href=\"https:\/\/www.rugged-interactive.com\">Rugged Interactive<\/a> ist die weltweit f\u00fchrende Innovation f\u00fcr aktiven Spa\u00df mit fesselnden Produkten, um wunderbare digitale Attraktionen zu schaffen, an denen die Menschen gerne teilnehmen und die sie gerne nutzen.<\/p>\n<\/div>\n\n<div class=\"wp-core-paragraph\">\n<p>In Zusammenarbeit mit Airparx bietet Rugged Interactive eine breite Palette von \u00fcber 15 Produkten an, die speziell f\u00fcr den Markt der Indoor-Softplay-, Trampolin- und Familienunterhaltungszentren entwickelt wurden. Diese Produkte bieten interaktive Erlebnisse, die es Betreibern, Besitzern und Franchisenehmern erm\u00f6glichen, ansprechende und dynamische Orte f\u00fcr wiederholte Besuche zu schaffen. <\/p>\n<\/div><\/div>\n<\/div>\n<\/div><\/div><\/section><\/div><div id=''><\/div>\t<section class=\"bg-dark py-2 py-m-3 py-l-4\">\n\t\t<div class=\"wrap\">\n\t\t\t<article>\n\t\t\t\t<div class=\"row valign\">\n\t\t\t\t\t<div class=\"col-12 col-m-6\">\n\t\t\t\t\t\t<div class=\"animation fadein fromleft\" data-onscreen=\"false\">\n\t\t\t\t\t\t\t\t\t\t\t\t\t\t\t<h2><b>Strike Arena<\/b><\/h2>\n<p>Erweitern Sie Softplay-Rahmen mit einem vollst\u00e4ndig interaktiven Kit mit Touchscreen und TV-Bildschirmen um Herausforderungen und Wettbewerbe. Mit einem Touchscreen, TV-Bildschirmen und 3 Spielmodi f\u00fcr Gruppen, Einzelspieler und Kleinkinder sind Sie bestens ger\u00fcstet f\u00fcr weitere Spiele. <\/p>\n<ul>\n<li>Die Spieler klettern, krabbeln und rennen durch Hindernisse, um Pods zu treffen und Punkte zu sammeln.<\/li>\n<li>Einfaches und inklusives Spiel f\u00fcr Teams oder Einzelpersonen<\/li>\n<li>Bietet eine neue Einnahmequelle f\u00fcr Geburtstagsfeiern, studentische Herausforderungen und Teambuilding in Unternehmen.<\/li>\n<\/ul>\n\t\t\t\t\t\t\t\t\t\t\t\t\t<\/div>\n\t\t\t\t\t<\/div>\n\t\t\t\t\t<div class=\"col-12 col-m-6 mt-2 mt-m-0\">\n\t\t\t\t\t\t<div class=\"animation fadein fromright\" data-onscreen=\"false\">\n\t\t\t\t\t\t\t\t\t\t\t\t\t\t\t<figure class=\"block\">\n\t\t\t\t\t\t\t\t\t<img data-src=\"https:\/\/airparx.com\/wp-content\/uploads\/2024\/09\/Rugged-Interactive-Strike-Arena.jpg\" \/>\n\t\t\t\t\t\t\t\t<\/figure>\n\t\t\t\t\t\t\t\t\t\t\t\t\t<\/div>\n\t\t\t\t\t<\/div>\n\t\t\t\t<\/div>\n\t\t\t<\/article>\n\t\t<\/div>\n\t<\/section>\n\n\t<section class=\"my-2 my-m-3 my-l-4\"><div class=\"wrap\"><div class=\"row\"><div class=\"col-12\"><\/div><\/div><\/section><\/div><div id=''><\/div>\t<section class=\"my-2 my-m-3 my-l-4\">\n\t\t<div class=\"wrap\">\n\t\t\t<article>\n\t\t\t\t<div class=\"row valign\">\n\t\t\t\t\t<div class=\"col-12 col-m-6\">\n\t\t\t\t\t\t<div class=\"animation fadein fromleft\" data-onscreen=\"false\">\n\t\t\t\t\t\t\t\t\t\t\t\t\t\t\t<figure class=\"block show-m\">\n\t\t\t\t\t\t\t\t\t<img data-src=\"https:\/\/airparx.com\/wp-content\/uploads\/2024\/09\/Rugged-Interactive-FreeStyle-Duo-1.jpg\" \/>\n\t\t\t\t\t\t\t\t<\/figure>\n\t\t\t\t\t\t\t\t\t\t\t\t\t<\/div>\n\t\t\t\t\t<\/div>\n\t\t\t\t\t<div class=\"col-12 col-m-6 mt-2 mt-m-0\">\n\t\t\t\t\t\t<div class=\"animation fadein fromright\" data-onscreen=\"false\">\n\t\t\t\t\t\t\t\t\t\t\t\t\t\t\t<h2>CardioWall FreeStyle Duo<\/h2>\n<p>Zwei interaktive Geschwindigkeits- und Reaktionsw\u00e4nde, die das H\u00fcpfen noch schneller und lustiger machen, mit Sound, Lichtern und spannenden Spielen.<\/p>\n<ul>\n<li>Spielen Sie einzeln, um die h\u00f6chste Punktzahl zu erreichen, oder duellieren Sie sich zu zweit.<\/li>\n<li>Gro\u00dfer Spa\u00df f\u00fcr alle Altersgruppen; ideal f\u00fcr Ranglisten-Herausforderungen und Social Media Marketing<\/li>\n<li>LED-Hintergrundbeleuchtung f\u00fcr mehr Pr\u00e4senz<\/li>\n<li>Zwei spannende Spiele, die Geschwindigkeit und Reaktion testen<\/li>\n<li>Ma\u00dfgeschneiderte Grafikpaneele, die zu jedem Branding passen<\/li>\n<li>Perfekt f\u00fcr Softplay-Rahmen oder \u00fcber Trampolinen<\/li>\n<\/ul>\n\t\t\t\t\t\t\t\t\t\t\t\t\t\t\t\t<figure class=\"block hide-m\">\n\t\t\t\t\t\t\t\t\t<img data-src=\"https:\/\/airparx.com\/wp-content\/uploads\/2024\/09\/Rugged-Interactive-FreeStyle-Duo-1.jpg\" \/>\n\t\t\t\t\t\t\t\t<\/figure>\n\t\t\t\t\t\t\t\t\t\t\t\t\t<\/div>\n\t\t\t\t\t<\/div>\n\t\t\t\t<\/div>\n\t\t\t<\/article>\n\t\t<\/div>\n\t<\/section>\n\n\t<section class=\"my-2 my-m-3 my-l-4\"><div class=\"wrap\"><div class=\"row\"><div class=\"col-12\"><\/div><\/div><\/section><\/div><div id=''><\/div>\t<section class=\"bg-dark py-2 py-m-3 py-l-4\">\n\t\t<div class=\"wrap\">\n\t\t\t<article>\n\t\t\t\t<div class=\"row valign\">\n\t\t\t\t\t<div class=\"col-12 col-m-6\">\n\t\t\t\t\t\t<div class=\"animation fadein fromleft\" data-onscreen=\"false\">\n\t\t\t\t\t\t\t\t\t\t\t\t\t\t\t<h2>Interaktives Sportfeld<\/h2>\n<p>Epische interaktive Zielsysteme f\u00fcr Multisportpl\u00e4tze. Perfekt f\u00fcr Fu\u00dfball, Handball und Elfmeterschie\u00dfen mit hell beleuchteten Zielen und aufregenden Sounds. <\/p>\n<ul>\n<li>Wettbewerbliche Herausforderungen, ideal f\u00fcr Teamspiele und Geburtstagsfeiern<\/li>\n<li>Drei-Minuten-Spiele sorgen f\u00fcr einen schnellen Durchlauf der Kunden<\/li>\n<li>Spannende Soundeffekte und schnelles Spieltempo f\u00fcr Kinder aller Altersgruppen<\/li>\n<\/ul>\n<p>&nbsp;<\/p>\n\t\t\t\t\t\t\t\t\t\t\t\t\t<\/div>\n\t\t\t\t\t<\/div>\n\t\t\t\t\t<div class=\"col-12 col-m-6 mt-2 mt-m-0\">\n\t\t\t\t\t\t<div class=\"animation fadein fromright\" data-onscreen=\"false\">\n\t\t\t\t\t\t\t\t\t\t\t\t\t\t\t<figure class=\"block\">\n\t\t\t\t\t\t\t\t\t<img data-src=\"https:\/\/airparx.com\/wp-content\/uploads\/2024\/09\/Rugged-Interactive-Sports-Pitch.jpg\" \/>\n\t\t\t\t\t\t\t\t<\/figure>\n\t\t\t\t\t\t\t\t\t\t\t\t\t<\/div>\n\t\t\t\t\t<\/div>\n\t\t\t\t<\/div>\n\t\t\t<\/article>\n\t\t<\/div>\n\t<\/section>\n\n\t<section class=\"my-2 my-m-3 my-l-4\"><div class=\"wrap\"><div class=\"row\"><div class=\"col-12\"><div class=\"wp-core-heading\">\n<h2 class=\"wp-block-heading\"><\/h2>\n<\/div>\n<div class=\"wp-block-group\"><div class=\"wp-block-group__inner-container is-layout-flow wp-block-group-is-layout-flow\">\n<section class=\"my-2 my-m-3 mt-l-4\">\n<div class=\"wrap\">\n<div class=\"row\">\n<article>\n<div class=\"col-12 col-m-7\">\n<h4>Kontaktieren Sie uns noch heute!<\/h4>\n<p>Sind Sie bereit, den n\u00e4chsten Schritt zu wagen und den Nervenkitzel an Ihren Standort zu bringen?\nNehmen Sie Kontakt mit uns auf, um weitere Informationen zu erhalten, Preise zu erfahren oder Ihre speziellen Anforderungen zu besprechen.\nUnser engagiertes Team bei Airparx hilft Ihnen gerne dabei, Ihre Vision in die Realit\u00e4t umzusetzen.  <\/p>\n\n<div class=\"wpcf7 no-js\" id=\"wpcf7-f6132-o1\" lang=\"de-DE\" dir=\"ltr\" data-wpcf7-id=\"6132\">\n<div class=\"screen-reader-response\"><p role=\"status\" aria-live=\"polite\" aria-atomic=\"true\"><\/p> <ul><\/ul><\/div>\n<form action=\"\/de\/wp-json\/wp\/v2\/pages\/10045#wpcf7-f6132-o1\" method=\"post\" class=\"wpcf7-form init\" aria-label=\"Kontaktformular\" novalidate=\"novalidate\" data-status=\"init\">\n<fieldset class=\"hidden-fields-container\"><input type=\"hidden\" name=\"_wpcf7\" value=\"6132\" \/><input type=\"hidden\" name=\"_wpcf7_version\" value=\"6.1.5\" \/><input type=\"hidden\" name=\"_wpcf7_locale\" value=\"de_DE\" \/><input type=\"hidden\" name=\"_wpcf7_unit_tag\" value=\"wpcf7-f6132-o1\" \/><input type=\"hidden\" name=\"_wpcf7_container_post\" value=\"0\" \/><input type=\"hidden\" name=\"_wpcf7_posted_data_hash\" value=\"\" \/><input type=\"hidden\" name=\"_wpcf7_recaptcha_response\" value=\"\" \/>\n<\/fieldset>\n<div class=\"row\">\n\t<div class=\"col-12 col-s-6\">\n\t\t<p><label for=\"Name\">Vorname*<\/label><br \/>\n<span class=\"wpcf7-form-control-wrap\" data-name=\"FirstName\"><input size=\"40\" maxlength=\"400\" class=\"wpcf7-form-control wpcf7-text wpcf7-validates-as-required\" aria-required=\"true\" aria-invalid=\"false\" value=\"\" type=\"text\" name=\"FirstName\" \/><\/span>\n\t\t<\/p>\n\t<\/div>\n\t<div class=\"col-12 col-s-6\">\n\t\t<p><label for=\"Name\">Nachname*<\/label><br \/>\n<span class=\"wpcf7-form-control-wrap\" data-name=\"LastName\"><input size=\"40\" maxlength=\"400\" class=\"wpcf7-form-control wpcf7-text wpcf7-validates-as-required\" aria-required=\"true\" aria-invalid=\"false\" value=\"\" type=\"text\" name=\"LastName\" \/><\/span>\n\t\t<\/p>\n\t<\/div>\n\t<div class=\"col-12 col-s-6 mt-05 mt-s-0\">\n\t\t<p><label for=\"Email\">E-Mail Adresse*<\/label><br \/>\n<span class=\"wpcf7-form-control-wrap\" data-name=\"Email\"><input size=\"40\" maxlength=\"400\" class=\"wpcf7-form-control wpcf7-email wpcf7-validates-as-required wpcf7-text wpcf7-validates-as-email\" aria-required=\"true\" aria-invalid=\"false\" value=\"\" type=\"email\" name=\"Email\" \/><\/span>\n\t\t<\/p>\n\t<\/div>\n<\/div>\n<div class=\"row\">\n\t<div class=\"col-12 col-s-6 mt-05 mt-s-0\">\n\t\t<p><label for=\"Company\">Firmenname (optional)<\/label><br \/>\n<span class=\"wpcf7-form-control-wrap\" data-name=\"Company\"><input size=\"40\" maxlength=\"400\" class=\"wpcf7-form-control wpcf7-text\" aria-invalid=\"false\" value=\"\" type=\"text\" name=\"Company\" \/><\/span>\n\t\t<\/p>\n\t<\/div>\n\t<div class=\"col-12 col-s-6\">\n\t\t<p><label for=\"Phone\">Telefonnummer (optional)<\/label><br \/>\n<span class=\"wpcf7-form-control-wrap\" data-name=\"Phone\"><input size=\"40\" maxlength=\"400\" class=\"wpcf7-form-control wpcf7-tel wpcf7-text wpcf7-validates-as-tel\" aria-invalid=\"false\" value=\"\" type=\"tel\" name=\"Phone\" \/><\/span>\n\t\t<\/p>\n\t<\/div>\n<\/div>\n<div class=\"row\">\n\t<div class=\"col-12 col-s-6\">\n\t\t<p><label for=\"Country\">Land (optional)<\/label><br \/>\n<span class=\"wpcf7-form-control-wrap\" data-name=\"Country\"><input size=\"40\" maxlength=\"400\" class=\"wpcf7-form-control wpcf7-text\" aria-invalid=\"false\" value=\"\" type=\"text\" name=\"Country\" \/><\/span>\n\t\t<\/p>\n\t<\/div>\n<\/div>\n<p><label for=\"Message\">Nachricht*<\/label><br \/>\n<span class=\"wpcf7-form-control-wrap\" data-name=\"Message\"><textarea cols=\"40\" rows=\"6\" maxlength=\"2000\" class=\"wpcf7-form-control wpcf7-textarea wpcf7-validates-as-required\" aria-required=\"true\" aria-invalid=\"false\" name=\"Message\"><\/textarea><\/span>\n<\/p>\n<p>Melden Sie sich f\u00fcr Marketing an, um \u00fcber unsere neuesten Produkte, Nachrichten und Sonderangebote informiert zu werden.<br \/>\n<span class=\"wpcf7-form-control-wrap\" data-name=\"newsletter\"><span class=\"wpcf7-form-control wpcf7-radio\"><span class=\"wpcf7-list-item first\"><label><input type=\"radio\" name=\"newsletter\" value=\"Ja\" \/><span class=\"wpcf7-list-item-label\">Ja<\/span><\/label><\/span><span class=\"wpcf7-list-item last\"><label><input type=\"radio\" name=\"newsletter\" value=\"Nein\" checked=\"checked\" \/><span class=\"wpcf7-list-item-label\">Nein<\/span><\/label><\/span><\/span><\/span>\n<\/p>\n<div id=\"refer-div\">\n<\/div>\n<p><input class=\"wpcf7-form-control wpcf7-submit has-spinner button\" type=\"submit\" value=\"Senden\" \/>\n<\/p><div class=\"wpcf7-response-output\" aria-hidden=\"true\"><\/div>\n<\/form>\n<\/div>\n\n<\/div>\n<p><!--.col--><\/p>\n<div class=\"col-5 col-xl-4 pull-xl-1 show-m mt-4\">\n<div class=\"usp-list\">\n<ul>\n<li>Branchenf\u00fchrer<\/li>\n<li>Schl\u00fcsselfertige L\u00f6sung<\/li>\n<li>Installationen rund um den Globus<\/li>\n<li>Eigene Herstellung<\/li>\n<li>F\u00fchrender Kundenservice  <\/li>\n<\/ul>\n<\/div>\n<p><!--.usp-list--><\/p>\n<h5 class=\"mt-2\">Rufen Sie uns alternativ an unter<\/h5>\n<p class=\"mt-05 text-cyan\"><strong> <i class=\"fa fa-phone mr-05\" aria-hidden=\"true\"><\/i>  +44(0) 1179 414918  <\/strong><\/p>\n<\/div>\n<p><!--.col--><\/p>\n<\/article>\n<\/div>\n<p><!--.row--><\/p>\n<\/div>\n<p><!--.wrap--><\/p>\n<\/section>\n<\/div><\/div>\n","protected":false},"excerpt":{"rendered":"<p>Rugged Interactive, in Zusammenarbeit mit Airparx Rugged Interactive ist die weltweit f\u00fchrende Innovation f\u00fcr aktiven Spa\u00df mit fesselnden Produkten, um wunderbare digitale Attraktionen zu schaffen, an denen die Menschen gerne teilnehmen und die sie gerne nutzen. In Zusammenarbeit mit Airparx bietet Rugged Interactive eine breite Palette von \u00fcber 15 Produkten an, die speziell f\u00fcr den [&hellip;]<\/p>\n","protected":false},"author":2,"featured_media":9934,"parent":0,"menu_order":0,"comment_status":"closed","ping_status":"closed","template":"","meta":{"_acf_changed":false,"footnotes":""},"class_list":["post-10045","page","type-page","status-publish","has-post-thumbnail","hentry"],"acf":[],"yoast_head":"<!-- This site is optimized with the Yoast SEO Premium plugin v26.7 (Yoast SEO v27.3) - https:\/\/yoast.com\/product\/yoast-seo-premium-wordpress\/ -->\n<title>Rugged Interactive - Airparx<\/title>\n<meta name=\"description\" content=\"In Zusammenarbeit mit Airparx bietet Rugged Interactive eine breite Palette von Produkten an, die speziell f\u00fcr den Markt der Family Entertainment Center entwickelt wurden.\" \/>\n<meta name=\"robots\" content=\"index, follow, max-snippet:-1, max-image-preview:large, max-video-preview:-1\" \/>\n<link rel=\"canonical\" href=\"https:\/\/airparx.com\/de\/rugged-interactive\/\" \/>\n<meta property=\"og:locale\" content=\"de_DE\" \/>\n<meta property=\"og:type\" content=\"article\" \/>\n<meta property=\"og:title\" content=\"Rugged Interactive\" \/>\n<meta property=\"og:description\" content=\"In Zusammenarbeit mit Airparx bietet Rugged Interactive eine breite Palette von Produkten an, die speziell f\u00fcr den Markt der Family Entertainment Center entwickelt wurden.\" \/>\n<meta property=\"og:url\" content=\"https:\/\/airparx.com\/de\/rugged-interactive\/\" \/>\n<meta property=\"og:site_name\" content=\"Airparx\" \/>\n<meta property=\"article:publisher\" content=\"https:\/\/www.facebook.com\/Airparx\/\" \/>\n<meta property=\"article:modified_time\" content=\"2024-10-09T10:43:41+00:00\" \/>\n<meta property=\"og:image\" content=\"https:\/\/airparx.com\/wp-content\/uploads\/2024\/09\/Rugged-Interactive-1024x576.png\" \/>\n\t<meta property=\"og:image:width\" content=\"1024\" \/>\n\t<meta property=\"og:image:height\" content=\"576\" \/>\n\t<meta property=\"og:image:type\" content=\"image\/png\" \/>\n<meta name=\"twitter:card\" content=\"summary_large_image\" \/>\n<meta name=\"twitter:label1\" content=\"Gesch\u00e4tzte Lesezeit\" \/>\n\t<meta name=\"twitter:data1\" content=\"1\u00a0Minute\" \/>\n<script type=\"application\/ld+json\" class=\"yoast-schema-graph\">{\"@context\":\"https:\\\/\\\/schema.org\",\"@graph\":[{\"@type\":\"WebPage\",\"@id\":\"https:\\\/\\\/airparx.com\\\/de\\\/rugged-interactive\\\/\",\"url\":\"https:\\\/\\\/airparx.com\\\/de\\\/rugged-interactive\\\/\",\"name\":\"Rugged Interactive - Airparx\",\"isPartOf\":{\"@id\":\"https:\\\/\\\/airparx.com\\\/de\\\/#website\"},\"primaryImageOfPage\":{\"@id\":\"https:\\\/\\\/airparx.com\\\/de\\\/rugged-interactive\\\/#primaryimage\"},\"image\":{\"@id\":\"https:\\\/\\\/airparx.com\\\/de\\\/rugged-interactive\\\/#primaryimage\"},\"thumbnailUrl\":\"https:\\\/\\\/airparx.com\\\/wp-content\\\/uploads\\\/2024\\\/09\\\/Rugged-Interactive.png\",\"datePublished\":\"2024-09-19T10:13:14+00:00\",\"dateModified\":\"2024-10-09T10:43:41+00:00\",\"description\":\"In Zusammenarbeit mit Airparx bietet Rugged Interactive eine breite Palette von Produkten an, die speziell f\u00fcr den Markt der Family Entertainment Center entwickelt wurden.\",\"breadcrumb\":{\"@id\":\"https:\\\/\\\/airparx.com\\\/de\\\/rugged-interactive\\\/#breadcrumb\"},\"inLanguage\":\"de\",\"potentialAction\":[{\"@type\":\"ReadAction\",\"target\":[\"https:\\\/\\\/airparx.com\\\/de\\\/rugged-interactive\\\/\"]}]},{\"@type\":\"ImageObject\",\"inLanguage\":\"de\",\"@id\":\"https:\\\/\\\/airparx.com\\\/de\\\/rugged-interactive\\\/#primaryimage\",\"url\":\"https:\\\/\\\/airparx.com\\\/wp-content\\\/uploads\\\/2024\\\/09\\\/Rugged-Interactive.png\",\"contentUrl\":\"https:\\\/\\\/airparx.com\\\/wp-content\\\/uploads\\\/2024\\\/09\\\/Rugged-Interactive.png\",\"width\":1366,\"height\":768,\"caption\":\"Rugged Interactive\"},{\"@type\":\"BreadcrumbList\",\"@id\":\"https:\\\/\\\/airparx.com\\\/de\\\/rugged-interactive\\\/#breadcrumb\",\"itemListElement\":[{\"@type\":\"ListItem\",\"position\":1,\"name\":\"Home\",\"item\":\"https:\\\/\\\/airparx.com\\\/de\\\/\"},{\"@type\":\"ListItem\",\"position\":2,\"name\":\"Rugged Interactive\"}]},{\"@type\":\"WebSite\",\"@id\":\"https:\\\/\\\/airparx.com\\\/de\\\/#website\",\"url\":\"https:\\\/\\\/airparx.com\\\/de\\\/\",\"name\":\"Airparx\",\"description\":\"Inflatable &amp; Trampoline Park Supplier\",\"publisher\":{\"@id\":\"https:\\\/\\\/airparx.com\\\/de\\\/#organization\"},\"potentialAction\":[{\"@type\":\"SearchAction\",\"target\":{\"@type\":\"EntryPoint\",\"urlTemplate\":\"https:\\\/\\\/airparx.com\\\/de\\\/?s={search_term_string}\"},\"query-input\":{\"@type\":\"PropertyValueSpecification\",\"valueRequired\":true,\"valueName\":\"search_term_string\"}}],\"inLanguage\":\"de\"},{\"@type\":\"Organization\",\"@id\":\"https:\\\/\\\/airparx.com\\\/de\\\/#organization\",\"name\":\"Airparx\",\"url\":\"https:\\\/\\\/airparx.com\\\/de\\\/\",\"logo\":{\"@type\":\"ImageObject\",\"inLanguage\":\"de\",\"@id\":\"https:\\\/\\\/airparx.com\\\/de\\\/#\\\/schema\\\/logo\\\/image\\\/\",\"url\":\"https:\\\/\\\/airparx.com\\\/wp-content\\\/uploads\\\/2022\\\/06\\\/Airparx_Logo.png\",\"contentUrl\":\"https:\\\/\\\/airparx.com\\\/wp-content\\\/uploads\\\/2022\\\/06\\\/Airparx_Logo.png\",\"width\":1127,\"height\":461,\"caption\":\"Airparx\"},\"image\":{\"@id\":\"https:\\\/\\\/airparx.com\\\/de\\\/#\\\/schema\\\/logo\\\/image\\\/\"},\"sameAs\":[\"https:\\\/\\\/www.facebook.com\\\/Airparx\\\/\",\"https:\\\/\\\/www.instagram.com\\\/airparx\\\/\",\"https:\\\/\\\/www.youtube.com\\\/playlist?list=PL2LZnxdxb4eX2paMpuL0QxEvopAtGzyqY\",\"https:\\\/\\\/www.linkedin.com\\\/company\\\/airparx\\\/\"]}]}<\/script>\n<!-- \/ Yoast SEO Premium plugin. -->","yoast_head_json":{"title":"Rugged Interactive - Airparx","description":"In Zusammenarbeit mit Airparx bietet Rugged Interactive eine breite Palette von Produkten an, die speziell f\u00fcr den Markt der Family Entertainment Center entwickelt wurden.","robots":{"index":"index","follow":"follow","max-snippet":"max-snippet:-1","max-image-preview":"max-image-preview:large","max-video-preview":"max-video-preview:-1"},"canonical":"https:\/\/airparx.com\/de\/rugged-interactive\/","og_locale":"de_DE","og_type":"article","og_title":"Rugged Interactive","og_description":"In Zusammenarbeit mit Airparx bietet Rugged Interactive eine breite Palette von Produkten an, die speziell f\u00fcr den Markt der Family Entertainment Center entwickelt wurden.","og_url":"https:\/\/airparx.com\/de\/rugged-interactive\/","og_site_name":"Airparx","article_publisher":"https:\/\/www.facebook.com\/Airparx\/","article_modified_time":"2024-10-09T10:43:41+00:00","og_image":[{"width":1024,"height":576,"url":"https:\/\/airparx.com\/wp-content\/uploads\/2024\/09\/Rugged-Interactive-1024x576.png","type":"image\/png"}],"twitter_card":"summary_large_image","twitter_misc":{"Gesch\u00e4tzte Lesezeit":"1\u00a0Minute"},"schema":{"@context":"https:\/\/schema.org","@graph":[{"@type":"WebPage","@id":"https:\/\/airparx.com\/de\/rugged-interactive\/","url":"https:\/\/airparx.com\/de\/rugged-interactive\/","name":"Rugged Interactive - Airparx","isPartOf":{"@id":"https:\/\/airparx.com\/de\/#website"},"primaryImageOfPage":{"@id":"https:\/\/airparx.com\/de\/rugged-interactive\/#primaryimage"},"image":{"@id":"https:\/\/airparx.com\/de\/rugged-interactive\/#primaryimage"},"thumbnailUrl":"https:\/\/airparx.com\/wp-content\/uploads\/2024\/09\/Rugged-Interactive.png","datePublished":"2024-09-19T10:13:14+00:00","dateModified":"2024-10-09T10:43:41+00:00","description":"In Zusammenarbeit mit Airparx bietet Rugged Interactive eine breite Palette von Produkten an, die speziell f\u00fcr den Markt der Family Entertainment Center entwickelt wurden.","breadcrumb":{"@id":"https:\/\/airparx.com\/de\/rugged-interactive\/#breadcrumb"},"inLanguage":"de","potentialAction":[{"@type":"ReadAction","target":["https:\/\/airparx.com\/de\/rugged-interactive\/"]}]},{"@type":"ImageObject","inLanguage":"de","@id":"https:\/\/airparx.com\/de\/rugged-interactive\/#primaryimage","url":"https:\/\/airparx.com\/wp-content\/uploads\/2024\/09\/Rugged-Interactive.png","contentUrl":"https:\/\/airparx.com\/wp-content\/uploads\/2024\/09\/Rugged-Interactive.png","width":1366,"height":768,"caption":"Rugged Interactive"},{"@type":"BreadcrumbList","@id":"https:\/\/airparx.com\/de\/rugged-interactive\/#breadcrumb","itemListElement":[{"@type":"ListItem","position":1,"name":"Home","item":"https:\/\/airparx.com\/de\/"},{"@type":"ListItem","position":2,"name":"Rugged Interactive"}]},{"@type":"WebSite","@id":"https:\/\/airparx.com\/de\/#website","url":"https:\/\/airparx.com\/de\/","name":"Airparx","description":"Inflatable &amp; Trampoline Park Supplier","publisher":{"@id":"https:\/\/airparx.com\/de\/#organization"},"potentialAction":[{"@type":"SearchAction","target":{"@type":"EntryPoint","urlTemplate":"https:\/\/airparx.com\/de\/?s={search_term_string}"},"query-input":{"@type":"PropertyValueSpecification","valueRequired":true,"valueName":"search_term_string"}}],"inLanguage":"de"},{"@type":"Organization","@id":"https:\/\/airparx.com\/de\/#organization","name":"Airparx","url":"https:\/\/airparx.com\/de\/","logo":{"@type":"ImageObject","inLanguage":"de","@id":"https:\/\/airparx.com\/de\/#\/schema\/logo\/image\/","url":"https:\/\/airparx.com\/wp-content\/uploads\/2022\/06\/Airparx_Logo.png","contentUrl":"https:\/\/airparx.com\/wp-content\/uploads\/2022\/06\/Airparx_Logo.png","width":1127,"height":461,"caption":"Airparx"},"image":{"@id":"https:\/\/airparx.com\/de\/#\/schema\/logo\/image\/"},"sameAs":["https:\/\/www.facebook.com\/Airparx\/","https:\/\/www.instagram.com\/airparx\/","https:\/\/www.youtube.com\/playlist?list=PL2LZnxdxb4eX2paMpuL0QxEvopAtGzyqY","https:\/\/www.linkedin.com\/company\/airparx\/"]}]}},"_links":{"self":[{"href":"https:\/\/airparx.com\/de\/wp-json\/wp\/v2\/pages\/10045","targetHints":{"allow":["GET"]}}],"collection":[{"href":"https:\/\/airparx.com\/de\/wp-json\/wp\/v2\/pages"}],"about":[{"href":"https:\/\/airparx.com\/de\/wp-json\/wp\/v2\/types\/page"}],"author":[{"embeddable":true,"href":"https:\/\/airparx.com\/de\/wp-json\/wp\/v2\/users\/2"}],"replies":[{"embeddable":true,"href":"https:\/\/airparx.com\/de\/wp-json\/wp\/v2\/comments?post=10045"}],"version-history":[{"count":2,"href":"https:\/\/airparx.com\/de\/wp-json\/wp\/v2\/pages\/10045\/revisions"}],"predecessor-version":[{"id":10063,"href":"https:\/\/airparx.com\/de\/wp-json\/wp\/v2\/pages\/10045\/revisions\/10063"}],"wp:featuredmedia":[{"embeddable":true,"href":"https:\/\/airparx.com\/de\/wp-json\/wp\/v2\/media\/9934"}],"wp:attachment":[{"href":"https:\/\/airparx.com\/de\/wp-json\/wp\/v2\/media?parent=10045"}],"curies":[{"name":"wp","href":"https:\/\/api.w.org\/{rel}","templated":true}]}}