{"id":5826,"date":"2022-06-07T16:12:50","date_gmt":"2022-06-07T15:12:50","guid":{"rendered":"https:\/\/airparx.com\/einrichtungen\/"},"modified":"2022-11-25T14:44:11","modified_gmt":"2022-11-25T14:44:11","slug":"einrichtungen","status":"publish","type":"page","link":"https:\/\/airparx.com\/de\/einrichtungen\/","title":{"rendered":"Einrichtungen"},"content":{"rendered":"<div class=\"wp-core-paragraph\">\n<p>Airparx hat Installationen auf der ganzen Welt, auf allen Kontinenten. Vom Norden Kanadas bis nach Ostasien haben wir unsere Airparx-Produkte mit unseren erfahrenen Installationsteams geliefert.<\/p>\n<\/div><div class=\"wp-core-paragraph\">\n<p>Auf dieser Seite finden Sie einige Beispiele f\u00fcr unsere verschiedenen Installationen auf der ganzen Welt, von den kleinsten mit etwa 350 Quadratmetern bis zu \u00fcber 10.000 Quadratmetern. Diese Installationen zeigen das vielf\u00e4ltige Produktportfolio, das Airparx anbieten kann. Unsere Installationen haben ihren Weg zu allen m\u00f6glichen Veranstaltungsorten gefunden, darunter Blockbuster-Kinos wie The Light und Einkaufszentren wie Area 52 im Kosovo und Blue Water in London. Dar\u00fcber hinaus haben wir alte Lagerh\u00e4user, stillgelegte M\u00fchlen, Industriegebiete und Freizeitzentren eingerichtet.<\/p>\n<\/div>","protected":false},"excerpt":{"rendered":"<p>Airparx hat Installationen auf der ganzen Welt, auf allen Kontinenten. Vom Norden Kanadas bis nach Ostasien haben wir unsere Airparx-Produkte mit unseren erfahrenen Installationsteams geliefert. Auf dieser Seite finden Sie einige Beispiele f\u00fcr unsere verschiedenen Installationen auf der ganzen Welt, von den kleinsten mit etwa 350 Quadratmetern bis zu \u00fcber 10.000 Quadratmetern. Diese Installationen zeigen [&hellip;]<\/p>\n","protected":false},"author":1,"featured_media":0,"parent":0,"menu_order":0,"comment_status":"closed","ping_status":"closed","template":"","meta":{"_acf_changed":false,"footnotes":""},"class_list":["post-5826","page","type-page","status-publish","hentry"],"acf":[],"yoast_head":"<!-- This site is optimized with the Yoast SEO Premium plugin v26.7 (Yoast SEO v27.3) - https:\/\/yoast.com\/product\/yoast-seo-premium-wordpress\/ -->\n<title>Einrichtungen - Airparx<\/title>\n<meta name=\"robots\" content=\"index, follow, max-snippet:-1, max-image-preview:large, max-video-preview:-1\" \/>\n<link rel=\"canonical\" href=\"https:\/\/airparx.com\/de\/einrichtungen\/\" \/>\n<meta property=\"og:locale\" content=\"de_DE\" \/>\n<meta property=\"og:type\" content=\"article\" \/>\n<meta property=\"og:title\" content=\"Einrichtungen\" \/>\n<meta property=\"og:description\" content=\"Airparx hat Installationen auf der ganzen Welt, auf allen Kontinenten. Vom Norden Kanadas bis nach Ostasien haben wir unsere Airparx-Produkte mit unseren erfahrenen Installationsteams geliefert. Auf dieser Seite finden Sie einige Beispiele f\u00fcr unsere verschiedenen Installationen auf der ganzen Welt, von den kleinsten mit etwa 350 Quadratmetern bis zu \u00fcber 10.000 Quadratmetern. Diese Installationen zeigen [&hellip;]\" \/>\n<meta property=\"og:url\" content=\"https:\/\/airparx.com\/de\/einrichtungen\/\" \/>\n<meta property=\"og:site_name\" content=\"Airparx\" \/>\n<meta property=\"article:publisher\" content=\"https:\/\/www.facebook.com\/Airparx\/\" \/>\n<meta property=\"article:modified_time\" content=\"2022-11-25T14:44:11+00:00\" \/>\n<meta property=\"og:image\" content=\"https:\/\/airparx.com\/wp-content\/uploads\/2022\/06\/Airparx_Logo.png\" \/>\n\t<meta property=\"og:image:width\" content=\"1127\" \/>\n\t<meta property=\"og:image:height\" content=\"461\" \/>\n\t<meta property=\"og:image:type\" content=\"image\/png\" \/>\n<meta name=\"twitter:card\" content=\"summary_large_image\" \/>\n<meta name=\"twitter:label1\" content=\"Gesch\u00e4tzte Lesezeit\" \/>\n\t<meta name=\"twitter:data1\" content=\"1\u00a0Minute\" \/>\n<script type=\"application\/ld+json\" class=\"yoast-schema-graph\">{\"@context\":\"https:\\\/\\\/schema.org\",\"@graph\":[{\"@type\":\"WebPage\",\"@id\":\"https:\\\/\\\/airparx.com\\\/de\\\/einrichtungen\\\/\",\"url\":\"https:\\\/\\\/airparx.com\\\/de\\\/einrichtungen\\\/\",\"name\":\"Einrichtungen - Airparx\",\"isPartOf\":{\"@id\":\"https:\\\/\\\/airparx.com\\\/de\\\/#website\"},\"datePublished\":\"2022-06-07T15:12:50+00:00\",\"dateModified\":\"2022-11-25T14:44:11+00:00\",\"breadcrumb\":{\"@id\":\"https:\\\/\\\/airparx.com\\\/de\\\/einrichtungen\\\/#breadcrumb\"},\"inLanguage\":\"de\",\"potentialAction\":[{\"@type\":\"ReadAction\",\"target\":[\"https:\\\/\\\/airparx.com\\\/de\\\/einrichtungen\\\/\"]}]},{\"@type\":\"BreadcrumbList\",\"@id\":\"https:\\\/\\\/airparx.com\\\/de\\\/einrichtungen\\\/#breadcrumb\",\"itemListElement\":[{\"@type\":\"ListItem\",\"position\":1,\"name\":\"Home\",\"item\":\"https:\\\/\\\/airparx.com\\\/de\\\/\"},{\"@type\":\"ListItem\",\"position\":2,\"name\":\"Einrichtungen\"}]},{\"@type\":\"WebSite\",\"@id\":\"https:\\\/\\\/airparx.com\\\/de\\\/#website\",\"url\":\"https:\\\/\\\/airparx.com\\\/de\\\/\",\"name\":\"Airparx\",\"description\":\"Inflatable &amp; Trampoline Park Supplier\",\"publisher\":{\"@id\":\"https:\\\/\\\/airparx.com\\\/de\\\/#organization\"},\"potentialAction\":[{\"@type\":\"SearchAction\",\"target\":{\"@type\":\"EntryPoint\",\"urlTemplate\":\"https:\\\/\\\/airparx.com\\\/de\\\/?s={search_term_string}\"},\"query-input\":{\"@type\":\"PropertyValueSpecification\",\"valueRequired\":true,\"valueName\":\"search_term_string\"}}],\"inLanguage\":\"de\"},{\"@type\":\"Organization\",\"@id\":\"https:\\\/\\\/airparx.com\\\/de\\\/#organization\",\"name\":\"Airparx\",\"url\":\"https:\\\/\\\/airparx.com\\\/de\\\/\",\"logo\":{\"@type\":\"ImageObject\",\"inLanguage\":\"de\",\"@id\":\"https:\\\/\\\/airparx.com\\\/de\\\/#\\\/schema\\\/logo\\\/image\\\/\",\"url\":\"https:\\\/\\\/airparx.com\\\/wp-content\\\/uploads\\\/2022\\\/06\\\/Airparx_Logo.png\",\"contentUrl\":\"https:\\\/\\\/airparx.com\\\/wp-content\\\/uploads\\\/2022\\\/06\\\/Airparx_Logo.png\",\"width\":1127,\"height\":461,\"caption\":\"Airparx\"},\"image\":{\"@id\":\"https:\\\/\\\/airparx.com\\\/de\\\/#\\\/schema\\\/logo\\\/image\\\/\"},\"sameAs\":[\"https:\\\/\\\/www.facebook.com\\\/Airparx\\\/\",\"https:\\\/\\\/www.instagram.com\\\/airparx\\\/\",\"https:\\\/\\\/www.youtube.com\\\/playlist?list=PL2LZnxdxb4eX2paMpuL0QxEvopAtGzyqY\",\"https:\\\/\\\/www.linkedin.com\\\/company\\\/airparx\\\/\"]}]}<\/script>\n<!-- \/ Yoast SEO Premium plugin. -->","yoast_head_json":{"title":"Einrichtungen - Airparx","robots":{"index":"index","follow":"follow","max-snippet":"max-snippet:-1","max-image-preview":"max-image-preview:large","max-video-preview":"max-video-preview:-1"},"canonical":"https:\/\/airparx.com\/de\/einrichtungen\/","og_locale":"de_DE","og_type":"article","og_title":"Einrichtungen","og_description":"Airparx hat Installationen auf der ganzen Welt, auf allen Kontinenten. Vom Norden Kanadas bis nach Ostasien haben wir unsere Airparx-Produkte mit unseren erfahrenen Installationsteams geliefert. Auf dieser Seite finden Sie einige Beispiele f\u00fcr unsere verschiedenen Installationen auf der ganzen Welt, von den kleinsten mit etwa 350 Quadratmetern bis zu \u00fcber 10.000 Quadratmetern. Diese Installationen zeigen [&hellip;]","og_url":"https:\/\/airparx.com\/de\/einrichtungen\/","og_site_name":"Airparx","article_publisher":"https:\/\/www.facebook.com\/Airparx\/","article_modified_time":"2022-11-25T14:44:11+00:00","og_image":[{"width":1127,"height":461,"url":"https:\/\/airparx.com\/wp-content\/uploads\/2022\/06\/Airparx_Logo.png","type":"image\/png"}],"twitter_card":"summary_large_image","twitter_misc":{"Gesch\u00e4tzte Lesezeit":"1\u00a0Minute"},"schema":{"@context":"https:\/\/schema.org","@graph":[{"@type":"WebPage","@id":"https:\/\/airparx.com\/de\/einrichtungen\/","url":"https:\/\/airparx.com\/de\/einrichtungen\/","name":"Einrichtungen - Airparx","isPartOf":{"@id":"https:\/\/airparx.com\/de\/#website"},"datePublished":"2022-06-07T15:12:50+00:00","dateModified":"2022-11-25T14:44:11+00:00","breadcrumb":{"@id":"https:\/\/airparx.com\/de\/einrichtungen\/#breadcrumb"},"inLanguage":"de","potentialAction":[{"@type":"ReadAction","target":["https:\/\/airparx.com\/de\/einrichtungen\/"]}]},{"@type":"BreadcrumbList","@id":"https:\/\/airparx.com\/de\/einrichtungen\/#breadcrumb","itemListElement":[{"@type":"ListItem","position":1,"name":"Home","item":"https:\/\/airparx.com\/de\/"},{"@type":"ListItem","position":2,"name":"Einrichtungen"}]},{"@type":"WebSite","@id":"https:\/\/airparx.com\/de\/#website","url":"https:\/\/airparx.com\/de\/","name":"Airparx","description":"Inflatable &amp; Trampoline Park Supplier","publisher":{"@id":"https:\/\/airparx.com\/de\/#organization"},"potentialAction":[{"@type":"SearchAction","target":{"@type":"EntryPoint","urlTemplate":"https:\/\/airparx.com\/de\/?s={search_term_string}"},"query-input":{"@type":"PropertyValueSpecification","valueRequired":true,"valueName":"search_term_string"}}],"inLanguage":"de"},{"@type":"Organization","@id":"https:\/\/airparx.com\/de\/#organization","name":"Airparx","url":"https:\/\/airparx.com\/de\/","logo":{"@type":"ImageObject","inLanguage":"de","@id":"https:\/\/airparx.com\/de\/#\/schema\/logo\/image\/","url":"https:\/\/airparx.com\/wp-content\/uploads\/2022\/06\/Airparx_Logo.png","contentUrl":"https:\/\/airparx.com\/wp-content\/uploads\/2022\/06\/Airparx_Logo.png","width":1127,"height":461,"caption":"Airparx"},"image":{"@id":"https:\/\/airparx.com\/de\/#\/schema\/logo\/image\/"},"sameAs":["https:\/\/www.facebook.com\/Airparx\/","https:\/\/www.instagram.com\/airparx\/","https:\/\/www.youtube.com\/playlist?list=PL2LZnxdxb4eX2paMpuL0QxEvopAtGzyqY","https:\/\/www.linkedin.com\/company\/airparx\/"]}]}},"_links":{"self":[{"href":"https:\/\/airparx.com\/de\/wp-json\/wp\/v2\/pages\/5826","targetHints":{"allow":["GET"]}}],"collection":[{"href":"https:\/\/airparx.com\/de\/wp-json\/wp\/v2\/pages"}],"about":[{"href":"https:\/\/airparx.com\/de\/wp-json\/wp\/v2\/types\/page"}],"author":[{"embeddable":true,"href":"https:\/\/airparx.com\/de\/wp-json\/wp\/v2\/users\/1"}],"replies":[{"embeddable":true,"href":"https:\/\/airparx.com\/de\/wp-json\/wp\/v2\/comments?post=5826"}],"version-history":[{"count":1,"href":"https:\/\/airparx.com\/de\/wp-json\/wp\/v2\/pages\/5826\/revisions"}],"predecessor-version":[{"id":5828,"href":"https:\/\/airparx.com\/de\/wp-json\/wp\/v2\/pages\/5826\/revisions\/5828"}],"wp:attachment":[{"href":"https:\/\/airparx.com\/de\/wp-json\/wp\/v2\/media?parent=5826"}],"curies":[{"name":"wp","href":"https:\/\/api.w.org\/{rel}","templated":true}]}}