{"id":9679,"date":"2024-08-09T10:29:20","date_gmt":"2024-08-09T09:29:20","guid":{"rendered":"https:\/\/airparx.com\/ausgewahlte-installationen\/airparx-installation-hupalupa\/"},"modified":"2024-09-13T09:07:54","modified_gmt":"2024-09-13T08:07:54","slug":"airparx-installation-hupalupa","status":"publish","type":"page","link":"https:\/\/airparx.com\/de\/ausgewahlte-installationen\/airparx-installation-hupalupa\/","title":{"rendered":"Airparx Installation &#8211; HUPALUPA"},"content":{"rendered":"<div class=\"wp-core-heading\">\n<h2 class=\"wp-block-heading\">Ein mobiler modularer Outdoor-Park in der T\u00fcrkei<\/h2>\n<\/div>\n\n<div class=\"wp-core-paragraph\">\n<p><em>&#8222;Dank unserer gemeinsamen Anstrengungen haben wir zwei riesige aufblasbare Hindernisparcours ins Leben gerufen. Wir glauben, dass diese aufblasbaren Parks hervorragende Beispiele f\u00fcr die ganze Welt sind. Ein gro\u00dfes Dankesch\u00f6n an das gesamte Team, vom Vertrieb bis zur Installation, f\u00fcr seine herausragenden Beitr\u00e4ge zum HUPALUPA Go Projekt. Airparx hat sich als ein bemerkenswerter Partner erwiesen.&#8220;<\/em> &#8211; Merve Sengul, HUPALUPA.<\/p>\n<\/div>\n\n\n<blockquote class=\"wp-block-quote is-style-default has-medium-font-size is-layout-flow wp-block-quote-is-layout-flow\"><div class=\"wp-core-paragraph\">\n<p><\/p>\n<\/div><\/blockquote>\n\n\n<\/div><\/div><\/section><\/div><div id=''><\/div>\t<section class=\"bg-dark py-2 py-m-3 py-l-4\">\n\t\t<div class=\"wrap\">\n\t\t\t<article>\n\t\t\t\t<div class=\"row valign\">\n\t\t\t\t\t<div class=\"col-12 col-m-6\">\n\t\t\t\t\t\t<div class=\"animation fadein fromleft\" data-onscreen=\"false\">\n\t\t\t\t\t\t\t\t\t\t\t\t\t\t\t<h2>Der Brief<\/h2>\n<p>  Seit 2021 arbeitet Airparx mit der HUPALUPA zusammen, um eine modulare Outdoor-Mini-Airpark-L\u00f6sung f\u00fcr ihr HUPALUPA GO Festival zu entwickeln &#8211; eine mobile Version ihres aktuellen Angebots.<br \/>\nDie HUPALUPA in der T\u00fcrkei bietet Besuchern aller Altersgruppen ein einzigartiges und aufregendes Erlebnis, das Spa\u00df, Spannung und Abenteuer miteinander verbindet, indem es ein Reiseziel mit einer Reihe von fesselnden Attraktionen bietet.<br \/>\nNeben der Herstellung und Installation dieses modularen Parks wurde Airparx mit der Gestaltung eines farbenfrohen und lebendigen Artworks beauftragt, das die Marke HUPALUPA repr\u00e4sentiert.  <\/p>\n\t\t\t\t\t\t\t\t\t\t\t\t\t<\/div>\n\t\t\t\t\t<\/div>\n\t\t\t\t\t<div class=\"col-12 col-m-6 mt-2 mt-m-0\">\n\t\t\t\t\t\t<div class=\"animation fadein fromright\" data-onscreen=\"false\">\n\t\t\t\t\t\t\t\t\t\t\t\t\t\t\t<figure class=\"block\">\n\t\t\t\t\t\t\t\t\t<img data-src=\"https:\/\/airparx.com\/wp-content\/uploads\/2024\/08\/Untitled-design.png\" \/>\n\t\t\t\t\t\t\t\t<\/figure>\n\t\t\t\t\t\t\t\t\t\t\t\t\t<\/div>\n\t\t\t\t\t<\/div>\n\t\t\t\t<\/div>\n\t\t\t<\/article>\n\t\t<\/div>\n\t<\/section>\n\n\t<section class=\"my-2 my-m-3 my-l-4\"><div class=\"wrap\"><div class=\"row\"><div class=\"col-12\">\n\n<\/div><\/div><\/section><\/div><div id=''><\/div>\t<section class=\"my-2 my-m-3 my-l-4\">\n\t\t<div class=\"wrap\">\n\t\t\t<article>\n\t\t\t\t<div class=\"row valign\">\n\t\t\t\t\t<div class=\"col-12 col-m-6\">\n\t\t\t\t\t\t<div class=\"animation fadein fromleft\" data-onscreen=\"false\">\n\t\t\t\t\t\t\t\t\t\t\t\t\t\t\t<figure class=\"block show-m\">\n\t\t\t\t\t\t\t\t\t<img data-src=\"https:\/\/airparx.com\/wp-content\/uploads\/2024\/08\/1.jpg\" \/>\n\t\t\t\t\t\t\t\t<\/figure>\n\t\t\t\t\t\t\t\t\t\t\t\t\t<\/div>\n\t\t\t\t\t<\/div>\n\t\t\t\t\t<div class=\"col-12 col-m-6 mt-2 mt-m-0\">\n\t\t\t\t\t\t<div class=\"animation fadein fromright\" data-onscreen=\"false\">\n\t\t\t\t\t\t\t\t\t\t\t\t\t\t\t<h2>Die Herausforderung<\/h2>\n<p>  Die Herausforderung bei diesem modularen Park bestand darin, dass er mobil sein musste, d.h. er musste leicht verpackt und in der T\u00fcrkei transportiert werden k\u00f6nnen.<br \/>\nDas Hauptaugenmerk von Airparx lag darauf, die Grenzen des M\u00f6glichen zu erweitern und die Abmessungen, Packma\u00dfe, Dimensionen und das Gewicht f\u00fcr den mobilen Einsatz zu perfektionieren.<br \/>\nEs war wichtig, sicherzustellen, dass das Projekt logistisch einwandfrei funktioniert.<br \/>\nNach und nach mussten die Attraktionen festgelegt werden, wie viele Module es geben wird, wie gro\u00df die Einheiten sein werden und wie sie alle miteinander verbunden werden.   <\/p>\n\t\t\t\t\t\t\t\t\t\t\t\t\t\t\t\t<figure class=\"block hide-m\">\n\t\t\t\t\t\t\t\t\t<img data-src=\"https:\/\/airparx.com\/wp-content\/uploads\/2024\/08\/1.jpg\" \/>\n\t\t\t\t\t\t\t\t<\/figure>\n\t\t\t\t\t\t\t\t\t\t\t\t\t<\/div>\n\t\t\t\t\t<\/div>\n\t\t\t\t<\/div>\n\t\t\t<\/article>\n\t\t<\/div>\n\t<\/section>\n\n\t<section class=\"my-2 my-m-3 my-l-4\"><div class=\"wrap\"><div class=\"row\"><div class=\"col-12\">\n\n<\/div><\/div><\/section><\/div><div id=''><\/div>\t<section class=\"bg-dark py-2 py-m-3 py-l-4\">\n\t\t<div class=\"wrap\">\n\t\t\t<article>\n\t\t\t\t<div class=\"row\">\n\t\t\t\t\t<div class=\"col-12 col-m-6\">\n\t\t\t\t\t\t<div class=\"animation fadein fromleft\" data-onscreen=\"false\">\n\t\t\t\t\t\t\t\t\t\t\t\t\t\t\t<h2>Der Prozess<\/h2>\n<p>  In Zusammenarbeit mit der HUPALUPA sollten die Airparx-Designer sicherstellen, dass alle Herausforderungen er\u00f6rtert werden, um die betrieblichen Anforderungen zu erf\u00fcllen.<br \/>\nDer Schl\u00fcssel lag darin, eine Reihe von verschiedenen Attraktionen anzubieten, die die Altersgruppe des Festivals ansprechen.<br \/>\nDie Verweildauer und das Erlebnis auf den Ger\u00e4ten wurden sorgf\u00e4ltig konzipiert, um sicherzustellen, dass die Benutzer lange genug bleiben, um sich zu vergn\u00fcgen, und gerade kurz genug, um die Motivation zur R\u00fcckkehr zu erhalten.<br \/>\nDa es sich um eines der neuesten Produkte der Airparx-Reihe handelt, wurde dieses Projekt an das erfahrenste Stitching-Team der Produktionsst\u00e4tte vergeben.<br \/>\nDieses erfahrene Team von N\u00e4herinnen und N\u00e4hern hat bereits \u00fcber 180 Parks weltweit hergestellt und ist immer bereit, neue Herausforderungen anzunehmen.    <\/p>\n\t\t\t\t\t\t\t\t\t\t\t\t\t<\/div>\n\t\t\t\t\t<\/div>\n\t\t\t\t\t<div class=\"col-12 col-m-6 mt-2 mt-m-0\">\n\t\t\t\t\t\t<div class=\"animation fadein fromright\" data-onscreen=\"false\">\n\t\t\t\t\t\t\t\t\t\t\t\t\t\t\t<figure class=\"block\">\n\t\t\t\t\t\t\t\t\t<img data-src=\"https:\/\/airparx.com\/wp-content\/uploads\/2024\/08\/2.jpg\" \/>\n\t\t\t\t\t\t\t\t<\/figure>\n\t\t\t\t\t\t\t\t\t\t\t\t\t<\/div>\n\t\t\t\t\t<\/div>\n\t\t\t\t<\/div>\n\t\t\t<\/article>\n\t\t<\/div>\n\t<\/section>\n\n\t<section class=\"my-2 my-m-3 my-l-4\"><div class=\"wrap\"><div class=\"row\"><div class=\"col-12\">\n\n<\/div><\/div><\/section><\/div><div id=''><\/div>\t<section class=\"my-2 my-m-3 my-l-4\">\n\t\t<div class=\"wrap\">\n\t\t\t<article>\n\t\t\t\t<div class=\"row\">\n\t\t\t\t\t<div class=\"col-12 col-m-6\">\n\t\t\t\t\t\t<div class=\"animation fadein fromleft\" data-onscreen=\"false\">\n\t\t\t\t\t\t\t\t\t\t\t\t\t\t\t<figure class=\"block show-m\">\n\t\t\t\t\t\t\t\t\t<img data-src=\"https:\/\/airparx.com\/wp-content\/uploads\/2024\/08\/4.jpg\" \/>\n\t\t\t\t\t\t\t\t<\/figure>\n\t\t\t\t\t\t\t\t\t\t\t\t\t<\/div>\n\t\t\t\t\t<\/div>\n\t\t\t\t\t<div class=\"col-12 col-m-6 mt-2 mt-m-0\">\n\t\t\t\t\t\t<div class=\"animation fadein fromright\" data-onscreen=\"false\">\n\t\t\t\t\t\t\t\t\t\t\t\t\t\t\t<h2>Das Ergebnis<\/h2>\n<p>  Da dieses Konzept des mobilen Designs und der Installation revolution\u00e4r war, schickte Airparx ein ma\u00dfgeschneidertes Installationsteam in die T\u00fcrkei, um die erste Installation und das Zusammenpacken zu trainieren und zu testen.<br \/>\nDies f\u00fchrte dazu, dass die Installation, der Zusammenbau und das Einpacken in Rekordzeit vonstatten gingen.<br \/>\nDas mobile Konzept f\u00fcr Festivals wurde zwischen 2021 und 2022 so beliebt, dass es 5 einzelne Festivals umfasste.<br \/>\nMit der steigenden Nachfrage stiegen auch die Erwartungen.<br \/>\nAirparx schuf 2024 eine 2. Einheit, um der Nachfrage nach einem fantastischen Angebot gerecht zu werden.<br \/>\nEntdecken Sie unsere neuesten Installationen <strong><a href=\"https:\/\/airparx.com\/de\/einrichtungen\/\">HIER<\/a><\/strong>     <\/p>\n\t\t\t\t\t\t\t\t\t\t\t\t\t\t\t\t<figure class=\"block hide-m\">\n\t\t\t\t\t\t\t\t\t<img data-src=\"https:\/\/airparx.com\/wp-content\/uploads\/2024\/08\/4.jpg\" \/>\n\t\t\t\t\t\t\t\t<\/figure>\n\t\t\t\t\t\t\t\t\t\t\t\t\t<\/div>\n\t\t\t\t\t<\/div>\n\t\t\t\t<\/div>\n\t\t\t<\/article>\n\t\t<\/div>\n\t<\/section>\n\n\t<section class=\"my-2 my-m-3 my-l-4\"><div class=\"wrap\"><div class=\"row\"><div class=\"col-12\">\n\n\n<div class=\"wp-block-group\"><div class=\"wp-block-group__inner-container is-layout-flow wp-block-group-is-layout-flow\">\n<section class=\"my-2 my-m-3 mt-l-4\">\n<div class=\"wrap\">\n<div class=\"row\">\n<article>\n<div class=\"col-12 col-m-7\">\n<h4>Kontaktieren Sie uns noch heute!<\/h4>\n<p>Sind Sie bereit, den n\u00e4chsten Schritt zu wagen und den Nervenkitzel an Ihren Standort zu bringen?\nNehmen Sie Kontakt mit uns auf, um weitere Informationen zu erhalten, Preise zu erfahren oder Ihre speziellen Anforderungen zu besprechen.\nUnser engagiertes Team bei Airparx hilft Ihnen gerne dabei, Ihre Vision in die Realit\u00e4t umzusetzen.  <\/p>\n\n<div class=\"wpcf7 no-js\" id=\"wpcf7-f6132-o1\" lang=\"de-DE\" dir=\"ltr\" data-wpcf7-id=\"6132\">\n<div class=\"screen-reader-response\"><p role=\"status\" aria-live=\"polite\" aria-atomic=\"true\"><\/p> <ul><\/ul><\/div>\n<form action=\"\/de\/wp-json\/wp\/v2\/pages\/9679#wpcf7-f6132-o1\" method=\"post\" class=\"wpcf7-form init\" aria-label=\"Kontaktformular\" novalidate=\"novalidate\" data-status=\"init\">\n<fieldset class=\"hidden-fields-container\"><input type=\"hidden\" name=\"_wpcf7\" value=\"6132\" \/><input type=\"hidden\" name=\"_wpcf7_version\" value=\"6.1.5\" \/><input type=\"hidden\" name=\"_wpcf7_locale\" value=\"de_DE\" \/><input type=\"hidden\" name=\"_wpcf7_unit_tag\" value=\"wpcf7-f6132-o1\" \/><input type=\"hidden\" name=\"_wpcf7_container_post\" value=\"0\" \/><input type=\"hidden\" name=\"_wpcf7_posted_data_hash\" value=\"\" \/><input type=\"hidden\" name=\"_wpcf7_recaptcha_response\" value=\"\" \/>\n<\/fieldset>\n<div class=\"row\">\n\t<div class=\"col-12 col-s-6\">\n\t\t<p><label for=\"Name\">Vorname*<\/label><br \/>\n<span class=\"wpcf7-form-control-wrap\" data-name=\"FirstName\"><input size=\"40\" maxlength=\"400\" class=\"wpcf7-form-control wpcf7-text wpcf7-validates-as-required\" aria-required=\"true\" aria-invalid=\"false\" value=\"\" type=\"text\" name=\"FirstName\" \/><\/span>\n\t\t<\/p>\n\t<\/div>\n\t<div class=\"col-12 col-s-6\">\n\t\t<p><label for=\"Name\">Nachname*<\/label><br \/>\n<span class=\"wpcf7-form-control-wrap\" data-name=\"LastName\"><input size=\"40\" maxlength=\"400\" class=\"wpcf7-form-control wpcf7-text wpcf7-validates-as-required\" aria-required=\"true\" aria-invalid=\"false\" value=\"\" type=\"text\" name=\"LastName\" \/><\/span>\n\t\t<\/p>\n\t<\/div>\n\t<div class=\"col-12 col-s-6 mt-05 mt-s-0\">\n\t\t<p><label for=\"Email\">E-Mail Adresse*<\/label><br \/>\n<span class=\"wpcf7-form-control-wrap\" data-name=\"Email\"><input size=\"40\" maxlength=\"400\" class=\"wpcf7-form-control wpcf7-email wpcf7-validates-as-required wpcf7-text wpcf7-validates-as-email\" aria-required=\"true\" aria-invalid=\"false\" value=\"\" type=\"email\" name=\"Email\" \/><\/span>\n\t\t<\/p>\n\t<\/div>\n<\/div>\n<div class=\"row\">\n\t<div class=\"col-12 col-s-6 mt-05 mt-s-0\">\n\t\t<p><label for=\"Company\">Firmenname (optional)<\/label><br \/>\n<span class=\"wpcf7-form-control-wrap\" data-name=\"Company\"><input size=\"40\" maxlength=\"400\" class=\"wpcf7-form-control wpcf7-text\" aria-invalid=\"false\" value=\"\" type=\"text\" name=\"Company\" \/><\/span>\n\t\t<\/p>\n\t<\/div>\n\t<div class=\"col-12 col-s-6\">\n\t\t<p><label for=\"Phone\">Telefonnummer (optional)<\/label><br \/>\n<span class=\"wpcf7-form-control-wrap\" data-name=\"Phone\"><input size=\"40\" maxlength=\"400\" class=\"wpcf7-form-control wpcf7-tel wpcf7-text wpcf7-validates-as-tel\" aria-invalid=\"false\" value=\"\" type=\"tel\" name=\"Phone\" \/><\/span>\n\t\t<\/p>\n\t<\/div>\n<\/div>\n<div class=\"row\">\n\t<div class=\"col-12 col-s-6\">\n\t\t<p><label for=\"Country\">Land (optional)<\/label><br \/>\n<span class=\"wpcf7-form-control-wrap\" data-name=\"Country\"><input size=\"40\" maxlength=\"400\" class=\"wpcf7-form-control wpcf7-text\" aria-invalid=\"false\" value=\"\" type=\"text\" name=\"Country\" \/><\/span>\n\t\t<\/p>\n\t<\/div>\n<\/div>\n<p><label for=\"Message\">Nachricht*<\/label><br \/>\n<span class=\"wpcf7-form-control-wrap\" data-name=\"Message\"><textarea cols=\"40\" rows=\"6\" maxlength=\"2000\" class=\"wpcf7-form-control wpcf7-textarea wpcf7-validates-as-required\" aria-required=\"true\" aria-invalid=\"false\" name=\"Message\"><\/textarea><\/span>\n<\/p>\n<p>Melden Sie sich f\u00fcr Marketing an, um \u00fcber unsere neuesten Produkte, Nachrichten und Sonderangebote informiert zu werden.<br \/>\n<span class=\"wpcf7-form-control-wrap\" data-name=\"newsletter\"><span class=\"wpcf7-form-control wpcf7-radio\"><span class=\"wpcf7-list-item first\"><label><input type=\"radio\" name=\"newsletter\" value=\"Ja\" \/><span class=\"wpcf7-list-item-label\">Ja<\/span><\/label><\/span><span class=\"wpcf7-list-item last\"><label><input type=\"radio\" name=\"newsletter\" value=\"Nein\" checked=\"checked\" \/><span class=\"wpcf7-list-item-label\">Nein<\/span><\/label><\/span><\/span><\/span>\n<\/p>\n<div id=\"refer-div\">\n<\/div>\n<p><input class=\"wpcf7-form-control wpcf7-submit has-spinner button\" type=\"submit\" value=\"Senden\" \/>\n<\/p><div class=\"wpcf7-response-output\" aria-hidden=\"true\"><\/div>\n<\/form>\n<\/div>\n\n<\/div>\n<p><!--.col--><\/p>\n<div class=\"col-5 col-xl-4 pull-xl-1 show-m mt-4\">\n<div class=\"usp-list\">\n<ul>\n<li>Branchenf\u00fchrer<\/li>\n<li>Schl\u00fcsselfertige L\u00f6sung<\/li>\n<li>Installationen rund um den Globus<\/li>\n<li>Eigene Herstellung<\/li>\n<li>F\u00fchrender Kundenservice  <\/li>\n<\/ul>\n<\/div>\n<p><!--.usp-list--><\/p>\n<h5 class=\"mt-2\">Rufen Sie uns alternativ an unter<\/h5>\n<p class=\"mt-05 text-cyan\"><strong> <i class=\"fa fa-phone mr-05\" aria-hidden=\"true\"><\/i>  +44(0) 1179 414918  <\/strong><\/p>\n<\/div>\n<p><!--.col--><\/p>\n<\/article>\n<\/div>\n<p><!--.row--><\/p>\n<\/div>\n<p><!--.wrap--><\/p>\n<\/section>\n<\/div><\/div>\n","protected":false},"excerpt":{"rendered":"<p>Ein mobiler modularer Outdoor-Park in der T\u00fcrkei &#8222;Dank unserer gemeinsamen Anstrengungen haben wir zwei riesige aufblasbare Hindernisparcours ins Leben gerufen. Wir glauben, dass diese aufblasbaren Parks hervorragende Beispiele f\u00fcr die ganze Welt sind. Ein gro\u00dfes Dankesch\u00f6n an das gesamte Team, vom Vertrieb bis zur Installation, f\u00fcr seine herausragenden Beitr\u00e4ge zum HUPALUPA Go Projekt. Airparx hat [&hellip;]<\/p>\n","protected":false},"author":1,"featured_media":9053,"parent":5710,"menu_order":0,"comment_status":"closed","ping_status":"closed","template":"","meta":{"_acf_changed":false,"footnotes":""},"class_list":["post-9679","page","type-page","status-publish","has-post-thumbnail","hentry"],"acf":[],"yoast_head":"<!-- This site is optimized with the Yoast SEO Premium plugin v26.7 (Yoast SEO v27.3) - https:\/\/yoast.com\/product\/yoast-seo-premium-wordpress\/ -->\n<title>Airparx Installation - HUPALUPA - Airparx<\/title>\n<meta name=\"description\" content=\"HUPALUPA ist eine Airparx-Installation. Dies ist ein revolution\u00e4res Konzept f\u00fcr mobiles Design, das eine modulare aufblasbare Parkl\u00f6sung f\u00fcr den Au\u00dfenbereich bietet.\" \/>\n<meta name=\"robots\" content=\"index, follow, max-snippet:-1, max-image-preview:large, max-video-preview:-1\" \/>\n<link rel=\"canonical\" href=\"https:\/\/airparx.com\/de\/ausgewahlte-installationen\/airparx-installation-hupalupa\/\" \/>\n<meta property=\"og:locale\" content=\"de_DE\" \/>\n<meta property=\"og:type\" content=\"article\" \/>\n<meta property=\"og:title\" content=\"Airparx Installation - HUPALUPA\" \/>\n<meta property=\"og:description\" content=\"HUPALUPA ist eine Airparx-Installation. Dies ist ein revolution\u00e4res Konzept f\u00fcr mobiles Design, das eine modulare aufblasbare Parkl\u00f6sung f\u00fcr den Au\u00dfenbereich bietet.\" \/>\n<meta property=\"og:url\" content=\"https:\/\/airparx.com\/de\/ausgewahlte-installationen\/airparx-installation-hupalupa\/\" \/>\n<meta property=\"og:site_name\" content=\"Airparx\" \/>\n<meta property=\"article:publisher\" content=\"https:\/\/www.facebook.com\/Airparx\/\" \/>\n<meta property=\"article:modified_time\" content=\"2024-09-13T08:07:54+00:00\" \/>\n<meta property=\"og:image\" content=\"https:\/\/airparx.com\/wp-content\/uploads\/2024\/08\/event_hupalupa_banner.webp\" \/>\n\t<meta property=\"og:image:width\" content=\"1920\" \/>\n\t<meta property=\"og:image:height\" content=\"600\" \/>\n\t<meta property=\"og:image:type\" content=\"image\/webp\" \/>\n<meta name=\"twitter:card\" content=\"summary_large_image\" \/>\n<meta name=\"twitter:label1\" content=\"Gesch\u00e4tzte Lesezeit\" \/>\n\t<meta name=\"twitter:data1\" content=\"1\u00a0Minute\" \/>\n<script type=\"application\/ld+json\" class=\"yoast-schema-graph\">{\"@context\":\"https:\\\/\\\/schema.org\",\"@graph\":[{\"@type\":\"WebPage\",\"@id\":\"https:\\\/\\\/airparx.com\\\/de\\\/ausgewahlte-installationen\\\/airparx-installation-hupalupa\\\/\",\"url\":\"https:\\\/\\\/airparx.com\\\/de\\\/ausgewahlte-installationen\\\/airparx-installation-hupalupa\\\/\",\"name\":\"Airparx Installation - HUPALUPA - Airparx\",\"isPartOf\":{\"@id\":\"https:\\\/\\\/airparx.com\\\/de\\\/#website\"},\"primaryImageOfPage\":{\"@id\":\"https:\\\/\\\/airparx.com\\\/de\\\/ausgewahlte-installationen\\\/airparx-installation-hupalupa\\\/#primaryimage\"},\"image\":{\"@id\":\"https:\\\/\\\/airparx.com\\\/de\\\/ausgewahlte-installationen\\\/airparx-installation-hupalupa\\\/#primaryimage\"},\"thumbnailUrl\":\"https:\\\/\\\/airparx.com\\\/wp-content\\\/uploads\\\/2024\\\/08\\\/event_hupalupa_banner.webp\",\"datePublished\":\"2024-08-09T09:29:20+00:00\",\"dateModified\":\"2024-09-13T08:07:54+00:00\",\"description\":\"HUPALUPA ist eine Airparx-Installation. Dies ist ein revolution\u00e4res Konzept f\u00fcr mobiles Design, das eine modulare aufblasbare Parkl\u00f6sung f\u00fcr den Au\u00dfenbereich bietet.\",\"breadcrumb\":{\"@id\":\"https:\\\/\\\/airparx.com\\\/de\\\/ausgewahlte-installationen\\\/airparx-installation-hupalupa\\\/#breadcrumb\"},\"inLanguage\":\"de\",\"potentialAction\":[{\"@type\":\"ReadAction\",\"target\":[\"https:\\\/\\\/airparx.com\\\/de\\\/ausgewahlte-installationen\\\/airparx-installation-hupalupa\\\/\"]}]},{\"@type\":\"ImageObject\",\"inLanguage\":\"de\",\"@id\":\"https:\\\/\\\/airparx.com\\\/de\\\/ausgewahlte-installationen\\\/airparx-installation-hupalupa\\\/#primaryimage\",\"url\":\"https:\\\/\\\/airparx.com\\\/wp-content\\\/uploads\\\/2024\\\/08\\\/event_hupalupa_banner.webp\",\"contentUrl\":\"https:\\\/\\\/airparx.com\\\/wp-content\\\/uploads\\\/2024\\\/08\\\/event_hupalupa_banner.webp\",\"width\":1920,\"height\":600,\"caption\":\"HUPALUPA - Turkey\"},{\"@type\":\"BreadcrumbList\",\"@id\":\"https:\\\/\\\/airparx.com\\\/de\\\/ausgewahlte-installationen\\\/airparx-installation-hupalupa\\\/#breadcrumb\",\"itemListElement\":[{\"@type\":\"ListItem\",\"position\":1,\"name\":\"Home\",\"item\":\"https:\\\/\\\/airparx.com\\\/de\\\/\"},{\"@type\":\"ListItem\",\"position\":2,\"name\":\"Ausgew\u00e4hlte Installationen\",\"item\":\"https:\\\/\\\/airparx.com\\\/de\\\/ausgewahlte-installationen\\\/\"},{\"@type\":\"ListItem\",\"position\":3,\"name\":\"Airparx Installation &#8211; HUPALUPA\"}]},{\"@type\":\"WebSite\",\"@id\":\"https:\\\/\\\/airparx.com\\\/de\\\/#website\",\"url\":\"https:\\\/\\\/airparx.com\\\/de\\\/\",\"name\":\"Airparx\",\"description\":\"Inflatable &amp; Trampoline Park Supplier\",\"publisher\":{\"@id\":\"https:\\\/\\\/airparx.com\\\/de\\\/#organization\"},\"potentialAction\":[{\"@type\":\"SearchAction\",\"target\":{\"@type\":\"EntryPoint\",\"urlTemplate\":\"https:\\\/\\\/airparx.com\\\/de\\\/?s={search_term_string}\"},\"query-input\":{\"@type\":\"PropertyValueSpecification\",\"valueRequired\":true,\"valueName\":\"search_term_string\"}}],\"inLanguage\":\"de\"},{\"@type\":\"Organization\",\"@id\":\"https:\\\/\\\/airparx.com\\\/de\\\/#organization\",\"name\":\"Airparx\",\"url\":\"https:\\\/\\\/airparx.com\\\/de\\\/\",\"logo\":{\"@type\":\"ImageObject\",\"inLanguage\":\"de\",\"@id\":\"https:\\\/\\\/airparx.com\\\/de\\\/#\\\/schema\\\/logo\\\/image\\\/\",\"url\":\"https:\\\/\\\/airparx.com\\\/wp-content\\\/uploads\\\/2022\\\/06\\\/Airparx_Logo.png\",\"contentUrl\":\"https:\\\/\\\/airparx.com\\\/wp-content\\\/uploads\\\/2022\\\/06\\\/Airparx_Logo.png\",\"width\":1127,\"height\":461,\"caption\":\"Airparx\"},\"image\":{\"@id\":\"https:\\\/\\\/airparx.com\\\/de\\\/#\\\/schema\\\/logo\\\/image\\\/\"},\"sameAs\":[\"https:\\\/\\\/www.facebook.com\\\/Airparx\\\/\",\"https:\\\/\\\/www.instagram.com\\\/airparx\\\/\",\"https:\\\/\\\/www.youtube.com\\\/playlist?list=PL2LZnxdxb4eX2paMpuL0QxEvopAtGzyqY\",\"https:\\\/\\\/www.linkedin.com\\\/company\\\/airparx\\\/\"]}]}<\/script>\n<!-- \/ Yoast SEO Premium plugin. -->","yoast_head_json":{"title":"Airparx Installation - HUPALUPA - Airparx","description":"HUPALUPA ist eine Airparx-Installation. Dies ist ein revolution\u00e4res Konzept f\u00fcr mobiles Design, das eine modulare aufblasbare Parkl\u00f6sung f\u00fcr den Au\u00dfenbereich bietet.","robots":{"index":"index","follow":"follow","max-snippet":"max-snippet:-1","max-image-preview":"max-image-preview:large","max-video-preview":"max-video-preview:-1"},"canonical":"https:\/\/airparx.com\/de\/ausgewahlte-installationen\/airparx-installation-hupalupa\/","og_locale":"de_DE","og_type":"article","og_title":"Airparx Installation - HUPALUPA","og_description":"HUPALUPA ist eine Airparx-Installation. Dies ist ein revolution\u00e4res Konzept f\u00fcr mobiles Design, das eine modulare aufblasbare Parkl\u00f6sung f\u00fcr den Au\u00dfenbereich bietet.","og_url":"https:\/\/airparx.com\/de\/ausgewahlte-installationen\/airparx-installation-hupalupa\/","og_site_name":"Airparx","article_publisher":"https:\/\/www.facebook.com\/Airparx\/","article_modified_time":"2024-09-13T08:07:54+00:00","og_image":[{"width":1920,"height":600,"url":"https:\/\/airparx.com\/wp-content\/uploads\/2024\/08\/event_hupalupa_banner.webp","type":"image\/webp"}],"twitter_card":"summary_large_image","twitter_misc":{"Gesch\u00e4tzte Lesezeit":"1\u00a0Minute"},"schema":{"@context":"https:\/\/schema.org","@graph":[{"@type":"WebPage","@id":"https:\/\/airparx.com\/de\/ausgewahlte-installationen\/airparx-installation-hupalupa\/","url":"https:\/\/airparx.com\/de\/ausgewahlte-installationen\/airparx-installation-hupalupa\/","name":"Airparx Installation - HUPALUPA - Airparx","isPartOf":{"@id":"https:\/\/airparx.com\/de\/#website"},"primaryImageOfPage":{"@id":"https:\/\/airparx.com\/de\/ausgewahlte-installationen\/airparx-installation-hupalupa\/#primaryimage"},"image":{"@id":"https:\/\/airparx.com\/de\/ausgewahlte-installationen\/airparx-installation-hupalupa\/#primaryimage"},"thumbnailUrl":"https:\/\/airparx.com\/wp-content\/uploads\/2024\/08\/event_hupalupa_banner.webp","datePublished":"2024-08-09T09:29:20+00:00","dateModified":"2024-09-13T08:07:54+00:00","description":"HUPALUPA ist eine Airparx-Installation. Dies ist ein revolution\u00e4res Konzept f\u00fcr mobiles Design, das eine modulare aufblasbare Parkl\u00f6sung f\u00fcr den Au\u00dfenbereich bietet.","breadcrumb":{"@id":"https:\/\/airparx.com\/de\/ausgewahlte-installationen\/airparx-installation-hupalupa\/#breadcrumb"},"inLanguage":"de","potentialAction":[{"@type":"ReadAction","target":["https:\/\/airparx.com\/de\/ausgewahlte-installationen\/airparx-installation-hupalupa\/"]}]},{"@type":"ImageObject","inLanguage":"de","@id":"https:\/\/airparx.com\/de\/ausgewahlte-installationen\/airparx-installation-hupalupa\/#primaryimage","url":"https:\/\/airparx.com\/wp-content\/uploads\/2024\/08\/event_hupalupa_banner.webp","contentUrl":"https:\/\/airparx.com\/wp-content\/uploads\/2024\/08\/event_hupalupa_banner.webp","width":1920,"height":600,"caption":"HUPALUPA - Turkey"},{"@type":"BreadcrumbList","@id":"https:\/\/airparx.com\/de\/ausgewahlte-installationen\/airparx-installation-hupalupa\/#breadcrumb","itemListElement":[{"@type":"ListItem","position":1,"name":"Home","item":"https:\/\/airparx.com\/de\/"},{"@type":"ListItem","position":2,"name":"Ausgew\u00e4hlte Installationen","item":"https:\/\/airparx.com\/de\/ausgewahlte-installationen\/"},{"@type":"ListItem","position":3,"name":"Airparx Installation &#8211; HUPALUPA"}]},{"@type":"WebSite","@id":"https:\/\/airparx.com\/de\/#website","url":"https:\/\/airparx.com\/de\/","name":"Airparx","description":"Inflatable &amp; Trampoline Park Supplier","publisher":{"@id":"https:\/\/airparx.com\/de\/#organization"},"potentialAction":[{"@type":"SearchAction","target":{"@type":"EntryPoint","urlTemplate":"https:\/\/airparx.com\/de\/?s={search_term_string}"},"query-input":{"@type":"PropertyValueSpecification","valueRequired":true,"valueName":"search_term_string"}}],"inLanguage":"de"},{"@type":"Organization","@id":"https:\/\/airparx.com\/de\/#organization","name":"Airparx","url":"https:\/\/airparx.com\/de\/","logo":{"@type":"ImageObject","inLanguage":"de","@id":"https:\/\/airparx.com\/de\/#\/schema\/logo\/image\/","url":"https:\/\/airparx.com\/wp-content\/uploads\/2022\/06\/Airparx_Logo.png","contentUrl":"https:\/\/airparx.com\/wp-content\/uploads\/2022\/06\/Airparx_Logo.png","width":1127,"height":461,"caption":"Airparx"},"image":{"@id":"https:\/\/airparx.com\/de\/#\/schema\/logo\/image\/"},"sameAs":["https:\/\/www.facebook.com\/Airparx\/","https:\/\/www.instagram.com\/airparx\/","https:\/\/www.youtube.com\/playlist?list=PL2LZnxdxb4eX2paMpuL0QxEvopAtGzyqY","https:\/\/www.linkedin.com\/company\/airparx\/"]}]}},"_links":{"self":[{"href":"https:\/\/airparx.com\/de\/wp-json\/wp\/v2\/pages\/9679","targetHints":{"allow":["GET"]}}],"collection":[{"href":"https:\/\/airparx.com\/de\/wp-json\/wp\/v2\/pages"}],"about":[{"href":"https:\/\/airparx.com\/de\/wp-json\/wp\/v2\/types\/page"}],"author":[{"embeddable":true,"href":"https:\/\/airparx.com\/de\/wp-json\/wp\/v2\/users\/1"}],"replies":[{"embeddable":true,"href":"https:\/\/airparx.com\/de\/wp-json\/wp\/v2\/comments?post=9679"}],"version-history":[{"count":2,"href":"https:\/\/airparx.com\/de\/wp-json\/wp\/v2\/pages\/9679\/revisions"}],"predecessor-version":[{"id":9800,"href":"https:\/\/airparx.com\/de\/wp-json\/wp\/v2\/pages\/9679\/revisions\/9800"}],"up":[{"embeddable":true,"href":"https:\/\/airparx.com\/de\/wp-json\/wp\/v2\/pages\/5710"}],"wp:featuredmedia":[{"embeddable":true,"href":"https:\/\/airparx.com\/de\/wp-json\/wp\/v2\/media\/9053"}],"wp:attachment":[{"href":"https:\/\/airparx.com\/de\/wp-json\/wp\/v2\/media?parent=9679"}],"curies":[{"name":"wp","href":"https:\/\/api.w.org\/{rel}","templated":true}]}}