{"id":9697,"date":"2024-08-14T14:25:59","date_gmt":"2024-08-14T13:25:59","guid":{"rendered":"https:\/\/airparx.com\/ausgewahlte-installationen\/airparx-installation-vertigo-fun-park\/"},"modified":"2024-09-13T09:09:49","modified_gmt":"2024-09-13T08:09:49","slug":"airparx-installation-vertigo-fun-park","status":"publish","type":"page","link":"https:\/\/airparx.com\/de\/ausgewahlte-installationen\/airparx-installation-vertigo-fun-park\/","title":{"rendered":"Airparx Installation &#8211; Vertigo Fun Park"},"content":{"rendered":"<div class=\"wp-core-heading\">\n<h2 class=\"wp-block-heading\">Ein riesiger aufblasbarer Park in den USA<\/h2>\n<\/div>\n\n<div class=\"wp-core-paragraph\">\n<p>&#8222;<em>Seit der Er\u00f6ffnung im Mai 2024 ist unser 12.000 Quadratmeter gro\u00dfer Inflatapark ein gro\u00dfer Erfolg, und wir schreiben einen gro\u00dfen Teil dieses Erfolgs der hervorragenden Qualit\u00e4t der Produkte von Airparx und ihrem tadellosen Service zu.<\/em><\/p>\n<\/div>\n\n<div class=\"wp-core-paragraph\">\n<p><em>Von der ersten Verkaufsberatung \u00fcber die Design- und Installationsphase hat Airparx beispiellose Professionalit\u00e4t und Hingabe bewiesen.\nIhr Team war \u00e4u\u00dferst sachkundig und unglaublich zuvorkommend und stellte sicher, dass unsere Vision f\u00fcr den Vertigo Fun Park mit Pr\u00e4zision und Kreativit\u00e4t zum Leben erweckt wurde. <\/em><\/p>\n<\/div>\n\n<div class=\"wp-core-paragraph\">\n<p><em>Der gesamte Prozess verlief reibungslos und angenehm. Das Airparx-Team hat uns bei jedem Schritt hervorragend unterst\u00fctzt und beraten.\nDer Service nach dem Kauf war ebenso beeindruckend und hat unser Vertrauen in das Engagement von Airparx f\u00fcr die Kundenzufriedenheit weiter gefestigt. <\/em>&#8220; &#8211; Jimmy Valiani, Besitzer des Vertigo Fun Parks.<\/p>\n<\/div>\n\n<\/div><\/div><\/section><\/div><div id=''><\/div>\t<section class=\"bg-dark py-2 py-m-3 py-l-4\">\n\t\t<div class=\"wrap\">\n\t\t\t<article>\n\t\t\t\t<div class=\"row valign\">\n\t\t\t\t\t<div class=\"col-12 col-m-6\">\n\t\t\t\t\t\t<div class=\"animation fadein fromleft\" data-onscreen=\"false\">\n\t\t\t\t\t\t\t\t\t\t\t\t\t\t\t<h2>Der Brief<\/h2>\n<p>  Im Jahr 2022 wurde Airparx von einem Softplay-Zentrum kontaktiert, um einen aufblasbaren Park nachzur\u00fcsten.<br \/>\nNach eingehender Beratung wurde der Auftrag in Richtung eines gro\u00dfen aufblasbaren Parks verschoben.<br \/>\nDer Vertigo Fun Park sollte etwas Besonderes sein.<br \/>\nEr musste neue Technologien beinhalten, um mit der Nachfrage nach modernen und innovativen Unterhaltungszentren f\u00fcr Familien Schritt zu halten.<br \/>\nDieser Park wurde von Xtreme Craze California inspiriert, das sich als gro\u00dfer Erfolg erwies &#8211; eine weitere Installation von Airparx.    <\/p>\n\t\t\t\t\t\t\t\t\t\t\t\t\t<\/div>\n\t\t\t\t\t<\/div>\n\t\t\t\t\t<div class=\"col-12 col-m-6 mt-2 mt-m-0\">\n\t\t\t\t\t\t<div class=\"animation fadein fromright\" data-onscreen=\"false\">\n\t\t\t\t\t\t\t\t\t\t\t\t\t\t\t<figure class=\"block\">\n\t\t\t\t\t\t\t\t\t<img data-src=\"https:\/\/airparx.com\/wp-content\/uploads\/2024\/08\/7.jpg\" \/>\n\t\t\t\t\t\t\t\t<\/figure>\n\t\t\t\t\t\t\t\t\t\t\t\t\t<\/div>\n\t\t\t\t\t<\/div>\n\t\t\t\t<\/div>\n\t\t\t<\/article>\n\t\t<\/div>\n\t<\/section>\n\n\t<section class=\"my-2 my-m-3 my-l-4\"><div class=\"wrap\"><div class=\"row\"><div class=\"col-12\">\n\n<\/div><\/div><\/section><\/div><div id=''><\/div>\t<section class=\"my-2 my-m-3 my-l-4\">\n\t\t<div class=\"wrap\">\n\t\t\t<article>\n\t\t\t\t<div class=\"row valign\">\n\t\t\t\t\t<div class=\"col-12 col-m-6\">\n\t\t\t\t\t\t<div class=\"animation fadein fromleft\" data-onscreen=\"false\">\n\t\t\t\t\t\t\t\t\t\t\t\t\t\t\t<figure class=\"block show-m\">\n\t\t\t\t\t\t\t\t\t<img data-src=\"https:\/\/airparx.com\/wp-content\/uploads\/2024\/08\/8.jpg\" \/>\n\t\t\t\t\t\t\t\t<\/figure>\n\t\t\t\t\t\t\t\t\t\t\t\t\t<\/div>\n\t\t\t\t\t<\/div>\n\t\t\t\t\t<div class=\"col-12 col-m-6 mt-2 mt-m-0\">\n\t\t\t\t\t\t<div class=\"animation fadein fromright\" data-onscreen=\"false\">\n\t\t\t\t\t\t\t\t\t\t\t\t\t\t\t<h2>Die Herausforderung<\/h2>\n<p>  Bei diesem Projekt gab es eine Reihe von Problemen mit der Baugenehmigung und sogar eine \u00c4nderung des Standorts zu bew\u00e4ltigen.<br \/>\nDas Airparx-Team musste anpassungsf\u00e4hig sein und daf\u00fcr sorgen, dass die Logistik perfekt funktionierte.<br \/>\nDas Airparx-Team arbeitete mit dem Kunden zusammen, um neue und innovative interaktive Elemente zu entwickeln, die f\u00fcr den Zielmarkt geeignet waren.<br \/>\nDiese interaktiven Elemente wurden ausgew\u00e4hlt und sorgf\u00e4ltig im Park platziert, um eine optimale Raumausnutzung zu gew\u00e4hrleisten.   <\/p>\n\t\t\t\t\t\t\t\t\t\t\t\t\t\t\t\t<figure class=\"block hide-m\">\n\t\t\t\t\t\t\t\t\t<img data-src=\"https:\/\/airparx.com\/wp-content\/uploads\/2024\/08\/8.jpg\" \/>\n\t\t\t\t\t\t\t\t<\/figure>\n\t\t\t\t\t\t\t\t\t\t\t\t\t<\/div>\n\t\t\t\t\t<\/div>\n\t\t\t\t<\/div>\n\t\t\t<\/article>\n\t\t<\/div>\n\t<\/section>\n\n\t<section class=\"my-2 my-m-3 my-l-4\"><div class=\"wrap\"><div class=\"row\"><div class=\"col-12\">\n\n<\/div><\/div><\/section><\/div><div id=''><\/div>\t<section class=\"bg-dark py-2 py-m-3 py-l-4\">\n\t\t<div class=\"wrap\">\n\t\t\t<article>\n\t\t\t\t<div class=\"row valign\">\n\t\t\t\t\t<div class=\"col-12 col-m-6\">\n\t\t\t\t\t\t<div class=\"animation fadein fromleft\" data-onscreen=\"false\">\n\t\t\t\t\t\t\t\t\t\t\t\t\t\t\t<h2>Der Prozess<\/h2>\n<p>  Der Prozess dauerte aufgrund der baulichen Komplikationen l\u00e4nger als gew\u00f6hnlich, aber beide Parteien blieben hartn\u00e4ckig und hatten das Hauptziel vor Augen.<br \/>\nDank der Erfahrung von Airparx mit Xtreme Craze konnten wertvolle Erkenntnisse gewonnen werden, um dieses Projekt vom Entwurf \u00fcber die Herstellung bis zur Installation voranzutreiben. <\/p>\n\t\t\t\t\t\t\t\t\t\t\t\t\t<\/div>\n\t\t\t\t\t<\/div>\n\t\t\t\t\t<div class=\"col-12 col-m-6 mt-2 mt-m-0\">\n\t\t\t\t\t\t<div class=\"animation fadein fromright\" data-onscreen=\"false\">\n\t\t\t\t\t\t\t\t\t\t\t\t\t\t\t<figure class=\"block\">\n\t\t\t\t\t\t\t\t\t<img data-src=\"https:\/\/airparx.com\/wp-content\/uploads\/2024\/08\/6.jpg\" \/>\n\t\t\t\t\t\t\t\t<\/figure>\n\t\t\t\t\t\t\t\t\t\t\t\t\t<\/div>\n\t\t\t\t\t<\/div>\n\t\t\t\t<\/div>\n\t\t\t<\/article>\n\t\t<\/div>\n\t<\/section>\n\n\t<section class=\"my-2 my-m-3 my-l-4\"><div class=\"wrap\"><div class=\"row\"><div class=\"col-12\">\n\n<\/div><\/div><\/section><\/div><div id=''><\/div>\t<section class=\"my-2 my-m-3 my-l-4\">\n\t\t<div class=\"wrap\">\n\t\t\t<article>\n\t\t\t\t<div class=\"row valign\">\n\t\t\t\t\t<div class=\"col-12 col-m-6\">\n\t\t\t\t\t\t<div class=\"animation fadein fromleft\" data-onscreen=\"false\">\n\t\t\t\t\t\t\t\t\t\t\t\t\t\t\t<figure class=\"block show-m\">\n\t\t\t\t\t\t\t\t\t<img data-src=\"https:\/\/airparx.com\/wp-content\/uploads\/2024\/08\/5.jpg\" \/>\n\t\t\t\t\t\t\t\t<\/figure>\n\t\t\t\t\t\t\t\t\t\t\t\t\t<\/div>\n\t\t\t\t\t<\/div>\n\t\t\t\t\t<div class=\"col-12 col-m-6 mt-2 mt-m-0\">\n\t\t\t\t\t\t<div class=\"animation fadein fromright\" data-onscreen=\"false\">\n\t\t\t\t\t\t\t\t\t\t\t\t\t\t\t<h2>Das Ergebnis<\/h2>\n<p>  Im Jahr 2024, nach 2 Jahren Bauzeit, er\u00f6ffnete der Vertigo Fun Park, ein riesiger aufblasbarer Indoor-Park von 895 m2 in Georgia, USA, und setzt damit das Wachstum von Airparx auf dem US-Markt fort.<br \/>\nDer Vertigo Fun Park bietet nun aufblasbare Parkattraktionen f\u00fcr alle Altersgruppen, Seite an Seite mit interaktiven Arkaden und Gellyball-Einrichtungen f\u00fcr Abenteuersuchende unterschiedlichen Grades.<br \/>\nEntdecken Sie unsere neuesten Installationen <a href=\"https:\/\/airparx.com\/de\/einrichtungen\/\"><strong>HIER<\/strong><\/a>.  <\/p>\n\t\t\t\t\t\t\t\t\t\t\t\t\t\t\t\t<figure class=\"block hide-m\">\n\t\t\t\t\t\t\t\t\t<img data-src=\"https:\/\/airparx.com\/wp-content\/uploads\/2024\/08\/5.jpg\" \/>\n\t\t\t\t\t\t\t\t<\/figure>\n\t\t\t\t\t\t\t\t\t\t\t\t\t<\/div>\n\t\t\t\t\t<\/div>\n\t\t\t\t<\/div>\n\t\t\t<\/article>\n\t\t<\/div>\n\t<\/section>\n\n\t<section class=\"my-2 my-m-3 my-l-4\"><div class=\"wrap\"><div class=\"row\"><div class=\"col-12\">\n\n\n<div class=\"wp-block-group\"><div class=\"wp-block-group__inner-container is-layout-flow wp-block-group-is-layout-flow\">\n<section class=\"my-2 my-m-3 mt-l-4\">\n<div class=\"wrap\">\n<div class=\"row\">\n<article>\n<div class=\"col-12 col-m-7\">\n<h4>Kontaktieren Sie uns noch heute!<\/h4>\n<p>Sind Sie bereit, den n\u00e4chsten Schritt zu wagen und den Nervenkitzel an Ihren Standort zu bringen?\nNehmen Sie Kontakt mit uns auf, um weitere Informationen zu erhalten, Preise zu erfahren oder Ihre speziellen Anforderungen zu besprechen.\nUnser engagiertes Team bei Airparx hilft Ihnen gerne dabei, Ihre Vision in die Realit\u00e4t umzusetzen.  <\/p>\n\n<div class=\"wpcf7 no-js\" id=\"wpcf7-f6132-o1\" lang=\"de-DE\" dir=\"ltr\" data-wpcf7-id=\"6132\">\n<div class=\"screen-reader-response\"><p role=\"status\" aria-live=\"polite\" aria-atomic=\"true\"><\/p> <ul><\/ul><\/div>\n<form action=\"\/de\/wp-json\/wp\/v2\/pages\/9697#wpcf7-f6132-o1\" method=\"post\" class=\"wpcf7-form init\" aria-label=\"Kontaktformular\" novalidate=\"novalidate\" data-status=\"init\">\n<fieldset class=\"hidden-fields-container\"><input type=\"hidden\" name=\"_wpcf7\" value=\"6132\" \/><input type=\"hidden\" name=\"_wpcf7_version\" value=\"6.1.5\" \/><input type=\"hidden\" name=\"_wpcf7_locale\" value=\"de_DE\" \/><input type=\"hidden\" name=\"_wpcf7_unit_tag\" value=\"wpcf7-f6132-o1\" \/><input type=\"hidden\" name=\"_wpcf7_container_post\" value=\"0\" \/><input type=\"hidden\" name=\"_wpcf7_posted_data_hash\" value=\"\" \/><input type=\"hidden\" name=\"_wpcf7_recaptcha_response\" value=\"\" \/>\n<\/fieldset>\n<div class=\"row\">\n\t<div class=\"col-12 col-s-6\">\n\t\t<p><label for=\"Name\">Vorname*<\/label><br \/>\n<span class=\"wpcf7-form-control-wrap\" data-name=\"FirstName\"><input size=\"40\" maxlength=\"400\" class=\"wpcf7-form-control wpcf7-text wpcf7-validates-as-required\" aria-required=\"true\" aria-invalid=\"false\" value=\"\" type=\"text\" name=\"FirstName\" \/><\/span>\n\t\t<\/p>\n\t<\/div>\n\t<div class=\"col-12 col-s-6\">\n\t\t<p><label for=\"Name\">Nachname*<\/label><br \/>\n<span class=\"wpcf7-form-control-wrap\" data-name=\"LastName\"><input size=\"40\" maxlength=\"400\" class=\"wpcf7-form-control wpcf7-text wpcf7-validates-as-required\" aria-required=\"true\" aria-invalid=\"false\" value=\"\" type=\"text\" name=\"LastName\" \/><\/span>\n\t\t<\/p>\n\t<\/div>\n\t<div class=\"col-12 col-s-6 mt-05 mt-s-0\">\n\t\t<p><label for=\"Email\">E-Mail Adresse*<\/label><br \/>\n<span class=\"wpcf7-form-control-wrap\" data-name=\"Email\"><input size=\"40\" maxlength=\"400\" class=\"wpcf7-form-control wpcf7-email wpcf7-validates-as-required wpcf7-text wpcf7-validates-as-email\" aria-required=\"true\" aria-invalid=\"false\" value=\"\" type=\"email\" name=\"Email\" \/><\/span>\n\t\t<\/p>\n\t<\/div>\n<\/div>\n<div class=\"row\">\n\t<div class=\"col-12 col-s-6 mt-05 mt-s-0\">\n\t\t<p><label for=\"Company\">Firmenname (optional)<\/label><br \/>\n<span class=\"wpcf7-form-control-wrap\" data-name=\"Company\"><input size=\"40\" maxlength=\"400\" class=\"wpcf7-form-control wpcf7-text\" aria-invalid=\"false\" value=\"\" type=\"text\" name=\"Company\" \/><\/span>\n\t\t<\/p>\n\t<\/div>\n\t<div class=\"col-12 col-s-6\">\n\t\t<p><label for=\"Phone\">Telefonnummer (optional)<\/label><br \/>\n<span class=\"wpcf7-form-control-wrap\" data-name=\"Phone\"><input size=\"40\" maxlength=\"400\" class=\"wpcf7-form-control wpcf7-tel wpcf7-text wpcf7-validates-as-tel\" aria-invalid=\"false\" value=\"\" type=\"tel\" name=\"Phone\" \/><\/span>\n\t\t<\/p>\n\t<\/div>\n<\/div>\n<div class=\"row\">\n\t<div class=\"col-12 col-s-6\">\n\t\t<p><label for=\"Country\">Land (optional)<\/label><br \/>\n<span class=\"wpcf7-form-control-wrap\" data-name=\"Country\"><input size=\"40\" maxlength=\"400\" class=\"wpcf7-form-control wpcf7-text\" aria-invalid=\"false\" value=\"\" type=\"text\" name=\"Country\" \/><\/span>\n\t\t<\/p>\n\t<\/div>\n<\/div>\n<p><label for=\"Message\">Nachricht*<\/label><br \/>\n<span class=\"wpcf7-form-control-wrap\" data-name=\"Message\"><textarea cols=\"40\" rows=\"6\" maxlength=\"2000\" class=\"wpcf7-form-control wpcf7-textarea wpcf7-validates-as-required\" aria-required=\"true\" aria-invalid=\"false\" name=\"Message\"><\/textarea><\/span>\n<\/p>\n<p>Melden Sie sich f\u00fcr Marketing an, um \u00fcber unsere neuesten Produkte, Nachrichten und Sonderangebote informiert zu werden.<br \/>\n<span class=\"wpcf7-form-control-wrap\" data-name=\"newsletter\"><span class=\"wpcf7-form-control wpcf7-radio\"><span class=\"wpcf7-list-item first\"><label><input type=\"radio\" name=\"newsletter\" value=\"Ja\" \/><span class=\"wpcf7-list-item-label\">Ja<\/span><\/label><\/span><span class=\"wpcf7-list-item last\"><label><input type=\"radio\" name=\"newsletter\" value=\"Nein\" checked=\"checked\" \/><span class=\"wpcf7-list-item-label\">Nein<\/span><\/label><\/span><\/span><\/span>\n<\/p>\n<div id=\"refer-div\">\n<\/div>\n<p><input class=\"wpcf7-form-control wpcf7-submit has-spinner button\" type=\"submit\" value=\"Senden\" \/>\n<\/p><div class=\"wpcf7-response-output\" aria-hidden=\"true\"><\/div>\n<\/form>\n<\/div>\n\n<\/div>\n<p><!--.col--><\/p>\n<div class=\"col-5 col-xl-4 pull-xl-1 show-m mt-4\">\n<div class=\"usp-list\">\n<ul>\n<li>Branchenf\u00fchrer<\/li>\n<li>Schl\u00fcsselfertige L\u00f6sung<\/li>\n<li>Installationen rund um den Globus<\/li>\n<li>Eigene Herstellung<\/li>\n<li>F\u00fchrender Kundenservice  <\/li>\n<\/ul>\n<\/div>\n<p><!--.usp-list--><\/p>\n<h5 class=\"mt-2\">Rufen Sie uns alternativ an unter<\/h5>\n<p class=\"mt-05 text-cyan\"><strong> <i class=\"fa fa-phone mr-05\" aria-hidden=\"true\"><\/i>  +44(0) 1179 414918  <\/strong><\/p>\n<\/div>\n<p><!--.col--><\/p>\n<\/article>\n<\/div>\n<p><!--.row--><\/p>\n<\/div>\n<p><!--.wrap--><\/p>\n<\/section>\n<\/div><\/div>\n","protected":false},"excerpt":{"rendered":"<p>Ein riesiger aufblasbarer Park in den USA &#8222;Seit der Er\u00f6ffnung im Mai 2024 ist unser 12.000 Quadratmeter gro\u00dfer Inflatapark ein gro\u00dfer Erfolg, und wir schreiben einen gro\u00dfen Teil dieses Erfolgs der hervorragenden Qualit\u00e4t der Produkte von Airparx und ihrem tadellosen Service zu. Von der ersten Verkaufsberatung \u00fcber die Design- und Installationsphase hat Airparx beispiellose Professionalit\u00e4t [&hellip;]<\/p>\n","protected":false},"author":1,"featured_media":9125,"parent":5710,"menu_order":0,"comment_status":"closed","ping_status":"closed","template":"","meta":{"_acf_changed":false,"footnotes":""},"class_list":["post-9697","page","type-page","status-publish","has-post-thumbnail","hentry"],"acf":[],"yoast_head":"<!-- This site is optimized with the Yoast SEO Premium plugin v26.7 (Yoast SEO v27.3) - https:\/\/yoast.com\/product\/yoast-seo-premium-wordpress\/ -->\n<title>Airparx Installation - Vertigo Fun Park - Airparx<\/title>\n<meta name=\"description\" content=\"Der Vertigo Fun Park ist eine Airparx-Installation. Dieser riesige aufblasbare Park in Georgia, USA, verf\u00fcgt \u00fcber zahlreiche interaktive Elemente.\" \/>\n<meta name=\"robots\" content=\"index, follow, max-snippet:-1, max-image-preview:large, max-video-preview:-1\" \/>\n<link rel=\"canonical\" href=\"https:\/\/airparx.com\/de\/ausgewahlte-installationen\/airparx-installation-vertigo-fun-park\/\" \/>\n<meta property=\"og:locale\" content=\"de_DE\" \/>\n<meta property=\"og:type\" content=\"article\" \/>\n<meta property=\"og:title\" content=\"Airparx Installation - Vertigo Fun Park\" \/>\n<meta property=\"og:description\" content=\"Der Vertigo Fun Park ist eine Airparx-Installation. Dieser riesige aufblasbare Park in Georgia, USA, verf\u00fcgt \u00fcber zahlreiche interaktive Elemente.\" \/>\n<meta property=\"og:url\" content=\"https:\/\/airparx.com\/de\/ausgewahlte-installationen\/airparx-installation-vertigo-fun-park\/\" \/>\n<meta property=\"og:site_name\" content=\"Airparx\" \/>\n<meta property=\"article:publisher\" content=\"https:\/\/www.facebook.com\/Airparx\/\" \/>\n<meta property=\"article:modified_time\" content=\"2024-09-13T08:09:49+00:00\" \/>\n<meta property=\"og:image\" content=\"https:\/\/airparx.com\/wp-content\/uploads\/2024\/08\/20240516_105921-scaled.jpg\" \/>\n\t<meta property=\"og:image:width\" content=\"2560\" \/>\n\t<meta property=\"og:image:height\" content=\"1920\" \/>\n\t<meta property=\"og:image:type\" content=\"image\/jpeg\" \/>\n<meta name=\"twitter:card\" content=\"summary_large_image\" \/>\n<meta name=\"twitter:label1\" content=\"Gesch\u00e4tzte Lesezeit\" \/>\n\t<meta name=\"twitter:data1\" content=\"2\u00a0Minuten\" \/>\n<script type=\"application\/ld+json\" class=\"yoast-schema-graph\">{\"@context\":\"https:\\\/\\\/schema.org\",\"@graph\":[{\"@type\":\"WebPage\",\"@id\":\"https:\\\/\\\/airparx.com\\\/de\\\/ausgewahlte-installationen\\\/airparx-installation-vertigo-fun-park\\\/\",\"url\":\"https:\\\/\\\/airparx.com\\\/de\\\/ausgewahlte-installationen\\\/airparx-installation-vertigo-fun-park\\\/\",\"name\":\"Airparx Installation - Vertigo Fun Park - Airparx\",\"isPartOf\":{\"@id\":\"https:\\\/\\\/airparx.com\\\/de\\\/#website\"},\"primaryImageOfPage\":{\"@id\":\"https:\\\/\\\/airparx.com\\\/de\\\/ausgewahlte-installationen\\\/airparx-installation-vertigo-fun-park\\\/#primaryimage\"},\"image\":{\"@id\":\"https:\\\/\\\/airparx.com\\\/de\\\/ausgewahlte-installationen\\\/airparx-installation-vertigo-fun-park\\\/#primaryimage\"},\"thumbnailUrl\":\"https:\\\/\\\/airparx.com\\\/wp-content\\\/uploads\\\/2024\\\/08\\\/20240516_105921-scaled.jpg\",\"datePublished\":\"2024-08-14T13:25:59+00:00\",\"dateModified\":\"2024-09-13T08:09:49+00:00\",\"description\":\"Der Vertigo Fun Park ist eine Airparx-Installation. Dieser riesige aufblasbare Park in Georgia, USA, verf\u00fcgt \u00fcber zahlreiche interaktive Elemente.\",\"breadcrumb\":{\"@id\":\"https:\\\/\\\/airparx.com\\\/de\\\/ausgewahlte-installationen\\\/airparx-installation-vertigo-fun-park\\\/#breadcrumb\"},\"inLanguage\":\"de\",\"potentialAction\":[{\"@type\":\"ReadAction\",\"target\":[\"https:\\\/\\\/airparx.com\\\/de\\\/ausgewahlte-installationen\\\/airparx-installation-vertigo-fun-park\\\/\"]}]},{\"@type\":\"ImageObject\",\"inLanguage\":\"de\",\"@id\":\"https:\\\/\\\/airparx.com\\\/de\\\/ausgewahlte-installationen\\\/airparx-installation-vertigo-fun-park\\\/#primaryimage\",\"url\":\"https:\\\/\\\/airparx.com\\\/wp-content\\\/uploads\\\/2024\\\/08\\\/20240516_105921-scaled.jpg\",\"contentUrl\":\"https:\\\/\\\/airparx.com\\\/wp-content\\\/uploads\\\/2024\\\/08\\\/20240516_105921-scaled.jpg\",\"width\":2560,\"height\":1920,\"caption\":\"Vertigo Fun Park - Georgia, US\"},{\"@type\":\"BreadcrumbList\",\"@id\":\"https:\\\/\\\/airparx.com\\\/de\\\/ausgewahlte-installationen\\\/airparx-installation-vertigo-fun-park\\\/#breadcrumb\",\"itemListElement\":[{\"@type\":\"ListItem\",\"position\":1,\"name\":\"Home\",\"item\":\"https:\\\/\\\/airparx.com\\\/de\\\/\"},{\"@type\":\"ListItem\",\"position\":2,\"name\":\"Ausgew\u00e4hlte Installationen\",\"item\":\"https:\\\/\\\/airparx.com\\\/de\\\/ausgewahlte-installationen\\\/\"},{\"@type\":\"ListItem\",\"position\":3,\"name\":\"Airparx Installation &#8211; Vertigo Fun Park\"}]},{\"@type\":\"WebSite\",\"@id\":\"https:\\\/\\\/airparx.com\\\/de\\\/#website\",\"url\":\"https:\\\/\\\/airparx.com\\\/de\\\/\",\"name\":\"Airparx\",\"description\":\"Inflatable &amp; Trampoline Park Supplier\",\"publisher\":{\"@id\":\"https:\\\/\\\/airparx.com\\\/de\\\/#organization\"},\"potentialAction\":[{\"@type\":\"SearchAction\",\"target\":{\"@type\":\"EntryPoint\",\"urlTemplate\":\"https:\\\/\\\/airparx.com\\\/de\\\/?s={search_term_string}\"},\"query-input\":{\"@type\":\"PropertyValueSpecification\",\"valueRequired\":true,\"valueName\":\"search_term_string\"}}],\"inLanguage\":\"de\"},{\"@type\":\"Organization\",\"@id\":\"https:\\\/\\\/airparx.com\\\/de\\\/#organization\",\"name\":\"Airparx\",\"url\":\"https:\\\/\\\/airparx.com\\\/de\\\/\",\"logo\":{\"@type\":\"ImageObject\",\"inLanguage\":\"de\",\"@id\":\"https:\\\/\\\/airparx.com\\\/de\\\/#\\\/schema\\\/logo\\\/image\\\/\",\"url\":\"https:\\\/\\\/airparx.com\\\/wp-content\\\/uploads\\\/2022\\\/06\\\/Airparx_Logo.png\",\"contentUrl\":\"https:\\\/\\\/airparx.com\\\/wp-content\\\/uploads\\\/2022\\\/06\\\/Airparx_Logo.png\",\"width\":1127,\"height\":461,\"caption\":\"Airparx\"},\"image\":{\"@id\":\"https:\\\/\\\/airparx.com\\\/de\\\/#\\\/schema\\\/logo\\\/image\\\/\"},\"sameAs\":[\"https:\\\/\\\/www.facebook.com\\\/Airparx\\\/\",\"https:\\\/\\\/www.instagram.com\\\/airparx\\\/\",\"https:\\\/\\\/www.youtube.com\\\/playlist?list=PL2LZnxdxb4eX2paMpuL0QxEvopAtGzyqY\",\"https:\\\/\\\/www.linkedin.com\\\/company\\\/airparx\\\/\"]}]}<\/script>\n<!-- \/ Yoast SEO Premium plugin. -->","yoast_head_json":{"title":"Airparx Installation - Vertigo Fun Park - Airparx","description":"Der Vertigo Fun Park ist eine Airparx-Installation. Dieser riesige aufblasbare Park in Georgia, USA, verf\u00fcgt \u00fcber zahlreiche interaktive Elemente.","robots":{"index":"index","follow":"follow","max-snippet":"max-snippet:-1","max-image-preview":"max-image-preview:large","max-video-preview":"max-video-preview:-1"},"canonical":"https:\/\/airparx.com\/de\/ausgewahlte-installationen\/airparx-installation-vertigo-fun-park\/","og_locale":"de_DE","og_type":"article","og_title":"Airparx Installation - Vertigo Fun Park","og_description":"Der Vertigo Fun Park ist eine Airparx-Installation. Dieser riesige aufblasbare Park in Georgia, USA, verf\u00fcgt \u00fcber zahlreiche interaktive Elemente.","og_url":"https:\/\/airparx.com\/de\/ausgewahlte-installationen\/airparx-installation-vertigo-fun-park\/","og_site_name":"Airparx","article_publisher":"https:\/\/www.facebook.com\/Airparx\/","article_modified_time":"2024-09-13T08:09:49+00:00","og_image":[{"width":2560,"height":1920,"url":"https:\/\/airparx.com\/wp-content\/uploads\/2024\/08\/20240516_105921-scaled.jpg","type":"image\/jpeg"}],"twitter_card":"summary_large_image","twitter_misc":{"Gesch\u00e4tzte Lesezeit":"2\u00a0Minuten"},"schema":{"@context":"https:\/\/schema.org","@graph":[{"@type":"WebPage","@id":"https:\/\/airparx.com\/de\/ausgewahlte-installationen\/airparx-installation-vertigo-fun-park\/","url":"https:\/\/airparx.com\/de\/ausgewahlte-installationen\/airparx-installation-vertigo-fun-park\/","name":"Airparx Installation - Vertigo Fun Park - Airparx","isPartOf":{"@id":"https:\/\/airparx.com\/de\/#website"},"primaryImageOfPage":{"@id":"https:\/\/airparx.com\/de\/ausgewahlte-installationen\/airparx-installation-vertigo-fun-park\/#primaryimage"},"image":{"@id":"https:\/\/airparx.com\/de\/ausgewahlte-installationen\/airparx-installation-vertigo-fun-park\/#primaryimage"},"thumbnailUrl":"https:\/\/airparx.com\/wp-content\/uploads\/2024\/08\/20240516_105921-scaled.jpg","datePublished":"2024-08-14T13:25:59+00:00","dateModified":"2024-09-13T08:09:49+00:00","description":"Der Vertigo Fun Park ist eine Airparx-Installation. Dieser riesige aufblasbare Park in Georgia, USA, verf\u00fcgt \u00fcber zahlreiche interaktive Elemente.","breadcrumb":{"@id":"https:\/\/airparx.com\/de\/ausgewahlte-installationen\/airparx-installation-vertigo-fun-park\/#breadcrumb"},"inLanguage":"de","potentialAction":[{"@type":"ReadAction","target":["https:\/\/airparx.com\/de\/ausgewahlte-installationen\/airparx-installation-vertigo-fun-park\/"]}]},{"@type":"ImageObject","inLanguage":"de","@id":"https:\/\/airparx.com\/de\/ausgewahlte-installationen\/airparx-installation-vertigo-fun-park\/#primaryimage","url":"https:\/\/airparx.com\/wp-content\/uploads\/2024\/08\/20240516_105921-scaled.jpg","contentUrl":"https:\/\/airparx.com\/wp-content\/uploads\/2024\/08\/20240516_105921-scaled.jpg","width":2560,"height":1920,"caption":"Vertigo Fun Park - Georgia, US"},{"@type":"BreadcrumbList","@id":"https:\/\/airparx.com\/de\/ausgewahlte-installationen\/airparx-installation-vertigo-fun-park\/#breadcrumb","itemListElement":[{"@type":"ListItem","position":1,"name":"Home","item":"https:\/\/airparx.com\/de\/"},{"@type":"ListItem","position":2,"name":"Ausgew\u00e4hlte Installationen","item":"https:\/\/airparx.com\/de\/ausgewahlte-installationen\/"},{"@type":"ListItem","position":3,"name":"Airparx Installation &#8211; Vertigo Fun Park"}]},{"@type":"WebSite","@id":"https:\/\/airparx.com\/de\/#website","url":"https:\/\/airparx.com\/de\/","name":"Airparx","description":"Inflatable &amp; Trampoline Park Supplier","publisher":{"@id":"https:\/\/airparx.com\/de\/#organization"},"potentialAction":[{"@type":"SearchAction","target":{"@type":"EntryPoint","urlTemplate":"https:\/\/airparx.com\/de\/?s={search_term_string}"},"query-input":{"@type":"PropertyValueSpecification","valueRequired":true,"valueName":"search_term_string"}}],"inLanguage":"de"},{"@type":"Organization","@id":"https:\/\/airparx.com\/de\/#organization","name":"Airparx","url":"https:\/\/airparx.com\/de\/","logo":{"@type":"ImageObject","inLanguage":"de","@id":"https:\/\/airparx.com\/de\/#\/schema\/logo\/image\/","url":"https:\/\/airparx.com\/wp-content\/uploads\/2022\/06\/Airparx_Logo.png","contentUrl":"https:\/\/airparx.com\/wp-content\/uploads\/2022\/06\/Airparx_Logo.png","width":1127,"height":461,"caption":"Airparx"},"image":{"@id":"https:\/\/airparx.com\/de\/#\/schema\/logo\/image\/"},"sameAs":["https:\/\/www.facebook.com\/Airparx\/","https:\/\/www.instagram.com\/airparx\/","https:\/\/www.youtube.com\/playlist?list=PL2LZnxdxb4eX2paMpuL0QxEvopAtGzyqY","https:\/\/www.linkedin.com\/company\/airparx\/"]}]}},"_links":{"self":[{"href":"https:\/\/airparx.com\/de\/wp-json\/wp\/v2\/pages\/9697","targetHints":{"allow":["GET"]}}],"collection":[{"href":"https:\/\/airparx.com\/de\/wp-json\/wp\/v2\/pages"}],"about":[{"href":"https:\/\/airparx.com\/de\/wp-json\/wp\/v2\/types\/page"}],"author":[{"embeddable":true,"href":"https:\/\/airparx.com\/de\/wp-json\/wp\/v2\/users\/1"}],"replies":[{"embeddable":true,"href":"https:\/\/airparx.com\/de\/wp-json\/wp\/v2\/comments?post=9697"}],"version-history":[{"count":2,"href":"https:\/\/airparx.com\/de\/wp-json\/wp\/v2\/pages\/9697\/revisions"}],"predecessor-version":[{"id":9806,"href":"https:\/\/airparx.com\/de\/wp-json\/wp\/v2\/pages\/9697\/revisions\/9806"}],"up":[{"embeddable":true,"href":"https:\/\/airparx.com\/de\/wp-json\/wp\/v2\/pages\/5710"}],"wp:featuredmedia":[{"embeddable":true,"href":"https:\/\/airparx.com\/de\/wp-json\/wp\/v2\/media\/9125"}],"wp:attachment":[{"href":"https:\/\/airparx.com\/de\/wp-json\/wp\/v2\/media?parent=9697"}],"curies":[{"name":"wp","href":"https:\/\/api.w.org\/{rel}","templated":true}]}}