{"id":9715,"date":"2024-09-12T13:30:16","date_gmt":"2024-09-12T12:30:16","guid":{"rendered":"https:\/\/airparx.com\/ausgewahlte-installationen\/airparx-installation-alle-aktiv\/"},"modified":"2024-09-13T08:58:07","modified_gmt":"2024-09-13T07:58:07","slug":"airparx-installation-alle-aktiv","status":"publish","type":"page","link":"https:\/\/airparx.com\/de\/ausgewahlte-installationen\/airparx-installation-alle-aktiv\/","title":{"rendered":"Airparx Installation &#8211; Alle aktiv"},"content":{"rendered":"\n<div class=\"wp-block-columns is-layout-flex wp-container-core-columns-is-layout-9d6595d7 wp-block-columns-is-layout-flex\">\n<div class=\"wp-block-column is-layout-flow wp-block-column-is-layout-flow\"><div class=\"wp-core-heading\">\n<h2 class=\"wp-block-heading\">Softplay-Bereich f\u00fcr ein Freizeitzentrum in Gro\u00dfbritannien<\/h2>\n<\/div>\n\n<div class=\"wp-core-paragraph\">\n<p><em>&#8222;Wir k\u00f6nnten nicht begeisterter \u00fcber die Umgestaltung unseres Spielplatzes sein.\nVon Anfang an hat Airparx mit seinen innovativen Designs und seiner Liebe zum Detail unsere Erwartungen \u00fcbertroffen.\nSie haben sich die Zeit genommen, unsere Visionen zu verstehen und sie auf eine Art und Weise zum Leben erweckt, die wir uns nie vorstellen konnten.\nDie neuen Elemente sind ein absoluter Hit bei den Kindern &#8211; unsere Besucher schw\u00e4rmen von den leuchtenden Farben, den fantasievollen Layouts und den aufregenden neuen Herausforderungen.   <\/em><\/p>\n<\/div>\n\n<div class=\"wp-core-paragraph\">\n<p><em>Der gesamte Prozess, vom Entwurf bis zur Installation, war nahtlos und professionell.\nDas Team von Airparx hat uns bei jedem Schritt auf dem Laufenden gehalten und unerm\u00fcdlich gearbeitet, um sicherzustellen, dass alles p\u00fcnktlich und auf h\u00f6chstem Niveau fertiggestellt wurde.\nUnser neuer Spielplatz hat unser Zentrum wirklich neu belebt und zieht mehr Familien an als je zuvor.\nWir k\u00f6nnen Airparx nicht genug f\u00fcr ihre au\u00dfergew\u00f6hnliche Arbeit danken.\nSie haben uns geholfen, einen Bereich zu schaffen, der nicht nur Spa\u00df macht, sondern auch sicher und ansprechend f\u00fcr Kinder jeden Alters ist.&#8220;    <\/em><\/p>\n<\/div>\n\n<div class=\"wp-core-paragraph\">\n<p>&#8211; Mark Tennant, Vertragsmanager, Everyone Active<\/p>\n<\/div><\/div>\n<\/div>\n\n\n<\/div><\/div><\/section><\/div><div id=''><\/div>\t<section class=\"bg-dark py-2 py-m-3 py-l-4\">\n\t\t<div class=\"wrap\">\n\t\t\t<article>\n\t\t\t\t<div class=\"row valign\">\n\t\t\t\t\t<div class=\"col-12 col-m-6\">\n\t\t\t\t\t\t<div class=\"animation fadein fromleft\" data-onscreen=\"false\">\n\t\t\t\t\t\t\t\t\t\t\t\t\t\t\t<h2>Der Brief<\/h2>\n<p>  Im Jahr 2021 erkannte die Everyone Active-Filiale in Bracknell die Notwendigkeit, ihr Spielangebot f\u00fcr Kinder komplett zu \u00fcberarbeiten, da die bestehende Website veraltet war und auch eine neue Marke ben\u00f6tigt wurde.<br \/>\nIhr \u00fcbergeordnetes Ziel war es, die Besucherzahl zu erh\u00f6hen und ihr Partyangebot zu verbessern, um eine bessere Einnahmequelle zu schaffen.<br \/>\nAirparx wurde mit dem Entwurf, der Herstellung und der Installation eines neuen und verbesserten Spielger\u00fcsts, eines Kleinkinderbereichs und der optimalen Nutzung des Zwischengeschosses mit interaktiven Spielen beauftragt, die insgesamt mehrere Altersgruppen ansprechen sollten.  <\/p>\n\t\t\t\t\t\t\t\t\t\t\t\t\t<\/div>\n\t\t\t\t\t<\/div>\n\t\t\t\t\t<div class=\"col-12 col-m-6 mt-2 mt-m-0\">\n\t\t\t\t\t\t<div class=\"animation fadein fromright\" data-onscreen=\"false\">\n\t\t\t\t\t\t\t\t\t\t\t\t\t\t\t<figure class=\"block\">\n\t\t\t\t\t\t\t\t\t<img data-src=\"https:\/\/airparx.com\/wp-content\/uploads\/2024\/09\/18.jpg\" \/>\n\t\t\t\t\t\t\t\t<\/figure>\n\t\t\t\t\t\t\t\t\t\t\t\t\t<\/div>\n\t\t\t\t\t<\/div>\n\t\t\t\t<\/div>\n\t\t\t<\/article>\n\t\t<\/div>\n\t<\/section>\n\n\t<section class=\"my-2 my-m-3 my-l-4\"><div class=\"wrap\"><div class=\"row\"><div class=\"col-12\">\n\n<\/div><\/div><\/section><\/div><div id=''><\/div>\t<section class=\"my-2 my-m-3 my-l-4\">\n\t\t<div class=\"wrap\">\n\t\t\t<article>\n\t\t\t\t<div class=\"row valign\">\n\t\t\t\t\t<div class=\"col-12 col-m-6\">\n\t\t\t\t\t\t<div class=\"animation fadein fromleft\" data-onscreen=\"false\">\n\t\t\t\t\t\t\t\t\t\t\t\t\t\t\t<figure class=\"block show-m\">\n\t\t\t\t\t\t\t\t\t<img data-src=\"https:\/\/airparx.com\/wp-content\/uploads\/2024\/09\/19.jpg\" \/>\n\t\t\t\t\t\t\t\t<\/figure>\n\t\t\t\t\t\t\t\t\t\t\t\t\t<\/div>\n\t\t\t\t\t<\/div>\n\t\t\t\t\t<div class=\"col-12 col-m-6 mt-2 mt-m-0\">\n\t\t\t\t\t\t<div class=\"animation fadein fromright\" data-onscreen=\"false\">\n\t\t\t\t\t\t\t\t\t\t\t\t\t\t\t<h2>Die Herausforderung<\/h2>\n<p>  Der bestehende Standort stammte aus den 1970er Jahren und Airparx arbeitete mit spezialisierten Architekten und Bauunternehmern zusammen, um den verf\u00fcgbaren Platz optimal zu nutzen.<br \/>\nDa der neue Standort mehrere Altersgruppen ansprechen sollte, waren die Feinheiten des Designs von entscheidender Bedeutung, um sicherzustellen, dass alle Altersgruppen Zugang zu den entsprechenden Aktivit\u00e4ten hatten, von den j\u00fcngeren Altersgruppen, die in der Regel mit den Eltern zusammen sind, bis hin zu den \u00e4lteren Altersgruppen, die sich unabh\u00e4ngiger bewegen.<br \/>\nDer bestehende Standort teilte sich au\u00dferdem den Platz mit einem Tanzstudio, einem Softplay-Bereich und einem Squash-Platz.<br \/>\nUnser Ziel war es, einen guten Kundenfluss zwischen allen 3 Standorten zu schaffen.   <\/p>\n\t\t\t\t\t\t\t\t\t\t\t\t\t\t\t\t<figure class=\"block hide-m\">\n\t\t\t\t\t\t\t\t\t<img data-src=\"https:\/\/airparx.com\/wp-content\/uploads\/2024\/09\/19.jpg\" \/>\n\t\t\t\t\t\t\t\t<\/figure>\n\t\t\t\t\t\t\t\t\t\t\t\t\t<\/div>\n\t\t\t\t\t<\/div>\n\t\t\t\t<\/div>\n\t\t\t<\/article>\n\t\t<\/div>\n\t<\/section>\n\n\t<section class=\"my-2 my-m-3 my-l-4\"><div class=\"wrap\"><div class=\"row\"><div class=\"col-12\">\n\n<\/div><\/div><\/section><\/div><div id=''><\/div>\t<section class=\"bg-dark py-2 py-m-3 py-l-4\">\n\t\t<div class=\"wrap\">\n\t\t\t<article>\n\t\t\t\t<div class=\"row\">\n\t\t\t\t\t<div class=\"col-12 col-m-6\">\n\t\t\t\t\t\t<div class=\"animation fadein fromleft\" data-onscreen=\"false\">\n\t\t\t\t\t\t\t\t\t\t\t\t\t\t\t<h2>Der Prozess<\/h2>\n<p>  Um sicherzustellen, dass die Aufgabenstellung klar war, arbeiteten wir zun\u00e4chst mit der Website zusammen, um den Zielmarkt oder in diesem Fall die Zielm\u00e4rkte zu verstehen, sie aufzuschl\u00fcsseln und die Altersgruppen durch neue und innovative Designs in dem Gebiet zu platzieren.<br \/>\nWir h\u00f6rten uns an, was ihnen an ihrem derzeitigen Angebot und Branding gefiel und was nicht, und wir halfen bei der Entwicklung eines Pakets, das Langlebigkeit gew\u00e4hrleisten w\u00fcrde.<br \/>\nDie Design\u00e4nderungen wurden schnell und effektiv \u00fcberpr\u00fcft, so dass Airparx schnell in die Produktion und Installation \u00fcbergehen konnte.  <\/p>\n\t\t\t\t\t\t\t\t\t\t\t\t\t<\/div>\n\t\t\t\t\t<\/div>\n\t\t\t\t\t<div class=\"col-12 col-m-6 mt-2 mt-m-0\">\n\t\t\t\t\t\t<div class=\"animation fadein fromright\" data-onscreen=\"false\">\n\t\t\t\t\t\t\t\t\t\t\t\t\t\t\t<figure class=\"block\">\n\t\t\t\t\t\t\t\t\t<img data-src=\"https:\/\/airparx.com\/wp-content\/uploads\/2024\/09\/20.jpg\" \/>\n\t\t\t\t\t\t\t\t<\/figure>\n\t\t\t\t\t\t\t\t\t\t\t\t\t<\/div>\n\t\t\t\t\t<\/div>\n\t\t\t\t<\/div>\n\t\t\t<\/article>\n\t\t<\/div>\n\t<\/section>\n\n\t<section class=\"my-2 my-m-3 my-l-4\"><div class=\"wrap\"><div class=\"row\"><div class=\"col-12\">\n\n<\/div><\/div><\/section><\/div><div id=''><\/div>\t<section class=\"my-2 my-m-3 my-l-4\">\n\t\t<div class=\"wrap\">\n\t\t\t<article>\n\t\t\t\t<div class=\"row\">\n\t\t\t\t\t<div class=\"col-12 col-m-6\">\n\t\t\t\t\t\t<div class=\"animation fadein fromleft\" data-onscreen=\"false\">\n\t\t\t\t\t\t\t\t\t\t\t\t\t\t\t<figure class=\"block show-m\">\n\t\t\t\t\t\t\t\t\t<img data-src=\"https:\/\/airparx.com\/wp-content\/uploads\/2024\/09\/21.jpg\" \/>\n\t\t\t\t\t\t\t\t<\/figure>\n\t\t\t\t\t\t\t\t\t\t\t\t\t<\/div>\n\t\t\t\t\t<\/div>\n\t\t\t\t\t<div class=\"col-12 col-m-6 mt-2 mt-m-0\">\n\t\t\t\t\t\t<div class=\"animation fadein fromright\" data-onscreen=\"false\">\n\t\t\t\t\t\t\t\t\t\t\t\t\t\t\t<h2>Das Ergebnis<\/h2>\n<p>  Play World Bracknell wurde 2024 errichtet &#8211; ein brandneuer Softplay-Bereich mit einer ganzen Reihe von Attraktionen, darunter eine Astra-Rutsche, Seilbr\u00fccken, ein interaktives Fu\u00dfballfeld, ein Freestyle Duo, B\u00e4lleb\u00e4der und ein Bereich f\u00fcr Babys und Kleinkinder.<br \/>\nDer Schl\u00fcssel zum Erfolg war die Zusammenarbeit mit der Baufirma Vincent-Stokes, die unsere Designpl\u00e4ne umsetzen konnte. Nach 3 Jahren konnten wir die Installation rechtzeitig und innerhalb des Budgets abschlie\u00dfen.<br \/>\nEntdecken Sie unsere neuesten Installationen <strong><a href=\"https:\/\/airparx.com\/de\/einrichtungen\/\">HIER<\/a><\/strong>  <\/p>\n\t\t\t\t\t\t\t\t\t\t\t\t\t\t\t\t<figure class=\"block hide-m\">\n\t\t\t\t\t\t\t\t\t<img data-src=\"https:\/\/airparx.com\/wp-content\/uploads\/2024\/09\/21.jpg\" \/>\n\t\t\t\t\t\t\t\t<\/figure>\n\t\t\t\t\t\t\t\t\t\t\t\t\t<\/div>\n\t\t\t\t\t<\/div>\n\t\t\t\t<\/div>\n\t\t\t<\/article>\n\t\t<\/div>\n\t<\/section>\n\n\t<section class=\"my-2 my-m-3 my-l-4\"><div class=\"wrap\"><div class=\"row\"><div class=\"col-12\">\n\n\n<div class=\"wp-block-group\"><div class=\"wp-block-group__inner-container is-layout-flow wp-block-group-is-layout-flow\">\n<section class=\"my-2 my-m-3 mt-l-4\">\n<div class=\"wrap\">\n<div class=\"row\">\n<article>\n<div class=\"col-12 col-m-7\">\n<h4>Kontaktieren Sie uns noch heute!<\/h4>\n<p>Sind Sie bereit, den n\u00e4chsten Schritt zu wagen und den Nervenkitzel an Ihren Standort zu bringen?\nNehmen Sie Kontakt mit uns auf, um weitere Informationen zu erhalten, Preise zu erfahren oder Ihre speziellen Anforderungen zu besprechen.\nUnser engagiertes Team bei Airparx hilft Ihnen gerne dabei, Ihre Vision in die Realit\u00e4t umzusetzen.  <\/p>\n\n<div class=\"wpcf7 no-js\" id=\"wpcf7-f6132-o1\" lang=\"de-DE\" dir=\"ltr\" data-wpcf7-id=\"6132\">\n<div class=\"screen-reader-response\"><p role=\"status\" aria-live=\"polite\" aria-atomic=\"true\"><\/p> <ul><\/ul><\/div>\n<form action=\"\/de\/wp-json\/wp\/v2\/pages\/9715#wpcf7-f6132-o1\" method=\"post\" class=\"wpcf7-form init\" aria-label=\"Kontaktformular\" novalidate=\"novalidate\" data-status=\"init\">\n<fieldset class=\"hidden-fields-container\"><input type=\"hidden\" name=\"_wpcf7\" value=\"6132\" \/><input type=\"hidden\" name=\"_wpcf7_version\" value=\"6.1.5\" \/><input type=\"hidden\" name=\"_wpcf7_locale\" value=\"de_DE\" \/><input type=\"hidden\" name=\"_wpcf7_unit_tag\" value=\"wpcf7-f6132-o1\" \/><input type=\"hidden\" name=\"_wpcf7_container_post\" value=\"0\" \/><input type=\"hidden\" name=\"_wpcf7_posted_data_hash\" value=\"\" \/><input type=\"hidden\" name=\"_wpcf7_recaptcha_response\" value=\"\" \/>\n<\/fieldset>\n<div class=\"row\">\n\t<div class=\"col-12 col-s-6\">\n\t\t<p><label for=\"Name\">Vorname*<\/label><br \/>\n<span class=\"wpcf7-form-control-wrap\" data-name=\"FirstName\"><input size=\"40\" maxlength=\"400\" class=\"wpcf7-form-control wpcf7-text wpcf7-validates-as-required\" aria-required=\"true\" aria-invalid=\"false\" value=\"\" type=\"text\" name=\"FirstName\" \/><\/span>\n\t\t<\/p>\n\t<\/div>\n\t<div class=\"col-12 col-s-6\">\n\t\t<p><label for=\"Name\">Nachname*<\/label><br \/>\n<span class=\"wpcf7-form-control-wrap\" data-name=\"LastName\"><input size=\"40\" maxlength=\"400\" class=\"wpcf7-form-control wpcf7-text wpcf7-validates-as-required\" aria-required=\"true\" aria-invalid=\"false\" value=\"\" type=\"text\" name=\"LastName\" \/><\/span>\n\t\t<\/p>\n\t<\/div>\n\t<div class=\"col-12 col-s-6 mt-05 mt-s-0\">\n\t\t<p><label for=\"Email\">E-Mail Adresse*<\/label><br \/>\n<span class=\"wpcf7-form-control-wrap\" data-name=\"Email\"><input size=\"40\" maxlength=\"400\" class=\"wpcf7-form-control wpcf7-email wpcf7-validates-as-required wpcf7-text wpcf7-validates-as-email\" aria-required=\"true\" aria-invalid=\"false\" value=\"\" type=\"email\" name=\"Email\" \/><\/span>\n\t\t<\/p>\n\t<\/div>\n<\/div>\n<div class=\"row\">\n\t<div class=\"col-12 col-s-6 mt-05 mt-s-0\">\n\t\t<p><label for=\"Company\">Firmenname (optional)<\/label><br \/>\n<span class=\"wpcf7-form-control-wrap\" data-name=\"Company\"><input size=\"40\" maxlength=\"400\" class=\"wpcf7-form-control wpcf7-text\" aria-invalid=\"false\" value=\"\" type=\"text\" name=\"Company\" \/><\/span>\n\t\t<\/p>\n\t<\/div>\n\t<div class=\"col-12 col-s-6\">\n\t\t<p><label for=\"Phone\">Telefonnummer (optional)<\/label><br \/>\n<span class=\"wpcf7-form-control-wrap\" data-name=\"Phone\"><input size=\"40\" maxlength=\"400\" class=\"wpcf7-form-control wpcf7-tel wpcf7-text wpcf7-validates-as-tel\" aria-invalid=\"false\" value=\"\" type=\"tel\" name=\"Phone\" \/><\/span>\n\t\t<\/p>\n\t<\/div>\n<\/div>\n<div class=\"row\">\n\t<div class=\"col-12 col-s-6\">\n\t\t<p><label for=\"Country\">Land (optional)<\/label><br \/>\n<span class=\"wpcf7-form-control-wrap\" data-name=\"Country\"><input size=\"40\" maxlength=\"400\" class=\"wpcf7-form-control wpcf7-text\" aria-invalid=\"false\" value=\"\" type=\"text\" name=\"Country\" \/><\/span>\n\t\t<\/p>\n\t<\/div>\n<\/div>\n<p><label for=\"Message\">Nachricht*<\/label><br \/>\n<span class=\"wpcf7-form-control-wrap\" data-name=\"Message\"><textarea cols=\"40\" rows=\"6\" maxlength=\"2000\" class=\"wpcf7-form-control wpcf7-textarea wpcf7-validates-as-required\" aria-required=\"true\" aria-invalid=\"false\" name=\"Message\"><\/textarea><\/span>\n<\/p>\n<p>Melden Sie sich f\u00fcr Marketing an, um \u00fcber unsere neuesten Produkte, Nachrichten und Sonderangebote informiert zu werden.<br \/>\n<span class=\"wpcf7-form-control-wrap\" data-name=\"newsletter\"><span class=\"wpcf7-form-control wpcf7-radio\"><span class=\"wpcf7-list-item first\"><label><input type=\"radio\" name=\"newsletter\" value=\"Ja\" \/><span class=\"wpcf7-list-item-label\">Ja<\/span><\/label><\/span><span class=\"wpcf7-list-item last\"><label><input type=\"radio\" name=\"newsletter\" value=\"Nein\" checked=\"checked\" \/><span class=\"wpcf7-list-item-label\">Nein<\/span><\/label><\/span><\/span><\/span>\n<\/p>\n<div id=\"refer-div\">\n<\/div>\n<p><input class=\"wpcf7-form-control wpcf7-submit has-spinner button\" type=\"submit\" value=\"Senden\" \/>\n<\/p><div class=\"wpcf7-response-output\" aria-hidden=\"true\"><\/div>\n<\/form>\n<\/div>\n\n<\/div>\n<p><!--.col--><\/p>\n<div class=\"col-5 col-xl-4 pull-xl-1 show-m mt-4\">\n<div class=\"usp-list\">\n<ul>\n<li>Branchenf\u00fchrer<\/li>\n<li>Schl\u00fcsselfertige L\u00f6sung<\/li>\n<li>Installationen rund um den Globus<\/li>\n<li>Eigene Herstellung<\/li>\n<li>F\u00fchrender Kundenservice  <\/li>\n<\/ul>\n<\/div>\n<p><!--.usp-list--><\/p>\n<h5 class=\"mt-2\">Rufen Sie uns alternativ an unter<\/h5>\n<p class=\"mt-05 text-cyan\"><strong> <i class=\"fa fa-phone mr-05\" aria-hidden=\"true\"><\/i>  +44(0) 1179 414918  <\/strong><\/p>\n<\/div>\n<p><!--.col--><\/p>\n<\/article>\n<\/div>\n<p><!--.row--><\/p>\n<\/div>\n<p><!--.wrap--><\/p>\n<\/section>\n<\/div><\/div>\n","protected":false},"excerpt":{"rendered":"<p>Softplay-Bereich f\u00fcr ein Freizeitzentrum in Gro\u00dfbritannien &#8222;Wir k\u00f6nnten nicht begeisterter \u00fcber die Umgestaltung unseres Spielplatzes sein. Von Anfang an hat Airparx mit seinen innovativen Designs und seiner Liebe zum Detail unsere Erwartungen \u00fcbertroffen. Sie haben sich die Zeit genommen, unsere Visionen zu verstehen und sie auf eine Art und Weise zum Leben erweckt, die wir [&hellip;]<\/p>\n","protected":false},"author":1,"featured_media":9415,"parent":5710,"menu_order":0,"comment_status":"closed","ping_status":"closed","template":"","meta":{"_acf_changed":false,"footnotes":""},"class_list":["post-9715","page","type-page","status-publish","has-post-thumbnail","hentry"],"acf":[],"yoast_head":"<!-- This site is optimized with the Yoast SEO Premium plugin v26.7 (Yoast SEO v27.5) - https:\/\/yoast.com\/product\/yoast-seo-premium-wordpress\/ -->\n<title>Airparx Installation - Alle aktiv - Airparx<\/title>\n<meta name=\"description\" content=\"Airparx wurde von Everyone Active mit dem Entwurf, der Herstellung und der Installation eines neuen Softplay-Bereichs in einer der Filialen des Freizeitzentrums beauftragt.\" \/>\n<meta name=\"robots\" content=\"index, follow, max-snippet:-1, max-image-preview:large, max-video-preview:-1\" \/>\n<link rel=\"canonical\" href=\"https:\/\/airparx.com\/de\/ausgewahlte-installationen\/airparx-installation-alle-aktiv\/\" \/>\n<meta property=\"og:locale\" content=\"de_DE\" \/>\n<meta property=\"og:type\" content=\"article\" \/>\n<meta property=\"og:title\" content=\"Airparx Installation - Alle aktiv\" \/>\n<meta property=\"og:description\" content=\"Airparx wurde von Everyone Active mit dem Entwurf, der Herstellung und der Installation eines neuen Softplay-Bereichs in einer der Filialen des Freizeitzentrums beauftragt.\" \/>\n<meta property=\"og:url\" content=\"https:\/\/airparx.com\/de\/ausgewahlte-installationen\/airparx-installation-alle-aktiv\/\" \/>\n<meta property=\"og:site_name\" content=\"Airparx\" \/>\n<meta property=\"article:publisher\" content=\"https:\/\/www.facebook.com\/Airparx\/\" \/>\n<meta property=\"article:modified_time\" content=\"2024-09-13T07:58:07+00:00\" \/>\n<meta property=\"og:image\" content=\"https:\/\/airparx.com\/wp-content\/uploads\/2024\/09\/17.jpg\" \/>\n\t<meta property=\"og:image:width\" content=\"1366\" \/>\n\t<meta property=\"og:image:height\" content=\"768\" \/>\n\t<meta property=\"og:image:type\" content=\"image\/jpeg\" \/>\n<meta name=\"twitter:card\" content=\"summary_large_image\" \/>\n<meta name=\"twitter:label1\" content=\"Gesch\u00e4tzte Lesezeit\" \/>\n\t<meta name=\"twitter:data1\" content=\"2\u00a0Minuten\" \/>\n<script type=\"application\/ld+json\" class=\"yoast-schema-graph\">{\"@context\":\"https:\\\/\\\/schema.org\",\"@graph\":[{\"@type\":\"WebPage\",\"@id\":\"https:\\\/\\\/airparx.com\\\/de\\\/ausgewahlte-installationen\\\/airparx-installation-alle-aktiv\\\/\",\"url\":\"https:\\\/\\\/airparx.com\\\/de\\\/ausgewahlte-installationen\\\/airparx-installation-alle-aktiv\\\/\",\"name\":\"Airparx Installation - Alle aktiv - Airparx\",\"isPartOf\":{\"@id\":\"https:\\\/\\\/airparx.com\\\/de\\\/#website\"},\"primaryImageOfPage\":{\"@id\":\"https:\\\/\\\/airparx.com\\\/de\\\/ausgewahlte-installationen\\\/airparx-installation-alle-aktiv\\\/#primaryimage\"},\"image\":{\"@id\":\"https:\\\/\\\/airparx.com\\\/de\\\/ausgewahlte-installationen\\\/airparx-installation-alle-aktiv\\\/#primaryimage\"},\"thumbnailUrl\":\"https:\\\/\\\/airparx.com\\\/wp-content\\\/uploads\\\/2024\\\/09\\\/17.jpg\",\"datePublished\":\"2024-09-12T12:30:16+00:00\",\"dateModified\":\"2024-09-13T07:58:07+00:00\",\"description\":\"Airparx wurde von Everyone Active mit dem Entwurf, der Herstellung und der Installation eines neuen Softplay-Bereichs in einer der Filialen des Freizeitzentrums beauftragt.\",\"breadcrumb\":{\"@id\":\"https:\\\/\\\/airparx.com\\\/de\\\/ausgewahlte-installationen\\\/airparx-installation-alle-aktiv\\\/#breadcrumb\"},\"inLanguage\":\"de\",\"potentialAction\":[{\"@type\":\"ReadAction\",\"target\":[\"https:\\\/\\\/airparx.com\\\/de\\\/ausgewahlte-installationen\\\/airparx-installation-alle-aktiv\\\/\"]}]},{\"@type\":\"ImageObject\",\"inLanguage\":\"de\",\"@id\":\"https:\\\/\\\/airparx.com\\\/de\\\/ausgewahlte-installationen\\\/airparx-installation-alle-aktiv\\\/#primaryimage\",\"url\":\"https:\\\/\\\/airparx.com\\\/wp-content\\\/uploads\\\/2024\\\/09\\\/17.jpg\",\"contentUrl\":\"https:\\\/\\\/airparx.com\\\/wp-content\\\/uploads\\\/2024\\\/09\\\/17.jpg\",\"width\":1366,\"height\":768,\"caption\":\"Play World - Bracknell Leisure Centre\"},{\"@type\":\"BreadcrumbList\",\"@id\":\"https:\\\/\\\/airparx.com\\\/de\\\/ausgewahlte-installationen\\\/airparx-installation-alle-aktiv\\\/#breadcrumb\",\"itemListElement\":[{\"@type\":\"ListItem\",\"position\":1,\"name\":\"Home\",\"item\":\"https:\\\/\\\/airparx.com\\\/de\\\/\"},{\"@type\":\"ListItem\",\"position\":2,\"name\":\"Ausgew\u00e4hlte Installationen\",\"item\":\"https:\\\/\\\/airparx.com\\\/de\\\/ausgewahlte-installationen\\\/\"},{\"@type\":\"ListItem\",\"position\":3,\"name\":\"Airparx Installation &#8211; Alle aktiv\"}]},{\"@type\":\"WebSite\",\"@id\":\"https:\\\/\\\/airparx.com\\\/de\\\/#website\",\"url\":\"https:\\\/\\\/airparx.com\\\/de\\\/\",\"name\":\"Airparx\",\"description\":\"Inflatable &amp; Trampoline Park Supplier\",\"publisher\":{\"@id\":\"https:\\\/\\\/airparx.com\\\/de\\\/#organization\"},\"potentialAction\":[{\"@type\":\"SearchAction\",\"target\":{\"@type\":\"EntryPoint\",\"urlTemplate\":\"https:\\\/\\\/airparx.com\\\/de\\\/?s={search_term_string}\"},\"query-input\":{\"@type\":\"PropertyValueSpecification\",\"valueRequired\":true,\"valueName\":\"search_term_string\"}}],\"inLanguage\":\"de\"},{\"@type\":\"Organization\",\"@id\":\"https:\\\/\\\/airparx.com\\\/de\\\/#organization\",\"name\":\"Airparx\",\"url\":\"https:\\\/\\\/airparx.com\\\/de\\\/\",\"logo\":{\"@type\":\"ImageObject\",\"inLanguage\":\"de\",\"@id\":\"https:\\\/\\\/airparx.com\\\/de\\\/#\\\/schema\\\/logo\\\/image\\\/\",\"url\":\"https:\\\/\\\/airparx.com\\\/wp-content\\\/uploads\\\/2022\\\/06\\\/Airparx_Logo.png\",\"contentUrl\":\"https:\\\/\\\/airparx.com\\\/wp-content\\\/uploads\\\/2022\\\/06\\\/Airparx_Logo.png\",\"width\":1127,\"height\":461,\"caption\":\"Airparx\"},\"image\":{\"@id\":\"https:\\\/\\\/airparx.com\\\/de\\\/#\\\/schema\\\/logo\\\/image\\\/\"},\"sameAs\":[\"https:\\\/\\\/www.facebook.com\\\/Airparx\\\/\",\"https:\\\/\\\/www.instagram.com\\\/airparx\\\/\",\"https:\\\/\\\/www.youtube.com\\\/playlist?list=PL2LZnxdxb4eX2paMpuL0QxEvopAtGzyqY\",\"https:\\\/\\\/www.linkedin.com\\\/company\\\/airparx\\\/\"]}]}<\/script>\n<!-- \/ Yoast SEO Premium plugin. -->","yoast_head_json":{"title":"Airparx Installation - Alle aktiv - Airparx","description":"Airparx wurde von Everyone Active mit dem Entwurf, der Herstellung und der Installation eines neuen Softplay-Bereichs in einer der Filialen des Freizeitzentrums beauftragt.","robots":{"index":"index","follow":"follow","max-snippet":"max-snippet:-1","max-image-preview":"max-image-preview:large","max-video-preview":"max-video-preview:-1"},"canonical":"https:\/\/airparx.com\/de\/ausgewahlte-installationen\/airparx-installation-alle-aktiv\/","og_locale":"de_DE","og_type":"article","og_title":"Airparx Installation - Alle aktiv","og_description":"Airparx wurde von Everyone Active mit dem Entwurf, der Herstellung und der Installation eines neuen Softplay-Bereichs in einer der Filialen des Freizeitzentrums beauftragt.","og_url":"https:\/\/airparx.com\/de\/ausgewahlte-installationen\/airparx-installation-alle-aktiv\/","og_site_name":"Airparx","article_publisher":"https:\/\/www.facebook.com\/Airparx\/","article_modified_time":"2024-09-13T07:58:07+00:00","og_image":[{"width":1366,"height":768,"url":"https:\/\/airparx.com\/wp-content\/uploads\/2024\/09\/17.jpg","type":"image\/jpeg"}],"twitter_card":"summary_large_image","twitter_misc":{"Gesch\u00e4tzte Lesezeit":"2\u00a0Minuten"},"schema":{"@context":"https:\/\/schema.org","@graph":[{"@type":"WebPage","@id":"https:\/\/airparx.com\/de\/ausgewahlte-installationen\/airparx-installation-alle-aktiv\/","url":"https:\/\/airparx.com\/de\/ausgewahlte-installationen\/airparx-installation-alle-aktiv\/","name":"Airparx Installation - Alle aktiv - Airparx","isPartOf":{"@id":"https:\/\/airparx.com\/de\/#website"},"primaryImageOfPage":{"@id":"https:\/\/airparx.com\/de\/ausgewahlte-installationen\/airparx-installation-alle-aktiv\/#primaryimage"},"image":{"@id":"https:\/\/airparx.com\/de\/ausgewahlte-installationen\/airparx-installation-alle-aktiv\/#primaryimage"},"thumbnailUrl":"https:\/\/airparx.com\/wp-content\/uploads\/2024\/09\/17.jpg","datePublished":"2024-09-12T12:30:16+00:00","dateModified":"2024-09-13T07:58:07+00:00","description":"Airparx wurde von Everyone Active mit dem Entwurf, der Herstellung und der Installation eines neuen Softplay-Bereichs in einer der Filialen des Freizeitzentrums beauftragt.","breadcrumb":{"@id":"https:\/\/airparx.com\/de\/ausgewahlte-installationen\/airparx-installation-alle-aktiv\/#breadcrumb"},"inLanguage":"de","potentialAction":[{"@type":"ReadAction","target":["https:\/\/airparx.com\/de\/ausgewahlte-installationen\/airparx-installation-alle-aktiv\/"]}]},{"@type":"ImageObject","inLanguage":"de","@id":"https:\/\/airparx.com\/de\/ausgewahlte-installationen\/airparx-installation-alle-aktiv\/#primaryimage","url":"https:\/\/airparx.com\/wp-content\/uploads\/2024\/09\/17.jpg","contentUrl":"https:\/\/airparx.com\/wp-content\/uploads\/2024\/09\/17.jpg","width":1366,"height":768,"caption":"Play World - Bracknell Leisure Centre"},{"@type":"BreadcrumbList","@id":"https:\/\/airparx.com\/de\/ausgewahlte-installationen\/airparx-installation-alle-aktiv\/#breadcrumb","itemListElement":[{"@type":"ListItem","position":1,"name":"Home","item":"https:\/\/airparx.com\/de\/"},{"@type":"ListItem","position":2,"name":"Ausgew\u00e4hlte Installationen","item":"https:\/\/airparx.com\/de\/ausgewahlte-installationen\/"},{"@type":"ListItem","position":3,"name":"Airparx Installation &#8211; Alle aktiv"}]},{"@type":"WebSite","@id":"https:\/\/airparx.com\/de\/#website","url":"https:\/\/airparx.com\/de\/","name":"Airparx","description":"Inflatable &amp; Trampoline Park Supplier","publisher":{"@id":"https:\/\/airparx.com\/de\/#organization"},"potentialAction":[{"@type":"SearchAction","target":{"@type":"EntryPoint","urlTemplate":"https:\/\/airparx.com\/de\/?s={search_term_string}"},"query-input":{"@type":"PropertyValueSpecification","valueRequired":true,"valueName":"search_term_string"}}],"inLanguage":"de"},{"@type":"Organization","@id":"https:\/\/airparx.com\/de\/#organization","name":"Airparx","url":"https:\/\/airparx.com\/de\/","logo":{"@type":"ImageObject","inLanguage":"de","@id":"https:\/\/airparx.com\/de\/#\/schema\/logo\/image\/","url":"https:\/\/airparx.com\/wp-content\/uploads\/2022\/06\/Airparx_Logo.png","contentUrl":"https:\/\/airparx.com\/wp-content\/uploads\/2022\/06\/Airparx_Logo.png","width":1127,"height":461,"caption":"Airparx"},"image":{"@id":"https:\/\/airparx.com\/de\/#\/schema\/logo\/image\/"},"sameAs":["https:\/\/www.facebook.com\/Airparx\/","https:\/\/www.instagram.com\/airparx\/","https:\/\/www.youtube.com\/playlist?list=PL2LZnxdxb4eX2paMpuL0QxEvopAtGzyqY","https:\/\/www.linkedin.com\/company\/airparx\/"]}]}},"_links":{"self":[{"href":"https:\/\/airparx.com\/de\/wp-json\/wp\/v2\/pages\/9715","targetHints":{"allow":["GET"]}}],"collection":[{"href":"https:\/\/airparx.com\/de\/wp-json\/wp\/v2\/pages"}],"about":[{"href":"https:\/\/airparx.com\/de\/wp-json\/wp\/v2\/types\/page"}],"author":[{"embeddable":true,"href":"https:\/\/airparx.com\/de\/wp-json\/wp\/v2\/users\/1"}],"replies":[{"embeddable":true,"href":"https:\/\/airparx.com\/de\/wp-json\/wp\/v2\/comments?post=9715"}],"version-history":[{"count":2,"href":"https:\/\/airparx.com\/de\/wp-json\/wp\/v2\/pages\/9715\/revisions"}],"predecessor-version":[{"id":9797,"href":"https:\/\/airparx.com\/de\/wp-json\/wp\/v2\/pages\/9715\/revisions\/9797"}],"up":[{"embeddable":true,"href":"https:\/\/airparx.com\/de\/wp-json\/wp\/v2\/pages\/5710"}],"wp:featuredmedia":[{"embeddable":true,"href":"https:\/\/airparx.com\/de\/wp-json\/wp\/v2\/media\/9415"}],"wp:attachment":[{"href":"https:\/\/airparx.com\/de\/wp-json\/wp\/v2\/media?parent=9715"}],"curies":[{"name":"wp","href":"https:\/\/api.w.org\/{rel}","templated":true}]}}