{"id":12580,"date":"2026-01-30T12:16:09","date_gmt":"2026-01-30T12:16:09","guid":{"rendered":"https:\/\/airparx.com\/installations\/owaza\/"},"modified":"2026-01-30T12:16:09","modified_gmt":"2026-01-30T12:16:09","slug":"owaza","status":"publish","type":"product","link":"https:\/\/airparx.com\/de\/installations\/owaza\/","title":{"rendered":"Owaza"},"content":{"rendered":"<div class=\"css-e3521u css-1rm7u2e css-1k07npk css-1v8x7dw\">\n<div class=\"css-1xqtj3d-resultContainer\">\n<div class=\"css-e3521u css-1rm7u2e css-1k07npk css-1v8x7dw\">\n<div class=\"css-1xqtj3d-resultContainer\">\n<p>In Fortf\u00fchrung unserer Tradition aus den Vorjahren war 2025 f\u00fcr Airparx erneut eine spannende Phase des Wachstums und der Zusammenarbeit. Wir hatten das Vergn\u00fcgen, eng mit vielen unserer treuen Stammkunden zusammenzuarbeiten, bestehende Partnerschaften zu st\u00e4rken und zugleich mehrere neue Franchises in der wachsenden Airparx-Familie willkommen zu hei\u00dfen. Diese Mischung aus langj\u00e4hrigen Beziehungen und neuen Chancen unterstreicht unser Engagement, die sich wandelnden Anforderungen der Freizeit- und Attraktionsbranche zu unterst\u00fctzen.<\/p>\n<p>Eines der herausragenden Projekte des Jahres war eine bedeutende Installation f\u00fcr OWAZA, einen neuen Kunden mit Sitz in Charleroi, Belgien. F\u00fcr OWAZA haben wir einen gro\u00dfen, zweist\u00f6ckigen H\u00fcpfpark entworfen und geliefert, der Besucherinnen und Besuchern ein dynamisches, mitrei\u00dfendes Erlebnis bietet. Das innovative Layout beginnt auf der Empore und geht nahtlos in das gesamte Erdgeschoss \u00fcber; verschiedene aufblasbare Bereiche sind durch eine beeindruckende, gro\u00dfz\u00fcgige Rampenrutsche miteinander verbunden. Dieses durchdachte Design maximiert sowohl den Spielwert als auch den Besucherfluss und sorgt f\u00fcr ein unvergessliches Erlebnis f\u00fcr alle Altersgruppen.<\/p>\n<p>Obwohl dies OWAZAs erster Schritt in den Markt der Family Entertainment Center (FEC) ist, bringen die Eigent\u00fcmer umfangreiche Erfahrung aus dem erfolgreichen Betrieb von Sport- und Freizeitanlagen mit, darunter beliebte Padelpl\u00e4tze. Ihr Hintergrund in der Bereitstellung hochwertiger Freizeiterlebnisse schafft beste Voraussetzungen f\u00fcr den Erfolg in diesem neuen Segment. Mit weiteren Installationen, die bereits in der Planungsphase sind, ist OWAZA bestens aufgestellt, sich als starke und innovative Marke in Europas wettbewerbsintensiver FEC-Landschaft zu etablieren.<\/p>\n<\/div>\n<\/div>\n<\/div>\n<\/div>\n","protected":false},"excerpt":{"rendered":"<p>In Fortf\u00fchrung unserer Tradition aus den Vorjahren war 2025 f\u00fcr Airparx erneut eine spannende Phase des Wachstums und der Zusammenarbeit. Wir hatten das Vergn\u00fcgen, eng mit vielen unserer treuen Stammkunden zusammenzuarbeiten, bestehende Partnerschaften zu st\u00e4rken und zugleich mehrere neue Franchises in der wachsenden Airparx-Familie willkommen zu hei\u00dfen. Diese Mischung aus langj\u00e4hrigen Beziehungen und neuen Chancen [&hellip;]<\/p>\n","protected":false},"featured_media":12496,"template":"","meta":{"_acf_changed":false},"product_brand":[],"product_cat":[99],"product_tag":[],"class_list":{"0":"post-12580","1":"product","2":"type-product","3":"status-publish","4":"has-post-thumbnail","6":"product_cat-aufblasbare-parks","8":"first","9":"instock","10":"shipping-taxable","11":"product-type-simple"},"acf":[],"yoast_head":"<!-- This site is optimized with the Yoast SEO Premium plugin v26.7 (Yoast SEO v27.3) - https:\/\/yoast.com\/product\/yoast-seo-premium-wordpress\/ -->\n<title>Owaza - Airparx<\/title>\n<meta name=\"robots\" content=\"index, follow, max-snippet:-1, max-image-preview:large, max-video-preview:-1\" \/>\n<link rel=\"canonical\" href=\"https:\/\/airparx.com\/de\/installations\/owaza\/\" \/>\n<meta property=\"og:locale\" content=\"de_DE\" \/>\n<meta property=\"og:type\" content=\"article\" \/>\n<meta property=\"og:title\" content=\"Owaza\" \/>\n<meta property=\"og:description\" content=\"In Fortf\u00fchrung unserer Tradition aus den Vorjahren war 2025 f\u00fcr Airparx erneut eine spannende Phase des Wachstums und der Zusammenarbeit. Wir hatten das Vergn\u00fcgen, eng mit vielen unserer treuen Stammkunden zusammenzuarbeiten, bestehende Partnerschaften zu st\u00e4rken und zugleich mehrere neue Franchises in der wachsenden Airparx-Familie willkommen zu hei\u00dfen. Diese Mischung aus langj\u00e4hrigen Beziehungen und neuen Chancen [&hellip;]\" \/>\n<meta property=\"og:url\" content=\"https:\/\/airparx.com\/de\/installations\/owaza\/\" \/>\n<meta property=\"og:site_name\" content=\"Airparx\" \/>\n<meta property=\"article:publisher\" content=\"https:\/\/www.facebook.com\/Airparx\/\" \/>\n<meta property=\"og:image\" content=\"https:\/\/airparx.com\/wp-content\/uploads\/2026\/01\/Owaza_10-scaled.jpg\" \/>\n\t<meta property=\"og:image:width\" content=\"2560\" \/>\n\t<meta property=\"og:image:height\" content=\"1920\" \/>\n\t<meta property=\"og:image:type\" content=\"image\/jpeg\" \/>\n<meta name=\"twitter:card\" content=\"summary_large_image\" \/>\n<meta name=\"twitter:label1\" content=\"Gesch\u00e4tzte Lesezeit\" \/>\n\t<meta name=\"twitter:data1\" content=\"1\u00a0Minute\" \/>\n<script type=\"application\/ld+json\" class=\"yoast-schema-graph\">{\"@context\":\"https:\\\/\\\/schema.org\",\"@graph\":[{\"@type\":\"WebPage\",\"@id\":\"https:\\\/\\\/airparx.com\\\/de\\\/installations\\\/owaza\\\/\",\"url\":\"https:\\\/\\\/airparx.com\\\/de\\\/installations\\\/owaza\\\/\",\"name\":\"Owaza - Airparx\",\"isPartOf\":{\"@id\":\"https:\\\/\\\/airparx.com\\\/de\\\/#website\"},\"primaryImageOfPage\":{\"@id\":\"https:\\\/\\\/airparx.com\\\/de\\\/installations\\\/owaza\\\/#primaryimage\"},\"image\":{\"@id\":\"https:\\\/\\\/airparx.com\\\/de\\\/installations\\\/owaza\\\/#primaryimage\"},\"thumbnailUrl\":\"https:\\\/\\\/airparx.com\\\/wp-content\\\/uploads\\\/2026\\\/01\\\/Owaza_10-scaled.jpg\",\"datePublished\":\"2026-01-30T12:16:09+00:00\",\"breadcrumb\":{\"@id\":\"https:\\\/\\\/airparx.com\\\/de\\\/installations\\\/owaza\\\/#breadcrumb\"},\"inLanguage\":\"de\",\"potentialAction\":[{\"@type\":\"ReadAction\",\"target\":[\"https:\\\/\\\/airparx.com\\\/de\\\/installations\\\/owaza\\\/\"]}]},{\"@type\":\"ImageObject\",\"inLanguage\":\"de\",\"@id\":\"https:\\\/\\\/airparx.com\\\/de\\\/installations\\\/owaza\\\/#primaryimage\",\"url\":\"https:\\\/\\\/airparx.com\\\/wp-content\\\/uploads\\\/2026\\\/01\\\/Owaza_10-scaled.jpg\",\"contentUrl\":\"https:\\\/\\\/airparx.com\\\/wp-content\\\/uploads\\\/2026\\\/01\\\/Owaza_10-scaled.jpg\",\"width\":2560,\"height\":1920},{\"@type\":\"BreadcrumbList\",\"@id\":\"https:\\\/\\\/airparx.com\\\/de\\\/installations\\\/owaza\\\/#breadcrumb\",\"itemListElement\":[{\"@type\":\"ListItem\",\"position\":1,\"name\":\"Home\",\"item\":\"https:\\\/\\\/airparx.com\\\/de\\\/\"},{\"@type\":\"ListItem\",\"position\":2,\"name\":\"Owaza\"}]},{\"@type\":\"WebSite\",\"@id\":\"https:\\\/\\\/airparx.com\\\/de\\\/#website\",\"url\":\"https:\\\/\\\/airparx.com\\\/de\\\/\",\"name\":\"Airparx\",\"description\":\"Inflatable &amp; Trampoline Park Supplier\",\"publisher\":{\"@id\":\"https:\\\/\\\/airparx.com\\\/de\\\/#organization\"},\"potentialAction\":[{\"@type\":\"SearchAction\",\"target\":{\"@type\":\"EntryPoint\",\"urlTemplate\":\"https:\\\/\\\/airparx.com\\\/de\\\/?s={search_term_string}\"},\"query-input\":{\"@type\":\"PropertyValueSpecification\",\"valueRequired\":true,\"valueName\":\"search_term_string\"}}],\"inLanguage\":\"de\"},{\"@type\":\"Organization\",\"@id\":\"https:\\\/\\\/airparx.com\\\/de\\\/#organization\",\"name\":\"Airparx\",\"url\":\"https:\\\/\\\/airparx.com\\\/de\\\/\",\"logo\":{\"@type\":\"ImageObject\",\"inLanguage\":\"de\",\"@id\":\"https:\\\/\\\/airparx.com\\\/de\\\/#\\\/schema\\\/logo\\\/image\\\/\",\"url\":\"https:\\\/\\\/airparx.com\\\/wp-content\\\/uploads\\\/2022\\\/06\\\/Airparx_Logo.png\",\"contentUrl\":\"https:\\\/\\\/airparx.com\\\/wp-content\\\/uploads\\\/2022\\\/06\\\/Airparx_Logo.png\",\"width\":1127,\"height\":461,\"caption\":\"Airparx\"},\"image\":{\"@id\":\"https:\\\/\\\/airparx.com\\\/de\\\/#\\\/schema\\\/logo\\\/image\\\/\"},\"sameAs\":[\"https:\\\/\\\/www.facebook.com\\\/Airparx\\\/\",\"https:\\\/\\\/www.instagram.com\\\/airparx\\\/\",\"https:\\\/\\\/www.youtube.com\\\/playlist?list=PL2LZnxdxb4eX2paMpuL0QxEvopAtGzyqY\",\"https:\\\/\\\/www.linkedin.com\\\/company\\\/airparx\\\/\"]}]}<\/script>\n<!-- \/ Yoast SEO Premium plugin. -->","yoast_head_json":{"title":"Owaza - Airparx","robots":{"index":"index","follow":"follow","max-snippet":"max-snippet:-1","max-image-preview":"max-image-preview:large","max-video-preview":"max-video-preview:-1"},"canonical":"https:\/\/airparx.com\/de\/installations\/owaza\/","og_locale":"de_DE","og_type":"article","og_title":"Owaza","og_description":"In Fortf\u00fchrung unserer Tradition aus den Vorjahren war 2025 f\u00fcr Airparx erneut eine spannende Phase des Wachstums und der Zusammenarbeit. Wir hatten das Vergn\u00fcgen, eng mit vielen unserer treuen Stammkunden zusammenzuarbeiten, bestehende Partnerschaften zu st\u00e4rken und zugleich mehrere neue Franchises in der wachsenden Airparx-Familie willkommen zu hei\u00dfen. Diese Mischung aus langj\u00e4hrigen Beziehungen und neuen Chancen [&hellip;]","og_url":"https:\/\/airparx.com\/de\/installations\/owaza\/","og_site_name":"Airparx","article_publisher":"https:\/\/www.facebook.com\/Airparx\/","og_image":[{"width":2560,"height":1920,"url":"https:\/\/airparx.com\/wp-content\/uploads\/2026\/01\/Owaza_10-scaled.jpg","type":"image\/jpeg"}],"twitter_card":"summary_large_image","twitter_misc":{"Gesch\u00e4tzte Lesezeit":"1\u00a0Minute"},"schema":{"@context":"https:\/\/schema.org","@graph":[{"@type":"WebPage","@id":"https:\/\/airparx.com\/de\/installations\/owaza\/","url":"https:\/\/airparx.com\/de\/installations\/owaza\/","name":"Owaza - Airparx","isPartOf":{"@id":"https:\/\/airparx.com\/de\/#website"},"primaryImageOfPage":{"@id":"https:\/\/airparx.com\/de\/installations\/owaza\/#primaryimage"},"image":{"@id":"https:\/\/airparx.com\/de\/installations\/owaza\/#primaryimage"},"thumbnailUrl":"https:\/\/airparx.com\/wp-content\/uploads\/2026\/01\/Owaza_10-scaled.jpg","datePublished":"2026-01-30T12:16:09+00:00","breadcrumb":{"@id":"https:\/\/airparx.com\/de\/installations\/owaza\/#breadcrumb"},"inLanguage":"de","potentialAction":[{"@type":"ReadAction","target":["https:\/\/airparx.com\/de\/installations\/owaza\/"]}]},{"@type":"ImageObject","inLanguage":"de","@id":"https:\/\/airparx.com\/de\/installations\/owaza\/#primaryimage","url":"https:\/\/airparx.com\/wp-content\/uploads\/2026\/01\/Owaza_10-scaled.jpg","contentUrl":"https:\/\/airparx.com\/wp-content\/uploads\/2026\/01\/Owaza_10-scaled.jpg","width":2560,"height":1920},{"@type":"BreadcrumbList","@id":"https:\/\/airparx.com\/de\/installations\/owaza\/#breadcrumb","itemListElement":[{"@type":"ListItem","position":1,"name":"Home","item":"https:\/\/airparx.com\/de\/"},{"@type":"ListItem","position":2,"name":"Owaza"}]},{"@type":"WebSite","@id":"https:\/\/airparx.com\/de\/#website","url":"https:\/\/airparx.com\/de\/","name":"Airparx","description":"Inflatable &amp; Trampoline Park Supplier","publisher":{"@id":"https:\/\/airparx.com\/de\/#organization"},"potentialAction":[{"@type":"SearchAction","target":{"@type":"EntryPoint","urlTemplate":"https:\/\/airparx.com\/de\/?s={search_term_string}"},"query-input":{"@type":"PropertyValueSpecification","valueRequired":true,"valueName":"search_term_string"}}],"inLanguage":"de"},{"@type":"Organization","@id":"https:\/\/airparx.com\/de\/#organization","name":"Airparx","url":"https:\/\/airparx.com\/de\/","logo":{"@type":"ImageObject","inLanguage":"de","@id":"https:\/\/airparx.com\/de\/#\/schema\/logo\/image\/","url":"https:\/\/airparx.com\/wp-content\/uploads\/2022\/06\/Airparx_Logo.png","contentUrl":"https:\/\/airparx.com\/wp-content\/uploads\/2022\/06\/Airparx_Logo.png","width":1127,"height":461,"caption":"Airparx"},"image":{"@id":"https:\/\/airparx.com\/de\/#\/schema\/logo\/image\/"},"sameAs":["https:\/\/www.facebook.com\/Airparx\/","https:\/\/www.instagram.com\/airparx\/","https:\/\/www.youtube.com\/playlist?list=PL2LZnxdxb4eX2paMpuL0QxEvopAtGzyqY","https:\/\/www.linkedin.com\/company\/airparx\/"]}]}},"_links":{"self":[{"href":"https:\/\/airparx.com\/de\/wp-json\/wp\/v2\/product\/12580","targetHints":{"allow":["GET"]}}],"collection":[{"href":"https:\/\/airparx.com\/de\/wp-json\/wp\/v2\/product"}],"about":[{"href":"https:\/\/airparx.com\/de\/wp-json\/wp\/v2\/types\/product"}],"wp:featuredmedia":[{"embeddable":true,"href":"https:\/\/airparx.com\/de\/wp-json\/wp\/v2\/media\/12496"}],"wp:attachment":[{"href":"https:\/\/airparx.com\/de\/wp-json\/wp\/v2\/media?parent=12580"}],"wp:term":[{"taxonomy":"product_brand","embeddable":true,"href":"https:\/\/airparx.com\/de\/wp-json\/wp\/v2\/product_brand?post=12580"},{"taxonomy":"product_cat","embeddable":true,"href":"https:\/\/airparx.com\/de\/wp-json\/wp\/v2\/product_cat?post=12580"},{"taxonomy":"product_tag","embeddable":true,"href":"https:\/\/airparx.com\/de\/wp-json\/wp\/v2\/product_tag?post=12580"}],"curies":[{"name":"wp","href":"https:\/\/api.w.org\/{rel}","templated":true}]}}