{"id":12591,"date":"2025-11-17T15:36:17","date_gmt":"2025-11-17T15:36:17","guid":{"rendered":"https:\/\/airparx.com\/installations\/ultimate-warriors\/"},"modified":"2025-11-17T15:36:17","modified_gmt":"2025-11-17T15:36:17","slug":"ultimate-warriors","status":"publish","type":"product","link":"https:\/\/airparx.com\/de\/installations\/ultimate-warriors\/","title":{"rendered":"Ultimate Warriors"},"content":{"rendered":"<p>Ultimate Warriors war eine unserer spannendsten und aufregendsten Modernisierungen, die wir im Jahr 2025 abgeschlossen haben. Der Standort verf\u00fcgte urspr\u00fcnglich \u00fcber mehrere Ninja-Parcours. In enger Zusammenarbeit mit dem Kunden haben wir diese umgestaltet, um den verf\u00fcgbaren Platz optimal zu nutzen und gleichzeitig neue Funktionen f\u00fcr ein verbessertes Besuchererlebnis einzuf\u00fchren.<\/p>\n<p>Vom ersten Entwurf \u00fcber die Fertigung bis hin zur Installation hat jede Abteilung bei Airparx mit Engagement und Pr\u00e4zision dazu beigetragen, dieses Konzept zum Leben zu erwecken. Die Modernisierung erg\u00e4nzte den bestehenden Ninja-Parcours um herausfordernde neue Hindernisse, die Besuchern aller Leistungsstufen mehr Abwechslung und Motivation bieten.<\/p>\n<p>Zudem haben wir einen v\u00f6llig neuen aufblasbaren Hindernisparcours eingef\u00fchrt, der mit seinen federnden, dynamischen Oberfl\u00e4chen f\u00fcr ein energiegeladenes Rennerlebnis sorgt. Ein Highlight der Modernisierung ist der zweist\u00f6ckige Ninja-Run, der eine spannende Kombination aus Hindernis- und Rutschabschnitten bietet. Der Park wurde zudem um eine Rutschstange und eine Warped Wall erweitert \u2013 sorgf\u00e4ltig konzipiert, um Besucher jeden Alters und jeder F\u00e4higkeit herauszufordern und zu unterhalten.<\/p>\n<p>Das Ergebnis ist ein komplett transformierter Standort, der eine nahtlose Mischung aus Nervenkitzel, Herausforderung und Spa\u00df bietet. Ultimate Warriors ist nun ein Paradebeispiel daf\u00fcr, wie sorgf\u00e4ltige Planung, innovatives Design und gemeinschaftliche Umsetzung einem Familienfreizeitzentrum neues Leben einhauchen und Besucher immer wieder aufs Neue begeistern k\u00f6nnen.<\/p>\n<p>\u201eAirparx hat sich als exzellenter Partner f\u00fcr unser Rebranding- und Umbauprojekt erwiesen. Die Unterst\u00fctzung und Kommunikation von der Erstberatung \u00fcber das Design und den Bau bis hin zur Nachbetreuung waren vorbildlich. Die umfassenden 3D-Entw\u00fcrfe gaben uns ein hohes Ma\u00df an Sicherheit, und die Arbeitsmoral sowie das Engagement w\u00e4hrend der gesamten Bauphase waren herausragend. Wir sind von unserer neuen Ausstattung sowohl \u00e4sthetisch als auch qualitativ begeistert und freuen uns auf die zuk\u00fcnftige Zusammenarbeit mit Airparx.\u201c<\/p>\n<p>Sarah Greaves<br \/>\nUltimate Warriors Gloucester<\/p>\n","protected":false},"excerpt":{"rendered":"<p>Ultimate Warriors war eine unserer spannendsten und aufregendsten Modernisierungen, die wir im Jahr 2025 abgeschlossen haben. Der Standort verf\u00fcgte urspr\u00fcnglich \u00fcber mehrere Ninja-Parcours. In enger Zusammenarbeit mit dem Kunden haben wir diese umgestaltet, um den verf\u00fcgbaren Platz optimal zu nutzen und gleichzeitig neue Funktionen f\u00fcr ein verbessertes Besuchererlebnis einzuf\u00fchren. Vom ersten Entwurf \u00fcber die Fertigung [&hellip;]<\/p>\n","protected":false},"featured_media":11364,"template":"","meta":{"_acf_changed":false},"product_brand":[],"product_cat":[99,104,105],"product_tag":[],"class_list":{"0":"post-12591","1":"product","2":"type-product","3":"status-publish","4":"has-post-thumbnail","6":"product_cat-aufblasbare-parks","7":"product_cat-nachrustung-zusatzgerate","8":"product_cat-ninja-hindernisparcours","10":"first","11":"outofstock","12":"shipping-taxable","13":"product-type-simple"},"acf":[],"yoast_head":"<!-- This site is optimized with the Yoast SEO Premium plugin v26.7 (Yoast SEO v27.3) - https:\/\/yoast.com\/product\/yoast-seo-premium-wordpress\/ -->\n<title>Ultimate Warriors - Airparx<\/title>\n<meta name=\"robots\" content=\"index, follow, max-snippet:-1, max-image-preview:large, max-video-preview:-1\" \/>\n<link rel=\"canonical\" href=\"https:\/\/airparx.com\/de\/installations\/ultimate-warriors\/\" \/>\n<meta property=\"og:locale\" content=\"de_DE\" \/>\n<meta property=\"og:type\" content=\"article\" \/>\n<meta property=\"og:title\" content=\"Ultimate Warriors\" \/>\n<meta property=\"og:description\" content=\"Ultimate Warriors war eine unserer spannendsten und aufregendsten Modernisierungen, die wir im Jahr 2025 abgeschlossen haben. Der Standort verf\u00fcgte urspr\u00fcnglich \u00fcber mehrere Ninja-Parcours. In enger Zusammenarbeit mit dem Kunden haben wir diese umgestaltet, um den verf\u00fcgbaren Platz optimal zu nutzen und gleichzeitig neue Funktionen f\u00fcr ein verbessertes Besuchererlebnis einzuf\u00fchren. Vom ersten Entwurf \u00fcber die Fertigung [&hellip;]\" \/>\n<meta property=\"og:url\" content=\"https:\/\/airparx.com\/de\/installations\/ultimate-warriors\/\" \/>\n<meta property=\"og:site_name\" content=\"Airparx\" \/>\n<meta property=\"article:publisher\" content=\"https:\/\/www.facebook.com\/Airparx\/\" \/>\n<meta property=\"og:image\" content=\"https:\/\/airparx.com\/wp-content\/uploads\/2025\/11\/Ultimate-Warriors-Glos-7-scaled.jpg\" \/>\n\t<meta property=\"og:image:width\" content=\"2560\" \/>\n\t<meta property=\"og:image:height\" content=\"1707\" \/>\n\t<meta property=\"og:image:type\" content=\"image\/jpeg\" \/>\n<meta name=\"twitter:card\" content=\"summary_large_image\" \/>\n<meta name=\"twitter:label1\" content=\"Gesch\u00e4tzte Lesezeit\" \/>\n\t<meta name=\"twitter:data1\" content=\"2\u00a0Minuten\" \/>\n<script type=\"application\/ld+json\" class=\"yoast-schema-graph\">{\"@context\":\"https:\\\/\\\/schema.org\",\"@graph\":[{\"@type\":\"WebPage\",\"@id\":\"https:\\\/\\\/airparx.com\\\/de\\\/installations\\\/ultimate-warriors\\\/\",\"url\":\"https:\\\/\\\/airparx.com\\\/de\\\/installations\\\/ultimate-warriors\\\/\",\"name\":\"Ultimate Warriors - Airparx\",\"isPartOf\":{\"@id\":\"https:\\\/\\\/airparx.com\\\/de\\\/#website\"},\"primaryImageOfPage\":{\"@id\":\"https:\\\/\\\/airparx.com\\\/de\\\/installations\\\/ultimate-warriors\\\/#primaryimage\"},\"image\":{\"@id\":\"https:\\\/\\\/airparx.com\\\/de\\\/installations\\\/ultimate-warriors\\\/#primaryimage\"},\"thumbnailUrl\":\"https:\\\/\\\/airparx.com\\\/wp-content\\\/uploads\\\/2025\\\/11\\\/Ultimate-Warriors-Glos-7-scaled.jpg\",\"datePublished\":\"2025-11-17T15:36:17+00:00\",\"breadcrumb\":{\"@id\":\"https:\\\/\\\/airparx.com\\\/de\\\/installations\\\/ultimate-warriors\\\/#breadcrumb\"},\"inLanguage\":\"de\",\"potentialAction\":[{\"@type\":\"ReadAction\",\"target\":[\"https:\\\/\\\/airparx.com\\\/de\\\/installations\\\/ultimate-warriors\\\/\"]}]},{\"@type\":\"ImageObject\",\"inLanguage\":\"de\",\"@id\":\"https:\\\/\\\/airparx.com\\\/de\\\/installations\\\/ultimate-warriors\\\/#primaryimage\",\"url\":\"https:\\\/\\\/airparx.com\\\/wp-content\\\/uploads\\\/2025\\\/11\\\/Ultimate-Warriors-Glos-7-scaled.jpg\",\"contentUrl\":\"https:\\\/\\\/airparx.com\\\/wp-content\\\/uploads\\\/2025\\\/11\\\/Ultimate-Warriors-Glos-7-scaled.jpg\",\"width\":2560,\"height\":1707},{\"@type\":\"BreadcrumbList\",\"@id\":\"https:\\\/\\\/airparx.com\\\/de\\\/installations\\\/ultimate-warriors\\\/#breadcrumb\",\"itemListElement\":[{\"@type\":\"ListItem\",\"position\":1,\"name\":\"Home\",\"item\":\"https:\\\/\\\/airparx.com\\\/de\\\/\"},{\"@type\":\"ListItem\",\"position\":2,\"name\":\"Ultimate Warriors\"}]},{\"@type\":\"WebSite\",\"@id\":\"https:\\\/\\\/airparx.com\\\/de\\\/#website\",\"url\":\"https:\\\/\\\/airparx.com\\\/de\\\/\",\"name\":\"Airparx\",\"description\":\"Inflatable &amp; Trampoline Park Supplier\",\"publisher\":{\"@id\":\"https:\\\/\\\/airparx.com\\\/de\\\/#organization\"},\"potentialAction\":[{\"@type\":\"SearchAction\",\"target\":{\"@type\":\"EntryPoint\",\"urlTemplate\":\"https:\\\/\\\/airparx.com\\\/de\\\/?s={search_term_string}\"},\"query-input\":{\"@type\":\"PropertyValueSpecification\",\"valueRequired\":true,\"valueName\":\"search_term_string\"}}],\"inLanguage\":\"de\"},{\"@type\":\"Organization\",\"@id\":\"https:\\\/\\\/airparx.com\\\/de\\\/#organization\",\"name\":\"Airparx\",\"url\":\"https:\\\/\\\/airparx.com\\\/de\\\/\",\"logo\":{\"@type\":\"ImageObject\",\"inLanguage\":\"de\",\"@id\":\"https:\\\/\\\/airparx.com\\\/de\\\/#\\\/schema\\\/logo\\\/image\\\/\",\"url\":\"https:\\\/\\\/airparx.com\\\/wp-content\\\/uploads\\\/2022\\\/06\\\/Airparx_Logo.png\",\"contentUrl\":\"https:\\\/\\\/airparx.com\\\/wp-content\\\/uploads\\\/2022\\\/06\\\/Airparx_Logo.png\",\"width\":1127,\"height\":461,\"caption\":\"Airparx\"},\"image\":{\"@id\":\"https:\\\/\\\/airparx.com\\\/de\\\/#\\\/schema\\\/logo\\\/image\\\/\"},\"sameAs\":[\"https:\\\/\\\/www.facebook.com\\\/Airparx\\\/\",\"https:\\\/\\\/www.instagram.com\\\/airparx\\\/\",\"https:\\\/\\\/www.youtube.com\\\/playlist?list=PL2LZnxdxb4eX2paMpuL0QxEvopAtGzyqY\",\"https:\\\/\\\/www.linkedin.com\\\/company\\\/airparx\\\/\"]}]}<\/script>\n<!-- \/ Yoast SEO Premium plugin. -->","yoast_head_json":{"title":"Ultimate Warriors - Airparx","robots":{"index":"index","follow":"follow","max-snippet":"max-snippet:-1","max-image-preview":"max-image-preview:large","max-video-preview":"max-video-preview:-1"},"canonical":"https:\/\/airparx.com\/de\/installations\/ultimate-warriors\/","og_locale":"de_DE","og_type":"article","og_title":"Ultimate Warriors","og_description":"Ultimate Warriors war eine unserer spannendsten und aufregendsten Modernisierungen, die wir im Jahr 2025 abgeschlossen haben. Der Standort verf\u00fcgte urspr\u00fcnglich \u00fcber mehrere Ninja-Parcours. In enger Zusammenarbeit mit dem Kunden haben wir diese umgestaltet, um den verf\u00fcgbaren Platz optimal zu nutzen und gleichzeitig neue Funktionen f\u00fcr ein verbessertes Besuchererlebnis einzuf\u00fchren. Vom ersten Entwurf \u00fcber die Fertigung [&hellip;]","og_url":"https:\/\/airparx.com\/de\/installations\/ultimate-warriors\/","og_site_name":"Airparx","article_publisher":"https:\/\/www.facebook.com\/Airparx\/","og_image":[{"width":2560,"height":1707,"url":"https:\/\/airparx.com\/wp-content\/uploads\/2025\/11\/Ultimate-Warriors-Glos-7-scaled.jpg","type":"image\/jpeg"}],"twitter_card":"summary_large_image","twitter_misc":{"Gesch\u00e4tzte Lesezeit":"2\u00a0Minuten"},"schema":{"@context":"https:\/\/schema.org","@graph":[{"@type":"WebPage","@id":"https:\/\/airparx.com\/de\/installations\/ultimate-warriors\/","url":"https:\/\/airparx.com\/de\/installations\/ultimate-warriors\/","name":"Ultimate Warriors - Airparx","isPartOf":{"@id":"https:\/\/airparx.com\/de\/#website"},"primaryImageOfPage":{"@id":"https:\/\/airparx.com\/de\/installations\/ultimate-warriors\/#primaryimage"},"image":{"@id":"https:\/\/airparx.com\/de\/installations\/ultimate-warriors\/#primaryimage"},"thumbnailUrl":"https:\/\/airparx.com\/wp-content\/uploads\/2025\/11\/Ultimate-Warriors-Glos-7-scaled.jpg","datePublished":"2025-11-17T15:36:17+00:00","breadcrumb":{"@id":"https:\/\/airparx.com\/de\/installations\/ultimate-warriors\/#breadcrumb"},"inLanguage":"de","potentialAction":[{"@type":"ReadAction","target":["https:\/\/airparx.com\/de\/installations\/ultimate-warriors\/"]}]},{"@type":"ImageObject","inLanguage":"de","@id":"https:\/\/airparx.com\/de\/installations\/ultimate-warriors\/#primaryimage","url":"https:\/\/airparx.com\/wp-content\/uploads\/2025\/11\/Ultimate-Warriors-Glos-7-scaled.jpg","contentUrl":"https:\/\/airparx.com\/wp-content\/uploads\/2025\/11\/Ultimate-Warriors-Glos-7-scaled.jpg","width":2560,"height":1707},{"@type":"BreadcrumbList","@id":"https:\/\/airparx.com\/de\/installations\/ultimate-warriors\/#breadcrumb","itemListElement":[{"@type":"ListItem","position":1,"name":"Home","item":"https:\/\/airparx.com\/de\/"},{"@type":"ListItem","position":2,"name":"Ultimate Warriors"}]},{"@type":"WebSite","@id":"https:\/\/airparx.com\/de\/#website","url":"https:\/\/airparx.com\/de\/","name":"Airparx","description":"Inflatable &amp; Trampoline Park Supplier","publisher":{"@id":"https:\/\/airparx.com\/de\/#organization"},"potentialAction":[{"@type":"SearchAction","target":{"@type":"EntryPoint","urlTemplate":"https:\/\/airparx.com\/de\/?s={search_term_string}"},"query-input":{"@type":"PropertyValueSpecification","valueRequired":true,"valueName":"search_term_string"}}],"inLanguage":"de"},{"@type":"Organization","@id":"https:\/\/airparx.com\/de\/#organization","name":"Airparx","url":"https:\/\/airparx.com\/de\/","logo":{"@type":"ImageObject","inLanguage":"de","@id":"https:\/\/airparx.com\/de\/#\/schema\/logo\/image\/","url":"https:\/\/airparx.com\/wp-content\/uploads\/2022\/06\/Airparx_Logo.png","contentUrl":"https:\/\/airparx.com\/wp-content\/uploads\/2022\/06\/Airparx_Logo.png","width":1127,"height":461,"caption":"Airparx"},"image":{"@id":"https:\/\/airparx.com\/de\/#\/schema\/logo\/image\/"},"sameAs":["https:\/\/www.facebook.com\/Airparx\/","https:\/\/www.instagram.com\/airparx\/","https:\/\/www.youtube.com\/playlist?list=PL2LZnxdxb4eX2paMpuL0QxEvopAtGzyqY","https:\/\/www.linkedin.com\/company\/airparx\/"]}]}},"_links":{"self":[{"href":"https:\/\/airparx.com\/de\/wp-json\/wp\/v2\/product\/12591","targetHints":{"allow":["GET"]}}],"collection":[{"href":"https:\/\/airparx.com\/de\/wp-json\/wp\/v2\/product"}],"about":[{"href":"https:\/\/airparx.com\/de\/wp-json\/wp\/v2\/types\/product"}],"wp:featuredmedia":[{"embeddable":true,"href":"https:\/\/airparx.com\/de\/wp-json\/wp\/v2\/media\/11364"}],"wp:attachment":[{"href":"https:\/\/airparx.com\/de\/wp-json\/wp\/v2\/media?parent=12591"}],"wp:term":[{"taxonomy":"product_brand","embeddable":true,"href":"https:\/\/airparx.com\/de\/wp-json\/wp\/v2\/product_brand?post=12591"},{"taxonomy":"product_cat","embeddable":true,"href":"https:\/\/airparx.com\/de\/wp-json\/wp\/v2\/product_cat?post=12591"},{"taxonomy":"product_tag","embeddable":true,"href":"https:\/\/airparx.com\/de\/wp-json\/wp\/v2\/product_tag?post=12591"}],"curies":[{"name":"wp","href":"https:\/\/api.w.org\/{rel}","templated":true}]}}