{"id":12593,"date":"2025-11-17T15:36:07","date_gmt":"2025-11-17T15:36:07","guid":{"rendered":"https:\/\/airparx.com\/installations\/airthrill-east-kilbride\/"},"modified":"2025-11-17T15:36:07","modified_gmt":"2025-11-17T15:36:07","slug":"airthrill-east-kilbride","status":"publish","type":"product","link":"https:\/\/airparx.com\/de\/installations\/airthrill-east-kilbride\/","title":{"rendered":"AirThrill East Kilbride"},"content":{"rendered":"<p>Als langj\u00e4hriger Kunde von Airparx wollte AirThrill einen alten H\u00fcpfburgenpark in etwas Neues und Innovatives verwandeln.<\/p>\n<p>Aber dieses Projekt war kein gew\u00f6hnlicher Austausch. Dieser H\u00fcpfburgenpark in East Kilbride, Schottland, verzeichnet beeindruckende 2361 m\u00b2 puren Spa\u00df. AirThrill East Kilbride bietet den gr\u00f6\u00dften Hindernisparcours, den Airparx je geschaffen hat \u2013 einen riesigen 4-spurigen Hindernisparcours, der sich um den gesamten Au\u00dfenbereich des Parks erstreckt. Er verf\u00fcgt au\u00dferdem \u00fcber einen zentralen H\u00fcpfbereich voller gr\u00f6\u00dfter Rutschen und neuester Innovationen von Airparx sowie einen gro\u00dfen Bereich f\u00fcr kleine H\u00fcpfer, die noch nicht gro\u00df genug f\u00fcr die Hauptbereiche des Parks sind.<\/p>\n<p>Mehrere Besuche vor Ort und die Zusammenarbeit mit dem AirThrill-Team erm\u00f6glichten es, dieses gro\u00dfe Projekt reibungslos umzusetzen. Da es sich um einen Ersatz-H\u00fcpfburgenpark handelte, hatte das Team vor Ort bereits sehr klare Vorstellungen zur Umsetzung. Nachdem die Kernelemente vereinbart waren, ging es darum, die L\u00fccken zu f\u00fcllen, um jeden einzelnen Quadratmeter zu nutzen.<\/p>\n<p>Das Airparx-Team hat au\u00dferdem mit AirThrill und Wonder World an mehreren Projekten an verschiedenen Standorten zusammengearbeitet, darunter Perth, Falkirk, Edinburgh und Catford.<\/p>\n<p>&#8222;Wir sind so begeistert von unserem neuen und aktualisierten H\u00fcpfburgenpark in East Kilbride. Das von Airparx entworfene und installierte innovative Design bietet eine beeindruckende Vielfalt an Attraktionen, die sowohl Kinder als auch Erwachsene faszinieren und endlosen Spa\u00df und Spannung garantieren. Wir sind Airparx zutiefst dankbar daf\u00fcr, dass sie unsere Vision in eine au\u00dfergew\u00f6hnliche Realit\u00e4t verwandelt haben. Ihr Fachwissen, ihre Innovation und ihr au\u00dfergew\u00f6hnlicher Service haben unsere Erwartungen bei Weitem \u00fcbertroffen.&#8220;<\/p>\n<p>Narinder Singh Baryah<br \/>\nGesch\u00e4ftsf\u00fchrer von Wonder World \/ AirThrill<\/p>\n<p>&nbsp;<\/p>\n","protected":false},"excerpt":{"rendered":"<p>Als langj\u00e4hriger Kunde von Airparx wollte AirThrill einen alten H\u00fcpfburgenpark in etwas Neues und Innovatives verwandeln. Aber dieses Projekt war kein gew\u00f6hnlicher Austausch. Dieser H\u00fcpfburgenpark in East Kilbride, Schottland, verzeichnet beeindruckende 2361 m\u00b2 puren Spa\u00df. AirThrill East Kilbride bietet den gr\u00f6\u00dften Hindernisparcours, den Airparx je geschaffen hat \u2013 einen riesigen 4-spurigen Hindernisparcours, der sich um [&hellip;]<\/p>\n","protected":false},"featured_media":11251,"template":"","meta":{"_acf_changed":false},"product_brand":[],"product_cat":[99,106],"product_tag":[],"class_list":{"0":"post-12593","1":"product","2":"type-product","3":"status-publish","4":"has-post-thumbnail","6":"product_cat-aufblasbare-parks","7":"product_cat-trampolin-parks","9":"first","10":"outofstock","11":"shipping-taxable","12":"product-type-simple"},"acf":[],"yoast_head":"<!-- This site is optimized with the Yoast SEO Premium plugin v26.7 (Yoast SEO v27.3) - https:\/\/yoast.com\/product\/yoast-seo-premium-wordpress\/ -->\n<title>AirThrill East Kilbride - Airparx<\/title>\n<meta name=\"robots\" content=\"index, follow, max-snippet:-1, max-image-preview:large, max-video-preview:-1\" \/>\n<link rel=\"canonical\" href=\"https:\/\/airparx.com\/de\/installations\/airthrill-east-kilbride\/\" \/>\n<meta property=\"og:locale\" content=\"de_DE\" \/>\n<meta property=\"og:type\" content=\"article\" \/>\n<meta property=\"og:title\" content=\"AirThrill East Kilbride\" \/>\n<meta property=\"og:description\" content=\"Als langj\u00e4hriger Kunde von Airparx wollte AirThrill einen alten H\u00fcpfburgenpark in etwas Neues und Innovatives verwandeln. Aber dieses Projekt war kein gew\u00f6hnlicher Austausch. Dieser H\u00fcpfburgenpark in East Kilbride, Schottland, verzeichnet beeindruckende 2361 m\u00b2 puren Spa\u00df. AirThrill East Kilbride bietet den gr\u00f6\u00dften Hindernisparcours, den Airparx je geschaffen hat \u2013 einen riesigen 4-spurigen Hindernisparcours, der sich um [&hellip;]\" \/>\n<meta property=\"og:url\" content=\"https:\/\/airparx.com\/de\/installations\/airthrill-east-kilbride\/\" \/>\n<meta property=\"og:site_name\" content=\"Airparx\" \/>\n<meta property=\"article:publisher\" content=\"https:\/\/www.facebook.com\/Airparx\/\" \/>\n<meta property=\"og:image\" content=\"https:\/\/airparx.com\/wp-content\/uploads\/2025\/11\/AirTrill-East-Kilbride-1-scaled.jpg\" \/>\n\t<meta property=\"og:image:width\" content=\"2560\" \/>\n\t<meta property=\"og:image:height\" content=\"1707\" \/>\n\t<meta property=\"og:image:type\" content=\"image\/jpeg\" \/>\n<meta name=\"twitter:card\" content=\"summary_large_image\" \/>\n<meta name=\"twitter:label1\" content=\"Gesch\u00e4tzte Lesezeit\" \/>\n\t<meta name=\"twitter:data1\" content=\"1\u00a0Minute\" \/>\n<script type=\"application\/ld+json\" class=\"yoast-schema-graph\">{\"@context\":\"https:\\\/\\\/schema.org\",\"@graph\":[{\"@type\":\"WebPage\",\"@id\":\"https:\\\/\\\/airparx.com\\\/de\\\/installations\\\/airthrill-east-kilbride\\\/\",\"url\":\"https:\\\/\\\/airparx.com\\\/de\\\/installations\\\/airthrill-east-kilbride\\\/\",\"name\":\"AirThrill East Kilbride - Airparx\",\"isPartOf\":{\"@id\":\"https:\\\/\\\/airparx.com\\\/de\\\/#website\"},\"primaryImageOfPage\":{\"@id\":\"https:\\\/\\\/airparx.com\\\/de\\\/installations\\\/airthrill-east-kilbride\\\/#primaryimage\"},\"image\":{\"@id\":\"https:\\\/\\\/airparx.com\\\/de\\\/installations\\\/airthrill-east-kilbride\\\/#primaryimage\"},\"thumbnailUrl\":\"https:\\\/\\\/airparx.com\\\/wp-content\\\/uploads\\\/2025\\\/11\\\/AirTrill-East-Kilbride-1-scaled.jpg\",\"datePublished\":\"2025-11-17T15:36:07+00:00\",\"breadcrumb\":{\"@id\":\"https:\\\/\\\/airparx.com\\\/de\\\/installations\\\/airthrill-east-kilbride\\\/#breadcrumb\"},\"inLanguage\":\"de\",\"potentialAction\":[{\"@type\":\"ReadAction\",\"target\":[\"https:\\\/\\\/airparx.com\\\/de\\\/installations\\\/airthrill-east-kilbride\\\/\"]}]},{\"@type\":\"ImageObject\",\"inLanguage\":\"de\",\"@id\":\"https:\\\/\\\/airparx.com\\\/de\\\/installations\\\/airthrill-east-kilbride\\\/#primaryimage\",\"url\":\"https:\\\/\\\/airparx.com\\\/wp-content\\\/uploads\\\/2025\\\/11\\\/AirTrill-East-Kilbride-1-scaled.jpg\",\"contentUrl\":\"https:\\\/\\\/airparx.com\\\/wp-content\\\/uploads\\\/2025\\\/11\\\/AirTrill-East-Kilbride-1-scaled.jpg\",\"width\":2560,\"height\":1707},{\"@type\":\"BreadcrumbList\",\"@id\":\"https:\\\/\\\/airparx.com\\\/de\\\/installations\\\/airthrill-east-kilbride\\\/#breadcrumb\",\"itemListElement\":[{\"@type\":\"ListItem\",\"position\":1,\"name\":\"Home\",\"item\":\"https:\\\/\\\/airparx.com\\\/de\\\/\"},{\"@type\":\"ListItem\",\"position\":2,\"name\":\"AirThrill East Kilbride\"}]},{\"@type\":\"WebSite\",\"@id\":\"https:\\\/\\\/airparx.com\\\/de\\\/#website\",\"url\":\"https:\\\/\\\/airparx.com\\\/de\\\/\",\"name\":\"Airparx\",\"description\":\"Inflatable &amp; Trampoline Park Supplier\",\"publisher\":{\"@id\":\"https:\\\/\\\/airparx.com\\\/de\\\/#organization\"},\"potentialAction\":[{\"@type\":\"SearchAction\",\"target\":{\"@type\":\"EntryPoint\",\"urlTemplate\":\"https:\\\/\\\/airparx.com\\\/de\\\/?s={search_term_string}\"},\"query-input\":{\"@type\":\"PropertyValueSpecification\",\"valueRequired\":true,\"valueName\":\"search_term_string\"}}],\"inLanguage\":\"de\"},{\"@type\":\"Organization\",\"@id\":\"https:\\\/\\\/airparx.com\\\/de\\\/#organization\",\"name\":\"Airparx\",\"url\":\"https:\\\/\\\/airparx.com\\\/de\\\/\",\"logo\":{\"@type\":\"ImageObject\",\"inLanguage\":\"de\",\"@id\":\"https:\\\/\\\/airparx.com\\\/de\\\/#\\\/schema\\\/logo\\\/image\\\/\",\"url\":\"https:\\\/\\\/airparx.com\\\/wp-content\\\/uploads\\\/2022\\\/06\\\/Airparx_Logo.png\",\"contentUrl\":\"https:\\\/\\\/airparx.com\\\/wp-content\\\/uploads\\\/2022\\\/06\\\/Airparx_Logo.png\",\"width\":1127,\"height\":461,\"caption\":\"Airparx\"},\"image\":{\"@id\":\"https:\\\/\\\/airparx.com\\\/de\\\/#\\\/schema\\\/logo\\\/image\\\/\"},\"sameAs\":[\"https:\\\/\\\/www.facebook.com\\\/Airparx\\\/\",\"https:\\\/\\\/www.instagram.com\\\/airparx\\\/\",\"https:\\\/\\\/www.youtube.com\\\/playlist?list=PL2LZnxdxb4eX2paMpuL0QxEvopAtGzyqY\",\"https:\\\/\\\/www.linkedin.com\\\/company\\\/airparx\\\/\"]}]}<\/script>\n<!-- \/ Yoast SEO Premium plugin. -->","yoast_head_json":{"title":"AirThrill East Kilbride - Airparx","robots":{"index":"index","follow":"follow","max-snippet":"max-snippet:-1","max-image-preview":"max-image-preview:large","max-video-preview":"max-video-preview:-1"},"canonical":"https:\/\/airparx.com\/de\/installations\/airthrill-east-kilbride\/","og_locale":"de_DE","og_type":"article","og_title":"AirThrill East Kilbride","og_description":"Als langj\u00e4hriger Kunde von Airparx wollte AirThrill einen alten H\u00fcpfburgenpark in etwas Neues und Innovatives verwandeln. Aber dieses Projekt war kein gew\u00f6hnlicher Austausch. Dieser H\u00fcpfburgenpark in East Kilbride, Schottland, verzeichnet beeindruckende 2361 m\u00b2 puren Spa\u00df. AirThrill East Kilbride bietet den gr\u00f6\u00dften Hindernisparcours, den Airparx je geschaffen hat \u2013 einen riesigen 4-spurigen Hindernisparcours, der sich um [&hellip;]","og_url":"https:\/\/airparx.com\/de\/installations\/airthrill-east-kilbride\/","og_site_name":"Airparx","article_publisher":"https:\/\/www.facebook.com\/Airparx\/","og_image":[{"width":2560,"height":1707,"url":"https:\/\/airparx.com\/wp-content\/uploads\/2025\/11\/AirTrill-East-Kilbride-1-scaled.jpg","type":"image\/jpeg"}],"twitter_card":"summary_large_image","twitter_misc":{"Gesch\u00e4tzte Lesezeit":"1\u00a0Minute"},"schema":{"@context":"https:\/\/schema.org","@graph":[{"@type":"WebPage","@id":"https:\/\/airparx.com\/de\/installations\/airthrill-east-kilbride\/","url":"https:\/\/airparx.com\/de\/installations\/airthrill-east-kilbride\/","name":"AirThrill East Kilbride - Airparx","isPartOf":{"@id":"https:\/\/airparx.com\/de\/#website"},"primaryImageOfPage":{"@id":"https:\/\/airparx.com\/de\/installations\/airthrill-east-kilbride\/#primaryimage"},"image":{"@id":"https:\/\/airparx.com\/de\/installations\/airthrill-east-kilbride\/#primaryimage"},"thumbnailUrl":"https:\/\/airparx.com\/wp-content\/uploads\/2025\/11\/AirTrill-East-Kilbride-1-scaled.jpg","datePublished":"2025-11-17T15:36:07+00:00","breadcrumb":{"@id":"https:\/\/airparx.com\/de\/installations\/airthrill-east-kilbride\/#breadcrumb"},"inLanguage":"de","potentialAction":[{"@type":"ReadAction","target":["https:\/\/airparx.com\/de\/installations\/airthrill-east-kilbride\/"]}]},{"@type":"ImageObject","inLanguage":"de","@id":"https:\/\/airparx.com\/de\/installations\/airthrill-east-kilbride\/#primaryimage","url":"https:\/\/airparx.com\/wp-content\/uploads\/2025\/11\/AirTrill-East-Kilbride-1-scaled.jpg","contentUrl":"https:\/\/airparx.com\/wp-content\/uploads\/2025\/11\/AirTrill-East-Kilbride-1-scaled.jpg","width":2560,"height":1707},{"@type":"BreadcrumbList","@id":"https:\/\/airparx.com\/de\/installations\/airthrill-east-kilbride\/#breadcrumb","itemListElement":[{"@type":"ListItem","position":1,"name":"Home","item":"https:\/\/airparx.com\/de\/"},{"@type":"ListItem","position":2,"name":"AirThrill East Kilbride"}]},{"@type":"WebSite","@id":"https:\/\/airparx.com\/de\/#website","url":"https:\/\/airparx.com\/de\/","name":"Airparx","description":"Inflatable &amp; Trampoline Park Supplier","publisher":{"@id":"https:\/\/airparx.com\/de\/#organization"},"potentialAction":[{"@type":"SearchAction","target":{"@type":"EntryPoint","urlTemplate":"https:\/\/airparx.com\/de\/?s={search_term_string}"},"query-input":{"@type":"PropertyValueSpecification","valueRequired":true,"valueName":"search_term_string"}}],"inLanguage":"de"},{"@type":"Organization","@id":"https:\/\/airparx.com\/de\/#organization","name":"Airparx","url":"https:\/\/airparx.com\/de\/","logo":{"@type":"ImageObject","inLanguage":"de","@id":"https:\/\/airparx.com\/de\/#\/schema\/logo\/image\/","url":"https:\/\/airparx.com\/wp-content\/uploads\/2022\/06\/Airparx_Logo.png","contentUrl":"https:\/\/airparx.com\/wp-content\/uploads\/2022\/06\/Airparx_Logo.png","width":1127,"height":461,"caption":"Airparx"},"image":{"@id":"https:\/\/airparx.com\/de\/#\/schema\/logo\/image\/"},"sameAs":["https:\/\/www.facebook.com\/Airparx\/","https:\/\/www.instagram.com\/airparx\/","https:\/\/www.youtube.com\/playlist?list=PL2LZnxdxb4eX2paMpuL0QxEvopAtGzyqY","https:\/\/www.linkedin.com\/company\/airparx\/"]}]}},"_links":{"self":[{"href":"https:\/\/airparx.com\/de\/wp-json\/wp\/v2\/product\/12593","targetHints":{"allow":["GET"]}}],"collection":[{"href":"https:\/\/airparx.com\/de\/wp-json\/wp\/v2\/product"}],"about":[{"href":"https:\/\/airparx.com\/de\/wp-json\/wp\/v2\/types\/product"}],"wp:featuredmedia":[{"embeddable":true,"href":"https:\/\/airparx.com\/de\/wp-json\/wp\/v2\/media\/11251"}],"wp:attachment":[{"href":"https:\/\/airparx.com\/de\/wp-json\/wp\/v2\/media?parent=12593"}],"wp:term":[{"taxonomy":"product_brand","embeddable":true,"href":"https:\/\/airparx.com\/de\/wp-json\/wp\/v2\/product_brand?post=12593"},{"taxonomy":"product_cat","embeddable":true,"href":"https:\/\/airparx.com\/de\/wp-json\/wp\/v2\/product_cat?post=12593"},{"taxonomy":"product_tag","embeddable":true,"href":"https:\/\/airparx.com\/de\/wp-json\/wp\/v2\/product_tag?post=12593"}],"curies":[{"name":"wp","href":"https:\/\/api.w.org\/{rel}","templated":true}]}}