{"id":12603,"date":"2025-05-31T12:03:58","date_gmt":"2025-05-31T11:03:58","guid":{"rendered":"https:\/\/airparx.com\/installations\/sobell-leisure-centre\/"},"modified":"2025-05-31T12:03:58","modified_gmt":"2025-05-31T11:03:58","slug":"sobell-leisure-centre","status":"publish","type":"product","link":"https:\/\/airparx.com\/de\/installations\/sobell-leisure-centre\/","title":{"rendered":"Sobell Leisure Centre"},"content":{"rendered":"<p>Sobell Leisure Centre er\u00f6ffnet nach verheerender \u00dcberschwemmung mit hochmodernem Familien-Unterhaltungszentrum<\/p>\n<p>London, UK \u2014 Mai 2025<\/p>\n<p>Gesamtprojektwert: 1,7 Mio. \u00a3<\/p>\n<p>Nach einer verheerenden \u00dcberschwemmung im Jahr 2022 hat das ikonische Sobell Leisure Centre in Islington, betrieben von GLL Better, seine T\u00fcren mit einer mutigen neuen Vision wiederer\u00f6ffnet: ein vollst\u00e4ndig neu gestaltetes Multi-Aktivit\u00e4ts-Unterhaltungsziel, das darauf ausgelegt ist, das Engagement der Gemeinschaft wiederzubeleben und aktives Spielen f\u00fcr alle Altersgruppen zu f\u00f6rdern.<\/p>\n<p>Unter der Leitung von Airparx, einem weltweit f\u00fchrenden Anbieter von Active-Entertainment-L\u00f6sungen, hat die umfassende Renovierung die Einrichtung in eine lebendige Active Multi-Zone verwandelt \u2013 eine dynamische Fusion aus k\u00f6rperlicher Aktivit\u00e4t, Spiel, Nervenkitzel und immersiver Technologie. Die neuen Einrichtungen umfassen:<\/p>\n<p>Einen Trampolin- und Aufblaspark mit energiegeladener Action und interaktiven Herausforderungen<\/p>\n<p>Die gr\u00f6\u00dfte Interactive Strike Arena des Vereinigten K\u00f6nigreichs, entwickelt in Zusammenarbeit mit den Interaktivspezialisten Rugged Interactive<\/p>\n<p>Ein Interactive Sports Pitch, das traditionelle Spiele mit modernster Technologie verbindet<\/p>\n<p>Die Zip Zag Thrill Ride, ein schwerkrafttrotzendes Abenteuer von Zip Zag<\/p>\n<p>Eine weitl\u00e4ufige, immersive Active Soft Play Zone f\u00fcr j\u00fcngere Kinder, entwickelt in Zusammenarbeit mit The Play Company<\/p>\n<p>Was einst ein gew\u00f6hnliches Freizeitzentrum war, hat sich nun zu einem echten Ziel f\u00fcr Familien, Schulen und Gemeinschaftsgruppen mitten im Herzen von Islington, London, UK, entwickelt.<\/p>\n<p>\u201eDieses Projekt ist mehr als nur eine Renovierung; es ist ein klares Bekenntnis zur Zukunft der gemeinschaftlichen Freizeitgestaltung\u201c, sagte Daniel Billington, Head of Business Development bei Airparx. \u201eIn enger Zusammenarbeit mit den Bed\u00fcrfnissen und der Vision von GLL haben wir die Unterst\u00fctzung und Expertise von The Play Company, Rugged Interactive und Zip Zag in Anspruch genommen, um ein inklusives und immersives Familienunterhaltungszentrum zu schaffen, das Bewegung, Interaktion und Spa\u00df f\u00fcr jede Generation f\u00f6rdert.\u201c<\/p>\n<p>Das Projekt ist beispielhaft f\u00fcr eine neue \u00c4ra im Freizeitangebot und verbindet Innovation mit Zug\u00e4nglichkeit, um eine breite Anziehungskraft zu gew\u00e4hrleisten. Mit Blick auf die Auswirkungen auf die Gemeinschaft konzipiert, zielt das renovierte Zentrum darauf ab, das Niveau k\u00f6rperlicher Aktivit\u00e4t zu steigern, soziale Interaktion zu f\u00f6rdern und ein Eckpfeiler des aktiven Familienlebens im Bezirk und dar\u00fcber hinaus zu werden.<\/p>\n<p>\u201eWir sind stolz darauf, das Sobell Leisure Centre mit einem so einzigartigen und ansprechenden Angebot wiederer\u00f6ffnet zu sehen\u201c, sagte Adam Knight, General Manager des Sobell LC, GLL. \u201eDiese Einrichtung setzt einen neuen Ma\u00dfstab f\u00fcr urbane, aktive Unterhaltung in einem Freizeitzentrum und unterstreicht unser Engagement, hochwertige, inklusive Freizeiterlebnisse zu bieten, die der lokalen Gemeinschaft einen Weg zu mehr Aktivit\u00e4t ebnen.\u201c<\/p>\n<p>Die neue Active Play und Multi-Zone im Sobell ist jetzt f\u00fcr die \u00d6ffentlichkeit zug\u00e4nglich, mit Angeboten f\u00fcr alle Altersgruppen und F\u00e4higkeiten. Sie schafft eine Vorzeigeeinrichtung nicht nur f\u00fcr GLL, sondern setzt auch Standards im britischen Freizeitsektor und zeigt, wie ungenutzter Sportzentrumsraum sowohl in der Umsatzgenerierung transformiert werden kann, als auch darin, Gemeinschaften sichere und ansprechende R\u00e4ume f\u00fcr Kinder und Familien zu bieten, um k\u00f6rperlich aktiv zu sein und sch\u00f6ne Erinnerungen zu schaffen.<\/p>\n","protected":false},"excerpt":{"rendered":"<p>Sobell Leisure Centre er\u00f6ffnet nach verheerender \u00dcberschwemmung mit hochmodernem Familien-Unterhaltungszentrum London, UK \u2014 Mai 2025 Gesamtprojektwert: 1,7 Mio. \u00a3 Nach einer verheerenden \u00dcberschwemmung im Jahr 2022 hat das ikonische Sobell Leisure Centre in Islington, betrieben von GLL Better, seine T\u00fcren mit einer mutigen neuen Vision wiederer\u00f6ffnet: ein vollst\u00e4ndig neu gestaltetes Multi-Aktivit\u00e4ts-Unterhaltungsziel, das darauf ausgelegt ist, [&hellip;]<\/p>\n","protected":false},"featured_media":11177,"template":"","meta":{"_acf_changed":false},"product_brand":[],"product_cat":[99,100,101,106],"product_tag":[],"class_list":{"0":"post-12603","1":"product","2":"type-product","3":"status-publish","4":"has-post-thumbnail","6":"product_cat-aufblasbare-parks","7":"product_cat-indoor-softplay-spielplatze","8":"product_cat-interaktive-unterhaltung","9":"product_cat-trampolin-parks","11":"first","12":"outofstock","13":"shipping-taxable","14":"product-type-simple"},"acf":[],"yoast_head":"<!-- This site is optimized with the Yoast SEO Premium plugin v26.7 (Yoast SEO v27.3) - https:\/\/yoast.com\/product\/yoast-seo-premium-wordpress\/ -->\n<title>Sobell Leisure Centre - Airparx<\/title>\n<meta name=\"robots\" content=\"index, follow, max-snippet:-1, max-image-preview:large, max-video-preview:-1\" \/>\n<link rel=\"canonical\" href=\"https:\/\/airparx.com\/de\/installations\/sobell-leisure-centre\/\" \/>\n<meta property=\"og:locale\" content=\"de_DE\" \/>\n<meta property=\"og:type\" content=\"article\" \/>\n<meta property=\"og:title\" content=\"Sobell Leisure Centre\" \/>\n<meta property=\"og:description\" content=\"Sobell Leisure Centre er\u00f6ffnet nach verheerender \u00dcberschwemmung mit hochmodernem Familien-Unterhaltungszentrum London, UK \u2014 Mai 2025 Gesamtprojektwert: 1,7 Mio. \u00a3 Nach einer verheerenden \u00dcberschwemmung im Jahr 2022 hat das ikonische Sobell Leisure Centre in Islington, betrieben von GLL Better, seine T\u00fcren mit einer mutigen neuen Vision wiederer\u00f6ffnet: ein vollst\u00e4ndig neu gestaltetes Multi-Aktivit\u00e4ts-Unterhaltungsziel, das darauf ausgelegt ist, [&hellip;]\" \/>\n<meta property=\"og:url\" content=\"https:\/\/airparx.com\/de\/installations\/sobell-leisure-centre\/\" \/>\n<meta property=\"og:site_name\" content=\"Airparx\" \/>\n<meta property=\"article:publisher\" content=\"https:\/\/www.facebook.com\/Airparx\/\" \/>\n<meta property=\"og:image\" content=\"https:\/\/airparx.com\/wp-content\/uploads\/2025\/11\/GLL-SOBEL-76.jpg\" \/>\n\t<meta property=\"og:image:width\" content=\"2200\" \/>\n\t<meta property=\"og:image:height\" content=\"1467\" \/>\n\t<meta property=\"og:image:type\" content=\"image\/jpeg\" \/>\n<meta name=\"twitter:card\" content=\"summary_large_image\" \/>\n<meta name=\"twitter:label1\" content=\"Gesch\u00e4tzte Lesezeit\" \/>\n\t<meta name=\"twitter:data1\" content=\"2\u00a0Minuten\" \/>\n<script type=\"application\/ld+json\" class=\"yoast-schema-graph\">{\"@context\":\"https:\\\/\\\/schema.org\",\"@graph\":[{\"@type\":\"WebPage\",\"@id\":\"https:\\\/\\\/airparx.com\\\/de\\\/installations\\\/sobell-leisure-centre\\\/\",\"url\":\"https:\\\/\\\/airparx.com\\\/de\\\/installations\\\/sobell-leisure-centre\\\/\",\"name\":\"Sobell Leisure Centre - Airparx\",\"isPartOf\":{\"@id\":\"https:\\\/\\\/airparx.com\\\/de\\\/#website\"},\"primaryImageOfPage\":{\"@id\":\"https:\\\/\\\/airparx.com\\\/de\\\/installations\\\/sobell-leisure-centre\\\/#primaryimage\"},\"image\":{\"@id\":\"https:\\\/\\\/airparx.com\\\/de\\\/installations\\\/sobell-leisure-centre\\\/#primaryimage\"},\"thumbnailUrl\":\"https:\\\/\\\/airparx.com\\\/wp-content\\\/uploads\\\/2025\\\/11\\\/GLL-SOBEL-76.jpg\",\"datePublished\":\"2025-05-31T11:03:58+00:00\",\"breadcrumb\":{\"@id\":\"https:\\\/\\\/airparx.com\\\/de\\\/installations\\\/sobell-leisure-centre\\\/#breadcrumb\"},\"inLanguage\":\"de\",\"potentialAction\":[{\"@type\":\"ReadAction\",\"target\":[\"https:\\\/\\\/airparx.com\\\/de\\\/installations\\\/sobell-leisure-centre\\\/\"]}]},{\"@type\":\"ImageObject\",\"inLanguage\":\"de\",\"@id\":\"https:\\\/\\\/airparx.com\\\/de\\\/installations\\\/sobell-leisure-centre\\\/#primaryimage\",\"url\":\"https:\\\/\\\/airparx.com\\\/wp-content\\\/uploads\\\/2025\\\/11\\\/GLL-SOBEL-76.jpg\",\"contentUrl\":\"https:\\\/\\\/airparx.com\\\/wp-content\\\/uploads\\\/2025\\\/11\\\/GLL-SOBEL-76.jpg\",\"width\":2200,\"height\":1467},{\"@type\":\"BreadcrumbList\",\"@id\":\"https:\\\/\\\/airparx.com\\\/de\\\/installations\\\/sobell-leisure-centre\\\/#breadcrumb\",\"itemListElement\":[{\"@type\":\"ListItem\",\"position\":1,\"name\":\"Home\",\"item\":\"https:\\\/\\\/airparx.com\\\/de\\\/\"},{\"@type\":\"ListItem\",\"position\":2,\"name\":\"Sobell Leisure Centre\"}]},{\"@type\":\"WebSite\",\"@id\":\"https:\\\/\\\/airparx.com\\\/de\\\/#website\",\"url\":\"https:\\\/\\\/airparx.com\\\/de\\\/\",\"name\":\"Airparx\",\"description\":\"Inflatable &amp; Trampoline Park Supplier\",\"publisher\":{\"@id\":\"https:\\\/\\\/airparx.com\\\/de\\\/#organization\"},\"potentialAction\":[{\"@type\":\"SearchAction\",\"target\":{\"@type\":\"EntryPoint\",\"urlTemplate\":\"https:\\\/\\\/airparx.com\\\/de\\\/?s={search_term_string}\"},\"query-input\":{\"@type\":\"PropertyValueSpecification\",\"valueRequired\":true,\"valueName\":\"search_term_string\"}}],\"inLanguage\":\"de\"},{\"@type\":\"Organization\",\"@id\":\"https:\\\/\\\/airparx.com\\\/de\\\/#organization\",\"name\":\"Airparx\",\"url\":\"https:\\\/\\\/airparx.com\\\/de\\\/\",\"logo\":{\"@type\":\"ImageObject\",\"inLanguage\":\"de\",\"@id\":\"https:\\\/\\\/airparx.com\\\/de\\\/#\\\/schema\\\/logo\\\/image\\\/\",\"url\":\"https:\\\/\\\/airparx.com\\\/wp-content\\\/uploads\\\/2022\\\/06\\\/Airparx_Logo.png\",\"contentUrl\":\"https:\\\/\\\/airparx.com\\\/wp-content\\\/uploads\\\/2022\\\/06\\\/Airparx_Logo.png\",\"width\":1127,\"height\":461,\"caption\":\"Airparx\"},\"image\":{\"@id\":\"https:\\\/\\\/airparx.com\\\/de\\\/#\\\/schema\\\/logo\\\/image\\\/\"},\"sameAs\":[\"https:\\\/\\\/www.facebook.com\\\/Airparx\\\/\",\"https:\\\/\\\/www.instagram.com\\\/airparx\\\/\",\"https:\\\/\\\/www.youtube.com\\\/playlist?list=PL2LZnxdxb4eX2paMpuL0QxEvopAtGzyqY\",\"https:\\\/\\\/www.linkedin.com\\\/company\\\/airparx\\\/\"]}]}<\/script>\n<!-- \/ Yoast SEO Premium plugin. -->","yoast_head_json":{"title":"Sobell Leisure Centre - Airparx","robots":{"index":"index","follow":"follow","max-snippet":"max-snippet:-1","max-image-preview":"max-image-preview:large","max-video-preview":"max-video-preview:-1"},"canonical":"https:\/\/airparx.com\/de\/installations\/sobell-leisure-centre\/","og_locale":"de_DE","og_type":"article","og_title":"Sobell Leisure Centre","og_description":"Sobell Leisure Centre er\u00f6ffnet nach verheerender \u00dcberschwemmung mit hochmodernem Familien-Unterhaltungszentrum London, UK \u2014 Mai 2025 Gesamtprojektwert: 1,7 Mio. \u00a3 Nach einer verheerenden \u00dcberschwemmung im Jahr 2022 hat das ikonische Sobell Leisure Centre in Islington, betrieben von GLL Better, seine T\u00fcren mit einer mutigen neuen Vision wiederer\u00f6ffnet: ein vollst\u00e4ndig neu gestaltetes Multi-Aktivit\u00e4ts-Unterhaltungsziel, das darauf ausgelegt ist, [&hellip;]","og_url":"https:\/\/airparx.com\/de\/installations\/sobell-leisure-centre\/","og_site_name":"Airparx","article_publisher":"https:\/\/www.facebook.com\/Airparx\/","og_image":[{"width":2200,"height":1467,"url":"https:\/\/airparx.com\/wp-content\/uploads\/2025\/11\/GLL-SOBEL-76.jpg","type":"image\/jpeg"}],"twitter_card":"summary_large_image","twitter_misc":{"Gesch\u00e4tzte Lesezeit":"2\u00a0Minuten"},"schema":{"@context":"https:\/\/schema.org","@graph":[{"@type":"WebPage","@id":"https:\/\/airparx.com\/de\/installations\/sobell-leisure-centre\/","url":"https:\/\/airparx.com\/de\/installations\/sobell-leisure-centre\/","name":"Sobell Leisure Centre - Airparx","isPartOf":{"@id":"https:\/\/airparx.com\/de\/#website"},"primaryImageOfPage":{"@id":"https:\/\/airparx.com\/de\/installations\/sobell-leisure-centre\/#primaryimage"},"image":{"@id":"https:\/\/airparx.com\/de\/installations\/sobell-leisure-centre\/#primaryimage"},"thumbnailUrl":"https:\/\/airparx.com\/wp-content\/uploads\/2025\/11\/GLL-SOBEL-76.jpg","datePublished":"2025-05-31T11:03:58+00:00","breadcrumb":{"@id":"https:\/\/airparx.com\/de\/installations\/sobell-leisure-centre\/#breadcrumb"},"inLanguage":"de","potentialAction":[{"@type":"ReadAction","target":["https:\/\/airparx.com\/de\/installations\/sobell-leisure-centre\/"]}]},{"@type":"ImageObject","inLanguage":"de","@id":"https:\/\/airparx.com\/de\/installations\/sobell-leisure-centre\/#primaryimage","url":"https:\/\/airparx.com\/wp-content\/uploads\/2025\/11\/GLL-SOBEL-76.jpg","contentUrl":"https:\/\/airparx.com\/wp-content\/uploads\/2025\/11\/GLL-SOBEL-76.jpg","width":2200,"height":1467},{"@type":"BreadcrumbList","@id":"https:\/\/airparx.com\/de\/installations\/sobell-leisure-centre\/#breadcrumb","itemListElement":[{"@type":"ListItem","position":1,"name":"Home","item":"https:\/\/airparx.com\/de\/"},{"@type":"ListItem","position":2,"name":"Sobell Leisure Centre"}]},{"@type":"WebSite","@id":"https:\/\/airparx.com\/de\/#website","url":"https:\/\/airparx.com\/de\/","name":"Airparx","description":"Inflatable &amp; Trampoline Park Supplier","publisher":{"@id":"https:\/\/airparx.com\/de\/#organization"},"potentialAction":[{"@type":"SearchAction","target":{"@type":"EntryPoint","urlTemplate":"https:\/\/airparx.com\/de\/?s={search_term_string}"},"query-input":{"@type":"PropertyValueSpecification","valueRequired":true,"valueName":"search_term_string"}}],"inLanguage":"de"},{"@type":"Organization","@id":"https:\/\/airparx.com\/de\/#organization","name":"Airparx","url":"https:\/\/airparx.com\/de\/","logo":{"@type":"ImageObject","inLanguage":"de","@id":"https:\/\/airparx.com\/de\/#\/schema\/logo\/image\/","url":"https:\/\/airparx.com\/wp-content\/uploads\/2022\/06\/Airparx_Logo.png","contentUrl":"https:\/\/airparx.com\/wp-content\/uploads\/2022\/06\/Airparx_Logo.png","width":1127,"height":461,"caption":"Airparx"},"image":{"@id":"https:\/\/airparx.com\/de\/#\/schema\/logo\/image\/"},"sameAs":["https:\/\/www.facebook.com\/Airparx\/","https:\/\/www.instagram.com\/airparx\/","https:\/\/www.youtube.com\/playlist?list=PL2LZnxdxb4eX2paMpuL0QxEvopAtGzyqY","https:\/\/www.linkedin.com\/company\/airparx\/"]}]}},"_links":{"self":[{"href":"https:\/\/airparx.com\/de\/wp-json\/wp\/v2\/product\/12603","targetHints":{"allow":["GET"]}}],"collection":[{"href":"https:\/\/airparx.com\/de\/wp-json\/wp\/v2\/product"}],"about":[{"href":"https:\/\/airparx.com\/de\/wp-json\/wp\/v2\/types\/product"}],"wp:featuredmedia":[{"embeddable":true,"href":"https:\/\/airparx.com\/de\/wp-json\/wp\/v2\/media\/11177"}],"wp:attachment":[{"href":"https:\/\/airparx.com\/de\/wp-json\/wp\/v2\/media?parent=12603"}],"wp:term":[{"taxonomy":"product_brand","embeddable":true,"href":"https:\/\/airparx.com\/de\/wp-json\/wp\/v2\/product_brand?post=12603"},{"taxonomy":"product_cat","embeddable":true,"href":"https:\/\/airparx.com\/de\/wp-json\/wp\/v2\/product_cat?post=12603"},{"taxonomy":"product_tag","embeddable":true,"href":"https:\/\/airparx.com\/de\/wp-json\/wp\/v2\/product_tag?post=12603"}],"curies":[{"name":"wp","href":"https:\/\/api.w.org\/{rel}","templated":true}]}}