{"id":12605,"date":"2024-12-03T12:11:35","date_gmt":"2024-12-03T12:11:35","guid":{"rendered":"https:\/\/airparx.com\/installations\/altitude-trampoline-park\/"},"modified":"2024-12-03T12:11:35","modified_gmt":"2024-12-03T12:11:35","slug":"altitude-trampoline-park","status":"publish","type":"product","link":"https:\/\/airparx.com\/de\/installations\/altitude-trampoline-park\/","title":{"rendered":"Altitude Trampoline Park"},"content":{"rendered":"<p>Der Altitude Trampoline Park in Rochester, New York, war ein bestehender Standort, der nach 6 Jahren eine Auffrischung sowie neue, innovative Attraktionen im Rahmen einer Wettbewerbsstrategie ben\u00f6tigte. Airparx war an den Modernisierungsarbeiten beteiligt, um den Park um 4 interaktive Funktionen zu erweitern, die Besucherzahlen zu steigern und Personalkosten zu senken.<\/p>\n<p>Insbesondere haben wir das Dodgeball-Feld entfernt, um Platz f\u00fcr unseren brandneuen, 294 m2 gro\u00dfen aufblasbaren Park zu schaffen. Hochwertiges PVC garantiert Langlebigkeit, w\u00e4hrend eine einzigartige Verbindungstechnologie zum Trampolindeck f\u00fcr einen nahtlosen \u00dcbergang sorgt.<\/p>\n<p>Wir nutzten unsere Erfahrung und bew\u00e4hrte Prozesse, um im November eine schnelle Installation innerhalb weniger Tage zu realisieren, inklusive umfassender Personalschulung.<\/p>\n","protected":false},"excerpt":{"rendered":"<p>Der Altitude Trampoline Park in Rochester, New York, war ein bestehender Standort, der nach 6 Jahren eine Auffrischung sowie neue, innovative Attraktionen im Rahmen einer Wettbewerbsstrategie ben\u00f6tigte. Airparx war an den Modernisierungsarbeiten beteiligt, um den Park um 4 interaktive Funktionen zu erweitern, die Besucherzahlen zu steigern und Personalkosten zu senken.<\/p>\n<p>Insbesondere haben wir das Dodgeball-Feld entfernt, um Platz f\u00fcr unseren brandneuen, 294 m2 gro\u00dfen aufblasbaren Park zu schaffen. Hochwertiges PVC garantiert Langlebigkeit, w\u00e4hrend eine einzigartige Verbindungstechnologie zum Trampolindeck f\u00fcr einen nahtlosen \u00dcbergang sorgt.<\/p>\n<p>Wir nutzten unsere Erfahrung und bew\u00e4hrte Prozesse, um im November eine schnelle Installation innerhalb weniger Tage zu realisieren, inklusive umfassender Personalschulung.<\/p>\n","protected":false},"featured_media":10137,"template":"","meta":{"_acf_changed":false},"product_brand":[],"product_cat":[99],"product_tag":[],"class_list":{"0":"post-12605","1":"product","2":"type-product","3":"status-publish","4":"has-post-thumbnail","6":"product_cat-aufblasbare-parks","8":"first","9":"outofstock","10":"shipping-taxable","11":"product-type-simple"},"acf":[],"yoast_head":"<!-- This site is optimized with the Yoast SEO Premium plugin v26.7 (Yoast SEO v27.3) - https:\/\/yoast.com\/product\/yoast-seo-premium-wordpress\/ -->\n<title>Altitude Trampoline Park - Airparx<\/title>\n<meta name=\"description\" content=\"Airparx entwarf, fertigte und installierte einen riesigen aufblasbaren Park an einem bestehenden Standort im Altitude Trampoline Park in Rochester, New York, USA.\" \/>\n<meta name=\"robots\" content=\"index, follow, max-snippet:-1, max-image-preview:large, max-video-preview:-1\" \/>\n<link rel=\"canonical\" href=\"https:\/\/airparx.com\/de\/installations\/altitude-trampoline-park\/\" \/>\n<meta property=\"og:locale\" content=\"de_DE\" \/>\n<meta property=\"og:type\" content=\"article\" \/>\n<meta property=\"og:title\" content=\"Altitude Trampoline Park\" \/>\n<meta property=\"og:description\" content=\"Airparx entwarf, fertigte und installierte einen riesigen aufblasbaren Park an einem bestehenden Standort im Altitude Trampoline Park in Rochester, New York, USA.\" \/>\n<meta property=\"og:url\" content=\"https:\/\/airparx.com\/de\/installations\/altitude-trampoline-park\/\" \/>\n<meta property=\"og:site_name\" content=\"Airparx\" \/>\n<meta property=\"article:publisher\" content=\"https:\/\/www.facebook.com\/Airparx\/\" \/>\n<meta property=\"og:image\" content=\"https:\/\/airparx.com\/wp-content\/uploads\/2024\/12\/Altitude-Rochester-1-1024x576.png\" \/>\n\t<meta property=\"og:image:width\" content=\"1024\" \/>\n\t<meta property=\"og:image:height\" content=\"576\" \/>\n\t<meta property=\"og:image:type\" content=\"image\/png\" \/>\n<meta name=\"twitter:card\" content=\"summary_large_image\" \/>\n<meta name=\"twitter:label1\" content=\"Gesch\u00e4tzte Lesezeit\" \/>\n\t<meta name=\"twitter:data1\" content=\"1\u00a0Minute\" \/>\n<script type=\"application\/ld+json\" class=\"yoast-schema-graph\">{\"@context\":\"https:\\\/\\\/schema.org\",\"@graph\":[{\"@type\":\"WebPage\",\"@id\":\"https:\\\/\\\/airparx.com\\\/de\\\/installations\\\/altitude-trampoline-park\\\/\",\"url\":\"https:\\\/\\\/airparx.com\\\/de\\\/installations\\\/altitude-trampoline-park\\\/\",\"name\":\"Altitude Trampoline Park - Airparx\",\"isPartOf\":{\"@id\":\"https:\\\/\\\/airparx.com\\\/de\\\/#website\"},\"primaryImageOfPage\":{\"@id\":\"https:\\\/\\\/airparx.com\\\/de\\\/installations\\\/altitude-trampoline-park\\\/#primaryimage\"},\"image\":{\"@id\":\"https:\\\/\\\/airparx.com\\\/de\\\/installations\\\/altitude-trampoline-park\\\/#primaryimage\"},\"thumbnailUrl\":\"https:\\\/\\\/airparx.com\\\/wp-content\\\/uploads\\\/2024\\\/12\\\/Altitude-Rochester-1.png\",\"datePublished\":\"2024-12-03T12:11:35+00:00\",\"description\":\"Airparx entwarf, fertigte und installierte einen riesigen aufblasbaren Park an einem bestehenden Standort im Altitude Trampoline Park in Rochester, New York, USA.\",\"breadcrumb\":{\"@id\":\"https:\\\/\\\/airparx.com\\\/de\\\/installations\\\/altitude-trampoline-park\\\/#breadcrumb\"},\"inLanguage\":\"de\",\"potentialAction\":[{\"@type\":\"ReadAction\",\"target\":[\"https:\\\/\\\/airparx.com\\\/de\\\/installations\\\/altitude-trampoline-park\\\/\"]}]},{\"@type\":\"ImageObject\",\"inLanguage\":\"de\",\"@id\":\"https:\\\/\\\/airparx.com\\\/de\\\/installations\\\/altitude-trampoline-park\\\/#primaryimage\",\"url\":\"https:\\\/\\\/airparx.com\\\/wp-content\\\/uploads\\\/2024\\\/12\\\/Altitude-Rochester-1.png\",\"contentUrl\":\"https:\\\/\\\/airparx.com\\\/wp-content\\\/uploads\\\/2024\\\/12\\\/Altitude-Rochester-1.png\",\"width\":1366,\"height\":768,\"caption\":\"Altitude Rochester 1\"},{\"@type\":\"BreadcrumbList\",\"@id\":\"https:\\\/\\\/airparx.com\\\/de\\\/installations\\\/altitude-trampoline-park\\\/#breadcrumb\",\"itemListElement\":[{\"@type\":\"ListItem\",\"position\":1,\"name\":\"Home\",\"item\":\"https:\\\/\\\/airparx.com\\\/de\\\/\"},{\"@type\":\"ListItem\",\"position\":2,\"name\":\"Altitude Trampoline Park\"}]},{\"@type\":\"WebSite\",\"@id\":\"https:\\\/\\\/airparx.com\\\/de\\\/#website\",\"url\":\"https:\\\/\\\/airparx.com\\\/de\\\/\",\"name\":\"Airparx\",\"description\":\"Inflatable &amp; Trampoline Park Supplier\",\"publisher\":{\"@id\":\"https:\\\/\\\/airparx.com\\\/de\\\/#organization\"},\"potentialAction\":[{\"@type\":\"SearchAction\",\"target\":{\"@type\":\"EntryPoint\",\"urlTemplate\":\"https:\\\/\\\/airparx.com\\\/de\\\/?s={search_term_string}\"},\"query-input\":{\"@type\":\"PropertyValueSpecification\",\"valueRequired\":true,\"valueName\":\"search_term_string\"}}],\"inLanguage\":\"de\"},{\"@type\":\"Organization\",\"@id\":\"https:\\\/\\\/airparx.com\\\/de\\\/#organization\",\"name\":\"Airparx\",\"url\":\"https:\\\/\\\/airparx.com\\\/de\\\/\",\"logo\":{\"@type\":\"ImageObject\",\"inLanguage\":\"de\",\"@id\":\"https:\\\/\\\/airparx.com\\\/de\\\/#\\\/schema\\\/logo\\\/image\\\/\",\"url\":\"https:\\\/\\\/airparx.com\\\/wp-content\\\/uploads\\\/2022\\\/06\\\/Airparx_Logo.png\",\"contentUrl\":\"https:\\\/\\\/airparx.com\\\/wp-content\\\/uploads\\\/2022\\\/06\\\/Airparx_Logo.png\",\"width\":1127,\"height\":461,\"caption\":\"Airparx\"},\"image\":{\"@id\":\"https:\\\/\\\/airparx.com\\\/de\\\/#\\\/schema\\\/logo\\\/image\\\/\"},\"sameAs\":[\"https:\\\/\\\/www.facebook.com\\\/Airparx\\\/\",\"https:\\\/\\\/www.instagram.com\\\/airparx\\\/\",\"https:\\\/\\\/www.youtube.com\\\/playlist?list=PL2LZnxdxb4eX2paMpuL0QxEvopAtGzyqY\",\"https:\\\/\\\/www.linkedin.com\\\/company\\\/airparx\\\/\"]}]}<\/script>\n<!-- \/ Yoast SEO Premium plugin. -->","yoast_head_json":{"title":"Altitude Trampoline Park - Airparx","description":"Airparx entwarf, fertigte und installierte einen riesigen aufblasbaren Park an einem bestehenden Standort im Altitude Trampoline Park in Rochester, New York, USA.","robots":{"index":"index","follow":"follow","max-snippet":"max-snippet:-1","max-image-preview":"max-image-preview:large","max-video-preview":"max-video-preview:-1"},"canonical":"https:\/\/airparx.com\/de\/installations\/altitude-trampoline-park\/","og_locale":"de_DE","og_type":"article","og_title":"Altitude Trampoline Park","og_description":"Airparx entwarf, fertigte und installierte einen riesigen aufblasbaren Park an einem bestehenden Standort im Altitude Trampoline Park in Rochester, New York, USA.","og_url":"https:\/\/airparx.com\/de\/installations\/altitude-trampoline-park\/","og_site_name":"Airparx","article_publisher":"https:\/\/www.facebook.com\/Airparx\/","og_image":[{"width":1024,"height":576,"url":"https:\/\/airparx.com\/wp-content\/uploads\/2024\/12\/Altitude-Rochester-1-1024x576.png","type":"image\/png"}],"twitter_card":"summary_large_image","twitter_misc":{"Gesch\u00e4tzte Lesezeit":"1\u00a0Minute"},"schema":{"@context":"https:\/\/schema.org","@graph":[{"@type":"WebPage","@id":"https:\/\/airparx.com\/de\/installations\/altitude-trampoline-park\/","url":"https:\/\/airparx.com\/de\/installations\/altitude-trampoline-park\/","name":"Altitude Trampoline Park - Airparx","isPartOf":{"@id":"https:\/\/airparx.com\/de\/#website"},"primaryImageOfPage":{"@id":"https:\/\/airparx.com\/de\/installations\/altitude-trampoline-park\/#primaryimage"},"image":{"@id":"https:\/\/airparx.com\/de\/installations\/altitude-trampoline-park\/#primaryimage"},"thumbnailUrl":"https:\/\/airparx.com\/wp-content\/uploads\/2024\/12\/Altitude-Rochester-1.png","datePublished":"2024-12-03T12:11:35+00:00","description":"Airparx entwarf, fertigte und installierte einen riesigen aufblasbaren Park an einem bestehenden Standort im Altitude Trampoline Park in Rochester, New York, USA.","breadcrumb":{"@id":"https:\/\/airparx.com\/de\/installations\/altitude-trampoline-park\/#breadcrumb"},"inLanguage":"de","potentialAction":[{"@type":"ReadAction","target":["https:\/\/airparx.com\/de\/installations\/altitude-trampoline-park\/"]}]},{"@type":"ImageObject","inLanguage":"de","@id":"https:\/\/airparx.com\/de\/installations\/altitude-trampoline-park\/#primaryimage","url":"https:\/\/airparx.com\/wp-content\/uploads\/2024\/12\/Altitude-Rochester-1.png","contentUrl":"https:\/\/airparx.com\/wp-content\/uploads\/2024\/12\/Altitude-Rochester-1.png","width":1366,"height":768,"caption":"Altitude Rochester 1"},{"@type":"BreadcrumbList","@id":"https:\/\/airparx.com\/de\/installations\/altitude-trampoline-park\/#breadcrumb","itemListElement":[{"@type":"ListItem","position":1,"name":"Home","item":"https:\/\/airparx.com\/de\/"},{"@type":"ListItem","position":2,"name":"Altitude Trampoline Park"}]},{"@type":"WebSite","@id":"https:\/\/airparx.com\/de\/#website","url":"https:\/\/airparx.com\/de\/","name":"Airparx","description":"Inflatable &amp; Trampoline Park Supplier","publisher":{"@id":"https:\/\/airparx.com\/de\/#organization"},"potentialAction":[{"@type":"SearchAction","target":{"@type":"EntryPoint","urlTemplate":"https:\/\/airparx.com\/de\/?s={search_term_string}"},"query-input":{"@type":"PropertyValueSpecification","valueRequired":true,"valueName":"search_term_string"}}],"inLanguage":"de"},{"@type":"Organization","@id":"https:\/\/airparx.com\/de\/#organization","name":"Airparx","url":"https:\/\/airparx.com\/de\/","logo":{"@type":"ImageObject","inLanguage":"de","@id":"https:\/\/airparx.com\/de\/#\/schema\/logo\/image\/","url":"https:\/\/airparx.com\/wp-content\/uploads\/2022\/06\/Airparx_Logo.png","contentUrl":"https:\/\/airparx.com\/wp-content\/uploads\/2022\/06\/Airparx_Logo.png","width":1127,"height":461,"caption":"Airparx"},"image":{"@id":"https:\/\/airparx.com\/de\/#\/schema\/logo\/image\/"},"sameAs":["https:\/\/www.facebook.com\/Airparx\/","https:\/\/www.instagram.com\/airparx\/","https:\/\/www.youtube.com\/playlist?list=PL2LZnxdxb4eX2paMpuL0QxEvopAtGzyqY","https:\/\/www.linkedin.com\/company\/airparx\/"]}]}},"_links":{"self":[{"href":"https:\/\/airparx.com\/de\/wp-json\/wp\/v2\/product\/12605","targetHints":{"allow":["GET"]}}],"collection":[{"href":"https:\/\/airparx.com\/de\/wp-json\/wp\/v2\/product"}],"about":[{"href":"https:\/\/airparx.com\/de\/wp-json\/wp\/v2\/types\/product"}],"wp:featuredmedia":[{"embeddable":true,"href":"https:\/\/airparx.com\/de\/wp-json\/wp\/v2\/media\/10137"}],"wp:attachment":[{"href":"https:\/\/airparx.com\/de\/wp-json\/wp\/v2\/media?parent=12605"}],"wp:term":[{"taxonomy":"product_brand","embeddable":true,"href":"https:\/\/airparx.com\/de\/wp-json\/wp\/v2\/product_brand?post=12605"},{"taxonomy":"product_cat","embeddable":true,"href":"https:\/\/airparx.com\/de\/wp-json\/wp\/v2\/product_cat?post=12605"},{"taxonomy":"product_tag","embeddable":true,"href":"https:\/\/airparx.com\/de\/wp-json\/wp\/v2\/product_tag?post=12605"}],"curies":[{"name":"wp","href":"https:\/\/api.w.org\/{rel}","templated":true}]}}