{"id":12617,"date":"2023-02-24T11:16:55","date_gmt":"2023-02-24T11:16:55","guid":{"rendered":"https:\/\/airparx.com\/installations\/innoflate-newport\/"},"modified":"2023-02-24T11:16:55","modified_gmt":"2023-02-24T11:16:55","slug":"innoflate-newport","status":"publish","type":"product","link":"https:\/\/airparx.com\/de\/installations\/innoflate-newport\/","title":{"rendered":"Innoflate Newport"},"content":{"rendered":"<p><strong>Innoflates erster Park in Wales, basierend auf dem bew\u00e4hrten Erfolg in Schottland<\/strong><\/p>\n<p>Innoflate Newport markiert einen bedeutenden Meilenstein f\u00fcr das Innoflate-Team: Es ist ihr erster Standort in Wales und der n\u00e4chste Schritt nach einer Reihe erfolgreicher Parks in Schottland. Etabliert im<\/p>\n<p><strong>Newport Leisure Park (Spytty),<\/strong> der neue Standort bringt das energiegeladene Inflatable-Erlebnis von Innoflate nach S\u00fcdwales \u2013 mit einer Mischung aus riesigen H\u00fcpfburgen, Hindernissen und Sessions, die Familien in Bewegung halten, zum Lachen bringen und zur Wiederkehr animieren.<\/p>\n<p><strong>Ein Neuanfang im Newport Leisure Park<\/strong><\/p>\n<p>Der Standort Newport ersetzt das bisherige Freizeitangebot in der Einheit, nachdem fr\u00fchere Mieter des Parks, darunter Energi Trampoline, ausgezogen sind. F\u00fcr Innoflate war es die Chance, eine anspruchsvolle Fl\u00e4che zu \u00fcbernehmen und sie mit einem klareren Betriebsmodell sowie einem umfassenderen Kundenangebot neu zu beleben \u2013 ausgerichtet auf Durchsatz, wiederholte Besuche, Party-Verk\u00e4ufe und strukturierte Sessions.<\/p>\n<p><strong>Was G\u00e4ste erwartet<\/strong><\/p>\n<p>Innoflate Newport bietet Open-Bounce-Erlebnisse sowie strukturierte Sessions und Events, darunter Fitnesskurse und Themen-Sessions wie Nerf War, erg\u00e4nzt durch einen Caf\u00e9-Bereich f\u00fcr l\u00e4ngere Verweildauern und Gruppenbesuche.<\/p>\n<p><strong>Eine Partnerschaft, die \u00fcber einen Standort hinausgeht<\/strong><\/p>\n<p>Dieses Projekt steht f\u00fcr mehr als nur eine einzelne Installation. Darren und Ross sind enge Partner von uns, und Newport ist Teil einer umfassenderen Rollout-Beziehung. Besonders hervorzuheben ist, dass sie auch als unser erster Airparx 2.0-Kunde f\u00fcr Livingston best\u00e4tigt wurden und so die n\u00e4chste Generation von integriertem Inflatable-Park-Design, Visuals, Features und Betriebsabl\u00e4ufen mitgestalten.<\/p>\n<p><strong>Auf langfristige Performance ausgelegt<\/strong><\/p>\n<p>Von der Layoutplanung bis zur Unterst\u00fctzung bei der Inbetriebnahme lag der Fokus in Newport darauf, eine robuste, kommerziell zuverl\u00e4ssige und skalierbare Attraktion zu schaffen. Sie unterst\u00fctzt Partys, Schulen, Spitzenzeiten sowie saisonale Marketingkampagnen und bietet gleichzeitig den \u201eWow\u201c-Faktor, f\u00fcr den Innoflate bei der Expansion in neue Regionen bekannt ist.<\/p>\n","protected":false},"excerpt":{"rendered":"<p>Innoflates erster Park in Wales, basierend auf dem bew\u00e4hrten Erfolg in Schottland Innoflate Newport markiert einen bedeutenden Meilenstein f\u00fcr das Innoflate-Team: Es ist ihr erster Standort in Wales und der n\u00e4chste Schritt nach einer Reihe erfolgreicher Parks in Schottland. Etabliert im Newport Leisure Park (Spytty), der neue Standort bringt das energiegeladene Inflatable-Erlebnis von Innoflate nach [&hellip;]<\/p>\n","protected":false},"featured_media":12575,"template":"","meta":{"_acf_changed":false},"product_brand":[],"product_cat":[99],"product_tag":[],"class_list":{"0":"post-12617","1":"product","2":"type-product","3":"status-publish","4":"has-post-thumbnail","6":"product_cat-aufblasbare-parks","8":"first","9":"outofstock","10":"shipping-taxable","11":"product-type-simple"},"acf":[],"yoast_head":"<!-- This site is optimized with the Yoast SEO Premium plugin v26.7 (Yoast SEO v27.3) - https:\/\/yoast.com\/product\/yoast-seo-premium-wordpress\/ -->\n<title>Innoflate Newport - Airparx<\/title>\n<meta name=\"robots\" content=\"index, follow, max-snippet:-1, max-image-preview:large, max-video-preview:-1\" \/>\n<link rel=\"canonical\" href=\"https:\/\/airparx.com\/de\/installations\/innoflate-newport\/\" \/>\n<meta property=\"og:locale\" content=\"de_DE\" \/>\n<meta property=\"og:type\" content=\"article\" \/>\n<meta property=\"og:title\" content=\"Innoflate Newport\" \/>\n<meta property=\"og:description\" content=\"Innoflates erster Park in Wales, basierend auf dem bew\u00e4hrten Erfolg in Schottland Innoflate Newport markiert einen bedeutenden Meilenstein f\u00fcr das Innoflate-Team: Es ist ihr erster Standort in Wales und der n\u00e4chste Schritt nach einer Reihe erfolgreicher Parks in Schottland. Etabliert im Newport Leisure Park (Spytty), der neue Standort bringt das energiegeladene Inflatable-Erlebnis von Innoflate nach [&hellip;]\" \/>\n<meta property=\"og:url\" content=\"https:\/\/airparx.com\/de\/installations\/innoflate-newport\/\" \/>\n<meta property=\"og:site_name\" content=\"Airparx\" \/>\n<meta property=\"article:publisher\" content=\"https:\/\/www.facebook.com\/Airparx\/\" \/>\n<meta property=\"og:image\" content=\"https:\/\/airparx.com\/wp-content\/uploads\/2023\/02\/innoflate-newport-1-1024x1024.png\" \/>\n\t<meta property=\"og:image:width\" content=\"1024\" \/>\n\t<meta property=\"og:image:height\" content=\"1024\" \/>\n\t<meta property=\"og:image:type\" content=\"image\/png\" \/>\n<meta name=\"twitter:card\" content=\"summary_large_image\" \/>\n<meta name=\"twitter:label1\" content=\"Gesch\u00e4tzte Lesezeit\" \/>\n\t<meta name=\"twitter:data1\" content=\"2\u00a0Minuten\" \/>\n<script type=\"application\/ld+json\" class=\"yoast-schema-graph\">{\"@context\":\"https:\\\/\\\/schema.org\",\"@graph\":[{\"@type\":\"WebPage\",\"@id\":\"https:\\\/\\\/airparx.com\\\/de\\\/installations\\\/innoflate-newport\\\/\",\"url\":\"https:\\\/\\\/airparx.com\\\/de\\\/installations\\\/innoflate-newport\\\/\",\"name\":\"Innoflate Newport - Airparx\",\"isPartOf\":{\"@id\":\"https:\\\/\\\/airparx.com\\\/de\\\/#website\"},\"primaryImageOfPage\":{\"@id\":\"https:\\\/\\\/airparx.com\\\/de\\\/installations\\\/innoflate-newport\\\/#primaryimage\"},\"image\":{\"@id\":\"https:\\\/\\\/airparx.com\\\/de\\\/installations\\\/innoflate-newport\\\/#primaryimage\"},\"thumbnailUrl\":\"https:\\\/\\\/airparx.com\\\/wp-content\\\/uploads\\\/2023\\\/02\\\/innoflate-newport-1.png\",\"datePublished\":\"2023-02-24T11:16:55+00:00\",\"breadcrumb\":{\"@id\":\"https:\\\/\\\/airparx.com\\\/de\\\/installations\\\/innoflate-newport\\\/#breadcrumb\"},\"inLanguage\":\"de\",\"potentialAction\":[{\"@type\":\"ReadAction\",\"target\":[\"https:\\\/\\\/airparx.com\\\/de\\\/installations\\\/innoflate-newport\\\/\"]}]},{\"@type\":\"ImageObject\",\"inLanguage\":\"de\",\"@id\":\"https:\\\/\\\/airparx.com\\\/de\\\/installations\\\/innoflate-newport\\\/#primaryimage\",\"url\":\"https:\\\/\\\/airparx.com\\\/wp-content\\\/uploads\\\/2023\\\/02\\\/innoflate-newport-1.png\",\"contentUrl\":\"https:\\\/\\\/airparx.com\\\/wp-content\\\/uploads\\\/2023\\\/02\\\/innoflate-newport-1.png\",\"width\":1200,\"height\":1200},{\"@type\":\"BreadcrumbList\",\"@id\":\"https:\\\/\\\/airparx.com\\\/de\\\/installations\\\/innoflate-newport\\\/#breadcrumb\",\"itemListElement\":[{\"@type\":\"ListItem\",\"position\":1,\"name\":\"Home\",\"item\":\"https:\\\/\\\/airparx.com\\\/de\\\/\"},{\"@type\":\"ListItem\",\"position\":2,\"name\":\"Innoflate Newport\"}]},{\"@type\":\"WebSite\",\"@id\":\"https:\\\/\\\/airparx.com\\\/de\\\/#website\",\"url\":\"https:\\\/\\\/airparx.com\\\/de\\\/\",\"name\":\"Airparx\",\"description\":\"Inflatable &amp; Trampoline Park Supplier\",\"publisher\":{\"@id\":\"https:\\\/\\\/airparx.com\\\/de\\\/#organization\"},\"potentialAction\":[{\"@type\":\"SearchAction\",\"target\":{\"@type\":\"EntryPoint\",\"urlTemplate\":\"https:\\\/\\\/airparx.com\\\/de\\\/?s={search_term_string}\"},\"query-input\":{\"@type\":\"PropertyValueSpecification\",\"valueRequired\":true,\"valueName\":\"search_term_string\"}}],\"inLanguage\":\"de\"},{\"@type\":\"Organization\",\"@id\":\"https:\\\/\\\/airparx.com\\\/de\\\/#organization\",\"name\":\"Airparx\",\"url\":\"https:\\\/\\\/airparx.com\\\/de\\\/\",\"logo\":{\"@type\":\"ImageObject\",\"inLanguage\":\"de\",\"@id\":\"https:\\\/\\\/airparx.com\\\/de\\\/#\\\/schema\\\/logo\\\/image\\\/\",\"url\":\"https:\\\/\\\/airparx.com\\\/wp-content\\\/uploads\\\/2022\\\/06\\\/Airparx_Logo.png\",\"contentUrl\":\"https:\\\/\\\/airparx.com\\\/wp-content\\\/uploads\\\/2022\\\/06\\\/Airparx_Logo.png\",\"width\":1127,\"height\":461,\"caption\":\"Airparx\"},\"image\":{\"@id\":\"https:\\\/\\\/airparx.com\\\/de\\\/#\\\/schema\\\/logo\\\/image\\\/\"},\"sameAs\":[\"https:\\\/\\\/www.facebook.com\\\/Airparx\\\/\",\"https:\\\/\\\/www.instagram.com\\\/airparx\\\/\",\"https:\\\/\\\/www.youtube.com\\\/playlist?list=PL2LZnxdxb4eX2paMpuL0QxEvopAtGzyqY\",\"https:\\\/\\\/www.linkedin.com\\\/company\\\/airparx\\\/\"]}]}<\/script>\n<!-- \/ Yoast SEO Premium plugin. -->","yoast_head_json":{"title":"Innoflate Newport - Airparx","robots":{"index":"index","follow":"follow","max-snippet":"max-snippet:-1","max-image-preview":"max-image-preview:large","max-video-preview":"max-video-preview:-1"},"canonical":"https:\/\/airparx.com\/de\/installations\/innoflate-newport\/","og_locale":"de_DE","og_type":"article","og_title":"Innoflate Newport","og_description":"Innoflates erster Park in Wales, basierend auf dem bew\u00e4hrten Erfolg in Schottland Innoflate Newport markiert einen bedeutenden Meilenstein f\u00fcr das Innoflate-Team: Es ist ihr erster Standort in Wales und der n\u00e4chste Schritt nach einer Reihe erfolgreicher Parks in Schottland. Etabliert im Newport Leisure Park (Spytty), der neue Standort bringt das energiegeladene Inflatable-Erlebnis von Innoflate nach [&hellip;]","og_url":"https:\/\/airparx.com\/de\/installations\/innoflate-newport\/","og_site_name":"Airparx","article_publisher":"https:\/\/www.facebook.com\/Airparx\/","og_image":[{"width":1024,"height":1024,"url":"https:\/\/airparx.com\/wp-content\/uploads\/2023\/02\/innoflate-newport-1-1024x1024.png","type":"image\/png"}],"twitter_card":"summary_large_image","twitter_misc":{"Gesch\u00e4tzte Lesezeit":"2\u00a0Minuten"},"schema":{"@context":"https:\/\/schema.org","@graph":[{"@type":"WebPage","@id":"https:\/\/airparx.com\/de\/installations\/innoflate-newport\/","url":"https:\/\/airparx.com\/de\/installations\/innoflate-newport\/","name":"Innoflate Newport - Airparx","isPartOf":{"@id":"https:\/\/airparx.com\/de\/#website"},"primaryImageOfPage":{"@id":"https:\/\/airparx.com\/de\/installations\/innoflate-newport\/#primaryimage"},"image":{"@id":"https:\/\/airparx.com\/de\/installations\/innoflate-newport\/#primaryimage"},"thumbnailUrl":"https:\/\/airparx.com\/wp-content\/uploads\/2023\/02\/innoflate-newport-1.png","datePublished":"2023-02-24T11:16:55+00:00","breadcrumb":{"@id":"https:\/\/airparx.com\/de\/installations\/innoflate-newport\/#breadcrumb"},"inLanguage":"de","potentialAction":[{"@type":"ReadAction","target":["https:\/\/airparx.com\/de\/installations\/innoflate-newport\/"]}]},{"@type":"ImageObject","inLanguage":"de","@id":"https:\/\/airparx.com\/de\/installations\/innoflate-newport\/#primaryimage","url":"https:\/\/airparx.com\/wp-content\/uploads\/2023\/02\/innoflate-newport-1.png","contentUrl":"https:\/\/airparx.com\/wp-content\/uploads\/2023\/02\/innoflate-newport-1.png","width":1200,"height":1200},{"@type":"BreadcrumbList","@id":"https:\/\/airparx.com\/de\/installations\/innoflate-newport\/#breadcrumb","itemListElement":[{"@type":"ListItem","position":1,"name":"Home","item":"https:\/\/airparx.com\/de\/"},{"@type":"ListItem","position":2,"name":"Innoflate Newport"}]},{"@type":"WebSite","@id":"https:\/\/airparx.com\/de\/#website","url":"https:\/\/airparx.com\/de\/","name":"Airparx","description":"Inflatable &amp; Trampoline Park Supplier","publisher":{"@id":"https:\/\/airparx.com\/de\/#organization"},"potentialAction":[{"@type":"SearchAction","target":{"@type":"EntryPoint","urlTemplate":"https:\/\/airparx.com\/de\/?s={search_term_string}"},"query-input":{"@type":"PropertyValueSpecification","valueRequired":true,"valueName":"search_term_string"}}],"inLanguage":"de"},{"@type":"Organization","@id":"https:\/\/airparx.com\/de\/#organization","name":"Airparx","url":"https:\/\/airparx.com\/de\/","logo":{"@type":"ImageObject","inLanguage":"de","@id":"https:\/\/airparx.com\/de\/#\/schema\/logo\/image\/","url":"https:\/\/airparx.com\/wp-content\/uploads\/2022\/06\/Airparx_Logo.png","contentUrl":"https:\/\/airparx.com\/wp-content\/uploads\/2022\/06\/Airparx_Logo.png","width":1127,"height":461,"caption":"Airparx"},"image":{"@id":"https:\/\/airparx.com\/de\/#\/schema\/logo\/image\/"},"sameAs":["https:\/\/www.facebook.com\/Airparx\/","https:\/\/www.instagram.com\/airparx\/","https:\/\/www.youtube.com\/playlist?list=PL2LZnxdxb4eX2paMpuL0QxEvopAtGzyqY","https:\/\/www.linkedin.com\/company\/airparx\/"]}]}},"_links":{"self":[{"href":"https:\/\/airparx.com\/de\/wp-json\/wp\/v2\/product\/12617","targetHints":{"allow":["GET"]}}],"collection":[{"href":"https:\/\/airparx.com\/de\/wp-json\/wp\/v2\/product"}],"about":[{"href":"https:\/\/airparx.com\/de\/wp-json\/wp\/v2\/types\/product"}],"wp:featuredmedia":[{"embeddable":true,"href":"https:\/\/airparx.com\/de\/wp-json\/wp\/v2\/media\/12575"}],"wp:attachment":[{"href":"https:\/\/airparx.com\/de\/wp-json\/wp\/v2\/media?parent=12617"}],"wp:term":[{"taxonomy":"product_brand","embeddable":true,"href":"https:\/\/airparx.com\/de\/wp-json\/wp\/v2\/product_brand?post=12617"},{"taxonomy":"product_cat","embeddable":true,"href":"https:\/\/airparx.com\/de\/wp-json\/wp\/v2\/product_cat?post=12617"},{"taxonomy":"product_tag","embeddable":true,"href":"https:\/\/airparx.com\/de\/wp-json\/wp\/v2\/product_tag?post=12617"}],"curies":[{"name":"wp","href":"https:\/\/api.w.org\/{rel}","templated":true}]}}