{"id":5975,"date":"2021-05-15T11:15:41","date_gmt":"2021-05-15T10:15:41","guid":{"rendered":"https:\/\/airparx.com\/installations\/bounce-valley-breda-2\/"},"modified":"2022-12-20T15:54:45","modified_gmt":"2022-12-20T15:54:45","slug":"bounce-valley-breda","status":"publish","type":"product","link":"https:\/\/airparx.com\/de\/installations\/bounce-valley-breda\/","title":{"rendered":"Bounce Valley &#8211; Breda"},"content":{"rendered":"<p>Bounce Valley war ein neu gegr\u00fcndetes Franchise-Unternehmen mit gro\u00dfen Expansionspl\u00e4nen f\u00fcr die Benelux-L\u00e4nder. Bis heute bereiten wir die Auslieferung des<sup>5.<\/sup> aufblasbaren Bounce Valley Parks vor und planen f\u00fcr die kommenden Jahre eine gro\u00dfe Anzahl weiterer Anlagen.<\/p>\n<p>Als erster aufblasbarer Park in den Niederlanden wollte Bounce Valley ein Zeichen setzen, und wir haben uns in Sachen Design selbst \u00fcbertroffen. Der Park war fast 1000 Quadratmeter gro\u00df.<\/p>\n<p>Die niederl\u00e4ndischen Zertifizierungsverfahren geh\u00f6ren zu den strengsten der Welt, und Airparx arbeitete eng mit dem T\u00dcV zusammen, um einen Pr\u00fcf- und Bewertungsstandard zu entwickeln, der in Zukunft auch an anderen Standorten angewendet werden kann.<\/p>\n<p>Airparx hat diese Airparx erfolgreich innerhalb des Zeit- und Budgetrahmens durchgef\u00fchrt, um eine ausgezeichnete Attraktion f\u00fcr eine breite Altersgruppe von Teilnehmern zu schaffen.<\/p>\n<p>Wir haben ein einzigartiges und neues Farbschema sowie neue Funktionen wie die gr\u00f6\u00dfte Rutsche und den gr\u00f6\u00dften Klettergarten Nordeuropas entwickelt. Der interne &#8222;Last Man Standing&#8220; (auch bekannt als Sweeper) verbesserte die Sichtlinien f\u00fcr das Rangieren und maximierte so die Einsparungen bei den \u00dcberwachungsbudgets.<\/p>\n","protected":false},"excerpt":{"rendered":"<p>Bounce Valley war ein neu gegr\u00fcndetes Franchise-Unternehmen mit gro\u00dfen Expansionspl\u00e4nen f\u00fcr die Benelux-L\u00e4nder. Bis heute bereiten wir die Auslieferung des5. aufblasbaren Bounce Valley Parks vor und planen f\u00fcr die kommenden Jahre eine gro\u00dfe Anzahl weiterer Anlagen. Als erster aufblasbarer Park in den Niederlanden wollte Bounce Valley ein Zeichen setzen, und wir haben uns in Sachen [&hellip;]<\/p>\n","protected":false},"featured_media":5820,"template":"","meta":{"_acf_changed":false},"product_brand":[],"product_cat":[99],"product_tag":[],"class_list":{"0":"post-5975","1":"product","2":"type-product","3":"status-publish","4":"has-post-thumbnail","6":"product_cat-aufblasbare-parks","8":"first","9":"outofstock","10":"shipping-taxable","11":"product-type-simple"},"acf":[],"yoast_head":"<!-- This site is optimized with the Yoast SEO Premium plugin v26.7 (Yoast SEO v27.3) - https:\/\/yoast.com\/product\/yoast-seo-premium-wordpress\/ -->\n<title>Bounce Valley - Breda - Airparx<\/title>\n<meta name=\"robots\" content=\"index, follow, max-snippet:-1, max-image-preview:large, max-video-preview:-1\" \/>\n<link rel=\"canonical\" href=\"https:\/\/airparx.com\/de\/installations\/bounce-valley-breda\/\" \/>\n<meta property=\"og:locale\" content=\"de_DE\" \/>\n<meta property=\"og:type\" content=\"article\" \/>\n<meta property=\"og:title\" content=\"Bounce Valley - Breda\" \/>\n<meta property=\"og:description\" content=\"Bounce Valley war ein neu gegr\u00fcndetes Franchise-Unternehmen mit gro\u00dfen Expansionspl\u00e4nen f\u00fcr die Benelux-L\u00e4nder. Bis heute bereiten wir die Auslieferung des5. aufblasbaren Bounce Valley Parks vor und planen f\u00fcr die kommenden Jahre eine gro\u00dfe Anzahl weiterer Anlagen. Als erster aufblasbarer Park in den Niederlanden wollte Bounce Valley ein Zeichen setzen, und wir haben uns in Sachen [&hellip;]\" \/>\n<meta property=\"og:url\" content=\"https:\/\/airparx.com\/de\/installations\/bounce-valley-breda\/\" \/>\n<meta property=\"og:site_name\" content=\"Airparx\" \/>\n<meta property=\"article:publisher\" content=\"https:\/\/www.facebook.com\/Airparx\/\" \/>\n<meta property=\"article:modified_time\" content=\"2022-12-20T15:54:45+00:00\" \/>\n<meta property=\"og:image\" content=\"https:\/\/airparx.com\/wp-content\/uploads\/2022\/07\/bounce-valley-breda-6.jpg\" \/>\n\t<meta property=\"og:image:width\" content=\"1024\" \/>\n\t<meta property=\"og:image:height\" content=\"768\" \/>\n\t<meta property=\"og:image:type\" content=\"image\/jpeg\" \/>\n<meta name=\"twitter:card\" content=\"summary_large_image\" \/>\n<meta name=\"twitter:label1\" content=\"Gesch\u00e4tzte Lesezeit\" \/>\n\t<meta name=\"twitter:data1\" content=\"1\u00a0Minute\" \/>\n<script type=\"application\/ld+json\" class=\"yoast-schema-graph\">{\"@context\":\"https:\\\/\\\/schema.org\",\"@graph\":[{\"@type\":\"WebPage\",\"@id\":\"https:\\\/\\\/airparx.com\\\/de\\\/installations\\\/bounce-valley-breda\\\/\",\"url\":\"https:\\\/\\\/airparx.com\\\/de\\\/installations\\\/bounce-valley-breda\\\/\",\"name\":\"Bounce Valley - Breda - Airparx\",\"isPartOf\":{\"@id\":\"https:\\\/\\\/airparx.com\\\/de\\\/#website\"},\"primaryImageOfPage\":{\"@id\":\"https:\\\/\\\/airparx.com\\\/de\\\/installations\\\/bounce-valley-breda\\\/#primaryimage\"},\"image\":{\"@id\":\"https:\\\/\\\/airparx.com\\\/de\\\/installations\\\/bounce-valley-breda\\\/#primaryimage\"},\"thumbnailUrl\":\"https:\\\/\\\/airparx.com\\\/wp-content\\\/uploads\\\/2022\\\/07\\\/bounce-valley-breda-6.jpg\",\"datePublished\":\"2021-05-15T10:15:41+00:00\",\"dateModified\":\"2022-12-20T15:54:45+00:00\",\"breadcrumb\":{\"@id\":\"https:\\\/\\\/airparx.com\\\/de\\\/installations\\\/bounce-valley-breda\\\/#breadcrumb\"},\"inLanguage\":\"de\",\"potentialAction\":[{\"@type\":\"ReadAction\",\"target\":[\"https:\\\/\\\/airparx.com\\\/de\\\/installations\\\/bounce-valley-breda\\\/\"]}]},{\"@type\":\"ImageObject\",\"inLanguage\":\"de\",\"@id\":\"https:\\\/\\\/airparx.com\\\/de\\\/installations\\\/bounce-valley-breda\\\/#primaryimage\",\"url\":\"https:\\\/\\\/airparx.com\\\/wp-content\\\/uploads\\\/2022\\\/07\\\/bounce-valley-breda-6.jpg\",\"contentUrl\":\"https:\\\/\\\/airparx.com\\\/wp-content\\\/uploads\\\/2022\\\/07\\\/bounce-valley-breda-6.jpg\",\"width\":1024,\"height\":768},{\"@type\":\"BreadcrumbList\",\"@id\":\"https:\\\/\\\/airparx.com\\\/de\\\/installations\\\/bounce-valley-breda\\\/#breadcrumb\",\"itemListElement\":[{\"@type\":\"ListItem\",\"position\":1,\"name\":\"Home\",\"item\":\"https:\\\/\\\/airparx.com\\\/de\\\/\"},{\"@type\":\"ListItem\",\"position\":2,\"name\":\"Bounce Valley &#8211; Breda\"}]},{\"@type\":\"WebSite\",\"@id\":\"https:\\\/\\\/airparx.com\\\/de\\\/#website\",\"url\":\"https:\\\/\\\/airparx.com\\\/de\\\/\",\"name\":\"Airparx\",\"description\":\"Inflatable &amp; Trampoline Park Supplier\",\"publisher\":{\"@id\":\"https:\\\/\\\/airparx.com\\\/de\\\/#organization\"},\"potentialAction\":[{\"@type\":\"SearchAction\",\"target\":{\"@type\":\"EntryPoint\",\"urlTemplate\":\"https:\\\/\\\/airparx.com\\\/de\\\/?s={search_term_string}\"},\"query-input\":{\"@type\":\"PropertyValueSpecification\",\"valueRequired\":true,\"valueName\":\"search_term_string\"}}],\"inLanguage\":\"de\"},{\"@type\":\"Organization\",\"@id\":\"https:\\\/\\\/airparx.com\\\/de\\\/#organization\",\"name\":\"Airparx\",\"url\":\"https:\\\/\\\/airparx.com\\\/de\\\/\",\"logo\":{\"@type\":\"ImageObject\",\"inLanguage\":\"de\",\"@id\":\"https:\\\/\\\/airparx.com\\\/de\\\/#\\\/schema\\\/logo\\\/image\\\/\",\"url\":\"https:\\\/\\\/airparx.com\\\/wp-content\\\/uploads\\\/2022\\\/06\\\/Airparx_Logo.png\",\"contentUrl\":\"https:\\\/\\\/airparx.com\\\/wp-content\\\/uploads\\\/2022\\\/06\\\/Airparx_Logo.png\",\"width\":1127,\"height\":461,\"caption\":\"Airparx\"},\"image\":{\"@id\":\"https:\\\/\\\/airparx.com\\\/de\\\/#\\\/schema\\\/logo\\\/image\\\/\"},\"sameAs\":[\"https:\\\/\\\/www.facebook.com\\\/Airparx\\\/\",\"https:\\\/\\\/www.instagram.com\\\/airparx\\\/\",\"https:\\\/\\\/www.youtube.com\\\/playlist?list=PL2LZnxdxb4eX2paMpuL0QxEvopAtGzyqY\",\"https:\\\/\\\/www.linkedin.com\\\/company\\\/airparx\\\/\"]}]}<\/script>\n<!-- \/ Yoast SEO Premium plugin. -->","yoast_head_json":{"title":"Bounce Valley - Breda - Airparx","robots":{"index":"index","follow":"follow","max-snippet":"max-snippet:-1","max-image-preview":"max-image-preview:large","max-video-preview":"max-video-preview:-1"},"canonical":"https:\/\/airparx.com\/de\/installations\/bounce-valley-breda\/","og_locale":"de_DE","og_type":"article","og_title":"Bounce Valley - Breda","og_description":"Bounce Valley war ein neu gegr\u00fcndetes Franchise-Unternehmen mit gro\u00dfen Expansionspl\u00e4nen f\u00fcr die Benelux-L\u00e4nder. Bis heute bereiten wir die Auslieferung des5. aufblasbaren Bounce Valley Parks vor und planen f\u00fcr die kommenden Jahre eine gro\u00dfe Anzahl weiterer Anlagen. Als erster aufblasbarer Park in den Niederlanden wollte Bounce Valley ein Zeichen setzen, und wir haben uns in Sachen [&hellip;]","og_url":"https:\/\/airparx.com\/de\/installations\/bounce-valley-breda\/","og_site_name":"Airparx","article_publisher":"https:\/\/www.facebook.com\/Airparx\/","article_modified_time":"2022-12-20T15:54:45+00:00","og_image":[{"width":1024,"height":768,"url":"https:\/\/airparx.com\/wp-content\/uploads\/2022\/07\/bounce-valley-breda-6.jpg","type":"image\/jpeg"}],"twitter_card":"summary_large_image","twitter_misc":{"Gesch\u00e4tzte Lesezeit":"1\u00a0Minute"},"schema":{"@context":"https:\/\/schema.org","@graph":[{"@type":"WebPage","@id":"https:\/\/airparx.com\/de\/installations\/bounce-valley-breda\/","url":"https:\/\/airparx.com\/de\/installations\/bounce-valley-breda\/","name":"Bounce Valley - Breda - Airparx","isPartOf":{"@id":"https:\/\/airparx.com\/de\/#website"},"primaryImageOfPage":{"@id":"https:\/\/airparx.com\/de\/installations\/bounce-valley-breda\/#primaryimage"},"image":{"@id":"https:\/\/airparx.com\/de\/installations\/bounce-valley-breda\/#primaryimage"},"thumbnailUrl":"https:\/\/airparx.com\/wp-content\/uploads\/2022\/07\/bounce-valley-breda-6.jpg","datePublished":"2021-05-15T10:15:41+00:00","dateModified":"2022-12-20T15:54:45+00:00","breadcrumb":{"@id":"https:\/\/airparx.com\/de\/installations\/bounce-valley-breda\/#breadcrumb"},"inLanguage":"de","potentialAction":[{"@type":"ReadAction","target":["https:\/\/airparx.com\/de\/installations\/bounce-valley-breda\/"]}]},{"@type":"ImageObject","inLanguage":"de","@id":"https:\/\/airparx.com\/de\/installations\/bounce-valley-breda\/#primaryimage","url":"https:\/\/airparx.com\/wp-content\/uploads\/2022\/07\/bounce-valley-breda-6.jpg","contentUrl":"https:\/\/airparx.com\/wp-content\/uploads\/2022\/07\/bounce-valley-breda-6.jpg","width":1024,"height":768},{"@type":"BreadcrumbList","@id":"https:\/\/airparx.com\/de\/installations\/bounce-valley-breda\/#breadcrumb","itemListElement":[{"@type":"ListItem","position":1,"name":"Home","item":"https:\/\/airparx.com\/de\/"},{"@type":"ListItem","position":2,"name":"Bounce Valley &#8211; Breda"}]},{"@type":"WebSite","@id":"https:\/\/airparx.com\/de\/#website","url":"https:\/\/airparx.com\/de\/","name":"Airparx","description":"Inflatable &amp; Trampoline Park Supplier","publisher":{"@id":"https:\/\/airparx.com\/de\/#organization"},"potentialAction":[{"@type":"SearchAction","target":{"@type":"EntryPoint","urlTemplate":"https:\/\/airparx.com\/de\/?s={search_term_string}"},"query-input":{"@type":"PropertyValueSpecification","valueRequired":true,"valueName":"search_term_string"}}],"inLanguage":"de"},{"@type":"Organization","@id":"https:\/\/airparx.com\/de\/#organization","name":"Airparx","url":"https:\/\/airparx.com\/de\/","logo":{"@type":"ImageObject","inLanguage":"de","@id":"https:\/\/airparx.com\/de\/#\/schema\/logo\/image\/","url":"https:\/\/airparx.com\/wp-content\/uploads\/2022\/06\/Airparx_Logo.png","contentUrl":"https:\/\/airparx.com\/wp-content\/uploads\/2022\/06\/Airparx_Logo.png","width":1127,"height":461,"caption":"Airparx"},"image":{"@id":"https:\/\/airparx.com\/de\/#\/schema\/logo\/image\/"},"sameAs":["https:\/\/www.facebook.com\/Airparx\/","https:\/\/www.instagram.com\/airparx\/","https:\/\/www.youtube.com\/playlist?list=PL2LZnxdxb4eX2paMpuL0QxEvopAtGzyqY","https:\/\/www.linkedin.com\/company\/airparx\/"]}]}},"_links":{"self":[{"href":"https:\/\/airparx.com\/de\/wp-json\/wp\/v2\/product\/5975","targetHints":{"allow":["GET"]}}],"collection":[{"href":"https:\/\/airparx.com\/de\/wp-json\/wp\/v2\/product"}],"about":[{"href":"https:\/\/airparx.com\/de\/wp-json\/wp\/v2\/types\/product"}],"wp:featuredmedia":[{"embeddable":true,"href":"https:\/\/airparx.com\/de\/wp-json\/wp\/v2\/media\/5820"}],"wp:attachment":[{"href":"https:\/\/airparx.com\/de\/wp-json\/wp\/v2\/media?parent=5975"}],"wp:term":[{"taxonomy":"product_brand","embeddable":true,"href":"https:\/\/airparx.com\/de\/wp-json\/wp\/v2\/product_brand?post=5975"},{"taxonomy":"product_cat","embeddable":true,"href":"https:\/\/airparx.com\/de\/wp-json\/wp\/v2\/product_cat?post=5975"},{"taxonomy":"product_tag","embeddable":true,"href":"https:\/\/airparx.com\/de\/wp-json\/wp\/v2\/product_tag?post=5975"}],"curies":[{"name":"wp","href":"https:\/\/api.w.org\/{rel}","templated":true}]}}