{"id":5976,"date":"2021-05-14T13:07:19","date_gmt":"2021-05-14T12:07:19","guid":{"rendered":"https:\/\/airparx.com\/installations\/jumpsquare-nieuwegein-2\/"},"modified":"2023-02-07T10:33:04","modified_gmt":"2023-02-07T10:33:04","slug":"jumpsquare-nieuwegein","status":"publish","type":"product","link":"https:\/\/airparx.com\/de\/installations\/jumpsquare-nieuwegein\/","title":{"rendered":"Jumpsquare &#8211; Nieuwegein"},"content":{"rendered":"<p class=\"x_xmsonormal\">Nach dem Erfolg von Jump Square Rijswijk wurde Airparx beauftragt, mit Jumpsquare zusammenzuarbeiten, um das Erlebnis in ihrem allerersten Trampolinpark in Nieuwegin, Niederlande, zu verbessern. Unser Team arbeitete eng mit Jump Square zusammen, um den zweiten Park in den Farben der Marke zu gestalten und zu installieren. Dazu geh\u00f6rten ein Hindernisparcours, eine Fallrutsche und interaktive Spiele.<\/p>\n<p class=\"x_xmsonormal\">Die Nahtlosigkeit der Aktivit\u00e4ten und die Interaktivit\u00e4t haben Jump Square zu gro\u00dfartigen Ergebnissen verholfen, und unser Wissen und unsere Erfahrung mit den Zertifizierungsstellen in den Benelux-L\u00e4ndern f\u00fchrten zu einer sehr schnellen 3-t\u00e4gigen Installation und anschlie\u00dfender Freigabe durch die Beh\u00f6rden.<\/p>\n","protected":false},"excerpt":{"rendered":"<p>Nach dem Erfolg von Jump Square Rijswijk wurde Airparx beauftragt, mit Jumpsquare zusammenzuarbeiten, um das Erlebnis in ihrem allerersten Trampolinpark in Nieuwegin, Niederlande, zu verbessern. Unser Team arbeitete eng mit Jump Square zusammen, um den zweiten Park in den Farben der Marke zu gestalten und zu installieren. Dazu geh\u00f6rten ein Hindernisparcours, eine Fallrutsche und interaktive [&hellip;]<\/p>\n","protected":false},"featured_media":5775,"template":"","meta":{"_acf_changed":false},"product_brand":[],"product_cat":[99],"product_tag":[],"class_list":{"0":"post-5976","1":"product","2":"type-product","3":"status-publish","4":"has-post-thumbnail","6":"product_cat-aufblasbare-parks","8":"first","9":"outofstock","10":"shipping-taxable","11":"product-type-simple"},"acf":[],"yoast_head":"<!-- This site is optimized with the Yoast SEO Premium plugin v26.7 (Yoast SEO v27.3) - https:\/\/yoast.com\/product\/yoast-seo-premium-wordpress\/ -->\n<title>Jumpsquare - Nieuwegein - Airparx<\/title>\n<meta name=\"robots\" content=\"index, follow, max-snippet:-1, max-image-preview:large, max-video-preview:-1\" \/>\n<link rel=\"canonical\" href=\"https:\/\/airparx.com\/de\/installations\/jumpsquare-nieuwegein\/\" \/>\n<meta property=\"og:locale\" content=\"de_DE\" \/>\n<meta property=\"og:type\" content=\"article\" \/>\n<meta property=\"og:title\" content=\"Jumpsquare - Nieuwegein\" \/>\n<meta property=\"og:description\" content=\"Nach dem Erfolg von Jump Square Rijswijk wurde Airparx beauftragt, mit Jumpsquare zusammenzuarbeiten, um das Erlebnis in ihrem allerersten Trampolinpark in Nieuwegin, Niederlande, zu verbessern. Unser Team arbeitete eng mit Jump Square zusammen, um den zweiten Park in den Farben der Marke zu gestalten und zu installieren. Dazu geh\u00f6rten ein Hindernisparcours, eine Fallrutsche und interaktive [&hellip;]\" \/>\n<meta property=\"og:url\" content=\"https:\/\/airparx.com\/de\/installations\/jumpsquare-nieuwegein\/\" \/>\n<meta property=\"og:site_name\" content=\"Airparx\" \/>\n<meta property=\"article:publisher\" content=\"https:\/\/www.facebook.com\/Airparx\/\" \/>\n<meta property=\"article:modified_time\" content=\"2023-02-07T10:33:04+00:00\" \/>\n<meta property=\"og:image\" content=\"https:\/\/airparx.com\/wp-content\/uploads\/2022\/07\/JUMPSQUARE-NIEUWEGEIN-_0429142405.jpg\" \/>\n\t<meta property=\"og:image:width\" content=\"1024\" \/>\n\t<meta property=\"og:image:height\" content=\"768\" \/>\n\t<meta property=\"og:image:type\" content=\"image\/jpeg\" \/>\n<meta name=\"twitter:card\" content=\"summary_large_image\" \/>\n<meta name=\"twitter:label1\" content=\"Gesch\u00e4tzte Lesezeit\" \/>\n\t<meta name=\"twitter:data1\" content=\"1\u00a0Minute\" \/>\n<script type=\"application\/ld+json\" class=\"yoast-schema-graph\">{\"@context\":\"https:\\\/\\\/schema.org\",\"@graph\":[{\"@type\":\"WebPage\",\"@id\":\"https:\\\/\\\/airparx.com\\\/de\\\/installations\\\/jumpsquare-nieuwegein\\\/\",\"url\":\"https:\\\/\\\/airparx.com\\\/de\\\/installations\\\/jumpsquare-nieuwegein\\\/\",\"name\":\"Jumpsquare - Nieuwegein - Airparx\",\"isPartOf\":{\"@id\":\"https:\\\/\\\/airparx.com\\\/de\\\/#website\"},\"primaryImageOfPage\":{\"@id\":\"https:\\\/\\\/airparx.com\\\/de\\\/installations\\\/jumpsquare-nieuwegein\\\/#primaryimage\"},\"image\":{\"@id\":\"https:\\\/\\\/airparx.com\\\/de\\\/installations\\\/jumpsquare-nieuwegein\\\/#primaryimage\"},\"thumbnailUrl\":\"https:\\\/\\\/airparx.com\\\/wp-content\\\/uploads\\\/2022\\\/07\\\/JUMPSQUARE-NIEUWEGEIN-_0429142405.jpg\",\"datePublished\":\"2021-05-14T12:07:19+00:00\",\"dateModified\":\"2023-02-07T10:33:04+00:00\",\"breadcrumb\":{\"@id\":\"https:\\\/\\\/airparx.com\\\/de\\\/installations\\\/jumpsquare-nieuwegein\\\/#breadcrumb\"},\"inLanguage\":\"de\",\"potentialAction\":[{\"@type\":\"ReadAction\",\"target\":[\"https:\\\/\\\/airparx.com\\\/de\\\/installations\\\/jumpsquare-nieuwegein\\\/\"]}]},{\"@type\":\"ImageObject\",\"inLanguage\":\"de\",\"@id\":\"https:\\\/\\\/airparx.com\\\/de\\\/installations\\\/jumpsquare-nieuwegein\\\/#primaryimage\",\"url\":\"https:\\\/\\\/airparx.com\\\/wp-content\\\/uploads\\\/2022\\\/07\\\/JUMPSQUARE-NIEUWEGEIN-_0429142405.jpg\",\"contentUrl\":\"https:\\\/\\\/airparx.com\\\/wp-content\\\/uploads\\\/2022\\\/07\\\/JUMPSQUARE-NIEUWEGEIN-_0429142405.jpg\",\"width\":1024,\"height\":768},{\"@type\":\"BreadcrumbList\",\"@id\":\"https:\\\/\\\/airparx.com\\\/de\\\/installations\\\/jumpsquare-nieuwegein\\\/#breadcrumb\",\"itemListElement\":[{\"@type\":\"ListItem\",\"position\":1,\"name\":\"Home\",\"item\":\"https:\\\/\\\/airparx.com\\\/de\\\/\"},{\"@type\":\"ListItem\",\"position\":2,\"name\":\"Jumpsquare &#8211; Nieuwegein\"}]},{\"@type\":\"WebSite\",\"@id\":\"https:\\\/\\\/airparx.com\\\/de\\\/#website\",\"url\":\"https:\\\/\\\/airparx.com\\\/de\\\/\",\"name\":\"Airparx\",\"description\":\"Inflatable &amp; Trampoline Park Supplier\",\"publisher\":{\"@id\":\"https:\\\/\\\/airparx.com\\\/de\\\/#organization\"},\"potentialAction\":[{\"@type\":\"SearchAction\",\"target\":{\"@type\":\"EntryPoint\",\"urlTemplate\":\"https:\\\/\\\/airparx.com\\\/de\\\/?s={search_term_string}\"},\"query-input\":{\"@type\":\"PropertyValueSpecification\",\"valueRequired\":true,\"valueName\":\"search_term_string\"}}],\"inLanguage\":\"de\"},{\"@type\":\"Organization\",\"@id\":\"https:\\\/\\\/airparx.com\\\/de\\\/#organization\",\"name\":\"Airparx\",\"url\":\"https:\\\/\\\/airparx.com\\\/de\\\/\",\"logo\":{\"@type\":\"ImageObject\",\"inLanguage\":\"de\",\"@id\":\"https:\\\/\\\/airparx.com\\\/de\\\/#\\\/schema\\\/logo\\\/image\\\/\",\"url\":\"https:\\\/\\\/airparx.com\\\/wp-content\\\/uploads\\\/2022\\\/06\\\/Airparx_Logo.png\",\"contentUrl\":\"https:\\\/\\\/airparx.com\\\/wp-content\\\/uploads\\\/2022\\\/06\\\/Airparx_Logo.png\",\"width\":1127,\"height\":461,\"caption\":\"Airparx\"},\"image\":{\"@id\":\"https:\\\/\\\/airparx.com\\\/de\\\/#\\\/schema\\\/logo\\\/image\\\/\"},\"sameAs\":[\"https:\\\/\\\/www.facebook.com\\\/Airparx\\\/\",\"https:\\\/\\\/www.instagram.com\\\/airparx\\\/\",\"https:\\\/\\\/www.youtube.com\\\/playlist?list=PL2LZnxdxb4eX2paMpuL0QxEvopAtGzyqY\",\"https:\\\/\\\/www.linkedin.com\\\/company\\\/airparx\\\/\"]}]}<\/script>\n<!-- \/ Yoast SEO Premium plugin. -->","yoast_head_json":{"title":"Jumpsquare - Nieuwegein - Airparx","robots":{"index":"index","follow":"follow","max-snippet":"max-snippet:-1","max-image-preview":"max-image-preview:large","max-video-preview":"max-video-preview:-1"},"canonical":"https:\/\/airparx.com\/de\/installations\/jumpsquare-nieuwegein\/","og_locale":"de_DE","og_type":"article","og_title":"Jumpsquare - Nieuwegein","og_description":"Nach dem Erfolg von Jump Square Rijswijk wurde Airparx beauftragt, mit Jumpsquare zusammenzuarbeiten, um das Erlebnis in ihrem allerersten Trampolinpark in Nieuwegin, Niederlande, zu verbessern. Unser Team arbeitete eng mit Jump Square zusammen, um den zweiten Park in den Farben der Marke zu gestalten und zu installieren. Dazu geh\u00f6rten ein Hindernisparcours, eine Fallrutsche und interaktive [&hellip;]","og_url":"https:\/\/airparx.com\/de\/installations\/jumpsquare-nieuwegein\/","og_site_name":"Airparx","article_publisher":"https:\/\/www.facebook.com\/Airparx\/","article_modified_time":"2023-02-07T10:33:04+00:00","og_image":[{"width":1024,"height":768,"url":"https:\/\/airparx.com\/wp-content\/uploads\/2022\/07\/JUMPSQUARE-NIEUWEGEIN-_0429142405.jpg","type":"image\/jpeg"}],"twitter_card":"summary_large_image","twitter_misc":{"Gesch\u00e4tzte Lesezeit":"1\u00a0Minute"},"schema":{"@context":"https:\/\/schema.org","@graph":[{"@type":"WebPage","@id":"https:\/\/airparx.com\/de\/installations\/jumpsquare-nieuwegein\/","url":"https:\/\/airparx.com\/de\/installations\/jumpsquare-nieuwegein\/","name":"Jumpsquare - Nieuwegein - Airparx","isPartOf":{"@id":"https:\/\/airparx.com\/de\/#website"},"primaryImageOfPage":{"@id":"https:\/\/airparx.com\/de\/installations\/jumpsquare-nieuwegein\/#primaryimage"},"image":{"@id":"https:\/\/airparx.com\/de\/installations\/jumpsquare-nieuwegein\/#primaryimage"},"thumbnailUrl":"https:\/\/airparx.com\/wp-content\/uploads\/2022\/07\/JUMPSQUARE-NIEUWEGEIN-_0429142405.jpg","datePublished":"2021-05-14T12:07:19+00:00","dateModified":"2023-02-07T10:33:04+00:00","breadcrumb":{"@id":"https:\/\/airparx.com\/de\/installations\/jumpsquare-nieuwegein\/#breadcrumb"},"inLanguage":"de","potentialAction":[{"@type":"ReadAction","target":["https:\/\/airparx.com\/de\/installations\/jumpsquare-nieuwegein\/"]}]},{"@type":"ImageObject","inLanguage":"de","@id":"https:\/\/airparx.com\/de\/installations\/jumpsquare-nieuwegein\/#primaryimage","url":"https:\/\/airparx.com\/wp-content\/uploads\/2022\/07\/JUMPSQUARE-NIEUWEGEIN-_0429142405.jpg","contentUrl":"https:\/\/airparx.com\/wp-content\/uploads\/2022\/07\/JUMPSQUARE-NIEUWEGEIN-_0429142405.jpg","width":1024,"height":768},{"@type":"BreadcrumbList","@id":"https:\/\/airparx.com\/de\/installations\/jumpsquare-nieuwegein\/#breadcrumb","itemListElement":[{"@type":"ListItem","position":1,"name":"Home","item":"https:\/\/airparx.com\/de\/"},{"@type":"ListItem","position":2,"name":"Jumpsquare &#8211; Nieuwegein"}]},{"@type":"WebSite","@id":"https:\/\/airparx.com\/de\/#website","url":"https:\/\/airparx.com\/de\/","name":"Airparx","description":"Inflatable &amp; Trampoline Park Supplier","publisher":{"@id":"https:\/\/airparx.com\/de\/#organization"},"potentialAction":[{"@type":"SearchAction","target":{"@type":"EntryPoint","urlTemplate":"https:\/\/airparx.com\/de\/?s={search_term_string}"},"query-input":{"@type":"PropertyValueSpecification","valueRequired":true,"valueName":"search_term_string"}}],"inLanguage":"de"},{"@type":"Organization","@id":"https:\/\/airparx.com\/de\/#organization","name":"Airparx","url":"https:\/\/airparx.com\/de\/","logo":{"@type":"ImageObject","inLanguage":"de","@id":"https:\/\/airparx.com\/de\/#\/schema\/logo\/image\/","url":"https:\/\/airparx.com\/wp-content\/uploads\/2022\/06\/Airparx_Logo.png","contentUrl":"https:\/\/airparx.com\/wp-content\/uploads\/2022\/06\/Airparx_Logo.png","width":1127,"height":461,"caption":"Airparx"},"image":{"@id":"https:\/\/airparx.com\/de\/#\/schema\/logo\/image\/"},"sameAs":["https:\/\/www.facebook.com\/Airparx\/","https:\/\/www.instagram.com\/airparx\/","https:\/\/www.youtube.com\/playlist?list=PL2LZnxdxb4eX2paMpuL0QxEvopAtGzyqY","https:\/\/www.linkedin.com\/company\/airparx\/"]}]}},"_links":{"self":[{"href":"https:\/\/airparx.com\/de\/wp-json\/wp\/v2\/product\/5976","targetHints":{"allow":["GET"]}}],"collection":[{"href":"https:\/\/airparx.com\/de\/wp-json\/wp\/v2\/product"}],"about":[{"href":"https:\/\/airparx.com\/de\/wp-json\/wp\/v2\/types\/product"}],"wp:featuredmedia":[{"embeddable":true,"href":"https:\/\/airparx.com\/de\/wp-json\/wp\/v2\/media\/5775"}],"wp:attachment":[{"href":"https:\/\/airparx.com\/de\/wp-json\/wp\/v2\/media?parent=5976"}],"wp:term":[{"taxonomy":"product_brand","embeddable":true,"href":"https:\/\/airparx.com\/de\/wp-json\/wp\/v2\/product_brand?post=5976"},{"taxonomy":"product_cat","embeddable":true,"href":"https:\/\/airparx.com\/de\/wp-json\/wp\/v2\/product_cat?post=5976"},{"taxonomy":"product_tag","embeddable":true,"href":"https:\/\/airparx.com\/de\/wp-json\/wp\/v2\/product_tag?post=5976"}],"curies":[{"name":"wp","href":"https:\/\/api.w.org\/{rel}","templated":true}]}}