{"id":6001,"date":"2022-05-15T08:27:03","date_gmt":"2022-05-15T07:27:03","guid":{"rendered":"https:\/\/airparx.com\/installations\/innoflate-dundee-2\/"},"modified":"2022-12-20T15:56:10","modified_gmt":"2022-12-20T15:56:10","slug":"innoflate-dundee","status":"publish","type":"product","link":"https:\/\/airparx.com\/de\/installations\/innoflate-dundee\/","title":{"rendered":"Innoflate &#8211; Dundee"},"content":{"rendered":"<p>Innoflate ist einer der \u00e4ltesten Partner von Airparx, der in Schottland eine Vorreiterrolle im Bereich des Kinderspiels einnimmt. Dies ist eines von vielen Projekten in der Pipeline, die sowohl abgeschlossen als auch in Arbeit sind.<\/p>\n<p>Im Gegensatz zu fr\u00fcheren Parks in touristischen Hotspots in Schl\u00fcsselregionen war Dundee in einem ehemaligen Lagerhaus untergebracht und stellte einen neuen Weg in ihrem Portfolio dar. Dieser Standort stellte eine besondere Herausforderung dar, da die Deckenh\u00f6he niedriger als \u00fcblich war, was die M\u00f6glichkeiten zum Klettern und Rutschen einschr\u00e4nkte.<\/p>\n<p>Dennoch hat Airparx einen gro\u00dfartigen Park entworfen und installiert, der viele unserer bestehenden Komponenten in einem niedrigeren Format nutzt. Das Ergebnis ist ein aufblasbarer Park, der Spa\u00df macht und durch sein cleveres Design keinen Spielwert einb\u00fc\u00dft.<\/p>\n","protected":false},"excerpt":{"rendered":"<p>Innoflate ist einer der \u00e4ltesten Partner von Airparx, der in Schottland eine Vorreiterrolle im Bereich des Kinderspiels einnimmt. Dies ist eines von vielen Projekten in der Pipeline, die sowohl abgeschlossen als auch in Arbeit sind. Im Gegensatz zu fr\u00fcheren Parks in touristischen Hotspots in Schl\u00fcsselregionen war Dundee in einem ehemaligen Lagerhaus untergebracht und stellte einen [&hellip;]<\/p>\n","protected":false},"featured_media":6002,"template":"","meta":{"_acf_changed":false},"product_brand":[],"product_cat":[99],"product_tag":[],"class_list":{"0":"post-6001","1":"product","2":"type-product","3":"status-publish","4":"has-post-thumbnail","6":"product_cat-aufblasbare-parks","8":"first","9":"outofstock","10":"shipping-taxable","11":"product-type-simple"},"acf":[],"yoast_head":"<!-- This site is optimized with the Yoast SEO Premium plugin v26.7 (Yoast SEO v27.3) - https:\/\/yoast.com\/product\/yoast-seo-premium-wordpress\/ -->\n<title>Innoflate - Dundee - Airparx<\/title>\n<meta name=\"robots\" content=\"index, follow, max-snippet:-1, max-image-preview:large, max-video-preview:-1\" \/>\n<link rel=\"canonical\" href=\"https:\/\/airparx.com\/de\/installations\/innoflate-dundee\/\" \/>\n<meta property=\"og:locale\" content=\"de_DE\" \/>\n<meta property=\"og:type\" content=\"article\" \/>\n<meta property=\"og:title\" content=\"Innoflate - Dundee\" \/>\n<meta property=\"og:description\" content=\"Innoflate ist einer der \u00e4ltesten Partner von Airparx, der in Schottland eine Vorreiterrolle im Bereich des Kinderspiels einnimmt. Dies ist eines von vielen Projekten in der Pipeline, die sowohl abgeschlossen als auch in Arbeit sind. Im Gegensatz zu fr\u00fcheren Parks in touristischen Hotspots in Schl\u00fcsselregionen war Dundee in einem ehemaligen Lagerhaus untergebracht und stellte einen [&hellip;]\" \/>\n<meta property=\"og:url\" content=\"https:\/\/airparx.com\/de\/installations\/innoflate-dundee\/\" \/>\n<meta property=\"og:site_name\" content=\"Airparx\" \/>\n<meta property=\"article:publisher\" content=\"https:\/\/www.facebook.com\/Airparx\/\" \/>\n<meta property=\"article:modified_time\" content=\"2022-12-20T15:56:10+00:00\" \/>\n<meta property=\"og:image\" content=\"https:\/\/airparx.com\/wp-content\/uploads\/2022\/07\/innoflate-dundee-5.jpg\" \/>\n\t<meta property=\"og:image:width\" content=\"1024\" \/>\n\t<meta property=\"og:image:height\" content=\"768\" \/>\n\t<meta property=\"og:image:type\" content=\"image\/jpeg\" \/>\n<meta name=\"twitter:card\" content=\"summary_large_image\" \/>\n<meta name=\"twitter:label1\" content=\"Gesch\u00e4tzte Lesezeit\" \/>\n\t<meta name=\"twitter:data1\" content=\"1\u00a0Minute\" \/>\n<script type=\"application\/ld+json\" class=\"yoast-schema-graph\">{\"@context\":\"https:\\\/\\\/schema.org\",\"@graph\":[{\"@type\":\"WebPage\",\"@id\":\"https:\\\/\\\/airparx.com\\\/de\\\/installations\\\/innoflate-dundee\\\/\",\"url\":\"https:\\\/\\\/airparx.com\\\/de\\\/installations\\\/innoflate-dundee\\\/\",\"name\":\"Innoflate - Dundee - Airparx\",\"isPartOf\":{\"@id\":\"https:\\\/\\\/airparx.com\\\/de\\\/#website\"},\"primaryImageOfPage\":{\"@id\":\"https:\\\/\\\/airparx.com\\\/de\\\/installations\\\/innoflate-dundee\\\/#primaryimage\"},\"image\":{\"@id\":\"https:\\\/\\\/airparx.com\\\/de\\\/installations\\\/innoflate-dundee\\\/#primaryimage\"},\"thumbnailUrl\":\"https:\\\/\\\/airparx.com\\\/wp-content\\\/uploads\\\/2022\\\/07\\\/innoflate-dundee-5.jpg\",\"datePublished\":\"2022-05-15T07:27:03+00:00\",\"dateModified\":\"2022-12-20T15:56:10+00:00\",\"breadcrumb\":{\"@id\":\"https:\\\/\\\/airparx.com\\\/de\\\/installations\\\/innoflate-dundee\\\/#breadcrumb\"},\"inLanguage\":\"de\",\"potentialAction\":[{\"@type\":\"ReadAction\",\"target\":[\"https:\\\/\\\/airparx.com\\\/de\\\/installations\\\/innoflate-dundee\\\/\"]}]},{\"@type\":\"ImageObject\",\"inLanguage\":\"de\",\"@id\":\"https:\\\/\\\/airparx.com\\\/de\\\/installations\\\/innoflate-dundee\\\/#primaryimage\",\"url\":\"https:\\\/\\\/airparx.com\\\/wp-content\\\/uploads\\\/2022\\\/07\\\/innoflate-dundee-5.jpg\",\"contentUrl\":\"https:\\\/\\\/airparx.com\\\/wp-content\\\/uploads\\\/2022\\\/07\\\/innoflate-dundee-5.jpg\",\"width\":1024,\"height\":768},{\"@type\":\"BreadcrumbList\",\"@id\":\"https:\\\/\\\/airparx.com\\\/de\\\/installations\\\/innoflate-dundee\\\/#breadcrumb\",\"itemListElement\":[{\"@type\":\"ListItem\",\"position\":1,\"name\":\"Home\",\"item\":\"https:\\\/\\\/airparx.com\\\/de\\\/\"},{\"@type\":\"ListItem\",\"position\":2,\"name\":\"Innoflate &#8211; Dundee\"}]},{\"@type\":\"WebSite\",\"@id\":\"https:\\\/\\\/airparx.com\\\/de\\\/#website\",\"url\":\"https:\\\/\\\/airparx.com\\\/de\\\/\",\"name\":\"Airparx\",\"description\":\"Inflatable &amp; Trampoline Park Supplier\",\"publisher\":{\"@id\":\"https:\\\/\\\/airparx.com\\\/de\\\/#organization\"},\"potentialAction\":[{\"@type\":\"SearchAction\",\"target\":{\"@type\":\"EntryPoint\",\"urlTemplate\":\"https:\\\/\\\/airparx.com\\\/de\\\/?s={search_term_string}\"},\"query-input\":{\"@type\":\"PropertyValueSpecification\",\"valueRequired\":true,\"valueName\":\"search_term_string\"}}],\"inLanguage\":\"de\"},{\"@type\":\"Organization\",\"@id\":\"https:\\\/\\\/airparx.com\\\/de\\\/#organization\",\"name\":\"Airparx\",\"url\":\"https:\\\/\\\/airparx.com\\\/de\\\/\",\"logo\":{\"@type\":\"ImageObject\",\"inLanguage\":\"de\",\"@id\":\"https:\\\/\\\/airparx.com\\\/de\\\/#\\\/schema\\\/logo\\\/image\\\/\",\"url\":\"https:\\\/\\\/airparx.com\\\/wp-content\\\/uploads\\\/2022\\\/06\\\/Airparx_Logo.png\",\"contentUrl\":\"https:\\\/\\\/airparx.com\\\/wp-content\\\/uploads\\\/2022\\\/06\\\/Airparx_Logo.png\",\"width\":1127,\"height\":461,\"caption\":\"Airparx\"},\"image\":{\"@id\":\"https:\\\/\\\/airparx.com\\\/de\\\/#\\\/schema\\\/logo\\\/image\\\/\"},\"sameAs\":[\"https:\\\/\\\/www.facebook.com\\\/Airparx\\\/\",\"https:\\\/\\\/www.instagram.com\\\/airparx\\\/\",\"https:\\\/\\\/www.youtube.com\\\/playlist?list=PL2LZnxdxb4eX2paMpuL0QxEvopAtGzyqY\",\"https:\\\/\\\/www.linkedin.com\\\/company\\\/airparx\\\/\"]}]}<\/script>\n<!-- \/ Yoast SEO Premium plugin. -->","yoast_head_json":{"title":"Innoflate - Dundee - Airparx","robots":{"index":"index","follow":"follow","max-snippet":"max-snippet:-1","max-image-preview":"max-image-preview:large","max-video-preview":"max-video-preview:-1"},"canonical":"https:\/\/airparx.com\/de\/installations\/innoflate-dundee\/","og_locale":"de_DE","og_type":"article","og_title":"Innoflate - Dundee","og_description":"Innoflate ist einer der \u00e4ltesten Partner von Airparx, der in Schottland eine Vorreiterrolle im Bereich des Kinderspiels einnimmt. Dies ist eines von vielen Projekten in der Pipeline, die sowohl abgeschlossen als auch in Arbeit sind. Im Gegensatz zu fr\u00fcheren Parks in touristischen Hotspots in Schl\u00fcsselregionen war Dundee in einem ehemaligen Lagerhaus untergebracht und stellte einen [&hellip;]","og_url":"https:\/\/airparx.com\/de\/installations\/innoflate-dundee\/","og_site_name":"Airparx","article_publisher":"https:\/\/www.facebook.com\/Airparx\/","article_modified_time":"2022-12-20T15:56:10+00:00","og_image":[{"width":1024,"height":768,"url":"https:\/\/airparx.com\/wp-content\/uploads\/2022\/07\/innoflate-dundee-5.jpg","type":"image\/jpeg"}],"twitter_card":"summary_large_image","twitter_misc":{"Gesch\u00e4tzte Lesezeit":"1\u00a0Minute"},"schema":{"@context":"https:\/\/schema.org","@graph":[{"@type":"WebPage","@id":"https:\/\/airparx.com\/de\/installations\/innoflate-dundee\/","url":"https:\/\/airparx.com\/de\/installations\/innoflate-dundee\/","name":"Innoflate - Dundee - Airparx","isPartOf":{"@id":"https:\/\/airparx.com\/de\/#website"},"primaryImageOfPage":{"@id":"https:\/\/airparx.com\/de\/installations\/innoflate-dundee\/#primaryimage"},"image":{"@id":"https:\/\/airparx.com\/de\/installations\/innoflate-dundee\/#primaryimage"},"thumbnailUrl":"https:\/\/airparx.com\/wp-content\/uploads\/2022\/07\/innoflate-dundee-5.jpg","datePublished":"2022-05-15T07:27:03+00:00","dateModified":"2022-12-20T15:56:10+00:00","breadcrumb":{"@id":"https:\/\/airparx.com\/de\/installations\/innoflate-dundee\/#breadcrumb"},"inLanguage":"de","potentialAction":[{"@type":"ReadAction","target":["https:\/\/airparx.com\/de\/installations\/innoflate-dundee\/"]}]},{"@type":"ImageObject","inLanguage":"de","@id":"https:\/\/airparx.com\/de\/installations\/innoflate-dundee\/#primaryimage","url":"https:\/\/airparx.com\/wp-content\/uploads\/2022\/07\/innoflate-dundee-5.jpg","contentUrl":"https:\/\/airparx.com\/wp-content\/uploads\/2022\/07\/innoflate-dundee-5.jpg","width":1024,"height":768},{"@type":"BreadcrumbList","@id":"https:\/\/airparx.com\/de\/installations\/innoflate-dundee\/#breadcrumb","itemListElement":[{"@type":"ListItem","position":1,"name":"Home","item":"https:\/\/airparx.com\/de\/"},{"@type":"ListItem","position":2,"name":"Innoflate &#8211; Dundee"}]},{"@type":"WebSite","@id":"https:\/\/airparx.com\/de\/#website","url":"https:\/\/airparx.com\/de\/","name":"Airparx","description":"Inflatable &amp; Trampoline Park Supplier","publisher":{"@id":"https:\/\/airparx.com\/de\/#organization"},"potentialAction":[{"@type":"SearchAction","target":{"@type":"EntryPoint","urlTemplate":"https:\/\/airparx.com\/de\/?s={search_term_string}"},"query-input":{"@type":"PropertyValueSpecification","valueRequired":true,"valueName":"search_term_string"}}],"inLanguage":"de"},{"@type":"Organization","@id":"https:\/\/airparx.com\/de\/#organization","name":"Airparx","url":"https:\/\/airparx.com\/de\/","logo":{"@type":"ImageObject","inLanguage":"de","@id":"https:\/\/airparx.com\/de\/#\/schema\/logo\/image\/","url":"https:\/\/airparx.com\/wp-content\/uploads\/2022\/06\/Airparx_Logo.png","contentUrl":"https:\/\/airparx.com\/wp-content\/uploads\/2022\/06\/Airparx_Logo.png","width":1127,"height":461,"caption":"Airparx"},"image":{"@id":"https:\/\/airparx.com\/de\/#\/schema\/logo\/image\/"},"sameAs":["https:\/\/www.facebook.com\/Airparx\/","https:\/\/www.instagram.com\/airparx\/","https:\/\/www.youtube.com\/playlist?list=PL2LZnxdxb4eX2paMpuL0QxEvopAtGzyqY","https:\/\/www.linkedin.com\/company\/airparx\/"]}]}},"_links":{"self":[{"href":"https:\/\/airparx.com\/de\/wp-json\/wp\/v2\/product\/6001","targetHints":{"allow":["GET"]}}],"collection":[{"href":"https:\/\/airparx.com\/de\/wp-json\/wp\/v2\/product"}],"about":[{"href":"https:\/\/airparx.com\/de\/wp-json\/wp\/v2\/types\/product"}],"wp:featuredmedia":[{"embeddable":true,"href":"https:\/\/airparx.com\/de\/wp-json\/wp\/v2\/media\/6002"}],"wp:attachment":[{"href":"https:\/\/airparx.com\/de\/wp-json\/wp\/v2\/media?parent=6001"}],"wp:term":[{"taxonomy":"product_brand","embeddable":true,"href":"https:\/\/airparx.com\/de\/wp-json\/wp\/v2\/product_brand?post=6001"},{"taxonomy":"product_cat","embeddable":true,"href":"https:\/\/airparx.com\/de\/wp-json\/wp\/v2\/product_cat?post=6001"},{"taxonomy":"product_tag","embeddable":true,"href":"https:\/\/airparx.com\/de\/wp-json\/wp\/v2\/product_tag?post=6001"}],"curies":[{"name":"wp","href":"https:\/\/api.w.org\/{rel}","templated":true}]}}