{"id":6013,"date":"2022-06-15T09:11:28","date_gmt":"2022-06-15T08:11:28","guid":{"rendered":"https:\/\/airparx.com\/installations\/freizeitzentrum-tarka\/"},"modified":"2022-12-20T15:55:51","modified_gmt":"2022-12-20T15:55:51","slug":"tarka-freizeitzentrum","status":"publish","type":"product","link":"https:\/\/airparx.com\/de\/installations\/tarka-freizeitzentrum\/","title":{"rendered":"Tarka Leisure Centre"},"content":{"rendered":"<p>Parkwood Leisure, ein wichtiger Kunde in der Freizeitindustrie, beauftragte Airparx mit der Arbeit an seinem brandneuen Vorzeigeobjekt im S\u00fcdwesten Englands. Das Projekt sah einen auff\u00e4lligen und marktf\u00fchrenden mehrstufigen Spielplatz vor, der das Spielangebot in der Region anf\u00fchren sollte.<\/p>\n<p>Das Projekt hatte einige einzigartige Eigenheiten und Herausforderungen, zu denen vor allem das Konzept geh\u00f6rte, den Spielbereich \u00fcber den Empfangsbereich zu legen. Um diesen \u00dcbergang vom Hauptraum zur Rezeption zu schaffen, war eine millimetergenaue Planung und Installation erforderlich.<\/p>\n<p>Zweitens war unser technisches Wissen von entscheidender Bedeutung, da wir den Hauptauftragnehmer in der Entwurfs- und Installationsphase unterst\u00fctzen sollten.<\/p>\n<p>Airparx lieferte das Projekt p\u00fcnktlich und im Rahmen des Budgets, um einen Spielbereich f\u00fcr Kleinkinder bis hin zu 12 Jahren zu schaffen.<\/p>\n<p>Die wundervollen Themen und Aktivit\u00e4ten machen fantastischen Gebrauch von unseren hochwertigen PVCs, Schaumstoffen und Druckm\u00f6glichkeiten.<\/p>\n","protected":false},"excerpt":{"rendered":"<p>Parkwood Leisure, ein wichtiger Kunde in der Freizeitindustrie, beauftragte Airparx mit der Arbeit an seinem brandneuen Vorzeigeobjekt im S\u00fcdwesten Englands. Das Projekt sah einen auff\u00e4lligen und marktf\u00fchrenden mehrstufigen Spielplatz vor, der das Spielangebot in der Region anf\u00fchren sollte. Das Projekt hatte einige einzigartige Eigenheiten und Herausforderungen, zu denen vor allem das Konzept geh\u00f6rte, den Spielbereich [&hellip;]<\/p>\n","protected":false},"featured_media":6018,"template":"","meta":{"_acf_changed":false},"product_brand":[],"product_cat":[100],"product_tag":[],"class_list":{"0":"post-6013","1":"product","2":"type-product","3":"status-publish","4":"has-post-thumbnail","6":"product_cat-indoor-softplay-spielplatze","8":"first","9":"outofstock","10":"shipping-taxable","11":"product-type-simple"},"acf":[],"yoast_head":"<!-- This site is optimized with the Yoast SEO Premium plugin v26.7 (Yoast SEO v27.3) - https:\/\/yoast.com\/product\/yoast-seo-premium-wordpress\/ -->\n<title>Tarka Leisure Centre - Airparx<\/title>\n<meta name=\"robots\" content=\"index, follow, max-snippet:-1, max-image-preview:large, max-video-preview:-1\" \/>\n<link rel=\"canonical\" href=\"https:\/\/airparx.com\/de\/installations\/tarka-freizeitzentrum\/\" \/>\n<meta property=\"og:locale\" content=\"de_DE\" \/>\n<meta property=\"og:type\" content=\"article\" \/>\n<meta property=\"og:title\" content=\"Tarka Leisure Centre\" \/>\n<meta property=\"og:description\" content=\"Parkwood Leisure, ein wichtiger Kunde in der Freizeitindustrie, beauftragte Airparx mit der Arbeit an seinem brandneuen Vorzeigeobjekt im S\u00fcdwesten Englands. Das Projekt sah einen auff\u00e4lligen und marktf\u00fchrenden mehrstufigen Spielplatz vor, der das Spielangebot in der Region anf\u00fchren sollte. Das Projekt hatte einige einzigartige Eigenheiten und Herausforderungen, zu denen vor allem das Konzept geh\u00f6rte, den Spielbereich [&hellip;]\" \/>\n<meta property=\"og:url\" content=\"https:\/\/airparx.com\/de\/installations\/tarka-freizeitzentrum\/\" \/>\n<meta property=\"og:site_name\" content=\"Airparx\" \/>\n<meta property=\"article:publisher\" content=\"https:\/\/www.facebook.com\/Airparx\/\" \/>\n<meta property=\"article:modified_time\" content=\"2022-12-20T15:55:51+00:00\" \/>\n<meta property=\"og:image\" content=\"https:\/\/airparx.com\/wp-content\/uploads\/2022\/07\/tarka-leisure-centre-2.jpg\" \/>\n\t<meta property=\"og:image:width\" content=\"1024\" \/>\n\t<meta property=\"og:image:height\" content=\"768\" \/>\n\t<meta property=\"og:image:type\" content=\"image\/jpeg\" \/>\n<meta name=\"twitter:card\" content=\"summary_large_image\" \/>\n<meta name=\"twitter:label1\" content=\"Gesch\u00e4tzte Lesezeit\" \/>\n\t<meta name=\"twitter:data1\" content=\"1\u00a0Minute\" \/>\n<script type=\"application\/ld+json\" class=\"yoast-schema-graph\">{\"@context\":\"https:\\\/\\\/schema.org\",\"@graph\":[{\"@type\":\"WebPage\",\"@id\":\"https:\\\/\\\/airparx.com\\\/de\\\/installations\\\/tarka-freizeitzentrum\\\/\",\"url\":\"https:\\\/\\\/airparx.com\\\/de\\\/installations\\\/tarka-freizeitzentrum\\\/\",\"name\":\"Tarka Leisure Centre - Airparx\",\"isPartOf\":{\"@id\":\"https:\\\/\\\/airparx.com\\\/de\\\/#website\"},\"primaryImageOfPage\":{\"@id\":\"https:\\\/\\\/airparx.com\\\/de\\\/installations\\\/tarka-freizeitzentrum\\\/#primaryimage\"},\"image\":{\"@id\":\"https:\\\/\\\/airparx.com\\\/de\\\/installations\\\/tarka-freizeitzentrum\\\/#primaryimage\"},\"thumbnailUrl\":\"https:\\\/\\\/airparx.com\\\/wp-content\\\/uploads\\\/2022\\\/07\\\/tarka-leisure-centre-2.jpg\",\"datePublished\":\"2022-06-15T08:11:28+00:00\",\"dateModified\":\"2022-12-20T15:55:51+00:00\",\"breadcrumb\":{\"@id\":\"https:\\\/\\\/airparx.com\\\/de\\\/installations\\\/tarka-freizeitzentrum\\\/#breadcrumb\"},\"inLanguage\":\"de\",\"potentialAction\":[{\"@type\":\"ReadAction\",\"target\":[\"https:\\\/\\\/airparx.com\\\/de\\\/installations\\\/tarka-freizeitzentrum\\\/\"]}]},{\"@type\":\"ImageObject\",\"inLanguage\":\"de\",\"@id\":\"https:\\\/\\\/airparx.com\\\/de\\\/installations\\\/tarka-freizeitzentrum\\\/#primaryimage\",\"url\":\"https:\\\/\\\/airparx.com\\\/wp-content\\\/uploads\\\/2022\\\/07\\\/tarka-leisure-centre-2.jpg\",\"contentUrl\":\"https:\\\/\\\/airparx.com\\\/wp-content\\\/uploads\\\/2022\\\/07\\\/tarka-leisure-centre-2.jpg\",\"width\":1024,\"height\":768},{\"@type\":\"BreadcrumbList\",\"@id\":\"https:\\\/\\\/airparx.com\\\/de\\\/installations\\\/tarka-freizeitzentrum\\\/#breadcrumb\",\"itemListElement\":[{\"@type\":\"ListItem\",\"position\":1,\"name\":\"Home\",\"item\":\"https:\\\/\\\/airparx.com\\\/de\\\/\"},{\"@type\":\"ListItem\",\"position\":2,\"name\":\"Tarka Leisure Centre\"}]},{\"@type\":\"WebSite\",\"@id\":\"https:\\\/\\\/airparx.com\\\/de\\\/#website\",\"url\":\"https:\\\/\\\/airparx.com\\\/de\\\/\",\"name\":\"Airparx\",\"description\":\"Inflatable &amp; Trampoline Park Supplier\",\"publisher\":{\"@id\":\"https:\\\/\\\/airparx.com\\\/de\\\/#organization\"},\"potentialAction\":[{\"@type\":\"SearchAction\",\"target\":{\"@type\":\"EntryPoint\",\"urlTemplate\":\"https:\\\/\\\/airparx.com\\\/de\\\/?s={search_term_string}\"},\"query-input\":{\"@type\":\"PropertyValueSpecification\",\"valueRequired\":true,\"valueName\":\"search_term_string\"}}],\"inLanguage\":\"de\"},{\"@type\":\"Organization\",\"@id\":\"https:\\\/\\\/airparx.com\\\/de\\\/#organization\",\"name\":\"Airparx\",\"url\":\"https:\\\/\\\/airparx.com\\\/de\\\/\",\"logo\":{\"@type\":\"ImageObject\",\"inLanguage\":\"de\",\"@id\":\"https:\\\/\\\/airparx.com\\\/de\\\/#\\\/schema\\\/logo\\\/image\\\/\",\"url\":\"https:\\\/\\\/airparx.com\\\/wp-content\\\/uploads\\\/2022\\\/06\\\/Airparx_Logo.png\",\"contentUrl\":\"https:\\\/\\\/airparx.com\\\/wp-content\\\/uploads\\\/2022\\\/06\\\/Airparx_Logo.png\",\"width\":1127,\"height\":461,\"caption\":\"Airparx\"},\"image\":{\"@id\":\"https:\\\/\\\/airparx.com\\\/de\\\/#\\\/schema\\\/logo\\\/image\\\/\"},\"sameAs\":[\"https:\\\/\\\/www.facebook.com\\\/Airparx\\\/\",\"https:\\\/\\\/www.instagram.com\\\/airparx\\\/\",\"https:\\\/\\\/www.youtube.com\\\/playlist?list=PL2LZnxdxb4eX2paMpuL0QxEvopAtGzyqY\",\"https:\\\/\\\/www.linkedin.com\\\/company\\\/airparx\\\/\"]}]}<\/script>\n<!-- \/ Yoast SEO Premium plugin. -->","yoast_head_json":{"title":"Tarka Leisure Centre - Airparx","robots":{"index":"index","follow":"follow","max-snippet":"max-snippet:-1","max-image-preview":"max-image-preview:large","max-video-preview":"max-video-preview:-1"},"canonical":"https:\/\/airparx.com\/de\/installations\/tarka-freizeitzentrum\/","og_locale":"de_DE","og_type":"article","og_title":"Tarka Leisure Centre","og_description":"Parkwood Leisure, ein wichtiger Kunde in der Freizeitindustrie, beauftragte Airparx mit der Arbeit an seinem brandneuen Vorzeigeobjekt im S\u00fcdwesten Englands. Das Projekt sah einen auff\u00e4lligen und marktf\u00fchrenden mehrstufigen Spielplatz vor, der das Spielangebot in der Region anf\u00fchren sollte. Das Projekt hatte einige einzigartige Eigenheiten und Herausforderungen, zu denen vor allem das Konzept geh\u00f6rte, den Spielbereich [&hellip;]","og_url":"https:\/\/airparx.com\/de\/installations\/tarka-freizeitzentrum\/","og_site_name":"Airparx","article_publisher":"https:\/\/www.facebook.com\/Airparx\/","article_modified_time":"2022-12-20T15:55:51+00:00","og_image":[{"width":1024,"height":768,"url":"https:\/\/airparx.com\/wp-content\/uploads\/2022\/07\/tarka-leisure-centre-2.jpg","type":"image\/jpeg"}],"twitter_card":"summary_large_image","twitter_misc":{"Gesch\u00e4tzte Lesezeit":"1\u00a0Minute"},"schema":{"@context":"https:\/\/schema.org","@graph":[{"@type":"WebPage","@id":"https:\/\/airparx.com\/de\/installations\/tarka-freizeitzentrum\/","url":"https:\/\/airparx.com\/de\/installations\/tarka-freizeitzentrum\/","name":"Tarka Leisure Centre - Airparx","isPartOf":{"@id":"https:\/\/airparx.com\/de\/#website"},"primaryImageOfPage":{"@id":"https:\/\/airparx.com\/de\/installations\/tarka-freizeitzentrum\/#primaryimage"},"image":{"@id":"https:\/\/airparx.com\/de\/installations\/tarka-freizeitzentrum\/#primaryimage"},"thumbnailUrl":"https:\/\/airparx.com\/wp-content\/uploads\/2022\/07\/tarka-leisure-centre-2.jpg","datePublished":"2022-06-15T08:11:28+00:00","dateModified":"2022-12-20T15:55:51+00:00","breadcrumb":{"@id":"https:\/\/airparx.com\/de\/installations\/tarka-freizeitzentrum\/#breadcrumb"},"inLanguage":"de","potentialAction":[{"@type":"ReadAction","target":["https:\/\/airparx.com\/de\/installations\/tarka-freizeitzentrum\/"]}]},{"@type":"ImageObject","inLanguage":"de","@id":"https:\/\/airparx.com\/de\/installations\/tarka-freizeitzentrum\/#primaryimage","url":"https:\/\/airparx.com\/wp-content\/uploads\/2022\/07\/tarka-leisure-centre-2.jpg","contentUrl":"https:\/\/airparx.com\/wp-content\/uploads\/2022\/07\/tarka-leisure-centre-2.jpg","width":1024,"height":768},{"@type":"BreadcrumbList","@id":"https:\/\/airparx.com\/de\/installations\/tarka-freizeitzentrum\/#breadcrumb","itemListElement":[{"@type":"ListItem","position":1,"name":"Home","item":"https:\/\/airparx.com\/de\/"},{"@type":"ListItem","position":2,"name":"Tarka Leisure Centre"}]},{"@type":"WebSite","@id":"https:\/\/airparx.com\/de\/#website","url":"https:\/\/airparx.com\/de\/","name":"Airparx","description":"Inflatable &amp; Trampoline Park Supplier","publisher":{"@id":"https:\/\/airparx.com\/de\/#organization"},"potentialAction":[{"@type":"SearchAction","target":{"@type":"EntryPoint","urlTemplate":"https:\/\/airparx.com\/de\/?s={search_term_string}"},"query-input":{"@type":"PropertyValueSpecification","valueRequired":true,"valueName":"search_term_string"}}],"inLanguage":"de"},{"@type":"Organization","@id":"https:\/\/airparx.com\/de\/#organization","name":"Airparx","url":"https:\/\/airparx.com\/de\/","logo":{"@type":"ImageObject","inLanguage":"de","@id":"https:\/\/airparx.com\/de\/#\/schema\/logo\/image\/","url":"https:\/\/airparx.com\/wp-content\/uploads\/2022\/06\/Airparx_Logo.png","contentUrl":"https:\/\/airparx.com\/wp-content\/uploads\/2022\/06\/Airparx_Logo.png","width":1127,"height":461,"caption":"Airparx"},"image":{"@id":"https:\/\/airparx.com\/de\/#\/schema\/logo\/image\/"},"sameAs":["https:\/\/www.facebook.com\/Airparx\/","https:\/\/www.instagram.com\/airparx\/","https:\/\/www.youtube.com\/playlist?list=PL2LZnxdxb4eX2paMpuL0QxEvopAtGzyqY","https:\/\/www.linkedin.com\/company\/airparx\/"]}]}},"_links":{"self":[{"href":"https:\/\/airparx.com\/de\/wp-json\/wp\/v2\/product\/6013","targetHints":{"allow":["GET"]}}],"collection":[{"href":"https:\/\/airparx.com\/de\/wp-json\/wp\/v2\/product"}],"about":[{"href":"https:\/\/airparx.com\/de\/wp-json\/wp\/v2\/types\/product"}],"wp:featuredmedia":[{"embeddable":true,"href":"https:\/\/airparx.com\/de\/wp-json\/wp\/v2\/media\/6018"}],"wp:attachment":[{"href":"https:\/\/airparx.com\/de\/wp-json\/wp\/v2\/media?parent=6013"}],"wp:term":[{"taxonomy":"product_brand","embeddable":true,"href":"https:\/\/airparx.com\/de\/wp-json\/wp\/v2\/product_brand?post=6013"},{"taxonomy":"product_cat","embeddable":true,"href":"https:\/\/airparx.com\/de\/wp-json\/wp\/v2\/product_cat?post=6013"},{"taxonomy":"product_tag","embeddable":true,"href":"https:\/\/airparx.com\/de\/wp-json\/wp\/v2\/product_tag?post=6013"}],"curies":[{"name":"wp","href":"https:\/\/api.w.org\/{rel}","templated":true}]}}