{"id":6017,"date":"2022-05-31T10:43:05","date_gmt":"2022-05-31T09:43:05","guid":{"rendered":"https:\/\/airparx.com\/installations\/der-eiskremhof\/"},"modified":"2022-12-20T15:56:33","modified_gmt":"2022-12-20T15:56:33","slug":"der-eis-creme-bauernhof","status":"publish","type":"product","link":"https:\/\/airparx.com\/de\/installations\/der-eis-creme-bauernhof\/","title":{"rendered":"The Ice Cream Farm"},"content":{"rendered":"<p>Dieser wundersch\u00f6ne aufblasbare Park wurde auf der Ice Cream Farm in Cheshire im Vereinigten K\u00f6nigreich aufgestellt.<\/p>\n<p>Die Ice Cream Farm ist ein Spielpark auf einem Bauernhof, der sein eigenes Eis herstellt und viele verschiedene Aktivit\u00e4ten im Freien anbietet. Jonathan, der Besitzer von The Ice Cream Farm, trat mit einer interessanten Herausforderung an Airparx heran. Auf dem Gel\u00e4nde des Bauernhofs gab es einige freie Fl\u00e4chen, die f\u00fcr die bevorstehenden Schulferien aufgef\u00fcllt werden mussten. Nachdem wir die verschiedenen Arten von aufblasbaren Parks, die wir anbieten, besprochen hatten, wurde klar, dass die beste L\u00f6sung darin bestand, einen Hindernisparcours mit modularen Abschnitten zu schaffen, durch den die G\u00e4ste st\u00fcrmen und so hei\u00df und m\u00fcde werden konnten, dass sie ein weiteres Eis kaufen mussten! Das steigert den Spa\u00dffaktor f\u00fcr die G\u00e4ste und den Eisverkauf!<\/p>\n<p>Diese H\u00fcpfburg hat ein zus\u00e4tzliches Extra in Form eines schr\u00e4gen Daches f\u00fcr die gesamte Einheit, um den gro\u00dfartigen britischen Wetterbedingungen im Fr\u00fchling\/Sommer zu trotzen. Das schr\u00e4ge Dach leitet das Regenwasser von der Mitte der H\u00fcpfburg zu den R\u00e4ndern hin ab,<\/p>\n<p>Dadurch wird die Zeit, die zum Abtrocknen der H\u00fcpfburg nach einem Regenschauer ben\u00f6tigt wird, drastisch reduziert. Im Inneren der Anlage gibt es Rutschen, Base Jumps und viele andere fantastische Hindernisse, die dazu beitragen, dass die Besucher der Ice Cream Farm einen unvergesslichen Tag erleben.<\/p>\n","protected":false},"excerpt":{"rendered":"<p>Dieser wundersch\u00f6ne aufblasbare Park wurde auf der Ice Cream Farm in Cheshire im Vereinigten K\u00f6nigreich aufgestellt. Die Ice Cream Farm ist ein Spielpark auf einem Bauernhof, der sein eigenes Eis herstellt und viele verschiedene Aktivit\u00e4ten im Freien anbietet. Jonathan, der Besitzer von The Ice Cream Farm, trat mit einer interessanten Herausforderung an Airparx heran. Auf [&hellip;]<\/p>\n","protected":false},"featured_media":6019,"template":"","meta":{"_acf_changed":false},"product_brand":[],"product_cat":[99],"product_tag":[],"class_list":{"0":"post-6017","1":"product","2":"type-product","3":"status-publish","4":"has-post-thumbnail","6":"product_cat-aufblasbare-parks","8":"first","9":"outofstock","10":"shipping-taxable","11":"product-type-simple"},"acf":[],"yoast_head":"<!-- This site is optimized with the Yoast SEO Premium plugin v26.7 (Yoast SEO v27.3) - https:\/\/yoast.com\/product\/yoast-seo-premium-wordpress\/ -->\n<title>The Ice Cream Farm - Airparx<\/title>\n<meta name=\"robots\" content=\"index, follow, max-snippet:-1, max-image-preview:large, max-video-preview:-1\" \/>\n<link rel=\"canonical\" href=\"https:\/\/airparx.com\/de\/installations\/der-eis-creme-bauernhof\/\" \/>\n<meta property=\"og:locale\" content=\"de_DE\" \/>\n<meta property=\"og:type\" content=\"article\" \/>\n<meta property=\"og:title\" content=\"The Ice Cream Farm\" \/>\n<meta property=\"og:description\" content=\"Dieser wundersch\u00f6ne aufblasbare Park wurde auf der Ice Cream Farm in Cheshire im Vereinigten K\u00f6nigreich aufgestellt. Die Ice Cream Farm ist ein Spielpark auf einem Bauernhof, der sein eigenes Eis herstellt und viele verschiedene Aktivit\u00e4ten im Freien anbietet. Jonathan, der Besitzer von The Ice Cream Farm, trat mit einer interessanten Herausforderung an Airparx heran. Auf [&hellip;]\" \/>\n<meta property=\"og:url\" content=\"https:\/\/airparx.com\/de\/installations\/der-eis-creme-bauernhof\/\" \/>\n<meta property=\"og:site_name\" content=\"Airparx\" \/>\n<meta property=\"article:publisher\" content=\"https:\/\/www.facebook.com\/Airparx\/\" \/>\n<meta property=\"article:modified_time\" content=\"2022-12-20T15:56:33+00:00\" \/>\n<meta property=\"og:image\" content=\"https:\/\/airparx.com\/wp-content\/uploads\/2022\/07\/the-ice-cream-factory-1.jpg\" \/>\n\t<meta property=\"og:image:width\" content=\"1024\" \/>\n\t<meta property=\"og:image:height\" content=\"768\" \/>\n\t<meta property=\"og:image:type\" content=\"image\/jpeg\" \/>\n<meta name=\"twitter:card\" content=\"summary_large_image\" \/>\n<meta name=\"twitter:label1\" content=\"Gesch\u00e4tzte Lesezeit\" \/>\n\t<meta name=\"twitter:data1\" content=\"1\u00a0Minute\" \/>\n<script type=\"application\/ld+json\" class=\"yoast-schema-graph\">{\"@context\":\"https:\\\/\\\/schema.org\",\"@graph\":[{\"@type\":\"WebPage\",\"@id\":\"https:\\\/\\\/airparx.com\\\/de\\\/installations\\\/der-eis-creme-bauernhof\\\/\",\"url\":\"https:\\\/\\\/airparx.com\\\/de\\\/installations\\\/der-eis-creme-bauernhof\\\/\",\"name\":\"The Ice Cream Farm - Airparx\",\"isPartOf\":{\"@id\":\"https:\\\/\\\/airparx.com\\\/de\\\/#website\"},\"primaryImageOfPage\":{\"@id\":\"https:\\\/\\\/airparx.com\\\/de\\\/installations\\\/der-eis-creme-bauernhof\\\/#primaryimage\"},\"image\":{\"@id\":\"https:\\\/\\\/airparx.com\\\/de\\\/installations\\\/der-eis-creme-bauernhof\\\/#primaryimage\"},\"thumbnailUrl\":\"https:\\\/\\\/airparx.com\\\/wp-content\\\/uploads\\\/2022\\\/07\\\/the-ice-cream-factory-1.jpg\",\"datePublished\":\"2022-05-31T09:43:05+00:00\",\"dateModified\":\"2022-12-20T15:56:33+00:00\",\"breadcrumb\":{\"@id\":\"https:\\\/\\\/airparx.com\\\/de\\\/installations\\\/der-eis-creme-bauernhof\\\/#breadcrumb\"},\"inLanguage\":\"de\",\"potentialAction\":[{\"@type\":\"ReadAction\",\"target\":[\"https:\\\/\\\/airparx.com\\\/de\\\/installations\\\/der-eis-creme-bauernhof\\\/\"]}]},{\"@type\":\"ImageObject\",\"inLanguage\":\"de\",\"@id\":\"https:\\\/\\\/airparx.com\\\/de\\\/installations\\\/der-eis-creme-bauernhof\\\/#primaryimage\",\"url\":\"https:\\\/\\\/airparx.com\\\/wp-content\\\/uploads\\\/2022\\\/07\\\/the-ice-cream-factory-1.jpg\",\"contentUrl\":\"https:\\\/\\\/airparx.com\\\/wp-content\\\/uploads\\\/2022\\\/07\\\/the-ice-cream-factory-1.jpg\",\"width\":1024,\"height\":768},{\"@type\":\"BreadcrumbList\",\"@id\":\"https:\\\/\\\/airparx.com\\\/de\\\/installations\\\/der-eis-creme-bauernhof\\\/#breadcrumb\",\"itemListElement\":[{\"@type\":\"ListItem\",\"position\":1,\"name\":\"Home\",\"item\":\"https:\\\/\\\/airparx.com\\\/de\\\/\"},{\"@type\":\"ListItem\",\"position\":2,\"name\":\"The Ice Cream Farm\"}]},{\"@type\":\"WebSite\",\"@id\":\"https:\\\/\\\/airparx.com\\\/de\\\/#website\",\"url\":\"https:\\\/\\\/airparx.com\\\/de\\\/\",\"name\":\"Airparx\",\"description\":\"Inflatable &amp; Trampoline Park Supplier\",\"publisher\":{\"@id\":\"https:\\\/\\\/airparx.com\\\/de\\\/#organization\"},\"potentialAction\":[{\"@type\":\"SearchAction\",\"target\":{\"@type\":\"EntryPoint\",\"urlTemplate\":\"https:\\\/\\\/airparx.com\\\/de\\\/?s={search_term_string}\"},\"query-input\":{\"@type\":\"PropertyValueSpecification\",\"valueRequired\":true,\"valueName\":\"search_term_string\"}}],\"inLanguage\":\"de\"},{\"@type\":\"Organization\",\"@id\":\"https:\\\/\\\/airparx.com\\\/de\\\/#organization\",\"name\":\"Airparx\",\"url\":\"https:\\\/\\\/airparx.com\\\/de\\\/\",\"logo\":{\"@type\":\"ImageObject\",\"inLanguage\":\"de\",\"@id\":\"https:\\\/\\\/airparx.com\\\/de\\\/#\\\/schema\\\/logo\\\/image\\\/\",\"url\":\"https:\\\/\\\/airparx.com\\\/wp-content\\\/uploads\\\/2022\\\/06\\\/Airparx_Logo.png\",\"contentUrl\":\"https:\\\/\\\/airparx.com\\\/wp-content\\\/uploads\\\/2022\\\/06\\\/Airparx_Logo.png\",\"width\":1127,\"height\":461,\"caption\":\"Airparx\"},\"image\":{\"@id\":\"https:\\\/\\\/airparx.com\\\/de\\\/#\\\/schema\\\/logo\\\/image\\\/\"},\"sameAs\":[\"https:\\\/\\\/www.facebook.com\\\/Airparx\\\/\",\"https:\\\/\\\/www.instagram.com\\\/airparx\\\/\",\"https:\\\/\\\/www.youtube.com\\\/playlist?list=PL2LZnxdxb4eX2paMpuL0QxEvopAtGzyqY\",\"https:\\\/\\\/www.linkedin.com\\\/company\\\/airparx\\\/\"]}]}<\/script>\n<!-- \/ Yoast SEO Premium plugin. -->","yoast_head_json":{"title":"The Ice Cream Farm - Airparx","robots":{"index":"index","follow":"follow","max-snippet":"max-snippet:-1","max-image-preview":"max-image-preview:large","max-video-preview":"max-video-preview:-1"},"canonical":"https:\/\/airparx.com\/de\/installations\/der-eis-creme-bauernhof\/","og_locale":"de_DE","og_type":"article","og_title":"The Ice Cream Farm","og_description":"Dieser wundersch\u00f6ne aufblasbare Park wurde auf der Ice Cream Farm in Cheshire im Vereinigten K\u00f6nigreich aufgestellt. Die Ice Cream Farm ist ein Spielpark auf einem Bauernhof, der sein eigenes Eis herstellt und viele verschiedene Aktivit\u00e4ten im Freien anbietet. Jonathan, der Besitzer von The Ice Cream Farm, trat mit einer interessanten Herausforderung an Airparx heran. Auf [&hellip;]","og_url":"https:\/\/airparx.com\/de\/installations\/der-eis-creme-bauernhof\/","og_site_name":"Airparx","article_publisher":"https:\/\/www.facebook.com\/Airparx\/","article_modified_time":"2022-12-20T15:56:33+00:00","og_image":[{"width":1024,"height":768,"url":"https:\/\/airparx.com\/wp-content\/uploads\/2022\/07\/the-ice-cream-factory-1.jpg","type":"image\/jpeg"}],"twitter_card":"summary_large_image","twitter_misc":{"Gesch\u00e4tzte Lesezeit":"1\u00a0Minute"},"schema":{"@context":"https:\/\/schema.org","@graph":[{"@type":"WebPage","@id":"https:\/\/airparx.com\/de\/installations\/der-eis-creme-bauernhof\/","url":"https:\/\/airparx.com\/de\/installations\/der-eis-creme-bauernhof\/","name":"The Ice Cream Farm - Airparx","isPartOf":{"@id":"https:\/\/airparx.com\/de\/#website"},"primaryImageOfPage":{"@id":"https:\/\/airparx.com\/de\/installations\/der-eis-creme-bauernhof\/#primaryimage"},"image":{"@id":"https:\/\/airparx.com\/de\/installations\/der-eis-creme-bauernhof\/#primaryimage"},"thumbnailUrl":"https:\/\/airparx.com\/wp-content\/uploads\/2022\/07\/the-ice-cream-factory-1.jpg","datePublished":"2022-05-31T09:43:05+00:00","dateModified":"2022-12-20T15:56:33+00:00","breadcrumb":{"@id":"https:\/\/airparx.com\/de\/installations\/der-eis-creme-bauernhof\/#breadcrumb"},"inLanguage":"de","potentialAction":[{"@type":"ReadAction","target":["https:\/\/airparx.com\/de\/installations\/der-eis-creme-bauernhof\/"]}]},{"@type":"ImageObject","inLanguage":"de","@id":"https:\/\/airparx.com\/de\/installations\/der-eis-creme-bauernhof\/#primaryimage","url":"https:\/\/airparx.com\/wp-content\/uploads\/2022\/07\/the-ice-cream-factory-1.jpg","contentUrl":"https:\/\/airparx.com\/wp-content\/uploads\/2022\/07\/the-ice-cream-factory-1.jpg","width":1024,"height":768},{"@type":"BreadcrumbList","@id":"https:\/\/airparx.com\/de\/installations\/der-eis-creme-bauernhof\/#breadcrumb","itemListElement":[{"@type":"ListItem","position":1,"name":"Home","item":"https:\/\/airparx.com\/de\/"},{"@type":"ListItem","position":2,"name":"The Ice Cream Farm"}]},{"@type":"WebSite","@id":"https:\/\/airparx.com\/de\/#website","url":"https:\/\/airparx.com\/de\/","name":"Airparx","description":"Inflatable &amp; Trampoline Park Supplier","publisher":{"@id":"https:\/\/airparx.com\/de\/#organization"},"potentialAction":[{"@type":"SearchAction","target":{"@type":"EntryPoint","urlTemplate":"https:\/\/airparx.com\/de\/?s={search_term_string}"},"query-input":{"@type":"PropertyValueSpecification","valueRequired":true,"valueName":"search_term_string"}}],"inLanguage":"de"},{"@type":"Organization","@id":"https:\/\/airparx.com\/de\/#organization","name":"Airparx","url":"https:\/\/airparx.com\/de\/","logo":{"@type":"ImageObject","inLanguage":"de","@id":"https:\/\/airparx.com\/de\/#\/schema\/logo\/image\/","url":"https:\/\/airparx.com\/wp-content\/uploads\/2022\/06\/Airparx_Logo.png","contentUrl":"https:\/\/airparx.com\/wp-content\/uploads\/2022\/06\/Airparx_Logo.png","width":1127,"height":461,"caption":"Airparx"},"image":{"@id":"https:\/\/airparx.com\/de\/#\/schema\/logo\/image\/"},"sameAs":["https:\/\/www.facebook.com\/Airparx\/","https:\/\/www.instagram.com\/airparx\/","https:\/\/www.youtube.com\/playlist?list=PL2LZnxdxb4eX2paMpuL0QxEvopAtGzyqY","https:\/\/www.linkedin.com\/company\/airparx\/"]}]}},"_links":{"self":[{"href":"https:\/\/airparx.com\/de\/wp-json\/wp\/v2\/product\/6017","targetHints":{"allow":["GET"]}}],"collection":[{"href":"https:\/\/airparx.com\/de\/wp-json\/wp\/v2\/product"}],"about":[{"href":"https:\/\/airparx.com\/de\/wp-json\/wp\/v2\/types\/product"}],"wp:featuredmedia":[{"embeddable":true,"href":"https:\/\/airparx.com\/de\/wp-json\/wp\/v2\/media\/6019"}],"wp:attachment":[{"href":"https:\/\/airparx.com\/de\/wp-json\/wp\/v2\/media?parent=6017"}],"wp:term":[{"taxonomy":"product_brand","embeddable":true,"href":"https:\/\/airparx.com\/de\/wp-json\/wp\/v2\/product_brand?post=6017"},{"taxonomy":"product_cat","embeddable":true,"href":"https:\/\/airparx.com\/de\/wp-json\/wp\/v2\/product_cat?post=6017"},{"taxonomy":"product_tag","embeddable":true,"href":"https:\/\/airparx.com\/de\/wp-json\/wp\/v2\/product_tag?post=6017"}],"curies":[{"name":"wp","href":"https:\/\/api.w.org\/{rel}","templated":true}]}}