{"id":6041,"date":"2022-05-15T10:26:09","date_gmt":"2022-05-15T09:26:09","guid":{"rendered":"https:\/\/airparx.com\/installations\/funplanet\/"},"modified":"2022-11-25T14:46:33","modified_gmt":"2022-11-25T14:46:33","slug":"funplanet","status":"publish","type":"product","link":"https:\/\/airparx.com\/de\/installations\/funplanet\/","title":{"rendered":"FunPlanet"},"content":{"rendered":"<p>Der aufblasbare Park Fun Planet wurde in Zusammenarbeit mit einem unserer franz\u00f6sischen Partner entworfen, der sich auf die Inneneinrichtung von Spielpl\u00e4tzen spezialisiert hat und dank unseres zukunftsorientierten Denkens und unseres guten Rufs f\u00fcr Zuverl\u00e4ssigkeit einige Airparx-Produkte integrieren wollte. Da Airquee &amp; Airparx der einzige europ\u00e4ische Hersteller ist, der die Lizenzen f\u00fcr die Urheberrechte an gro\u00dfen Kindermarken wie PAW Patrol und Peppa Pig besitzt, war es sinnvoll, Airparx f\u00fcr die speziellen Anforderungen dieses aufblasbaren Parks zu engagieren.<\/p>\n<p>Die gesamte Website basiert auf einer franz\u00f6sischen Kinderfernsehsendung namens Les Hoofs. Airparx entwarf fabelhafte Grafiken und Drucke, um den aufblasbaren Park zum Leben zu erwecken, wobei die vom Netzwerk vorgegebenen Markenrichtlinien verwendet wurden.<\/p>\n<p>Airparx schuf einen wundersch\u00f6nen Park mit 3D-Figuren aus der Serie, lebendigen Grafiken und lustigen Funktionen f\u00fcr die j\u00fcngere Zielgruppe.<\/p>\n","protected":false},"excerpt":{"rendered":"<p>Der aufblasbare Park Fun Planet wurde in Zusammenarbeit mit einem unserer franz\u00f6sischen Partner entworfen, der sich auf die Inneneinrichtung von Spielpl\u00e4tzen spezialisiert hat und dank unseres zukunftsorientierten Denkens und unseres guten Rufs f\u00fcr Zuverl\u00e4ssigkeit einige Airparx-Produkte integrieren wollte. Da Airquee &amp; Airparx der einzige europ\u00e4ische Hersteller ist, der die Lizenzen f\u00fcr die Urheberrechte an gro\u00dfen [&hellip;]<\/p>\n","protected":false},"featured_media":6059,"template":"","meta":{"_acf_changed":false},"product_brand":[],"product_cat":[99],"product_tag":[],"class_list":{"0":"post-6041","1":"product","2":"type-product","3":"status-publish","4":"has-post-thumbnail","6":"product_cat-aufblasbare-parks","8":"first","9":"outofstock","10":"shipping-taxable","11":"product-type-simple"},"acf":[],"yoast_head":"<!-- This site is optimized with the Yoast SEO Premium plugin v26.7 (Yoast SEO v27.3) - https:\/\/yoast.com\/product\/yoast-seo-premium-wordpress\/ -->\n<title>FunPlanet - Airparx<\/title>\n<meta name=\"robots\" content=\"index, follow, max-snippet:-1, max-image-preview:large, max-video-preview:-1\" \/>\n<link rel=\"canonical\" href=\"https:\/\/airparx.com\/de\/installations\/funplanet\/\" \/>\n<meta property=\"og:locale\" content=\"de_DE\" \/>\n<meta property=\"og:type\" content=\"article\" \/>\n<meta property=\"og:title\" content=\"FunPlanet\" \/>\n<meta property=\"og:description\" content=\"Der aufblasbare Park Fun Planet wurde in Zusammenarbeit mit einem unserer franz\u00f6sischen Partner entworfen, der sich auf die Inneneinrichtung von Spielpl\u00e4tzen spezialisiert hat und dank unseres zukunftsorientierten Denkens und unseres guten Rufs f\u00fcr Zuverl\u00e4ssigkeit einige Airparx-Produkte integrieren wollte. Da Airquee &amp; Airparx der einzige europ\u00e4ische Hersteller ist, der die Lizenzen f\u00fcr die Urheberrechte an gro\u00dfen [&hellip;]\" \/>\n<meta property=\"og:url\" content=\"https:\/\/airparx.com\/de\/installations\/funplanet\/\" \/>\n<meta property=\"og:site_name\" content=\"Airparx\" \/>\n<meta property=\"article:publisher\" content=\"https:\/\/www.facebook.com\/Airparx\/\" \/>\n<meta property=\"article:modified_time\" content=\"2022-11-25T14:46:33+00:00\" \/>\n<meta property=\"og:image\" content=\"https:\/\/airparx.com\/wp-content\/uploads\/2022\/07\/fun-planet-1.jpg\" \/>\n\t<meta property=\"og:image:width\" content=\"1024\" \/>\n\t<meta property=\"og:image:height\" content=\"768\" \/>\n\t<meta property=\"og:image:type\" content=\"image\/jpeg\" \/>\n<meta name=\"twitter:card\" content=\"summary_large_image\" \/>\n<meta name=\"twitter:label1\" content=\"Gesch\u00e4tzte Lesezeit\" \/>\n\t<meta name=\"twitter:data1\" content=\"1\u00a0Minute\" \/>\n<script type=\"application\/ld+json\" class=\"yoast-schema-graph\">{\"@context\":\"https:\\\/\\\/schema.org\",\"@graph\":[{\"@type\":\"WebPage\",\"@id\":\"https:\\\/\\\/airparx.com\\\/de\\\/installations\\\/funplanet\\\/\",\"url\":\"https:\\\/\\\/airparx.com\\\/de\\\/installations\\\/funplanet\\\/\",\"name\":\"FunPlanet - Airparx\",\"isPartOf\":{\"@id\":\"https:\\\/\\\/airparx.com\\\/de\\\/#website\"},\"primaryImageOfPage\":{\"@id\":\"https:\\\/\\\/airparx.com\\\/de\\\/installations\\\/funplanet\\\/#primaryimage\"},\"image\":{\"@id\":\"https:\\\/\\\/airparx.com\\\/de\\\/installations\\\/funplanet\\\/#primaryimage\"},\"thumbnailUrl\":\"https:\\\/\\\/airparx.com\\\/wp-content\\\/uploads\\\/2022\\\/07\\\/fun-planet-1.jpg\",\"datePublished\":\"2022-05-15T09:26:09+00:00\",\"dateModified\":\"2022-11-25T14:46:33+00:00\",\"breadcrumb\":{\"@id\":\"https:\\\/\\\/airparx.com\\\/de\\\/installations\\\/funplanet\\\/#breadcrumb\"},\"inLanguage\":\"de\",\"potentialAction\":[{\"@type\":\"ReadAction\",\"target\":[\"https:\\\/\\\/airparx.com\\\/de\\\/installations\\\/funplanet\\\/\"]}]},{\"@type\":\"ImageObject\",\"inLanguage\":\"de\",\"@id\":\"https:\\\/\\\/airparx.com\\\/de\\\/installations\\\/funplanet\\\/#primaryimage\",\"url\":\"https:\\\/\\\/airparx.com\\\/wp-content\\\/uploads\\\/2022\\\/07\\\/fun-planet-1.jpg\",\"contentUrl\":\"https:\\\/\\\/airparx.com\\\/wp-content\\\/uploads\\\/2022\\\/07\\\/fun-planet-1.jpg\",\"width\":1024,\"height\":768},{\"@type\":\"BreadcrumbList\",\"@id\":\"https:\\\/\\\/airparx.com\\\/de\\\/installations\\\/funplanet\\\/#breadcrumb\",\"itemListElement\":[{\"@type\":\"ListItem\",\"position\":1,\"name\":\"Home\",\"item\":\"https:\\\/\\\/airparx.com\\\/de\\\/\"},{\"@type\":\"ListItem\",\"position\":2,\"name\":\"FunPlanet\"}]},{\"@type\":\"WebSite\",\"@id\":\"https:\\\/\\\/airparx.com\\\/de\\\/#website\",\"url\":\"https:\\\/\\\/airparx.com\\\/de\\\/\",\"name\":\"Airparx\",\"description\":\"Inflatable &amp; Trampoline Park Supplier\",\"publisher\":{\"@id\":\"https:\\\/\\\/airparx.com\\\/de\\\/#organization\"},\"potentialAction\":[{\"@type\":\"SearchAction\",\"target\":{\"@type\":\"EntryPoint\",\"urlTemplate\":\"https:\\\/\\\/airparx.com\\\/de\\\/?s={search_term_string}\"},\"query-input\":{\"@type\":\"PropertyValueSpecification\",\"valueRequired\":true,\"valueName\":\"search_term_string\"}}],\"inLanguage\":\"de\"},{\"@type\":\"Organization\",\"@id\":\"https:\\\/\\\/airparx.com\\\/de\\\/#organization\",\"name\":\"Airparx\",\"url\":\"https:\\\/\\\/airparx.com\\\/de\\\/\",\"logo\":{\"@type\":\"ImageObject\",\"inLanguage\":\"de\",\"@id\":\"https:\\\/\\\/airparx.com\\\/de\\\/#\\\/schema\\\/logo\\\/image\\\/\",\"url\":\"https:\\\/\\\/airparx.com\\\/wp-content\\\/uploads\\\/2022\\\/06\\\/Airparx_Logo.png\",\"contentUrl\":\"https:\\\/\\\/airparx.com\\\/wp-content\\\/uploads\\\/2022\\\/06\\\/Airparx_Logo.png\",\"width\":1127,\"height\":461,\"caption\":\"Airparx\"},\"image\":{\"@id\":\"https:\\\/\\\/airparx.com\\\/de\\\/#\\\/schema\\\/logo\\\/image\\\/\"},\"sameAs\":[\"https:\\\/\\\/www.facebook.com\\\/Airparx\\\/\",\"https:\\\/\\\/www.instagram.com\\\/airparx\\\/\",\"https:\\\/\\\/www.youtube.com\\\/playlist?list=PL2LZnxdxb4eX2paMpuL0QxEvopAtGzyqY\",\"https:\\\/\\\/www.linkedin.com\\\/company\\\/airparx\\\/\"]}]}<\/script>\n<!-- \/ Yoast SEO Premium plugin. -->","yoast_head_json":{"title":"FunPlanet - Airparx","robots":{"index":"index","follow":"follow","max-snippet":"max-snippet:-1","max-image-preview":"max-image-preview:large","max-video-preview":"max-video-preview:-1"},"canonical":"https:\/\/airparx.com\/de\/installations\/funplanet\/","og_locale":"de_DE","og_type":"article","og_title":"FunPlanet","og_description":"Der aufblasbare Park Fun Planet wurde in Zusammenarbeit mit einem unserer franz\u00f6sischen Partner entworfen, der sich auf die Inneneinrichtung von Spielpl\u00e4tzen spezialisiert hat und dank unseres zukunftsorientierten Denkens und unseres guten Rufs f\u00fcr Zuverl\u00e4ssigkeit einige Airparx-Produkte integrieren wollte. Da Airquee &amp; Airparx der einzige europ\u00e4ische Hersteller ist, der die Lizenzen f\u00fcr die Urheberrechte an gro\u00dfen [&hellip;]","og_url":"https:\/\/airparx.com\/de\/installations\/funplanet\/","og_site_name":"Airparx","article_publisher":"https:\/\/www.facebook.com\/Airparx\/","article_modified_time":"2022-11-25T14:46:33+00:00","og_image":[{"width":1024,"height":768,"url":"https:\/\/airparx.com\/wp-content\/uploads\/2022\/07\/fun-planet-1.jpg","type":"image\/jpeg"}],"twitter_card":"summary_large_image","twitter_misc":{"Gesch\u00e4tzte Lesezeit":"1\u00a0Minute"},"schema":{"@context":"https:\/\/schema.org","@graph":[{"@type":"WebPage","@id":"https:\/\/airparx.com\/de\/installations\/funplanet\/","url":"https:\/\/airparx.com\/de\/installations\/funplanet\/","name":"FunPlanet - Airparx","isPartOf":{"@id":"https:\/\/airparx.com\/de\/#website"},"primaryImageOfPage":{"@id":"https:\/\/airparx.com\/de\/installations\/funplanet\/#primaryimage"},"image":{"@id":"https:\/\/airparx.com\/de\/installations\/funplanet\/#primaryimage"},"thumbnailUrl":"https:\/\/airparx.com\/wp-content\/uploads\/2022\/07\/fun-planet-1.jpg","datePublished":"2022-05-15T09:26:09+00:00","dateModified":"2022-11-25T14:46:33+00:00","breadcrumb":{"@id":"https:\/\/airparx.com\/de\/installations\/funplanet\/#breadcrumb"},"inLanguage":"de","potentialAction":[{"@type":"ReadAction","target":["https:\/\/airparx.com\/de\/installations\/funplanet\/"]}]},{"@type":"ImageObject","inLanguage":"de","@id":"https:\/\/airparx.com\/de\/installations\/funplanet\/#primaryimage","url":"https:\/\/airparx.com\/wp-content\/uploads\/2022\/07\/fun-planet-1.jpg","contentUrl":"https:\/\/airparx.com\/wp-content\/uploads\/2022\/07\/fun-planet-1.jpg","width":1024,"height":768},{"@type":"BreadcrumbList","@id":"https:\/\/airparx.com\/de\/installations\/funplanet\/#breadcrumb","itemListElement":[{"@type":"ListItem","position":1,"name":"Home","item":"https:\/\/airparx.com\/de\/"},{"@type":"ListItem","position":2,"name":"FunPlanet"}]},{"@type":"WebSite","@id":"https:\/\/airparx.com\/de\/#website","url":"https:\/\/airparx.com\/de\/","name":"Airparx","description":"Inflatable &amp; Trampoline Park Supplier","publisher":{"@id":"https:\/\/airparx.com\/de\/#organization"},"potentialAction":[{"@type":"SearchAction","target":{"@type":"EntryPoint","urlTemplate":"https:\/\/airparx.com\/de\/?s={search_term_string}"},"query-input":{"@type":"PropertyValueSpecification","valueRequired":true,"valueName":"search_term_string"}}],"inLanguage":"de"},{"@type":"Organization","@id":"https:\/\/airparx.com\/de\/#organization","name":"Airparx","url":"https:\/\/airparx.com\/de\/","logo":{"@type":"ImageObject","inLanguage":"de","@id":"https:\/\/airparx.com\/de\/#\/schema\/logo\/image\/","url":"https:\/\/airparx.com\/wp-content\/uploads\/2022\/06\/Airparx_Logo.png","contentUrl":"https:\/\/airparx.com\/wp-content\/uploads\/2022\/06\/Airparx_Logo.png","width":1127,"height":461,"caption":"Airparx"},"image":{"@id":"https:\/\/airparx.com\/de\/#\/schema\/logo\/image\/"},"sameAs":["https:\/\/www.facebook.com\/Airparx\/","https:\/\/www.instagram.com\/airparx\/","https:\/\/www.youtube.com\/playlist?list=PL2LZnxdxb4eX2paMpuL0QxEvopAtGzyqY","https:\/\/www.linkedin.com\/company\/airparx\/"]}]}},"_links":{"self":[{"href":"https:\/\/airparx.com\/de\/wp-json\/wp\/v2\/product\/6041","targetHints":{"allow":["GET"]}}],"collection":[{"href":"https:\/\/airparx.com\/de\/wp-json\/wp\/v2\/product"}],"about":[{"href":"https:\/\/airparx.com\/de\/wp-json\/wp\/v2\/types\/product"}],"wp:featuredmedia":[{"embeddable":true,"href":"https:\/\/airparx.com\/de\/wp-json\/wp\/v2\/media\/6059"}],"wp:attachment":[{"href":"https:\/\/airparx.com\/de\/wp-json\/wp\/v2\/media?parent=6041"}],"wp:term":[{"taxonomy":"product_brand","embeddable":true,"href":"https:\/\/airparx.com\/de\/wp-json\/wp\/v2\/product_brand?post=6041"},{"taxonomy":"product_cat","embeddable":true,"href":"https:\/\/airparx.com\/de\/wp-json\/wp\/v2\/product_cat?post=6041"},{"taxonomy":"product_tag","embeddable":true,"href":"https:\/\/airparx.com\/de\/wp-json\/wp\/v2\/product_tag?post=6041"}],"curies":[{"name":"wp","href":"https:\/\/api.w.org\/{rel}","templated":true}]}}