{"id":6049,"date":"2022-11-01T11:59:17","date_gmt":"2022-11-01T11:59:17","guid":{"rendered":"https:\/\/airparx.com\/installations\/sauerstoff-freispringen\/"},"modified":"2023-02-07T10:33:03","modified_gmt":"2023-02-07T10:33:03","slug":"sauerstofffreies-springen","status":"publish","type":"product","link":"https:\/\/airparx.com\/de\/installations\/sauerstofffreies-springen\/","title":{"rendered":"Oxygen Freejumping"},"content":{"rendered":"<p><span data-sheets-value=\"{\"1\":2,\"2\":\"\\\"As part of Oxygen\u2019s recent acquisition trail, they purchased an existing site in Wilmslow near Manchester, UK and operated it as it was for a few months.\\n\\nThis site was in need of some refurbishment works, park improvements and a full facelift to bring it in line with Oxygen\u2019s other sites; and to drive the visitor experience alongside user dwell time too. \\n\\nAirparx was commissioned as the main activity provider, with other suppliers appointed to look after the catering, reception, signage, party rooms, AV and all other key elements for a family activity centre.\\n\\nOut went half the activity space, and in its place went a brand new 200m2 Mini Inflatable Park, and Interactive Multi Use Sports Pitch to the rear of the park. A new and repositioned Jump Tower and Air Bag Top Sheet was positioned in the middle of the park alongside brand new trampoline bed padding plus parkour jumping obstacles. \\n\\nThen to the front left of the park, as you enter through the fantastic new signature \u2018Oxygen Excite Tunnel\u2019 the visitors will find a 3-storey Soft Play Frame, alongside a 6-line Fun Climbing Wall space with interactive timers and auto belay system. \\n\\nFrom start to finish the rip out, and new activity install works took a total of only 6 weeks, with the facility reopening on schedule to the public ready for the October School Holiday period. \\n\\\"\"}\" data-sheets-userformat=\"{\"2\":25469,\"3\":{\"1\":0},\"5\":{\"1\":[{\"1\":2,\"2\":0,\"5\":{\"1\":2,\"2\":13421772}},{\"1\":0,\"2\":0,\"3\":3},{\"1\":1,\"2\":0,\"4\":1}]},\"6\":{\"1\":[{\"1\":2,\"2\":0,\"5\":{\"1\":2,\"2\":13421772}},{\"1\":0,\"2\":0,\"3\":3},{\"1\":1,\"2\":0,\"4\":1}]},\"7\":{\"1\":[{\"1\":2,\"2\":0,\"5\":{\"1\":2,\"2\":13421772}},{\"1\":0,\"2\":0,\"3\":3},{\"1\":1,\"2\":0,\"4\":1}]},\"8\":{\"1\":[{\"1\":2,\"2\":0,\"5\":{\"1\":2,\"2\":13421772}},{\"1\":0,\"2\":0,\"3\":3},{\"1\":1,\"2\":0,\"4\":1}]},\"9\":1,\"11\":3,\"12\":0,\"16\":12,\"17\":1}\">Im Rahmen der j\u00fcngsten Akquisitionsbem\u00fchungen von Oxygen wurde ein bestehender Standort in Wilmslow bei Manchester (Gro\u00dfbritannien) erworben und einige Monate lang unver\u00e4ndert betrieben.<\/span><\/p>\n<p>Dieser Standort ben\u00f6tigte einige Renovierungsarbeiten, Parkverbesserungen und ein komplettes Facelifting, um ihn mit den anderen Standorten von Oxygen in Einklang zu bringen und um das Besuchererlebnis und die Verweildauer der Nutzer zu verbessern.<\/p>\n<p>Airparx wurde als Hauptanbieter von Aktivit\u00e4ten beauftragt, w\u00e4hrend andere Anbieter f\u00fcr Catering, Empfang, Beschilderung, Partyr\u00e4ume, AV und alle anderen Schl\u00fcsselelemente f\u00fcr ein Familienaktivit\u00e4tszentrum zust\u00e4ndig waren.<\/p>\n<p>Die H\u00e4lfte des Aktivit\u00e4tsbereichs verschwand, und an seiner Stelle entstand ein brandneuer 200 m2 gro\u00dfer aufblasbarer Mini-Park und ein interaktiver Mehrzweck-Sportplatz im hinteren Teil des Parks. Ein neuer und neu positionierter Sprungturm und ein Air Bag Top Sheet wurden in der Mitte des Parks neben brandneuen Trampolinbetten und Parkour-Hindernissen aufgestellt.<\/p>\n<p>Im vorderen linken Teil des Parks finden die Besucher beim Betreten durch den fantastischen neuen Oxygen Excite Tunnel&#8220; einen dreist\u00f6ckigen Softplay-Rahmen sowie eine 6-spurige Fun Climbing Wall mit interaktiven Timern und automatischem Sicherungssystem.<\/p>\n<p>Von Anfang bis Ende dauerten die Abriss- und Neuinstallationsarbeiten insgesamt nur 6 Wochen, so dass die Anlage p\u00fcnktlich zu den Schulferien im Oktober wieder f\u00fcr die \u00d6ffentlichkeit ge\u00f6ffnet werden konnte.<\/p>\n","protected":false},"excerpt":{"rendered":"<p>Im Rahmen der j\u00fcngsten Akquisitionsbem\u00fchungen von Oxygen wurde ein bestehender Standort in Wilmslow bei Manchester (Gro\u00dfbritannien) erworben und einige Monate lang unver\u00e4ndert betrieben. Dieser Standort ben\u00f6tigte einige Renovierungsarbeiten, Parkverbesserungen und ein komplettes Facelifting, um ihn mit den anderen Standorten von Oxygen in Einklang zu bringen und um das Besuchererlebnis und die Verweildauer der Nutzer zu [&hellip;]<\/p>\n","protected":false},"featured_media":6061,"template":"","meta":{"_acf_changed":false},"product_brand":[],"product_cat":[99,100,101],"product_tag":[],"class_list":{"0":"post-6049","1":"product","2":"type-product","3":"status-publish","4":"has-post-thumbnail","6":"product_cat-aufblasbare-parks","7":"product_cat-indoor-softplay-spielplatze","8":"product_cat-interaktive-unterhaltung","10":"first","11":"outofstock","12":"shipping-taxable","13":"product-type-simple"},"acf":[],"yoast_head":"<!-- This site is optimized with the Yoast SEO Premium plugin v26.7 (Yoast SEO v27.3) - https:\/\/yoast.com\/product\/yoast-seo-premium-wordpress\/ -->\n<title>Oxygen Freejumping - Airparx<\/title>\n<meta name=\"robots\" content=\"index, follow, max-snippet:-1, max-image-preview:large, max-video-preview:-1\" \/>\n<link rel=\"canonical\" href=\"https:\/\/airparx.com\/de\/installations\/sauerstofffreies-springen\/\" \/>\n<meta property=\"og:locale\" content=\"de_DE\" \/>\n<meta property=\"og:type\" content=\"article\" \/>\n<meta property=\"og:title\" content=\"Oxygen Freejumping\" \/>\n<meta property=\"og:description\" content=\"Im Rahmen der j\u00fcngsten Akquisitionsbem\u00fchungen von Oxygen wurde ein bestehender Standort in Wilmslow bei Manchester (Gro\u00dfbritannien) erworben und einige Monate lang unver\u00e4ndert betrieben. Dieser Standort ben\u00f6tigte einige Renovierungsarbeiten, Parkverbesserungen und ein komplettes Facelifting, um ihn mit den anderen Standorten von Oxygen in Einklang zu bringen und um das Besuchererlebnis und die Verweildauer der Nutzer zu [&hellip;]\" \/>\n<meta property=\"og:url\" content=\"https:\/\/airparx.com\/de\/installations\/sauerstofffreies-springen\/\" \/>\n<meta property=\"og:site_name\" content=\"Airparx\" \/>\n<meta property=\"article:publisher\" content=\"https:\/\/www.facebook.com\/Airparx\/\" \/>\n<meta property=\"article:modified_time\" content=\"2023-02-07T10:33:03+00:00\" \/>\n<meta property=\"og:image\" content=\"https:\/\/airparx.com\/wp-content\/uploads\/2022\/11\/Oxygen-Freejumping-5.jpg\" \/>\n\t<meta property=\"og:image:width\" content=\"1024\" \/>\n\t<meta property=\"og:image:height\" content=\"768\" \/>\n\t<meta property=\"og:image:type\" content=\"image\/jpeg\" \/>\n<meta name=\"twitter:card\" content=\"summary_large_image\" \/>\n<meta name=\"twitter:label1\" content=\"Gesch\u00e4tzte Lesezeit\" \/>\n\t<meta name=\"twitter:data1\" content=\"1\u00a0Minute\" \/>\n<script type=\"application\/ld+json\" class=\"yoast-schema-graph\">{\"@context\":\"https:\\\/\\\/schema.org\",\"@graph\":[{\"@type\":\"WebPage\",\"@id\":\"https:\\\/\\\/airparx.com\\\/de\\\/installations\\\/sauerstofffreies-springen\\\/\",\"url\":\"https:\\\/\\\/airparx.com\\\/de\\\/installations\\\/sauerstofffreies-springen\\\/\",\"name\":\"Oxygen Freejumping - Airparx\",\"isPartOf\":{\"@id\":\"https:\\\/\\\/airparx.com\\\/de\\\/#website\"},\"primaryImageOfPage\":{\"@id\":\"https:\\\/\\\/airparx.com\\\/de\\\/installations\\\/sauerstofffreies-springen\\\/#primaryimage\"},\"image\":{\"@id\":\"https:\\\/\\\/airparx.com\\\/de\\\/installations\\\/sauerstofffreies-springen\\\/#primaryimage\"},\"thumbnailUrl\":\"https:\\\/\\\/airparx.com\\\/wp-content\\\/uploads\\\/2022\\\/11\\\/Oxygen-Freejumping-5.jpg\",\"datePublished\":\"2022-11-01T11:59:17+00:00\",\"dateModified\":\"2023-02-07T10:33:03+00:00\",\"breadcrumb\":{\"@id\":\"https:\\\/\\\/airparx.com\\\/de\\\/installations\\\/sauerstofffreies-springen\\\/#breadcrumb\"},\"inLanguage\":\"de\",\"potentialAction\":[{\"@type\":\"ReadAction\",\"target\":[\"https:\\\/\\\/airparx.com\\\/de\\\/installations\\\/sauerstofffreies-springen\\\/\"]}]},{\"@type\":\"ImageObject\",\"inLanguage\":\"de\",\"@id\":\"https:\\\/\\\/airparx.com\\\/de\\\/installations\\\/sauerstofffreies-springen\\\/#primaryimage\",\"url\":\"https:\\\/\\\/airparx.com\\\/wp-content\\\/uploads\\\/2022\\\/11\\\/Oxygen-Freejumping-5.jpg\",\"contentUrl\":\"https:\\\/\\\/airparx.com\\\/wp-content\\\/uploads\\\/2022\\\/11\\\/Oxygen-Freejumping-5.jpg\",\"width\":1024,\"height\":768},{\"@type\":\"BreadcrumbList\",\"@id\":\"https:\\\/\\\/airparx.com\\\/de\\\/installations\\\/sauerstofffreies-springen\\\/#breadcrumb\",\"itemListElement\":[{\"@type\":\"ListItem\",\"position\":1,\"name\":\"Home\",\"item\":\"https:\\\/\\\/airparx.com\\\/de\\\/\"},{\"@type\":\"ListItem\",\"position\":2,\"name\":\"Oxygen Freejumping\"}]},{\"@type\":\"WebSite\",\"@id\":\"https:\\\/\\\/airparx.com\\\/de\\\/#website\",\"url\":\"https:\\\/\\\/airparx.com\\\/de\\\/\",\"name\":\"Airparx\",\"description\":\"Inflatable &amp; Trampoline Park Supplier\",\"publisher\":{\"@id\":\"https:\\\/\\\/airparx.com\\\/de\\\/#organization\"},\"potentialAction\":[{\"@type\":\"SearchAction\",\"target\":{\"@type\":\"EntryPoint\",\"urlTemplate\":\"https:\\\/\\\/airparx.com\\\/de\\\/?s={search_term_string}\"},\"query-input\":{\"@type\":\"PropertyValueSpecification\",\"valueRequired\":true,\"valueName\":\"search_term_string\"}}],\"inLanguage\":\"de\"},{\"@type\":\"Organization\",\"@id\":\"https:\\\/\\\/airparx.com\\\/de\\\/#organization\",\"name\":\"Airparx\",\"url\":\"https:\\\/\\\/airparx.com\\\/de\\\/\",\"logo\":{\"@type\":\"ImageObject\",\"inLanguage\":\"de\",\"@id\":\"https:\\\/\\\/airparx.com\\\/de\\\/#\\\/schema\\\/logo\\\/image\\\/\",\"url\":\"https:\\\/\\\/airparx.com\\\/wp-content\\\/uploads\\\/2022\\\/06\\\/Airparx_Logo.png\",\"contentUrl\":\"https:\\\/\\\/airparx.com\\\/wp-content\\\/uploads\\\/2022\\\/06\\\/Airparx_Logo.png\",\"width\":1127,\"height\":461,\"caption\":\"Airparx\"},\"image\":{\"@id\":\"https:\\\/\\\/airparx.com\\\/de\\\/#\\\/schema\\\/logo\\\/image\\\/\"},\"sameAs\":[\"https:\\\/\\\/www.facebook.com\\\/Airparx\\\/\",\"https:\\\/\\\/www.instagram.com\\\/airparx\\\/\",\"https:\\\/\\\/www.youtube.com\\\/playlist?list=PL2LZnxdxb4eX2paMpuL0QxEvopAtGzyqY\",\"https:\\\/\\\/www.linkedin.com\\\/company\\\/airparx\\\/\"]}]}<\/script>\n<!-- \/ Yoast SEO Premium plugin. -->","yoast_head_json":{"title":"Oxygen Freejumping - Airparx","robots":{"index":"index","follow":"follow","max-snippet":"max-snippet:-1","max-image-preview":"max-image-preview:large","max-video-preview":"max-video-preview:-1"},"canonical":"https:\/\/airparx.com\/de\/installations\/sauerstofffreies-springen\/","og_locale":"de_DE","og_type":"article","og_title":"Oxygen Freejumping","og_description":"Im Rahmen der j\u00fcngsten Akquisitionsbem\u00fchungen von Oxygen wurde ein bestehender Standort in Wilmslow bei Manchester (Gro\u00dfbritannien) erworben und einige Monate lang unver\u00e4ndert betrieben. Dieser Standort ben\u00f6tigte einige Renovierungsarbeiten, Parkverbesserungen und ein komplettes Facelifting, um ihn mit den anderen Standorten von Oxygen in Einklang zu bringen und um das Besuchererlebnis und die Verweildauer der Nutzer zu [&hellip;]","og_url":"https:\/\/airparx.com\/de\/installations\/sauerstofffreies-springen\/","og_site_name":"Airparx","article_publisher":"https:\/\/www.facebook.com\/Airparx\/","article_modified_time":"2023-02-07T10:33:03+00:00","og_image":[{"width":1024,"height":768,"url":"https:\/\/airparx.com\/wp-content\/uploads\/2022\/11\/Oxygen-Freejumping-5.jpg","type":"image\/jpeg"}],"twitter_card":"summary_large_image","twitter_misc":{"Gesch\u00e4tzte Lesezeit":"1\u00a0Minute"},"schema":{"@context":"https:\/\/schema.org","@graph":[{"@type":"WebPage","@id":"https:\/\/airparx.com\/de\/installations\/sauerstofffreies-springen\/","url":"https:\/\/airparx.com\/de\/installations\/sauerstofffreies-springen\/","name":"Oxygen Freejumping - Airparx","isPartOf":{"@id":"https:\/\/airparx.com\/de\/#website"},"primaryImageOfPage":{"@id":"https:\/\/airparx.com\/de\/installations\/sauerstofffreies-springen\/#primaryimage"},"image":{"@id":"https:\/\/airparx.com\/de\/installations\/sauerstofffreies-springen\/#primaryimage"},"thumbnailUrl":"https:\/\/airparx.com\/wp-content\/uploads\/2022\/11\/Oxygen-Freejumping-5.jpg","datePublished":"2022-11-01T11:59:17+00:00","dateModified":"2023-02-07T10:33:03+00:00","breadcrumb":{"@id":"https:\/\/airparx.com\/de\/installations\/sauerstofffreies-springen\/#breadcrumb"},"inLanguage":"de","potentialAction":[{"@type":"ReadAction","target":["https:\/\/airparx.com\/de\/installations\/sauerstofffreies-springen\/"]}]},{"@type":"ImageObject","inLanguage":"de","@id":"https:\/\/airparx.com\/de\/installations\/sauerstofffreies-springen\/#primaryimage","url":"https:\/\/airparx.com\/wp-content\/uploads\/2022\/11\/Oxygen-Freejumping-5.jpg","contentUrl":"https:\/\/airparx.com\/wp-content\/uploads\/2022\/11\/Oxygen-Freejumping-5.jpg","width":1024,"height":768},{"@type":"BreadcrumbList","@id":"https:\/\/airparx.com\/de\/installations\/sauerstofffreies-springen\/#breadcrumb","itemListElement":[{"@type":"ListItem","position":1,"name":"Home","item":"https:\/\/airparx.com\/de\/"},{"@type":"ListItem","position":2,"name":"Oxygen Freejumping"}]},{"@type":"WebSite","@id":"https:\/\/airparx.com\/de\/#website","url":"https:\/\/airparx.com\/de\/","name":"Airparx","description":"Inflatable &amp; Trampoline Park Supplier","publisher":{"@id":"https:\/\/airparx.com\/de\/#organization"},"potentialAction":[{"@type":"SearchAction","target":{"@type":"EntryPoint","urlTemplate":"https:\/\/airparx.com\/de\/?s={search_term_string}"},"query-input":{"@type":"PropertyValueSpecification","valueRequired":true,"valueName":"search_term_string"}}],"inLanguage":"de"},{"@type":"Organization","@id":"https:\/\/airparx.com\/de\/#organization","name":"Airparx","url":"https:\/\/airparx.com\/de\/","logo":{"@type":"ImageObject","inLanguage":"de","@id":"https:\/\/airparx.com\/de\/#\/schema\/logo\/image\/","url":"https:\/\/airparx.com\/wp-content\/uploads\/2022\/06\/Airparx_Logo.png","contentUrl":"https:\/\/airparx.com\/wp-content\/uploads\/2022\/06\/Airparx_Logo.png","width":1127,"height":461,"caption":"Airparx"},"image":{"@id":"https:\/\/airparx.com\/de\/#\/schema\/logo\/image\/"},"sameAs":["https:\/\/www.facebook.com\/Airparx\/","https:\/\/www.instagram.com\/airparx\/","https:\/\/www.youtube.com\/playlist?list=PL2LZnxdxb4eX2paMpuL0QxEvopAtGzyqY","https:\/\/www.linkedin.com\/company\/airparx\/"]}]}},"_links":{"self":[{"href":"https:\/\/airparx.com\/de\/wp-json\/wp\/v2\/product\/6049","targetHints":{"allow":["GET"]}}],"collection":[{"href":"https:\/\/airparx.com\/de\/wp-json\/wp\/v2\/product"}],"about":[{"href":"https:\/\/airparx.com\/de\/wp-json\/wp\/v2\/types\/product"}],"wp:featuredmedia":[{"embeddable":true,"href":"https:\/\/airparx.com\/de\/wp-json\/wp\/v2\/media\/6061"}],"wp:attachment":[{"href":"https:\/\/airparx.com\/de\/wp-json\/wp\/v2\/media?parent=6049"}],"wp:term":[{"taxonomy":"product_brand","embeddable":true,"href":"https:\/\/airparx.com\/de\/wp-json\/wp\/v2\/product_brand?post=6049"},{"taxonomy":"product_cat","embeddable":true,"href":"https:\/\/airparx.com\/de\/wp-json\/wp\/v2\/product_cat?post=6049"},{"taxonomy":"product_tag","embeddable":true,"href":"https:\/\/airparx.com\/de\/wp-json\/wp\/v2\/product_tag?post=6049"}],"curies":[{"name":"wp","href":"https:\/\/api.w.org\/{rel}","templated":true}]}}