{"id":6072,"date":"2021-08-14T13:10:49","date_gmt":"2021-08-14T12:10:49","guid":{"rendered":"https:\/\/airparx.com\/installations\/airworld\/"},"modified":"2022-11-25T14:46:33","modified_gmt":"2022-11-25T14:46:33","slug":"airworld","status":"publish","type":"product","link":"https:\/\/airparx.com\/de\/installations\/airworld\/","title":{"rendered":"Airworld"},"content":{"rendered":"<p>Airworld war die erste Lieferung von Airparx nach Belgien und wurde in der N\u00e4he von Br\u00fcssel ausgeliefert. Der Kunde war neu in der Familienunterhaltungsbranche und sah aufblasbare Parks als das beste Kundenangebot, nachdem er verschiedene Shows, Ausstellungen und andere Unternehmen in den Benelux-L\u00e4ndern besucht hatte.<\/p>\n<p>Die Herausforderung f\u00fcr Airparx bestand darin, eine riesige, weitl\u00e4ufige Fl\u00e4che zu f\u00fcllen, die \u00fcberall mit S\u00e4ulen \u00fcbers\u00e4t war. Ein besonderer Wunsch des Bauherrn war auch ein DJ-Pult in der Mitte des Geb\u00e4udes.<\/p>\n<p>Dank unserer Konstruktions- und Fertigungserfahrung war Airparx in der Lage, den Park nahtlos um die strukturellen S\u00e4ulen herum zu integrieren, ohne dass die Spielkomponenten des Airparks beeintr\u00e4chtigt wurden.<\/p>\n<p>Dar\u00fcber hinaus haben wir den Flugplatz so konzipiert, dass er in Zukunft weiter ausgebaut werden kann. Die privaten Eigent\u00fcmer von Airworld planen aufgrund des Erfolgs dieses ersten Standorts bereits die Er\u00f6ffnung weiterer aufblasbarer Parks.<\/p>\n","protected":false},"excerpt":{"rendered":"<p>Airworld war die erste Lieferung von Airparx nach Belgien und wurde in der N\u00e4he von Br\u00fcssel ausgeliefert. Der Kunde war neu in der Familienunterhaltungsbranche und sah aufblasbare Parks als das beste Kundenangebot, nachdem er verschiedene Shows, Ausstellungen und andere Unternehmen in den Benelux-L\u00e4ndern besucht hatte. Die Herausforderung f\u00fcr Airparx bestand darin, eine riesige, weitl\u00e4ufige Fl\u00e4che [&hellip;]<\/p>\n","protected":false},"featured_media":5784,"template":"","meta":{"_acf_changed":false},"product_brand":[],"product_cat":[99],"product_tag":[],"class_list":{"0":"post-6072","1":"product","2":"type-product","3":"status-publish","4":"has-post-thumbnail","6":"product_cat-aufblasbare-parks","8":"first","9":"outofstock","10":"shipping-taxable","11":"product-type-simple"},"acf":[],"yoast_head":"<!-- This site is optimized with the Yoast SEO Premium plugin v26.7 (Yoast SEO v27.3) - https:\/\/yoast.com\/product\/yoast-seo-premium-wordpress\/ -->\n<title>Airworld - Airparx<\/title>\n<meta name=\"robots\" content=\"index, follow, max-snippet:-1, max-image-preview:large, max-video-preview:-1\" \/>\n<link rel=\"canonical\" href=\"https:\/\/airparx.com\/de\/installations\/airworld\/\" \/>\n<meta property=\"og:locale\" content=\"de_DE\" \/>\n<meta property=\"og:type\" content=\"article\" \/>\n<meta property=\"og:title\" content=\"Airworld\" \/>\n<meta property=\"og:description\" content=\"Airworld war die erste Lieferung von Airparx nach Belgien und wurde in der N\u00e4he von Br\u00fcssel ausgeliefert. Der Kunde war neu in der Familienunterhaltungsbranche und sah aufblasbare Parks als das beste Kundenangebot, nachdem er verschiedene Shows, Ausstellungen und andere Unternehmen in den Benelux-L\u00e4ndern besucht hatte. Die Herausforderung f\u00fcr Airparx bestand darin, eine riesige, weitl\u00e4ufige Fl\u00e4che [&hellip;]\" \/>\n<meta property=\"og:url\" content=\"https:\/\/airparx.com\/de\/installations\/airworld\/\" \/>\n<meta property=\"og:site_name\" content=\"Airparx\" \/>\n<meta property=\"article:publisher\" content=\"https:\/\/www.facebook.com\/Airparx\/\" \/>\n<meta property=\"article:modified_time\" content=\"2022-11-25T14:46:33+00:00\" \/>\n<meta property=\"og:image\" content=\"https:\/\/airparx.com\/wp-content\/uploads\/2022\/07\/Ap50-Airworld-Belgium_0813110623.jpg\" \/>\n\t<meta property=\"og:image:width\" content=\"1024\" \/>\n\t<meta property=\"og:image:height\" content=\"768\" \/>\n\t<meta property=\"og:image:type\" content=\"image\/jpeg\" \/>\n<meta name=\"twitter:card\" content=\"summary_large_image\" \/>\n<meta name=\"twitter:label1\" content=\"Gesch\u00e4tzte Lesezeit\" \/>\n\t<meta name=\"twitter:data1\" content=\"1\u00a0Minute\" \/>\n<script type=\"application\/ld+json\" class=\"yoast-schema-graph\">{\"@context\":\"https:\\\/\\\/schema.org\",\"@graph\":[{\"@type\":\"WebPage\",\"@id\":\"https:\\\/\\\/airparx.com\\\/de\\\/installations\\\/airworld\\\/\",\"url\":\"https:\\\/\\\/airparx.com\\\/de\\\/installations\\\/airworld\\\/\",\"name\":\"Airworld - Airparx\",\"isPartOf\":{\"@id\":\"https:\\\/\\\/airparx.com\\\/de\\\/#website\"},\"primaryImageOfPage\":{\"@id\":\"https:\\\/\\\/airparx.com\\\/de\\\/installations\\\/airworld\\\/#primaryimage\"},\"image\":{\"@id\":\"https:\\\/\\\/airparx.com\\\/de\\\/installations\\\/airworld\\\/#primaryimage\"},\"thumbnailUrl\":\"https:\\\/\\\/airparx.com\\\/wp-content\\\/uploads\\\/2022\\\/07\\\/Ap50-Airworld-Belgium_0813110623.jpg\",\"datePublished\":\"2021-08-14T12:10:49+00:00\",\"dateModified\":\"2022-11-25T14:46:33+00:00\",\"breadcrumb\":{\"@id\":\"https:\\\/\\\/airparx.com\\\/de\\\/installations\\\/airworld\\\/#breadcrumb\"},\"inLanguage\":\"de\",\"potentialAction\":[{\"@type\":\"ReadAction\",\"target\":[\"https:\\\/\\\/airparx.com\\\/de\\\/installations\\\/airworld\\\/\"]}]},{\"@type\":\"ImageObject\",\"inLanguage\":\"de\",\"@id\":\"https:\\\/\\\/airparx.com\\\/de\\\/installations\\\/airworld\\\/#primaryimage\",\"url\":\"https:\\\/\\\/airparx.com\\\/wp-content\\\/uploads\\\/2022\\\/07\\\/Ap50-Airworld-Belgium_0813110623.jpg\",\"contentUrl\":\"https:\\\/\\\/airparx.com\\\/wp-content\\\/uploads\\\/2022\\\/07\\\/Ap50-Airworld-Belgium_0813110623.jpg\",\"width\":1024,\"height\":768},{\"@type\":\"BreadcrumbList\",\"@id\":\"https:\\\/\\\/airparx.com\\\/de\\\/installations\\\/airworld\\\/#breadcrumb\",\"itemListElement\":[{\"@type\":\"ListItem\",\"position\":1,\"name\":\"Home\",\"item\":\"https:\\\/\\\/airparx.com\\\/de\\\/\"},{\"@type\":\"ListItem\",\"position\":2,\"name\":\"Airworld\"}]},{\"@type\":\"WebSite\",\"@id\":\"https:\\\/\\\/airparx.com\\\/de\\\/#website\",\"url\":\"https:\\\/\\\/airparx.com\\\/de\\\/\",\"name\":\"Airparx\",\"description\":\"Inflatable &amp; Trampoline Park Supplier\",\"publisher\":{\"@id\":\"https:\\\/\\\/airparx.com\\\/de\\\/#organization\"},\"potentialAction\":[{\"@type\":\"SearchAction\",\"target\":{\"@type\":\"EntryPoint\",\"urlTemplate\":\"https:\\\/\\\/airparx.com\\\/de\\\/?s={search_term_string}\"},\"query-input\":{\"@type\":\"PropertyValueSpecification\",\"valueRequired\":true,\"valueName\":\"search_term_string\"}}],\"inLanguage\":\"de\"},{\"@type\":\"Organization\",\"@id\":\"https:\\\/\\\/airparx.com\\\/de\\\/#organization\",\"name\":\"Airparx\",\"url\":\"https:\\\/\\\/airparx.com\\\/de\\\/\",\"logo\":{\"@type\":\"ImageObject\",\"inLanguage\":\"de\",\"@id\":\"https:\\\/\\\/airparx.com\\\/de\\\/#\\\/schema\\\/logo\\\/image\\\/\",\"url\":\"https:\\\/\\\/airparx.com\\\/wp-content\\\/uploads\\\/2022\\\/06\\\/Airparx_Logo.png\",\"contentUrl\":\"https:\\\/\\\/airparx.com\\\/wp-content\\\/uploads\\\/2022\\\/06\\\/Airparx_Logo.png\",\"width\":1127,\"height\":461,\"caption\":\"Airparx\"},\"image\":{\"@id\":\"https:\\\/\\\/airparx.com\\\/de\\\/#\\\/schema\\\/logo\\\/image\\\/\"},\"sameAs\":[\"https:\\\/\\\/www.facebook.com\\\/Airparx\\\/\",\"https:\\\/\\\/www.instagram.com\\\/airparx\\\/\",\"https:\\\/\\\/www.youtube.com\\\/playlist?list=PL2LZnxdxb4eX2paMpuL0QxEvopAtGzyqY\",\"https:\\\/\\\/www.linkedin.com\\\/company\\\/airparx\\\/\"]}]}<\/script>\n<!-- \/ Yoast SEO Premium plugin. -->","yoast_head_json":{"title":"Airworld - Airparx","robots":{"index":"index","follow":"follow","max-snippet":"max-snippet:-1","max-image-preview":"max-image-preview:large","max-video-preview":"max-video-preview:-1"},"canonical":"https:\/\/airparx.com\/de\/installations\/airworld\/","og_locale":"de_DE","og_type":"article","og_title":"Airworld","og_description":"Airworld war die erste Lieferung von Airparx nach Belgien und wurde in der N\u00e4he von Br\u00fcssel ausgeliefert. Der Kunde war neu in der Familienunterhaltungsbranche und sah aufblasbare Parks als das beste Kundenangebot, nachdem er verschiedene Shows, Ausstellungen und andere Unternehmen in den Benelux-L\u00e4ndern besucht hatte. Die Herausforderung f\u00fcr Airparx bestand darin, eine riesige, weitl\u00e4ufige Fl\u00e4che [&hellip;]","og_url":"https:\/\/airparx.com\/de\/installations\/airworld\/","og_site_name":"Airparx","article_publisher":"https:\/\/www.facebook.com\/Airparx\/","article_modified_time":"2022-11-25T14:46:33+00:00","og_image":[{"width":1024,"height":768,"url":"https:\/\/airparx.com\/wp-content\/uploads\/2022\/07\/Ap50-Airworld-Belgium_0813110623.jpg","type":"image\/jpeg"}],"twitter_card":"summary_large_image","twitter_misc":{"Gesch\u00e4tzte Lesezeit":"1\u00a0Minute"},"schema":{"@context":"https:\/\/schema.org","@graph":[{"@type":"WebPage","@id":"https:\/\/airparx.com\/de\/installations\/airworld\/","url":"https:\/\/airparx.com\/de\/installations\/airworld\/","name":"Airworld - Airparx","isPartOf":{"@id":"https:\/\/airparx.com\/de\/#website"},"primaryImageOfPage":{"@id":"https:\/\/airparx.com\/de\/installations\/airworld\/#primaryimage"},"image":{"@id":"https:\/\/airparx.com\/de\/installations\/airworld\/#primaryimage"},"thumbnailUrl":"https:\/\/airparx.com\/wp-content\/uploads\/2022\/07\/Ap50-Airworld-Belgium_0813110623.jpg","datePublished":"2021-08-14T12:10:49+00:00","dateModified":"2022-11-25T14:46:33+00:00","breadcrumb":{"@id":"https:\/\/airparx.com\/de\/installations\/airworld\/#breadcrumb"},"inLanguage":"de","potentialAction":[{"@type":"ReadAction","target":["https:\/\/airparx.com\/de\/installations\/airworld\/"]}]},{"@type":"ImageObject","inLanguage":"de","@id":"https:\/\/airparx.com\/de\/installations\/airworld\/#primaryimage","url":"https:\/\/airparx.com\/wp-content\/uploads\/2022\/07\/Ap50-Airworld-Belgium_0813110623.jpg","contentUrl":"https:\/\/airparx.com\/wp-content\/uploads\/2022\/07\/Ap50-Airworld-Belgium_0813110623.jpg","width":1024,"height":768},{"@type":"BreadcrumbList","@id":"https:\/\/airparx.com\/de\/installations\/airworld\/#breadcrumb","itemListElement":[{"@type":"ListItem","position":1,"name":"Home","item":"https:\/\/airparx.com\/de\/"},{"@type":"ListItem","position":2,"name":"Airworld"}]},{"@type":"WebSite","@id":"https:\/\/airparx.com\/de\/#website","url":"https:\/\/airparx.com\/de\/","name":"Airparx","description":"Inflatable &amp; Trampoline Park Supplier","publisher":{"@id":"https:\/\/airparx.com\/de\/#organization"},"potentialAction":[{"@type":"SearchAction","target":{"@type":"EntryPoint","urlTemplate":"https:\/\/airparx.com\/de\/?s={search_term_string}"},"query-input":{"@type":"PropertyValueSpecification","valueRequired":true,"valueName":"search_term_string"}}],"inLanguage":"de"},{"@type":"Organization","@id":"https:\/\/airparx.com\/de\/#organization","name":"Airparx","url":"https:\/\/airparx.com\/de\/","logo":{"@type":"ImageObject","inLanguage":"de","@id":"https:\/\/airparx.com\/de\/#\/schema\/logo\/image\/","url":"https:\/\/airparx.com\/wp-content\/uploads\/2022\/06\/Airparx_Logo.png","contentUrl":"https:\/\/airparx.com\/wp-content\/uploads\/2022\/06\/Airparx_Logo.png","width":1127,"height":461,"caption":"Airparx"},"image":{"@id":"https:\/\/airparx.com\/de\/#\/schema\/logo\/image\/"},"sameAs":["https:\/\/www.facebook.com\/Airparx\/","https:\/\/www.instagram.com\/airparx\/","https:\/\/www.youtube.com\/playlist?list=PL2LZnxdxb4eX2paMpuL0QxEvopAtGzyqY","https:\/\/www.linkedin.com\/company\/airparx\/"]}]}},"_links":{"self":[{"href":"https:\/\/airparx.com\/de\/wp-json\/wp\/v2\/product\/6072","targetHints":{"allow":["GET"]}}],"collection":[{"href":"https:\/\/airparx.com\/de\/wp-json\/wp\/v2\/product"}],"about":[{"href":"https:\/\/airparx.com\/de\/wp-json\/wp\/v2\/types\/product"}],"wp:featuredmedia":[{"embeddable":true,"href":"https:\/\/airparx.com\/de\/wp-json\/wp\/v2\/media\/5784"}],"wp:attachment":[{"href":"https:\/\/airparx.com\/de\/wp-json\/wp\/v2\/media?parent=6072"}],"wp:term":[{"taxonomy":"product_brand","embeddable":true,"href":"https:\/\/airparx.com\/de\/wp-json\/wp\/v2\/product_brand?post=6072"},{"taxonomy":"product_cat","embeddable":true,"href":"https:\/\/airparx.com\/de\/wp-json\/wp\/v2\/product_cat?post=6072"},{"taxonomy":"product_tag","embeddable":true,"href":"https:\/\/airparx.com\/de\/wp-json\/wp\/v2\/product_tag?post=6072"}],"curies":[{"name":"wp","href":"https:\/\/api.w.org\/{rel}","templated":true}]}}