{"id":6074,"date":"2022-07-15T13:17:47","date_gmt":"2022-07-15T12:17:47","guid":{"rendered":"https:\/\/airparx.com\/installations\/xtreme-craze-kalifornien\/"},"modified":"2022-12-20T15:53:15","modified_gmt":"2022-12-20T15:53:15","slug":"xtreme-craze-california","status":"publish","type":"product","link":"https:\/\/airparx.com\/de\/installations\/xtreme-craze-california\/","title":{"rendered":"Xtreme Craze &#8211; Kalifornien"},"content":{"rendered":"<p>Xtreme Craze California ist unser erster aufblasbarer Park an der Ostk\u00fcste der USA.<\/p>\n<p>John Hughes, Inhaber von Xtreme Craze California, ist stolzer Besitzer eines beliebten Spielzentrums und kam auf der Suche nach Inspiration \u00fcber die IAAPA-Messe in Florida zu uns.<\/p>\n<p>John plante eine Umgestaltung seines Standorts und beschloss, dass die Aufr\u00fcstung seiner bestehenden, einzelnen H\u00fcpfburgen zu einem kompletten H\u00fcpfburgenpark die ideale L\u00f6sung war.<\/p>\n<p>Abgesehen von ein paar S\u00e4ulen und einem kleinen Bereich mit etwas niedrigerer Decke hatte Johns Spielzentrum alle Zutaten f\u00fcr einen fantastischen aufblasbaren Park mit gro\u00dfen Freifl\u00e4chen und wenigen internen Hindernissen. Das endg\u00fcltige Design des Parks ist wirklich atemberaubend mit fantastischen Farben und coolen Features, einschlie\u00dflich einer fabelhaften, zentralen Kletterwand, die zu Rutschen und einem Base Jump f\u00fchrt.<\/p>\n","protected":false},"excerpt":{"rendered":"<p>Xtreme Craze California ist unser erster aufblasbarer Park an der Ostk\u00fcste der USA. John Hughes, Inhaber von Xtreme Craze California, ist stolzer Besitzer eines beliebten Spielzentrums und kam auf der Suche nach Inspiration \u00fcber die IAAPA-Messe in Florida zu uns. John plante eine Umgestaltung seines Standorts und beschloss, dass die Aufr\u00fcstung seiner bestehenden, einzelnen H\u00fcpfburgen [&hellip;]<\/p>\n","protected":false},"featured_media":6076,"template":"","meta":{"_acf_changed":false},"product_brand":[],"product_cat":[99],"product_tag":[],"class_list":{"0":"post-6074","1":"product","2":"type-product","3":"status-publish","4":"has-post-thumbnail","6":"product_cat-aufblasbare-parks","8":"first","9":"outofstock","10":"shipping-taxable","11":"product-type-simple"},"acf":[],"yoast_head":"<!-- This site is optimized with the Yoast SEO Premium plugin v26.7 (Yoast SEO v27.3) - https:\/\/yoast.com\/product\/yoast-seo-premium-wordpress\/ -->\n<title>Xtreme Craze - Kalifornien - Airparx<\/title>\n<meta name=\"robots\" content=\"index, follow, max-snippet:-1, max-image-preview:large, max-video-preview:-1\" \/>\n<link rel=\"canonical\" href=\"https:\/\/airparx.com\/de\/installations\/xtreme-craze-california\/\" \/>\n<meta property=\"og:locale\" content=\"de_DE\" \/>\n<meta property=\"og:type\" content=\"article\" \/>\n<meta property=\"og:title\" content=\"Xtreme Craze - Kalifornien\" \/>\n<meta property=\"og:description\" content=\"Xtreme Craze California ist unser erster aufblasbarer Park an der Ostk\u00fcste der USA. John Hughes, Inhaber von Xtreme Craze California, ist stolzer Besitzer eines beliebten Spielzentrums und kam auf der Suche nach Inspiration \u00fcber die IAAPA-Messe in Florida zu uns. John plante eine Umgestaltung seines Standorts und beschloss, dass die Aufr\u00fcstung seiner bestehenden, einzelnen H\u00fcpfburgen [&hellip;]\" \/>\n<meta property=\"og:url\" content=\"https:\/\/airparx.com\/de\/installations\/xtreme-craze-california\/\" \/>\n<meta property=\"og:site_name\" content=\"Airparx\" \/>\n<meta property=\"article:publisher\" content=\"https:\/\/www.facebook.com\/Airparx\/\" \/>\n<meta property=\"article:modified_time\" content=\"2022-12-20T15:53:15+00:00\" \/>\n<meta property=\"og:image\" content=\"https:\/\/airparx.com\/wp-content\/uploads\/2022\/07\/xtreme-craze-california-7.jpg\" \/>\n\t<meta property=\"og:image:width\" content=\"1024\" \/>\n\t<meta property=\"og:image:height\" content=\"768\" \/>\n\t<meta property=\"og:image:type\" content=\"image\/jpeg\" \/>\n<meta name=\"twitter:card\" content=\"summary_large_image\" \/>\n<meta name=\"twitter:label1\" content=\"Gesch\u00e4tzte Lesezeit\" \/>\n\t<meta name=\"twitter:data1\" content=\"1\u00a0Minute\" \/>\n<script type=\"application\/ld+json\" class=\"yoast-schema-graph\">{\"@context\":\"https:\\\/\\\/schema.org\",\"@graph\":[{\"@type\":\"WebPage\",\"@id\":\"https:\\\/\\\/airparx.com\\\/de\\\/installations\\\/xtreme-craze-california\\\/\",\"url\":\"https:\\\/\\\/airparx.com\\\/de\\\/installations\\\/xtreme-craze-california\\\/\",\"name\":\"Xtreme Craze - Kalifornien - Airparx\",\"isPartOf\":{\"@id\":\"https:\\\/\\\/airparx.com\\\/de\\\/#website\"},\"primaryImageOfPage\":{\"@id\":\"https:\\\/\\\/airparx.com\\\/de\\\/installations\\\/xtreme-craze-california\\\/#primaryimage\"},\"image\":{\"@id\":\"https:\\\/\\\/airparx.com\\\/de\\\/installations\\\/xtreme-craze-california\\\/#primaryimage\"},\"thumbnailUrl\":\"https:\\\/\\\/airparx.com\\\/wp-content\\\/uploads\\\/2022\\\/07\\\/xtreme-craze-california-7.jpg\",\"datePublished\":\"2022-07-15T12:17:47+00:00\",\"dateModified\":\"2022-12-20T15:53:15+00:00\",\"breadcrumb\":{\"@id\":\"https:\\\/\\\/airparx.com\\\/de\\\/installations\\\/xtreme-craze-california\\\/#breadcrumb\"},\"inLanguage\":\"de\",\"potentialAction\":[{\"@type\":\"ReadAction\",\"target\":[\"https:\\\/\\\/airparx.com\\\/de\\\/installations\\\/xtreme-craze-california\\\/\"]}]},{\"@type\":\"ImageObject\",\"inLanguage\":\"de\",\"@id\":\"https:\\\/\\\/airparx.com\\\/de\\\/installations\\\/xtreme-craze-california\\\/#primaryimage\",\"url\":\"https:\\\/\\\/airparx.com\\\/wp-content\\\/uploads\\\/2022\\\/07\\\/xtreme-craze-california-7.jpg\",\"contentUrl\":\"https:\\\/\\\/airparx.com\\\/wp-content\\\/uploads\\\/2022\\\/07\\\/xtreme-craze-california-7.jpg\",\"width\":1024,\"height\":768},{\"@type\":\"BreadcrumbList\",\"@id\":\"https:\\\/\\\/airparx.com\\\/de\\\/installations\\\/xtreme-craze-california\\\/#breadcrumb\",\"itemListElement\":[{\"@type\":\"ListItem\",\"position\":1,\"name\":\"Home\",\"item\":\"https:\\\/\\\/airparx.com\\\/de\\\/\"},{\"@type\":\"ListItem\",\"position\":2,\"name\":\"Xtreme Craze &#8211; Kalifornien\"}]},{\"@type\":\"WebSite\",\"@id\":\"https:\\\/\\\/airparx.com\\\/de\\\/#website\",\"url\":\"https:\\\/\\\/airparx.com\\\/de\\\/\",\"name\":\"Airparx\",\"description\":\"Inflatable &amp; Trampoline Park Supplier\",\"publisher\":{\"@id\":\"https:\\\/\\\/airparx.com\\\/de\\\/#organization\"},\"potentialAction\":[{\"@type\":\"SearchAction\",\"target\":{\"@type\":\"EntryPoint\",\"urlTemplate\":\"https:\\\/\\\/airparx.com\\\/de\\\/?s={search_term_string}\"},\"query-input\":{\"@type\":\"PropertyValueSpecification\",\"valueRequired\":true,\"valueName\":\"search_term_string\"}}],\"inLanguage\":\"de\"},{\"@type\":\"Organization\",\"@id\":\"https:\\\/\\\/airparx.com\\\/de\\\/#organization\",\"name\":\"Airparx\",\"url\":\"https:\\\/\\\/airparx.com\\\/de\\\/\",\"logo\":{\"@type\":\"ImageObject\",\"inLanguage\":\"de\",\"@id\":\"https:\\\/\\\/airparx.com\\\/de\\\/#\\\/schema\\\/logo\\\/image\\\/\",\"url\":\"https:\\\/\\\/airparx.com\\\/wp-content\\\/uploads\\\/2022\\\/06\\\/Airparx_Logo.png\",\"contentUrl\":\"https:\\\/\\\/airparx.com\\\/wp-content\\\/uploads\\\/2022\\\/06\\\/Airparx_Logo.png\",\"width\":1127,\"height\":461,\"caption\":\"Airparx\"},\"image\":{\"@id\":\"https:\\\/\\\/airparx.com\\\/de\\\/#\\\/schema\\\/logo\\\/image\\\/\"},\"sameAs\":[\"https:\\\/\\\/www.facebook.com\\\/Airparx\\\/\",\"https:\\\/\\\/www.instagram.com\\\/airparx\\\/\",\"https:\\\/\\\/www.youtube.com\\\/playlist?list=PL2LZnxdxb4eX2paMpuL0QxEvopAtGzyqY\",\"https:\\\/\\\/www.linkedin.com\\\/company\\\/airparx\\\/\"]}]}<\/script>\n<!-- \/ Yoast SEO Premium plugin. -->","yoast_head_json":{"title":"Xtreme Craze - Kalifornien - Airparx","robots":{"index":"index","follow":"follow","max-snippet":"max-snippet:-1","max-image-preview":"max-image-preview:large","max-video-preview":"max-video-preview:-1"},"canonical":"https:\/\/airparx.com\/de\/installations\/xtreme-craze-california\/","og_locale":"de_DE","og_type":"article","og_title":"Xtreme Craze - Kalifornien","og_description":"Xtreme Craze California ist unser erster aufblasbarer Park an der Ostk\u00fcste der USA. John Hughes, Inhaber von Xtreme Craze California, ist stolzer Besitzer eines beliebten Spielzentrums und kam auf der Suche nach Inspiration \u00fcber die IAAPA-Messe in Florida zu uns. John plante eine Umgestaltung seines Standorts und beschloss, dass die Aufr\u00fcstung seiner bestehenden, einzelnen H\u00fcpfburgen [&hellip;]","og_url":"https:\/\/airparx.com\/de\/installations\/xtreme-craze-california\/","og_site_name":"Airparx","article_publisher":"https:\/\/www.facebook.com\/Airparx\/","article_modified_time":"2022-12-20T15:53:15+00:00","og_image":[{"width":1024,"height":768,"url":"https:\/\/airparx.com\/wp-content\/uploads\/2022\/07\/xtreme-craze-california-7.jpg","type":"image\/jpeg"}],"twitter_card":"summary_large_image","twitter_misc":{"Gesch\u00e4tzte Lesezeit":"1\u00a0Minute"},"schema":{"@context":"https:\/\/schema.org","@graph":[{"@type":"WebPage","@id":"https:\/\/airparx.com\/de\/installations\/xtreme-craze-california\/","url":"https:\/\/airparx.com\/de\/installations\/xtreme-craze-california\/","name":"Xtreme Craze - Kalifornien - Airparx","isPartOf":{"@id":"https:\/\/airparx.com\/de\/#website"},"primaryImageOfPage":{"@id":"https:\/\/airparx.com\/de\/installations\/xtreme-craze-california\/#primaryimage"},"image":{"@id":"https:\/\/airparx.com\/de\/installations\/xtreme-craze-california\/#primaryimage"},"thumbnailUrl":"https:\/\/airparx.com\/wp-content\/uploads\/2022\/07\/xtreme-craze-california-7.jpg","datePublished":"2022-07-15T12:17:47+00:00","dateModified":"2022-12-20T15:53:15+00:00","breadcrumb":{"@id":"https:\/\/airparx.com\/de\/installations\/xtreme-craze-california\/#breadcrumb"},"inLanguage":"de","potentialAction":[{"@type":"ReadAction","target":["https:\/\/airparx.com\/de\/installations\/xtreme-craze-california\/"]}]},{"@type":"ImageObject","inLanguage":"de","@id":"https:\/\/airparx.com\/de\/installations\/xtreme-craze-california\/#primaryimage","url":"https:\/\/airparx.com\/wp-content\/uploads\/2022\/07\/xtreme-craze-california-7.jpg","contentUrl":"https:\/\/airparx.com\/wp-content\/uploads\/2022\/07\/xtreme-craze-california-7.jpg","width":1024,"height":768},{"@type":"BreadcrumbList","@id":"https:\/\/airparx.com\/de\/installations\/xtreme-craze-california\/#breadcrumb","itemListElement":[{"@type":"ListItem","position":1,"name":"Home","item":"https:\/\/airparx.com\/de\/"},{"@type":"ListItem","position":2,"name":"Xtreme Craze &#8211; Kalifornien"}]},{"@type":"WebSite","@id":"https:\/\/airparx.com\/de\/#website","url":"https:\/\/airparx.com\/de\/","name":"Airparx","description":"Inflatable &amp; Trampoline Park Supplier","publisher":{"@id":"https:\/\/airparx.com\/de\/#organization"},"potentialAction":[{"@type":"SearchAction","target":{"@type":"EntryPoint","urlTemplate":"https:\/\/airparx.com\/de\/?s={search_term_string}"},"query-input":{"@type":"PropertyValueSpecification","valueRequired":true,"valueName":"search_term_string"}}],"inLanguage":"de"},{"@type":"Organization","@id":"https:\/\/airparx.com\/de\/#organization","name":"Airparx","url":"https:\/\/airparx.com\/de\/","logo":{"@type":"ImageObject","inLanguage":"de","@id":"https:\/\/airparx.com\/de\/#\/schema\/logo\/image\/","url":"https:\/\/airparx.com\/wp-content\/uploads\/2022\/06\/Airparx_Logo.png","contentUrl":"https:\/\/airparx.com\/wp-content\/uploads\/2022\/06\/Airparx_Logo.png","width":1127,"height":461,"caption":"Airparx"},"image":{"@id":"https:\/\/airparx.com\/de\/#\/schema\/logo\/image\/"},"sameAs":["https:\/\/www.facebook.com\/Airparx\/","https:\/\/www.instagram.com\/airparx\/","https:\/\/www.youtube.com\/playlist?list=PL2LZnxdxb4eX2paMpuL0QxEvopAtGzyqY","https:\/\/www.linkedin.com\/company\/airparx\/"]}]}},"_links":{"self":[{"href":"https:\/\/airparx.com\/de\/wp-json\/wp\/v2\/product\/6074","targetHints":{"allow":["GET"]}}],"collection":[{"href":"https:\/\/airparx.com\/de\/wp-json\/wp\/v2\/product"}],"about":[{"href":"https:\/\/airparx.com\/de\/wp-json\/wp\/v2\/types\/product"}],"wp:featuredmedia":[{"embeddable":true,"href":"https:\/\/airparx.com\/de\/wp-json\/wp\/v2\/media\/6076"}],"wp:attachment":[{"href":"https:\/\/airparx.com\/de\/wp-json\/wp\/v2\/media?parent=6074"}],"wp:term":[{"taxonomy":"product_brand","embeddable":true,"href":"https:\/\/airparx.com\/de\/wp-json\/wp\/v2\/product_brand?post=6074"},{"taxonomy":"product_cat","embeddable":true,"href":"https:\/\/airparx.com\/de\/wp-json\/wp\/v2\/product_cat?post=6074"},{"taxonomy":"product_tag","embeddable":true,"href":"https:\/\/airparx.com\/de\/wp-json\/wp\/v2\/product_tag?post=6074"}],"curies":[{"name":"wp","href":"https:\/\/api.w.org\/{rel}","templated":true}]}}