{"id":6340,"date":"2021-07-14T12:59:31","date_gmt":"2021-07-14T11:59:31","guid":{"rendered":"https:\/\/airparx.com\/installations\/tfou-park\/"},"modified":"2022-12-20T15:56:01","modified_gmt":"2022-12-20T15:56:01","slug":"tfou-parc","status":"publish","type":"product","link":"https:\/\/airparx.com\/de\/installations\/tfou-parc\/","title":{"rendered":"TFOU Parc"},"content":{"rendered":"<p>Der TOFU-Park war die zweite Installation in Frankreich mit unserem franz\u00f6sischen Partner. Es wurde f\u00fcr das franz\u00f6sische Kinderfernsehprogramm Les Hoofs geschaffen.<\/p>\n<p>Die Herausforderung bestand darin, dass der Bereich niedrige Deckenh\u00f6hen aufwies, was jedoch kein Problem darstellte, da Airparxs \u00fcber gro\u00dfe Erfahrung mit Geb\u00e4uden mit begrenzter lichter H\u00f6he verf\u00fcgt.<\/p>\n<p>Es ist auch sehr \u00fcblich, Hindernisse in den vorgesehenen R\u00e4umen zu haben, und in diesem Fall nutzte Airparx S\u00e4ulen und Balken, um die Gebl\u00e4se und die Elektrik unterzubringen. Die Airparx-Designer haben die Les Hoofs-Vorlage verwendet, um sch\u00f6ne 3D-Figuren in diesen lustigen Spielraum einzubauen. Kleinere Rutschen und Hindernisse machen diesen Park f\u00fcr die j\u00fcngeren H\u00fcpfer zug\u00e4nglicher.<\/p>\n<p>Nach dem Erfolg des TFOU-Parks haben wir nun mehrere weitere Projekte f\u00fcr denselben Kunden in der Pipeline.<\/p>\n","protected":false},"excerpt":{"rendered":"<p>Der TOFU-Park war die zweite Installation in Frankreich mit unserem franz\u00f6sischen Partner. Es wurde f\u00fcr das franz\u00f6sische Kinderfernsehprogramm Les Hoofs geschaffen. Die Herausforderung bestand darin, dass der Bereich niedrige Deckenh\u00f6hen aufwies, was jedoch kein Problem darstellte, da Airparxs \u00fcber gro\u00dfe Erfahrung mit Geb\u00e4uden mit begrenzter lichter H\u00f6he verf\u00fcgt. Es ist auch sehr \u00fcblich, Hindernisse in [&hellip;]<\/p>\n","protected":false},"featured_media":5768,"template":"","meta":{"_acf_changed":false},"product_brand":[],"product_cat":[99],"product_tag":[],"class_list":{"0":"post-6340","1":"product","2":"type-product","3":"status-publish","4":"has-post-thumbnail","6":"product_cat-aufblasbare-parks","8":"first","9":"outofstock","10":"shipping-taxable","11":"product-type-simple"},"acf":[],"yoast_head":"<!-- This site is optimized with the Yoast SEO Premium plugin v26.7 (Yoast SEO v27.3) - https:\/\/yoast.com\/product\/yoast-seo-premium-wordpress\/ -->\n<title>TFOU Parc - Airparx<\/title>\n<meta name=\"robots\" content=\"index, follow, max-snippet:-1, max-image-preview:large, max-video-preview:-1\" \/>\n<link rel=\"canonical\" href=\"https:\/\/airparx.com\/de\/installations\/tfou-parc\/\" \/>\n<meta property=\"og:locale\" content=\"de_DE\" \/>\n<meta property=\"og:type\" content=\"article\" \/>\n<meta property=\"og:title\" content=\"TFOU Parc\" \/>\n<meta property=\"og:description\" content=\"Der TOFU-Park war die zweite Installation in Frankreich mit unserem franz\u00f6sischen Partner. Es wurde f\u00fcr das franz\u00f6sische Kinderfernsehprogramm Les Hoofs geschaffen. Die Herausforderung bestand darin, dass der Bereich niedrige Deckenh\u00f6hen aufwies, was jedoch kein Problem darstellte, da Airparxs \u00fcber gro\u00dfe Erfahrung mit Geb\u00e4uden mit begrenzter lichter H\u00f6he verf\u00fcgt. Es ist auch sehr \u00fcblich, Hindernisse in [&hellip;]\" \/>\n<meta property=\"og:url\" content=\"https:\/\/airparx.com\/de\/installations\/tfou-parc\/\" \/>\n<meta property=\"og:site_name\" content=\"Airparx\" \/>\n<meta property=\"article:publisher\" content=\"https:\/\/www.facebook.com\/Airparx\/\" \/>\n<meta property=\"article:modified_time\" content=\"2022-12-20T15:56:01+00:00\" \/>\n<meta property=\"og:image\" content=\"https:\/\/airparx.com\/wp-content\/uploads\/2022\/07\/AP53-TFOU_France_0715_163414.jpg\" \/>\n\t<meta property=\"og:image:width\" content=\"1024\" \/>\n\t<meta property=\"og:image:height\" content=\"768\" \/>\n\t<meta property=\"og:image:type\" content=\"image\/jpeg\" \/>\n<meta name=\"twitter:card\" content=\"summary_large_image\" \/>\n<meta name=\"twitter:label1\" content=\"Gesch\u00e4tzte Lesezeit\" \/>\n\t<meta name=\"twitter:data1\" content=\"1\u00a0Minute\" \/>\n<script type=\"application\/ld+json\" class=\"yoast-schema-graph\">{\"@context\":\"https:\\\/\\\/schema.org\",\"@graph\":[{\"@type\":\"WebPage\",\"@id\":\"https:\\\/\\\/airparx.com\\\/de\\\/installations\\\/tfou-parc\\\/\",\"url\":\"https:\\\/\\\/airparx.com\\\/de\\\/installations\\\/tfou-parc\\\/\",\"name\":\"TFOU Parc - Airparx\",\"isPartOf\":{\"@id\":\"https:\\\/\\\/airparx.com\\\/de\\\/#website\"},\"primaryImageOfPage\":{\"@id\":\"https:\\\/\\\/airparx.com\\\/de\\\/installations\\\/tfou-parc\\\/#primaryimage\"},\"image\":{\"@id\":\"https:\\\/\\\/airparx.com\\\/de\\\/installations\\\/tfou-parc\\\/#primaryimage\"},\"thumbnailUrl\":\"https:\\\/\\\/airparx.com\\\/wp-content\\\/uploads\\\/2022\\\/07\\\/AP53-TFOU_France_0715_163414.jpg\",\"datePublished\":\"2021-07-14T11:59:31+00:00\",\"dateModified\":\"2022-12-20T15:56:01+00:00\",\"breadcrumb\":{\"@id\":\"https:\\\/\\\/airparx.com\\\/de\\\/installations\\\/tfou-parc\\\/#breadcrumb\"},\"inLanguage\":\"de\",\"potentialAction\":[{\"@type\":\"ReadAction\",\"target\":[\"https:\\\/\\\/airparx.com\\\/de\\\/installations\\\/tfou-parc\\\/\"]}]},{\"@type\":\"ImageObject\",\"inLanguage\":\"de\",\"@id\":\"https:\\\/\\\/airparx.com\\\/de\\\/installations\\\/tfou-parc\\\/#primaryimage\",\"url\":\"https:\\\/\\\/airparx.com\\\/wp-content\\\/uploads\\\/2022\\\/07\\\/AP53-TFOU_France_0715_163414.jpg\",\"contentUrl\":\"https:\\\/\\\/airparx.com\\\/wp-content\\\/uploads\\\/2022\\\/07\\\/AP53-TFOU_France_0715_163414.jpg\",\"width\":1024,\"height\":768},{\"@type\":\"BreadcrumbList\",\"@id\":\"https:\\\/\\\/airparx.com\\\/de\\\/installations\\\/tfou-parc\\\/#breadcrumb\",\"itemListElement\":[{\"@type\":\"ListItem\",\"position\":1,\"name\":\"Home\",\"item\":\"https:\\\/\\\/airparx.com\\\/de\\\/\"},{\"@type\":\"ListItem\",\"position\":2,\"name\":\"TFOU Parc\"}]},{\"@type\":\"WebSite\",\"@id\":\"https:\\\/\\\/airparx.com\\\/de\\\/#website\",\"url\":\"https:\\\/\\\/airparx.com\\\/de\\\/\",\"name\":\"Airparx\",\"description\":\"Inflatable &amp; Trampoline Park Supplier\",\"publisher\":{\"@id\":\"https:\\\/\\\/airparx.com\\\/de\\\/#organization\"},\"potentialAction\":[{\"@type\":\"SearchAction\",\"target\":{\"@type\":\"EntryPoint\",\"urlTemplate\":\"https:\\\/\\\/airparx.com\\\/de\\\/?s={search_term_string}\"},\"query-input\":{\"@type\":\"PropertyValueSpecification\",\"valueRequired\":true,\"valueName\":\"search_term_string\"}}],\"inLanguage\":\"de\"},{\"@type\":\"Organization\",\"@id\":\"https:\\\/\\\/airparx.com\\\/de\\\/#organization\",\"name\":\"Airparx\",\"url\":\"https:\\\/\\\/airparx.com\\\/de\\\/\",\"logo\":{\"@type\":\"ImageObject\",\"inLanguage\":\"de\",\"@id\":\"https:\\\/\\\/airparx.com\\\/de\\\/#\\\/schema\\\/logo\\\/image\\\/\",\"url\":\"https:\\\/\\\/airparx.com\\\/wp-content\\\/uploads\\\/2022\\\/06\\\/Airparx_Logo.png\",\"contentUrl\":\"https:\\\/\\\/airparx.com\\\/wp-content\\\/uploads\\\/2022\\\/06\\\/Airparx_Logo.png\",\"width\":1127,\"height\":461,\"caption\":\"Airparx\"},\"image\":{\"@id\":\"https:\\\/\\\/airparx.com\\\/de\\\/#\\\/schema\\\/logo\\\/image\\\/\"},\"sameAs\":[\"https:\\\/\\\/www.facebook.com\\\/Airparx\\\/\",\"https:\\\/\\\/www.instagram.com\\\/airparx\\\/\",\"https:\\\/\\\/www.youtube.com\\\/playlist?list=PL2LZnxdxb4eX2paMpuL0QxEvopAtGzyqY\",\"https:\\\/\\\/www.linkedin.com\\\/company\\\/airparx\\\/\"]}]}<\/script>\n<!-- \/ Yoast SEO Premium plugin. -->","yoast_head_json":{"title":"TFOU Parc - Airparx","robots":{"index":"index","follow":"follow","max-snippet":"max-snippet:-1","max-image-preview":"max-image-preview:large","max-video-preview":"max-video-preview:-1"},"canonical":"https:\/\/airparx.com\/de\/installations\/tfou-parc\/","og_locale":"de_DE","og_type":"article","og_title":"TFOU Parc","og_description":"Der TOFU-Park war die zweite Installation in Frankreich mit unserem franz\u00f6sischen Partner. Es wurde f\u00fcr das franz\u00f6sische Kinderfernsehprogramm Les Hoofs geschaffen. Die Herausforderung bestand darin, dass der Bereich niedrige Deckenh\u00f6hen aufwies, was jedoch kein Problem darstellte, da Airparxs \u00fcber gro\u00dfe Erfahrung mit Geb\u00e4uden mit begrenzter lichter H\u00f6he verf\u00fcgt. Es ist auch sehr \u00fcblich, Hindernisse in [&hellip;]","og_url":"https:\/\/airparx.com\/de\/installations\/tfou-parc\/","og_site_name":"Airparx","article_publisher":"https:\/\/www.facebook.com\/Airparx\/","article_modified_time":"2022-12-20T15:56:01+00:00","og_image":[{"width":1024,"height":768,"url":"https:\/\/airparx.com\/wp-content\/uploads\/2022\/07\/AP53-TFOU_France_0715_163414.jpg","type":"image\/jpeg"}],"twitter_card":"summary_large_image","twitter_misc":{"Gesch\u00e4tzte Lesezeit":"1\u00a0Minute"},"schema":{"@context":"https:\/\/schema.org","@graph":[{"@type":"WebPage","@id":"https:\/\/airparx.com\/de\/installations\/tfou-parc\/","url":"https:\/\/airparx.com\/de\/installations\/tfou-parc\/","name":"TFOU Parc - Airparx","isPartOf":{"@id":"https:\/\/airparx.com\/de\/#website"},"primaryImageOfPage":{"@id":"https:\/\/airparx.com\/de\/installations\/tfou-parc\/#primaryimage"},"image":{"@id":"https:\/\/airparx.com\/de\/installations\/tfou-parc\/#primaryimage"},"thumbnailUrl":"https:\/\/airparx.com\/wp-content\/uploads\/2022\/07\/AP53-TFOU_France_0715_163414.jpg","datePublished":"2021-07-14T11:59:31+00:00","dateModified":"2022-12-20T15:56:01+00:00","breadcrumb":{"@id":"https:\/\/airparx.com\/de\/installations\/tfou-parc\/#breadcrumb"},"inLanguage":"de","potentialAction":[{"@type":"ReadAction","target":["https:\/\/airparx.com\/de\/installations\/tfou-parc\/"]}]},{"@type":"ImageObject","inLanguage":"de","@id":"https:\/\/airparx.com\/de\/installations\/tfou-parc\/#primaryimage","url":"https:\/\/airparx.com\/wp-content\/uploads\/2022\/07\/AP53-TFOU_France_0715_163414.jpg","contentUrl":"https:\/\/airparx.com\/wp-content\/uploads\/2022\/07\/AP53-TFOU_France_0715_163414.jpg","width":1024,"height":768},{"@type":"BreadcrumbList","@id":"https:\/\/airparx.com\/de\/installations\/tfou-parc\/#breadcrumb","itemListElement":[{"@type":"ListItem","position":1,"name":"Home","item":"https:\/\/airparx.com\/de\/"},{"@type":"ListItem","position":2,"name":"TFOU Parc"}]},{"@type":"WebSite","@id":"https:\/\/airparx.com\/de\/#website","url":"https:\/\/airparx.com\/de\/","name":"Airparx","description":"Inflatable &amp; Trampoline Park Supplier","publisher":{"@id":"https:\/\/airparx.com\/de\/#organization"},"potentialAction":[{"@type":"SearchAction","target":{"@type":"EntryPoint","urlTemplate":"https:\/\/airparx.com\/de\/?s={search_term_string}"},"query-input":{"@type":"PropertyValueSpecification","valueRequired":true,"valueName":"search_term_string"}}],"inLanguage":"de"},{"@type":"Organization","@id":"https:\/\/airparx.com\/de\/#organization","name":"Airparx","url":"https:\/\/airparx.com\/de\/","logo":{"@type":"ImageObject","inLanguage":"de","@id":"https:\/\/airparx.com\/de\/#\/schema\/logo\/image\/","url":"https:\/\/airparx.com\/wp-content\/uploads\/2022\/06\/Airparx_Logo.png","contentUrl":"https:\/\/airparx.com\/wp-content\/uploads\/2022\/06\/Airparx_Logo.png","width":1127,"height":461,"caption":"Airparx"},"image":{"@id":"https:\/\/airparx.com\/de\/#\/schema\/logo\/image\/"},"sameAs":["https:\/\/www.facebook.com\/Airparx\/","https:\/\/www.instagram.com\/airparx\/","https:\/\/www.youtube.com\/playlist?list=PL2LZnxdxb4eX2paMpuL0QxEvopAtGzyqY","https:\/\/www.linkedin.com\/company\/airparx\/"]}]}},"_links":{"self":[{"href":"https:\/\/airparx.com\/de\/wp-json\/wp\/v2\/product\/6340","targetHints":{"allow":["GET"]}}],"collection":[{"href":"https:\/\/airparx.com\/de\/wp-json\/wp\/v2\/product"}],"about":[{"href":"https:\/\/airparx.com\/de\/wp-json\/wp\/v2\/types\/product"}],"wp:featuredmedia":[{"embeddable":true,"href":"https:\/\/airparx.com\/de\/wp-json\/wp\/v2\/media\/5768"}],"wp:attachment":[{"href":"https:\/\/airparx.com\/de\/wp-json\/wp\/v2\/media?parent=6340"}],"wp:term":[{"taxonomy":"product_brand","embeddable":true,"href":"https:\/\/airparx.com\/de\/wp-json\/wp\/v2\/product_brand?post=6340"},{"taxonomy":"product_cat","embeddable":true,"href":"https:\/\/airparx.com\/de\/wp-json\/wp\/v2\/product_cat?post=6340"},{"taxonomy":"product_tag","embeddable":true,"href":"https:\/\/airparx.com\/de\/wp-json\/wp\/v2\/product_tag?post=6340"}],"curies":[{"name":"wp","href":"https:\/\/api.w.org\/{rel}","templated":true}]}}