{"id":9499,"date":"2024-09-06T13:34:54","date_gmt":"2024-09-06T12:34:54","guid":{"rendered":"https:\/\/airparx.com\/?post_type=product&#038;p=9499"},"modified":"2026-02-25T14:49:18","modified_gmt":"2026-02-25T14:49:18","slug":"oxygen-freejumping-copy-copy-copy","status":"publish","type":"product","link":"https:\/\/airparx.com\/de\/installations\/oxygen-freejumping-copy-copy-copy\/","title":{"rendered":"Freizeitzentrum Bracknell"},"content":{"rendered":"<p>Im Jahr 2021 erkannte die Bracknell-Filiale des Freizeitzentrums von Everyone Active den Bedarf, ihren Softplay-Bereich komplett zu modernisieren, da der bestehende Bereich veraltet war \u2013 inklusive eines vollst\u00e4ndigen Rebrandings.<\/p>\n<p>Die \u00fcbergeordneten Ziele waren, die Fl\u00e4che zu vergr\u00f6\u00dfern und das Party-Angebot auszubauen, um eine zus\u00e4tzliche Einnahmequelle f\u00fcr den Standort zu schaffen.<\/p>\n<p>Airparx wurde beauftragt, eine neue, verbesserte Spielstruktur sowie einen Kleinkindbereich zu entwerfen, zu fertigen und zu installieren und die Empore mit interaktivem Spiel optimal zu nutzen \u2013 insgesamt attraktiv f\u00fcr mehrere Altersgruppen.<\/p>\n<p>Play World Bracknell wurde 2024 installiert \u2013 ein brandneuer Softplay-Bereich mit zahlreichen Attraktionen, darunter eine Astra-Rutsche, Seilbr\u00fccken, ein interaktives Fu\u00dfballfeld, ein Freestyle Duo, B\u00e4lleb\u00e4der sowie ein Baby- und Kleinkindbereich.<\/p>\n","protected":false},"excerpt":{"rendered":"<p>Im Jahr 2021 erkannte die Bracknell-Filiale des Freizeitzentrums von Everyone Active den Bedarf, ihren Softplay-Bereich komplett zu modernisieren, da der bestehende Bereich veraltet war \u2013 inklusive eines vollst\u00e4ndigen Rebrandings. Die \u00fcbergeordneten Ziele waren, die Fl\u00e4che zu vergr\u00f6\u00dfern und das Party-Angebot auszubauen, um eine zus\u00e4tzliche Einnahmequelle f\u00fcr den Standort zu schaffen. Airparx wurde beauftragt, eine neue, [&hellip;]<\/p>\n","protected":false},"featured_media":9415,"template":"","meta":{"_acf_changed":false},"product_brand":[],"product_cat":[100,101,104],"product_tag":[],"class_list":{"0":"post-9499","1":"product","2":"type-product","3":"status-publish","4":"has-post-thumbnail","6":"product_cat-indoor-softplay-spielplatze","7":"product_cat-interaktive-unterhaltung","8":"product_cat-nachrustung-zusatzgerate","10":"first","11":"outofstock","12":"featured","13":"shipping-taxable","14":"product-type-simple"},"acf":[],"yoast_head":"<!-- This site is optimized with the Yoast SEO Premium plugin v26.7 (Yoast SEO v27.3) - https:\/\/yoast.com\/product\/yoast-seo-premium-wordpress\/ -->\n<title>Freizeitzentrum Bracknell - Airparx<\/title>\n<meta name=\"description\" content=\"Die Niederlassung des Freizeitzentrums Bracknell von Everyone Active beauftragte Airparx mit der kompletten Umgestaltung des Kinderspielplatzes, der mehrere Altersgruppen ansprechen sollte.\" \/>\n<meta name=\"robots\" content=\"index, follow, max-snippet:-1, max-image-preview:large, max-video-preview:-1\" \/>\n<link rel=\"canonical\" href=\"https:\/\/airparx.com\/de\/installations\/oxygen-freejumping-copy-copy-copy\/\" \/>\n<meta property=\"og:locale\" content=\"de_DE\" \/>\n<meta property=\"og:type\" content=\"article\" \/>\n<meta property=\"og:title\" content=\"Freizeitzentrum Bracknell\" \/>\n<meta property=\"og:description\" content=\"Die Niederlassung des Freizeitzentrums Bracknell von Everyone Active beauftragte Airparx mit der kompletten Umgestaltung des Kinderspielplatzes, der mehrere Altersgruppen ansprechen sollte.\" \/>\n<meta property=\"og:url\" content=\"https:\/\/airparx.com\/de\/installations\/oxygen-freejumping-copy-copy-copy\/\" \/>\n<meta property=\"og:site_name\" content=\"Airparx\" \/>\n<meta property=\"article:publisher\" content=\"https:\/\/www.facebook.com\/Airparx\/\" \/>\n<meta property=\"article:modified_time\" content=\"2026-02-25T14:49:18+00:00\" \/>\n<meta property=\"og:image\" content=\"https:\/\/airparx.com\/wp-content\/uploads\/2024\/09\/17.jpg\" \/>\n\t<meta property=\"og:image:width\" content=\"1366\" \/>\n\t<meta property=\"og:image:height\" content=\"768\" \/>\n\t<meta property=\"og:image:type\" content=\"image\/jpeg\" \/>\n<meta name=\"twitter:card\" content=\"summary_large_image\" \/>\n<meta name=\"twitter:label1\" content=\"Gesch\u00e4tzte Lesezeit\" \/>\n\t<meta name=\"twitter:data1\" content=\"1\u00a0Minute\" \/>\n<script type=\"application\/ld+json\" class=\"yoast-schema-graph\">{\"@context\":\"https:\\\/\\\/schema.org\",\"@graph\":[{\"@type\":\"WebPage\",\"@id\":\"https:\\\/\\\/airparx.com\\\/de\\\/installations\\\/oxygen-freejumping-copy-copy-copy\\\/\",\"url\":\"https:\\\/\\\/airparx.com\\\/de\\\/installations\\\/oxygen-freejumping-copy-copy-copy\\\/\",\"name\":\"Freizeitzentrum Bracknell - Airparx\",\"isPartOf\":{\"@id\":\"https:\\\/\\\/airparx.com\\\/de\\\/#website\"},\"primaryImageOfPage\":{\"@id\":\"https:\\\/\\\/airparx.com\\\/de\\\/installations\\\/oxygen-freejumping-copy-copy-copy\\\/#primaryimage\"},\"image\":{\"@id\":\"https:\\\/\\\/airparx.com\\\/de\\\/installations\\\/oxygen-freejumping-copy-copy-copy\\\/#primaryimage\"},\"thumbnailUrl\":\"https:\\\/\\\/airparx.com\\\/wp-content\\\/uploads\\\/2024\\\/09\\\/17.jpg\",\"datePublished\":\"2024-09-06T12:34:54+00:00\",\"dateModified\":\"2026-02-25T14:49:18+00:00\",\"description\":\"Die Niederlassung des Freizeitzentrums Bracknell von Everyone Active beauftragte Airparx mit der kompletten Umgestaltung des Kinderspielplatzes, der mehrere Altersgruppen ansprechen sollte.\",\"breadcrumb\":{\"@id\":\"https:\\\/\\\/airparx.com\\\/de\\\/installations\\\/oxygen-freejumping-copy-copy-copy\\\/#breadcrumb\"},\"inLanguage\":\"de\",\"potentialAction\":[{\"@type\":\"ReadAction\",\"target\":[\"https:\\\/\\\/airparx.com\\\/de\\\/installations\\\/oxygen-freejumping-copy-copy-copy\\\/\"]}]},{\"@type\":\"ImageObject\",\"inLanguage\":\"de\",\"@id\":\"https:\\\/\\\/airparx.com\\\/de\\\/installations\\\/oxygen-freejumping-copy-copy-copy\\\/#primaryimage\",\"url\":\"https:\\\/\\\/airparx.com\\\/wp-content\\\/uploads\\\/2024\\\/09\\\/17.jpg\",\"contentUrl\":\"https:\\\/\\\/airparx.com\\\/wp-content\\\/uploads\\\/2024\\\/09\\\/17.jpg\",\"width\":1366,\"height\":768,\"caption\":\"Play World - Bracknell Leisure Centre\"},{\"@type\":\"BreadcrumbList\",\"@id\":\"https:\\\/\\\/airparx.com\\\/de\\\/installations\\\/oxygen-freejumping-copy-copy-copy\\\/#breadcrumb\",\"itemListElement\":[{\"@type\":\"ListItem\",\"position\":1,\"name\":\"Home\",\"item\":\"https:\\\/\\\/airparx.com\\\/de\\\/\"},{\"@type\":\"ListItem\",\"position\":2,\"name\":\"Freizeitzentrum Bracknell\"}]},{\"@type\":\"WebSite\",\"@id\":\"https:\\\/\\\/airparx.com\\\/de\\\/#website\",\"url\":\"https:\\\/\\\/airparx.com\\\/de\\\/\",\"name\":\"Airparx\",\"description\":\"Inflatable &amp; Trampoline Park Supplier\",\"publisher\":{\"@id\":\"https:\\\/\\\/airparx.com\\\/de\\\/#organization\"},\"potentialAction\":[{\"@type\":\"SearchAction\",\"target\":{\"@type\":\"EntryPoint\",\"urlTemplate\":\"https:\\\/\\\/airparx.com\\\/de\\\/?s={search_term_string}\"},\"query-input\":{\"@type\":\"PropertyValueSpecification\",\"valueRequired\":true,\"valueName\":\"search_term_string\"}}],\"inLanguage\":\"de\"},{\"@type\":\"Organization\",\"@id\":\"https:\\\/\\\/airparx.com\\\/de\\\/#organization\",\"name\":\"Airparx\",\"url\":\"https:\\\/\\\/airparx.com\\\/de\\\/\",\"logo\":{\"@type\":\"ImageObject\",\"inLanguage\":\"de\",\"@id\":\"https:\\\/\\\/airparx.com\\\/de\\\/#\\\/schema\\\/logo\\\/image\\\/\",\"url\":\"https:\\\/\\\/airparx.com\\\/wp-content\\\/uploads\\\/2022\\\/06\\\/Airparx_Logo.png\",\"contentUrl\":\"https:\\\/\\\/airparx.com\\\/wp-content\\\/uploads\\\/2022\\\/06\\\/Airparx_Logo.png\",\"width\":1127,\"height\":461,\"caption\":\"Airparx\"},\"image\":{\"@id\":\"https:\\\/\\\/airparx.com\\\/de\\\/#\\\/schema\\\/logo\\\/image\\\/\"},\"sameAs\":[\"https:\\\/\\\/www.facebook.com\\\/Airparx\\\/\",\"https:\\\/\\\/www.instagram.com\\\/airparx\\\/\",\"https:\\\/\\\/www.youtube.com\\\/playlist?list=PL2LZnxdxb4eX2paMpuL0QxEvopAtGzyqY\",\"https:\\\/\\\/www.linkedin.com\\\/company\\\/airparx\\\/\"]}]}<\/script>\n<!-- \/ Yoast SEO Premium plugin. -->","yoast_head_json":{"title":"Freizeitzentrum Bracknell - Airparx","description":"Die Niederlassung des Freizeitzentrums Bracknell von Everyone Active beauftragte Airparx mit der kompletten Umgestaltung des Kinderspielplatzes, der mehrere Altersgruppen ansprechen sollte.","robots":{"index":"index","follow":"follow","max-snippet":"max-snippet:-1","max-image-preview":"max-image-preview:large","max-video-preview":"max-video-preview:-1"},"canonical":"https:\/\/airparx.com\/de\/installations\/oxygen-freejumping-copy-copy-copy\/","og_locale":"de_DE","og_type":"article","og_title":"Freizeitzentrum Bracknell","og_description":"Die Niederlassung des Freizeitzentrums Bracknell von Everyone Active beauftragte Airparx mit der kompletten Umgestaltung des Kinderspielplatzes, der mehrere Altersgruppen ansprechen sollte.","og_url":"https:\/\/airparx.com\/de\/installations\/oxygen-freejumping-copy-copy-copy\/","og_site_name":"Airparx","article_publisher":"https:\/\/www.facebook.com\/Airparx\/","article_modified_time":"2026-02-25T14:49:18+00:00","og_image":[{"width":1366,"height":768,"url":"https:\/\/airparx.com\/wp-content\/uploads\/2024\/09\/17.jpg","type":"image\/jpeg"}],"twitter_card":"summary_large_image","twitter_misc":{"Gesch\u00e4tzte Lesezeit":"1\u00a0Minute"},"schema":{"@context":"https:\/\/schema.org","@graph":[{"@type":"WebPage","@id":"https:\/\/airparx.com\/de\/installations\/oxygen-freejumping-copy-copy-copy\/","url":"https:\/\/airparx.com\/de\/installations\/oxygen-freejumping-copy-copy-copy\/","name":"Freizeitzentrum Bracknell - Airparx","isPartOf":{"@id":"https:\/\/airparx.com\/de\/#website"},"primaryImageOfPage":{"@id":"https:\/\/airparx.com\/de\/installations\/oxygen-freejumping-copy-copy-copy\/#primaryimage"},"image":{"@id":"https:\/\/airparx.com\/de\/installations\/oxygen-freejumping-copy-copy-copy\/#primaryimage"},"thumbnailUrl":"https:\/\/airparx.com\/wp-content\/uploads\/2024\/09\/17.jpg","datePublished":"2024-09-06T12:34:54+00:00","dateModified":"2026-02-25T14:49:18+00:00","description":"Die Niederlassung des Freizeitzentrums Bracknell von Everyone Active beauftragte Airparx mit der kompletten Umgestaltung des Kinderspielplatzes, der mehrere Altersgruppen ansprechen sollte.","breadcrumb":{"@id":"https:\/\/airparx.com\/de\/installations\/oxygen-freejumping-copy-copy-copy\/#breadcrumb"},"inLanguage":"de","potentialAction":[{"@type":"ReadAction","target":["https:\/\/airparx.com\/de\/installations\/oxygen-freejumping-copy-copy-copy\/"]}]},{"@type":"ImageObject","inLanguage":"de","@id":"https:\/\/airparx.com\/de\/installations\/oxygen-freejumping-copy-copy-copy\/#primaryimage","url":"https:\/\/airparx.com\/wp-content\/uploads\/2024\/09\/17.jpg","contentUrl":"https:\/\/airparx.com\/wp-content\/uploads\/2024\/09\/17.jpg","width":1366,"height":768,"caption":"Play World - Bracknell Leisure Centre"},{"@type":"BreadcrumbList","@id":"https:\/\/airparx.com\/de\/installations\/oxygen-freejumping-copy-copy-copy\/#breadcrumb","itemListElement":[{"@type":"ListItem","position":1,"name":"Home","item":"https:\/\/airparx.com\/de\/"},{"@type":"ListItem","position":2,"name":"Freizeitzentrum Bracknell"}]},{"@type":"WebSite","@id":"https:\/\/airparx.com\/de\/#website","url":"https:\/\/airparx.com\/de\/","name":"Airparx","description":"Inflatable &amp; Trampoline Park Supplier","publisher":{"@id":"https:\/\/airparx.com\/de\/#organization"},"potentialAction":[{"@type":"SearchAction","target":{"@type":"EntryPoint","urlTemplate":"https:\/\/airparx.com\/de\/?s={search_term_string}"},"query-input":{"@type":"PropertyValueSpecification","valueRequired":true,"valueName":"search_term_string"}}],"inLanguage":"de"},{"@type":"Organization","@id":"https:\/\/airparx.com\/de\/#organization","name":"Airparx","url":"https:\/\/airparx.com\/de\/","logo":{"@type":"ImageObject","inLanguage":"de","@id":"https:\/\/airparx.com\/de\/#\/schema\/logo\/image\/","url":"https:\/\/airparx.com\/wp-content\/uploads\/2022\/06\/Airparx_Logo.png","contentUrl":"https:\/\/airparx.com\/wp-content\/uploads\/2022\/06\/Airparx_Logo.png","width":1127,"height":461,"caption":"Airparx"},"image":{"@id":"https:\/\/airparx.com\/de\/#\/schema\/logo\/image\/"},"sameAs":["https:\/\/www.facebook.com\/Airparx\/","https:\/\/www.instagram.com\/airparx\/","https:\/\/www.youtube.com\/playlist?list=PL2LZnxdxb4eX2paMpuL0QxEvopAtGzyqY","https:\/\/www.linkedin.com\/company\/airparx\/"]}]}},"_links":{"self":[{"href":"https:\/\/airparx.com\/de\/wp-json\/wp\/v2\/product\/9499","targetHints":{"allow":["GET"]}}],"collection":[{"href":"https:\/\/airparx.com\/de\/wp-json\/wp\/v2\/product"}],"about":[{"href":"https:\/\/airparx.com\/de\/wp-json\/wp\/v2\/types\/product"}],"wp:featuredmedia":[{"embeddable":true,"href":"https:\/\/airparx.com\/de\/wp-json\/wp\/v2\/media\/9415"}],"wp:attachment":[{"href":"https:\/\/airparx.com\/de\/wp-json\/wp\/v2\/media?parent=9499"}],"wp:term":[{"taxonomy":"product_brand","embeddable":true,"href":"https:\/\/airparx.com\/de\/wp-json\/wp\/v2\/product_brand?post=9499"},{"taxonomy":"product_cat","embeddable":true,"href":"https:\/\/airparx.com\/de\/wp-json\/wp\/v2\/product_cat?post=9499"},{"taxonomy":"product_tag","embeddable":true,"href":"https:\/\/airparx.com\/de\/wp-json\/wp\/v2\/product_tag?post=9499"}],"curies":[{"name":"wp","href":"https:\/\/api.w.org\/{rel}","templated":true}]}}