{"id":9513,"date":"2024-09-09T14:18:04","date_gmt":"2024-09-09T13:18:04","guid":{"rendered":"https:\/\/airparx.com\/?post_type=product&#038;p=9513"},"modified":"2026-02-25T14:51:06","modified_gmt":"2026-02-25T14:51:06","slug":"oxygen-freejumping-copy-copy-copy-copy","status":"publish","type":"product","link":"https:\/\/airparx.com\/de\/installations\/oxygen-freejumping-copy-copy-copy-copy\/","title":{"rendered":"Springen Sie rein &#8211; Camberley"},"content":{"rendered":"<p>Im April 2024 wurde Airparx von Jump In Camberley beauftragt, einen Trampolinpark zu entwerfen, der unsere neuesten Attraktionen f\u00fcr Inflatable-Parks integriert.<\/p>\n<p>F\u00fcr den bestehenden Standort, der modernisiert werden sollte, war unser Auftrag klar definiert. Wir entwarfen einen hochwertigen Inflatable-Park, der den Raum besser nutzt, die Kapazit\u00e4t erh\u00f6ht und optisch perfekt auf das Branding abgestimmt ist.<\/p>\n<p>Mit akribischer Planung setzte das Airparx-Team eine einwandfreie Installation um. In nur einem Tag erledigten wir alles vom R\u00fcckbau bis zur Montage, sodass der Park wie geplant p\u00fcnktlich zur Sommersaison er\u00f6ffnen konnte.<\/p>\n<p>Der Jump In Adventure Park in Camberley er\u00f6ffnete im Juli 2024 und bietet Spa\u00df f\u00fcr die ganze Familie. Dieser Trampolinpark umfasst nun zahlreiche Attraktionen, darunter Wand-zu-Wand-Trampoline, Riesen-Airbags, Battle Beams, Wipeout, Tumble Tracks, Extrem-Rutschen und nat\u00fcrlich Inflatables.<\/p>\n","protected":false},"excerpt":{"rendered":"<p>Im April 2024 wurde Airparx von Jump In Camberley beauftragt, einen Trampolinpark zu entwerfen, der unsere neuesten Attraktionen f\u00fcr Inflatable-Parks integriert. F\u00fcr den bestehenden Standort, der modernisiert werden sollte, war unser Auftrag klar definiert. Wir entwarfen einen hochwertigen Inflatable-Park, der den Raum besser nutzt, die Kapazit\u00e4t erh\u00f6ht und optisch perfekt auf das Branding abgestimmt ist. [&hellip;]<\/p>\n","protected":false},"featured_media":9460,"template":"","meta":{"_acf_changed":false},"product_brand":[],"product_cat":[99,106],"product_tag":[],"class_list":{"0":"post-9513","1":"product","2":"type-product","3":"status-publish","4":"has-post-thumbnail","6":"product_cat-aufblasbare-parks","7":"product_cat-trampolin-parks","9":"first","10":"outofstock","11":"featured","12":"shipping-taxable","13":"product-type-simple"},"acf":[],"yoast_head":"<!-- This site is optimized with the Yoast SEO Premium plugin v26.7 (Yoast SEO v27.3) - https:\/\/yoast.com\/product\/yoast-seo-premium-wordpress\/ -->\n<title>Springen Sie rein - Camberley - Airparx<\/title>\n<meta name=\"description\" content=\"Im April 2024 wurde Airparx von Jump In Camberley gebeten, einen Trampolinpark zu entwerfen, der unsere neuesten Attraktionen f\u00fcr aufblasbare Parks beinhaltet.\" \/>\n<meta name=\"robots\" content=\"index, follow, max-snippet:-1, max-image-preview:large, max-video-preview:-1\" \/>\n<link rel=\"canonical\" href=\"https:\/\/airparx.com\/de\/installations\/oxygen-freejumping-copy-copy-copy-copy\/\" \/>\n<meta property=\"og:locale\" content=\"de_DE\" \/>\n<meta property=\"og:type\" content=\"article\" \/>\n<meta property=\"og:title\" content=\"Springen Sie rein - Camberley\" \/>\n<meta property=\"og:description\" content=\"Im April 2024 wurde Airparx von Jump In Camberley gebeten, einen Trampolinpark zu entwerfen, der unsere neuesten Attraktionen f\u00fcr aufblasbare Parks beinhaltet.\" \/>\n<meta property=\"og:url\" content=\"https:\/\/airparx.com\/de\/installations\/oxygen-freejumping-copy-copy-copy-copy\/\" \/>\n<meta property=\"og:site_name\" content=\"Airparx\" \/>\n<meta property=\"article:publisher\" content=\"https:\/\/www.facebook.com\/Airparx\/\" \/>\n<meta property=\"article:modified_time\" content=\"2026-02-25T14:51:06+00:00\" \/>\n<meta property=\"og:image\" content=\"https:\/\/airparx.com\/wp-content\/uploads\/2024\/09\/22.jpg\" \/>\n\t<meta property=\"og:image:width\" content=\"1366\" \/>\n\t<meta property=\"og:image:height\" content=\"768\" \/>\n\t<meta property=\"og:image:type\" content=\"image\/jpeg\" \/>\n<meta name=\"twitter:card\" content=\"summary_large_image\" \/>\n<meta name=\"twitter:label1\" content=\"Gesch\u00e4tzte Lesezeit\" \/>\n\t<meta name=\"twitter:data1\" content=\"1\u00a0Minute\" \/>\n<script type=\"application\/ld+json\" class=\"yoast-schema-graph\">{\"@context\":\"https:\\\/\\\/schema.org\",\"@graph\":[{\"@type\":\"WebPage\",\"@id\":\"https:\\\/\\\/airparx.com\\\/de\\\/installations\\\/oxygen-freejumping-copy-copy-copy-copy\\\/\",\"url\":\"https:\\\/\\\/airparx.com\\\/de\\\/installations\\\/oxygen-freejumping-copy-copy-copy-copy\\\/\",\"name\":\"Springen Sie rein - Camberley - Airparx\",\"isPartOf\":{\"@id\":\"https:\\\/\\\/airparx.com\\\/de\\\/#website\"},\"primaryImageOfPage\":{\"@id\":\"https:\\\/\\\/airparx.com\\\/de\\\/installations\\\/oxygen-freejumping-copy-copy-copy-copy\\\/#primaryimage\"},\"image\":{\"@id\":\"https:\\\/\\\/airparx.com\\\/de\\\/installations\\\/oxygen-freejumping-copy-copy-copy-copy\\\/#primaryimage\"},\"thumbnailUrl\":\"https:\\\/\\\/airparx.com\\\/wp-content\\\/uploads\\\/2024\\\/09\\\/22.jpg\",\"datePublished\":\"2024-09-09T13:18:04+00:00\",\"dateModified\":\"2026-02-25T14:51:06+00:00\",\"description\":\"Im April 2024 wurde Airparx von Jump In Camberley gebeten, einen Trampolinpark zu entwerfen, der unsere neuesten Attraktionen f\u00fcr aufblasbare Parks beinhaltet.\",\"breadcrumb\":{\"@id\":\"https:\\\/\\\/airparx.com\\\/de\\\/installations\\\/oxygen-freejumping-copy-copy-copy-copy\\\/#breadcrumb\"},\"inLanguage\":\"de\",\"potentialAction\":[{\"@type\":\"ReadAction\",\"target\":[\"https:\\\/\\\/airparx.com\\\/de\\\/installations\\\/oxygen-freejumping-copy-copy-copy-copy\\\/\"]}]},{\"@type\":\"ImageObject\",\"inLanguage\":\"de\",\"@id\":\"https:\\\/\\\/airparx.com\\\/de\\\/installations\\\/oxygen-freejumping-copy-copy-copy-copy\\\/#primaryimage\",\"url\":\"https:\\\/\\\/airparx.com\\\/wp-content\\\/uploads\\\/2024\\\/09\\\/22.jpg\",\"contentUrl\":\"https:\\\/\\\/airparx.com\\\/wp-content\\\/uploads\\\/2024\\\/09\\\/22.jpg\",\"width\":1366,\"height\":768,\"caption\":\"Jump In by Air Hop - Camberley\"},{\"@type\":\"BreadcrumbList\",\"@id\":\"https:\\\/\\\/airparx.com\\\/de\\\/installations\\\/oxygen-freejumping-copy-copy-copy-copy\\\/#breadcrumb\",\"itemListElement\":[{\"@type\":\"ListItem\",\"position\":1,\"name\":\"Home\",\"item\":\"https:\\\/\\\/airparx.com\\\/de\\\/\"},{\"@type\":\"ListItem\",\"position\":2,\"name\":\"Springen Sie rein &#8211; Camberley\"}]},{\"@type\":\"WebSite\",\"@id\":\"https:\\\/\\\/airparx.com\\\/de\\\/#website\",\"url\":\"https:\\\/\\\/airparx.com\\\/de\\\/\",\"name\":\"Airparx\",\"description\":\"Inflatable &amp; Trampoline Park Supplier\",\"publisher\":{\"@id\":\"https:\\\/\\\/airparx.com\\\/de\\\/#organization\"},\"potentialAction\":[{\"@type\":\"SearchAction\",\"target\":{\"@type\":\"EntryPoint\",\"urlTemplate\":\"https:\\\/\\\/airparx.com\\\/de\\\/?s={search_term_string}\"},\"query-input\":{\"@type\":\"PropertyValueSpecification\",\"valueRequired\":true,\"valueName\":\"search_term_string\"}}],\"inLanguage\":\"de\"},{\"@type\":\"Organization\",\"@id\":\"https:\\\/\\\/airparx.com\\\/de\\\/#organization\",\"name\":\"Airparx\",\"url\":\"https:\\\/\\\/airparx.com\\\/de\\\/\",\"logo\":{\"@type\":\"ImageObject\",\"inLanguage\":\"de\",\"@id\":\"https:\\\/\\\/airparx.com\\\/de\\\/#\\\/schema\\\/logo\\\/image\\\/\",\"url\":\"https:\\\/\\\/airparx.com\\\/wp-content\\\/uploads\\\/2022\\\/06\\\/Airparx_Logo.png\",\"contentUrl\":\"https:\\\/\\\/airparx.com\\\/wp-content\\\/uploads\\\/2022\\\/06\\\/Airparx_Logo.png\",\"width\":1127,\"height\":461,\"caption\":\"Airparx\"},\"image\":{\"@id\":\"https:\\\/\\\/airparx.com\\\/de\\\/#\\\/schema\\\/logo\\\/image\\\/\"},\"sameAs\":[\"https:\\\/\\\/www.facebook.com\\\/Airparx\\\/\",\"https:\\\/\\\/www.instagram.com\\\/airparx\\\/\",\"https:\\\/\\\/www.youtube.com\\\/playlist?list=PL2LZnxdxb4eX2paMpuL0QxEvopAtGzyqY\",\"https:\\\/\\\/www.linkedin.com\\\/company\\\/airparx\\\/\"]}]}<\/script>\n<!-- \/ Yoast SEO Premium plugin. -->","yoast_head_json":{"title":"Springen Sie rein - Camberley - Airparx","description":"Im April 2024 wurde Airparx von Jump In Camberley gebeten, einen Trampolinpark zu entwerfen, der unsere neuesten Attraktionen f\u00fcr aufblasbare Parks beinhaltet.","robots":{"index":"index","follow":"follow","max-snippet":"max-snippet:-1","max-image-preview":"max-image-preview:large","max-video-preview":"max-video-preview:-1"},"canonical":"https:\/\/airparx.com\/de\/installations\/oxygen-freejumping-copy-copy-copy-copy\/","og_locale":"de_DE","og_type":"article","og_title":"Springen Sie rein - Camberley","og_description":"Im April 2024 wurde Airparx von Jump In Camberley gebeten, einen Trampolinpark zu entwerfen, der unsere neuesten Attraktionen f\u00fcr aufblasbare Parks beinhaltet.","og_url":"https:\/\/airparx.com\/de\/installations\/oxygen-freejumping-copy-copy-copy-copy\/","og_site_name":"Airparx","article_publisher":"https:\/\/www.facebook.com\/Airparx\/","article_modified_time":"2026-02-25T14:51:06+00:00","og_image":[{"width":1366,"height":768,"url":"https:\/\/airparx.com\/wp-content\/uploads\/2024\/09\/22.jpg","type":"image\/jpeg"}],"twitter_card":"summary_large_image","twitter_misc":{"Gesch\u00e4tzte Lesezeit":"1\u00a0Minute"},"schema":{"@context":"https:\/\/schema.org","@graph":[{"@type":"WebPage","@id":"https:\/\/airparx.com\/de\/installations\/oxygen-freejumping-copy-copy-copy-copy\/","url":"https:\/\/airparx.com\/de\/installations\/oxygen-freejumping-copy-copy-copy-copy\/","name":"Springen Sie rein - Camberley - Airparx","isPartOf":{"@id":"https:\/\/airparx.com\/de\/#website"},"primaryImageOfPage":{"@id":"https:\/\/airparx.com\/de\/installations\/oxygen-freejumping-copy-copy-copy-copy\/#primaryimage"},"image":{"@id":"https:\/\/airparx.com\/de\/installations\/oxygen-freejumping-copy-copy-copy-copy\/#primaryimage"},"thumbnailUrl":"https:\/\/airparx.com\/wp-content\/uploads\/2024\/09\/22.jpg","datePublished":"2024-09-09T13:18:04+00:00","dateModified":"2026-02-25T14:51:06+00:00","description":"Im April 2024 wurde Airparx von Jump In Camberley gebeten, einen Trampolinpark zu entwerfen, der unsere neuesten Attraktionen f\u00fcr aufblasbare Parks beinhaltet.","breadcrumb":{"@id":"https:\/\/airparx.com\/de\/installations\/oxygen-freejumping-copy-copy-copy-copy\/#breadcrumb"},"inLanguage":"de","potentialAction":[{"@type":"ReadAction","target":["https:\/\/airparx.com\/de\/installations\/oxygen-freejumping-copy-copy-copy-copy\/"]}]},{"@type":"ImageObject","inLanguage":"de","@id":"https:\/\/airparx.com\/de\/installations\/oxygen-freejumping-copy-copy-copy-copy\/#primaryimage","url":"https:\/\/airparx.com\/wp-content\/uploads\/2024\/09\/22.jpg","contentUrl":"https:\/\/airparx.com\/wp-content\/uploads\/2024\/09\/22.jpg","width":1366,"height":768,"caption":"Jump In by Air Hop - Camberley"},{"@type":"BreadcrumbList","@id":"https:\/\/airparx.com\/de\/installations\/oxygen-freejumping-copy-copy-copy-copy\/#breadcrumb","itemListElement":[{"@type":"ListItem","position":1,"name":"Home","item":"https:\/\/airparx.com\/de\/"},{"@type":"ListItem","position":2,"name":"Springen Sie rein &#8211; Camberley"}]},{"@type":"WebSite","@id":"https:\/\/airparx.com\/de\/#website","url":"https:\/\/airparx.com\/de\/","name":"Airparx","description":"Inflatable &amp; Trampoline Park Supplier","publisher":{"@id":"https:\/\/airparx.com\/de\/#organization"},"potentialAction":[{"@type":"SearchAction","target":{"@type":"EntryPoint","urlTemplate":"https:\/\/airparx.com\/de\/?s={search_term_string}"},"query-input":{"@type":"PropertyValueSpecification","valueRequired":true,"valueName":"search_term_string"}}],"inLanguage":"de"},{"@type":"Organization","@id":"https:\/\/airparx.com\/de\/#organization","name":"Airparx","url":"https:\/\/airparx.com\/de\/","logo":{"@type":"ImageObject","inLanguage":"de","@id":"https:\/\/airparx.com\/de\/#\/schema\/logo\/image\/","url":"https:\/\/airparx.com\/wp-content\/uploads\/2022\/06\/Airparx_Logo.png","contentUrl":"https:\/\/airparx.com\/wp-content\/uploads\/2022\/06\/Airparx_Logo.png","width":1127,"height":461,"caption":"Airparx"},"image":{"@id":"https:\/\/airparx.com\/de\/#\/schema\/logo\/image\/"},"sameAs":["https:\/\/www.facebook.com\/Airparx\/","https:\/\/www.instagram.com\/airparx\/","https:\/\/www.youtube.com\/playlist?list=PL2LZnxdxb4eX2paMpuL0QxEvopAtGzyqY","https:\/\/www.linkedin.com\/company\/airparx\/"]}]}},"_links":{"self":[{"href":"https:\/\/airparx.com\/de\/wp-json\/wp\/v2\/product\/9513","targetHints":{"allow":["GET"]}}],"collection":[{"href":"https:\/\/airparx.com\/de\/wp-json\/wp\/v2\/product"}],"about":[{"href":"https:\/\/airparx.com\/de\/wp-json\/wp\/v2\/types\/product"}],"wp:featuredmedia":[{"embeddable":true,"href":"https:\/\/airparx.com\/de\/wp-json\/wp\/v2\/media\/9460"}],"wp:attachment":[{"href":"https:\/\/airparx.com\/de\/wp-json\/wp\/v2\/media?parent=9513"}],"wp:term":[{"taxonomy":"product_brand","embeddable":true,"href":"https:\/\/airparx.com\/de\/wp-json\/wp\/v2\/product_brand?post=9513"},{"taxonomy":"product_cat","embeddable":true,"href":"https:\/\/airparx.com\/de\/wp-json\/wp\/v2\/product_cat?post=9513"},{"taxonomy":"product_tag","embeddable":true,"href":"https:\/\/airparx.com\/de\/wp-json\/wp\/v2\/product_tag?post=9513"}],"curies":[{"name":"wp","href":"https:\/\/api.w.org\/{rel}","templated":true}]}}