{"id":4527,"date":"2022-06-15T11:40:45","date_gmt":"2022-06-15T10:40:45","guid":{"rendered":"https:\/\/airparx.com\/instalaciones-destacadas\/"},"modified":"2024-09-13T11:00:42","modified_gmt":"2024-09-13T10:00:42","slug":"instalaciones-destacadas","status":"publish","type":"page","link":"https:\/\/airparx.com\/es\/instalaciones-destacadas\/","title":{"rendered":"Instalaciones destacadas"},"content":{"rendered":"<div class=\"wp-core-heading\">\n<h2 class=\"wp-block-heading\">Explora las instalaciones destacadas de Airparx<\/h2>\n<\/div>\n\n<div class=\"wp-core-paragraph\">\n<p>Profundiza en una serie de instalaciones destacadas de Airparx a lo largo de los a\u00f1os, desde parques hinchables y parques de camas el\u00e1sticas hasta zonas de juegos blandos y carreras de obst\u00e1culos ninja de todo el mundo.\nSi buscas ofertas de productos individuales o una instalaci\u00f3n completa de ocio familiar, sobre todo por primera vez, \u00e9sta es tu secci\u00f3n.\nSigue leyendo para saber m\u00e1s sobre los tipos de clientes y los informes t\u00edpicos con los que trabajamos, algunos retos clave, nuestros procesos y, por supuesto, los resultados con testimonios de los principales interesados.  <\/p>\n<\/div>\n\n<\/div><\/div><\/section><\/div><div id=''><\/div>\t<section class=\"bg-dark py-2 py-m-3 py-l-4\">\n\t\t<div class=\"wrap\">\n\t\t\t<article>\n\t\t\t\t<div class=\"row valign\">\n\t\t\t\t\t<div class=\"col-12 col-m-6\">\n\t\t\t\t\t\t<div class=\"animation fadein fromleft\" data-onscreen=\"false\">\n\t\t\t\t\t\t\t\t\t\t\t\t\t\t\t<figure class=\"block show-m\">\n\t\t\t\t\t\t\t\t\t<img data-src=\"https:\/\/airparx.com\/wp-content\/uploads\/2024\/08\/Untitled-design.jpg\" \/>\n\t\t\t\t\t\t\t\t<\/figure>\n\t\t\t\t\t\t\t\t\t\t\t\t\t<\/div>\n\t\t\t\t\t<\/div>\n\t\t\t\t\t<div class=\"col-12 col-m-6 mt-2 mt-m-0\">\n\t\t\t\t\t\t<div class=\"animation fadein fromright\" data-onscreen=\"false\">\n\t\t\t\t\t\t\t\t\t\t\t\t\t\t\t<h2>HUPALUPA &#8211; Parque modular m\u00f3vil al aire libre en Turqu\u00eda<\/h2>\n<p>Desde 2021, Airparx trabaja con HUPALUPA para proporcionar una soluci\u00f3n modular de miniparque a\u00e9reo para su Festival HUPALUPA GO, una versi\u00f3n m\u00f3vil de su oferta actual.<\/p>\n<p>Este concepto de dise\u00f1o e instalaci\u00f3n m\u00f3viles fue revolucionario, y se hizo tan popular para HUPALUPA, que Airparx cre\u00f3 una 2\u00aa unidad para satisfacer las demandas de una oferta fant\u00e1stica.<\/p>\n<p><a class=\"button red\" href=\"https:\/\/airparx.com\/es\/instalaciones-destacadas\/instalacion-de-airparx-hupalupa\/\">Ver instalaci\u00f3n destacada<\/a><\/p>\n\t\t\t\t\t\t\t\t\t\t\t\t\t\t\t\t<figure class=\"block hide-m\">\n\t\t\t\t\t\t\t\t\t<img data-src=\"https:\/\/airparx.com\/wp-content\/uploads\/2024\/08\/Untitled-design.jpg\" \/>\n\t\t\t\t\t\t\t\t<\/figure>\n\t\t\t\t\t\t\t\t\t\t\t\t\t<\/div>\n\t\t\t\t\t<\/div>\n\t\t\t\t<\/div>\n\t\t\t<\/article>\n\t\t<\/div>\n\t<\/section>\n\n\t<section class=\"my-2 my-m-3 my-l-4\"><div class=\"wrap\"><div class=\"row\"><div class=\"col-12\">\n\n<\/div><\/div><\/section><\/div><div id=''><\/div>\t<section class=\"my-2 my-m-3 my-l-4\">\n\t\t<div class=\"wrap\">\n\t\t\t<article>\n\t\t\t\t<div class=\"row valign\">\n\t\t\t\t\t<div class=\"col-12 col-m-6\">\n\t\t\t\t\t\t<div class=\"animation fadein fromleft\" data-onscreen=\"false\">\n\t\t\t\t\t\t\t\t\t\t\t\t\t\t\t<h2>Vertigo Fun Park &#8211; Enorme parque hinchable en EE.UU.<\/h2>\n<p>En 2024, tras dos a\u00f1os de preparaci\u00f3n, abri\u00f3 sus puertas Vertigo Fun Park, un parque hinchable de 895 m2 en Georgia (EE.UU.).<\/p>\n<p>Inicialmente se hab\u00eda planeado como una peque\u00f1a reforma para a\u00f1adir un hinchable a su centro de juegos blandos, pero tras muchas deliberaciones, las instrucciones cambiaron hacia un parque hinchable a gran escala para crear algo realmente especial.<\/p>\n<p><a class=\"button red\" href=\"https:\/\/airparx.com\/es\/instalaciones-destacadas\/instalacion-airparx-vertigo-fun-park\/\">Ver instalaci\u00f3n destacada<\/a><\/p>\n\t\t\t\t\t\t\t\t\t\t\t\t\t<\/div>\n\t\t\t\t\t<\/div>\n\t\t\t\t\t<div class=\"col-12 col-m-6 mt-2 mt-m-0\">\n\t\t\t\t\t\t<div class=\"animation fadein fromright\" data-onscreen=\"false\">\n\t\t\t\t\t\t\t\t\t\t\t\t\t\t\t<figure class=\"block\">\n\t\t\t\t\t\t\t\t\t<img data-src=\"https:\/\/airparx.com\/wp-content\/uploads\/2024\/08\/Untitled-design-3.png\" \/>\n\t\t\t\t\t\t\t\t<\/figure>\n\t\t\t\t\t\t\t\t\t\t\t\t\t<\/div>\n\t\t\t\t\t<\/div>\n\t\t\t\t<\/div>\n\t\t\t<\/article>\n\t\t<\/div>\n\t<\/section>\n\n\t<section class=\"my-2 my-m-3 my-l-4\"><div class=\"wrap\"><div class=\"row\"><div class=\"col-12\">\n\n<\/div><\/div><\/section><\/div><div id=''><\/div>\t<section class=\"bg-dark py-2 py-m-3 py-l-4\">\n\t\t<div class=\"wrap\">\n\t\t\t<article>\n\t\t\t\t<div class=\"row\">\n\t\t\t\t\t<div class=\"col-12 col-m-6\">\n\t\t\t\t\t\t<div class=\"animation fadein fromleft\" data-onscreen=\"false\">\n\t\t\t\t\t\t\t\t\t\t\t\t\t\t\t<figure class=\"block show-m\">\n\t\t\t\t\t\t\t\t\t<img data-src=\"https:\/\/airparx.com\/wp-content\/uploads\/2024\/09\/17.jpg\" \/>\n\t\t\t\t\t\t\t\t<\/figure>\n\t\t\t\t\t\t\t\t\t\t\t\t\t<\/div>\n\t\t\t\t\t<\/div>\n\t\t\t\t\t<div class=\"col-12 col-m-6 mt-2 mt-m-0\">\n\t\t\t\t\t\t<div class=\"animation fadein fromright\" data-onscreen=\"false\">\n\t\t\t\t\t\t\t\t\t\t\t\t\t\t\t<h2 class=\"wp-block-heading\">Play World &#8211; Zona de juegos blandos para el Centro de Ocio de Bracknell<\/h2>\n<p>En el a\u00f1o 2021, la sucursal del centro de ocio Bracknell de Everyone Active identific\u00f3 la necesidad de renovar por completo su oferta de juegos infantiles, ya que su actual emplazamiento estaba anticuado e inclu\u00eda un cambio total de marca.<br \/>\nSe encarg\u00f3 a Airparx el dise\u00f1o, la fabricaci\u00f3n y la instalaci\u00f3n de una estructura de juego nueva y mejorada, con juegos interactivos y una zona para ni\u00f1os peque\u00f1os que atrajera a m\u00faltiples grupos de edad.<\/p>\n<p><a class=\"button red\" href=\"https:\/\/airparx.com\/es\/instalaciones-destacadas\/instalacion-de-airparx-todos-activos\/\">Ver instalaci\u00f3n destacada<\/a><\/p>\n\t\t\t\t\t\t\t\t\t\t\t\t\t\t\t\t<figure class=\"block hide-m\">\n\t\t\t\t\t\t\t\t\t<img data-src=\"https:\/\/airparx.com\/wp-content\/uploads\/2024\/09\/17.jpg\" \/>\n\t\t\t\t\t\t\t\t<\/figure>\n\t\t\t\t\t\t\t\t\t\t\t\t\t<\/div>\n\t\t\t\t\t<\/div>\n\t\t\t\t<\/div>\n\t\t\t<\/article>\n\t\t<\/div>\n\t<\/section>\n\n\t<section class=\"my-2 my-m-3 my-l-4\"><div class=\"wrap\"><div class=\"row\"><div class=\"col-12\">","protected":false},"excerpt":{"rendered":"<p>Explora las instalaciones destacadas de Airparx Profundiza en una serie de instalaciones destacadas de Airparx a lo largo de los a\u00f1os, desde parques hinchables y parques de camas el\u00e1sticas hasta zonas de juegos blandos y carreras de obst\u00e1culos ninja de todo el mundo. Si buscas ofertas de productos individuales o una instalaci\u00f3n completa de ocio [&hellip;]<\/p>\n","protected":false},"author":1,"featured_media":3905,"parent":0,"menu_order":0,"comment_status":"closed","ping_status":"closed","template":"","meta":{"_acf_changed":false,"footnotes":""},"class_list":["post-4527","page","type-page","status-publish","has-post-thumbnail","hentry"],"acf":[],"yoast_head":"<!-- This site is optimized with the Yoast SEO Premium plugin v26.7 (Yoast SEO v27.3) - https:\/\/yoast.com\/product\/yoast-seo-premium-wordpress\/ -->\n<title>Instalaciones destacadas - Airparx<\/title>\n<meta name=\"robots\" content=\"index, follow, max-snippet:-1, max-image-preview:large, max-video-preview:-1\" \/>\n<link rel=\"canonical\" href=\"https:\/\/airparx.com\/es\/instalaciones-destacadas\/\" \/>\n<meta property=\"og:locale\" content=\"es_ES\" \/>\n<meta property=\"og:type\" content=\"article\" \/>\n<meta property=\"og:title\" content=\"Instalaciones destacadas\" \/>\n<meta property=\"og:description\" content=\"Explora las instalaciones destacadas de Airparx Profundiza en una serie de instalaciones destacadas de Airparx a lo largo de los a\u00f1os, desde parques hinchables y parques de camas el\u00e1sticas hasta zonas de juegos blandos y carreras de obst\u00e1culos ninja de todo el mundo. Si buscas ofertas de productos individuales o una instalaci\u00f3n completa de ocio [&hellip;]\" \/>\n<meta property=\"og:url\" content=\"https:\/\/airparx.com\/es\/instalaciones-destacadas\/\" \/>\n<meta property=\"og:site_name\" content=\"Airparx\" \/>\n<meta property=\"article:publisher\" content=\"https:\/\/www.facebook.com\/Airparx\/\" \/>\n<meta property=\"article:modified_time\" content=\"2024-09-13T10:00:42+00:00\" \/>\n<meta property=\"og:image\" content=\"https:\/\/airparx.com\/wp-content\/uploads\/2022\/06\/IMG_1973-scaled.jpeg\" \/>\n\t<meta property=\"og:image:width\" content=\"2560\" \/>\n\t<meta property=\"og:image:height\" content=\"1920\" \/>\n\t<meta property=\"og:image:type\" content=\"image\/jpeg\" \/>\n<meta name=\"twitter:card\" content=\"summary_large_image\" \/>\n<meta name=\"twitter:label1\" content=\"Tiempo de lectura\" \/>\n\t<meta name=\"twitter:data1\" content=\"1 minuto\" \/>\n<script type=\"application\/ld+json\" class=\"yoast-schema-graph\">{\"@context\":\"https:\\\/\\\/schema.org\",\"@graph\":[{\"@type\":\"WebPage\",\"@id\":\"https:\\\/\\\/airparx.com\\\/es\\\/instalaciones-destacadas\\\/\",\"url\":\"https:\\\/\\\/airparx.com\\\/es\\\/instalaciones-destacadas\\\/\",\"name\":\"Instalaciones destacadas - Airparx\",\"isPartOf\":{\"@id\":\"https:\\\/\\\/airparx.com\\\/es\\\/#website\"},\"primaryImageOfPage\":{\"@id\":\"https:\\\/\\\/airparx.com\\\/es\\\/instalaciones-destacadas\\\/#primaryimage\"},\"image\":{\"@id\":\"https:\\\/\\\/airparx.com\\\/es\\\/instalaciones-destacadas\\\/#primaryimage\"},\"thumbnailUrl\":\"https:\\\/\\\/airparx.com\\\/wp-content\\\/uploads\\\/2022\\\/06\\\/IMG_1973-scaled.jpeg\",\"datePublished\":\"2022-06-15T10:40:45+00:00\",\"dateModified\":\"2024-09-13T10:00:42+00:00\",\"breadcrumb\":{\"@id\":\"https:\\\/\\\/airparx.com\\\/es\\\/instalaciones-destacadas\\\/#breadcrumb\"},\"inLanguage\":\"es\",\"potentialAction\":[{\"@type\":\"ReadAction\",\"target\":[\"https:\\\/\\\/airparx.com\\\/es\\\/instalaciones-destacadas\\\/\"]}]},{\"@type\":\"ImageObject\",\"inLanguage\":\"es\",\"@id\":\"https:\\\/\\\/airparx.com\\\/es\\\/instalaciones-destacadas\\\/#primaryimage\",\"url\":\"https:\\\/\\\/airparx.com\\\/wp-content\\\/uploads\\\/2022\\\/06\\\/IMG_1973-scaled.jpeg\",\"contentUrl\":\"https:\\\/\\\/airparx.com\\\/wp-content\\\/uploads\\\/2022\\\/06\\\/IMG_1973-scaled.jpeg\",\"width\":2560,\"height\":1920,\"caption\":\"trampoline park and inflatable park\"},{\"@type\":\"BreadcrumbList\",\"@id\":\"https:\\\/\\\/airparx.com\\\/es\\\/instalaciones-destacadas\\\/#breadcrumb\",\"itemListElement\":[{\"@type\":\"ListItem\",\"position\":1,\"name\":\"Home\",\"item\":\"https:\\\/\\\/airparx.com\\\/es\\\/\"},{\"@type\":\"ListItem\",\"position\":2,\"name\":\"Instalaciones destacadas\"}]},{\"@type\":\"WebSite\",\"@id\":\"https:\\\/\\\/airparx.com\\\/es\\\/#website\",\"url\":\"https:\\\/\\\/airparx.com\\\/es\\\/\",\"name\":\"Airparx\",\"description\":\"Inflatable &amp; Trampoline Park Supplier\",\"publisher\":{\"@id\":\"https:\\\/\\\/airparx.com\\\/es\\\/#organization\"},\"potentialAction\":[{\"@type\":\"SearchAction\",\"target\":{\"@type\":\"EntryPoint\",\"urlTemplate\":\"https:\\\/\\\/airparx.com\\\/es\\\/?s={search_term_string}\"},\"query-input\":{\"@type\":\"PropertyValueSpecification\",\"valueRequired\":true,\"valueName\":\"search_term_string\"}}],\"inLanguage\":\"es\"},{\"@type\":\"Organization\",\"@id\":\"https:\\\/\\\/airparx.com\\\/es\\\/#organization\",\"name\":\"Airparx\",\"url\":\"https:\\\/\\\/airparx.com\\\/es\\\/\",\"logo\":{\"@type\":\"ImageObject\",\"inLanguage\":\"es\",\"@id\":\"https:\\\/\\\/airparx.com\\\/es\\\/#\\\/schema\\\/logo\\\/image\\\/\",\"url\":\"https:\\\/\\\/airparx.com\\\/wp-content\\\/uploads\\\/2022\\\/06\\\/Airparx_Logo.png\",\"contentUrl\":\"https:\\\/\\\/airparx.com\\\/wp-content\\\/uploads\\\/2022\\\/06\\\/Airparx_Logo.png\",\"width\":1127,\"height\":461,\"caption\":\"Airparx\"},\"image\":{\"@id\":\"https:\\\/\\\/airparx.com\\\/es\\\/#\\\/schema\\\/logo\\\/image\\\/\"},\"sameAs\":[\"https:\\\/\\\/www.facebook.com\\\/Airparx\\\/\",\"https:\\\/\\\/www.instagram.com\\\/airparx\\\/\",\"https:\\\/\\\/www.youtube.com\\\/playlist?list=PL2LZnxdxb4eX2paMpuL0QxEvopAtGzyqY\",\"https:\\\/\\\/www.linkedin.com\\\/company\\\/airparx\\\/\"]}]}<\/script>\n<!-- \/ Yoast SEO Premium plugin. -->","yoast_head_json":{"title":"Instalaciones destacadas - Airparx","robots":{"index":"index","follow":"follow","max-snippet":"max-snippet:-1","max-image-preview":"max-image-preview:large","max-video-preview":"max-video-preview:-1"},"canonical":"https:\/\/airparx.com\/es\/instalaciones-destacadas\/","og_locale":"es_ES","og_type":"article","og_title":"Instalaciones destacadas","og_description":"Explora las instalaciones destacadas de Airparx Profundiza en una serie de instalaciones destacadas de Airparx a lo largo de los a\u00f1os, desde parques hinchables y parques de camas el\u00e1sticas hasta zonas de juegos blandos y carreras de obst\u00e1culos ninja de todo el mundo. Si buscas ofertas de productos individuales o una instalaci\u00f3n completa de ocio [&hellip;]","og_url":"https:\/\/airparx.com\/es\/instalaciones-destacadas\/","og_site_name":"Airparx","article_publisher":"https:\/\/www.facebook.com\/Airparx\/","article_modified_time":"2024-09-13T10:00:42+00:00","og_image":[{"width":2560,"height":1920,"url":"https:\/\/airparx.com\/wp-content\/uploads\/2022\/06\/IMG_1973-scaled.jpeg","type":"image\/jpeg"}],"twitter_card":"summary_large_image","twitter_misc":{"Tiempo de lectura":"1 minuto"},"schema":{"@context":"https:\/\/schema.org","@graph":[{"@type":"WebPage","@id":"https:\/\/airparx.com\/es\/instalaciones-destacadas\/","url":"https:\/\/airparx.com\/es\/instalaciones-destacadas\/","name":"Instalaciones destacadas - Airparx","isPartOf":{"@id":"https:\/\/airparx.com\/es\/#website"},"primaryImageOfPage":{"@id":"https:\/\/airparx.com\/es\/instalaciones-destacadas\/#primaryimage"},"image":{"@id":"https:\/\/airparx.com\/es\/instalaciones-destacadas\/#primaryimage"},"thumbnailUrl":"https:\/\/airparx.com\/wp-content\/uploads\/2022\/06\/IMG_1973-scaled.jpeg","datePublished":"2022-06-15T10:40:45+00:00","dateModified":"2024-09-13T10:00:42+00:00","breadcrumb":{"@id":"https:\/\/airparx.com\/es\/instalaciones-destacadas\/#breadcrumb"},"inLanguage":"es","potentialAction":[{"@type":"ReadAction","target":["https:\/\/airparx.com\/es\/instalaciones-destacadas\/"]}]},{"@type":"ImageObject","inLanguage":"es","@id":"https:\/\/airparx.com\/es\/instalaciones-destacadas\/#primaryimage","url":"https:\/\/airparx.com\/wp-content\/uploads\/2022\/06\/IMG_1973-scaled.jpeg","contentUrl":"https:\/\/airparx.com\/wp-content\/uploads\/2022\/06\/IMG_1973-scaled.jpeg","width":2560,"height":1920,"caption":"trampoline park and inflatable park"},{"@type":"BreadcrumbList","@id":"https:\/\/airparx.com\/es\/instalaciones-destacadas\/#breadcrumb","itemListElement":[{"@type":"ListItem","position":1,"name":"Home","item":"https:\/\/airparx.com\/es\/"},{"@type":"ListItem","position":2,"name":"Instalaciones destacadas"}]},{"@type":"WebSite","@id":"https:\/\/airparx.com\/es\/#website","url":"https:\/\/airparx.com\/es\/","name":"Airparx","description":"Inflatable &amp; Trampoline Park Supplier","publisher":{"@id":"https:\/\/airparx.com\/es\/#organization"},"potentialAction":[{"@type":"SearchAction","target":{"@type":"EntryPoint","urlTemplate":"https:\/\/airparx.com\/es\/?s={search_term_string}"},"query-input":{"@type":"PropertyValueSpecification","valueRequired":true,"valueName":"search_term_string"}}],"inLanguage":"es"},{"@type":"Organization","@id":"https:\/\/airparx.com\/es\/#organization","name":"Airparx","url":"https:\/\/airparx.com\/es\/","logo":{"@type":"ImageObject","inLanguage":"es","@id":"https:\/\/airparx.com\/es\/#\/schema\/logo\/image\/","url":"https:\/\/airparx.com\/wp-content\/uploads\/2022\/06\/Airparx_Logo.png","contentUrl":"https:\/\/airparx.com\/wp-content\/uploads\/2022\/06\/Airparx_Logo.png","width":1127,"height":461,"caption":"Airparx"},"image":{"@id":"https:\/\/airparx.com\/es\/#\/schema\/logo\/image\/"},"sameAs":["https:\/\/www.facebook.com\/Airparx\/","https:\/\/www.instagram.com\/airparx\/","https:\/\/www.youtube.com\/playlist?list=PL2LZnxdxb4eX2paMpuL0QxEvopAtGzyqY","https:\/\/www.linkedin.com\/company\/airparx\/"]}]}},"_links":{"self":[{"href":"https:\/\/airparx.com\/es\/wp-json\/wp\/v2\/pages\/4527","targetHints":{"allow":["GET"]}}],"collection":[{"href":"https:\/\/airparx.com\/es\/wp-json\/wp\/v2\/pages"}],"about":[{"href":"https:\/\/airparx.com\/es\/wp-json\/wp\/v2\/types\/page"}],"author":[{"embeddable":true,"href":"https:\/\/airparx.com\/es\/wp-json\/wp\/v2\/users\/1"}],"replies":[{"embeddable":true,"href":"https:\/\/airparx.com\/es\/wp-json\/wp\/v2\/comments?post=4527"}],"version-history":[{"count":7,"href":"https:\/\/airparx.com\/es\/wp-json\/wp\/v2\/pages\/4527\/revisions"}],"predecessor-version":[{"id":9829,"href":"https:\/\/airparx.com\/es\/wp-json\/wp\/v2\/pages\/4527\/revisions\/9829"}],"wp:featuredmedia":[{"embeddable":true,"href":"https:\/\/airparx.com\/es\/wp-json\/wp\/v2\/media\/3905"}],"wp:attachment":[{"href":"https:\/\/airparx.com\/es\/wp-json\/wp\/v2\/media?parent=4527"}],"curies":[{"name":"wp","href":"https:\/\/api.w.org\/{rel}","templated":true}]}}