{"id":9688,"date":"2024-08-28T08:38:30","date_gmt":"2024-08-28T07:38:30","guid":{"rendered":"https:\/\/airparx.com\/asociaciones\/"},"modified":"2024-10-09T11:40:42","modified_gmt":"2024-10-09T10:40:42","slug":"asociaciones","status":"publish","type":"page","link":"https:\/\/airparx.com\/es\/asociaciones\/","title":{"rendered":"Asociaciones"},"content":{"rendered":"\n<div class=\"wp-block-columns is-layout-flex wp-container-core-columns-is-layout-9d6595d7 wp-block-columns-is-layout-flex\">\n<div class=\"wp-block-column is-layout-flow wp-block-column-is-layout-flow\"><div class=\"wp-core-heading\">\n<h2 class=\"wp-block-heading\"><strong>Asociaciones Airparx<\/strong><\/h2>\n<\/div>\n\n<div class=\"wp-core-paragraph\">\n<p>En Airparx estamos orgullosos de asociarnos con l\u00edderes del sector de primer nivel, lo que significa que los Centros de Entretenimiento Familiar tienen acceso a la \u00faltima tecnolog\u00eda de vanguardia, formaci\u00f3n de alta calidad y soluciones innovadoras de entretenimiento activo.<\/p>\n<\/div>\n\n<div class=\"wp-core-paragraph\">\n<p>Como valioso cliente de Airparx, desbloquea un sinf\u00edn de posibilidades y descubre c\u00f3mo nuestras alianzas y colaboraciones pueden elevar tu negocio, deleitar a tus hu\u00e9spedes y darte esa ventaja competitiva.<\/p>\n<\/div><\/div>\n<\/div>\n<\/div><\/div><\/section><\/div><div id=''><\/div>\t<section class=\"bg-dark py-2 py-m-3 py-l-4\">\n\t\t<div class=\"wrap\">\n\t\t\t<article>\n\t\t\t\t<div class=\"row valign\">\n\t\t\t\t\t<div class=\"col-12 col-m-6\">\n\t\t\t\t\t\t<div class=\"animation fadein fromleft\" data-onscreen=\"false\">\n\t\t\t\t\t\t\t\t\t\t\t\t\t\t\t<h2>Kidztivity<\/h2>\n<p>Airparx se ha asociado con Kidztivity para ofrecer a los Centros de Ocio Familiar la Academia de Formaci\u00f3n Airparx. Kidztivity son especialistas en actividades infantiles que ofrecen formaci\u00f3n reconocida en el sector y programas innovadores, respaldados por 25 a\u00f1os de experiencia en el sector.<\/p>\n<p><a class=\"button red\" href=\"https:\/\/airparx.com\/es\/academia-de-formacion-airparx-impulsada-por-kidztivity\/\">M\u00e1s informaci\u00f3n sobre esta asociaci\u00f3n<\/a><\/p>\n\t\t\t\t\t\t\t\t\t\t\t\t\t<\/div>\n\t\t\t\t\t<\/div>\n\t\t\t\t\t<div class=\"col-12 col-m-6 mt-2 mt-m-0\">\n\t\t\t\t\t\t<div class=\"animation fadein fromright\" data-onscreen=\"false\">\n\t\t\t\t\t\t\t\t\t\t\t\t\t\t\t<figure class=\"block\">\n\t\t\t\t\t\t\t\t\t<img data-src=\"https:\/\/airparx.com\/wp-content\/uploads\/2024\/08\/Airparx-Website-Images-1-e1747305863615.png\" \/>\n\t\t\t\t\t\t\t\t<\/figure>\n\t\t\t\t\t\t\t\t\t\t\t\t\t<\/div>\n\t\t\t\t\t<\/div>\n\t\t\t\t<\/div>\n\t\t\t<\/article>\n\t\t<\/div>\n\t<\/section>\n\n\t<section class=\"my-2 my-m-3 my-l-4\"><div class=\"wrap\"><div class=\"row\"><div class=\"col-12\"><\/div><\/div><\/section><\/div><div id=''><\/div>\t<section class=\"my-2 my-m-3 my-l-4\">\n\t\t<div class=\"wrap\">\n\t\t\t<article>\n\t\t\t\t<div class=\"row\">\n\t\t\t\t\t<div class=\"col-12 col-m-6\">\n\t\t\t\t\t\t<div class=\"animation fadein fromleft\" data-onscreen=\"false\">\n\t\t\t\t\t\t\t\t\t\t\t\t\t\t\t<figure class=\"block show-m\">\n\t\t\t\t\t\t\t\t\t<img data-src=\"https:\/\/airparx.com\/wp-content\/uploads\/2024\/09\/Rugged-Interactive.png\" \/>\n\t\t\t\t\t\t\t\t<\/figure>\n\t\t\t\t\t\t\t\t\t\t\t\t\t<\/div>\n\t\t\t\t\t<\/div>\n\t\t\t\t\t<div class=\"col-12 col-m-6 mt-2 mt-m-0\">\n\t\t\t\t\t\t<div class=\"animation fadein fromright\" data-onscreen=\"false\">\n\t\t\t\t\t\t\t\t\t\t\t\t\t\t\t<h2><\/h2>\n<h2>Rugged Interactive<\/h2>\n<p>En colaboraci\u00f3n con Airparx, Rugged Interactive ofrece una variada gama de m\u00e1s de 15 productos dise\u00f1ados espec\u00edficamente para el mercado de los juegos blandos de interior, las camas el\u00e1sticas y los centros de ocio familiar. Estos productos proporcionan experiencias interactivas, permitiendo a los operadores, propietarios y franquiciados crear lugares atractivos y din\u00e1micos para que las visitas se repitan. M\u00e1s informaci\u00f3n sobre esta asociaci\u00f3n <a href=\"https:\/\/airparx.com\/es\/rugged-interactive\/\"><strong>AQU\u00cd<\/strong><\/a><\/p>\n<p><a class=\"button red\" href=\"https:\/\/airparx.com\/es\/rugged-interactive\/\">M\u00e1s informaci\u00f3n sobre esta asociaci\u00f3n<\/a><\/p>\n\t\t\t\t\t\t\t\t\t\t\t\t\t\t\t\t<figure class=\"block hide-m\">\n\t\t\t\t\t\t\t\t\t<img data-src=\"https:\/\/airparx.com\/wp-content\/uploads\/2024\/09\/Rugged-Interactive.png\" \/>\n\t\t\t\t\t\t\t\t<\/figure>\n\t\t\t\t\t\t\t\t\t\t\t\t\t<\/div>\n\t\t\t\t\t<\/div>\n\t\t\t\t<\/div>\n\t\t\t<\/article>\n\t\t<\/div>\n\t<\/section>\n\n\t<section class=\"my-2 my-m-3 my-l-4\"><div class=\"wrap\"><div class=\"row\"><div class=\"col-12\">\n<div class=\"wp-block-group\"><div class=\"wp-block-group__inner-container is-layout-flow wp-block-group-is-layout-flow\">\n<section class=\"my-2 my-m-3 mt-l-4\">\n<div class=\"wrap\">\n<div class=\"row\">\n<article>\n<div class=\"col-12 col-m-7\">\n<h4>\u00a1Ponte en contacto con nosotros hoy mismo!<\/h4>\n<p>\u00bfListo para dar el siguiente salto y llevar la emoci\u00f3n a tu local?\nNo dudes en ponerte en contacto con nosotros para obtener m\u00e1s informaci\u00f3n, conocer los precios o hablar de tus necesidades espec\u00edficas.\nNuestro equipo de Airparx est\u00e1 aqu\u00ed para ayudarte a hacer realidad tu visi\u00f3n.  <\/p>\n\n<div class=\"wpcf7 no-js\" id=\"wpcf7-f5549-o1\" lang=\"es-ES\" dir=\"ltr\" data-wpcf7-id=\"5549\">\n<div class=\"screen-reader-response\"><p role=\"status\" aria-live=\"polite\" aria-atomic=\"true\"><\/p> <ul><\/ul><\/div>\n<form action=\"\/es\/wp-json\/wp\/v2\/pages\/9688#wpcf7-f5549-o1\" method=\"post\" class=\"wpcf7-form init\" aria-label=\"Formulario de contacto\" novalidate=\"novalidate\" data-status=\"init\">\n<fieldset class=\"hidden-fields-container\"><input type=\"hidden\" name=\"_wpcf7\" value=\"5549\" \/><input type=\"hidden\" name=\"_wpcf7_version\" value=\"6.1.5\" \/><input type=\"hidden\" name=\"_wpcf7_locale\" value=\"es_ES\" \/><input type=\"hidden\" name=\"_wpcf7_unit_tag\" value=\"wpcf7-f5549-o1\" \/><input type=\"hidden\" name=\"_wpcf7_container_post\" value=\"0\" \/><input type=\"hidden\" name=\"_wpcf7_posted_data_hash\" value=\"\" \/><input type=\"hidden\" name=\"_wpcf7_recaptcha_response\" value=\"\" \/>\n<\/fieldset>\n<div class=\"row\">\n\t<div class=\"col-12 col-s-6\">\n\t\t<p><label for=\"Name\">Nombre<\/label><br \/>\n<span class=\"wpcf7-form-control-wrap\" data-name=\"FirstName\"><input size=\"40\" maxlength=\"400\" class=\"wpcf7-form-control wpcf7-text wpcf7-validates-as-required\" aria-required=\"true\" aria-invalid=\"false\" value=\"\" type=\"text\" name=\"FirstName\" \/><\/span>\n\t\t<\/p>\n\t<\/div>\n\t<div class=\"col-12 col-s-6\">\n\t\t<p><label for=\"Name\">Apellido*<\/label><br \/>\n<span class=\"wpcf7-form-control-wrap\" data-name=\"LastName\"><input size=\"40\" maxlength=\"400\" class=\"wpcf7-form-control wpcf7-text wpcf7-validates-as-required\" aria-required=\"true\" aria-invalid=\"false\" value=\"\" type=\"text\" name=\"LastName\" \/><\/span>\n\t\t<\/p>\n\t<\/div>\n\t<div class=\"col-12 col-s-6 mt-05 mt-s-0\">\n\t\t<p><label for=\"Email\">Direcci\u00f3n de correo electr\u00f3nico<\/label><br \/>\n<span class=\"wpcf7-form-control-wrap\" data-name=\"Email\"><input size=\"40\" maxlength=\"400\" class=\"wpcf7-form-control wpcf7-email wpcf7-validates-as-required wpcf7-text wpcf7-validates-as-email\" aria-required=\"true\" aria-invalid=\"false\" value=\"\" type=\"email\" name=\"Email\" \/><\/span>\n\t\t<\/p>\n\t<\/div>\n<\/div>\n<div class=\"row\">\n\t<div class=\"col-12 col-s-6 mt-05 mt-s-0\">\n\t\t<p><label for=\"Company\">Nombre de la empresa (opcional)<\/label><br \/>\n<span class=\"wpcf7-form-control-wrap\" data-name=\"Company\"><input size=\"40\" maxlength=\"400\" class=\"wpcf7-form-control wpcf7-text\" aria-invalid=\"false\" value=\"\" type=\"text\" name=\"Company\" \/><\/span>\n\t\t<\/p>\n\t<\/div>\n\t<div class=\"col-12 col-s-6\">\n\t\t<p><label for=\"Phone\">N\u00famero de tel\u00e9fono (opcional)<\/label><br \/>\n<span class=\"wpcf7-form-control-wrap\" data-name=\"Phone\"><input size=\"40\" maxlength=\"400\" class=\"wpcf7-form-control wpcf7-tel wpcf7-text wpcf7-validates-as-tel\" aria-invalid=\"false\" value=\"\" type=\"tel\" name=\"Phone\" \/><\/span>\n\t\t<\/p>\n\t<\/div>\n<\/div>\n<div class=\"row\">\n\t<div class=\"col-12 col-s-6\">\n\t\t<p><label for=\"Country\">Pa\u00eds (opcional)<\/label><br \/>\n<span class=\"wpcf7-form-control-wrap\" data-name=\"Country\"><input size=\"40\" maxlength=\"400\" class=\"wpcf7-form-control wpcf7-text\" aria-invalid=\"false\" value=\"\" type=\"text\" name=\"Country\" \/><\/span>\n\t\t<\/p>\n\t<\/div>\n<\/div>\n<p><label for=\"Message\">Mensaje<\/label><br \/>\n<span class=\"wpcf7-form-control-wrap\" data-name=\"Message\"><textarea cols=\"40\" rows=\"6\" maxlength=\"2000\" class=\"wpcf7-form-control wpcf7-textarea wpcf7-validates-as-required\" aria-required=\"true\" aria-invalid=\"false\" name=\"Message\"><\/textarea><\/span>\n<\/p>\n<p>Opta por el marketing para estar al d\u00eda de nuestros \u00faltimos productos, noticias y ofertas especiales<br \/>\n<span class=\"wpcf7-form-control-wrap\" data-name=\"newsletter\"><span class=\"wpcf7-form-control wpcf7-radio\"><span class=\"wpcf7-list-item first\"><label><input type=\"radio\" name=\"newsletter\" value=\"Yes\" \/><span class=\"wpcf7-list-item-label\">Yes<\/span><\/label><\/span><span class=\"wpcf7-list-item last\"><label><input type=\"radio\" name=\"newsletter\" value=\"No\" checked=\"checked\" \/><span class=\"wpcf7-list-item-label\">No<\/span><\/label><\/span><\/span><\/span>\n<\/p>\n<div id=\"refer-div\">\n<\/div>\n<p><input class=\"wpcf7-form-control wpcf7-submit has-spinner button\" type=\"submit\" value=\"Send\" \/>\n<\/p><div class=\"wpcf7-response-output\" aria-hidden=\"true\"><\/div>\n<\/form>\n<\/div>\n\n<\/div>\n<p><!--.col--><\/p>\n<div class=\"col-5 col-xl-4 pull-xl-1 show-m mt-4\">\n<div class=\"usp-list\">\n<ul>\n<li>L\u00edder del sector<\/li>\n<li>Soluci\u00f3n \u00abllave en mano<\/li>\n<li>Instalaciones en todo el mundo<\/li>\n<li>Fabricaci\u00f3n propia<\/li>\n<li>Liderando el Servicio al Cliente  <\/li>\n<\/ul>\n<\/div>\n<p><!--.usp-list--><\/p>\n<h5 class=\"mt-2\">O ll\u00e1manos al<\/h5>\n<p class=\"mt-05 text-cyan\"><strong> <i class=\"fa fa-phone mr-05\" aria-hidden=\"true\"><\/i>  +44(0) 1179 414918  <\/strong><\/p>\n<\/div>\n<p><!--.col--><\/p>\n<\/article>\n<\/div>\n<p><!--.row--><\/p>\n<\/div>\n<p><!--.wrap--><\/p>\n<\/section>\n<\/div><\/div>\n","protected":false},"excerpt":{"rendered":"<p>Asociaciones Airparx En Airparx estamos orgullosos de asociarnos con l\u00edderes del sector de primer nivel, lo que significa que los Centros de Entretenimiento Familiar tienen acceso a la \u00faltima tecnolog\u00eda de vanguardia, formaci\u00f3n de alta calidad y soluciones innovadoras de entretenimiento activo. Como valioso cliente de Airparx, desbloquea un sinf\u00edn de posibilidades y descubre c\u00f3mo [&hellip;]<\/p>\n","protected":false},"author":1,"featured_media":9354,"parent":0,"menu_order":0,"comment_status":"closed","ping_status":"closed","template":"","meta":{"_acf_changed":false,"footnotes":""},"class_list":["post-9688","page","type-page","status-publish","has-post-thumbnail","hentry"],"acf":[],"yoast_head":"<!-- This site is optimized with the Yoast SEO Premium plugin v26.7 (Yoast SEO v27.3) - https:\/\/yoast.com\/product\/yoast-seo-premium-wordpress\/ -->\n<title>Asociaciones - Airparx<\/title>\n<meta name=\"description\" content=\"En Airparx estamos orgullosos de asociarnos con l\u00edderes del sector de primer nivel que pueden elevar tu negocio y darte esa ventaja competitiva.\" \/>\n<meta name=\"robots\" content=\"index, follow, max-snippet:-1, max-image-preview:large, max-video-preview:-1\" \/>\n<link rel=\"canonical\" href=\"https:\/\/airparx.com\/es\/asociaciones\/\" \/>\n<meta property=\"og:locale\" content=\"es_ES\" \/>\n<meta property=\"og:type\" content=\"article\" \/>\n<meta property=\"og:title\" content=\"Asociaciones\" \/>\n<meta property=\"og:description\" content=\"En Airparx estamos orgullosos de asociarnos con l\u00edderes del sector de primer nivel que pueden elevar tu negocio y darte esa ventaja competitiva.\" \/>\n<meta property=\"og:url\" content=\"https:\/\/airparx.com\/es\/asociaciones\/\" \/>\n<meta property=\"og:site_name\" content=\"Airparx\" \/>\n<meta property=\"article:publisher\" content=\"https:\/\/www.facebook.com\/Airparx\/\" \/>\n<meta property=\"article:modified_time\" content=\"2024-10-09T10:40:42+00:00\" \/>\n<meta property=\"og:image\" content=\"https:\/\/airparx.com\/wp-content\/uploads\/2024\/08\/Airparx-Website-Images-1.png\" \/>\n\t<meta property=\"og:image:width\" content=\"1366\" \/>\n\t<meta property=\"og:image:height\" content=\"768\" \/>\n\t<meta property=\"og:image:type\" content=\"image\/png\" \/>\n<meta name=\"twitter:card\" content=\"summary_large_image\" \/>\n<meta name=\"twitter:label1\" content=\"Tiempo de lectura\" \/>\n\t<meta name=\"twitter:data1\" content=\"1 minuto\" \/>\n<script type=\"application\/ld+json\" class=\"yoast-schema-graph\">{\"@context\":\"https:\\\/\\\/schema.org\",\"@graph\":[{\"@type\":\"WebPage\",\"@id\":\"https:\\\/\\\/airparx.com\\\/es\\\/asociaciones\\\/\",\"url\":\"https:\\\/\\\/airparx.com\\\/es\\\/asociaciones\\\/\",\"name\":\"Asociaciones - Airparx\",\"isPartOf\":{\"@id\":\"https:\\\/\\\/airparx.com\\\/es\\\/#website\"},\"primaryImageOfPage\":{\"@id\":\"https:\\\/\\\/airparx.com\\\/es\\\/asociaciones\\\/#primaryimage\"},\"image\":{\"@id\":\"https:\\\/\\\/airparx.com\\\/es\\\/asociaciones\\\/#primaryimage\"},\"thumbnailUrl\":\"https:\\\/\\\/airparx.com\\\/wp-content\\\/uploads\\\/2024\\\/08\\\/Airparx-Website-Images-1-e1747305863615.png\",\"datePublished\":\"2024-08-28T07:38:30+00:00\",\"dateModified\":\"2024-10-09T10:40:42+00:00\",\"description\":\"En Airparx estamos orgullosos de asociarnos con l\u00edderes del sector de primer nivel que pueden elevar tu negocio y darte esa ventaja competitiva.\",\"breadcrumb\":{\"@id\":\"https:\\\/\\\/airparx.com\\\/es\\\/asociaciones\\\/#breadcrumb\"},\"inLanguage\":\"es\",\"potentialAction\":[{\"@type\":\"ReadAction\",\"target\":[\"https:\\\/\\\/airparx.com\\\/es\\\/asociaciones\\\/\"]}]},{\"@type\":\"ImageObject\",\"inLanguage\":\"es\",\"@id\":\"https:\\\/\\\/airparx.com\\\/es\\\/asociaciones\\\/#primaryimage\",\"url\":\"https:\\\/\\\/airparx.com\\\/wp-content\\\/uploads\\\/2024\\\/08\\\/Airparx-Website-Images-1-e1747305863615.png\",\"contentUrl\":\"https:\\\/\\\/airparx.com\\\/wp-content\\\/uploads\\\/2024\\\/08\\\/Airparx-Website-Images-1-e1747305863615.png\",\"width\":1366,\"height\":768,\"caption\":\"Airparx Training Academy - Kidztivity\"},{\"@type\":\"BreadcrumbList\",\"@id\":\"https:\\\/\\\/airparx.com\\\/es\\\/asociaciones\\\/#breadcrumb\",\"itemListElement\":[{\"@type\":\"ListItem\",\"position\":1,\"name\":\"Home\",\"item\":\"https:\\\/\\\/airparx.com\\\/es\\\/\"},{\"@type\":\"ListItem\",\"position\":2,\"name\":\"Asociaciones\"}]},{\"@type\":\"WebSite\",\"@id\":\"https:\\\/\\\/airparx.com\\\/es\\\/#website\",\"url\":\"https:\\\/\\\/airparx.com\\\/es\\\/\",\"name\":\"Airparx\",\"description\":\"Inflatable &amp; Trampoline Park Supplier\",\"publisher\":{\"@id\":\"https:\\\/\\\/airparx.com\\\/es\\\/#organization\"},\"potentialAction\":[{\"@type\":\"SearchAction\",\"target\":{\"@type\":\"EntryPoint\",\"urlTemplate\":\"https:\\\/\\\/airparx.com\\\/es\\\/?s={search_term_string}\"},\"query-input\":{\"@type\":\"PropertyValueSpecification\",\"valueRequired\":true,\"valueName\":\"search_term_string\"}}],\"inLanguage\":\"es\"},{\"@type\":\"Organization\",\"@id\":\"https:\\\/\\\/airparx.com\\\/es\\\/#organization\",\"name\":\"Airparx\",\"url\":\"https:\\\/\\\/airparx.com\\\/es\\\/\",\"logo\":{\"@type\":\"ImageObject\",\"inLanguage\":\"es\",\"@id\":\"https:\\\/\\\/airparx.com\\\/es\\\/#\\\/schema\\\/logo\\\/image\\\/\",\"url\":\"https:\\\/\\\/airparx.com\\\/wp-content\\\/uploads\\\/2022\\\/06\\\/Airparx_Logo.png\",\"contentUrl\":\"https:\\\/\\\/airparx.com\\\/wp-content\\\/uploads\\\/2022\\\/06\\\/Airparx_Logo.png\",\"width\":1127,\"height\":461,\"caption\":\"Airparx\"},\"image\":{\"@id\":\"https:\\\/\\\/airparx.com\\\/es\\\/#\\\/schema\\\/logo\\\/image\\\/\"},\"sameAs\":[\"https:\\\/\\\/www.facebook.com\\\/Airparx\\\/\",\"https:\\\/\\\/www.instagram.com\\\/airparx\\\/\",\"https:\\\/\\\/www.youtube.com\\\/playlist?list=PL2LZnxdxb4eX2paMpuL0QxEvopAtGzyqY\",\"https:\\\/\\\/www.linkedin.com\\\/company\\\/airparx\\\/\"]}]}<\/script>\n<!-- \/ Yoast SEO Premium plugin. -->","yoast_head_json":{"title":"Asociaciones - Airparx","description":"En Airparx estamos orgullosos de asociarnos con l\u00edderes del sector de primer nivel que pueden elevar tu negocio y darte esa ventaja competitiva.","robots":{"index":"index","follow":"follow","max-snippet":"max-snippet:-1","max-image-preview":"max-image-preview:large","max-video-preview":"max-video-preview:-1"},"canonical":"https:\/\/airparx.com\/es\/asociaciones\/","og_locale":"es_ES","og_type":"article","og_title":"Asociaciones","og_description":"En Airparx estamos orgullosos de asociarnos con l\u00edderes del sector de primer nivel que pueden elevar tu negocio y darte esa ventaja competitiva.","og_url":"https:\/\/airparx.com\/es\/asociaciones\/","og_site_name":"Airparx","article_publisher":"https:\/\/www.facebook.com\/Airparx\/","article_modified_time":"2024-10-09T10:40:42+00:00","og_image":[{"width":1366,"height":768,"url":"https:\/\/airparx.com\/wp-content\/uploads\/2024\/08\/Airparx-Website-Images-1.png","type":"image\/png"}],"twitter_card":"summary_large_image","twitter_misc":{"Tiempo de lectura":"1 minuto"},"schema":{"@context":"https:\/\/schema.org","@graph":[{"@type":"WebPage","@id":"https:\/\/airparx.com\/es\/asociaciones\/","url":"https:\/\/airparx.com\/es\/asociaciones\/","name":"Asociaciones - Airparx","isPartOf":{"@id":"https:\/\/airparx.com\/es\/#website"},"primaryImageOfPage":{"@id":"https:\/\/airparx.com\/es\/asociaciones\/#primaryimage"},"image":{"@id":"https:\/\/airparx.com\/es\/asociaciones\/#primaryimage"},"thumbnailUrl":"https:\/\/airparx.com\/wp-content\/uploads\/2024\/08\/Airparx-Website-Images-1-e1747305863615.png","datePublished":"2024-08-28T07:38:30+00:00","dateModified":"2024-10-09T10:40:42+00:00","description":"En Airparx estamos orgullosos de asociarnos con l\u00edderes del sector de primer nivel que pueden elevar tu negocio y darte esa ventaja competitiva.","breadcrumb":{"@id":"https:\/\/airparx.com\/es\/asociaciones\/#breadcrumb"},"inLanguage":"es","potentialAction":[{"@type":"ReadAction","target":["https:\/\/airparx.com\/es\/asociaciones\/"]}]},{"@type":"ImageObject","inLanguage":"es","@id":"https:\/\/airparx.com\/es\/asociaciones\/#primaryimage","url":"https:\/\/airparx.com\/wp-content\/uploads\/2024\/08\/Airparx-Website-Images-1-e1747305863615.png","contentUrl":"https:\/\/airparx.com\/wp-content\/uploads\/2024\/08\/Airparx-Website-Images-1-e1747305863615.png","width":1366,"height":768,"caption":"Airparx Training Academy - Kidztivity"},{"@type":"BreadcrumbList","@id":"https:\/\/airparx.com\/es\/asociaciones\/#breadcrumb","itemListElement":[{"@type":"ListItem","position":1,"name":"Home","item":"https:\/\/airparx.com\/es\/"},{"@type":"ListItem","position":2,"name":"Asociaciones"}]},{"@type":"WebSite","@id":"https:\/\/airparx.com\/es\/#website","url":"https:\/\/airparx.com\/es\/","name":"Airparx","description":"Inflatable &amp; Trampoline Park Supplier","publisher":{"@id":"https:\/\/airparx.com\/es\/#organization"},"potentialAction":[{"@type":"SearchAction","target":{"@type":"EntryPoint","urlTemplate":"https:\/\/airparx.com\/es\/?s={search_term_string}"},"query-input":{"@type":"PropertyValueSpecification","valueRequired":true,"valueName":"search_term_string"}}],"inLanguage":"es"},{"@type":"Organization","@id":"https:\/\/airparx.com\/es\/#organization","name":"Airparx","url":"https:\/\/airparx.com\/es\/","logo":{"@type":"ImageObject","inLanguage":"es","@id":"https:\/\/airparx.com\/es\/#\/schema\/logo\/image\/","url":"https:\/\/airparx.com\/wp-content\/uploads\/2022\/06\/Airparx_Logo.png","contentUrl":"https:\/\/airparx.com\/wp-content\/uploads\/2022\/06\/Airparx_Logo.png","width":1127,"height":461,"caption":"Airparx"},"image":{"@id":"https:\/\/airparx.com\/es\/#\/schema\/logo\/image\/"},"sameAs":["https:\/\/www.facebook.com\/Airparx\/","https:\/\/www.instagram.com\/airparx\/","https:\/\/www.youtube.com\/playlist?list=PL2LZnxdxb4eX2paMpuL0QxEvopAtGzyqY","https:\/\/www.linkedin.com\/company\/airparx\/"]}]}},"_links":{"self":[{"href":"https:\/\/airparx.com\/es\/wp-json\/wp\/v2\/pages\/9688","targetHints":{"allow":["GET"]}}],"collection":[{"href":"https:\/\/airparx.com\/es\/wp-json\/wp\/v2\/pages"}],"about":[{"href":"https:\/\/airparx.com\/es\/wp-json\/wp\/v2\/types\/page"}],"author":[{"embeddable":true,"href":"https:\/\/airparx.com\/es\/wp-json\/wp\/v2\/users\/1"}],"replies":[{"embeddable":true,"href":"https:\/\/airparx.com\/es\/wp-json\/wp\/v2\/comments?post=9688"}],"version-history":[{"count":3,"href":"https:\/\/airparx.com\/es\/wp-json\/wp\/v2\/pages\/9688\/revisions"}],"predecessor-version":[{"id":10053,"href":"https:\/\/airparx.com\/es\/wp-json\/wp\/v2\/pages\/9688\/revisions\/10053"}],"wp:featuredmedia":[{"embeddable":true,"href":"https:\/\/airparx.com\/es\/wp-json\/wp\/v2\/media\/9354"}],"wp:attachment":[{"href":"https:\/\/airparx.com\/es\/wp-json\/wp\/v2\/media?parent=9688"}],"curies":[{"name":"wp","href":"https:\/\/api.w.org\/{rel}","templated":true}]}}