{"id":9689,"date":"2024-08-14T14:25:59","date_gmt":"2024-08-14T13:25:59","guid":{"rendered":"https:\/\/airparx.com\/instalaciones-destacadas\/instalacion-airparx-vertigo-fun-park\/"},"modified":"2024-09-13T09:09:46","modified_gmt":"2024-09-13T08:09:46","slug":"instalacion-airparx-vertigo-fun-park","status":"publish","type":"page","link":"https:\/\/airparx.com\/es\/instalaciones-destacadas\/instalacion-airparx-vertigo-fun-park\/","title":{"rendered":"Instalaci\u00f3n Airparx &#8211; Vertigo Fun Park"},"content":{"rendered":"<div class=\"wp-core-heading\">\n<h2 class=\"wp-block-heading\">Un enorme parque hinchable en EE.UU.<\/h2>\n<\/div>\n\n<div class=\"wp-core-paragraph\">\n<p><em>\u00abDesde su apertura en mayo de 2024, nuestro Inflatapark de 12.000 metros cuadrados ha sido un \u00e9xito tremendo, y atribuimos gran parte de su \u00e9xito a la extraordinaria calidad de los productos de Airparx y a su impecable servicio.<\/em><\/p>\n<\/div>\n\n<div class=\"wp-core-paragraph\">\n<p><em>Desde la consulta inicial de ventas hasta las fases de dise\u00f1o e instalaci\u00f3n, Airparx demostr\u00f3 una profesionalidad y dedicaci\u00f3n sin parang\u00f3n.\nSu equipo estaba muy bien informado y era incre\u00edblemente complaciente, asegur\u00e1ndose de que nuestra visi\u00f3n de Vertigo Fun Park cobrara vida con precisi\u00f3n y creatividad. <\/em><\/p>\n<\/div>\n\n<div class=\"wp-core-paragraph\">\n<p><em>Todo el proceso fue fluido y agradable, y el equipo de Airparx nos proporcion\u00f3 un apoyo y una orientaci\u00f3n excelentes en todo momento.\nSu servicio posventa ha sido igualmente impresionante, lo que ha reforzado nuestra confianza en su compromiso con la satisfacci\u00f3n del cliente. <\/em>\u00bb &#8211; Jimmy Valiani, propietario de Vertigo Fun Park.<\/p>\n<\/div>\n\n<\/div><\/div><\/section><\/div><div id=''><\/div>\t<section class=\"bg-dark py-2 py-m-3 py-l-4\">\n\t\t<div class=\"wrap\">\n\t\t\t<article>\n\t\t\t\t<div class=\"row valign\">\n\t\t\t\t\t<div class=\"col-12 col-m-6\">\n\t\t\t\t\t\t<div class=\"animation fadein fromleft\" data-onscreen=\"false\">\n\t\t\t\t\t\t\t\t\t\t\t\t\t\t\t<h2>Resumen<\/h2>\n<p>  En 2022, un centro predominantemente de juegos blandos se puso en contacto con Airparx para a\u00f1adir un parque hinchable.<br \/>\nTras muchas consultas, las instrucciones se orientaron hacia un parque hinchable a gran escala.<br \/>\nVertigo Fun Park ten\u00eda que ser algo especial.<br \/>\nDeb\u00eda incorporar nuevas tecnolog\u00edas para satisfacer la demanda de centros de ocio familiar modernos e innovadores.<br \/>\nEste parque se inspir\u00f3 en Xtreme Craze California, que fue un gran \u00e9xito, otra de las instalaciones de Airparx.    <\/p>\n\t\t\t\t\t\t\t\t\t\t\t\t\t<\/div>\n\t\t\t\t\t<\/div>\n\t\t\t\t\t<div class=\"col-12 col-m-6 mt-2 mt-m-0\">\n\t\t\t\t\t\t<div class=\"animation fadein fromright\" data-onscreen=\"false\">\n\t\t\t\t\t\t\t\t\t\t\t\t\t\t\t<figure class=\"block\">\n\t\t\t\t\t\t\t\t\t<img data-src=\"https:\/\/airparx.com\/wp-content\/uploads\/2024\/08\/7.jpg\" \/>\n\t\t\t\t\t\t\t\t<\/figure>\n\t\t\t\t\t\t\t\t\t\t\t\t\t<\/div>\n\t\t\t\t\t<\/div>\n\t\t\t\t<\/div>\n\t\t\t<\/article>\n\t\t<\/div>\n\t<\/section>\n\n\t<section class=\"my-2 my-m-3 my-l-4\"><div class=\"wrap\"><div class=\"row\"><div class=\"col-12\">\n\n<\/div><\/div><\/section><\/div><div id=''><\/div>\t<section class=\"my-2 my-m-3 my-l-4\">\n\t\t<div class=\"wrap\">\n\t\t\t<article>\n\t\t\t\t<div class=\"row valign\">\n\t\t\t\t\t<div class=\"col-12 col-m-6\">\n\t\t\t\t\t\t<div class=\"animation fadein fromleft\" data-onscreen=\"false\">\n\t\t\t\t\t\t\t\t\t\t\t\t\t\t\t<figure class=\"block show-m\">\n\t\t\t\t\t\t\t\t\t<img data-src=\"https:\/\/airparx.com\/wp-content\/uploads\/2024\/08\/8.jpg\" \/>\n\t\t\t\t\t\t\t\t<\/figure>\n\t\t\t\t\t\t\t\t\t\t\t\t\t<\/div>\n\t\t\t\t\t<\/div>\n\t\t\t\t\t<div class=\"col-12 col-m-6 mt-2 mt-m-0\">\n\t\t\t\t\t\t<div class=\"animation fadein fromright\" data-onscreen=\"false\">\n\t\t\t\t\t\t\t\t\t\t\t\t\t\t\t<h2>El desaf\u00edo<\/h2>\n<p>  Este proyecto se enfrent\u00f3 a una serie de problemas de permisos de construcci\u00f3n e incluso a un cambio de ubicaci\u00f3n.<br \/>\nEl equipo de Airparx tuvo que adaptarse y asegurarse de que la log\u00edstica fuera la adecuada.<br \/>\nEl equipo de Airparx trabaj\u00f3 con el cliente para investigar nuevos e innovadores elementos interactivos adecuados para el mercado objetivo.<br \/>\nEstos elementos interactivos se eligieron y colocaron cuidadosamente por todo el parque para garantizar un uso \u00f3ptimo del espacio.   <\/p>\n\t\t\t\t\t\t\t\t\t\t\t\t\t\t\t\t<figure class=\"block hide-m\">\n\t\t\t\t\t\t\t\t\t<img data-src=\"https:\/\/airparx.com\/wp-content\/uploads\/2024\/08\/8.jpg\" \/>\n\t\t\t\t\t\t\t\t<\/figure>\n\t\t\t\t\t\t\t\t\t\t\t\t\t<\/div>\n\t\t\t\t\t<\/div>\n\t\t\t\t<\/div>\n\t\t\t<\/article>\n\t\t<\/div>\n\t<\/section>\n\n\t<section class=\"my-2 my-m-3 my-l-4\"><div class=\"wrap\"><div class=\"row\"><div class=\"col-12\">\n\n<\/div><\/div><\/section><\/div><div id=''><\/div>\t<section class=\"bg-dark py-2 py-m-3 py-l-4\">\n\t\t<div class=\"wrap\">\n\t\t\t<article>\n\t\t\t\t<div class=\"row valign\">\n\t\t\t\t\t<div class=\"col-12 col-m-6\">\n\t\t\t\t\t\t<div class=\"animation fadein fromleft\" data-onscreen=\"false\">\n\t\t\t\t\t\t\t\t\t\t\t\t\t\t\t<h2>El proceso<\/h2>\n<p>  El proceso fue m\u00e1s largo de lo habitual debido a las complicaciones del edificio, pero ambas partes perseveraron con el objetivo principal en mente.<br \/>\nGracias a la experiencia de Airparx con Xtreme Craze, se utilizaron valiosos conocimientos para ayudar a avanzar en este proyecto desde el dise\u00f1o y la fabricaci\u00f3n hasta la instalaci\u00f3n. <\/p>\n\t\t\t\t\t\t\t\t\t\t\t\t\t<\/div>\n\t\t\t\t\t<\/div>\n\t\t\t\t\t<div class=\"col-12 col-m-6 mt-2 mt-m-0\">\n\t\t\t\t\t\t<div class=\"animation fadein fromright\" data-onscreen=\"false\">\n\t\t\t\t\t\t\t\t\t\t\t\t\t\t\t<figure class=\"block\">\n\t\t\t\t\t\t\t\t\t<img data-src=\"https:\/\/airparx.com\/wp-content\/uploads\/2024\/08\/6.jpg\" \/>\n\t\t\t\t\t\t\t\t<\/figure>\n\t\t\t\t\t\t\t\t\t\t\t\t\t<\/div>\n\t\t\t\t\t<\/div>\n\t\t\t\t<\/div>\n\t\t\t<\/article>\n\t\t<\/div>\n\t<\/section>\n\n\t<section class=\"my-2 my-m-3 my-l-4\"><div class=\"wrap\"><div class=\"row\"><div class=\"col-12\">\n\n<\/div><\/div><\/section><\/div><div id=''><\/div>\t<section class=\"my-2 my-m-3 my-l-4\">\n\t\t<div class=\"wrap\">\n\t\t\t<article>\n\t\t\t\t<div class=\"row valign\">\n\t\t\t\t\t<div class=\"col-12 col-m-6\">\n\t\t\t\t\t\t<div class=\"animation fadein fromleft\" data-onscreen=\"false\">\n\t\t\t\t\t\t\t\t\t\t\t\t\t\t\t<figure class=\"block show-m\">\n\t\t\t\t\t\t\t\t\t<img data-src=\"https:\/\/airparx.com\/wp-content\/uploads\/2024\/08\/5.jpg\" \/>\n\t\t\t\t\t\t\t\t<\/figure>\n\t\t\t\t\t\t\t\t\t\t\t\t\t<\/div>\n\t\t\t\t\t<\/div>\n\t\t\t\t\t<div class=\"col-12 col-m-6 mt-2 mt-m-0\">\n\t\t\t\t\t\t<div class=\"animation fadein fromright\" data-onscreen=\"false\">\n\t\t\t\t\t\t\t\t\t\t\t\t\t\t\t<h2>El resultado<\/h2>\n<p>  En 2024, tras 2 a\u00f1os de preparaci\u00f3n, Vertigo Fun Park, el enorme parque hinchable cubierto de 895m2 abri\u00f3 sus puertas en Georgia, EE.UU., continuando el crecimiento de Airparx en el mercado estadounidense.<br \/>\nVertigo Fun Park cuenta ahora con atracciones de parque hinchable para todas las edades, junto con instalaciones interactivas de arcade y gellyball para buscadores de aventuras de distintos grados.<br \/>\nDescubre nuestras \u00faltimas instalaciones <a href=\"https:\/\/airparx.com\/es\/instalaciones\/\"><strong>AQU\u00cd<\/strong><\/a>.  <\/p>\n\t\t\t\t\t\t\t\t\t\t\t\t\t\t\t\t<figure class=\"block hide-m\">\n\t\t\t\t\t\t\t\t\t<img data-src=\"https:\/\/airparx.com\/wp-content\/uploads\/2024\/08\/5.jpg\" \/>\n\t\t\t\t\t\t\t\t<\/figure>\n\t\t\t\t\t\t\t\t\t\t\t\t\t<\/div>\n\t\t\t\t\t<\/div>\n\t\t\t\t<\/div>\n\t\t\t<\/article>\n\t\t<\/div>\n\t<\/section>\n\n\t<section class=\"my-2 my-m-3 my-l-4\"><div class=\"wrap\"><div class=\"row\"><div class=\"col-12\">\n\n\n<div class=\"wp-block-group\"><div class=\"wp-block-group__inner-container is-layout-flow wp-block-group-is-layout-flow\">\n<section class=\"my-2 my-m-3 mt-l-4\">\n<div class=\"wrap\">\n<div class=\"row\">\n<article>\n<div class=\"col-12 col-m-7\">\n<h4>\u00a1Ponte en contacto con nosotros hoy mismo!<\/h4>\n<p>\u00bfListo para dar el siguiente salto y llevar la emoci\u00f3n a tu local?\nNo dudes en ponerte en contacto con nosotros para obtener m\u00e1s informaci\u00f3n, conocer los precios o hablar de tus necesidades espec\u00edficas.\nNuestro equipo de Airparx est\u00e1 aqu\u00ed para ayudarte a hacer realidad tu visi\u00f3n.  <\/p>\n\n<div class=\"wpcf7 no-js\" id=\"wpcf7-f5549-o1\" lang=\"es-ES\" dir=\"ltr\" data-wpcf7-id=\"5549\">\n<div class=\"screen-reader-response\"><p role=\"status\" aria-live=\"polite\" aria-atomic=\"true\"><\/p> <ul><\/ul><\/div>\n<form action=\"\/es\/wp-json\/wp\/v2\/pages\/9689#wpcf7-f5549-o1\" method=\"post\" class=\"wpcf7-form init\" aria-label=\"Formulario de contacto\" novalidate=\"novalidate\" data-status=\"init\">\n<fieldset class=\"hidden-fields-container\"><input type=\"hidden\" name=\"_wpcf7\" value=\"5549\" \/><input type=\"hidden\" name=\"_wpcf7_version\" value=\"6.1.5\" \/><input type=\"hidden\" name=\"_wpcf7_locale\" value=\"es_ES\" \/><input type=\"hidden\" name=\"_wpcf7_unit_tag\" value=\"wpcf7-f5549-o1\" \/><input type=\"hidden\" name=\"_wpcf7_container_post\" value=\"0\" \/><input type=\"hidden\" name=\"_wpcf7_posted_data_hash\" value=\"\" \/><input type=\"hidden\" name=\"_wpcf7_recaptcha_response\" value=\"\" \/>\n<\/fieldset>\n<div class=\"row\">\n\t<div class=\"col-12 col-s-6\">\n\t\t<p><label for=\"Name\">Nombre<\/label><br \/>\n<span class=\"wpcf7-form-control-wrap\" data-name=\"FirstName\"><input size=\"40\" maxlength=\"400\" class=\"wpcf7-form-control wpcf7-text wpcf7-validates-as-required\" aria-required=\"true\" aria-invalid=\"false\" value=\"\" type=\"text\" name=\"FirstName\" \/><\/span>\n\t\t<\/p>\n\t<\/div>\n\t<div class=\"col-12 col-s-6\">\n\t\t<p><label for=\"Name\">Apellido*<\/label><br \/>\n<span class=\"wpcf7-form-control-wrap\" data-name=\"LastName\"><input size=\"40\" maxlength=\"400\" class=\"wpcf7-form-control wpcf7-text wpcf7-validates-as-required\" aria-required=\"true\" aria-invalid=\"false\" value=\"\" type=\"text\" name=\"LastName\" \/><\/span>\n\t\t<\/p>\n\t<\/div>\n\t<div class=\"col-12 col-s-6 mt-05 mt-s-0\">\n\t\t<p><label for=\"Email\">Direcci\u00f3n de correo electr\u00f3nico<\/label><br \/>\n<span class=\"wpcf7-form-control-wrap\" data-name=\"Email\"><input size=\"40\" maxlength=\"400\" class=\"wpcf7-form-control wpcf7-email wpcf7-validates-as-required wpcf7-text wpcf7-validates-as-email\" aria-required=\"true\" aria-invalid=\"false\" value=\"\" type=\"email\" name=\"Email\" \/><\/span>\n\t\t<\/p>\n\t<\/div>\n<\/div>\n<div class=\"row\">\n\t<div class=\"col-12 col-s-6 mt-05 mt-s-0\">\n\t\t<p><label for=\"Company\">Nombre de la empresa (opcional)<\/label><br \/>\n<span class=\"wpcf7-form-control-wrap\" data-name=\"Company\"><input size=\"40\" maxlength=\"400\" class=\"wpcf7-form-control wpcf7-text\" aria-invalid=\"false\" value=\"\" type=\"text\" name=\"Company\" \/><\/span>\n\t\t<\/p>\n\t<\/div>\n\t<div class=\"col-12 col-s-6\">\n\t\t<p><label for=\"Phone\">N\u00famero de tel\u00e9fono (opcional)<\/label><br \/>\n<span class=\"wpcf7-form-control-wrap\" data-name=\"Phone\"><input size=\"40\" maxlength=\"400\" class=\"wpcf7-form-control wpcf7-tel wpcf7-text wpcf7-validates-as-tel\" aria-invalid=\"false\" value=\"\" type=\"tel\" name=\"Phone\" \/><\/span>\n\t\t<\/p>\n\t<\/div>\n<\/div>\n<div class=\"row\">\n\t<div class=\"col-12 col-s-6\">\n\t\t<p><label for=\"Country\">Pa\u00eds (opcional)<\/label><br \/>\n<span class=\"wpcf7-form-control-wrap\" data-name=\"Country\"><input size=\"40\" maxlength=\"400\" class=\"wpcf7-form-control wpcf7-text\" aria-invalid=\"false\" value=\"\" type=\"text\" name=\"Country\" \/><\/span>\n\t\t<\/p>\n\t<\/div>\n<\/div>\n<p><label for=\"Message\">Mensaje<\/label><br \/>\n<span class=\"wpcf7-form-control-wrap\" data-name=\"Message\"><textarea cols=\"40\" rows=\"6\" maxlength=\"2000\" class=\"wpcf7-form-control wpcf7-textarea wpcf7-validates-as-required\" aria-required=\"true\" aria-invalid=\"false\" name=\"Message\"><\/textarea><\/span>\n<\/p>\n<p>Opta por el marketing para estar al d\u00eda de nuestros \u00faltimos productos, noticias y ofertas especiales<br \/>\n<span class=\"wpcf7-form-control-wrap\" data-name=\"newsletter\"><span class=\"wpcf7-form-control wpcf7-radio\"><span class=\"wpcf7-list-item first\"><label><input type=\"radio\" name=\"newsletter\" value=\"Yes\" \/><span class=\"wpcf7-list-item-label\">Yes<\/span><\/label><\/span><span class=\"wpcf7-list-item last\"><label><input type=\"radio\" name=\"newsletter\" value=\"No\" checked=\"checked\" \/><span class=\"wpcf7-list-item-label\">No<\/span><\/label><\/span><\/span><\/span>\n<\/p>\n<div id=\"refer-div\">\n<\/div>\n<p><input class=\"wpcf7-form-control wpcf7-submit has-spinner button\" type=\"submit\" value=\"Send\" \/>\n<\/p><div class=\"wpcf7-response-output\" aria-hidden=\"true\"><\/div>\n<\/form>\n<\/div>\n\n<\/div>\n<p><!--.col--><\/p>\n<div class=\"col-5 col-xl-4 pull-xl-1 show-m mt-4\">\n<div class=\"usp-list\">\n<ul>\n<li>L\u00edder del sector<\/li>\n<li>Soluci\u00f3n \u00abllave en mano<\/li>\n<li>Instalaciones en todo el mundo<\/li>\n<li>Fabricaci\u00f3n propia<\/li>\n<li>Liderando el Servicio al Cliente  <\/li>\n<\/ul>\n<\/div>\n<p><!--.usp-list--><\/p>\n<h5 class=\"mt-2\">O ll\u00e1manos al<\/h5>\n<p class=\"mt-05 text-cyan\"><strong> <i class=\"fa fa-phone mr-05\" aria-hidden=\"true\"><\/i>  +44(0) 1179 414918  <\/strong><\/p>\n<\/div>\n<p><!--.col--><\/p>\n<\/article>\n<\/div>\n<p><!--.row--><\/p>\n<\/div>\n<p><!--.wrap--><\/p>\n<\/section>\n<\/div><\/div>\n","protected":false},"excerpt":{"rendered":"<p>Un enorme parque hinchable en EE.UU. \u00abDesde su apertura en mayo de 2024, nuestro Inflatapark de 12.000 metros cuadrados ha sido un \u00e9xito tremendo, y atribuimos gran parte de su \u00e9xito a la extraordinaria calidad de los productos de Airparx y a su impecable servicio. Desde la consulta inicial de ventas hasta las fases de [&hellip;]<\/p>\n","protected":false},"author":1,"featured_media":9127,"parent":4527,"menu_order":0,"comment_status":"closed","ping_status":"closed","template":"","meta":{"_acf_changed":false,"footnotes":""},"class_list":["post-9689","page","type-page","status-publish","has-post-thumbnail","hentry"],"acf":[],"yoast_head":"<!-- This site is optimized with the Yoast SEO Premium plugin v26.7 (Yoast SEO v27.3) - https:\/\/yoast.com\/product\/yoast-seo-premium-wordpress\/ -->\n<title>Instalaci\u00f3n Airparx - Vertigo Fun Park - Airparx<\/title>\n<meta name=\"description\" content=\"Vertigo Fun Park es una instalaci\u00f3n de Airparx. Este enorme parque hinchable de Georgia (EEUU) cuenta con m\u00faltiples elementos interactivos.\" \/>\n<meta name=\"robots\" content=\"index, follow, max-snippet:-1, max-image-preview:large, max-video-preview:-1\" \/>\n<link rel=\"canonical\" href=\"https:\/\/airparx.com\/es\/instalaciones-destacadas\/instalacion-airparx-vertigo-fun-park\/\" \/>\n<meta property=\"og:locale\" content=\"es_ES\" \/>\n<meta property=\"og:type\" content=\"article\" \/>\n<meta property=\"og:title\" content=\"Instalaci\u00f3n Airparx - Vertigo Fun Park\" \/>\n<meta property=\"og:description\" content=\"Vertigo Fun Park es una instalaci\u00f3n de Airparx. Este enorme parque hinchable de Georgia (EEUU) cuenta con m\u00faltiples elementos interactivos.\" \/>\n<meta property=\"og:url\" content=\"https:\/\/airparx.com\/es\/instalaciones-destacadas\/instalacion-airparx-vertigo-fun-park\/\" \/>\n<meta property=\"og:site_name\" content=\"Airparx\" \/>\n<meta property=\"article:publisher\" content=\"https:\/\/www.facebook.com\/Airparx\/\" \/>\n<meta property=\"article:modified_time\" content=\"2024-09-13T08:09:46+00:00\" \/>\n<meta property=\"og:image\" content=\"https:\/\/airparx.com\/wp-content\/uploads\/2024\/08\/20240516_105921-scaled.jpg\" \/>\n\t<meta property=\"og:image:width\" content=\"2560\" \/>\n\t<meta property=\"og:image:height\" content=\"1920\" \/>\n\t<meta property=\"og:image:type\" content=\"image\/jpeg\" \/>\n<meta name=\"twitter:card\" content=\"summary_large_image\" \/>\n<meta name=\"twitter:label1\" content=\"Tiempo de lectura\" \/>\n\t<meta name=\"twitter:data1\" content=\"2 minutos\" \/>\n<script type=\"application\/ld+json\" class=\"yoast-schema-graph\">{\"@context\":\"https:\\\/\\\/schema.org\",\"@graph\":[{\"@type\":\"WebPage\",\"@id\":\"https:\\\/\\\/airparx.com\\\/es\\\/instalaciones-destacadas\\\/instalacion-airparx-vertigo-fun-park\\\/\",\"url\":\"https:\\\/\\\/airparx.com\\\/es\\\/instalaciones-destacadas\\\/instalacion-airparx-vertigo-fun-park\\\/\",\"name\":\"Instalaci\u00f3n Airparx - Vertigo Fun Park - Airparx\",\"isPartOf\":{\"@id\":\"https:\\\/\\\/airparx.com\\\/es\\\/#website\"},\"primaryImageOfPage\":{\"@id\":\"https:\\\/\\\/airparx.com\\\/es\\\/instalaciones-destacadas\\\/instalacion-airparx-vertigo-fun-park\\\/#primaryimage\"},\"image\":{\"@id\":\"https:\\\/\\\/airparx.com\\\/es\\\/instalaciones-destacadas\\\/instalacion-airparx-vertigo-fun-park\\\/#primaryimage\"},\"thumbnailUrl\":\"https:\\\/\\\/airparx.com\\\/wp-content\\\/uploads\\\/2024\\\/08\\\/20240516_105921-scaled.jpg\",\"datePublished\":\"2024-08-14T13:25:59+00:00\",\"dateModified\":\"2024-09-13T08:09:46+00:00\",\"description\":\"Vertigo Fun Park es una instalaci\u00f3n de Airparx. Este enorme parque hinchable de Georgia (EEUU) cuenta con m\u00faltiples elementos interactivos.\",\"breadcrumb\":{\"@id\":\"https:\\\/\\\/airparx.com\\\/es\\\/instalaciones-destacadas\\\/instalacion-airparx-vertigo-fun-park\\\/#breadcrumb\"},\"inLanguage\":\"es\",\"potentialAction\":[{\"@type\":\"ReadAction\",\"target\":[\"https:\\\/\\\/airparx.com\\\/es\\\/instalaciones-destacadas\\\/instalacion-airparx-vertigo-fun-park\\\/\"]}]},{\"@type\":\"ImageObject\",\"inLanguage\":\"es\",\"@id\":\"https:\\\/\\\/airparx.com\\\/es\\\/instalaciones-destacadas\\\/instalacion-airparx-vertigo-fun-park\\\/#primaryimage\",\"url\":\"https:\\\/\\\/airparx.com\\\/wp-content\\\/uploads\\\/2024\\\/08\\\/20240516_105921-scaled.jpg\",\"contentUrl\":\"https:\\\/\\\/airparx.com\\\/wp-content\\\/uploads\\\/2024\\\/08\\\/20240516_105921-scaled.jpg\",\"width\":2560,\"height\":1920,\"caption\":\"Vertigo Fun Park - Georgia, US\"},{\"@type\":\"BreadcrumbList\",\"@id\":\"https:\\\/\\\/airparx.com\\\/es\\\/instalaciones-destacadas\\\/instalacion-airparx-vertigo-fun-park\\\/#breadcrumb\",\"itemListElement\":[{\"@type\":\"ListItem\",\"position\":1,\"name\":\"Home\",\"item\":\"https:\\\/\\\/airparx.com\\\/es\\\/\"},{\"@type\":\"ListItem\",\"position\":2,\"name\":\"Instalaciones destacadas\",\"item\":\"https:\\\/\\\/airparx.com\\\/es\\\/instalaciones-destacadas\\\/\"},{\"@type\":\"ListItem\",\"position\":3,\"name\":\"Instalaci\u00f3n Airparx &#8211; Vertigo Fun Park\"}]},{\"@type\":\"WebSite\",\"@id\":\"https:\\\/\\\/airparx.com\\\/es\\\/#website\",\"url\":\"https:\\\/\\\/airparx.com\\\/es\\\/\",\"name\":\"Airparx\",\"description\":\"Inflatable &amp; Trampoline Park Supplier\",\"publisher\":{\"@id\":\"https:\\\/\\\/airparx.com\\\/es\\\/#organization\"},\"potentialAction\":[{\"@type\":\"SearchAction\",\"target\":{\"@type\":\"EntryPoint\",\"urlTemplate\":\"https:\\\/\\\/airparx.com\\\/es\\\/?s={search_term_string}\"},\"query-input\":{\"@type\":\"PropertyValueSpecification\",\"valueRequired\":true,\"valueName\":\"search_term_string\"}}],\"inLanguage\":\"es\"},{\"@type\":\"Organization\",\"@id\":\"https:\\\/\\\/airparx.com\\\/es\\\/#organization\",\"name\":\"Airparx\",\"url\":\"https:\\\/\\\/airparx.com\\\/es\\\/\",\"logo\":{\"@type\":\"ImageObject\",\"inLanguage\":\"es\",\"@id\":\"https:\\\/\\\/airparx.com\\\/es\\\/#\\\/schema\\\/logo\\\/image\\\/\",\"url\":\"https:\\\/\\\/airparx.com\\\/wp-content\\\/uploads\\\/2022\\\/06\\\/Airparx_Logo.png\",\"contentUrl\":\"https:\\\/\\\/airparx.com\\\/wp-content\\\/uploads\\\/2022\\\/06\\\/Airparx_Logo.png\",\"width\":1127,\"height\":461,\"caption\":\"Airparx\"},\"image\":{\"@id\":\"https:\\\/\\\/airparx.com\\\/es\\\/#\\\/schema\\\/logo\\\/image\\\/\"},\"sameAs\":[\"https:\\\/\\\/www.facebook.com\\\/Airparx\\\/\",\"https:\\\/\\\/www.instagram.com\\\/airparx\\\/\",\"https:\\\/\\\/www.youtube.com\\\/playlist?list=PL2LZnxdxb4eX2paMpuL0QxEvopAtGzyqY\",\"https:\\\/\\\/www.linkedin.com\\\/company\\\/airparx\\\/\"]}]}<\/script>\n<!-- \/ Yoast SEO Premium plugin. -->","yoast_head_json":{"title":"Instalaci\u00f3n Airparx - Vertigo Fun Park - Airparx","description":"Vertigo Fun Park es una instalaci\u00f3n de Airparx. Este enorme parque hinchable de Georgia (EEUU) cuenta con m\u00faltiples elementos interactivos.","robots":{"index":"index","follow":"follow","max-snippet":"max-snippet:-1","max-image-preview":"max-image-preview:large","max-video-preview":"max-video-preview:-1"},"canonical":"https:\/\/airparx.com\/es\/instalaciones-destacadas\/instalacion-airparx-vertigo-fun-park\/","og_locale":"es_ES","og_type":"article","og_title":"Instalaci\u00f3n Airparx - Vertigo Fun Park","og_description":"Vertigo Fun Park es una instalaci\u00f3n de Airparx. Este enorme parque hinchable de Georgia (EEUU) cuenta con m\u00faltiples elementos interactivos.","og_url":"https:\/\/airparx.com\/es\/instalaciones-destacadas\/instalacion-airparx-vertigo-fun-park\/","og_site_name":"Airparx","article_publisher":"https:\/\/www.facebook.com\/Airparx\/","article_modified_time":"2024-09-13T08:09:46+00:00","og_image":[{"width":2560,"height":1920,"url":"https:\/\/airparx.com\/wp-content\/uploads\/2024\/08\/20240516_105921-scaled.jpg","type":"image\/jpeg"}],"twitter_card":"summary_large_image","twitter_misc":{"Tiempo de lectura":"2 minutos"},"schema":{"@context":"https:\/\/schema.org","@graph":[{"@type":"WebPage","@id":"https:\/\/airparx.com\/es\/instalaciones-destacadas\/instalacion-airparx-vertigo-fun-park\/","url":"https:\/\/airparx.com\/es\/instalaciones-destacadas\/instalacion-airparx-vertigo-fun-park\/","name":"Instalaci\u00f3n Airparx - Vertigo Fun Park - Airparx","isPartOf":{"@id":"https:\/\/airparx.com\/es\/#website"},"primaryImageOfPage":{"@id":"https:\/\/airparx.com\/es\/instalaciones-destacadas\/instalacion-airparx-vertigo-fun-park\/#primaryimage"},"image":{"@id":"https:\/\/airparx.com\/es\/instalaciones-destacadas\/instalacion-airparx-vertigo-fun-park\/#primaryimage"},"thumbnailUrl":"https:\/\/airparx.com\/wp-content\/uploads\/2024\/08\/20240516_105921-scaled.jpg","datePublished":"2024-08-14T13:25:59+00:00","dateModified":"2024-09-13T08:09:46+00:00","description":"Vertigo Fun Park es una instalaci\u00f3n de Airparx. Este enorme parque hinchable de Georgia (EEUU) cuenta con m\u00faltiples elementos interactivos.","breadcrumb":{"@id":"https:\/\/airparx.com\/es\/instalaciones-destacadas\/instalacion-airparx-vertigo-fun-park\/#breadcrumb"},"inLanguage":"es","potentialAction":[{"@type":"ReadAction","target":["https:\/\/airparx.com\/es\/instalaciones-destacadas\/instalacion-airparx-vertigo-fun-park\/"]}]},{"@type":"ImageObject","inLanguage":"es","@id":"https:\/\/airparx.com\/es\/instalaciones-destacadas\/instalacion-airparx-vertigo-fun-park\/#primaryimage","url":"https:\/\/airparx.com\/wp-content\/uploads\/2024\/08\/20240516_105921-scaled.jpg","contentUrl":"https:\/\/airparx.com\/wp-content\/uploads\/2024\/08\/20240516_105921-scaled.jpg","width":2560,"height":1920,"caption":"Vertigo Fun Park - Georgia, US"},{"@type":"BreadcrumbList","@id":"https:\/\/airparx.com\/es\/instalaciones-destacadas\/instalacion-airparx-vertigo-fun-park\/#breadcrumb","itemListElement":[{"@type":"ListItem","position":1,"name":"Home","item":"https:\/\/airparx.com\/es\/"},{"@type":"ListItem","position":2,"name":"Instalaciones destacadas","item":"https:\/\/airparx.com\/es\/instalaciones-destacadas\/"},{"@type":"ListItem","position":3,"name":"Instalaci\u00f3n Airparx &#8211; Vertigo Fun Park"}]},{"@type":"WebSite","@id":"https:\/\/airparx.com\/es\/#website","url":"https:\/\/airparx.com\/es\/","name":"Airparx","description":"Inflatable &amp; Trampoline Park Supplier","publisher":{"@id":"https:\/\/airparx.com\/es\/#organization"},"potentialAction":[{"@type":"SearchAction","target":{"@type":"EntryPoint","urlTemplate":"https:\/\/airparx.com\/es\/?s={search_term_string}"},"query-input":{"@type":"PropertyValueSpecification","valueRequired":true,"valueName":"search_term_string"}}],"inLanguage":"es"},{"@type":"Organization","@id":"https:\/\/airparx.com\/es\/#organization","name":"Airparx","url":"https:\/\/airparx.com\/es\/","logo":{"@type":"ImageObject","inLanguage":"es","@id":"https:\/\/airparx.com\/es\/#\/schema\/logo\/image\/","url":"https:\/\/airparx.com\/wp-content\/uploads\/2022\/06\/Airparx_Logo.png","contentUrl":"https:\/\/airparx.com\/wp-content\/uploads\/2022\/06\/Airparx_Logo.png","width":1127,"height":461,"caption":"Airparx"},"image":{"@id":"https:\/\/airparx.com\/es\/#\/schema\/logo\/image\/"},"sameAs":["https:\/\/www.facebook.com\/Airparx\/","https:\/\/www.instagram.com\/airparx\/","https:\/\/www.youtube.com\/playlist?list=PL2LZnxdxb4eX2paMpuL0QxEvopAtGzyqY","https:\/\/www.linkedin.com\/company\/airparx\/"]}]}},"_links":{"self":[{"href":"https:\/\/airparx.com\/es\/wp-json\/wp\/v2\/pages\/9689","targetHints":{"allow":["GET"]}}],"collection":[{"href":"https:\/\/airparx.com\/es\/wp-json\/wp\/v2\/pages"}],"about":[{"href":"https:\/\/airparx.com\/es\/wp-json\/wp\/v2\/types\/page"}],"author":[{"embeddable":true,"href":"https:\/\/airparx.com\/es\/wp-json\/wp\/v2\/users\/1"}],"replies":[{"embeddable":true,"href":"https:\/\/airparx.com\/es\/wp-json\/wp\/v2\/comments?post=9689"}],"version-history":[{"count":2,"href":"https:\/\/airparx.com\/es\/wp-json\/wp\/v2\/pages\/9689\/revisions"}],"predecessor-version":[{"id":9805,"href":"https:\/\/airparx.com\/es\/wp-json\/wp\/v2\/pages\/9689\/revisions\/9805"}],"up":[{"embeddable":true,"href":"https:\/\/airparx.com\/es\/wp-json\/wp\/v2\/pages\/4527"}],"wp:featuredmedia":[{"embeddable":true,"href":"https:\/\/airparx.com\/es\/wp-json\/wp\/v2\/media\/9127"}],"wp:attachment":[{"href":"https:\/\/airparx.com\/es\/wp-json\/wp\/v2\/media?parent=9689"}],"curies":[{"name":"wp","href":"https:\/\/api.w.org\/{rel}","templated":true}]}}