{"id":9708,"date":"2024-09-12T13:30:16","date_gmt":"2024-09-12T12:30:16","guid":{"rendered":"https:\/\/airparx.com\/instalaciones-destacadas\/instalacion-de-airparx-todos-activos\/"},"modified":"2024-09-13T08:57:27","modified_gmt":"2024-09-13T07:57:27","slug":"instalacion-de-airparx-todos-activos","status":"publish","type":"page","link":"https:\/\/airparx.com\/es\/instalaciones-destacadas\/instalacion-de-airparx-todos-activos\/","title":{"rendered":"Instalaci\u00f3n de Airparx &#8211; Todos Activos"},"content":{"rendered":"\n<div class=\"wp-block-columns is-layout-flex wp-container-core-columns-is-layout-9d6595d7 wp-block-columns-is-layout-flex\">\n<div class=\"wp-block-column is-layout-flow wp-block-column-is-layout-flow\"><div class=\"wp-core-heading\">\n<h2 class=\"wp-block-heading\">Zona de juegos blandos para un centro de ocio en el Reino Unido<\/h2>\n<\/div>\n\n<div class=\"wp-core-paragraph\">\n<p><em>\u00abNo podr\u00edamos estar m\u00e1s encantados con la transformaci\u00f3n de nuestra zona de juegos blandos.\nDesde el principio, Airparx super\u00f3 nuestras expectativas con sus dise\u00f1os innovadores y su atenci\u00f3n al detalle.\nSe tomaron el tiempo necesario para comprender nuestra visi\u00f3n y le dieron vida de una forma que nunca hab\u00edamos imaginado.\nLas nuevas caracter\u00edsticas han sido un \u00e9xito absoluto entre los ni\u00f1os: nuestros visitantes est\u00e1n entusiasmados con los colores vivos, los dise\u00f1os imaginativos y los nuevos y emocionantes retos.   <\/em><\/p>\n<\/div>\n\n<div class=\"wp-core-paragraph\">\n<p><em>Todo el proceso, desde el dise\u00f1o hasta la instalaci\u00f3n, fue perfecto y profesional.\nEl equipo de Airparx nos mantuvo informados en todo momento y trabaj\u00f3 incansablemente para garantizar que todo se completara a tiempo y con la m\u00e1xima calidad.\nNuestra nueva zona de juegos ha revitalizado realmente nuestro centro, atrayendo a m\u00e1s familias que nunca.\nNo tenemos palabras para agradecer a Airparx su excepcional trabajo.\nNos han ayudado a crear un espacio que no s\u00f3lo es divertido, sino tambi\u00e9n seguro y atractivo para ni\u00f1os de todas las edades.\u00bb    <\/em><\/p>\n<\/div>\n\n<div class=\"wp-core-paragraph\">\n<p>&#8211; Mark Tennant, Director de Contratos, Everyone Active<\/p>\n<\/div><\/div>\n<\/div>\n\n\n<\/div><\/div><\/section><\/div><div id=''><\/div>\t<section class=\"bg-dark py-2 py-m-3 py-l-4\">\n\t\t<div class=\"wrap\">\n\t\t\t<article>\n\t\t\t\t<div class=\"row valign\">\n\t\t\t\t\t<div class=\"col-12 col-m-6\">\n\t\t\t\t\t\t<div class=\"animation fadein fromleft\" data-onscreen=\"false\">\n\t\t\t\t\t\t\t\t\t\t\t\t\t\t\t<h2>Resumen<\/h2>\n<p>  En el a\u00f1o 2021, la sucursal del centro de ocio Bracknell de Everyone Active identific\u00f3 la necesidad de renovar por completo su oferta de juegos infantiles, ya que su sitio actual estaba anticuado e inclu\u00eda una renovaci\u00f3n total de la marca.<br \/>\nSus objetivos generales eran aumentar el n\u00famero de visitantes y su oferta de fiestas, a\u00f1adiendo una fuente de ingresos mejorada a su centro.<br \/>\nSe encarg\u00f3 a Airparx que dise\u00f1ara, fabricara e instalara una estructura de juego nueva y mejorada, una zona para ni\u00f1os peque\u00f1os y que aprovechara al m\u00e1ximo su entreplanta con juegos interactivos, para atraer a m\u00faltiples grupos de edad.  <\/p>\n\t\t\t\t\t\t\t\t\t\t\t\t\t<\/div>\n\t\t\t\t\t<\/div>\n\t\t\t\t\t<div class=\"col-12 col-m-6 mt-2 mt-m-0\">\n\t\t\t\t\t\t<div class=\"animation fadein fromright\" data-onscreen=\"false\">\n\t\t\t\t\t\t\t\t\t\t\t\t\t\t\t<figure class=\"block\">\n\t\t\t\t\t\t\t\t\t<img data-src=\"https:\/\/airparx.com\/wp-content\/uploads\/2024\/09\/18.jpg\" \/>\n\t\t\t\t\t\t\t\t<\/figure>\n\t\t\t\t\t\t\t\t\t\t\t\t\t<\/div>\n\t\t\t\t\t<\/div>\n\t\t\t\t<\/div>\n\t\t\t<\/article>\n\t\t<\/div>\n\t<\/section>\n\n\t<section class=\"my-2 my-m-3 my-l-4\"><div class=\"wrap\"><div class=\"row\"><div class=\"col-12\">\n\n<\/div><\/div><\/section><\/div><div id=''><\/div>\t<section class=\"my-2 my-m-3 my-l-4\">\n\t\t<div class=\"wrap\">\n\t\t\t<article>\n\t\t\t\t<div class=\"row valign\">\n\t\t\t\t\t<div class=\"col-12 col-m-6\">\n\t\t\t\t\t\t<div class=\"animation fadein fromleft\" data-onscreen=\"false\">\n\t\t\t\t\t\t\t\t\t\t\t\t\t\t\t<figure class=\"block show-m\">\n\t\t\t\t\t\t\t\t\t<img data-src=\"https:\/\/airparx.com\/wp-content\/uploads\/2024\/09\/19.jpg\" \/>\n\t\t\t\t\t\t\t\t<\/figure>\n\t\t\t\t\t\t\t\t\t\t\t\t\t<\/div>\n\t\t\t\t\t<\/div>\n\t\t\t\t\t<div class=\"col-12 col-m-6 mt-2 mt-m-0\">\n\t\t\t\t\t\t<div class=\"animation fadein fromright\" data-onscreen=\"false\">\n\t\t\t\t\t\t\t\t\t\t\t\t\t\t\t<h2>El desaf\u00edo<\/h2>\n<p>  El emplazamiento existente databa de los a\u00f1os 70 y Airparx colabor\u00f3 con arquitectos y constructores especializados para aprovechar al m\u00e1ximo el espacio disponible.<br \/>\nComo el nuevo centro estaba destinado a varios grupos de edad, los detalles m\u00e1s sutiles del dise\u00f1o eran cruciales para garantizar que todos los grupos de edad tuvieran acceso a las actividades apropiadas disponibles, desde los m\u00e1s j\u00f3venes, que normalmente iban con los padres, hasta los mayores, que se mov\u00edan de forma m\u00e1s independiente.<br \/>\nEl recinto existente tambi\u00e9n compart\u00eda espacio con un estudio de danza, una zona de juegos blandos y una pista de squash.<br \/>\nNuestro objetivo era crear un buen flujo de clientes entre las 3 ubicaciones.   <\/p>\n\t\t\t\t\t\t\t\t\t\t\t\t\t\t\t\t<figure class=\"block hide-m\">\n\t\t\t\t\t\t\t\t\t<img data-src=\"https:\/\/airparx.com\/wp-content\/uploads\/2024\/09\/19.jpg\" \/>\n\t\t\t\t\t\t\t\t<\/figure>\n\t\t\t\t\t\t\t\t\t\t\t\t\t<\/div>\n\t\t\t\t\t<\/div>\n\t\t\t\t<\/div>\n\t\t\t<\/article>\n\t\t<\/div>\n\t<\/section>\n\n\t<section class=\"my-2 my-m-3 my-l-4\"><div class=\"wrap\"><div class=\"row\"><div class=\"col-12\">\n\n<\/div><\/div><\/section><\/div><div id=''><\/div>\t<section class=\"bg-dark py-2 py-m-3 py-l-4\">\n\t\t<div class=\"wrap\">\n\t\t\t<article>\n\t\t\t\t<div class=\"row\">\n\t\t\t\t\t<div class=\"col-12 col-m-6\">\n\t\t\t\t\t\t<div class=\"animation fadein fromleft\" data-onscreen=\"false\">\n\t\t\t\t\t\t\t\t\t\t\t\t\t\t\t<h2>El proceso<\/h2>\n<p>  En primer lugar, para asegurarnos de que el briefing estaba claro, colaboramos con el sitio para entender el mercado objetivo, o en este caso, los mercados objetivo, desglos\u00e1ndolos y situando los grupos de edad en toda la zona mediante dise\u00f1os nuevos e innovadores.<br \/>\nEscuchamos lo que les gustaba y lo que no de su oferta y marca actuales, y ayudamos a crear un paquete que garantizara la longevidad.<br \/>\nLas modificaciones del dise\u00f1o, producidas y presupuestadas, se revisaron con rapidez y eficacia, lo que permiti\u00f3 a Airparx pasar r\u00e1pidamente a la fabricaci\u00f3n y la instalaci\u00f3n.  <\/p>\n\t\t\t\t\t\t\t\t\t\t\t\t\t<\/div>\n\t\t\t\t\t<\/div>\n\t\t\t\t\t<div class=\"col-12 col-m-6 mt-2 mt-m-0\">\n\t\t\t\t\t\t<div class=\"animation fadein fromright\" data-onscreen=\"false\">\n\t\t\t\t\t\t\t\t\t\t\t\t\t\t\t<figure class=\"block\">\n\t\t\t\t\t\t\t\t\t<img data-src=\"https:\/\/airparx.com\/wp-content\/uploads\/2024\/09\/20.jpg\" \/>\n\t\t\t\t\t\t\t\t<\/figure>\n\t\t\t\t\t\t\t\t\t\t\t\t\t<\/div>\n\t\t\t\t\t<\/div>\n\t\t\t\t<\/div>\n\t\t\t<\/article>\n\t\t<\/div>\n\t<\/section>\n\n\t<section class=\"my-2 my-m-3 my-l-4\"><div class=\"wrap\"><div class=\"row\"><div class=\"col-12\">\n\n<\/div><\/div><\/section><\/div><div id=''><\/div>\t<section class=\"my-2 my-m-3 my-l-4\">\n\t\t<div class=\"wrap\">\n\t\t\t<article>\n\t\t\t\t<div class=\"row\">\n\t\t\t\t\t<div class=\"col-12 col-m-6\">\n\t\t\t\t\t\t<div class=\"animation fadein fromleft\" data-onscreen=\"false\">\n\t\t\t\t\t\t\t\t\t\t\t\t\t\t\t<figure class=\"block show-m\">\n\t\t\t\t\t\t\t\t\t<img data-src=\"https:\/\/airparx.com\/wp-content\/uploads\/2024\/09\/21.jpg\" \/>\n\t\t\t\t\t\t\t\t<\/figure>\n\t\t\t\t\t\t\t\t\t\t\t\t\t<\/div>\n\t\t\t\t\t<\/div>\n\t\t\t\t\t<div class=\"col-12 col-m-6 mt-2 mt-m-0\">\n\t\t\t\t\t\t<div class=\"animation fadein fromright\" data-onscreen=\"false\">\n\t\t\t\t\t\t\t\t\t\t\t\t\t\t\t<h2>El resultado<\/h2>\n<p>  En 2024 se instal\u00f3 Play World Bracknell, una flamante zona de juegos blandos con toda una serie de atracciones, como un tobog\u00e1n Astra, puentes de cuerda, un campo de f\u00fatbol interactivo, un Freestyle Duo, piscinas de bolas y una zona para beb\u00e9s y ni\u00f1os peque\u00f1os.<br \/>\nLa clave del \u00e9xito fue trabajar con Vincent-Stokes, una empresa constructora que fue capaz de hacer operativos nuestros planes de dise\u00f1o y, al cabo de 3 a\u00f1os, pudimos instalar a tiempo y dentro del presupuesto.<br \/>\nDescubre nuestras \u00faltimas instalaciones <strong><a href=\"https:\/\/airparx.com\/es\/instalaciones\/\">AQU\u00cd<\/a><\/strong>  <\/p>\n\t\t\t\t\t\t\t\t\t\t\t\t\t\t\t\t<figure class=\"block hide-m\">\n\t\t\t\t\t\t\t\t\t<img data-src=\"https:\/\/airparx.com\/wp-content\/uploads\/2024\/09\/21.jpg\" \/>\n\t\t\t\t\t\t\t\t<\/figure>\n\t\t\t\t\t\t\t\t\t\t\t\t\t<\/div>\n\t\t\t\t\t<\/div>\n\t\t\t\t<\/div>\n\t\t\t<\/article>\n\t\t<\/div>\n\t<\/section>\n\n\t<section class=\"my-2 my-m-3 my-l-4\"><div class=\"wrap\"><div class=\"row\"><div class=\"col-12\">\n\n\n<div class=\"wp-block-group\"><div class=\"wp-block-group__inner-container is-layout-flow wp-block-group-is-layout-flow\">\n<section class=\"my-2 my-m-3 mt-l-4\">\n<div class=\"wrap\">\n<div class=\"row\">\n<article>\n<div class=\"col-12 col-m-7\">\n<h4>\u00a1Ponte en contacto con nosotros hoy mismo!<\/h4>\n<p>\u00bfListo para dar el siguiente salto y llevar la emoci\u00f3n a tu local?\nNo dudes en ponerte en contacto con nosotros para obtener m\u00e1s informaci\u00f3n, conocer los precios o hablar de tus necesidades espec\u00edficas.\nNuestro equipo de Airparx est\u00e1 aqu\u00ed para ayudarte a hacer realidad tu visi\u00f3n.  <\/p>\n\n<div class=\"wpcf7 no-js\" id=\"wpcf7-f5549-o1\" lang=\"es-ES\" dir=\"ltr\" data-wpcf7-id=\"5549\">\n<div class=\"screen-reader-response\"><p role=\"status\" aria-live=\"polite\" aria-atomic=\"true\"><\/p> <ul><\/ul><\/div>\n<form action=\"\/es\/wp-json\/wp\/v2\/pages\/9708#wpcf7-f5549-o1\" method=\"post\" class=\"wpcf7-form init\" aria-label=\"Formulario de contacto\" novalidate=\"novalidate\" data-status=\"init\">\n<fieldset class=\"hidden-fields-container\"><input type=\"hidden\" name=\"_wpcf7\" value=\"5549\" \/><input type=\"hidden\" name=\"_wpcf7_version\" value=\"6.1.5\" \/><input type=\"hidden\" name=\"_wpcf7_locale\" value=\"es_ES\" \/><input type=\"hidden\" name=\"_wpcf7_unit_tag\" value=\"wpcf7-f5549-o1\" \/><input type=\"hidden\" name=\"_wpcf7_container_post\" value=\"0\" \/><input type=\"hidden\" name=\"_wpcf7_posted_data_hash\" value=\"\" \/><input type=\"hidden\" name=\"_wpcf7_recaptcha_response\" value=\"\" \/>\n<\/fieldset>\n<div class=\"row\">\n\t<div class=\"col-12 col-s-6\">\n\t\t<p><label for=\"Name\">Nombre<\/label><br \/>\n<span class=\"wpcf7-form-control-wrap\" data-name=\"FirstName\"><input size=\"40\" maxlength=\"400\" class=\"wpcf7-form-control wpcf7-text wpcf7-validates-as-required\" aria-required=\"true\" aria-invalid=\"false\" value=\"\" type=\"text\" name=\"FirstName\" \/><\/span>\n\t\t<\/p>\n\t<\/div>\n\t<div class=\"col-12 col-s-6\">\n\t\t<p><label for=\"Name\">Apellido*<\/label><br \/>\n<span class=\"wpcf7-form-control-wrap\" data-name=\"LastName\"><input size=\"40\" maxlength=\"400\" class=\"wpcf7-form-control wpcf7-text wpcf7-validates-as-required\" aria-required=\"true\" aria-invalid=\"false\" value=\"\" type=\"text\" name=\"LastName\" \/><\/span>\n\t\t<\/p>\n\t<\/div>\n\t<div class=\"col-12 col-s-6 mt-05 mt-s-0\">\n\t\t<p><label for=\"Email\">Direcci\u00f3n de correo electr\u00f3nico<\/label><br \/>\n<span class=\"wpcf7-form-control-wrap\" data-name=\"Email\"><input size=\"40\" maxlength=\"400\" class=\"wpcf7-form-control wpcf7-email wpcf7-validates-as-required wpcf7-text wpcf7-validates-as-email\" aria-required=\"true\" aria-invalid=\"false\" value=\"\" type=\"email\" name=\"Email\" \/><\/span>\n\t\t<\/p>\n\t<\/div>\n<\/div>\n<div class=\"row\">\n\t<div class=\"col-12 col-s-6 mt-05 mt-s-0\">\n\t\t<p><label for=\"Company\">Nombre de la empresa (opcional)<\/label><br \/>\n<span class=\"wpcf7-form-control-wrap\" data-name=\"Company\"><input size=\"40\" maxlength=\"400\" class=\"wpcf7-form-control wpcf7-text\" aria-invalid=\"false\" value=\"\" type=\"text\" name=\"Company\" \/><\/span>\n\t\t<\/p>\n\t<\/div>\n\t<div class=\"col-12 col-s-6\">\n\t\t<p><label for=\"Phone\">N\u00famero de tel\u00e9fono (opcional)<\/label><br \/>\n<span class=\"wpcf7-form-control-wrap\" data-name=\"Phone\"><input size=\"40\" maxlength=\"400\" class=\"wpcf7-form-control wpcf7-tel wpcf7-text wpcf7-validates-as-tel\" aria-invalid=\"false\" value=\"\" type=\"tel\" name=\"Phone\" \/><\/span>\n\t\t<\/p>\n\t<\/div>\n<\/div>\n<div class=\"row\">\n\t<div class=\"col-12 col-s-6\">\n\t\t<p><label for=\"Country\">Pa\u00eds (opcional)<\/label><br \/>\n<span class=\"wpcf7-form-control-wrap\" data-name=\"Country\"><input size=\"40\" maxlength=\"400\" class=\"wpcf7-form-control wpcf7-text\" aria-invalid=\"false\" value=\"\" type=\"text\" name=\"Country\" \/><\/span>\n\t\t<\/p>\n\t<\/div>\n<\/div>\n<p><label for=\"Message\">Mensaje<\/label><br \/>\n<span class=\"wpcf7-form-control-wrap\" data-name=\"Message\"><textarea cols=\"40\" rows=\"6\" maxlength=\"2000\" class=\"wpcf7-form-control wpcf7-textarea wpcf7-validates-as-required\" aria-required=\"true\" aria-invalid=\"false\" name=\"Message\"><\/textarea><\/span>\n<\/p>\n<p>Opta por el marketing para estar al d\u00eda de nuestros \u00faltimos productos, noticias y ofertas especiales<br \/>\n<span class=\"wpcf7-form-control-wrap\" data-name=\"newsletter\"><span class=\"wpcf7-form-control wpcf7-radio\"><span class=\"wpcf7-list-item first\"><label><input type=\"radio\" name=\"newsletter\" value=\"Yes\" \/><span class=\"wpcf7-list-item-label\">Yes<\/span><\/label><\/span><span class=\"wpcf7-list-item last\"><label><input type=\"radio\" name=\"newsletter\" value=\"No\" checked=\"checked\" \/><span class=\"wpcf7-list-item-label\">No<\/span><\/label><\/span><\/span><\/span>\n<\/p>\n<div id=\"refer-div\">\n<\/div>\n<p><input class=\"wpcf7-form-control wpcf7-submit has-spinner button\" type=\"submit\" value=\"Send\" \/>\n<\/p><div class=\"wpcf7-response-output\" aria-hidden=\"true\"><\/div>\n<\/form>\n<\/div>\n\n<\/div>\n<p><!--.col--><\/p>\n<div class=\"col-5 col-xl-4 pull-xl-1 show-m mt-4\">\n<div class=\"usp-list\">\n<ul>\n<li>L\u00edder del sector<\/li>\n<li>Soluci\u00f3n \u00abllave en mano<\/li>\n<li>Instalaciones en todo el mundo<\/li>\n<li>Fabricaci\u00f3n propia<\/li>\n<li>Liderando el Servicio al Cliente  <\/li>\n<\/ul>\n<\/div>\n<p><!--.usp-list--><\/p>\n<h5 class=\"mt-2\">O ll\u00e1manos al<\/h5>\n<p class=\"mt-05 text-cyan\"><strong> <i class=\"fa fa-phone mr-05\" aria-hidden=\"true\"><\/i>  +44(0) 1179 414918  <\/strong><\/p>\n<\/div>\n<p><!--.col--><\/p>\n<\/article>\n<\/div>\n<p><!--.row--><\/p>\n<\/div>\n<p><!--.wrap--><\/p>\n<\/section>\n<\/div><\/div>\n","protected":false},"excerpt":{"rendered":"<p>Zona de juegos blandos para un centro de ocio en el Reino Unido \u00abNo podr\u00edamos estar m\u00e1s encantados con la transformaci\u00f3n de nuestra zona de juegos blandos. Desde el principio, Airparx super\u00f3 nuestras expectativas con sus dise\u00f1os innovadores y su atenci\u00f3n al detalle. Se tomaron el tiempo necesario para comprender nuestra visi\u00f3n y le dieron [&hellip;]<\/p>\n","protected":false},"author":1,"featured_media":9417,"parent":4527,"menu_order":0,"comment_status":"closed","ping_status":"closed","template":"","meta":{"_acf_changed":false,"footnotes":""},"class_list":["post-9708","page","type-page","status-publish","has-post-thumbnail","hentry"],"acf":[],"yoast_head":"<!-- This site is optimized with the Yoast SEO Premium plugin v26.7 (Yoast SEO v27.3) - https:\/\/yoast.com\/product\/yoast-seo-premium-wordpress\/ -->\n<title>Instalaci\u00f3n de Airparx - Todos Activos - Airparx<\/title>\n<meta name=\"description\" content=\"Everyone Active encarg\u00f3 a Airparx el dise\u00f1o, la fabricaci\u00f3n y la instalaci\u00f3n de una nueva zona de juegos blandos en uno de sus centros de ocio.\" \/>\n<meta name=\"robots\" content=\"index, follow, max-snippet:-1, max-image-preview:large, max-video-preview:-1\" \/>\n<link rel=\"canonical\" href=\"https:\/\/airparx.com\/es\/instalaciones-destacadas\/instalacion-de-airparx-todos-activos\/\" \/>\n<meta property=\"og:locale\" content=\"es_ES\" \/>\n<meta property=\"og:type\" content=\"article\" \/>\n<meta property=\"og:title\" content=\"Instalaci\u00f3n de Airparx - Todos Activos\" \/>\n<meta property=\"og:description\" content=\"Everyone Active encarg\u00f3 a Airparx el dise\u00f1o, la fabricaci\u00f3n y la instalaci\u00f3n de una nueva zona de juegos blandos en uno de sus centros de ocio.\" \/>\n<meta property=\"og:url\" content=\"https:\/\/airparx.com\/es\/instalaciones-destacadas\/instalacion-de-airparx-todos-activos\/\" \/>\n<meta property=\"og:site_name\" content=\"Airparx\" \/>\n<meta property=\"article:publisher\" content=\"https:\/\/www.facebook.com\/Airparx\/\" \/>\n<meta property=\"article:modified_time\" content=\"2024-09-13T07:57:27+00:00\" \/>\n<meta property=\"og:image\" content=\"https:\/\/airparx.com\/wp-content\/uploads\/2024\/09\/17.jpg\" \/>\n\t<meta property=\"og:image:width\" content=\"1366\" \/>\n\t<meta property=\"og:image:height\" content=\"768\" \/>\n\t<meta property=\"og:image:type\" content=\"image\/jpeg\" \/>\n<meta name=\"twitter:card\" content=\"summary_large_image\" \/>\n<meta name=\"twitter:label1\" content=\"Tiempo de lectura\" \/>\n\t<meta name=\"twitter:data1\" content=\"2 minutos\" \/>\n<script type=\"application\/ld+json\" class=\"yoast-schema-graph\">{\"@context\":\"https:\\\/\\\/schema.org\",\"@graph\":[{\"@type\":\"WebPage\",\"@id\":\"https:\\\/\\\/airparx.com\\\/es\\\/instalaciones-destacadas\\\/instalacion-de-airparx-todos-activos\\\/\",\"url\":\"https:\\\/\\\/airparx.com\\\/es\\\/instalaciones-destacadas\\\/instalacion-de-airparx-todos-activos\\\/\",\"name\":\"Instalaci\u00f3n de Airparx - Todos Activos - Airparx\",\"isPartOf\":{\"@id\":\"https:\\\/\\\/airparx.com\\\/es\\\/#website\"},\"primaryImageOfPage\":{\"@id\":\"https:\\\/\\\/airparx.com\\\/es\\\/instalaciones-destacadas\\\/instalacion-de-airparx-todos-activos\\\/#primaryimage\"},\"image\":{\"@id\":\"https:\\\/\\\/airparx.com\\\/es\\\/instalaciones-destacadas\\\/instalacion-de-airparx-todos-activos\\\/#primaryimage\"},\"thumbnailUrl\":\"https:\\\/\\\/airparx.com\\\/wp-content\\\/uploads\\\/2024\\\/09\\\/17.jpg\",\"datePublished\":\"2024-09-12T12:30:16+00:00\",\"dateModified\":\"2024-09-13T07:57:27+00:00\",\"description\":\"Everyone Active encarg\u00f3 a Airparx el dise\u00f1o, la fabricaci\u00f3n y la instalaci\u00f3n de una nueva zona de juegos blandos en uno de sus centros de ocio.\",\"breadcrumb\":{\"@id\":\"https:\\\/\\\/airparx.com\\\/es\\\/instalaciones-destacadas\\\/instalacion-de-airparx-todos-activos\\\/#breadcrumb\"},\"inLanguage\":\"es\",\"potentialAction\":[{\"@type\":\"ReadAction\",\"target\":[\"https:\\\/\\\/airparx.com\\\/es\\\/instalaciones-destacadas\\\/instalacion-de-airparx-todos-activos\\\/\"]}]},{\"@type\":\"ImageObject\",\"inLanguage\":\"es\",\"@id\":\"https:\\\/\\\/airparx.com\\\/es\\\/instalaciones-destacadas\\\/instalacion-de-airparx-todos-activos\\\/#primaryimage\",\"url\":\"https:\\\/\\\/airparx.com\\\/wp-content\\\/uploads\\\/2024\\\/09\\\/17.jpg\",\"contentUrl\":\"https:\\\/\\\/airparx.com\\\/wp-content\\\/uploads\\\/2024\\\/09\\\/17.jpg\",\"width\":1366,\"height\":768,\"caption\":\"Play World - Bracknell Leisure Centre\"},{\"@type\":\"BreadcrumbList\",\"@id\":\"https:\\\/\\\/airparx.com\\\/es\\\/instalaciones-destacadas\\\/instalacion-de-airparx-todos-activos\\\/#breadcrumb\",\"itemListElement\":[{\"@type\":\"ListItem\",\"position\":1,\"name\":\"Home\",\"item\":\"https:\\\/\\\/airparx.com\\\/es\\\/\"},{\"@type\":\"ListItem\",\"position\":2,\"name\":\"Instalaciones destacadas\",\"item\":\"https:\\\/\\\/airparx.com\\\/es\\\/instalaciones-destacadas\\\/\"},{\"@type\":\"ListItem\",\"position\":3,\"name\":\"Instalaci\u00f3n de Airparx &#8211; Todos Activos\"}]},{\"@type\":\"WebSite\",\"@id\":\"https:\\\/\\\/airparx.com\\\/es\\\/#website\",\"url\":\"https:\\\/\\\/airparx.com\\\/es\\\/\",\"name\":\"Airparx\",\"description\":\"Inflatable &amp; Trampoline Park Supplier\",\"publisher\":{\"@id\":\"https:\\\/\\\/airparx.com\\\/es\\\/#organization\"},\"potentialAction\":[{\"@type\":\"SearchAction\",\"target\":{\"@type\":\"EntryPoint\",\"urlTemplate\":\"https:\\\/\\\/airparx.com\\\/es\\\/?s={search_term_string}\"},\"query-input\":{\"@type\":\"PropertyValueSpecification\",\"valueRequired\":true,\"valueName\":\"search_term_string\"}}],\"inLanguage\":\"es\"},{\"@type\":\"Organization\",\"@id\":\"https:\\\/\\\/airparx.com\\\/es\\\/#organization\",\"name\":\"Airparx\",\"url\":\"https:\\\/\\\/airparx.com\\\/es\\\/\",\"logo\":{\"@type\":\"ImageObject\",\"inLanguage\":\"es\",\"@id\":\"https:\\\/\\\/airparx.com\\\/es\\\/#\\\/schema\\\/logo\\\/image\\\/\",\"url\":\"https:\\\/\\\/airparx.com\\\/wp-content\\\/uploads\\\/2022\\\/06\\\/Airparx_Logo.png\",\"contentUrl\":\"https:\\\/\\\/airparx.com\\\/wp-content\\\/uploads\\\/2022\\\/06\\\/Airparx_Logo.png\",\"width\":1127,\"height\":461,\"caption\":\"Airparx\"},\"image\":{\"@id\":\"https:\\\/\\\/airparx.com\\\/es\\\/#\\\/schema\\\/logo\\\/image\\\/\"},\"sameAs\":[\"https:\\\/\\\/www.facebook.com\\\/Airparx\\\/\",\"https:\\\/\\\/www.instagram.com\\\/airparx\\\/\",\"https:\\\/\\\/www.youtube.com\\\/playlist?list=PL2LZnxdxb4eX2paMpuL0QxEvopAtGzyqY\",\"https:\\\/\\\/www.linkedin.com\\\/company\\\/airparx\\\/\"]}]}<\/script>\n<!-- \/ Yoast SEO Premium plugin. -->","yoast_head_json":{"title":"Instalaci\u00f3n de Airparx - Todos Activos - Airparx","description":"Everyone Active encarg\u00f3 a Airparx el dise\u00f1o, la fabricaci\u00f3n y la instalaci\u00f3n de una nueva zona de juegos blandos en uno de sus centros de ocio.","robots":{"index":"index","follow":"follow","max-snippet":"max-snippet:-1","max-image-preview":"max-image-preview:large","max-video-preview":"max-video-preview:-1"},"canonical":"https:\/\/airparx.com\/es\/instalaciones-destacadas\/instalacion-de-airparx-todos-activos\/","og_locale":"es_ES","og_type":"article","og_title":"Instalaci\u00f3n de Airparx - Todos Activos","og_description":"Everyone Active encarg\u00f3 a Airparx el dise\u00f1o, la fabricaci\u00f3n y la instalaci\u00f3n de una nueva zona de juegos blandos en uno de sus centros de ocio.","og_url":"https:\/\/airparx.com\/es\/instalaciones-destacadas\/instalacion-de-airparx-todos-activos\/","og_site_name":"Airparx","article_publisher":"https:\/\/www.facebook.com\/Airparx\/","article_modified_time":"2024-09-13T07:57:27+00:00","og_image":[{"width":1366,"height":768,"url":"https:\/\/airparx.com\/wp-content\/uploads\/2024\/09\/17.jpg","type":"image\/jpeg"}],"twitter_card":"summary_large_image","twitter_misc":{"Tiempo de lectura":"2 minutos"},"schema":{"@context":"https:\/\/schema.org","@graph":[{"@type":"WebPage","@id":"https:\/\/airparx.com\/es\/instalaciones-destacadas\/instalacion-de-airparx-todos-activos\/","url":"https:\/\/airparx.com\/es\/instalaciones-destacadas\/instalacion-de-airparx-todos-activos\/","name":"Instalaci\u00f3n de Airparx - Todos Activos - Airparx","isPartOf":{"@id":"https:\/\/airparx.com\/es\/#website"},"primaryImageOfPage":{"@id":"https:\/\/airparx.com\/es\/instalaciones-destacadas\/instalacion-de-airparx-todos-activos\/#primaryimage"},"image":{"@id":"https:\/\/airparx.com\/es\/instalaciones-destacadas\/instalacion-de-airparx-todos-activos\/#primaryimage"},"thumbnailUrl":"https:\/\/airparx.com\/wp-content\/uploads\/2024\/09\/17.jpg","datePublished":"2024-09-12T12:30:16+00:00","dateModified":"2024-09-13T07:57:27+00:00","description":"Everyone Active encarg\u00f3 a Airparx el dise\u00f1o, la fabricaci\u00f3n y la instalaci\u00f3n de una nueva zona de juegos blandos en uno de sus centros de ocio.","breadcrumb":{"@id":"https:\/\/airparx.com\/es\/instalaciones-destacadas\/instalacion-de-airparx-todos-activos\/#breadcrumb"},"inLanguage":"es","potentialAction":[{"@type":"ReadAction","target":["https:\/\/airparx.com\/es\/instalaciones-destacadas\/instalacion-de-airparx-todos-activos\/"]}]},{"@type":"ImageObject","inLanguage":"es","@id":"https:\/\/airparx.com\/es\/instalaciones-destacadas\/instalacion-de-airparx-todos-activos\/#primaryimage","url":"https:\/\/airparx.com\/wp-content\/uploads\/2024\/09\/17.jpg","contentUrl":"https:\/\/airparx.com\/wp-content\/uploads\/2024\/09\/17.jpg","width":1366,"height":768,"caption":"Play World - Bracknell Leisure Centre"},{"@type":"BreadcrumbList","@id":"https:\/\/airparx.com\/es\/instalaciones-destacadas\/instalacion-de-airparx-todos-activos\/#breadcrumb","itemListElement":[{"@type":"ListItem","position":1,"name":"Home","item":"https:\/\/airparx.com\/es\/"},{"@type":"ListItem","position":2,"name":"Instalaciones destacadas","item":"https:\/\/airparx.com\/es\/instalaciones-destacadas\/"},{"@type":"ListItem","position":3,"name":"Instalaci\u00f3n de Airparx &#8211; Todos Activos"}]},{"@type":"WebSite","@id":"https:\/\/airparx.com\/es\/#website","url":"https:\/\/airparx.com\/es\/","name":"Airparx","description":"Inflatable &amp; Trampoline Park Supplier","publisher":{"@id":"https:\/\/airparx.com\/es\/#organization"},"potentialAction":[{"@type":"SearchAction","target":{"@type":"EntryPoint","urlTemplate":"https:\/\/airparx.com\/es\/?s={search_term_string}"},"query-input":{"@type":"PropertyValueSpecification","valueRequired":true,"valueName":"search_term_string"}}],"inLanguage":"es"},{"@type":"Organization","@id":"https:\/\/airparx.com\/es\/#organization","name":"Airparx","url":"https:\/\/airparx.com\/es\/","logo":{"@type":"ImageObject","inLanguage":"es","@id":"https:\/\/airparx.com\/es\/#\/schema\/logo\/image\/","url":"https:\/\/airparx.com\/wp-content\/uploads\/2022\/06\/Airparx_Logo.png","contentUrl":"https:\/\/airparx.com\/wp-content\/uploads\/2022\/06\/Airparx_Logo.png","width":1127,"height":461,"caption":"Airparx"},"image":{"@id":"https:\/\/airparx.com\/es\/#\/schema\/logo\/image\/"},"sameAs":["https:\/\/www.facebook.com\/Airparx\/","https:\/\/www.instagram.com\/airparx\/","https:\/\/www.youtube.com\/playlist?list=PL2LZnxdxb4eX2paMpuL0QxEvopAtGzyqY","https:\/\/www.linkedin.com\/company\/airparx\/"]}]}},"_links":{"self":[{"href":"https:\/\/airparx.com\/es\/wp-json\/wp\/v2\/pages\/9708","targetHints":{"allow":["GET"]}}],"collection":[{"href":"https:\/\/airparx.com\/es\/wp-json\/wp\/v2\/pages"}],"about":[{"href":"https:\/\/airparx.com\/es\/wp-json\/wp\/v2\/types\/page"}],"author":[{"embeddable":true,"href":"https:\/\/airparx.com\/es\/wp-json\/wp\/v2\/users\/1"}],"replies":[{"embeddable":true,"href":"https:\/\/airparx.com\/es\/wp-json\/wp\/v2\/comments?post=9708"}],"version-history":[{"count":2,"href":"https:\/\/airparx.com\/es\/wp-json\/wp\/v2\/pages\/9708\/revisions"}],"predecessor-version":[{"id":9796,"href":"https:\/\/airparx.com\/es\/wp-json\/wp\/v2\/pages\/9708\/revisions\/9796"}],"up":[{"embeddable":true,"href":"https:\/\/airparx.com\/es\/wp-json\/wp\/v2\/pages\/4527"}],"wp:featuredmedia":[{"embeddable":true,"href":"https:\/\/airparx.com\/es\/wp-json\/wp\/v2\/media\/9417"}],"wp:attachment":[{"href":"https:\/\/airparx.com\/es\/wp-json\/wp\/v2\/media?parent=9708"}],"curies":[{"name":"wp","href":"https:\/\/api.w.org\/{rel}","templated":true}]}}