{"id":9709,"date":"2024-08-28T08:38:53","date_gmt":"2024-08-28T07:38:53","guid":{"rendered":"https:\/\/airparx.com\/academia-de-formacion-airparx-impulsada-por-kidztivity\/"},"modified":"2024-09-19T10:34:07","modified_gmt":"2024-09-19T09:34:07","slug":"academia-de-formacion-airparx-impulsada-por-kidztivity","status":"publish","type":"page","link":"https:\/\/airparx.com\/es\/academia-de-formacion-airparx-impulsada-por-kidztivity\/","title":{"rendered":"Academia de Formaci\u00f3n Airparx, Impulsada por Kidztivity"},"content":{"rendered":"\n<div class=\"wp-block-columns is-layout-flex wp-container-core-columns-is-layout-9d6595d7 wp-block-columns-is-layout-flex\">\n<div class=\"wp-block-column is-layout-flow wp-block-column-is-layout-flow\"><div class=\"wp-core-paragraph\">\n<p>Airparx se ha asociado con Kidztivity para ofrecer a los Centros de Ocio Familiar la Academia de Formaci\u00f3n Airparx.\nKidztivity se centrar\u00e1 en impartir una formaci\u00f3n l\u00edder en el mundo a los Centros de Ocio Familiar, tanto durante la instalaci\u00f3n de nuevos productos como para reincorporar a los equipos que trabajan con los equipos existentes. <\/p>\n<\/div><\/div>\n<\/div>\n<\/div><\/div><\/section><\/div><div id=''><\/div>\t<section class=\"bg-oscuro py-2 py-m-3 py-l-4\">\n\t\t<div class=\"wrap\">\n\t\t\t<article>\n\t\t\t\t<div class=\"row valign\">\n\t\t\t\t\t<div class=\"col-12 col-m-6\">\n\t\t\t\t\t\t<div class=\"animation fadein fromleft\" data-onscreen=\"false\">\n\t\t\t\t\t\t\t\t\t\t\t\t\t\t\t<h2><b>\u00bfQui\u00e9nes son Kidztivity?<\/b><\/h2>\n<p><a href=\"https:\/\/kidztivity.com\"><strong>Kidztivity<\/strong><\/a> son especialistas en actividades infantiles y est\u00e1n a la vanguardia de la innovaci\u00f3n en este campo.<br \/>\nOfrecen formaci\u00f3n, consultor\u00eda y desarrollo de programas reconocidos en el sector, respaldados por m\u00e1s de 25 a\u00f1os de experiencia en el sector.<br \/>\nEn consonancia con los valores de Airparx, Kidztivity se compromete a ofrecer soluciones de primera clase que inspiren e involucren a las mentes j\u00f3venes, fomentando el amor por la actividad f\u00edsica y el deporte para toda la vida.  <\/p>\n\t\t\t\t\t\t\t\t\t\t\t\t\t<\/div>\n\t\t\t\t\t<\/div>\n\t\t\t\t\t<div class=\"col-12 col-m-6 mt-2 mt-m-0\">\n\t\t\t\t\t\t<div class=\"animation fadein fromright\" data-onscreen=\"false\">\n\t\t\t\t\t\t\t\t\t\t\t\t\t\t\t<figure class=\"block\">\n\t\t\t\t\t\t\t\t\t<img data-src=\"https:\/\/airparx.com\/wp-content\/uploads\/2024\/08\/16.png\" \/>\n\t\t\t\t\t\t\t\t<\/figure>\n\t\t\t\t\t\t\t\t\t\t\t\t\t<\/div>\n\t\t\t\t\t<\/div>\n\t\t\t\t<\/div>\n\t\t\t<\/article>\n\t\t<\/div>\n\t<\/section>\n\n\t<section class=\"my-2 my-m-3 my-l-4\"><div class=\"wrap\"><div class=\"row\"><div class=\"col-12\"><\/div><\/div><\/section><\/div><div id=''><\/div>\t<section class=\"my-2 my-m-3 my-l-4\">\n\t\t<div class=\"wrap\">\n\t\t\t<article>\n\t\t\t\t<div class=\"row valign\">\n\t\t\t\t\t<div class=\"col-12 col-m-6\">\n\t\t\t\t\t\t<div class=\"animation fadein fromleft\" data-onscreen=\"false\">\n\t\t\t\t\t\t\t\t\t\t\t\t\t\t\t<figure class=\"block show-m\">\n\t\t\t\t\t\t\t\t\t<img data-src=\"https:\/\/airparx.com\/wp-content\/uploads\/2024\/08\/Airparx-Website-Images.png\" \/>\n\t\t\t\t\t\t\t\t<\/figure>\n\t\t\t\t\t\t\t\t\t\t\t\t\t<\/div>\n\t\t\t\t\t<\/div>\n\t\t\t\t\t<div class=\"col-12 col-m-6 mt-2 mt-m-0\">\n\t\t\t\t\t\t<div class=\"animation fadein fromright\" data-onscreen=\"false\">\n\t\t\t\t\t\t\t\t\t\t\t\t\t\t\t<h2>Kidztivity en asociaci\u00f3n con Airparx<\/h2>\n<p>  La Academia de Formaci\u00f3n Airparx, impulsada por Kidztivity, se centrar\u00e1 en impartir formaci\u00f3n de primer nivel a los CEF, tanto durante la instalaci\u00f3n de nuevos productos como para reincorporar a los equipos que trabajan con los ya existentes.<br \/>\nEsta asociaci\u00f3n proporciona a los clientes de Airparx una serie exclusiva de seminarios web gratuitos, as\u00ed como ofertas en servicios de educaci\u00f3n y formaci\u00f3n.<br \/>\nLos clientes actuales de Airparx tienen ahora acceso a descuentos exclusivos y los nuevos clientes se beneficiar\u00e1n de la formaci\u00f3n como parte de nuevos paquetes de instalaci\u00f3n destinados a mejorar la experiencia global tanto de los operadores como de sus clientes.  <\/p>\n\t\t\t\t\t\t\t\t\t\t\t\t\t\t\t\t<figure class=\"block hide-m\">\n\t\t\t\t\t\t\t\t\t<img data-src=\"https:\/\/airparx.com\/wp-content\/uploads\/2024\/08\/Airparx-Website-Images.png\" \/>\n\t\t\t\t\t\t\t\t<\/figure>\n\t\t\t\t\t\t\t\t\t\t\t\t\t<\/div>\n\t\t\t\t\t<\/div>\n\t\t\t\t<\/div>\n\t\t\t<\/article>\n\t\t<\/div>\n\t<\/section>\n\n\t<section class=\"my-2 my-m-3 my-l-4\"><div class=\"wrap\"><div class=\"row\"><div class=\"col-12\"><\/div><\/div><\/section><\/div><div id=''><\/div>\t<section class=\"bg-oscuro py-2 py-m-3 py-l-4\">\n\t\t<div class=\"wrap\">\n\t\t\t<article>\n\t\t\t\t<div class=\"row valign\">\n\t\t\t\t\t<div class=\"col-12 col-m-6\">\n\t\t\t\t\t\t<div class=\"animation fadein fromleft\" data-onscreen=\"false\">\n\t\t\t\t\t\t\t\t\t\t\t\t\t\t\t<h2><b>Webinarios Kidztivity<\/b><\/h2>\n<p>  El primero de los seminarios web interactivos, que tendr\u00e1 lugar el 30 de septiembre a las 14.00 GMT, examinar\u00e1 los pasos necesarios para poner en marcha y gestionar colonias de vacaciones \u00fanicas dentro de los CEF.<br \/>\nHabr\u00e1 gu\u00edas sencillas \u00abhechas por ti\u00bb para impulsar los ingresos y aumentar las visitas repetidas para contribuir al crecimiento del negocio.<br \/>\nLa segunda, el 3 de octubre a las 14.00 h GMT, ser\u00e1 una introducci\u00f3n a la mejora del compromiso entre los equipos de actividades, los ni\u00f1os y las familias, que abarcar\u00e1 la conversaci\u00f3n, la gesti\u00f3n de situaciones dif\u00edciles, la exhibici\u00f3n de equipos y la realizaci\u00f3n de minidesaf\u00edos.  <\/p>\n\t\t\t\t\t\t\t\t\t\t\t\t\t<\/div>\n\t\t\t\t\t<\/div>\n\t\t\t\t\t<div class=\"col-12 col-m-6 mt-2 mt-m-0\">\n\t\t\t\t\t\t<div class=\"animation fadein fromright\" data-onscreen=\"false\">\n\t\t\t\t\t\t\t\t\t\t\t\t\t\t\t<figure class=\"block\">\n\t\t\t\t\t\t\t\t\t<img data-src=\"https:\/\/airparx.com\/wp-content\/uploads\/2024\/08\/15.png\" \/>\n\t\t\t\t\t\t\t\t<\/figure>\n\t\t\t\t\t\t\t\t\t\t\t\t\t<\/div>\n\t\t\t\t\t<\/div>\n\t\t\t\t<\/div>\n\t\t\t<\/article>\n\t\t<\/div>\n\t<\/section>\n\n\t<section class=\"my-2 my-m-3 my-l-4\"><div class=\"wrap\"><div class=\"row\"><div class=\"col-12\"><div class=\"wp-core-heading\">\n<h2 class=\"wp-block-heading\">\u00a1Inscr\u00edbete hoy!<\/h2>\n<\/div><div class=\"wp-core-paragraph\">\n<p>Webinar 1: 30 de septiembre de 2024, 14.00 h GMT<\/p>\n<\/div><div class=\"wp-core-paragraph\">\n<p>Impulsar los ingresos con las colonias de vacaciones: introducci\u00f3n al lanzamiento de colonias de vacaciones en tu CEF<\/p>\n<\/div><div class=\"wp-core-paragraph\">\n<p>Inscr\u00edbete <a href=\"https:\/\/zoom.us\/webinar\/register\/WN_kR6z5xvdQAK5w-OuELdOVw#\/registration\"><strong>AQU\u00cd<\/strong><\/a><\/p>\n<\/div><div class=\"wp-core-paragraph\">\n<p>Webinar 2: 3 de octubre de 2024, 14.00 h GMT<\/p>\n<\/div><div class=\"wp-core-paragraph\">\n<p>Eleva el nivel de tu compromiso con el cliente: una introducci\u00f3n para atraer mejor a los ni\u00f1os y las familias a tu CEF<\/p>\n<\/div><div class=\"wp-core-paragraph\">\n<p>Inscr\u00edbete <a href=\"https:\/\/zoom.us\/webinar\/register\/WN_JpqQiQEIRrOvVcrKtnvS3A#\/registration\"><strong>AQU\u00cd<\/strong><\/a><\/p>\n<\/div>\n<div class=\"wp-block-group\"><div class=\"wp-block-group__inner-container is-layout-flow wp-block-group-is-layout-flow\">\n<section class=\"my-2 my-m-3 mt-l-4\">\n<div class=\"wrap\">\n<div class=\"row\">\n<article>\n<div class=\"col-12 col-m-7\">\n<h4>\u00a1Ponte en contacto con nosotros hoy mismo!<\/h4>\n<p>\u00bfListo para dar el siguiente salto y llevar la emoci\u00f3n a tu local?\nNo dudes en ponerte en contacto con nosotros para obtener m\u00e1s informaci\u00f3n, conocer los precios o hablar de tus necesidades espec\u00edficas.\nNuestro equipo de Airparx est\u00e1 aqu\u00ed para ayudarte a hacer realidad tu visi\u00f3n.  <\/p>\n\n<div class=\"wpcf7 no-js\" id=\"wpcf7-f5549-o1\" lang=\"es-ES\" dir=\"ltr\" data-wpcf7-id=\"5549\">\n<div class=\"screen-reader-response\"><p role=\"status\" aria-live=\"polite\" aria-atomic=\"true\"><\/p> <ul><\/ul><\/div>\n<form action=\"\/es\/wp-json\/wp\/v2\/pages\/9709#wpcf7-f5549-o1\" method=\"post\" class=\"wpcf7-form init\" aria-label=\"Formulario de contacto\" novalidate=\"novalidate\" data-status=\"init\">\n<fieldset class=\"hidden-fields-container\"><input type=\"hidden\" name=\"_wpcf7\" value=\"5549\" \/><input type=\"hidden\" name=\"_wpcf7_version\" value=\"6.1.5\" \/><input type=\"hidden\" name=\"_wpcf7_locale\" value=\"es_ES\" \/><input type=\"hidden\" name=\"_wpcf7_unit_tag\" value=\"wpcf7-f5549-o1\" \/><input type=\"hidden\" name=\"_wpcf7_container_post\" value=\"0\" \/><input type=\"hidden\" name=\"_wpcf7_posted_data_hash\" value=\"\" \/><input type=\"hidden\" name=\"_wpcf7_recaptcha_response\" value=\"\" \/>\n<\/fieldset>\n<div class=\"row\">\n\t<div class=\"col-12 col-s-6\">\n\t\t<p><label for=\"Name\">Nombre<\/label><br \/>\n<span class=\"wpcf7-form-control-wrap\" data-name=\"FirstName\"><input size=\"40\" maxlength=\"400\" class=\"wpcf7-form-control wpcf7-text wpcf7-validates-as-required\" aria-required=\"true\" aria-invalid=\"false\" value=\"\" type=\"text\" name=\"FirstName\" \/><\/span>\n\t\t<\/p>\n\t<\/div>\n\t<div class=\"col-12 col-s-6\">\n\t\t<p><label for=\"Name\">Apellido*<\/label><br \/>\n<span class=\"wpcf7-form-control-wrap\" data-name=\"LastName\"><input size=\"40\" maxlength=\"400\" class=\"wpcf7-form-control wpcf7-text wpcf7-validates-as-required\" aria-required=\"true\" aria-invalid=\"false\" value=\"\" type=\"text\" name=\"LastName\" \/><\/span>\n\t\t<\/p>\n\t<\/div>\n\t<div class=\"col-12 col-s-6 mt-05 mt-s-0\">\n\t\t<p><label for=\"Email\">Direcci\u00f3n de correo electr\u00f3nico<\/label><br \/>\n<span class=\"wpcf7-form-control-wrap\" data-name=\"Email\"><input size=\"40\" maxlength=\"400\" class=\"wpcf7-form-control wpcf7-email wpcf7-validates-as-required wpcf7-text wpcf7-validates-as-email\" aria-required=\"true\" aria-invalid=\"false\" value=\"\" type=\"email\" name=\"Email\" \/><\/span>\n\t\t<\/p>\n\t<\/div>\n<\/div>\n<div class=\"row\">\n\t<div class=\"col-12 col-s-6 mt-05 mt-s-0\">\n\t\t<p><label for=\"Company\">Nombre de la empresa (opcional)<\/label><br \/>\n<span class=\"wpcf7-form-control-wrap\" data-name=\"Company\"><input size=\"40\" maxlength=\"400\" class=\"wpcf7-form-control wpcf7-text\" aria-invalid=\"false\" value=\"\" type=\"text\" name=\"Company\" \/><\/span>\n\t\t<\/p>\n\t<\/div>\n\t<div class=\"col-12 col-s-6\">\n\t\t<p><label for=\"Phone\">N\u00famero de tel\u00e9fono (opcional)<\/label><br \/>\n<span class=\"wpcf7-form-control-wrap\" data-name=\"Phone\"><input size=\"40\" maxlength=\"400\" class=\"wpcf7-form-control wpcf7-tel wpcf7-text wpcf7-validates-as-tel\" aria-invalid=\"false\" value=\"\" type=\"tel\" name=\"Phone\" \/><\/span>\n\t\t<\/p>\n\t<\/div>\n<\/div>\n<div class=\"row\">\n\t<div class=\"col-12 col-s-6\">\n\t\t<p><label for=\"Country\">Pa\u00eds (opcional)<\/label><br \/>\n<span class=\"wpcf7-form-control-wrap\" data-name=\"Country\"><input size=\"40\" maxlength=\"400\" class=\"wpcf7-form-control wpcf7-text\" aria-invalid=\"false\" value=\"\" type=\"text\" name=\"Country\" \/><\/span>\n\t\t<\/p>\n\t<\/div>\n<\/div>\n<p><label for=\"Message\">Mensaje<\/label><br \/>\n<span class=\"wpcf7-form-control-wrap\" data-name=\"Message\"><textarea cols=\"40\" rows=\"6\" maxlength=\"2000\" class=\"wpcf7-form-control wpcf7-textarea wpcf7-validates-as-required\" aria-required=\"true\" aria-invalid=\"false\" name=\"Message\"><\/textarea><\/span>\n<\/p>\n<p>Opta por el marketing para estar al d\u00eda de nuestros \u00faltimos productos, noticias y ofertas especiales<br \/>\n<span class=\"wpcf7-form-control-wrap\" data-name=\"newsletter\"><span class=\"wpcf7-form-control wpcf7-radio\"><span class=\"wpcf7-list-item first\"><label><input type=\"radio\" name=\"newsletter\" value=\"Yes\" \/><span class=\"wpcf7-list-item-label\">Yes<\/span><\/label><\/span><span class=\"wpcf7-list-item last\"><label><input type=\"radio\" name=\"newsletter\" value=\"No\" checked=\"checked\" \/><span class=\"wpcf7-list-item-label\">No<\/span><\/label><\/span><\/span><\/span>\n<\/p>\n<div id=\"refer-div\">\n<\/div>\n<p><input class=\"wpcf7-form-control wpcf7-submit has-spinner button\" type=\"submit\" value=\"Send\" \/>\n<\/p><div class=\"wpcf7-response-output\" aria-hidden=\"true\"><\/div>\n<\/form>\n<\/div>\n\n<\/div>\n<p><!--.col--><\/p>\n<div class=\"col-5 col-xl-4 pull-xl-1 show-m mt-4\">\n<div class=\"usp-list\">\n<ul>\n<li>L\u00edder del sector<\/li>\n<li>Soluci\u00f3n \u00abllave en mano<\/li>\n<li>Instalaciones en todo el mundo<\/li>\n<li>Fabricaci\u00f3n propia<\/li>\n<li>Liderando el Servicio al Cliente  <\/li>\n<\/ul>\n<\/div>\n<p><!--.usp-list--><\/p>\n<h5 class=\"mt-2\">O ll\u00e1manos al<\/h5>\n<p class=\"mt-05 text-cyan\"><strong> <i class=\"fa fa-phone mr-05\" aria-hidden=\"true\"><\/i>  +44(0) 1179 414918  <\/strong><\/p>\n<\/div>\n<p><!--.col--><\/p>\n<\/article>\n<\/div>\n<p><!--.row--><\/p>\n<\/div>\n<p><!--.wrap--><\/p>\n<\/section>\n<\/div><\/div>\n","protected":false},"excerpt":{"rendered":"<p>Airparx se ha asociado con Kidztivity para ofrecer a los Centros de Ocio Familiar la Academia de Formaci\u00f3n Airparx. Kidztivity se centrar\u00e1 en impartir una formaci\u00f3n l\u00edder en el mundo a los Centros de Ocio Familiar, tanto durante la instalaci\u00f3n de nuevos productos como para reincorporar a los equipos que trabajan con los equipos existentes. [&hellip;]<\/p>\n","protected":false},"author":1,"featured_media":9354,"parent":0,"menu_order":0,"comment_status":"closed","ping_status":"closed","template":"","meta":{"_acf_changed":false,"footnotes":""},"class_list":["post-9709","page","type-page","status-publish","has-post-thumbnail","hentry"],"acf":[],"yoast_head":"<!-- This site is optimized with the Yoast SEO Premium plugin v26.7 (Yoast SEO v27.3) - https:\/\/yoast.com\/product\/yoast-seo-premium-wordpress\/ -->\n<title>Academia de Formaci\u00f3n Airparx, Impulsada por Kidztivity - Airparx<\/title>\n<meta name=\"description\" content=\"Airparx se asocia con Kidztivity, especialistas en actividades infantiles, para ofrecer a los Centros de Ocio Familiar la Academia de Formaci\u00f3n Airparx.\" \/>\n<meta name=\"robots\" content=\"index, follow, max-snippet:-1, max-image-preview:large, max-video-preview:-1\" \/>\n<link rel=\"canonical\" href=\"https:\/\/airparx.com\/es\/academia-de-formacion-airparx-impulsada-por-kidztivity\/\" \/>\n<meta property=\"og:locale\" content=\"es_ES\" \/>\n<meta property=\"og:type\" content=\"article\" \/>\n<meta property=\"og:title\" content=\"Academia de Formaci\u00f3n Airparx, Impulsada por Kidztivity\" \/>\n<meta property=\"og:description\" content=\"Airparx se asocia con Kidztivity, especialistas en actividades infantiles, para ofrecer a los Centros de Ocio Familiar la Academia de Formaci\u00f3n Airparx.\" \/>\n<meta property=\"og:url\" content=\"https:\/\/airparx.com\/es\/academia-de-formacion-airparx-impulsada-por-kidztivity\/\" \/>\n<meta property=\"og:site_name\" content=\"Airparx\" \/>\n<meta property=\"article:publisher\" content=\"https:\/\/www.facebook.com\/Airparx\/\" \/>\n<meta property=\"article:modified_time\" content=\"2024-09-19T09:34:07+00:00\" \/>\n<meta property=\"og:image\" content=\"https:\/\/airparx.com\/wp-content\/uploads\/2024\/08\/Airparx-Website-Images-1.png\" \/>\n\t<meta property=\"og:image:width\" content=\"1366\" \/>\n\t<meta property=\"og:image:height\" content=\"768\" \/>\n\t<meta property=\"og:image:type\" content=\"image\/png\" \/>\n<meta name=\"twitter:card\" content=\"summary_large_image\" \/>\n<meta name=\"twitter:label1\" content=\"Tiempo de lectura\" \/>\n\t<meta name=\"twitter:data1\" content=\"1 minuto\" \/>\n<script type=\"application\/ld+json\" class=\"yoast-schema-graph\">{\"@context\":\"https:\\\/\\\/schema.org\",\"@graph\":[{\"@type\":\"WebPage\",\"@id\":\"https:\\\/\\\/airparx.com\\\/es\\\/academia-de-formacion-airparx-impulsada-por-kidztivity\\\/\",\"url\":\"https:\\\/\\\/airparx.com\\\/es\\\/academia-de-formacion-airparx-impulsada-por-kidztivity\\\/\",\"name\":\"Academia de Formaci\u00f3n Airparx, Impulsada por Kidztivity - Airparx\",\"isPartOf\":{\"@id\":\"https:\\\/\\\/airparx.com\\\/es\\\/#website\"},\"primaryImageOfPage\":{\"@id\":\"https:\\\/\\\/airparx.com\\\/es\\\/academia-de-formacion-airparx-impulsada-por-kidztivity\\\/#primaryimage\"},\"image\":{\"@id\":\"https:\\\/\\\/airparx.com\\\/es\\\/academia-de-formacion-airparx-impulsada-por-kidztivity\\\/#primaryimage\"},\"thumbnailUrl\":\"https:\\\/\\\/airparx.com\\\/wp-content\\\/uploads\\\/2024\\\/08\\\/Airparx-Website-Images-1-e1747305863615.png\",\"datePublished\":\"2024-08-28T07:38:53+00:00\",\"dateModified\":\"2024-09-19T09:34:07+00:00\",\"description\":\"Airparx se asocia con Kidztivity, especialistas en actividades infantiles, para ofrecer a los Centros de Ocio Familiar la Academia de Formaci\u00f3n Airparx.\",\"breadcrumb\":{\"@id\":\"https:\\\/\\\/airparx.com\\\/es\\\/academia-de-formacion-airparx-impulsada-por-kidztivity\\\/#breadcrumb\"},\"inLanguage\":\"es\",\"potentialAction\":[{\"@type\":\"ReadAction\",\"target\":[\"https:\\\/\\\/airparx.com\\\/es\\\/academia-de-formacion-airparx-impulsada-por-kidztivity\\\/\"]}]},{\"@type\":\"ImageObject\",\"inLanguage\":\"es\",\"@id\":\"https:\\\/\\\/airparx.com\\\/es\\\/academia-de-formacion-airparx-impulsada-por-kidztivity\\\/#primaryimage\",\"url\":\"https:\\\/\\\/airparx.com\\\/wp-content\\\/uploads\\\/2024\\\/08\\\/Airparx-Website-Images-1-e1747305863615.png\",\"contentUrl\":\"https:\\\/\\\/airparx.com\\\/wp-content\\\/uploads\\\/2024\\\/08\\\/Airparx-Website-Images-1-e1747305863615.png\",\"width\":1366,\"height\":768,\"caption\":\"Airparx Training Academy - Kidztivity\"},{\"@type\":\"BreadcrumbList\",\"@id\":\"https:\\\/\\\/airparx.com\\\/es\\\/academia-de-formacion-airparx-impulsada-por-kidztivity\\\/#breadcrumb\",\"itemListElement\":[{\"@type\":\"ListItem\",\"position\":1,\"name\":\"Home\",\"item\":\"https:\\\/\\\/airparx.com\\\/es\\\/\"},{\"@type\":\"ListItem\",\"position\":2,\"name\":\"Academia de Formaci\u00f3n Airparx, Impulsada por Kidztivity\"}]},{\"@type\":\"WebSite\",\"@id\":\"https:\\\/\\\/airparx.com\\\/es\\\/#website\",\"url\":\"https:\\\/\\\/airparx.com\\\/es\\\/\",\"name\":\"Airparx\",\"description\":\"Inflatable &amp; Trampoline Park Supplier\",\"publisher\":{\"@id\":\"https:\\\/\\\/airparx.com\\\/es\\\/#organization\"},\"potentialAction\":[{\"@type\":\"SearchAction\",\"target\":{\"@type\":\"EntryPoint\",\"urlTemplate\":\"https:\\\/\\\/airparx.com\\\/es\\\/?s={search_term_string}\"},\"query-input\":{\"@type\":\"PropertyValueSpecification\",\"valueRequired\":true,\"valueName\":\"search_term_string\"}}],\"inLanguage\":\"es\"},{\"@type\":\"Organization\",\"@id\":\"https:\\\/\\\/airparx.com\\\/es\\\/#organization\",\"name\":\"Airparx\",\"url\":\"https:\\\/\\\/airparx.com\\\/es\\\/\",\"logo\":{\"@type\":\"ImageObject\",\"inLanguage\":\"es\",\"@id\":\"https:\\\/\\\/airparx.com\\\/es\\\/#\\\/schema\\\/logo\\\/image\\\/\",\"url\":\"https:\\\/\\\/airparx.com\\\/wp-content\\\/uploads\\\/2022\\\/06\\\/Airparx_Logo.png\",\"contentUrl\":\"https:\\\/\\\/airparx.com\\\/wp-content\\\/uploads\\\/2022\\\/06\\\/Airparx_Logo.png\",\"width\":1127,\"height\":461,\"caption\":\"Airparx\"},\"image\":{\"@id\":\"https:\\\/\\\/airparx.com\\\/es\\\/#\\\/schema\\\/logo\\\/image\\\/\"},\"sameAs\":[\"https:\\\/\\\/www.facebook.com\\\/Airparx\\\/\",\"https:\\\/\\\/www.instagram.com\\\/airparx\\\/\",\"https:\\\/\\\/www.youtube.com\\\/playlist?list=PL2LZnxdxb4eX2paMpuL0QxEvopAtGzyqY\",\"https:\\\/\\\/www.linkedin.com\\\/company\\\/airparx\\\/\"]}]}<\/script>\n<!-- \/ Yoast SEO Premium plugin. -->","yoast_head_json":{"title":"Academia de Formaci\u00f3n Airparx, Impulsada por Kidztivity - Airparx","description":"Airparx se asocia con Kidztivity, especialistas en actividades infantiles, para ofrecer a los Centros de Ocio Familiar la Academia de Formaci\u00f3n Airparx.","robots":{"index":"index","follow":"follow","max-snippet":"max-snippet:-1","max-image-preview":"max-image-preview:large","max-video-preview":"max-video-preview:-1"},"canonical":"https:\/\/airparx.com\/es\/academia-de-formacion-airparx-impulsada-por-kidztivity\/","og_locale":"es_ES","og_type":"article","og_title":"Academia de Formaci\u00f3n Airparx, Impulsada por Kidztivity","og_description":"Airparx se asocia con Kidztivity, especialistas en actividades infantiles, para ofrecer a los Centros de Ocio Familiar la Academia de Formaci\u00f3n Airparx.","og_url":"https:\/\/airparx.com\/es\/academia-de-formacion-airparx-impulsada-por-kidztivity\/","og_site_name":"Airparx","article_publisher":"https:\/\/www.facebook.com\/Airparx\/","article_modified_time":"2024-09-19T09:34:07+00:00","og_image":[{"width":1366,"height":768,"url":"https:\/\/airparx.com\/wp-content\/uploads\/2024\/08\/Airparx-Website-Images-1.png","type":"image\/png"}],"twitter_card":"summary_large_image","twitter_misc":{"Tiempo de lectura":"1 minuto"},"schema":{"@context":"https:\/\/schema.org","@graph":[{"@type":"WebPage","@id":"https:\/\/airparx.com\/es\/academia-de-formacion-airparx-impulsada-por-kidztivity\/","url":"https:\/\/airparx.com\/es\/academia-de-formacion-airparx-impulsada-por-kidztivity\/","name":"Academia de Formaci\u00f3n Airparx, Impulsada por Kidztivity - Airparx","isPartOf":{"@id":"https:\/\/airparx.com\/es\/#website"},"primaryImageOfPage":{"@id":"https:\/\/airparx.com\/es\/academia-de-formacion-airparx-impulsada-por-kidztivity\/#primaryimage"},"image":{"@id":"https:\/\/airparx.com\/es\/academia-de-formacion-airparx-impulsada-por-kidztivity\/#primaryimage"},"thumbnailUrl":"https:\/\/airparx.com\/wp-content\/uploads\/2024\/08\/Airparx-Website-Images-1-e1747305863615.png","datePublished":"2024-08-28T07:38:53+00:00","dateModified":"2024-09-19T09:34:07+00:00","description":"Airparx se asocia con Kidztivity, especialistas en actividades infantiles, para ofrecer a los Centros de Ocio Familiar la Academia de Formaci\u00f3n Airparx.","breadcrumb":{"@id":"https:\/\/airparx.com\/es\/academia-de-formacion-airparx-impulsada-por-kidztivity\/#breadcrumb"},"inLanguage":"es","potentialAction":[{"@type":"ReadAction","target":["https:\/\/airparx.com\/es\/academia-de-formacion-airparx-impulsada-por-kidztivity\/"]}]},{"@type":"ImageObject","inLanguage":"es","@id":"https:\/\/airparx.com\/es\/academia-de-formacion-airparx-impulsada-por-kidztivity\/#primaryimage","url":"https:\/\/airparx.com\/wp-content\/uploads\/2024\/08\/Airparx-Website-Images-1-e1747305863615.png","contentUrl":"https:\/\/airparx.com\/wp-content\/uploads\/2024\/08\/Airparx-Website-Images-1-e1747305863615.png","width":1366,"height":768,"caption":"Airparx Training Academy - Kidztivity"},{"@type":"BreadcrumbList","@id":"https:\/\/airparx.com\/es\/academia-de-formacion-airparx-impulsada-por-kidztivity\/#breadcrumb","itemListElement":[{"@type":"ListItem","position":1,"name":"Home","item":"https:\/\/airparx.com\/es\/"},{"@type":"ListItem","position":2,"name":"Academia de Formaci\u00f3n Airparx, Impulsada por Kidztivity"}]},{"@type":"WebSite","@id":"https:\/\/airparx.com\/es\/#website","url":"https:\/\/airparx.com\/es\/","name":"Airparx","description":"Inflatable &amp; Trampoline Park Supplier","publisher":{"@id":"https:\/\/airparx.com\/es\/#organization"},"potentialAction":[{"@type":"SearchAction","target":{"@type":"EntryPoint","urlTemplate":"https:\/\/airparx.com\/es\/?s={search_term_string}"},"query-input":{"@type":"PropertyValueSpecification","valueRequired":true,"valueName":"search_term_string"}}],"inLanguage":"es"},{"@type":"Organization","@id":"https:\/\/airparx.com\/es\/#organization","name":"Airparx","url":"https:\/\/airparx.com\/es\/","logo":{"@type":"ImageObject","inLanguage":"es","@id":"https:\/\/airparx.com\/es\/#\/schema\/logo\/image\/","url":"https:\/\/airparx.com\/wp-content\/uploads\/2022\/06\/Airparx_Logo.png","contentUrl":"https:\/\/airparx.com\/wp-content\/uploads\/2022\/06\/Airparx_Logo.png","width":1127,"height":461,"caption":"Airparx"},"image":{"@id":"https:\/\/airparx.com\/es\/#\/schema\/logo\/image\/"},"sameAs":["https:\/\/www.facebook.com\/Airparx\/","https:\/\/www.instagram.com\/airparx\/","https:\/\/www.youtube.com\/playlist?list=PL2LZnxdxb4eX2paMpuL0QxEvopAtGzyqY","https:\/\/www.linkedin.com\/company\/airparx\/"]}]}},"_links":{"self":[{"href":"https:\/\/airparx.com\/es\/wp-json\/wp\/v2\/pages\/9709","targetHints":{"allow":["GET"]}}],"collection":[{"href":"https:\/\/airparx.com\/es\/wp-json\/wp\/v2\/pages"}],"about":[{"href":"https:\/\/airparx.com\/es\/wp-json\/wp\/v2\/types\/page"}],"author":[{"embeddable":true,"href":"https:\/\/airparx.com\/es\/wp-json\/wp\/v2\/users\/1"}],"replies":[{"embeddable":true,"href":"https:\/\/airparx.com\/es\/wp-json\/wp\/v2\/comments?post=9709"}],"version-history":[{"count":1,"href":"https:\/\/airparx.com\/es\/wp-json\/wp\/v2\/pages\/9709\/revisions"}],"predecessor-version":[{"id":9711,"href":"https:\/\/airparx.com\/es\/wp-json\/wp\/v2\/pages\/9709\/revisions\/9711"}],"wp:featuredmedia":[{"embeddable":true,"href":"https:\/\/airparx.com\/es\/wp-json\/wp\/v2\/media\/9354"}],"wp:attachment":[{"href":"https:\/\/airparx.com\/es\/wp-json\/wp\/v2\/media?parent=9709"}],"curies":[{"name":"wp","href":"https:\/\/api.w.org\/{rel}","templated":true}]}}