{"id":12585,"date":"2026-01-30T12:16:09","date_gmt":"2026-01-30T12:16:09","guid":{"rendered":"https:\/\/airparx.com\/installations\/owaza\/"},"modified":"2026-01-30T12:16:09","modified_gmt":"2026-01-30T12:16:09","slug":"owaza","status":"publish","type":"product","link":"https:\/\/airparx.com\/es\/installations\/owaza\/","title":{"rendered":"Owaza"},"content":{"rendered":"<div class=\"css-e3521u css-1rm7u2e css-1k07npk css-1v8x7dw\">\n<div class=\"css-1xqtj3d-resultContainer\">\n<div class=\"css-e3521u css-1rm7u2e css-1k07npk css-1v8x7dw\">\n<div class=\"css-1xqtj3d-resultContainer\">\n<p>Siguiendo nuestra tradici\u00f3n de a\u00f1os anteriores, 2025 fue otro per\u00edodo emocionante de crecimiento y colaboraci\u00f3n para Airparx. Tuvimos el placer de trabajar estrechamente con muchos de nuestros clientes leales y recurrentes, fortaleciendo asociaciones ya establecidas, al tiempo que d\u00e1bamos la bienvenida a varias nuevas franquicias a la creciente familia Airparx. Esta combinaci\u00f3n de relaciones duraderas y nuevas oportunidades refleja nuestro compromiso de apoyar las necesidades cambiantes de la industria del ocio y las atracciones.<\/p>\n<p>Uno de los proyectos destacados del a\u00f1o fue una importante instalaci\u00f3n para OWAZA, un nuevo cliente con sede en Charleroi, B\u00e9lgica. Para OWAZA, dise\u00f1amos y entregamos un gran parque inflable de dos niveles que ofrece una experiencia din\u00e1mica y atractiva para los visitantes. El innovador dise\u00f1o comienza en el entresuelo y fluye sin interrupciones para abarcar toda la planta baja, con varias secciones inflables interconectadas por un impresionante y sustancial tobog\u00e1n de rampa. Este dise\u00f1o bien pensado maximiza tanto el valor de juego como el flujo de visitantes, asegurando una experiencia memorable para todas las edades.<\/p>\n<p>Aunque esto marca la primera incursi\u00f3n de OWAZA en el mercado de los centros de entretenimiento familiar (FEC), los propietarios aportan una gran experiencia de su exitosa gesti\u00f3n de instalaciones deportivas y de ocio, incluyendo populares pistas de p\u00e1del. Su experiencia en ofrecer experiencias recreativas de alta calidad los posiciona bien para el \u00e9xito en este nuevo sector. Con instalaciones adicionales ya en fase de planificaci\u00f3n, OWAZA est\u00e1 preparada para establecerse como una marca prominente e innovadora dentro del competitivo panorama de los FEC en Europa.<\/p>\n<\/div>\n<\/div>\n<\/div>\n<\/div>\n","protected":false},"excerpt":{"rendered":"<p>Siguiendo nuestra tradici\u00f3n de a\u00f1os anteriores, 2025 fue otro per\u00edodo emocionante de crecimiento y colaboraci\u00f3n para Airparx. Tuvimos el placer de trabajar estrechamente con muchos de nuestros clientes leales y recurrentes, fortaleciendo asociaciones ya establecidas, al tiempo que d\u00e1bamos la bienvenida a varias nuevas franquicias a la creciente familia Airparx. Esta combinaci\u00f3n de relaciones duraderas [&hellip;]<\/p>\n","protected":false},"featured_media":12498,"template":"","meta":{"_acf_changed":false},"product_brand":[],"product_cat":[82],"product_tag":[],"class_list":{"0":"post-12585","1":"product","2":"type-product","3":"status-publish","4":"has-post-thumbnail","6":"product_cat-parques-hinchables","8":"first","9":"instock","10":"shipping-taxable","11":"product-type-simple"},"acf":[],"yoast_head":"<!-- This site is optimized with the Yoast SEO Premium plugin v26.7 (Yoast SEO v27.3) - https:\/\/yoast.com\/product\/yoast-seo-premium-wordpress\/ -->\n<title>Owaza - Airparx<\/title>\n<meta name=\"robots\" content=\"index, follow, max-snippet:-1, max-image-preview:large, max-video-preview:-1\" \/>\n<link rel=\"canonical\" href=\"https:\/\/airparx.com\/es\/installations\/owaza\/\" \/>\n<meta property=\"og:locale\" content=\"es_ES\" \/>\n<meta property=\"og:type\" content=\"article\" \/>\n<meta property=\"og:title\" content=\"Owaza\" \/>\n<meta property=\"og:description\" content=\"Siguiendo nuestra tradici\u00f3n de a\u00f1os anteriores, 2025 fue otro per\u00edodo emocionante de crecimiento y colaboraci\u00f3n para Airparx. Tuvimos el placer de trabajar estrechamente con muchos de nuestros clientes leales y recurrentes, fortaleciendo asociaciones ya establecidas, al tiempo que d\u00e1bamos la bienvenida a varias nuevas franquicias a la creciente familia Airparx. Esta combinaci\u00f3n de relaciones duraderas [&hellip;]\" \/>\n<meta property=\"og:url\" content=\"https:\/\/airparx.com\/es\/installations\/owaza\/\" \/>\n<meta property=\"og:site_name\" content=\"Airparx\" \/>\n<meta property=\"article:publisher\" content=\"https:\/\/www.facebook.com\/Airparx\/\" \/>\n<meta property=\"og:image\" content=\"https:\/\/airparx.com\/wp-content\/uploads\/2026\/01\/Owaza_10-scaled.jpg\" \/>\n\t<meta property=\"og:image:width\" content=\"2560\" \/>\n\t<meta property=\"og:image:height\" content=\"1920\" \/>\n\t<meta property=\"og:image:type\" content=\"image\/jpeg\" \/>\n<meta name=\"twitter:card\" content=\"summary_large_image\" \/>\n<meta name=\"twitter:label1\" content=\"Tiempo de lectura\" \/>\n\t<meta name=\"twitter:data1\" content=\"1 minuto\" \/>\n<script type=\"application\/ld+json\" class=\"yoast-schema-graph\">{\"@context\":\"https:\\\/\\\/schema.org\",\"@graph\":[{\"@type\":\"WebPage\",\"@id\":\"https:\\\/\\\/airparx.com\\\/es\\\/installations\\\/owaza\\\/\",\"url\":\"https:\\\/\\\/airparx.com\\\/es\\\/installations\\\/owaza\\\/\",\"name\":\"Owaza - Airparx\",\"isPartOf\":{\"@id\":\"https:\\\/\\\/airparx.com\\\/es\\\/#website\"},\"primaryImageOfPage\":{\"@id\":\"https:\\\/\\\/airparx.com\\\/es\\\/installations\\\/owaza\\\/#primaryimage\"},\"image\":{\"@id\":\"https:\\\/\\\/airparx.com\\\/es\\\/installations\\\/owaza\\\/#primaryimage\"},\"thumbnailUrl\":\"https:\\\/\\\/airparx.com\\\/wp-content\\\/uploads\\\/2026\\\/01\\\/Owaza_10-scaled.jpg\",\"datePublished\":\"2026-01-30T12:16:09+00:00\",\"breadcrumb\":{\"@id\":\"https:\\\/\\\/airparx.com\\\/es\\\/installations\\\/owaza\\\/#breadcrumb\"},\"inLanguage\":\"es\",\"potentialAction\":[{\"@type\":\"ReadAction\",\"target\":[\"https:\\\/\\\/airparx.com\\\/es\\\/installations\\\/owaza\\\/\"]}]},{\"@type\":\"ImageObject\",\"inLanguage\":\"es\",\"@id\":\"https:\\\/\\\/airparx.com\\\/es\\\/installations\\\/owaza\\\/#primaryimage\",\"url\":\"https:\\\/\\\/airparx.com\\\/wp-content\\\/uploads\\\/2026\\\/01\\\/Owaza_10-scaled.jpg\",\"contentUrl\":\"https:\\\/\\\/airparx.com\\\/wp-content\\\/uploads\\\/2026\\\/01\\\/Owaza_10-scaled.jpg\",\"width\":2560,\"height\":1920},{\"@type\":\"BreadcrumbList\",\"@id\":\"https:\\\/\\\/airparx.com\\\/es\\\/installations\\\/owaza\\\/#breadcrumb\",\"itemListElement\":[{\"@type\":\"ListItem\",\"position\":1,\"name\":\"Home\",\"item\":\"https:\\\/\\\/airparx.com\\\/es\\\/\"},{\"@type\":\"ListItem\",\"position\":2,\"name\":\"Owaza\"}]},{\"@type\":\"WebSite\",\"@id\":\"https:\\\/\\\/airparx.com\\\/es\\\/#website\",\"url\":\"https:\\\/\\\/airparx.com\\\/es\\\/\",\"name\":\"Airparx\",\"description\":\"Inflatable &amp; Trampoline Park Supplier\",\"publisher\":{\"@id\":\"https:\\\/\\\/airparx.com\\\/es\\\/#organization\"},\"potentialAction\":[{\"@type\":\"SearchAction\",\"target\":{\"@type\":\"EntryPoint\",\"urlTemplate\":\"https:\\\/\\\/airparx.com\\\/es\\\/?s={search_term_string}\"},\"query-input\":{\"@type\":\"PropertyValueSpecification\",\"valueRequired\":true,\"valueName\":\"search_term_string\"}}],\"inLanguage\":\"es\"},{\"@type\":\"Organization\",\"@id\":\"https:\\\/\\\/airparx.com\\\/es\\\/#organization\",\"name\":\"Airparx\",\"url\":\"https:\\\/\\\/airparx.com\\\/es\\\/\",\"logo\":{\"@type\":\"ImageObject\",\"inLanguage\":\"es\",\"@id\":\"https:\\\/\\\/airparx.com\\\/es\\\/#\\\/schema\\\/logo\\\/image\\\/\",\"url\":\"https:\\\/\\\/airparx.com\\\/wp-content\\\/uploads\\\/2022\\\/06\\\/Airparx_Logo.png\",\"contentUrl\":\"https:\\\/\\\/airparx.com\\\/wp-content\\\/uploads\\\/2022\\\/06\\\/Airparx_Logo.png\",\"width\":1127,\"height\":461,\"caption\":\"Airparx\"},\"image\":{\"@id\":\"https:\\\/\\\/airparx.com\\\/es\\\/#\\\/schema\\\/logo\\\/image\\\/\"},\"sameAs\":[\"https:\\\/\\\/www.facebook.com\\\/Airparx\\\/\",\"https:\\\/\\\/www.instagram.com\\\/airparx\\\/\",\"https:\\\/\\\/www.youtube.com\\\/playlist?list=PL2LZnxdxb4eX2paMpuL0QxEvopAtGzyqY\",\"https:\\\/\\\/www.linkedin.com\\\/company\\\/airparx\\\/\"]}]}<\/script>\n<!-- \/ Yoast SEO Premium plugin. -->","yoast_head_json":{"title":"Owaza - Airparx","robots":{"index":"index","follow":"follow","max-snippet":"max-snippet:-1","max-image-preview":"max-image-preview:large","max-video-preview":"max-video-preview:-1"},"canonical":"https:\/\/airparx.com\/es\/installations\/owaza\/","og_locale":"es_ES","og_type":"article","og_title":"Owaza","og_description":"Siguiendo nuestra tradici\u00f3n de a\u00f1os anteriores, 2025 fue otro per\u00edodo emocionante de crecimiento y colaboraci\u00f3n para Airparx. Tuvimos el placer de trabajar estrechamente con muchos de nuestros clientes leales y recurrentes, fortaleciendo asociaciones ya establecidas, al tiempo que d\u00e1bamos la bienvenida a varias nuevas franquicias a la creciente familia Airparx. Esta combinaci\u00f3n de relaciones duraderas [&hellip;]","og_url":"https:\/\/airparx.com\/es\/installations\/owaza\/","og_site_name":"Airparx","article_publisher":"https:\/\/www.facebook.com\/Airparx\/","og_image":[{"width":2560,"height":1920,"url":"https:\/\/airparx.com\/wp-content\/uploads\/2026\/01\/Owaza_10-scaled.jpg","type":"image\/jpeg"}],"twitter_card":"summary_large_image","twitter_misc":{"Tiempo de lectura":"1 minuto"},"schema":{"@context":"https:\/\/schema.org","@graph":[{"@type":"WebPage","@id":"https:\/\/airparx.com\/es\/installations\/owaza\/","url":"https:\/\/airparx.com\/es\/installations\/owaza\/","name":"Owaza - Airparx","isPartOf":{"@id":"https:\/\/airparx.com\/es\/#website"},"primaryImageOfPage":{"@id":"https:\/\/airparx.com\/es\/installations\/owaza\/#primaryimage"},"image":{"@id":"https:\/\/airparx.com\/es\/installations\/owaza\/#primaryimage"},"thumbnailUrl":"https:\/\/airparx.com\/wp-content\/uploads\/2026\/01\/Owaza_10-scaled.jpg","datePublished":"2026-01-30T12:16:09+00:00","breadcrumb":{"@id":"https:\/\/airparx.com\/es\/installations\/owaza\/#breadcrumb"},"inLanguage":"es","potentialAction":[{"@type":"ReadAction","target":["https:\/\/airparx.com\/es\/installations\/owaza\/"]}]},{"@type":"ImageObject","inLanguage":"es","@id":"https:\/\/airparx.com\/es\/installations\/owaza\/#primaryimage","url":"https:\/\/airparx.com\/wp-content\/uploads\/2026\/01\/Owaza_10-scaled.jpg","contentUrl":"https:\/\/airparx.com\/wp-content\/uploads\/2026\/01\/Owaza_10-scaled.jpg","width":2560,"height":1920},{"@type":"BreadcrumbList","@id":"https:\/\/airparx.com\/es\/installations\/owaza\/#breadcrumb","itemListElement":[{"@type":"ListItem","position":1,"name":"Home","item":"https:\/\/airparx.com\/es\/"},{"@type":"ListItem","position":2,"name":"Owaza"}]},{"@type":"WebSite","@id":"https:\/\/airparx.com\/es\/#website","url":"https:\/\/airparx.com\/es\/","name":"Airparx","description":"Inflatable &amp; Trampoline Park Supplier","publisher":{"@id":"https:\/\/airparx.com\/es\/#organization"},"potentialAction":[{"@type":"SearchAction","target":{"@type":"EntryPoint","urlTemplate":"https:\/\/airparx.com\/es\/?s={search_term_string}"},"query-input":{"@type":"PropertyValueSpecification","valueRequired":true,"valueName":"search_term_string"}}],"inLanguage":"es"},{"@type":"Organization","@id":"https:\/\/airparx.com\/es\/#organization","name":"Airparx","url":"https:\/\/airparx.com\/es\/","logo":{"@type":"ImageObject","inLanguage":"es","@id":"https:\/\/airparx.com\/es\/#\/schema\/logo\/image\/","url":"https:\/\/airparx.com\/wp-content\/uploads\/2022\/06\/Airparx_Logo.png","contentUrl":"https:\/\/airparx.com\/wp-content\/uploads\/2022\/06\/Airparx_Logo.png","width":1127,"height":461,"caption":"Airparx"},"image":{"@id":"https:\/\/airparx.com\/es\/#\/schema\/logo\/image\/"},"sameAs":["https:\/\/www.facebook.com\/Airparx\/","https:\/\/www.instagram.com\/airparx\/","https:\/\/www.youtube.com\/playlist?list=PL2LZnxdxb4eX2paMpuL0QxEvopAtGzyqY","https:\/\/www.linkedin.com\/company\/airparx\/"]}]}},"_links":{"self":[{"href":"https:\/\/airparx.com\/es\/wp-json\/wp\/v2\/product\/12585","targetHints":{"allow":["GET"]}}],"collection":[{"href":"https:\/\/airparx.com\/es\/wp-json\/wp\/v2\/product"}],"about":[{"href":"https:\/\/airparx.com\/es\/wp-json\/wp\/v2\/types\/product"}],"wp:featuredmedia":[{"embeddable":true,"href":"https:\/\/airparx.com\/es\/wp-json\/wp\/v2\/media\/12498"}],"wp:attachment":[{"href":"https:\/\/airparx.com\/es\/wp-json\/wp\/v2\/media?parent=12585"}],"wp:term":[{"taxonomy":"product_brand","embeddable":true,"href":"https:\/\/airparx.com\/es\/wp-json\/wp\/v2\/product_brand?post=12585"},{"taxonomy":"product_cat","embeddable":true,"href":"https:\/\/airparx.com\/es\/wp-json\/wp\/v2\/product_cat?post=12585"},{"taxonomy":"product_tag","embeddable":true,"href":"https:\/\/airparx.com\/es\/wp-json\/wp\/v2\/product_tag?post=12585"}],"curies":[{"name":"wp","href":"https:\/\/api.w.org\/{rel}","templated":true}]}}