{"id":12595,"date":"2025-11-17T15:36:17","date_gmt":"2025-11-17T15:36:17","guid":{"rendered":"https:\/\/airparx.com\/installations\/ultimate-warriors\/"},"modified":"2025-11-17T15:36:17","modified_gmt":"2025-11-17T15:36:17","slug":"ultimate-warriors","status":"publish","type":"product","link":"https:\/\/airparx.com\/es\/installations\/ultimate-warriors\/","title":{"rendered":"Ultimate Warriors"},"content":{"rendered":"<p>Ultimate Warriors fue una de las renovaciones m\u00e1s emocionantes y estimulantes que completamos en 2025. El recinto contaba originalmente con varios circuitos ninja, y trabajamos estrechamente con el cliente para reubicarlos y aprovechar al m\u00e1ximo el espacio disponible, incorporando nuevas prestaciones para mejorar la experiencia del visitante.<\/p>\n<p>Desde el dise\u00f1o inicial hasta la fabricaci\u00f3n y la instalaci\u00f3n, todos los departamentos de Airparx aportaron dedicaci\u00f3n y precisi\u00f3n para hacer realidad este concepto. La renovaci\u00f3n incorpor\u00f3 nuevos obst\u00e1culos exigentes al circuito ninja existente, ofreciendo mayor variedad y participaci\u00f3n para visitantes de todos los niveles.<\/p>\n<p>Tambi\u00e9n incorporamos un circuito de obst\u00e1culos hinchable completamente nuevo, dise\u00f1ado para ofrecer una experiencia de carrera llena de energ\u00eda gracias a sus superficies el\u00e1sticas y din\u00e1micas. Un elemento destacado de la renovaci\u00f3n es el recorrido ninja de dos plantas, con una emocionante combinaci\u00f3n de secciones de obst\u00e1culos y tobog\u00e1n. El parque tambi\u00e9n incorpora una nueva barra de bombero y un Warped Wall, dise\u00f1ados cuidadosamente para desafiar y entretener a visitantes de todas las edades y capacidades.<\/p>\n<p>El resultado es un recinto completamente transformado que ofrece una combinaci\u00f3n perfecta de emoci\u00f3n, desaf\u00edo y diversi\u00f3n. Ultimate Warriors es ahora un ejemplo de c\u00f3mo una planificaci\u00f3n cuidadosa, un dise\u00f1o innovador y una ejecuci\u00f3n colaborativa pueden dar nueva vida a un centro de ocio familiar, haciendo que los visitantes vuelvan a por m\u00e1s.<\/p>\n<p>\u00abAirparx demostr\u00f3 ser un socio excelente para nuestro proyecto de cambio de marca y renovaci\u00f3n. Su apoyo y comunicaci\u00f3n desde la consulta inicial, el dise\u00f1o, la construcci\u00f3n y el servicio posventa fueron ejemplares. Los completos dise\u00f1os en 3D nos aportaron un alto nivel de confianza y la \u00e9tica de trabajo y el compromiso durante toda la construcci\u00f3n fueron sobresalientes. Estamos encantados con nuestro nuevo equipamiento, tanto por su est\u00e9tica como por su calidad, y esperamos colaborar con Airparx en futuras iniciativas\u00bb.<\/p>\n<p>Sarah Greaves<br \/>\nUltimate Warriors Gloucester<\/p>\n","protected":false},"excerpt":{"rendered":"<p>Ultimate Warriors fue una de las renovaciones m\u00e1s emocionantes y estimulantes que completamos en 2025. El recinto contaba originalmente con varios circuitos ninja, y trabajamos estrechamente con el cliente para reubicarlos y aprovechar al m\u00e1ximo el espacio disponible, incorporando nuevas prestaciones para mejorar la experiencia del visitante. Desde el dise\u00f1o inicial hasta la fabricaci\u00f3n y [&hellip;]<\/p>\n","protected":false},"featured_media":11366,"template":"","meta":{"_acf_changed":false},"product_brand":[],"product_cat":[126,82,125],"product_tag":[],"class_list":{"0":"post-12595","1":"product","2":"type-product","3":"status-publish","4":"has-post-thumbnail","6":"product_cat-carreras-de-obstaculos-ninja","7":"product_cat-parques-hinchables","8":"product_cat-retrofit-y-complementos","10":"first","11":"outofstock","12":"shipping-taxable","13":"product-type-simple"},"acf":[],"yoast_head":"<!-- This site is optimized with the Yoast SEO Premium plugin v26.7 (Yoast SEO v27.3) - https:\/\/yoast.com\/product\/yoast-seo-premium-wordpress\/ -->\n<title>Ultimate Warriors - Airparx<\/title>\n<meta name=\"robots\" content=\"index, follow, max-snippet:-1, max-image-preview:large, max-video-preview:-1\" \/>\n<link rel=\"canonical\" href=\"https:\/\/airparx.com\/es\/installations\/ultimate-warriors\/\" \/>\n<meta property=\"og:locale\" content=\"es_ES\" \/>\n<meta property=\"og:type\" content=\"article\" \/>\n<meta property=\"og:title\" content=\"Ultimate Warriors\" \/>\n<meta property=\"og:description\" content=\"Ultimate Warriors fue una de las renovaciones m\u00e1s emocionantes y estimulantes que completamos en 2025. El recinto contaba originalmente con varios circuitos ninja, y trabajamos estrechamente con el cliente para reubicarlos y aprovechar al m\u00e1ximo el espacio disponible, incorporando nuevas prestaciones para mejorar la experiencia del visitante. Desde el dise\u00f1o inicial hasta la fabricaci\u00f3n y [&hellip;]\" \/>\n<meta property=\"og:url\" content=\"https:\/\/airparx.com\/es\/installations\/ultimate-warriors\/\" \/>\n<meta property=\"og:site_name\" content=\"Airparx\" \/>\n<meta property=\"article:publisher\" content=\"https:\/\/www.facebook.com\/Airparx\/\" \/>\n<meta property=\"og:image\" content=\"https:\/\/airparx.com\/wp-content\/uploads\/2025\/11\/Ultimate-Warriors-Glos-7-scaled.jpg\" \/>\n\t<meta property=\"og:image:width\" content=\"2560\" \/>\n\t<meta property=\"og:image:height\" content=\"1707\" \/>\n\t<meta property=\"og:image:type\" content=\"image\/jpeg\" \/>\n<meta name=\"twitter:card\" content=\"summary_large_image\" \/>\n<meta name=\"twitter:label1\" content=\"Tiempo de lectura\" \/>\n\t<meta name=\"twitter:data1\" content=\"2 minutos\" \/>\n<script type=\"application\/ld+json\" class=\"yoast-schema-graph\">{\"@context\":\"https:\\\/\\\/schema.org\",\"@graph\":[{\"@type\":\"WebPage\",\"@id\":\"https:\\\/\\\/airparx.com\\\/es\\\/installations\\\/ultimate-warriors\\\/\",\"url\":\"https:\\\/\\\/airparx.com\\\/es\\\/installations\\\/ultimate-warriors\\\/\",\"name\":\"Ultimate Warriors - Airparx\",\"isPartOf\":{\"@id\":\"https:\\\/\\\/airparx.com\\\/es\\\/#website\"},\"primaryImageOfPage\":{\"@id\":\"https:\\\/\\\/airparx.com\\\/es\\\/installations\\\/ultimate-warriors\\\/#primaryimage\"},\"image\":{\"@id\":\"https:\\\/\\\/airparx.com\\\/es\\\/installations\\\/ultimate-warriors\\\/#primaryimage\"},\"thumbnailUrl\":\"https:\\\/\\\/airparx.com\\\/wp-content\\\/uploads\\\/2025\\\/11\\\/Ultimate-Warriors-Glos-7-scaled.jpg\",\"datePublished\":\"2025-11-17T15:36:17+00:00\",\"breadcrumb\":{\"@id\":\"https:\\\/\\\/airparx.com\\\/es\\\/installations\\\/ultimate-warriors\\\/#breadcrumb\"},\"inLanguage\":\"es\",\"potentialAction\":[{\"@type\":\"ReadAction\",\"target\":[\"https:\\\/\\\/airparx.com\\\/es\\\/installations\\\/ultimate-warriors\\\/\"]}]},{\"@type\":\"ImageObject\",\"inLanguage\":\"es\",\"@id\":\"https:\\\/\\\/airparx.com\\\/es\\\/installations\\\/ultimate-warriors\\\/#primaryimage\",\"url\":\"https:\\\/\\\/airparx.com\\\/wp-content\\\/uploads\\\/2025\\\/11\\\/Ultimate-Warriors-Glos-7-scaled.jpg\",\"contentUrl\":\"https:\\\/\\\/airparx.com\\\/wp-content\\\/uploads\\\/2025\\\/11\\\/Ultimate-Warriors-Glos-7-scaled.jpg\",\"width\":2560,\"height\":1707},{\"@type\":\"BreadcrumbList\",\"@id\":\"https:\\\/\\\/airparx.com\\\/es\\\/installations\\\/ultimate-warriors\\\/#breadcrumb\",\"itemListElement\":[{\"@type\":\"ListItem\",\"position\":1,\"name\":\"Home\",\"item\":\"https:\\\/\\\/airparx.com\\\/es\\\/\"},{\"@type\":\"ListItem\",\"position\":2,\"name\":\"Ultimate Warriors\"}]},{\"@type\":\"WebSite\",\"@id\":\"https:\\\/\\\/airparx.com\\\/es\\\/#website\",\"url\":\"https:\\\/\\\/airparx.com\\\/es\\\/\",\"name\":\"Airparx\",\"description\":\"Inflatable &amp; Trampoline Park Supplier\",\"publisher\":{\"@id\":\"https:\\\/\\\/airparx.com\\\/es\\\/#organization\"},\"potentialAction\":[{\"@type\":\"SearchAction\",\"target\":{\"@type\":\"EntryPoint\",\"urlTemplate\":\"https:\\\/\\\/airparx.com\\\/es\\\/?s={search_term_string}\"},\"query-input\":{\"@type\":\"PropertyValueSpecification\",\"valueRequired\":true,\"valueName\":\"search_term_string\"}}],\"inLanguage\":\"es\"},{\"@type\":\"Organization\",\"@id\":\"https:\\\/\\\/airparx.com\\\/es\\\/#organization\",\"name\":\"Airparx\",\"url\":\"https:\\\/\\\/airparx.com\\\/es\\\/\",\"logo\":{\"@type\":\"ImageObject\",\"inLanguage\":\"es\",\"@id\":\"https:\\\/\\\/airparx.com\\\/es\\\/#\\\/schema\\\/logo\\\/image\\\/\",\"url\":\"https:\\\/\\\/airparx.com\\\/wp-content\\\/uploads\\\/2022\\\/06\\\/Airparx_Logo.png\",\"contentUrl\":\"https:\\\/\\\/airparx.com\\\/wp-content\\\/uploads\\\/2022\\\/06\\\/Airparx_Logo.png\",\"width\":1127,\"height\":461,\"caption\":\"Airparx\"},\"image\":{\"@id\":\"https:\\\/\\\/airparx.com\\\/es\\\/#\\\/schema\\\/logo\\\/image\\\/\"},\"sameAs\":[\"https:\\\/\\\/www.facebook.com\\\/Airparx\\\/\",\"https:\\\/\\\/www.instagram.com\\\/airparx\\\/\",\"https:\\\/\\\/www.youtube.com\\\/playlist?list=PL2LZnxdxb4eX2paMpuL0QxEvopAtGzyqY\",\"https:\\\/\\\/www.linkedin.com\\\/company\\\/airparx\\\/\"]}]}<\/script>\n<!-- \/ Yoast SEO Premium plugin. -->","yoast_head_json":{"title":"Ultimate Warriors - Airparx","robots":{"index":"index","follow":"follow","max-snippet":"max-snippet:-1","max-image-preview":"max-image-preview:large","max-video-preview":"max-video-preview:-1"},"canonical":"https:\/\/airparx.com\/es\/installations\/ultimate-warriors\/","og_locale":"es_ES","og_type":"article","og_title":"Ultimate Warriors","og_description":"Ultimate Warriors fue una de las renovaciones m\u00e1s emocionantes y estimulantes que completamos en 2025. El recinto contaba originalmente con varios circuitos ninja, y trabajamos estrechamente con el cliente para reubicarlos y aprovechar al m\u00e1ximo el espacio disponible, incorporando nuevas prestaciones para mejorar la experiencia del visitante. Desde el dise\u00f1o inicial hasta la fabricaci\u00f3n y [&hellip;]","og_url":"https:\/\/airparx.com\/es\/installations\/ultimate-warriors\/","og_site_name":"Airparx","article_publisher":"https:\/\/www.facebook.com\/Airparx\/","og_image":[{"width":2560,"height":1707,"url":"https:\/\/airparx.com\/wp-content\/uploads\/2025\/11\/Ultimate-Warriors-Glos-7-scaled.jpg","type":"image\/jpeg"}],"twitter_card":"summary_large_image","twitter_misc":{"Tiempo de lectura":"2 minutos"},"schema":{"@context":"https:\/\/schema.org","@graph":[{"@type":"WebPage","@id":"https:\/\/airparx.com\/es\/installations\/ultimate-warriors\/","url":"https:\/\/airparx.com\/es\/installations\/ultimate-warriors\/","name":"Ultimate Warriors - Airparx","isPartOf":{"@id":"https:\/\/airparx.com\/es\/#website"},"primaryImageOfPage":{"@id":"https:\/\/airparx.com\/es\/installations\/ultimate-warriors\/#primaryimage"},"image":{"@id":"https:\/\/airparx.com\/es\/installations\/ultimate-warriors\/#primaryimage"},"thumbnailUrl":"https:\/\/airparx.com\/wp-content\/uploads\/2025\/11\/Ultimate-Warriors-Glos-7-scaled.jpg","datePublished":"2025-11-17T15:36:17+00:00","breadcrumb":{"@id":"https:\/\/airparx.com\/es\/installations\/ultimate-warriors\/#breadcrumb"},"inLanguage":"es","potentialAction":[{"@type":"ReadAction","target":["https:\/\/airparx.com\/es\/installations\/ultimate-warriors\/"]}]},{"@type":"ImageObject","inLanguage":"es","@id":"https:\/\/airparx.com\/es\/installations\/ultimate-warriors\/#primaryimage","url":"https:\/\/airparx.com\/wp-content\/uploads\/2025\/11\/Ultimate-Warriors-Glos-7-scaled.jpg","contentUrl":"https:\/\/airparx.com\/wp-content\/uploads\/2025\/11\/Ultimate-Warriors-Glos-7-scaled.jpg","width":2560,"height":1707},{"@type":"BreadcrumbList","@id":"https:\/\/airparx.com\/es\/installations\/ultimate-warriors\/#breadcrumb","itemListElement":[{"@type":"ListItem","position":1,"name":"Home","item":"https:\/\/airparx.com\/es\/"},{"@type":"ListItem","position":2,"name":"Ultimate Warriors"}]},{"@type":"WebSite","@id":"https:\/\/airparx.com\/es\/#website","url":"https:\/\/airparx.com\/es\/","name":"Airparx","description":"Inflatable &amp; Trampoline Park Supplier","publisher":{"@id":"https:\/\/airparx.com\/es\/#organization"},"potentialAction":[{"@type":"SearchAction","target":{"@type":"EntryPoint","urlTemplate":"https:\/\/airparx.com\/es\/?s={search_term_string}"},"query-input":{"@type":"PropertyValueSpecification","valueRequired":true,"valueName":"search_term_string"}}],"inLanguage":"es"},{"@type":"Organization","@id":"https:\/\/airparx.com\/es\/#organization","name":"Airparx","url":"https:\/\/airparx.com\/es\/","logo":{"@type":"ImageObject","inLanguage":"es","@id":"https:\/\/airparx.com\/es\/#\/schema\/logo\/image\/","url":"https:\/\/airparx.com\/wp-content\/uploads\/2022\/06\/Airparx_Logo.png","contentUrl":"https:\/\/airparx.com\/wp-content\/uploads\/2022\/06\/Airparx_Logo.png","width":1127,"height":461,"caption":"Airparx"},"image":{"@id":"https:\/\/airparx.com\/es\/#\/schema\/logo\/image\/"},"sameAs":["https:\/\/www.facebook.com\/Airparx\/","https:\/\/www.instagram.com\/airparx\/","https:\/\/www.youtube.com\/playlist?list=PL2LZnxdxb4eX2paMpuL0QxEvopAtGzyqY","https:\/\/www.linkedin.com\/company\/airparx\/"]}]}},"_links":{"self":[{"href":"https:\/\/airparx.com\/es\/wp-json\/wp\/v2\/product\/12595","targetHints":{"allow":["GET"]}}],"collection":[{"href":"https:\/\/airparx.com\/es\/wp-json\/wp\/v2\/product"}],"about":[{"href":"https:\/\/airparx.com\/es\/wp-json\/wp\/v2\/types\/product"}],"wp:featuredmedia":[{"embeddable":true,"href":"https:\/\/airparx.com\/es\/wp-json\/wp\/v2\/media\/11366"}],"wp:attachment":[{"href":"https:\/\/airparx.com\/es\/wp-json\/wp\/v2\/media?parent=12595"}],"wp:term":[{"taxonomy":"product_brand","embeddable":true,"href":"https:\/\/airparx.com\/es\/wp-json\/wp\/v2\/product_brand?post=12595"},{"taxonomy":"product_cat","embeddable":true,"href":"https:\/\/airparx.com\/es\/wp-json\/wp\/v2\/product_cat?post=12595"},{"taxonomy":"product_tag","embeddable":true,"href":"https:\/\/airparx.com\/es\/wp-json\/wp\/v2\/product_tag?post=12595"}],"curies":[{"name":"wp","href":"https:\/\/api.w.org\/{rel}","templated":true}]}}