{"id":12598,"date":"2025-11-17T15:36:07","date_gmt":"2025-11-17T15:36:07","guid":{"rendered":"https:\/\/airparx.com\/installations\/airthrill-east-kilbride\/"},"modified":"2025-11-17T15:36:07","modified_gmt":"2025-11-17T15:36:07","slug":"airthrill-east-kilbride","status":"publish","type":"product","link":"https:\/\/airparx.com\/es\/installations\/airthrill-east-kilbride\/","title":{"rendered":"AirThrill East Kilbride"},"content":{"rendered":"<p>Como cliente de Airparx desde hace mucho tiempo, AirThrill buscaba modernizar un antiguo parque hinchable en algo nuevo e innovador.<\/p>\n<p>Pero este proyecto no fue un simple reemplazo. Este parque hinchable en East Kilbride, Escocia, registr\u00f3 un impresionante total de 2.361 m2 de pura diversi\u00f3n. AirThrill East Kilbride presenta la pista de obst\u00e1culos m\u00e1s grande que Airparx ha creado jam\u00e1s: una enorme pista de 4 carriles que rodea todo el exterior del parque. Tambi\u00e9n cuenta con una zona central de experiencia de rebote, un \u00e1rea llena de los toboganes m\u00e1s grandes y las \u00faltimas innovaciones de Airparx, y una gran zona para los m\u00e1s peque\u00f1os que a\u00fan no son lo suficientemente grandes para disfrutar de las \u00e1reas principales del parque.<\/p>\n<p>M\u00faltiples visitas al sitio y la colaboraci\u00f3n con el equipo de AirThrill permitieron que este enorme proyecto avanzara sin problemas. Dado que se trataba de un parque hinchable de reemplazo, el equipo en el lugar ya ten\u00eda ideas muy claras para ejecutar. Una vez acordadas las caracter\u00edsticas principales, se trat\u00f3 de rellenar los huecos para aprovechar cada metro cuadrado.<\/p>\n<p>El equipo de Airparx tambi\u00e9n se ha asociado con AirThrill y Wonder World en m\u00faltiples proyectos en ubicaciones como Perth, Falkirk, Edimburgo y Catford.<\/p>\n<p>\u00abEstamos muy emocionados con nuestro nuevo y actualizado parque hinchable ubicado en East Kilbride. Dise\u00f1ado e instalado por Airparx, el innovador dise\u00f1o presenta una impresionante variedad de atracciones que cautivan tanto a ni\u00f1os como a adultos, asegurando diversi\u00f3n y emoci\u00f3n infinitas. Estamos inmensamente agradecidos a Airparx por transformar nuestra visi\u00f3n en una realidad de otro mundo. Su experiencia, innovaci\u00f3n y servicio excepcional han superado con creces nuestras expectativas.\u00bb<\/p>\n<p>Narinder Singh Baryah<br \/>\nDirector General de Wonder World \/ AirThrill<\/p>\n<p>&nbsp;<\/p>\n","protected":false},"excerpt":{"rendered":"<p>Como cliente de Airparx desde hace mucho tiempo, AirThrill buscaba modernizar un antiguo parque hinchable en algo nuevo e innovador. Pero este proyecto no fue un simple reemplazo. Este parque hinchable en East Kilbride, Escocia, registr\u00f3 un impresionante total de 2.361 m2 de pura diversi\u00f3n. AirThrill East Kilbride presenta la pista de obst\u00e1culos m\u00e1s grande [&hellip;]<\/p>\n","protected":false},"featured_media":11253,"template":"","meta":{"_acf_changed":false},"product_brand":[],"product_cat":[88,82],"product_tag":[],"class_list":{"0":"post-12598","1":"product","2":"type-product","3":"status-publish","4":"has-post-thumbnail","6":"product_cat-parques-de-camas-elasticas","7":"product_cat-parques-hinchables","9":"first","10":"outofstock","11":"shipping-taxable","12":"product-type-simple"},"acf":[],"yoast_head":"<!-- This site is optimized with the Yoast SEO Premium plugin v26.7 (Yoast SEO v27.3) - https:\/\/yoast.com\/product\/yoast-seo-premium-wordpress\/ -->\n<title>AirThrill East Kilbride - Airparx<\/title>\n<meta name=\"robots\" content=\"index, follow, max-snippet:-1, max-image-preview:large, max-video-preview:-1\" \/>\n<link rel=\"canonical\" href=\"https:\/\/airparx.com\/es\/installations\/airthrill-east-kilbride\/\" \/>\n<meta property=\"og:locale\" content=\"es_ES\" \/>\n<meta property=\"og:type\" content=\"article\" \/>\n<meta property=\"og:title\" content=\"AirThrill East Kilbride\" \/>\n<meta property=\"og:description\" content=\"Como cliente de Airparx desde hace mucho tiempo, AirThrill buscaba modernizar un antiguo parque hinchable en algo nuevo e innovador. Pero este proyecto no fue un simple reemplazo. Este parque hinchable en East Kilbride, Escocia, registr\u00f3 un impresionante total de 2.361 m2 de pura diversi\u00f3n. AirThrill East Kilbride presenta la pista de obst\u00e1culos m\u00e1s grande [&hellip;]\" \/>\n<meta property=\"og:url\" content=\"https:\/\/airparx.com\/es\/installations\/airthrill-east-kilbride\/\" \/>\n<meta property=\"og:site_name\" content=\"Airparx\" \/>\n<meta property=\"article:publisher\" content=\"https:\/\/www.facebook.com\/Airparx\/\" \/>\n<meta property=\"og:image\" content=\"https:\/\/airparx.com\/wp-content\/uploads\/2025\/11\/AirTrill-East-Kilbride-1-scaled.jpg\" \/>\n\t<meta property=\"og:image:width\" content=\"2560\" \/>\n\t<meta property=\"og:image:height\" content=\"1707\" \/>\n\t<meta property=\"og:image:type\" content=\"image\/jpeg\" \/>\n<meta name=\"twitter:card\" content=\"summary_large_image\" \/>\n<meta name=\"twitter:label1\" content=\"Tiempo de lectura\" \/>\n\t<meta name=\"twitter:data1\" content=\"2 minutos\" \/>\n<script type=\"application\/ld+json\" class=\"yoast-schema-graph\">{\"@context\":\"https:\\\/\\\/schema.org\",\"@graph\":[{\"@type\":\"WebPage\",\"@id\":\"https:\\\/\\\/airparx.com\\\/es\\\/installations\\\/airthrill-east-kilbride\\\/\",\"url\":\"https:\\\/\\\/airparx.com\\\/es\\\/installations\\\/airthrill-east-kilbride\\\/\",\"name\":\"AirThrill East Kilbride - Airparx\",\"isPartOf\":{\"@id\":\"https:\\\/\\\/airparx.com\\\/es\\\/#website\"},\"primaryImageOfPage\":{\"@id\":\"https:\\\/\\\/airparx.com\\\/es\\\/installations\\\/airthrill-east-kilbride\\\/#primaryimage\"},\"image\":{\"@id\":\"https:\\\/\\\/airparx.com\\\/es\\\/installations\\\/airthrill-east-kilbride\\\/#primaryimage\"},\"thumbnailUrl\":\"https:\\\/\\\/airparx.com\\\/wp-content\\\/uploads\\\/2025\\\/11\\\/AirTrill-East-Kilbride-1-scaled.jpg\",\"datePublished\":\"2025-11-17T15:36:07+00:00\",\"breadcrumb\":{\"@id\":\"https:\\\/\\\/airparx.com\\\/es\\\/installations\\\/airthrill-east-kilbride\\\/#breadcrumb\"},\"inLanguage\":\"es\",\"potentialAction\":[{\"@type\":\"ReadAction\",\"target\":[\"https:\\\/\\\/airparx.com\\\/es\\\/installations\\\/airthrill-east-kilbride\\\/\"]}]},{\"@type\":\"ImageObject\",\"inLanguage\":\"es\",\"@id\":\"https:\\\/\\\/airparx.com\\\/es\\\/installations\\\/airthrill-east-kilbride\\\/#primaryimage\",\"url\":\"https:\\\/\\\/airparx.com\\\/wp-content\\\/uploads\\\/2025\\\/11\\\/AirTrill-East-Kilbride-1-scaled.jpg\",\"contentUrl\":\"https:\\\/\\\/airparx.com\\\/wp-content\\\/uploads\\\/2025\\\/11\\\/AirTrill-East-Kilbride-1-scaled.jpg\",\"width\":2560,\"height\":1707},{\"@type\":\"BreadcrumbList\",\"@id\":\"https:\\\/\\\/airparx.com\\\/es\\\/installations\\\/airthrill-east-kilbride\\\/#breadcrumb\",\"itemListElement\":[{\"@type\":\"ListItem\",\"position\":1,\"name\":\"Home\",\"item\":\"https:\\\/\\\/airparx.com\\\/es\\\/\"},{\"@type\":\"ListItem\",\"position\":2,\"name\":\"AirThrill East Kilbride\"}]},{\"@type\":\"WebSite\",\"@id\":\"https:\\\/\\\/airparx.com\\\/es\\\/#website\",\"url\":\"https:\\\/\\\/airparx.com\\\/es\\\/\",\"name\":\"Airparx\",\"description\":\"Inflatable &amp; Trampoline Park Supplier\",\"publisher\":{\"@id\":\"https:\\\/\\\/airparx.com\\\/es\\\/#organization\"},\"potentialAction\":[{\"@type\":\"SearchAction\",\"target\":{\"@type\":\"EntryPoint\",\"urlTemplate\":\"https:\\\/\\\/airparx.com\\\/es\\\/?s={search_term_string}\"},\"query-input\":{\"@type\":\"PropertyValueSpecification\",\"valueRequired\":true,\"valueName\":\"search_term_string\"}}],\"inLanguage\":\"es\"},{\"@type\":\"Organization\",\"@id\":\"https:\\\/\\\/airparx.com\\\/es\\\/#organization\",\"name\":\"Airparx\",\"url\":\"https:\\\/\\\/airparx.com\\\/es\\\/\",\"logo\":{\"@type\":\"ImageObject\",\"inLanguage\":\"es\",\"@id\":\"https:\\\/\\\/airparx.com\\\/es\\\/#\\\/schema\\\/logo\\\/image\\\/\",\"url\":\"https:\\\/\\\/airparx.com\\\/wp-content\\\/uploads\\\/2022\\\/06\\\/Airparx_Logo.png\",\"contentUrl\":\"https:\\\/\\\/airparx.com\\\/wp-content\\\/uploads\\\/2022\\\/06\\\/Airparx_Logo.png\",\"width\":1127,\"height\":461,\"caption\":\"Airparx\"},\"image\":{\"@id\":\"https:\\\/\\\/airparx.com\\\/es\\\/#\\\/schema\\\/logo\\\/image\\\/\"},\"sameAs\":[\"https:\\\/\\\/www.facebook.com\\\/Airparx\\\/\",\"https:\\\/\\\/www.instagram.com\\\/airparx\\\/\",\"https:\\\/\\\/www.youtube.com\\\/playlist?list=PL2LZnxdxb4eX2paMpuL0QxEvopAtGzyqY\",\"https:\\\/\\\/www.linkedin.com\\\/company\\\/airparx\\\/\"]}]}<\/script>\n<!-- \/ Yoast SEO Premium plugin. -->","yoast_head_json":{"title":"AirThrill East Kilbride - Airparx","robots":{"index":"index","follow":"follow","max-snippet":"max-snippet:-1","max-image-preview":"max-image-preview:large","max-video-preview":"max-video-preview:-1"},"canonical":"https:\/\/airparx.com\/es\/installations\/airthrill-east-kilbride\/","og_locale":"es_ES","og_type":"article","og_title":"AirThrill East Kilbride","og_description":"Como cliente de Airparx desde hace mucho tiempo, AirThrill buscaba modernizar un antiguo parque hinchable en algo nuevo e innovador. Pero este proyecto no fue un simple reemplazo. Este parque hinchable en East Kilbride, Escocia, registr\u00f3 un impresionante total de 2.361 m2 de pura diversi\u00f3n. AirThrill East Kilbride presenta la pista de obst\u00e1culos m\u00e1s grande [&hellip;]","og_url":"https:\/\/airparx.com\/es\/installations\/airthrill-east-kilbride\/","og_site_name":"Airparx","article_publisher":"https:\/\/www.facebook.com\/Airparx\/","og_image":[{"width":2560,"height":1707,"url":"https:\/\/airparx.com\/wp-content\/uploads\/2025\/11\/AirTrill-East-Kilbride-1-scaled.jpg","type":"image\/jpeg"}],"twitter_card":"summary_large_image","twitter_misc":{"Tiempo de lectura":"2 minutos"},"schema":{"@context":"https:\/\/schema.org","@graph":[{"@type":"WebPage","@id":"https:\/\/airparx.com\/es\/installations\/airthrill-east-kilbride\/","url":"https:\/\/airparx.com\/es\/installations\/airthrill-east-kilbride\/","name":"AirThrill East Kilbride - Airparx","isPartOf":{"@id":"https:\/\/airparx.com\/es\/#website"},"primaryImageOfPage":{"@id":"https:\/\/airparx.com\/es\/installations\/airthrill-east-kilbride\/#primaryimage"},"image":{"@id":"https:\/\/airparx.com\/es\/installations\/airthrill-east-kilbride\/#primaryimage"},"thumbnailUrl":"https:\/\/airparx.com\/wp-content\/uploads\/2025\/11\/AirTrill-East-Kilbride-1-scaled.jpg","datePublished":"2025-11-17T15:36:07+00:00","breadcrumb":{"@id":"https:\/\/airparx.com\/es\/installations\/airthrill-east-kilbride\/#breadcrumb"},"inLanguage":"es","potentialAction":[{"@type":"ReadAction","target":["https:\/\/airparx.com\/es\/installations\/airthrill-east-kilbride\/"]}]},{"@type":"ImageObject","inLanguage":"es","@id":"https:\/\/airparx.com\/es\/installations\/airthrill-east-kilbride\/#primaryimage","url":"https:\/\/airparx.com\/wp-content\/uploads\/2025\/11\/AirTrill-East-Kilbride-1-scaled.jpg","contentUrl":"https:\/\/airparx.com\/wp-content\/uploads\/2025\/11\/AirTrill-East-Kilbride-1-scaled.jpg","width":2560,"height":1707},{"@type":"BreadcrumbList","@id":"https:\/\/airparx.com\/es\/installations\/airthrill-east-kilbride\/#breadcrumb","itemListElement":[{"@type":"ListItem","position":1,"name":"Home","item":"https:\/\/airparx.com\/es\/"},{"@type":"ListItem","position":2,"name":"AirThrill East Kilbride"}]},{"@type":"WebSite","@id":"https:\/\/airparx.com\/es\/#website","url":"https:\/\/airparx.com\/es\/","name":"Airparx","description":"Inflatable &amp; Trampoline Park Supplier","publisher":{"@id":"https:\/\/airparx.com\/es\/#organization"},"potentialAction":[{"@type":"SearchAction","target":{"@type":"EntryPoint","urlTemplate":"https:\/\/airparx.com\/es\/?s={search_term_string}"},"query-input":{"@type":"PropertyValueSpecification","valueRequired":true,"valueName":"search_term_string"}}],"inLanguage":"es"},{"@type":"Organization","@id":"https:\/\/airparx.com\/es\/#organization","name":"Airparx","url":"https:\/\/airparx.com\/es\/","logo":{"@type":"ImageObject","inLanguage":"es","@id":"https:\/\/airparx.com\/es\/#\/schema\/logo\/image\/","url":"https:\/\/airparx.com\/wp-content\/uploads\/2022\/06\/Airparx_Logo.png","contentUrl":"https:\/\/airparx.com\/wp-content\/uploads\/2022\/06\/Airparx_Logo.png","width":1127,"height":461,"caption":"Airparx"},"image":{"@id":"https:\/\/airparx.com\/es\/#\/schema\/logo\/image\/"},"sameAs":["https:\/\/www.facebook.com\/Airparx\/","https:\/\/www.instagram.com\/airparx\/","https:\/\/www.youtube.com\/playlist?list=PL2LZnxdxb4eX2paMpuL0QxEvopAtGzyqY","https:\/\/www.linkedin.com\/company\/airparx\/"]}]}},"_links":{"self":[{"href":"https:\/\/airparx.com\/es\/wp-json\/wp\/v2\/product\/12598","targetHints":{"allow":["GET"]}}],"collection":[{"href":"https:\/\/airparx.com\/es\/wp-json\/wp\/v2\/product"}],"about":[{"href":"https:\/\/airparx.com\/es\/wp-json\/wp\/v2\/types\/product"}],"wp:featuredmedia":[{"embeddable":true,"href":"https:\/\/airparx.com\/es\/wp-json\/wp\/v2\/media\/11253"}],"wp:attachment":[{"href":"https:\/\/airparx.com\/es\/wp-json\/wp\/v2\/media?parent=12598"}],"wp:term":[{"taxonomy":"product_brand","embeddable":true,"href":"https:\/\/airparx.com\/es\/wp-json\/wp\/v2\/product_brand?post=12598"},{"taxonomy":"product_cat","embeddable":true,"href":"https:\/\/airparx.com\/es\/wp-json\/wp\/v2\/product_cat?post=12598"},{"taxonomy":"product_tag","embeddable":true,"href":"https:\/\/airparx.com\/es\/wp-json\/wp\/v2\/product_tag?post=12598"}],"curies":[{"name":"wp","href":"https:\/\/api.w.org\/{rel}","templated":true}]}}