{"id":12601,"date":"2025-05-31T12:03:58","date_gmt":"2025-05-31T11:03:58","guid":{"rendered":"https:\/\/airparx.com\/installations\/sobell-leisure-centre\/"},"modified":"2025-05-31T12:03:58","modified_gmt":"2025-05-31T11:03:58","slug":"sobell-leisure-centre","status":"publish","type":"product","link":"https:\/\/airparx.com\/es\/installations\/sobell-leisure-centre\/","title":{"rendered":"Sobell Leisure Centre"},"content":{"rendered":"<p>Sobell Leisure Centre reabre con un centro de entretenimiento familiar de \u00faltima generaci\u00f3n tras una devastadora inundaci\u00f3n<\/p>\n<p>Londres, Reino Unido \u2014 Mayo de 2025<\/p>\n<p>Valor total del proyecto: 1,7 millones de libras<\/p>\n<p>Tras sufrir una devastadora inundaci\u00f3n en 2022, el emblem\u00e1tico Sobell Leisure Centre de Islington, gestionado por GLL Better, ha reabierto sus puertas con una nueva y audaz visi\u00f3n: un destino de entretenimiento multiactividad completamente reimaginado, dise\u00f1ado para revitalizar la participaci\u00f3n comunitaria e inspirar el juego activo en todas las edades.<\/p>\n<p>Dirigida por Airparx, l\u00edder mundial en soluciones de entretenimiento activo, la extensa remodelaci\u00f3n ha transformado el recinto en una vibrante Multizona Activa: una fusi\u00f3n din\u00e1mica de actividad f\u00edsica, juego, emociones y tecnolog\u00eda inmersiva. Las nuevas instalaciones incluyen:<\/p>\n<p>Un parque de camas el\u00e1sticas e hinchables que ofrece diversi\u00f3n de alta energ\u00eda y desaf\u00edos interactivos<\/p>\n<p>La Interactive Strike Arena m\u00e1s grande del Reino Unido, construida en colaboraci\u00f3n con los especialistas en interactividad Rugged Interactive<\/p>\n<p>Un campo de deportes interactivo que combina juegos tradicionales con tecnolog\u00eda de vanguardia<\/p>\n<p>El Zip Zag Thrill Ride, una aventura que desaf\u00eda la gravedad impulsada por Zip Zag<\/p>\n<p>Una amplia zona de juego blando activo e inmersivo para ni\u00f1os peque\u00f1os, desarrollada junto con The Play Company<\/p>\n<p>Lo que antes era un centro de ocio est\u00e1ndar ha evolucionado ahora en un verdadero destino para familias, colegios y grupos comunitarios, en pleno coraz\u00f3n de Islington, Londres, Reino Unido.<\/p>\n<p>\u00abEste proyecto es m\u00e1s que una simple remodelaci\u00f3n; es una declaraci\u00f3n sobre el futuro del ocio comunitario\u00bb, afirm\u00f3 Daniel Billington, director de desarrollo de negocio de Airparx. \u00abTrabajando en estrecha colaboraci\u00f3n con las necesidades y la visi\u00f3n de GLL, confiamos en el apoyo y la experiencia de The Play Company, Rugged Interactive y Zip Zag para crear un centro de entretenimiento familiar inclusivo e inmersivo que fomente el movimiento, la interacci\u00f3n y la diversi\u00f3n para todas las generaciones\u00bb.<\/p>\n<p>El proyecto ejemplifica una nueva era en la provisi\u00f3n de ocio, combinando innovaci\u00f3n con accesibilidad para garantizar un amplio atractivo. Dise\u00f1ado pensando en el impacto comunitario, el centro renovado tiene como objetivo impulsar los niveles de actividad f\u00edsica, promover la interacci\u00f3n social y convertirse en un pilar de la vida familiar activa en el distrito y m\u00e1s all\u00e1.<\/p>\n<p>\u00abEstamos orgullosos de ver Sobell Leisure Centre reabrir con una oferta tan \u00fanica y atractiva\u00bb, afirm\u00f3 Adam Knight, director general de Sobell LC, GLL. \u00abEsta instalaci\u00f3n establece un nuevo punto de referencia para el entretenimiento activo urbano en un centro de ocio y subraya nuestro compromiso de ofrecer experiencias de ocio inclusivas y de alta calidad, proporcionando un recorrido para que la comunidad local haga que todos sean m\u00e1s activos\u00bb.<\/p>\n<p>La nueva zona de juego activo y multizona de Sobell ya est\u00e1 abierta al p\u00fablico, con sesiones disponibles para todos los grupos de edad y capacidades, creando un sitio insignia no solo para GLL, sino tambi\u00e9n estableciendo est\u00e1ndares en el sector del ocio del Reino Unido, demostrando c\u00f3mo el espacio infrautilizado de los centros deportivos puede transformarse tanto en la generaci\u00f3n de ingresos como en proporcionar a las comunidades espacios seguros y atractivos para que ni\u00f1os y familias sean f\u00edsicamente activos y creen recuerdos divertidos.<\/p>\n","protected":false},"excerpt":{"rendered":"<p>Sobell Leisure Centre reabre con un centro de entretenimiento familiar de \u00faltima generaci\u00f3n tras una devastadora inundaci\u00f3n Londres, Reino Unido \u2014 Mayo de 2025 Valor total del proyecto: 1,7 millones de libras Tras sufrir una devastadora inundaci\u00f3n en 2022, el emblem\u00e1tico Sobell Leisure Centre de Islington, gestionado por GLL Better, ha reabierto sus puertas con [&hellip;]<\/p>\n","protected":false},"featured_media":11179,"template":"","meta":{"_acf_changed":false},"product_brand":[],"product_cat":[89,85,88,82],"product_tag":[],"class_list":{"0":"post-12601","1":"product","2":"type-product","3":"status-publish","4":"has-post-thumbnail","6":"product_cat-entretenimiento-interactivo","7":"product_cat-juegos-de-interior-y-parques-infantiles","8":"product_cat-parques-de-camas-elasticas","9":"product_cat-parques-hinchables","11":"first","12":"outofstock","13":"shipping-taxable","14":"product-type-simple"},"acf":[],"yoast_head":"<!-- This site is optimized with the Yoast SEO Premium plugin v26.7 (Yoast SEO v27.3) - https:\/\/yoast.com\/product\/yoast-seo-premium-wordpress\/ -->\n<title>Sobell Leisure Centre - Airparx<\/title>\n<meta name=\"robots\" content=\"index, follow, max-snippet:-1, max-image-preview:large, max-video-preview:-1\" \/>\n<link rel=\"canonical\" href=\"https:\/\/airparx.com\/es\/installations\/sobell-leisure-centre\/\" \/>\n<meta property=\"og:locale\" content=\"es_ES\" \/>\n<meta property=\"og:type\" content=\"article\" \/>\n<meta property=\"og:title\" content=\"Sobell Leisure Centre\" \/>\n<meta property=\"og:description\" content=\"Sobell Leisure Centre reabre con un centro de entretenimiento familiar de \u00faltima generaci\u00f3n tras una devastadora inundaci\u00f3n Londres, Reino Unido \u2014 Mayo de 2025 Valor total del proyecto: 1,7 millones de libras Tras sufrir una devastadora inundaci\u00f3n en 2022, el emblem\u00e1tico Sobell Leisure Centre de Islington, gestionado por GLL Better, ha reabierto sus puertas con [&hellip;]\" \/>\n<meta property=\"og:url\" content=\"https:\/\/airparx.com\/es\/installations\/sobell-leisure-centre\/\" \/>\n<meta property=\"og:site_name\" content=\"Airparx\" \/>\n<meta property=\"article:publisher\" content=\"https:\/\/www.facebook.com\/Airparx\/\" \/>\n<meta property=\"og:image\" content=\"https:\/\/airparx.com\/wp-content\/uploads\/2025\/11\/GLL-SOBEL-76.jpg\" \/>\n\t<meta property=\"og:image:width\" content=\"2200\" \/>\n\t<meta property=\"og:image:height\" content=\"1467\" \/>\n\t<meta property=\"og:image:type\" content=\"image\/jpeg\" \/>\n<meta name=\"twitter:card\" content=\"summary_large_image\" \/>\n<meta name=\"twitter:label1\" content=\"Tiempo de lectura\" \/>\n\t<meta name=\"twitter:data1\" content=\"3 minutos\" \/>\n<script type=\"application\/ld+json\" class=\"yoast-schema-graph\">{\"@context\":\"https:\\\/\\\/schema.org\",\"@graph\":[{\"@type\":\"WebPage\",\"@id\":\"https:\\\/\\\/airparx.com\\\/es\\\/installations\\\/sobell-leisure-centre\\\/\",\"url\":\"https:\\\/\\\/airparx.com\\\/es\\\/installations\\\/sobell-leisure-centre\\\/\",\"name\":\"Sobell Leisure Centre - Airparx\",\"isPartOf\":{\"@id\":\"https:\\\/\\\/airparx.com\\\/es\\\/#website\"},\"primaryImageOfPage\":{\"@id\":\"https:\\\/\\\/airparx.com\\\/es\\\/installations\\\/sobell-leisure-centre\\\/#primaryimage\"},\"image\":{\"@id\":\"https:\\\/\\\/airparx.com\\\/es\\\/installations\\\/sobell-leisure-centre\\\/#primaryimage\"},\"thumbnailUrl\":\"https:\\\/\\\/airparx.com\\\/wp-content\\\/uploads\\\/2025\\\/11\\\/GLL-SOBEL-76.jpg\",\"datePublished\":\"2025-05-31T11:03:58+00:00\",\"breadcrumb\":{\"@id\":\"https:\\\/\\\/airparx.com\\\/es\\\/installations\\\/sobell-leisure-centre\\\/#breadcrumb\"},\"inLanguage\":\"es\",\"potentialAction\":[{\"@type\":\"ReadAction\",\"target\":[\"https:\\\/\\\/airparx.com\\\/es\\\/installations\\\/sobell-leisure-centre\\\/\"]}]},{\"@type\":\"ImageObject\",\"inLanguage\":\"es\",\"@id\":\"https:\\\/\\\/airparx.com\\\/es\\\/installations\\\/sobell-leisure-centre\\\/#primaryimage\",\"url\":\"https:\\\/\\\/airparx.com\\\/wp-content\\\/uploads\\\/2025\\\/11\\\/GLL-SOBEL-76.jpg\",\"contentUrl\":\"https:\\\/\\\/airparx.com\\\/wp-content\\\/uploads\\\/2025\\\/11\\\/GLL-SOBEL-76.jpg\",\"width\":2200,\"height\":1467},{\"@type\":\"BreadcrumbList\",\"@id\":\"https:\\\/\\\/airparx.com\\\/es\\\/installations\\\/sobell-leisure-centre\\\/#breadcrumb\",\"itemListElement\":[{\"@type\":\"ListItem\",\"position\":1,\"name\":\"Home\",\"item\":\"https:\\\/\\\/airparx.com\\\/es\\\/\"},{\"@type\":\"ListItem\",\"position\":2,\"name\":\"Sobell Leisure Centre\"}]},{\"@type\":\"WebSite\",\"@id\":\"https:\\\/\\\/airparx.com\\\/es\\\/#website\",\"url\":\"https:\\\/\\\/airparx.com\\\/es\\\/\",\"name\":\"Airparx\",\"description\":\"Inflatable &amp; Trampoline Park Supplier\",\"publisher\":{\"@id\":\"https:\\\/\\\/airparx.com\\\/es\\\/#organization\"},\"potentialAction\":[{\"@type\":\"SearchAction\",\"target\":{\"@type\":\"EntryPoint\",\"urlTemplate\":\"https:\\\/\\\/airparx.com\\\/es\\\/?s={search_term_string}\"},\"query-input\":{\"@type\":\"PropertyValueSpecification\",\"valueRequired\":true,\"valueName\":\"search_term_string\"}}],\"inLanguage\":\"es\"},{\"@type\":\"Organization\",\"@id\":\"https:\\\/\\\/airparx.com\\\/es\\\/#organization\",\"name\":\"Airparx\",\"url\":\"https:\\\/\\\/airparx.com\\\/es\\\/\",\"logo\":{\"@type\":\"ImageObject\",\"inLanguage\":\"es\",\"@id\":\"https:\\\/\\\/airparx.com\\\/es\\\/#\\\/schema\\\/logo\\\/image\\\/\",\"url\":\"https:\\\/\\\/airparx.com\\\/wp-content\\\/uploads\\\/2022\\\/06\\\/Airparx_Logo.png\",\"contentUrl\":\"https:\\\/\\\/airparx.com\\\/wp-content\\\/uploads\\\/2022\\\/06\\\/Airparx_Logo.png\",\"width\":1127,\"height\":461,\"caption\":\"Airparx\"},\"image\":{\"@id\":\"https:\\\/\\\/airparx.com\\\/es\\\/#\\\/schema\\\/logo\\\/image\\\/\"},\"sameAs\":[\"https:\\\/\\\/www.facebook.com\\\/Airparx\\\/\",\"https:\\\/\\\/www.instagram.com\\\/airparx\\\/\",\"https:\\\/\\\/www.youtube.com\\\/playlist?list=PL2LZnxdxb4eX2paMpuL0QxEvopAtGzyqY\",\"https:\\\/\\\/www.linkedin.com\\\/company\\\/airparx\\\/\"]}]}<\/script>\n<!-- \/ Yoast SEO Premium plugin. -->","yoast_head_json":{"title":"Sobell Leisure Centre - Airparx","robots":{"index":"index","follow":"follow","max-snippet":"max-snippet:-1","max-image-preview":"max-image-preview:large","max-video-preview":"max-video-preview:-1"},"canonical":"https:\/\/airparx.com\/es\/installations\/sobell-leisure-centre\/","og_locale":"es_ES","og_type":"article","og_title":"Sobell Leisure Centre","og_description":"Sobell Leisure Centre reabre con un centro de entretenimiento familiar de \u00faltima generaci\u00f3n tras una devastadora inundaci\u00f3n Londres, Reino Unido \u2014 Mayo de 2025 Valor total del proyecto: 1,7 millones de libras Tras sufrir una devastadora inundaci\u00f3n en 2022, el emblem\u00e1tico Sobell Leisure Centre de Islington, gestionado por GLL Better, ha reabierto sus puertas con [&hellip;]","og_url":"https:\/\/airparx.com\/es\/installations\/sobell-leisure-centre\/","og_site_name":"Airparx","article_publisher":"https:\/\/www.facebook.com\/Airparx\/","og_image":[{"width":2200,"height":1467,"url":"https:\/\/airparx.com\/wp-content\/uploads\/2025\/11\/GLL-SOBEL-76.jpg","type":"image\/jpeg"}],"twitter_card":"summary_large_image","twitter_misc":{"Tiempo de lectura":"3 minutos"},"schema":{"@context":"https:\/\/schema.org","@graph":[{"@type":"WebPage","@id":"https:\/\/airparx.com\/es\/installations\/sobell-leisure-centre\/","url":"https:\/\/airparx.com\/es\/installations\/sobell-leisure-centre\/","name":"Sobell Leisure Centre - Airparx","isPartOf":{"@id":"https:\/\/airparx.com\/es\/#website"},"primaryImageOfPage":{"@id":"https:\/\/airparx.com\/es\/installations\/sobell-leisure-centre\/#primaryimage"},"image":{"@id":"https:\/\/airparx.com\/es\/installations\/sobell-leisure-centre\/#primaryimage"},"thumbnailUrl":"https:\/\/airparx.com\/wp-content\/uploads\/2025\/11\/GLL-SOBEL-76.jpg","datePublished":"2025-05-31T11:03:58+00:00","breadcrumb":{"@id":"https:\/\/airparx.com\/es\/installations\/sobell-leisure-centre\/#breadcrumb"},"inLanguage":"es","potentialAction":[{"@type":"ReadAction","target":["https:\/\/airparx.com\/es\/installations\/sobell-leisure-centre\/"]}]},{"@type":"ImageObject","inLanguage":"es","@id":"https:\/\/airparx.com\/es\/installations\/sobell-leisure-centre\/#primaryimage","url":"https:\/\/airparx.com\/wp-content\/uploads\/2025\/11\/GLL-SOBEL-76.jpg","contentUrl":"https:\/\/airparx.com\/wp-content\/uploads\/2025\/11\/GLL-SOBEL-76.jpg","width":2200,"height":1467},{"@type":"BreadcrumbList","@id":"https:\/\/airparx.com\/es\/installations\/sobell-leisure-centre\/#breadcrumb","itemListElement":[{"@type":"ListItem","position":1,"name":"Home","item":"https:\/\/airparx.com\/es\/"},{"@type":"ListItem","position":2,"name":"Sobell Leisure Centre"}]},{"@type":"WebSite","@id":"https:\/\/airparx.com\/es\/#website","url":"https:\/\/airparx.com\/es\/","name":"Airparx","description":"Inflatable &amp; Trampoline Park Supplier","publisher":{"@id":"https:\/\/airparx.com\/es\/#organization"},"potentialAction":[{"@type":"SearchAction","target":{"@type":"EntryPoint","urlTemplate":"https:\/\/airparx.com\/es\/?s={search_term_string}"},"query-input":{"@type":"PropertyValueSpecification","valueRequired":true,"valueName":"search_term_string"}}],"inLanguage":"es"},{"@type":"Organization","@id":"https:\/\/airparx.com\/es\/#organization","name":"Airparx","url":"https:\/\/airparx.com\/es\/","logo":{"@type":"ImageObject","inLanguage":"es","@id":"https:\/\/airparx.com\/es\/#\/schema\/logo\/image\/","url":"https:\/\/airparx.com\/wp-content\/uploads\/2022\/06\/Airparx_Logo.png","contentUrl":"https:\/\/airparx.com\/wp-content\/uploads\/2022\/06\/Airparx_Logo.png","width":1127,"height":461,"caption":"Airparx"},"image":{"@id":"https:\/\/airparx.com\/es\/#\/schema\/logo\/image\/"},"sameAs":["https:\/\/www.facebook.com\/Airparx\/","https:\/\/www.instagram.com\/airparx\/","https:\/\/www.youtube.com\/playlist?list=PL2LZnxdxb4eX2paMpuL0QxEvopAtGzyqY","https:\/\/www.linkedin.com\/company\/airparx\/"]}]}},"_links":{"self":[{"href":"https:\/\/airparx.com\/es\/wp-json\/wp\/v2\/product\/12601","targetHints":{"allow":["GET"]}}],"collection":[{"href":"https:\/\/airparx.com\/es\/wp-json\/wp\/v2\/product"}],"about":[{"href":"https:\/\/airparx.com\/es\/wp-json\/wp\/v2\/types\/product"}],"wp:featuredmedia":[{"embeddable":true,"href":"https:\/\/airparx.com\/es\/wp-json\/wp\/v2\/media\/11179"}],"wp:attachment":[{"href":"https:\/\/airparx.com\/es\/wp-json\/wp\/v2\/media?parent=12601"}],"wp:term":[{"taxonomy":"product_brand","embeddable":true,"href":"https:\/\/airparx.com\/es\/wp-json\/wp\/v2\/product_brand?post=12601"},{"taxonomy":"product_cat","embeddable":true,"href":"https:\/\/airparx.com\/es\/wp-json\/wp\/v2\/product_cat?post=12601"},{"taxonomy":"product_tag","embeddable":true,"href":"https:\/\/airparx.com\/es\/wp-json\/wp\/v2\/product_tag?post=12601"}],"curies":[{"name":"wp","href":"https:\/\/api.w.org\/{rel}","templated":true}]}}