{"id":12616,"date":"2023-02-24T11:16:55","date_gmt":"2023-02-24T11:16:55","guid":{"rendered":"https:\/\/airparx.com\/installations\/innoflate-newport\/"},"modified":"2023-02-24T11:16:55","modified_gmt":"2023-02-24T11:16:55","slug":"innoflate-newport","status":"publish","type":"product","link":"https:\/\/airparx.com\/es\/installations\/innoflate-newport\/","title":{"rendered":"Innoflate Newport"},"content":{"rendered":"<p><strong>El primer parque de Innoflate en Gales, basado en el \u00e9xito probado en Escocia<\/strong><\/p>\n<p>Innoflate Newport marc\u00f3 un hito importante para el equipo de Innoflate, su primer local en Gales y el siguiente paso tras una s\u00f3lida trayectoria de parques establecidos en Escocia. Ubicado en<\/p>\n<p><strong>Newport Leisure Park (Spytty),<\/strong> el nuevo emplazamiento lleva la experiencia de inflatables de alta energ\u00eda de Innoflate al sur de Gales, con una combinaci\u00f3n de inflatables gigantes, obst\u00e1culos y sesiones dise\u00f1adas para mantener a las familias en movimiento, riendo y con ganas de volver.<\/p>\n<p><strong>Un nuevo comienzo en Newport Leisure Park<\/strong><\/p>\n<p>La ubicaci\u00f3n de Newport sustituye la oferta de ocio anterior en la unidad, tras la salida de anteriores ocupantes del parque, incluido Energi Trampoline. Para Innoflate, fue una oportunidad de tomar un espacio complicado y relanzarlo con un modelo operativo m\u00e1s claro y una propuesta de cliente m\u00e1s completa, construida en torno a la afluencia, las visitas recurrentes, las ventas de fiestas y las sesiones estructuradas.<\/p>\n<p><strong>Qu\u00e9 pueden esperar los visitantes<\/strong><\/p>\n<p>Innoflate Newport ofrece experiencias de salto libre junto con sesiones y eventos estructurados, incluidas clases de fitness y sesiones tem\u00e1ticas como Nerf War, con una zona tipo cafeter\u00eda para favorecer estancias m\u00e1s largas y visitas en grupo.<\/p>\n<p><strong>Una colaboraci\u00f3n que va m\u00e1s all\u00e1 de un solo local<\/strong><\/p>\n<p>Este proyecto tambi\u00e9n representa algo m\u00e1s grande que una \u00fanica instalaci\u00f3n. Darren y Ross son socios cercanos nuestros, y Newport forma parte de una relaci\u00f3n de expansi\u00f3n m\u00e1s amplia, especialmente porque tambi\u00e9n est\u00e1n confirmados como nuestro primer cliente de Airparx 2.0 para Livingston, ayudando a dar forma a la pr\u00f3xima generaci\u00f3n de dise\u00f1o, visuales, caracter\u00edsticas y operaciones de parques de inflatables integrados.<\/p>\n<p><strong>Dise\u00f1ado para un rendimiento a largo plazo<\/strong><\/p>\n<p>Desde la planificaci\u00f3n del dise\u00f1o hasta el apoyo en la puesta en marcha, el enfoque en Newport fue crear una atracci\u00f3n robusta y comercialmente fiable que pueda escalar, dando soporte a fiestas, colegios, temporadas altas y campa\u00f1as de marketing estacionales, al tiempo que ofrece el factor sorpresa por el que Innoflate es conocido mientras se expande a nuevas regiones.<\/p>\n","protected":false},"excerpt":{"rendered":"<p>El primer parque de Innoflate en Gales, basado en el \u00e9xito probado en Escocia Innoflate Newport marc\u00f3 un hito importante para el equipo de Innoflate, su primer local en Gales y el siguiente paso tras una s\u00f3lida trayectoria de parques establecidos en Escocia. Ubicado en Newport Leisure Park (Spytty), el nuevo emplazamiento lleva la experiencia [&hellip;]<\/p>\n","protected":false},"featured_media":12577,"template":"","meta":{"_acf_changed":false},"product_brand":[],"product_cat":[82],"product_tag":[],"class_list":{"0":"post-12616","1":"product","2":"type-product","3":"status-publish","4":"has-post-thumbnail","6":"product_cat-parques-hinchables","8":"first","9":"outofstock","10":"shipping-taxable","11":"product-type-simple"},"acf":[],"yoast_head":"<!-- This site is optimized with the Yoast SEO Premium plugin v26.7 (Yoast SEO v27.3) - https:\/\/yoast.com\/product\/yoast-seo-premium-wordpress\/ -->\n<title>Innoflate Newport - Airparx<\/title>\n<meta name=\"robots\" content=\"index, follow, max-snippet:-1, max-image-preview:large, max-video-preview:-1\" \/>\n<link rel=\"canonical\" href=\"https:\/\/airparx.com\/es\/installations\/innoflate-newport\/\" \/>\n<meta property=\"og:locale\" content=\"es_ES\" \/>\n<meta property=\"og:type\" content=\"article\" \/>\n<meta property=\"og:title\" content=\"Innoflate Newport\" \/>\n<meta property=\"og:description\" content=\"El primer parque de Innoflate en Gales, basado en el \u00e9xito probado en Escocia Innoflate Newport marc\u00f3 un hito importante para el equipo de Innoflate, su primer local en Gales y el siguiente paso tras una s\u00f3lida trayectoria de parques establecidos en Escocia. Ubicado en Newport Leisure Park (Spytty), el nuevo emplazamiento lleva la experiencia [&hellip;]\" \/>\n<meta property=\"og:url\" content=\"https:\/\/airparx.com\/es\/installations\/innoflate-newport\/\" \/>\n<meta property=\"og:site_name\" content=\"Airparx\" \/>\n<meta property=\"article:publisher\" content=\"https:\/\/www.facebook.com\/Airparx\/\" \/>\n<meta property=\"og:image\" content=\"https:\/\/airparx.com\/wp-content\/uploads\/2023\/02\/innoflate-newport-1-1024x1024.png\" \/>\n\t<meta property=\"og:image:width\" content=\"1024\" \/>\n\t<meta property=\"og:image:height\" content=\"1024\" \/>\n\t<meta property=\"og:image:type\" content=\"image\/png\" \/>\n<meta name=\"twitter:card\" content=\"summary_large_image\" \/>\n<meta name=\"twitter:label1\" content=\"Tiempo de lectura\" \/>\n\t<meta name=\"twitter:data1\" content=\"2 minutos\" \/>\n<script type=\"application\/ld+json\" class=\"yoast-schema-graph\">{\"@context\":\"https:\\\/\\\/schema.org\",\"@graph\":[{\"@type\":\"WebPage\",\"@id\":\"https:\\\/\\\/airparx.com\\\/es\\\/installations\\\/innoflate-newport\\\/\",\"url\":\"https:\\\/\\\/airparx.com\\\/es\\\/installations\\\/innoflate-newport\\\/\",\"name\":\"Innoflate Newport - Airparx\",\"isPartOf\":{\"@id\":\"https:\\\/\\\/airparx.com\\\/es\\\/#website\"},\"primaryImageOfPage\":{\"@id\":\"https:\\\/\\\/airparx.com\\\/es\\\/installations\\\/innoflate-newport\\\/#primaryimage\"},\"image\":{\"@id\":\"https:\\\/\\\/airparx.com\\\/es\\\/installations\\\/innoflate-newport\\\/#primaryimage\"},\"thumbnailUrl\":\"https:\\\/\\\/airparx.com\\\/wp-content\\\/uploads\\\/2023\\\/02\\\/innoflate-newport-1.png\",\"datePublished\":\"2023-02-24T11:16:55+00:00\",\"breadcrumb\":{\"@id\":\"https:\\\/\\\/airparx.com\\\/es\\\/installations\\\/innoflate-newport\\\/#breadcrumb\"},\"inLanguage\":\"es\",\"potentialAction\":[{\"@type\":\"ReadAction\",\"target\":[\"https:\\\/\\\/airparx.com\\\/es\\\/installations\\\/innoflate-newport\\\/\"]}]},{\"@type\":\"ImageObject\",\"inLanguage\":\"es\",\"@id\":\"https:\\\/\\\/airparx.com\\\/es\\\/installations\\\/innoflate-newport\\\/#primaryimage\",\"url\":\"https:\\\/\\\/airparx.com\\\/wp-content\\\/uploads\\\/2023\\\/02\\\/innoflate-newport-1.png\",\"contentUrl\":\"https:\\\/\\\/airparx.com\\\/wp-content\\\/uploads\\\/2023\\\/02\\\/innoflate-newport-1.png\",\"width\":1200,\"height\":1200},{\"@type\":\"BreadcrumbList\",\"@id\":\"https:\\\/\\\/airparx.com\\\/es\\\/installations\\\/innoflate-newport\\\/#breadcrumb\",\"itemListElement\":[{\"@type\":\"ListItem\",\"position\":1,\"name\":\"Home\",\"item\":\"https:\\\/\\\/airparx.com\\\/es\\\/\"},{\"@type\":\"ListItem\",\"position\":2,\"name\":\"Innoflate Newport\"}]},{\"@type\":\"WebSite\",\"@id\":\"https:\\\/\\\/airparx.com\\\/es\\\/#website\",\"url\":\"https:\\\/\\\/airparx.com\\\/es\\\/\",\"name\":\"Airparx\",\"description\":\"Inflatable &amp; Trampoline Park Supplier\",\"publisher\":{\"@id\":\"https:\\\/\\\/airparx.com\\\/es\\\/#organization\"},\"potentialAction\":[{\"@type\":\"SearchAction\",\"target\":{\"@type\":\"EntryPoint\",\"urlTemplate\":\"https:\\\/\\\/airparx.com\\\/es\\\/?s={search_term_string}\"},\"query-input\":{\"@type\":\"PropertyValueSpecification\",\"valueRequired\":true,\"valueName\":\"search_term_string\"}}],\"inLanguage\":\"es\"},{\"@type\":\"Organization\",\"@id\":\"https:\\\/\\\/airparx.com\\\/es\\\/#organization\",\"name\":\"Airparx\",\"url\":\"https:\\\/\\\/airparx.com\\\/es\\\/\",\"logo\":{\"@type\":\"ImageObject\",\"inLanguage\":\"es\",\"@id\":\"https:\\\/\\\/airparx.com\\\/es\\\/#\\\/schema\\\/logo\\\/image\\\/\",\"url\":\"https:\\\/\\\/airparx.com\\\/wp-content\\\/uploads\\\/2022\\\/06\\\/Airparx_Logo.png\",\"contentUrl\":\"https:\\\/\\\/airparx.com\\\/wp-content\\\/uploads\\\/2022\\\/06\\\/Airparx_Logo.png\",\"width\":1127,\"height\":461,\"caption\":\"Airparx\"},\"image\":{\"@id\":\"https:\\\/\\\/airparx.com\\\/es\\\/#\\\/schema\\\/logo\\\/image\\\/\"},\"sameAs\":[\"https:\\\/\\\/www.facebook.com\\\/Airparx\\\/\",\"https:\\\/\\\/www.instagram.com\\\/airparx\\\/\",\"https:\\\/\\\/www.youtube.com\\\/playlist?list=PL2LZnxdxb4eX2paMpuL0QxEvopAtGzyqY\",\"https:\\\/\\\/www.linkedin.com\\\/company\\\/airparx\\\/\"]}]}<\/script>\n<!-- \/ Yoast SEO Premium plugin. -->","yoast_head_json":{"title":"Innoflate Newport - Airparx","robots":{"index":"index","follow":"follow","max-snippet":"max-snippet:-1","max-image-preview":"max-image-preview:large","max-video-preview":"max-video-preview:-1"},"canonical":"https:\/\/airparx.com\/es\/installations\/innoflate-newport\/","og_locale":"es_ES","og_type":"article","og_title":"Innoflate Newport","og_description":"El primer parque de Innoflate en Gales, basado en el \u00e9xito probado en Escocia Innoflate Newport marc\u00f3 un hito importante para el equipo de Innoflate, su primer local en Gales y el siguiente paso tras una s\u00f3lida trayectoria de parques establecidos en Escocia. Ubicado en Newport Leisure Park (Spytty), el nuevo emplazamiento lleva la experiencia [&hellip;]","og_url":"https:\/\/airparx.com\/es\/installations\/innoflate-newport\/","og_site_name":"Airparx","article_publisher":"https:\/\/www.facebook.com\/Airparx\/","og_image":[{"width":1024,"height":1024,"url":"https:\/\/airparx.com\/wp-content\/uploads\/2023\/02\/innoflate-newport-1-1024x1024.png","type":"image\/png"}],"twitter_card":"summary_large_image","twitter_misc":{"Tiempo de lectura":"2 minutos"},"schema":{"@context":"https:\/\/schema.org","@graph":[{"@type":"WebPage","@id":"https:\/\/airparx.com\/es\/installations\/innoflate-newport\/","url":"https:\/\/airparx.com\/es\/installations\/innoflate-newport\/","name":"Innoflate Newport - Airparx","isPartOf":{"@id":"https:\/\/airparx.com\/es\/#website"},"primaryImageOfPage":{"@id":"https:\/\/airparx.com\/es\/installations\/innoflate-newport\/#primaryimage"},"image":{"@id":"https:\/\/airparx.com\/es\/installations\/innoflate-newport\/#primaryimage"},"thumbnailUrl":"https:\/\/airparx.com\/wp-content\/uploads\/2023\/02\/innoflate-newport-1.png","datePublished":"2023-02-24T11:16:55+00:00","breadcrumb":{"@id":"https:\/\/airparx.com\/es\/installations\/innoflate-newport\/#breadcrumb"},"inLanguage":"es","potentialAction":[{"@type":"ReadAction","target":["https:\/\/airparx.com\/es\/installations\/innoflate-newport\/"]}]},{"@type":"ImageObject","inLanguage":"es","@id":"https:\/\/airparx.com\/es\/installations\/innoflate-newport\/#primaryimage","url":"https:\/\/airparx.com\/wp-content\/uploads\/2023\/02\/innoflate-newport-1.png","contentUrl":"https:\/\/airparx.com\/wp-content\/uploads\/2023\/02\/innoflate-newport-1.png","width":1200,"height":1200},{"@type":"BreadcrumbList","@id":"https:\/\/airparx.com\/es\/installations\/innoflate-newport\/#breadcrumb","itemListElement":[{"@type":"ListItem","position":1,"name":"Home","item":"https:\/\/airparx.com\/es\/"},{"@type":"ListItem","position":2,"name":"Innoflate Newport"}]},{"@type":"WebSite","@id":"https:\/\/airparx.com\/es\/#website","url":"https:\/\/airparx.com\/es\/","name":"Airparx","description":"Inflatable &amp; Trampoline Park Supplier","publisher":{"@id":"https:\/\/airparx.com\/es\/#organization"},"potentialAction":[{"@type":"SearchAction","target":{"@type":"EntryPoint","urlTemplate":"https:\/\/airparx.com\/es\/?s={search_term_string}"},"query-input":{"@type":"PropertyValueSpecification","valueRequired":true,"valueName":"search_term_string"}}],"inLanguage":"es"},{"@type":"Organization","@id":"https:\/\/airparx.com\/es\/#organization","name":"Airparx","url":"https:\/\/airparx.com\/es\/","logo":{"@type":"ImageObject","inLanguage":"es","@id":"https:\/\/airparx.com\/es\/#\/schema\/logo\/image\/","url":"https:\/\/airparx.com\/wp-content\/uploads\/2022\/06\/Airparx_Logo.png","contentUrl":"https:\/\/airparx.com\/wp-content\/uploads\/2022\/06\/Airparx_Logo.png","width":1127,"height":461,"caption":"Airparx"},"image":{"@id":"https:\/\/airparx.com\/es\/#\/schema\/logo\/image\/"},"sameAs":["https:\/\/www.facebook.com\/Airparx\/","https:\/\/www.instagram.com\/airparx\/","https:\/\/www.youtube.com\/playlist?list=PL2LZnxdxb4eX2paMpuL0QxEvopAtGzyqY","https:\/\/www.linkedin.com\/company\/airparx\/"]}]}},"_links":{"self":[{"href":"https:\/\/airparx.com\/es\/wp-json\/wp\/v2\/product\/12616","targetHints":{"allow":["GET"]}}],"collection":[{"href":"https:\/\/airparx.com\/es\/wp-json\/wp\/v2\/product"}],"about":[{"href":"https:\/\/airparx.com\/es\/wp-json\/wp\/v2\/types\/product"}],"wp:featuredmedia":[{"embeddable":true,"href":"https:\/\/airparx.com\/es\/wp-json\/wp\/v2\/media\/12577"}],"wp:attachment":[{"href":"https:\/\/airparx.com\/es\/wp-json\/wp\/v2\/media?parent=12616"}],"wp:term":[{"taxonomy":"product_brand","embeddable":true,"href":"https:\/\/airparx.com\/es\/wp-json\/wp\/v2\/product_brand?post=12616"},{"taxonomy":"product_cat","embeddable":true,"href":"https:\/\/airparx.com\/es\/wp-json\/wp\/v2\/product_cat?post=12616"},{"taxonomy":"product_tag","embeddable":true,"href":"https:\/\/airparx.com\/es\/wp-json\/wp\/v2\/product_tag?post=12616"}],"curies":[{"name":"wp","href":"https:\/\/api.w.org\/{rel}","templated":true}]}}