{"id":12625,"date":"2025-11-17T15:35:29","date_gmt":"2025-11-17T15:35:29","guid":{"rendered":"https:\/\/airparx.com\/installations\/total-ninja-adventure-park\/"},"modified":"2025-11-17T15:35:29","modified_gmt":"2025-11-17T15:35:29","slug":"total-ninja-adventure-park","status":"publish","type":"product","link":"https:\/\/airparx.com\/es\/installations\/total-ninja-adventure-park\/","title":{"rendered":"Total Ninja Adventure Park"},"content":{"rendered":"<p>Nuestra colaboraci\u00f3n con Total Ninja comenz\u00f3 en 2023 y, desde entonces, hemos trabajado juntos en m\u00faltiples proyectos en diversos centros. Hemos tenido el placer de dise\u00f1ar y fabricar parques hinchables, circuitos ninja y pistas de dodgeball en m\u00faltiples ubicaciones de Sud\u00e1frica y los Emiratos \u00c1rabes Unidos.<\/p>\n<p>Desde el principio, la asociaci\u00f3n se vio impulsada por una ambici\u00f3n compartida: crear destinos de entretenimiento activo de primer nivel que combinen diversi\u00f3n, desaf\u00edo y aventura. La experiencia de Airparx en dise\u00f1o y fabricaci\u00f3n permiti\u00f3 a Total Ninja ofrecer atracciones \u00fanicas y de gran dinamismo a su p\u00fablico internacional, adaptadas tanto a los mercados locales como a los est\u00e1ndares globales de la marca.<\/p>\n<p>Cada proyecto refleja el compromiso de Total Ninja de ofrecer experiencias exclusivas cargadas de adrenalina, al tiempo que muestra la capacidad de Airparx para adaptarse e innovar en diferentes entornos. Juntos, hemos transformado espacios vac\u00edos en vibrantes centros de actividad, ofreciendo a los visitantes experiencias inolvidables y fomentando la repetici\u00f3n de las visitas.<\/p>\n<p>A medida que la colaboraci\u00f3n contin\u00faa, Total Ninja y Airparx mantienen su enfoque en expandir su presencia global, elevando el list\u00f3n del entretenimiento activo e inspirando a participantes de todas las edades a superar sus l\u00edmites mientras se divierten.<\/p>\n<p>\u00abTrabajar con Airparx ha llevado nuestros parques al siguiente nivel. La calidad de los dise\u00f1os, la atenci\u00f3n al detalle y la forma en que capturan la energ\u00eda de nuestra marca han sido excepcionales. Los elementos visuales muestran nuestras instalaciones exactamente como queremos que se vean: din\u00e1micas, atractivas y construidas para impresionar. Tras el \u00e9xito del fen\u00f3meno televisivo mundial, Total Ninja se ha convertido en una empresa multinacional con m\u00faltiples sedes y atracciones, y la capacidad de Airparx para ofrecer productos y servicios de primera clase en todo el mundo es un testimonio de su profesionalidad y alcance\u00bb.<\/p>\n<p>Gavin Moran<br \/>\nPropietario, Total Ninja Adventure Park<\/p>\n","protected":false},"excerpt":{"rendered":"<p>Nuestra colaboraci\u00f3n con Total Ninja comenz\u00f3 en 2023 y, desde entonces, hemos trabajado juntos en m\u00faltiples proyectos en diversos centros. Hemos tenido el placer de dise\u00f1ar y fabricar parques hinchables, circuitos ninja y pistas de dodgeball en m\u00faltiples ubicaciones de Sud\u00e1frica y los Emiratos \u00c1rabes Unidos. Desde el principio, la asociaci\u00f3n se vio impulsada por [&hellip;]<\/p>\n","protected":false},"featured_media":11196,"template":"","meta":{"_acf_changed":false},"product_brand":[],"product_cat":[126,89,85,88,82],"product_tag":[],"class_list":{"0":"post-12625","1":"product","2":"type-product","3":"status-publish","4":"has-post-thumbnail","6":"product_cat-carreras-de-obstaculos-ninja","7":"product_cat-entretenimiento-interactivo","8":"product_cat-juegos-de-interior-y-parques-infantiles","9":"product_cat-parques-de-camas-elasticas","10":"product_cat-parques-hinchables","12":"first","13":"outofstock","14":"shipping-taxable","15":"product-type-simple"},"acf":[],"yoast_head":"<!-- This site is optimized with the Yoast SEO Premium plugin v26.7 (Yoast SEO v27.3) - https:\/\/yoast.com\/product\/yoast-seo-premium-wordpress\/ -->\n<title>Total Ninja Adventure Park - Airparx<\/title>\n<meta name=\"robots\" content=\"index, follow, max-snippet:-1, max-image-preview:large, max-video-preview:-1\" \/>\n<link rel=\"canonical\" href=\"https:\/\/airparx.com\/es\/installations\/total-ninja-adventure-park\/\" \/>\n<meta property=\"og:locale\" content=\"es_ES\" \/>\n<meta property=\"og:type\" content=\"article\" \/>\n<meta property=\"og:title\" content=\"Total Ninja Adventure Park\" \/>\n<meta property=\"og:description\" content=\"Nuestra colaboraci\u00f3n con Total Ninja comenz\u00f3 en 2023 y, desde entonces, hemos trabajado juntos en m\u00faltiples proyectos en diversos centros. Hemos tenido el placer de dise\u00f1ar y fabricar parques hinchables, circuitos ninja y pistas de dodgeball en m\u00faltiples ubicaciones de Sud\u00e1frica y los Emiratos \u00c1rabes Unidos. Desde el principio, la asociaci\u00f3n se vio impulsada por [&hellip;]\" \/>\n<meta property=\"og:url\" content=\"https:\/\/airparx.com\/es\/installations\/total-ninja-adventure-park\/\" \/>\n<meta property=\"og:site_name\" content=\"Airparx\" \/>\n<meta property=\"article:publisher\" content=\"https:\/\/www.facebook.com\/Airparx\/\" \/>\n<meta property=\"og:image\" content=\"https:\/\/airparx.com\/wp-content\/uploads\/2025\/11\/IMG-20240412-WA0019.jpg\" \/>\n\t<meta property=\"og:image:width\" content=\"2048\" \/>\n\t<meta property=\"og:image:height\" content=\"1536\" \/>\n\t<meta property=\"og:image:type\" content=\"image\/jpeg\" \/>\n<meta name=\"twitter:card\" content=\"summary_large_image\" \/>\n<meta name=\"twitter:label1\" content=\"Tiempo de lectura\" \/>\n\t<meta name=\"twitter:data1\" content=\"2 minutos\" \/>\n<script type=\"application\/ld+json\" class=\"yoast-schema-graph\">{\"@context\":\"https:\\\/\\\/schema.org\",\"@graph\":[{\"@type\":\"WebPage\",\"@id\":\"https:\\\/\\\/airparx.com\\\/es\\\/installations\\\/total-ninja-adventure-park\\\/\",\"url\":\"https:\\\/\\\/airparx.com\\\/es\\\/installations\\\/total-ninja-adventure-park\\\/\",\"name\":\"Total Ninja Adventure Park - Airparx\",\"isPartOf\":{\"@id\":\"https:\\\/\\\/airparx.com\\\/es\\\/#website\"},\"primaryImageOfPage\":{\"@id\":\"https:\\\/\\\/airparx.com\\\/es\\\/installations\\\/total-ninja-adventure-park\\\/#primaryimage\"},\"image\":{\"@id\":\"https:\\\/\\\/airparx.com\\\/es\\\/installations\\\/total-ninja-adventure-park\\\/#primaryimage\"},\"thumbnailUrl\":\"https:\\\/\\\/airparx.com\\\/wp-content\\\/uploads\\\/2025\\\/11\\\/IMG-20240412-WA0019.jpg\",\"datePublished\":\"2025-11-17T15:35:29+00:00\",\"breadcrumb\":{\"@id\":\"https:\\\/\\\/airparx.com\\\/es\\\/installations\\\/total-ninja-adventure-park\\\/#breadcrumb\"},\"inLanguage\":\"es\",\"potentialAction\":[{\"@type\":\"ReadAction\",\"target\":[\"https:\\\/\\\/airparx.com\\\/es\\\/installations\\\/total-ninja-adventure-park\\\/\"]}]},{\"@type\":\"ImageObject\",\"inLanguage\":\"es\",\"@id\":\"https:\\\/\\\/airparx.com\\\/es\\\/installations\\\/total-ninja-adventure-park\\\/#primaryimage\",\"url\":\"https:\\\/\\\/airparx.com\\\/wp-content\\\/uploads\\\/2025\\\/11\\\/IMG-20240412-WA0019.jpg\",\"contentUrl\":\"https:\\\/\\\/airparx.com\\\/wp-content\\\/uploads\\\/2025\\\/11\\\/IMG-20240412-WA0019.jpg\",\"width\":2048,\"height\":1536},{\"@type\":\"BreadcrumbList\",\"@id\":\"https:\\\/\\\/airparx.com\\\/es\\\/installations\\\/total-ninja-adventure-park\\\/#breadcrumb\",\"itemListElement\":[{\"@type\":\"ListItem\",\"position\":1,\"name\":\"Home\",\"item\":\"https:\\\/\\\/airparx.com\\\/es\\\/\"},{\"@type\":\"ListItem\",\"position\":2,\"name\":\"Total Ninja Adventure Park\"}]},{\"@type\":\"WebSite\",\"@id\":\"https:\\\/\\\/airparx.com\\\/es\\\/#website\",\"url\":\"https:\\\/\\\/airparx.com\\\/es\\\/\",\"name\":\"Airparx\",\"description\":\"Inflatable &amp; Trampoline Park Supplier\",\"publisher\":{\"@id\":\"https:\\\/\\\/airparx.com\\\/es\\\/#organization\"},\"potentialAction\":[{\"@type\":\"SearchAction\",\"target\":{\"@type\":\"EntryPoint\",\"urlTemplate\":\"https:\\\/\\\/airparx.com\\\/es\\\/?s={search_term_string}\"},\"query-input\":{\"@type\":\"PropertyValueSpecification\",\"valueRequired\":true,\"valueName\":\"search_term_string\"}}],\"inLanguage\":\"es\"},{\"@type\":\"Organization\",\"@id\":\"https:\\\/\\\/airparx.com\\\/es\\\/#organization\",\"name\":\"Airparx\",\"url\":\"https:\\\/\\\/airparx.com\\\/es\\\/\",\"logo\":{\"@type\":\"ImageObject\",\"inLanguage\":\"es\",\"@id\":\"https:\\\/\\\/airparx.com\\\/es\\\/#\\\/schema\\\/logo\\\/image\\\/\",\"url\":\"https:\\\/\\\/airparx.com\\\/wp-content\\\/uploads\\\/2022\\\/06\\\/Airparx_Logo.png\",\"contentUrl\":\"https:\\\/\\\/airparx.com\\\/wp-content\\\/uploads\\\/2022\\\/06\\\/Airparx_Logo.png\",\"width\":1127,\"height\":461,\"caption\":\"Airparx\"},\"image\":{\"@id\":\"https:\\\/\\\/airparx.com\\\/es\\\/#\\\/schema\\\/logo\\\/image\\\/\"},\"sameAs\":[\"https:\\\/\\\/www.facebook.com\\\/Airparx\\\/\",\"https:\\\/\\\/www.instagram.com\\\/airparx\\\/\",\"https:\\\/\\\/www.youtube.com\\\/playlist?list=PL2LZnxdxb4eX2paMpuL0QxEvopAtGzyqY\",\"https:\\\/\\\/www.linkedin.com\\\/company\\\/airparx\\\/\"]}]}<\/script>\n<!-- \/ Yoast SEO Premium plugin. -->","yoast_head_json":{"title":"Total Ninja Adventure Park - Airparx","robots":{"index":"index","follow":"follow","max-snippet":"max-snippet:-1","max-image-preview":"max-image-preview:large","max-video-preview":"max-video-preview:-1"},"canonical":"https:\/\/airparx.com\/es\/installations\/total-ninja-adventure-park\/","og_locale":"es_ES","og_type":"article","og_title":"Total Ninja Adventure Park","og_description":"Nuestra colaboraci\u00f3n con Total Ninja comenz\u00f3 en 2023 y, desde entonces, hemos trabajado juntos en m\u00faltiples proyectos en diversos centros. Hemos tenido el placer de dise\u00f1ar y fabricar parques hinchables, circuitos ninja y pistas de dodgeball en m\u00faltiples ubicaciones de Sud\u00e1frica y los Emiratos \u00c1rabes Unidos. Desde el principio, la asociaci\u00f3n se vio impulsada por [&hellip;]","og_url":"https:\/\/airparx.com\/es\/installations\/total-ninja-adventure-park\/","og_site_name":"Airparx","article_publisher":"https:\/\/www.facebook.com\/Airparx\/","og_image":[{"width":2048,"height":1536,"url":"https:\/\/airparx.com\/wp-content\/uploads\/2025\/11\/IMG-20240412-WA0019.jpg","type":"image\/jpeg"}],"twitter_card":"summary_large_image","twitter_misc":{"Tiempo de lectura":"2 minutos"},"schema":{"@context":"https:\/\/schema.org","@graph":[{"@type":"WebPage","@id":"https:\/\/airparx.com\/es\/installations\/total-ninja-adventure-park\/","url":"https:\/\/airparx.com\/es\/installations\/total-ninja-adventure-park\/","name":"Total Ninja Adventure Park - Airparx","isPartOf":{"@id":"https:\/\/airparx.com\/es\/#website"},"primaryImageOfPage":{"@id":"https:\/\/airparx.com\/es\/installations\/total-ninja-adventure-park\/#primaryimage"},"image":{"@id":"https:\/\/airparx.com\/es\/installations\/total-ninja-adventure-park\/#primaryimage"},"thumbnailUrl":"https:\/\/airparx.com\/wp-content\/uploads\/2025\/11\/IMG-20240412-WA0019.jpg","datePublished":"2025-11-17T15:35:29+00:00","breadcrumb":{"@id":"https:\/\/airparx.com\/es\/installations\/total-ninja-adventure-park\/#breadcrumb"},"inLanguage":"es","potentialAction":[{"@type":"ReadAction","target":["https:\/\/airparx.com\/es\/installations\/total-ninja-adventure-park\/"]}]},{"@type":"ImageObject","inLanguage":"es","@id":"https:\/\/airparx.com\/es\/installations\/total-ninja-adventure-park\/#primaryimage","url":"https:\/\/airparx.com\/wp-content\/uploads\/2025\/11\/IMG-20240412-WA0019.jpg","contentUrl":"https:\/\/airparx.com\/wp-content\/uploads\/2025\/11\/IMG-20240412-WA0019.jpg","width":2048,"height":1536},{"@type":"BreadcrumbList","@id":"https:\/\/airparx.com\/es\/installations\/total-ninja-adventure-park\/#breadcrumb","itemListElement":[{"@type":"ListItem","position":1,"name":"Home","item":"https:\/\/airparx.com\/es\/"},{"@type":"ListItem","position":2,"name":"Total Ninja Adventure Park"}]},{"@type":"WebSite","@id":"https:\/\/airparx.com\/es\/#website","url":"https:\/\/airparx.com\/es\/","name":"Airparx","description":"Inflatable &amp; Trampoline Park Supplier","publisher":{"@id":"https:\/\/airparx.com\/es\/#organization"},"potentialAction":[{"@type":"SearchAction","target":{"@type":"EntryPoint","urlTemplate":"https:\/\/airparx.com\/es\/?s={search_term_string}"},"query-input":{"@type":"PropertyValueSpecification","valueRequired":true,"valueName":"search_term_string"}}],"inLanguage":"es"},{"@type":"Organization","@id":"https:\/\/airparx.com\/es\/#organization","name":"Airparx","url":"https:\/\/airparx.com\/es\/","logo":{"@type":"ImageObject","inLanguage":"es","@id":"https:\/\/airparx.com\/es\/#\/schema\/logo\/image\/","url":"https:\/\/airparx.com\/wp-content\/uploads\/2022\/06\/Airparx_Logo.png","contentUrl":"https:\/\/airparx.com\/wp-content\/uploads\/2022\/06\/Airparx_Logo.png","width":1127,"height":461,"caption":"Airparx"},"image":{"@id":"https:\/\/airparx.com\/es\/#\/schema\/logo\/image\/"},"sameAs":["https:\/\/www.facebook.com\/Airparx\/","https:\/\/www.instagram.com\/airparx\/","https:\/\/www.youtube.com\/playlist?list=PL2LZnxdxb4eX2paMpuL0QxEvopAtGzyqY","https:\/\/www.linkedin.com\/company\/airparx\/"]}]}},"_links":{"self":[{"href":"https:\/\/airparx.com\/es\/wp-json\/wp\/v2\/product\/12625","targetHints":{"allow":["GET"]}}],"collection":[{"href":"https:\/\/airparx.com\/es\/wp-json\/wp\/v2\/product"}],"about":[{"href":"https:\/\/airparx.com\/es\/wp-json\/wp\/v2\/types\/product"}],"wp:featuredmedia":[{"embeddable":true,"href":"https:\/\/airparx.com\/es\/wp-json\/wp\/v2\/media\/11196"}],"wp:attachment":[{"href":"https:\/\/airparx.com\/es\/wp-json\/wp\/v2\/media?parent=12625"}],"wp:term":[{"taxonomy":"product_brand","embeddable":true,"href":"https:\/\/airparx.com\/es\/wp-json\/wp\/v2\/product_brand?post=12625"},{"taxonomy":"product_cat","embeddable":true,"href":"https:\/\/airparx.com\/es\/wp-json\/wp\/v2\/product_cat?post=12625"},{"taxonomy":"product_tag","embeddable":true,"href":"https:\/\/airparx.com\/es\/wp-json\/wp\/v2\/product_tag?post=12625"}],"curies":[{"name":"wp","href":"https:\/\/api.w.org\/{rel}","templated":true}]}}