{"id":5177,"date":"2021-11-15T10:27:03","date_gmt":"2021-11-15T10:27:03","guid":{"rendered":"https:\/\/airparx.com\/installations\/aura-leisure\/"},"modified":"2022-11-18T12:32:37","modified_gmt":"2022-11-18T12:32:37","slug":"aura-ocio","status":"publish","type":"product","link":"https:\/\/airparx.com\/es\/installations\/aura-ocio\/","title":{"rendered":"Aura Leisure"},"content":{"rendered":"<p>Aura Leisure ofrece servicios de ocio en el norte de Gales y su objetivo es ser vanguardista a la hora de impulsar la participaci\u00f3n de todos los grupos demogr\u00e1ficos en la zona en la que operan.<\/p>\n<p>Se pidi\u00f3 a Airparx que rehabilitara un pabell\u00f3n deportivo de bajo rendimiento que se hab\u00eda utilizado como centro de pruebas del Covid 19 durante la pandemia.<\/p>\n<p>Despu\u00e9s de varias reuniones de consulta, Aura estaba segura de que Airparx era la empresa que pod\u00eda proporcionar la soluci\u00f3n y pudimos ofrecer un parque hinchable para 90 personas que satisfac\u00eda las necesidades de la comunidad local. El concepto fundamental era proporcionar un tiempo de ocio sano y divertido a los visitantes y un parque hinchable era la mejor manera de conseguirlo, teniendo en cuenta los grupos de edad a los que se dirig\u00eda. Las 3 atracciones principales eran elementos interconectados que inclu\u00edan una escalada y un tobog\u00e1n gigantescos con una gran pendiente como salida. Los otros dos elementos eran un muro ninja para probar la velocidad y la fuerza, y una bolsa de aire que permit\u00eda a los participantes saltar desde una altura a una plataforma de aterrizaje suave<strong>.<\/strong><\/p>\n","protected":false},"excerpt":{"rendered":"<p>Aura Leisure ofrece servicios de ocio en el norte de Gales y su objetivo es ser vanguardista a la hora de impulsar la participaci\u00f3n de todos los grupos demogr\u00e1ficos en la zona en la que operan. Se pidi\u00f3 a Airparx que rehabilitara un pabell\u00f3n deportivo de bajo rendimiento que se hab\u00eda utilizado como centro de [&hellip;]<\/p>\n","protected":false},"featured_media":4454,"template":"","meta":{"_acf_changed":false},"product_brand":[],"product_cat":[82],"product_tag":[],"class_list":{"0":"post-5177","1":"product","2":"type-product","3":"status-publish","4":"has-post-thumbnail","6":"product_cat-parques-hinchables","8":"first","9":"outofstock","10":"shipping-taxable","11":"product-type-simple"},"acf":[],"yoast_head":"<!-- This site is optimized with the Yoast SEO Premium plugin v26.7 (Yoast SEO v27.3) - https:\/\/yoast.com\/product\/yoast-seo-premium-wordpress\/ -->\n<title>Aura Leisure - Airparx<\/title>\n<meta name=\"robots\" content=\"index, follow, max-snippet:-1, max-image-preview:large, max-video-preview:-1\" \/>\n<link rel=\"canonical\" href=\"https:\/\/airparx.com\/es\/installations\/aura-ocio\/\" \/>\n<meta property=\"og:locale\" content=\"es_ES\" \/>\n<meta property=\"og:type\" content=\"article\" \/>\n<meta property=\"og:title\" content=\"Aura Leisure\" \/>\n<meta property=\"og:description\" content=\"Aura Leisure ofrece servicios de ocio en el norte de Gales y su objetivo es ser vanguardista a la hora de impulsar la participaci\u00f3n de todos los grupos demogr\u00e1ficos en la zona en la que operan. Se pidi\u00f3 a Airparx que rehabilitara un pabell\u00f3n deportivo de bajo rendimiento que se hab\u00eda utilizado como centro de [&hellip;]\" \/>\n<meta property=\"og:url\" content=\"https:\/\/airparx.com\/es\/installations\/aura-ocio\/\" \/>\n<meta property=\"og:site_name\" content=\"Airparx\" \/>\n<meta property=\"article:publisher\" content=\"https:\/\/www.facebook.com\/Airparx\/\" \/>\n<meta property=\"article:modified_time\" content=\"2022-11-18T12:32:37+00:00\" \/>\n<meta property=\"og:image\" content=\"https:\/\/airparx.com\/wp-content\/uploads\/2022\/07\/aura-leisure-3.jpg\" \/>\n\t<meta property=\"og:image:width\" content=\"1024\" \/>\n\t<meta property=\"og:image:height\" content=\"768\" \/>\n\t<meta property=\"og:image:type\" content=\"image\/jpeg\" \/>\n<meta name=\"twitter:card\" content=\"summary_large_image\" \/>\n<meta name=\"twitter:label1\" content=\"Tiempo de lectura\" \/>\n\t<meta name=\"twitter:data1\" content=\"1 minuto\" \/>\n<script type=\"application\/ld+json\" class=\"yoast-schema-graph\">{\"@context\":\"https:\\\/\\\/schema.org\",\"@graph\":[{\"@type\":\"WebPage\",\"@id\":\"https:\\\/\\\/airparx.com\\\/es\\\/installations\\\/aura-ocio\\\/\",\"url\":\"https:\\\/\\\/airparx.com\\\/es\\\/installations\\\/aura-ocio\\\/\",\"name\":\"Aura Leisure - Airparx\",\"isPartOf\":{\"@id\":\"https:\\\/\\\/airparx.com\\\/es\\\/#website\"},\"primaryImageOfPage\":{\"@id\":\"https:\\\/\\\/airparx.com\\\/es\\\/installations\\\/aura-ocio\\\/#primaryimage\"},\"image\":{\"@id\":\"https:\\\/\\\/airparx.com\\\/es\\\/installations\\\/aura-ocio\\\/#primaryimage\"},\"thumbnailUrl\":\"https:\\\/\\\/airparx.com\\\/wp-content\\\/uploads\\\/2022\\\/07\\\/aura-leisure-3.jpg\",\"datePublished\":\"2021-11-15T10:27:03+00:00\",\"dateModified\":\"2022-11-18T12:32:37+00:00\",\"breadcrumb\":{\"@id\":\"https:\\\/\\\/airparx.com\\\/es\\\/installations\\\/aura-ocio\\\/#breadcrumb\"},\"inLanguage\":\"es\",\"potentialAction\":[{\"@type\":\"ReadAction\",\"target\":[\"https:\\\/\\\/airparx.com\\\/es\\\/installations\\\/aura-ocio\\\/\"]}]},{\"@type\":\"ImageObject\",\"inLanguage\":\"es\",\"@id\":\"https:\\\/\\\/airparx.com\\\/es\\\/installations\\\/aura-ocio\\\/#primaryimage\",\"url\":\"https:\\\/\\\/airparx.com\\\/wp-content\\\/uploads\\\/2022\\\/07\\\/aura-leisure-3.jpg\",\"contentUrl\":\"https:\\\/\\\/airparx.com\\\/wp-content\\\/uploads\\\/2022\\\/07\\\/aura-leisure-3.jpg\",\"width\":1024,\"height\":768},{\"@type\":\"BreadcrumbList\",\"@id\":\"https:\\\/\\\/airparx.com\\\/es\\\/installations\\\/aura-ocio\\\/#breadcrumb\",\"itemListElement\":[{\"@type\":\"ListItem\",\"position\":1,\"name\":\"Home\",\"item\":\"https:\\\/\\\/airparx.com\\\/es\\\/\"},{\"@type\":\"ListItem\",\"position\":2,\"name\":\"Aura Leisure\"}]},{\"@type\":\"WebSite\",\"@id\":\"https:\\\/\\\/airparx.com\\\/es\\\/#website\",\"url\":\"https:\\\/\\\/airparx.com\\\/es\\\/\",\"name\":\"Airparx\",\"description\":\"Inflatable &amp; Trampoline Park Supplier\",\"publisher\":{\"@id\":\"https:\\\/\\\/airparx.com\\\/es\\\/#organization\"},\"potentialAction\":[{\"@type\":\"SearchAction\",\"target\":{\"@type\":\"EntryPoint\",\"urlTemplate\":\"https:\\\/\\\/airparx.com\\\/es\\\/?s={search_term_string}\"},\"query-input\":{\"@type\":\"PropertyValueSpecification\",\"valueRequired\":true,\"valueName\":\"search_term_string\"}}],\"inLanguage\":\"es\"},{\"@type\":\"Organization\",\"@id\":\"https:\\\/\\\/airparx.com\\\/es\\\/#organization\",\"name\":\"Airparx\",\"url\":\"https:\\\/\\\/airparx.com\\\/es\\\/\",\"logo\":{\"@type\":\"ImageObject\",\"inLanguage\":\"es\",\"@id\":\"https:\\\/\\\/airparx.com\\\/es\\\/#\\\/schema\\\/logo\\\/image\\\/\",\"url\":\"https:\\\/\\\/airparx.com\\\/wp-content\\\/uploads\\\/2022\\\/06\\\/Airparx_Logo.png\",\"contentUrl\":\"https:\\\/\\\/airparx.com\\\/wp-content\\\/uploads\\\/2022\\\/06\\\/Airparx_Logo.png\",\"width\":1127,\"height\":461,\"caption\":\"Airparx\"},\"image\":{\"@id\":\"https:\\\/\\\/airparx.com\\\/es\\\/#\\\/schema\\\/logo\\\/image\\\/\"},\"sameAs\":[\"https:\\\/\\\/www.facebook.com\\\/Airparx\\\/\",\"https:\\\/\\\/www.instagram.com\\\/airparx\\\/\",\"https:\\\/\\\/www.youtube.com\\\/playlist?list=PL2LZnxdxb4eX2paMpuL0QxEvopAtGzyqY\",\"https:\\\/\\\/www.linkedin.com\\\/company\\\/airparx\\\/\"]}]}<\/script>\n<!-- \/ Yoast SEO Premium plugin. -->","yoast_head_json":{"title":"Aura Leisure - Airparx","robots":{"index":"index","follow":"follow","max-snippet":"max-snippet:-1","max-image-preview":"max-image-preview:large","max-video-preview":"max-video-preview:-1"},"canonical":"https:\/\/airparx.com\/es\/installations\/aura-ocio\/","og_locale":"es_ES","og_type":"article","og_title":"Aura Leisure","og_description":"Aura Leisure ofrece servicios de ocio en el norte de Gales y su objetivo es ser vanguardista a la hora de impulsar la participaci\u00f3n de todos los grupos demogr\u00e1ficos en la zona en la que operan. Se pidi\u00f3 a Airparx que rehabilitara un pabell\u00f3n deportivo de bajo rendimiento que se hab\u00eda utilizado como centro de [&hellip;]","og_url":"https:\/\/airparx.com\/es\/installations\/aura-ocio\/","og_site_name":"Airparx","article_publisher":"https:\/\/www.facebook.com\/Airparx\/","article_modified_time":"2022-11-18T12:32:37+00:00","og_image":[{"width":1024,"height":768,"url":"https:\/\/airparx.com\/wp-content\/uploads\/2022\/07\/aura-leisure-3.jpg","type":"image\/jpeg"}],"twitter_card":"summary_large_image","twitter_misc":{"Tiempo de lectura":"1 minuto"},"schema":{"@context":"https:\/\/schema.org","@graph":[{"@type":"WebPage","@id":"https:\/\/airparx.com\/es\/installations\/aura-ocio\/","url":"https:\/\/airparx.com\/es\/installations\/aura-ocio\/","name":"Aura Leisure - Airparx","isPartOf":{"@id":"https:\/\/airparx.com\/es\/#website"},"primaryImageOfPage":{"@id":"https:\/\/airparx.com\/es\/installations\/aura-ocio\/#primaryimage"},"image":{"@id":"https:\/\/airparx.com\/es\/installations\/aura-ocio\/#primaryimage"},"thumbnailUrl":"https:\/\/airparx.com\/wp-content\/uploads\/2022\/07\/aura-leisure-3.jpg","datePublished":"2021-11-15T10:27:03+00:00","dateModified":"2022-11-18T12:32:37+00:00","breadcrumb":{"@id":"https:\/\/airparx.com\/es\/installations\/aura-ocio\/#breadcrumb"},"inLanguage":"es","potentialAction":[{"@type":"ReadAction","target":["https:\/\/airparx.com\/es\/installations\/aura-ocio\/"]}]},{"@type":"ImageObject","inLanguage":"es","@id":"https:\/\/airparx.com\/es\/installations\/aura-ocio\/#primaryimage","url":"https:\/\/airparx.com\/wp-content\/uploads\/2022\/07\/aura-leisure-3.jpg","contentUrl":"https:\/\/airparx.com\/wp-content\/uploads\/2022\/07\/aura-leisure-3.jpg","width":1024,"height":768},{"@type":"BreadcrumbList","@id":"https:\/\/airparx.com\/es\/installations\/aura-ocio\/#breadcrumb","itemListElement":[{"@type":"ListItem","position":1,"name":"Home","item":"https:\/\/airparx.com\/es\/"},{"@type":"ListItem","position":2,"name":"Aura Leisure"}]},{"@type":"WebSite","@id":"https:\/\/airparx.com\/es\/#website","url":"https:\/\/airparx.com\/es\/","name":"Airparx","description":"Inflatable &amp; Trampoline Park Supplier","publisher":{"@id":"https:\/\/airparx.com\/es\/#organization"},"potentialAction":[{"@type":"SearchAction","target":{"@type":"EntryPoint","urlTemplate":"https:\/\/airparx.com\/es\/?s={search_term_string}"},"query-input":{"@type":"PropertyValueSpecification","valueRequired":true,"valueName":"search_term_string"}}],"inLanguage":"es"},{"@type":"Organization","@id":"https:\/\/airparx.com\/es\/#organization","name":"Airparx","url":"https:\/\/airparx.com\/es\/","logo":{"@type":"ImageObject","inLanguage":"es","@id":"https:\/\/airparx.com\/es\/#\/schema\/logo\/image\/","url":"https:\/\/airparx.com\/wp-content\/uploads\/2022\/06\/Airparx_Logo.png","contentUrl":"https:\/\/airparx.com\/wp-content\/uploads\/2022\/06\/Airparx_Logo.png","width":1127,"height":461,"caption":"Airparx"},"image":{"@id":"https:\/\/airparx.com\/es\/#\/schema\/logo\/image\/"},"sameAs":["https:\/\/www.facebook.com\/Airparx\/","https:\/\/www.instagram.com\/airparx\/","https:\/\/www.youtube.com\/playlist?list=PL2LZnxdxb4eX2paMpuL0QxEvopAtGzyqY","https:\/\/www.linkedin.com\/company\/airparx\/"]}]}},"_links":{"self":[{"href":"https:\/\/airparx.com\/es\/wp-json\/wp\/v2\/product\/5177","targetHints":{"allow":["GET"]}}],"collection":[{"href":"https:\/\/airparx.com\/es\/wp-json\/wp\/v2\/product"}],"about":[{"href":"https:\/\/airparx.com\/es\/wp-json\/wp\/v2\/types\/product"}],"wp:featuredmedia":[{"embeddable":true,"href":"https:\/\/airparx.com\/es\/wp-json\/wp\/v2\/media\/4454"}],"wp:attachment":[{"href":"https:\/\/airparx.com\/es\/wp-json\/wp\/v2\/media?parent=5177"}],"wp:term":[{"taxonomy":"product_brand","embeddable":true,"href":"https:\/\/airparx.com\/es\/wp-json\/wp\/v2\/product_brand?post=5177"},{"taxonomy":"product_cat","embeddable":true,"href":"https:\/\/airparx.com\/es\/wp-json\/wp\/v2\/product_cat?post=5177"},{"taxonomy":"product_tag","embeddable":true,"href":"https:\/\/airparx.com\/es\/wp-json\/wp\/v2\/product_tag?post=5177"}],"curies":[{"name":"wp","href":"https:\/\/api.w.org\/{rel}","templated":true}]}}