{"id":5185,"date":"2021-07-31T12:52:15","date_gmt":"2021-07-31T11:52:15","guid":{"rendered":"https:\/\/airparx.com\/installations\/airthrill-falkirk\/"},"modified":"2022-11-18T12:32:37","modified_gmt":"2022-11-18T12:32:37","slug":"airthrill-falkirk","status":"publish","type":"product","link":"https:\/\/airparx.com\/es\/installations\/airthrill-falkirk\/","title":{"rendered":"Airthrill &#8211; Falkirk"},"content":{"rendered":"<p>El parque de hinchables Airthrill Airparx de Falkirk fue el primer y \u00fanico hinchable de Falkirk y sus alrededores. Este fue tambi\u00e9n el segundo parque en Escocia para el exitoso Grupo Wonderworld.<\/p>\n<p>Airparx ayud\u00f3 a crear una nueva marca para destacar el nuevo logotipo y el tema corporativo a trav\u00e9s del color y el posicionamiento del logotipo.<\/p>\n<p>Una vez m\u00e1s, para Airthrill, Airparx desarroll\u00f3 una conexi\u00f3n \u00fanica entre el parque de hinchables y el parque de trampolines vecino que aument\u00f3 los usuarios en un 35% en total. Adem\u00e1s, Airparx cre\u00f3 un nuevo y atractivo programa de formaci\u00f3n que se imparti\u00f3 en formato virgen para ayudar a la supervisi\u00f3n de la obra y que fue muy bien recibido.<\/p>\n","protected":false},"excerpt":{"rendered":"<p>El parque de hinchables Airthrill Airparx de Falkirk fue el primer y \u00fanico hinchable de Falkirk y sus alrededores. Este fue tambi\u00e9n el segundo parque en Escocia para el exitoso Grupo Wonderworld. Airparx ayud\u00f3 a crear una nueva marca para destacar el nuevo logotipo y el tema corporativo a trav\u00e9s del color y el posicionamiento [&hellip;]<\/p>\n","protected":false},"featured_media":4338,"template":"","meta":{"_acf_changed":false},"product_brand":[],"product_cat":[89,88,82],"product_tag":[],"class_list":{"0":"post-5185","1":"product","2":"type-product","3":"status-publish","4":"has-post-thumbnail","6":"product_cat-entretenimiento-interactivo","7":"product_cat-parques-de-camas-elasticas","8":"product_cat-parques-hinchables","10":"first","11":"outofstock","12":"shipping-taxable","13":"product-type-simple"},"acf":[],"yoast_head":"<!-- This site is optimized with the Yoast SEO Premium plugin v26.7 (Yoast SEO v27.3) - https:\/\/yoast.com\/product\/yoast-seo-premium-wordpress\/ -->\n<title>Airthrill - Falkirk - Airparx<\/title>\n<meta name=\"robots\" content=\"index, follow, max-snippet:-1, max-image-preview:large, max-video-preview:-1\" \/>\n<link rel=\"canonical\" href=\"https:\/\/airparx.com\/es\/installations\/airthrill-falkirk\/\" \/>\n<meta property=\"og:locale\" content=\"es_ES\" \/>\n<meta property=\"og:type\" content=\"article\" \/>\n<meta property=\"og:title\" content=\"Airthrill - Falkirk\" \/>\n<meta property=\"og:description\" content=\"El parque de hinchables Airthrill Airparx de Falkirk fue el primer y \u00fanico hinchable de Falkirk y sus alrededores. Este fue tambi\u00e9n el segundo parque en Escocia para el exitoso Grupo Wonderworld. Airparx ayud\u00f3 a crear una nueva marca para destacar el nuevo logotipo y el tema corporativo a trav\u00e9s del color y el posicionamiento [&hellip;]\" \/>\n<meta property=\"og:url\" content=\"https:\/\/airparx.com\/es\/installations\/airthrill-falkirk\/\" \/>\n<meta property=\"og:site_name\" content=\"Airparx\" \/>\n<meta property=\"article:publisher\" content=\"https:\/\/www.facebook.com\/Airparx\/\" \/>\n<meta property=\"article:modified_time\" content=\"2022-11-18T12:32:37+00:00\" \/>\n<meta property=\"og:image\" content=\"https:\/\/airparx.com\/wp-content\/uploads\/2022\/07\/Wonder-World-Falkirk_0401134022.jpg\" \/>\n\t<meta property=\"og:image:width\" content=\"1024\" \/>\n\t<meta property=\"og:image:height\" content=\"768\" \/>\n\t<meta property=\"og:image:type\" content=\"image\/jpeg\" \/>\n<meta name=\"twitter:card\" content=\"summary_large_image\" \/>\n<meta name=\"twitter:label1\" content=\"Tiempo de lectura\" \/>\n\t<meta name=\"twitter:data1\" content=\"1 minuto\" \/>\n<script type=\"application\/ld+json\" class=\"yoast-schema-graph\">{\"@context\":\"https:\\\/\\\/schema.org\",\"@graph\":[{\"@type\":\"WebPage\",\"@id\":\"https:\\\/\\\/airparx.com\\\/es\\\/installations\\\/airthrill-falkirk\\\/\",\"url\":\"https:\\\/\\\/airparx.com\\\/es\\\/installations\\\/airthrill-falkirk\\\/\",\"name\":\"Airthrill - Falkirk - Airparx\",\"isPartOf\":{\"@id\":\"https:\\\/\\\/airparx.com\\\/es\\\/#website\"},\"primaryImageOfPage\":{\"@id\":\"https:\\\/\\\/airparx.com\\\/es\\\/installations\\\/airthrill-falkirk\\\/#primaryimage\"},\"image\":{\"@id\":\"https:\\\/\\\/airparx.com\\\/es\\\/installations\\\/airthrill-falkirk\\\/#primaryimage\"},\"thumbnailUrl\":\"https:\\\/\\\/airparx.com\\\/wp-content\\\/uploads\\\/2022\\\/07\\\/Wonder-World-Falkirk_0401134022.jpg\",\"datePublished\":\"2021-07-31T11:52:15+00:00\",\"dateModified\":\"2022-11-18T12:32:37+00:00\",\"breadcrumb\":{\"@id\":\"https:\\\/\\\/airparx.com\\\/es\\\/installations\\\/airthrill-falkirk\\\/#breadcrumb\"},\"inLanguage\":\"es\",\"potentialAction\":[{\"@type\":\"ReadAction\",\"target\":[\"https:\\\/\\\/airparx.com\\\/es\\\/installations\\\/airthrill-falkirk\\\/\"]}]},{\"@type\":\"ImageObject\",\"inLanguage\":\"es\",\"@id\":\"https:\\\/\\\/airparx.com\\\/es\\\/installations\\\/airthrill-falkirk\\\/#primaryimage\",\"url\":\"https:\\\/\\\/airparx.com\\\/wp-content\\\/uploads\\\/2022\\\/07\\\/Wonder-World-Falkirk_0401134022.jpg\",\"contentUrl\":\"https:\\\/\\\/airparx.com\\\/wp-content\\\/uploads\\\/2022\\\/07\\\/Wonder-World-Falkirk_0401134022.jpg\",\"width\":1024,\"height\":768},{\"@type\":\"BreadcrumbList\",\"@id\":\"https:\\\/\\\/airparx.com\\\/es\\\/installations\\\/airthrill-falkirk\\\/#breadcrumb\",\"itemListElement\":[{\"@type\":\"ListItem\",\"position\":1,\"name\":\"Home\",\"item\":\"https:\\\/\\\/airparx.com\\\/es\\\/\"},{\"@type\":\"ListItem\",\"position\":2,\"name\":\"Airthrill &#8211; Falkirk\"}]},{\"@type\":\"WebSite\",\"@id\":\"https:\\\/\\\/airparx.com\\\/es\\\/#website\",\"url\":\"https:\\\/\\\/airparx.com\\\/es\\\/\",\"name\":\"Airparx\",\"description\":\"Inflatable &amp; Trampoline Park Supplier\",\"publisher\":{\"@id\":\"https:\\\/\\\/airparx.com\\\/es\\\/#organization\"},\"potentialAction\":[{\"@type\":\"SearchAction\",\"target\":{\"@type\":\"EntryPoint\",\"urlTemplate\":\"https:\\\/\\\/airparx.com\\\/es\\\/?s={search_term_string}\"},\"query-input\":{\"@type\":\"PropertyValueSpecification\",\"valueRequired\":true,\"valueName\":\"search_term_string\"}}],\"inLanguage\":\"es\"},{\"@type\":\"Organization\",\"@id\":\"https:\\\/\\\/airparx.com\\\/es\\\/#organization\",\"name\":\"Airparx\",\"url\":\"https:\\\/\\\/airparx.com\\\/es\\\/\",\"logo\":{\"@type\":\"ImageObject\",\"inLanguage\":\"es\",\"@id\":\"https:\\\/\\\/airparx.com\\\/es\\\/#\\\/schema\\\/logo\\\/image\\\/\",\"url\":\"https:\\\/\\\/airparx.com\\\/wp-content\\\/uploads\\\/2022\\\/06\\\/Airparx_Logo.png\",\"contentUrl\":\"https:\\\/\\\/airparx.com\\\/wp-content\\\/uploads\\\/2022\\\/06\\\/Airparx_Logo.png\",\"width\":1127,\"height\":461,\"caption\":\"Airparx\"},\"image\":{\"@id\":\"https:\\\/\\\/airparx.com\\\/es\\\/#\\\/schema\\\/logo\\\/image\\\/\"},\"sameAs\":[\"https:\\\/\\\/www.facebook.com\\\/Airparx\\\/\",\"https:\\\/\\\/www.instagram.com\\\/airparx\\\/\",\"https:\\\/\\\/www.youtube.com\\\/playlist?list=PL2LZnxdxb4eX2paMpuL0QxEvopAtGzyqY\",\"https:\\\/\\\/www.linkedin.com\\\/company\\\/airparx\\\/\"]}]}<\/script>\n<!-- \/ Yoast SEO Premium plugin. -->","yoast_head_json":{"title":"Airthrill - Falkirk - Airparx","robots":{"index":"index","follow":"follow","max-snippet":"max-snippet:-1","max-image-preview":"max-image-preview:large","max-video-preview":"max-video-preview:-1"},"canonical":"https:\/\/airparx.com\/es\/installations\/airthrill-falkirk\/","og_locale":"es_ES","og_type":"article","og_title":"Airthrill - Falkirk","og_description":"El parque de hinchables Airthrill Airparx de Falkirk fue el primer y \u00fanico hinchable de Falkirk y sus alrededores. Este fue tambi\u00e9n el segundo parque en Escocia para el exitoso Grupo Wonderworld. Airparx ayud\u00f3 a crear una nueva marca para destacar el nuevo logotipo y el tema corporativo a trav\u00e9s del color y el posicionamiento [&hellip;]","og_url":"https:\/\/airparx.com\/es\/installations\/airthrill-falkirk\/","og_site_name":"Airparx","article_publisher":"https:\/\/www.facebook.com\/Airparx\/","article_modified_time":"2022-11-18T12:32:37+00:00","og_image":[{"width":1024,"height":768,"url":"https:\/\/airparx.com\/wp-content\/uploads\/2022\/07\/Wonder-World-Falkirk_0401134022.jpg","type":"image\/jpeg"}],"twitter_card":"summary_large_image","twitter_misc":{"Tiempo de lectura":"1 minuto"},"schema":{"@context":"https:\/\/schema.org","@graph":[{"@type":"WebPage","@id":"https:\/\/airparx.com\/es\/installations\/airthrill-falkirk\/","url":"https:\/\/airparx.com\/es\/installations\/airthrill-falkirk\/","name":"Airthrill - Falkirk - Airparx","isPartOf":{"@id":"https:\/\/airparx.com\/es\/#website"},"primaryImageOfPage":{"@id":"https:\/\/airparx.com\/es\/installations\/airthrill-falkirk\/#primaryimage"},"image":{"@id":"https:\/\/airparx.com\/es\/installations\/airthrill-falkirk\/#primaryimage"},"thumbnailUrl":"https:\/\/airparx.com\/wp-content\/uploads\/2022\/07\/Wonder-World-Falkirk_0401134022.jpg","datePublished":"2021-07-31T11:52:15+00:00","dateModified":"2022-11-18T12:32:37+00:00","breadcrumb":{"@id":"https:\/\/airparx.com\/es\/installations\/airthrill-falkirk\/#breadcrumb"},"inLanguage":"es","potentialAction":[{"@type":"ReadAction","target":["https:\/\/airparx.com\/es\/installations\/airthrill-falkirk\/"]}]},{"@type":"ImageObject","inLanguage":"es","@id":"https:\/\/airparx.com\/es\/installations\/airthrill-falkirk\/#primaryimage","url":"https:\/\/airparx.com\/wp-content\/uploads\/2022\/07\/Wonder-World-Falkirk_0401134022.jpg","contentUrl":"https:\/\/airparx.com\/wp-content\/uploads\/2022\/07\/Wonder-World-Falkirk_0401134022.jpg","width":1024,"height":768},{"@type":"BreadcrumbList","@id":"https:\/\/airparx.com\/es\/installations\/airthrill-falkirk\/#breadcrumb","itemListElement":[{"@type":"ListItem","position":1,"name":"Home","item":"https:\/\/airparx.com\/es\/"},{"@type":"ListItem","position":2,"name":"Airthrill &#8211; Falkirk"}]},{"@type":"WebSite","@id":"https:\/\/airparx.com\/es\/#website","url":"https:\/\/airparx.com\/es\/","name":"Airparx","description":"Inflatable &amp; Trampoline Park Supplier","publisher":{"@id":"https:\/\/airparx.com\/es\/#organization"},"potentialAction":[{"@type":"SearchAction","target":{"@type":"EntryPoint","urlTemplate":"https:\/\/airparx.com\/es\/?s={search_term_string}"},"query-input":{"@type":"PropertyValueSpecification","valueRequired":true,"valueName":"search_term_string"}}],"inLanguage":"es"},{"@type":"Organization","@id":"https:\/\/airparx.com\/es\/#organization","name":"Airparx","url":"https:\/\/airparx.com\/es\/","logo":{"@type":"ImageObject","inLanguage":"es","@id":"https:\/\/airparx.com\/es\/#\/schema\/logo\/image\/","url":"https:\/\/airparx.com\/wp-content\/uploads\/2022\/06\/Airparx_Logo.png","contentUrl":"https:\/\/airparx.com\/wp-content\/uploads\/2022\/06\/Airparx_Logo.png","width":1127,"height":461,"caption":"Airparx"},"image":{"@id":"https:\/\/airparx.com\/es\/#\/schema\/logo\/image\/"},"sameAs":["https:\/\/www.facebook.com\/Airparx\/","https:\/\/www.instagram.com\/airparx\/","https:\/\/www.youtube.com\/playlist?list=PL2LZnxdxb4eX2paMpuL0QxEvopAtGzyqY","https:\/\/www.linkedin.com\/company\/airparx\/"]}]}},"_links":{"self":[{"href":"https:\/\/airparx.com\/es\/wp-json\/wp\/v2\/product\/5185","targetHints":{"allow":["GET"]}}],"collection":[{"href":"https:\/\/airparx.com\/es\/wp-json\/wp\/v2\/product"}],"about":[{"href":"https:\/\/airparx.com\/es\/wp-json\/wp\/v2\/types\/product"}],"wp:featuredmedia":[{"embeddable":true,"href":"https:\/\/airparx.com\/es\/wp-json\/wp\/v2\/media\/4338"}],"wp:attachment":[{"href":"https:\/\/airparx.com\/es\/wp-json\/wp\/v2\/media?parent=5185"}],"wp:term":[{"taxonomy":"product_brand","embeddable":true,"href":"https:\/\/airparx.com\/es\/wp-json\/wp\/v2\/product_brand?post=5185"},{"taxonomy":"product_cat","embeddable":true,"href":"https:\/\/airparx.com\/es\/wp-json\/wp\/v2\/product_cat?post=5185"},{"taxonomy":"product_tag","embeddable":true,"href":"https:\/\/airparx.com\/es\/wp-json\/wp\/v2\/product_tag?post=5185"}],"curies":[{"name":"wp","href":"https:\/\/api.w.org\/{rel}","templated":true}]}}