{"id":5246,"date":"2022-05-31T10:43:05","date_gmt":"2022-05-31T09:43:05","guid":{"rendered":"https:\/\/airparx.com\/installations\/la-granja-de-helados\/"},"modified":"2022-11-18T14:07:27","modified_gmt":"2022-11-18T14:07:27","slug":"the-ice-cream-farm","status":"publish","type":"product","link":"https:\/\/airparx.com\/es\/installations\/the-ice-cream-farm\/","title":{"rendered":"The Ice Cream Farm"},"content":{"rendered":"<p>Este precioso parque hinchable acab\u00f3 en The Ice Cream Farm, Cheshire, en el Reino Unido.<\/p>\n<p>La Granja de Helados es un parque de juegos ubicado en su granja donde producen su propio helado y tienen muchas actividades diferentes al aire libre para disfrutar. Jonathan, propietario de The Ice Cream Farm, se dirigi\u00f3 a Airparx con un reto interesante. Ten\u00edan un espacio muerto dentro de los l\u00edmites del parque de la granja que necesitaban llenar para las pr\u00f3ximas vacaciones escolares. \u00a1Despu\u00e9s de discutir los diferentes estilos de parque hinchable que tenemos para ofrecer, qued\u00f3 claro que la mejor soluci\u00f3n era crear una carrera de obst\u00e1culos, con secciones modulares, para que los invitados pudieran cargar a trav\u00e9s y llegar tan caliente y cansado que tendr\u00edan que comprar otro helado! Mejorando el factor de diversi\u00f3n para los invitados, as\u00ed como las ventas de helados.<\/p>\n<p>Este hinchable tiene un extra en forma de techo inclinado para que todo el conjunto pueda hacer frente a las grandes condiciones clim\u00e1ticas de la primavera\/verano brit\u00e1nica. El techo inclinado aleja el agua de lluvia del centro del hinchable hacia los bordes,<\/p>\n<p>reduciendo dr\u00e1sticamente el tiempo de inactividad necesario para secar el inflable despu\u00e9s de un chaparr\u00f3n. Dentro de la unidad hay toboganes, saltos de base y un mont\u00f3n de otros obst\u00e1culos fant\u00e1sticos que ayudan a dar a los visitantes de la Granja de Helados un d\u00eda para recordar.<\/p>\n","protected":false},"excerpt":{"rendered":"<p>Este precioso parque hinchable acab\u00f3 en The Ice Cream Farm, Cheshire, en el Reino Unido. La Granja de Helados es un parque de juegos ubicado en su granja donde producen su propio helado y tienen muchas actividades diferentes al aire libre para disfrutar. Jonathan, propietario de The Ice Cream Farm, se dirigi\u00f3 a Airparx con [&hellip;]<\/p>\n","protected":false},"featured_media":5247,"template":"","meta":{"_acf_changed":false},"product_brand":[],"product_cat":[82],"product_tag":[],"class_list":{"0":"post-5246","1":"product","2":"type-product","3":"status-publish","4":"has-post-thumbnail","6":"product_cat-parques-hinchables","8":"first","9":"outofstock","10":"shipping-taxable","11":"product-type-simple"},"acf":[],"yoast_head":"<!-- This site is optimized with the Yoast SEO Premium plugin v26.7 (Yoast SEO v27.3) - https:\/\/yoast.com\/product\/yoast-seo-premium-wordpress\/ -->\n<title>The Ice Cream Farm - Airparx<\/title>\n<meta name=\"robots\" content=\"index, follow, max-snippet:-1, max-image-preview:large, max-video-preview:-1\" \/>\n<link rel=\"canonical\" href=\"https:\/\/airparx.com\/es\/installations\/the-ice-cream-farm\/\" \/>\n<meta property=\"og:locale\" content=\"es_ES\" \/>\n<meta property=\"og:type\" content=\"article\" \/>\n<meta property=\"og:title\" content=\"The Ice Cream Farm\" \/>\n<meta property=\"og:description\" content=\"Este precioso parque hinchable acab\u00f3 en The Ice Cream Farm, Cheshire, en el Reino Unido. La Granja de Helados es un parque de juegos ubicado en su granja donde producen su propio helado y tienen muchas actividades diferentes al aire libre para disfrutar. Jonathan, propietario de The Ice Cream Farm, se dirigi\u00f3 a Airparx con [&hellip;]\" \/>\n<meta property=\"og:url\" content=\"https:\/\/airparx.com\/es\/installations\/the-ice-cream-farm\/\" \/>\n<meta property=\"og:site_name\" content=\"Airparx\" \/>\n<meta property=\"article:publisher\" content=\"https:\/\/www.facebook.com\/Airparx\/\" \/>\n<meta property=\"article:modified_time\" content=\"2022-11-18T14:07:27+00:00\" \/>\n<meta property=\"og:image\" content=\"https:\/\/airparx.com\/wp-content\/uploads\/2022\/07\/the-ice-cream-factory-1.jpg\" \/>\n\t<meta property=\"og:image:width\" content=\"1024\" \/>\n\t<meta property=\"og:image:height\" content=\"768\" \/>\n\t<meta property=\"og:image:type\" content=\"image\/jpeg\" \/>\n<meta name=\"twitter:card\" content=\"summary_large_image\" \/>\n<meta name=\"twitter:label1\" content=\"Tiempo de lectura\" \/>\n\t<meta name=\"twitter:data1\" content=\"1 minuto\" \/>\n<script type=\"application\/ld+json\" class=\"yoast-schema-graph\">{\"@context\":\"https:\\\/\\\/schema.org\",\"@graph\":[{\"@type\":\"WebPage\",\"@id\":\"https:\\\/\\\/airparx.com\\\/es\\\/installations\\\/the-ice-cream-farm\\\/\",\"url\":\"https:\\\/\\\/airparx.com\\\/es\\\/installations\\\/the-ice-cream-farm\\\/\",\"name\":\"The Ice Cream Farm - Airparx\",\"isPartOf\":{\"@id\":\"https:\\\/\\\/airparx.com\\\/es\\\/#website\"},\"primaryImageOfPage\":{\"@id\":\"https:\\\/\\\/airparx.com\\\/es\\\/installations\\\/the-ice-cream-farm\\\/#primaryimage\"},\"image\":{\"@id\":\"https:\\\/\\\/airparx.com\\\/es\\\/installations\\\/the-ice-cream-farm\\\/#primaryimage\"},\"thumbnailUrl\":\"https:\\\/\\\/airparx.com\\\/wp-content\\\/uploads\\\/2022\\\/07\\\/the-ice-cream-factory-1.jpg\",\"datePublished\":\"2022-05-31T09:43:05+00:00\",\"dateModified\":\"2022-11-18T14:07:27+00:00\",\"breadcrumb\":{\"@id\":\"https:\\\/\\\/airparx.com\\\/es\\\/installations\\\/the-ice-cream-farm\\\/#breadcrumb\"},\"inLanguage\":\"es\",\"potentialAction\":[{\"@type\":\"ReadAction\",\"target\":[\"https:\\\/\\\/airparx.com\\\/es\\\/installations\\\/the-ice-cream-farm\\\/\"]}]},{\"@type\":\"ImageObject\",\"inLanguage\":\"es\",\"@id\":\"https:\\\/\\\/airparx.com\\\/es\\\/installations\\\/the-ice-cream-farm\\\/#primaryimage\",\"url\":\"https:\\\/\\\/airparx.com\\\/wp-content\\\/uploads\\\/2022\\\/07\\\/the-ice-cream-factory-1.jpg\",\"contentUrl\":\"https:\\\/\\\/airparx.com\\\/wp-content\\\/uploads\\\/2022\\\/07\\\/the-ice-cream-factory-1.jpg\",\"width\":1024,\"height\":768},{\"@type\":\"BreadcrumbList\",\"@id\":\"https:\\\/\\\/airparx.com\\\/es\\\/installations\\\/the-ice-cream-farm\\\/#breadcrumb\",\"itemListElement\":[{\"@type\":\"ListItem\",\"position\":1,\"name\":\"Home\",\"item\":\"https:\\\/\\\/airparx.com\\\/es\\\/\"},{\"@type\":\"ListItem\",\"position\":2,\"name\":\"The Ice Cream Farm\"}]},{\"@type\":\"WebSite\",\"@id\":\"https:\\\/\\\/airparx.com\\\/es\\\/#website\",\"url\":\"https:\\\/\\\/airparx.com\\\/es\\\/\",\"name\":\"Airparx\",\"description\":\"Inflatable &amp; Trampoline Park Supplier\",\"publisher\":{\"@id\":\"https:\\\/\\\/airparx.com\\\/es\\\/#organization\"},\"potentialAction\":[{\"@type\":\"SearchAction\",\"target\":{\"@type\":\"EntryPoint\",\"urlTemplate\":\"https:\\\/\\\/airparx.com\\\/es\\\/?s={search_term_string}\"},\"query-input\":{\"@type\":\"PropertyValueSpecification\",\"valueRequired\":true,\"valueName\":\"search_term_string\"}}],\"inLanguage\":\"es\"},{\"@type\":\"Organization\",\"@id\":\"https:\\\/\\\/airparx.com\\\/es\\\/#organization\",\"name\":\"Airparx\",\"url\":\"https:\\\/\\\/airparx.com\\\/es\\\/\",\"logo\":{\"@type\":\"ImageObject\",\"inLanguage\":\"es\",\"@id\":\"https:\\\/\\\/airparx.com\\\/es\\\/#\\\/schema\\\/logo\\\/image\\\/\",\"url\":\"https:\\\/\\\/airparx.com\\\/wp-content\\\/uploads\\\/2022\\\/06\\\/Airparx_Logo.png\",\"contentUrl\":\"https:\\\/\\\/airparx.com\\\/wp-content\\\/uploads\\\/2022\\\/06\\\/Airparx_Logo.png\",\"width\":1127,\"height\":461,\"caption\":\"Airparx\"},\"image\":{\"@id\":\"https:\\\/\\\/airparx.com\\\/es\\\/#\\\/schema\\\/logo\\\/image\\\/\"},\"sameAs\":[\"https:\\\/\\\/www.facebook.com\\\/Airparx\\\/\",\"https:\\\/\\\/www.instagram.com\\\/airparx\\\/\",\"https:\\\/\\\/www.youtube.com\\\/playlist?list=PL2LZnxdxb4eX2paMpuL0QxEvopAtGzyqY\",\"https:\\\/\\\/www.linkedin.com\\\/company\\\/airparx\\\/\"]}]}<\/script>\n<!-- \/ Yoast SEO Premium plugin. -->","yoast_head_json":{"title":"The Ice Cream Farm - Airparx","robots":{"index":"index","follow":"follow","max-snippet":"max-snippet:-1","max-image-preview":"max-image-preview:large","max-video-preview":"max-video-preview:-1"},"canonical":"https:\/\/airparx.com\/es\/installations\/the-ice-cream-farm\/","og_locale":"es_ES","og_type":"article","og_title":"The Ice Cream Farm","og_description":"Este precioso parque hinchable acab\u00f3 en The Ice Cream Farm, Cheshire, en el Reino Unido. La Granja de Helados es un parque de juegos ubicado en su granja donde producen su propio helado y tienen muchas actividades diferentes al aire libre para disfrutar. Jonathan, propietario de The Ice Cream Farm, se dirigi\u00f3 a Airparx con [&hellip;]","og_url":"https:\/\/airparx.com\/es\/installations\/the-ice-cream-farm\/","og_site_name":"Airparx","article_publisher":"https:\/\/www.facebook.com\/Airparx\/","article_modified_time":"2022-11-18T14:07:27+00:00","og_image":[{"width":1024,"height":768,"url":"https:\/\/airparx.com\/wp-content\/uploads\/2022\/07\/the-ice-cream-factory-1.jpg","type":"image\/jpeg"}],"twitter_card":"summary_large_image","twitter_misc":{"Tiempo de lectura":"1 minuto"},"schema":{"@context":"https:\/\/schema.org","@graph":[{"@type":"WebPage","@id":"https:\/\/airparx.com\/es\/installations\/the-ice-cream-farm\/","url":"https:\/\/airparx.com\/es\/installations\/the-ice-cream-farm\/","name":"The Ice Cream Farm - Airparx","isPartOf":{"@id":"https:\/\/airparx.com\/es\/#website"},"primaryImageOfPage":{"@id":"https:\/\/airparx.com\/es\/installations\/the-ice-cream-farm\/#primaryimage"},"image":{"@id":"https:\/\/airparx.com\/es\/installations\/the-ice-cream-farm\/#primaryimage"},"thumbnailUrl":"https:\/\/airparx.com\/wp-content\/uploads\/2022\/07\/the-ice-cream-factory-1.jpg","datePublished":"2022-05-31T09:43:05+00:00","dateModified":"2022-11-18T14:07:27+00:00","breadcrumb":{"@id":"https:\/\/airparx.com\/es\/installations\/the-ice-cream-farm\/#breadcrumb"},"inLanguage":"es","potentialAction":[{"@type":"ReadAction","target":["https:\/\/airparx.com\/es\/installations\/the-ice-cream-farm\/"]}]},{"@type":"ImageObject","inLanguage":"es","@id":"https:\/\/airparx.com\/es\/installations\/the-ice-cream-farm\/#primaryimage","url":"https:\/\/airparx.com\/wp-content\/uploads\/2022\/07\/the-ice-cream-factory-1.jpg","contentUrl":"https:\/\/airparx.com\/wp-content\/uploads\/2022\/07\/the-ice-cream-factory-1.jpg","width":1024,"height":768},{"@type":"BreadcrumbList","@id":"https:\/\/airparx.com\/es\/installations\/the-ice-cream-farm\/#breadcrumb","itemListElement":[{"@type":"ListItem","position":1,"name":"Home","item":"https:\/\/airparx.com\/es\/"},{"@type":"ListItem","position":2,"name":"The Ice Cream Farm"}]},{"@type":"WebSite","@id":"https:\/\/airparx.com\/es\/#website","url":"https:\/\/airparx.com\/es\/","name":"Airparx","description":"Inflatable &amp; Trampoline Park Supplier","publisher":{"@id":"https:\/\/airparx.com\/es\/#organization"},"potentialAction":[{"@type":"SearchAction","target":{"@type":"EntryPoint","urlTemplate":"https:\/\/airparx.com\/es\/?s={search_term_string}"},"query-input":{"@type":"PropertyValueSpecification","valueRequired":true,"valueName":"search_term_string"}}],"inLanguage":"es"},{"@type":"Organization","@id":"https:\/\/airparx.com\/es\/#organization","name":"Airparx","url":"https:\/\/airparx.com\/es\/","logo":{"@type":"ImageObject","inLanguage":"es","@id":"https:\/\/airparx.com\/es\/#\/schema\/logo\/image\/","url":"https:\/\/airparx.com\/wp-content\/uploads\/2022\/06\/Airparx_Logo.png","contentUrl":"https:\/\/airparx.com\/wp-content\/uploads\/2022\/06\/Airparx_Logo.png","width":1127,"height":461,"caption":"Airparx"},"image":{"@id":"https:\/\/airparx.com\/es\/#\/schema\/logo\/image\/"},"sameAs":["https:\/\/www.facebook.com\/Airparx\/","https:\/\/www.instagram.com\/airparx\/","https:\/\/www.youtube.com\/playlist?list=PL2LZnxdxb4eX2paMpuL0QxEvopAtGzyqY","https:\/\/www.linkedin.com\/company\/airparx\/"]}]}},"_links":{"self":[{"href":"https:\/\/airparx.com\/es\/wp-json\/wp\/v2\/product\/5246","targetHints":{"allow":["GET"]}}],"collection":[{"href":"https:\/\/airparx.com\/es\/wp-json\/wp\/v2\/product"}],"about":[{"href":"https:\/\/airparx.com\/es\/wp-json\/wp\/v2\/types\/product"}],"wp:featuredmedia":[{"embeddable":true,"href":"https:\/\/airparx.com\/es\/wp-json\/wp\/v2\/media\/5247"}],"wp:attachment":[{"href":"https:\/\/airparx.com\/es\/wp-json\/wp\/v2\/media?parent=5246"}],"wp:term":[{"taxonomy":"product_brand","embeddable":true,"href":"https:\/\/airparx.com\/es\/wp-json\/wp\/v2\/product_brand?post=5246"},{"taxonomy":"product_cat","embeddable":true,"href":"https:\/\/airparx.com\/es\/wp-json\/wp\/v2\/product_cat?post=5246"},{"taxonomy":"product_tag","embeddable":true,"href":"https:\/\/airparx.com\/es\/wp-json\/wp\/v2\/product_tag?post=5246"}],"curies":[{"name":"wp","href":"https:\/\/api.w.org\/{rel}","templated":true}]}}