{"id":5261,"date":"2022-06-15T09:11:28","date_gmt":"2022-06-15T08:11:28","guid":{"rendered":"https:\/\/airparx.com\/installations\/centro-de-ocio-tarka\/"},"modified":"2022-11-18T14:05:31","modified_gmt":"2022-11-18T14:05:31","slug":"tarka-centro-de-ocio","status":"publish","type":"product","link":"https:\/\/airparx.com\/es\/installations\/tarka-centro-de-ocio\/","title":{"rendered":"Tarka Leisure Centre"},"content":{"rendered":"<p>Parkwood Leisure, cliente clave en el sector del ocio, encarg\u00f3 a Airparx que trabajara en su nuevo centro insignia en el suroeste de Inglaterra. El proyecto consist\u00eda en un \u00e1rea de juego multinivel llamativa y l\u00edder en el mercado para encabezar la oferta de juegos de la zona.<\/p>\n<p>El proyecto presentaba algunas peculiaridades y retos \u00fanicos, entre los que destacaba el concepto de colocar la zona de juegos sobre la zona de recepci\u00f3n. Lograr esta transici\u00f3n de la sala principal a la recepci\u00f3n requiri\u00f3 un trabajo de dise\u00f1o e instalaci\u00f3n milim\u00e9tricamente perfecto.<\/p>\n<p>En segundo lugar, nuestros conocimientos de ingenier\u00eda fueron cruciales, ya que se nos encarg\u00f3 trabajar junto al contratista principal y apoyarlo en las fases de dise\u00f1o e instalaci\u00f3n.<\/p>\n<p>Airparx entreg\u00f3 el proyecto a tiempo y dentro del presupuesto para proporcionar con \u00e9xito una zona de juegos para un rango de edad que va desde los ni\u00f1os peque\u00f1os hasta los 12 a\u00f1os.<\/p>\n<p>La maravillosa tematizaci\u00f3n y las actividades hacen un uso fant\u00e1stico de nuestros PVCs de alta calidad, espuma y capacidades de impresi\u00f3n.<\/p>\n","protected":false},"excerpt":{"rendered":"<p>Parkwood Leisure, cliente clave en el sector del ocio, encarg\u00f3 a Airparx que trabajara en su nuevo centro insignia en el suroeste de Inglaterra. El proyecto consist\u00eda en un \u00e1rea de juego multinivel llamativa y l\u00edder en el mercado para encabezar la oferta de juegos de la zona. El proyecto presentaba algunas peculiaridades y retos [&hellip;]<\/p>\n","protected":false},"featured_media":5070,"template":"","meta":{"_acf_changed":false},"product_brand":[],"product_cat":[85],"product_tag":[],"class_list":{"0":"post-5261","1":"product","2":"type-product","3":"status-publish","4":"has-post-thumbnail","6":"product_cat-juegos-de-interior-y-parques-infantiles","8":"first","9":"outofstock","10":"shipping-taxable","11":"product-type-simple"},"acf":[],"yoast_head":"<!-- This site is optimized with the Yoast SEO Premium plugin v26.7 (Yoast SEO v27.3) - https:\/\/yoast.com\/product\/yoast-seo-premium-wordpress\/ -->\n<title>Tarka Leisure Centre - Airparx<\/title>\n<meta name=\"robots\" content=\"index, follow, max-snippet:-1, max-image-preview:large, max-video-preview:-1\" \/>\n<link rel=\"canonical\" href=\"https:\/\/airparx.com\/es\/installations\/tarka-centro-de-ocio\/\" \/>\n<meta property=\"og:locale\" content=\"es_ES\" \/>\n<meta property=\"og:type\" content=\"article\" \/>\n<meta property=\"og:title\" content=\"Tarka Leisure Centre\" \/>\n<meta property=\"og:description\" content=\"Parkwood Leisure, cliente clave en el sector del ocio, encarg\u00f3 a Airparx que trabajara en su nuevo centro insignia en el suroeste de Inglaterra. El proyecto consist\u00eda en un \u00e1rea de juego multinivel llamativa y l\u00edder en el mercado para encabezar la oferta de juegos de la zona. El proyecto presentaba algunas peculiaridades y retos [&hellip;]\" \/>\n<meta property=\"og:url\" content=\"https:\/\/airparx.com\/es\/installations\/tarka-centro-de-ocio\/\" \/>\n<meta property=\"og:site_name\" content=\"Airparx\" \/>\n<meta property=\"article:publisher\" content=\"https:\/\/www.facebook.com\/Airparx\/\" \/>\n<meta property=\"article:modified_time\" content=\"2022-11-18T14:05:31+00:00\" \/>\n<meta property=\"og:image\" content=\"https:\/\/airparx.com\/wp-content\/uploads\/2022\/07\/tarka-leisure-centre-2.jpg\" \/>\n\t<meta property=\"og:image:width\" content=\"1024\" \/>\n\t<meta property=\"og:image:height\" content=\"768\" \/>\n\t<meta property=\"og:image:type\" content=\"image\/jpeg\" \/>\n<meta name=\"twitter:card\" content=\"summary_large_image\" \/>\n<meta name=\"twitter:label1\" content=\"Tiempo de lectura\" \/>\n\t<meta name=\"twitter:data1\" content=\"1 minuto\" \/>\n<script type=\"application\/ld+json\" class=\"yoast-schema-graph\">{\"@context\":\"https:\\\/\\\/schema.org\",\"@graph\":[{\"@type\":\"WebPage\",\"@id\":\"https:\\\/\\\/airparx.com\\\/es\\\/installations\\\/tarka-centro-de-ocio\\\/\",\"url\":\"https:\\\/\\\/airparx.com\\\/es\\\/installations\\\/tarka-centro-de-ocio\\\/\",\"name\":\"Tarka Leisure Centre - Airparx\",\"isPartOf\":{\"@id\":\"https:\\\/\\\/airparx.com\\\/es\\\/#website\"},\"primaryImageOfPage\":{\"@id\":\"https:\\\/\\\/airparx.com\\\/es\\\/installations\\\/tarka-centro-de-ocio\\\/#primaryimage\"},\"image\":{\"@id\":\"https:\\\/\\\/airparx.com\\\/es\\\/installations\\\/tarka-centro-de-ocio\\\/#primaryimage\"},\"thumbnailUrl\":\"https:\\\/\\\/airparx.com\\\/wp-content\\\/uploads\\\/2022\\\/07\\\/tarka-leisure-centre-2.jpg\",\"datePublished\":\"2022-06-15T08:11:28+00:00\",\"dateModified\":\"2022-11-18T14:05:31+00:00\",\"breadcrumb\":{\"@id\":\"https:\\\/\\\/airparx.com\\\/es\\\/installations\\\/tarka-centro-de-ocio\\\/#breadcrumb\"},\"inLanguage\":\"es\",\"potentialAction\":[{\"@type\":\"ReadAction\",\"target\":[\"https:\\\/\\\/airparx.com\\\/es\\\/installations\\\/tarka-centro-de-ocio\\\/\"]}]},{\"@type\":\"ImageObject\",\"inLanguage\":\"es\",\"@id\":\"https:\\\/\\\/airparx.com\\\/es\\\/installations\\\/tarka-centro-de-ocio\\\/#primaryimage\",\"url\":\"https:\\\/\\\/airparx.com\\\/wp-content\\\/uploads\\\/2022\\\/07\\\/tarka-leisure-centre-2.jpg\",\"contentUrl\":\"https:\\\/\\\/airparx.com\\\/wp-content\\\/uploads\\\/2022\\\/07\\\/tarka-leisure-centre-2.jpg\",\"width\":1024,\"height\":768},{\"@type\":\"BreadcrumbList\",\"@id\":\"https:\\\/\\\/airparx.com\\\/es\\\/installations\\\/tarka-centro-de-ocio\\\/#breadcrumb\",\"itemListElement\":[{\"@type\":\"ListItem\",\"position\":1,\"name\":\"Home\",\"item\":\"https:\\\/\\\/airparx.com\\\/es\\\/\"},{\"@type\":\"ListItem\",\"position\":2,\"name\":\"Tarka Leisure Centre\"}]},{\"@type\":\"WebSite\",\"@id\":\"https:\\\/\\\/airparx.com\\\/es\\\/#website\",\"url\":\"https:\\\/\\\/airparx.com\\\/es\\\/\",\"name\":\"Airparx\",\"description\":\"Inflatable &amp; Trampoline Park Supplier\",\"publisher\":{\"@id\":\"https:\\\/\\\/airparx.com\\\/es\\\/#organization\"},\"potentialAction\":[{\"@type\":\"SearchAction\",\"target\":{\"@type\":\"EntryPoint\",\"urlTemplate\":\"https:\\\/\\\/airparx.com\\\/es\\\/?s={search_term_string}\"},\"query-input\":{\"@type\":\"PropertyValueSpecification\",\"valueRequired\":true,\"valueName\":\"search_term_string\"}}],\"inLanguage\":\"es\"},{\"@type\":\"Organization\",\"@id\":\"https:\\\/\\\/airparx.com\\\/es\\\/#organization\",\"name\":\"Airparx\",\"url\":\"https:\\\/\\\/airparx.com\\\/es\\\/\",\"logo\":{\"@type\":\"ImageObject\",\"inLanguage\":\"es\",\"@id\":\"https:\\\/\\\/airparx.com\\\/es\\\/#\\\/schema\\\/logo\\\/image\\\/\",\"url\":\"https:\\\/\\\/airparx.com\\\/wp-content\\\/uploads\\\/2022\\\/06\\\/Airparx_Logo.png\",\"contentUrl\":\"https:\\\/\\\/airparx.com\\\/wp-content\\\/uploads\\\/2022\\\/06\\\/Airparx_Logo.png\",\"width\":1127,\"height\":461,\"caption\":\"Airparx\"},\"image\":{\"@id\":\"https:\\\/\\\/airparx.com\\\/es\\\/#\\\/schema\\\/logo\\\/image\\\/\"},\"sameAs\":[\"https:\\\/\\\/www.facebook.com\\\/Airparx\\\/\",\"https:\\\/\\\/www.instagram.com\\\/airparx\\\/\",\"https:\\\/\\\/www.youtube.com\\\/playlist?list=PL2LZnxdxb4eX2paMpuL0QxEvopAtGzyqY\",\"https:\\\/\\\/www.linkedin.com\\\/company\\\/airparx\\\/\"]}]}<\/script>\n<!-- \/ Yoast SEO Premium plugin. -->","yoast_head_json":{"title":"Tarka Leisure Centre - Airparx","robots":{"index":"index","follow":"follow","max-snippet":"max-snippet:-1","max-image-preview":"max-image-preview:large","max-video-preview":"max-video-preview:-1"},"canonical":"https:\/\/airparx.com\/es\/installations\/tarka-centro-de-ocio\/","og_locale":"es_ES","og_type":"article","og_title":"Tarka Leisure Centre","og_description":"Parkwood Leisure, cliente clave en el sector del ocio, encarg\u00f3 a Airparx que trabajara en su nuevo centro insignia en el suroeste de Inglaterra. El proyecto consist\u00eda en un \u00e1rea de juego multinivel llamativa y l\u00edder en el mercado para encabezar la oferta de juegos de la zona. El proyecto presentaba algunas peculiaridades y retos [&hellip;]","og_url":"https:\/\/airparx.com\/es\/installations\/tarka-centro-de-ocio\/","og_site_name":"Airparx","article_publisher":"https:\/\/www.facebook.com\/Airparx\/","article_modified_time":"2022-11-18T14:05:31+00:00","og_image":[{"width":1024,"height":768,"url":"https:\/\/airparx.com\/wp-content\/uploads\/2022\/07\/tarka-leisure-centre-2.jpg","type":"image\/jpeg"}],"twitter_card":"summary_large_image","twitter_misc":{"Tiempo de lectura":"1 minuto"},"schema":{"@context":"https:\/\/schema.org","@graph":[{"@type":"WebPage","@id":"https:\/\/airparx.com\/es\/installations\/tarka-centro-de-ocio\/","url":"https:\/\/airparx.com\/es\/installations\/tarka-centro-de-ocio\/","name":"Tarka Leisure Centre - Airparx","isPartOf":{"@id":"https:\/\/airparx.com\/es\/#website"},"primaryImageOfPage":{"@id":"https:\/\/airparx.com\/es\/installations\/tarka-centro-de-ocio\/#primaryimage"},"image":{"@id":"https:\/\/airparx.com\/es\/installations\/tarka-centro-de-ocio\/#primaryimage"},"thumbnailUrl":"https:\/\/airparx.com\/wp-content\/uploads\/2022\/07\/tarka-leisure-centre-2.jpg","datePublished":"2022-06-15T08:11:28+00:00","dateModified":"2022-11-18T14:05:31+00:00","breadcrumb":{"@id":"https:\/\/airparx.com\/es\/installations\/tarka-centro-de-ocio\/#breadcrumb"},"inLanguage":"es","potentialAction":[{"@type":"ReadAction","target":["https:\/\/airparx.com\/es\/installations\/tarka-centro-de-ocio\/"]}]},{"@type":"ImageObject","inLanguage":"es","@id":"https:\/\/airparx.com\/es\/installations\/tarka-centro-de-ocio\/#primaryimage","url":"https:\/\/airparx.com\/wp-content\/uploads\/2022\/07\/tarka-leisure-centre-2.jpg","contentUrl":"https:\/\/airparx.com\/wp-content\/uploads\/2022\/07\/tarka-leisure-centre-2.jpg","width":1024,"height":768},{"@type":"BreadcrumbList","@id":"https:\/\/airparx.com\/es\/installations\/tarka-centro-de-ocio\/#breadcrumb","itemListElement":[{"@type":"ListItem","position":1,"name":"Home","item":"https:\/\/airparx.com\/es\/"},{"@type":"ListItem","position":2,"name":"Tarka Leisure Centre"}]},{"@type":"WebSite","@id":"https:\/\/airparx.com\/es\/#website","url":"https:\/\/airparx.com\/es\/","name":"Airparx","description":"Inflatable &amp; Trampoline Park Supplier","publisher":{"@id":"https:\/\/airparx.com\/es\/#organization"},"potentialAction":[{"@type":"SearchAction","target":{"@type":"EntryPoint","urlTemplate":"https:\/\/airparx.com\/es\/?s={search_term_string}"},"query-input":{"@type":"PropertyValueSpecification","valueRequired":true,"valueName":"search_term_string"}}],"inLanguage":"es"},{"@type":"Organization","@id":"https:\/\/airparx.com\/es\/#organization","name":"Airparx","url":"https:\/\/airparx.com\/es\/","logo":{"@type":"ImageObject","inLanguage":"es","@id":"https:\/\/airparx.com\/es\/#\/schema\/logo\/image\/","url":"https:\/\/airparx.com\/wp-content\/uploads\/2022\/06\/Airparx_Logo.png","contentUrl":"https:\/\/airparx.com\/wp-content\/uploads\/2022\/06\/Airparx_Logo.png","width":1127,"height":461,"caption":"Airparx"},"image":{"@id":"https:\/\/airparx.com\/es\/#\/schema\/logo\/image\/"},"sameAs":["https:\/\/www.facebook.com\/Airparx\/","https:\/\/www.instagram.com\/airparx\/","https:\/\/www.youtube.com\/playlist?list=PL2LZnxdxb4eX2paMpuL0QxEvopAtGzyqY","https:\/\/www.linkedin.com\/company\/airparx\/"]}]}},"_links":{"self":[{"href":"https:\/\/airparx.com\/es\/wp-json\/wp\/v2\/product\/5261","targetHints":{"allow":["GET"]}}],"collection":[{"href":"https:\/\/airparx.com\/es\/wp-json\/wp\/v2\/product"}],"about":[{"href":"https:\/\/airparx.com\/es\/wp-json\/wp\/v2\/types\/product"}],"wp:featuredmedia":[{"embeddable":true,"href":"https:\/\/airparx.com\/es\/wp-json\/wp\/v2\/media\/5070"}],"wp:attachment":[{"href":"https:\/\/airparx.com\/es\/wp-json\/wp\/v2\/media?parent=5261"}],"wp:term":[{"taxonomy":"product_brand","embeddable":true,"href":"https:\/\/airparx.com\/es\/wp-json\/wp\/v2\/product_brand?post=5261"},{"taxonomy":"product_cat","embeddable":true,"href":"https:\/\/airparx.com\/es\/wp-json\/wp\/v2\/product_cat?post=5261"},{"taxonomy":"product_tag","embeddable":true,"href":"https:\/\/airparx.com\/es\/wp-json\/wp\/v2\/product_tag?post=5261"}],"curies":[{"name":"wp","href":"https:\/\/api.w.org\/{rel}","templated":true}]}}