{"id":5272,"date":"2022-11-01T11:59:17","date_gmt":"2022-11-01T11:59:17","guid":{"rendered":"https:\/\/airparx.com\/installations\/salto-libre-de-oxigeno\/"},"modified":"2023-02-07T10:33:02","modified_gmt":"2023-02-07T10:33:02","slug":"salto-sin-oxigeno","status":"publish","type":"product","link":"https:\/\/airparx.com\/es\/installations\/salto-sin-oxigeno\/","title":{"rendered":"Oxygen Freejumping"},"content":{"rendered":"<p><span data-sheets-value=\"{\"1\":2,\"2\":\"\\\"As part of Oxygen\u2019s recent acquisition trail, they purchased an existing site in Wilmslow near Manchester, UK and operated it as it was for a few months.\\n\\nThis site was in need of some refurbishment works, park improvements and a full facelift to bring it in line with Oxygen\u2019s other sites; and to drive the visitor experience alongside user dwell time too. \\n\\nAirparx was commissioned as the main activity provider, with other suppliers appointed to look after the catering, reception, signage, party rooms, AV and all other key elements for a family activity centre.\\n\\nOut went half the activity space, and in its place went a brand new 200m2 Mini Inflatable Park, and Interactive Multi Use Sports Pitch to the rear of the park. A new and repositioned Jump Tower and Air Bag Top Sheet was positioned in the middle of the park alongside brand new trampoline bed padding plus parkour jumping obstacles. \\n\\nThen to the front left of the park, as you enter through the fantastic new signature \u2018Oxygen Excite Tunnel\u2019 the visitors will find a 3-storey Soft Play Frame, alongside a 6-line Fun Climbing Wall space with interactive timers and auto belay system. \\n\\nFrom start to finish the rip out, and new activity install works took a total of only 6 weeks, with the facility reopening on schedule to the public ready for the October School Holiday period. \\n\\\"\"}\" data-sheets-userformat=\"{\"2\":25469,\"3\":{\"1\":0},\"5\":{\"1\":[{\"1\":2,\"2\":0,\"5\":{\"1\":2,\"2\":13421772}},{\"1\":0,\"2\":0,\"3\":3},{\"1\":1,\"2\":0,\"4\":1}]},\"6\":{\"1\":[{\"1\":2,\"2\":0,\"5\":{\"1\":2,\"2\":13421772}},{\"1\":0,\"2\":0,\"3\":3},{\"1\":1,\"2\":0,\"4\":1}]},\"7\":{\"1\":[{\"1\":2,\"2\":0,\"5\":{\"1\":2,\"2\":13421772}},{\"1\":0,\"2\":0,\"3\":3},{\"1\":1,\"2\":0,\"4\":1}]},\"8\":{\"1\":[{\"1\":2,\"2\":0,\"5\":{\"1\":2,\"2\":13421772}},{\"1\":0,\"2\":0,\"3\":3},{\"1\":1,\"2\":0,\"4\":1}]},\"9\":1,\"11\":3,\"12\":0,\"16\":12,\"17\":1}\">Como parte de la reciente trayectoria de adquisiciones de Oxygen, compraron un centro existente en Wilmslow, cerca de Manchester (Reino Unido), y lo explotaron tal cual durante unos meses.<\/span><\/p>\n<p>Este sitio necesitaba algunas obras de remodelaci\u00f3n, mejoras en el parque y un lavado de cara completo para ponerlo en consonancia con los otros sitios de Oxygen; y para impulsar la experiencia del visitante junto con el tiempo de permanencia del usuario tambi\u00e9n.<\/p>\n<p>Se encarg\u00f3 a Airparx que fuera el principal proveedor de actividades, y se nombr\u00f3 a otros proveedores para que se ocuparan del catering, la recepci\u00f3n, la se\u00f1alizaci\u00f3n, las salas de fiesta, los medios audiovisuales y todos los dem\u00e1s elementos clave para un centro de actividades familiar.<\/p>\n<p>Se elimin\u00f3 la mitad del espacio de actividades y, en su lugar, se instal\u00f3 un nuevo miniparque hinchable de 200 m2 y un campo deportivo interactivo de usos m\u00faltiples en la parte trasera del parque. En el centro del parque se coloc\u00f3 una nueva torre de salto y una l\u00e1mina superior de bolsas de aire, junto con un nuevo relleno de cama el\u00e1stica y obst\u00e1culos de salto de parkour.<\/p>\n<p>A continuaci\u00f3n, en la parte delantera izquierda del parque, al entrar por el nuevo y fant\u00e1stico \u00abT\u00fanel Ox\u00edgeno Excite\u00bb, los visitantes encontrar\u00e1n un marco de juegos blandos de 3 pisos, junto con un espacio de muro de escalada divertido de 6 l\u00edneas con temporizadores interactivos y sistema de aseguramiento autom\u00e1tico.<\/p>\n<p>De principio a fin, los trabajos de desmontaje e instalaci\u00f3n de nuevas actividades duraron s\u00f3lo 6 semanas, y las instalaciones volvieron a abrirse al p\u00fablico en el plazo previsto para las vacaciones escolares de octubre.<\/p>\n","protected":false},"excerpt":{"rendered":"<p>Como parte de la reciente trayectoria de adquisiciones de Oxygen, compraron un centro existente en Wilmslow, cerca de Manchester (Reino Unido), y lo explotaron tal cual durante unos meses. Este sitio necesitaba algunas obras de remodelaci\u00f3n, mejoras en el parque y un lavado de cara completo para ponerlo en consonancia con los otros sitios de [&hellip;]<\/p>\n","protected":false},"featured_media":5276,"template":"","meta":{"_acf_changed":false},"product_brand":[],"product_cat":[89,85,82],"product_tag":[],"class_list":{"0":"post-5272","1":"product","2":"type-product","3":"status-publish","4":"has-post-thumbnail","6":"product_cat-entretenimiento-interactivo","7":"product_cat-juegos-de-interior-y-parques-infantiles","8":"product_cat-parques-hinchables","10":"first","11":"outofstock","12":"shipping-taxable","13":"product-type-simple"},"acf":[],"yoast_head":"<!-- This site is optimized with the Yoast SEO Premium plugin v26.7 (Yoast SEO v27.3) - https:\/\/yoast.com\/product\/yoast-seo-premium-wordpress\/ -->\n<title>Oxygen Freejumping - Airparx<\/title>\n<meta name=\"robots\" content=\"index, follow, max-snippet:-1, max-image-preview:large, max-video-preview:-1\" \/>\n<link rel=\"canonical\" href=\"https:\/\/airparx.com\/es\/installations\/salto-sin-oxigeno\/\" \/>\n<meta property=\"og:locale\" content=\"es_ES\" \/>\n<meta property=\"og:type\" content=\"article\" \/>\n<meta property=\"og:title\" content=\"Oxygen Freejumping\" \/>\n<meta property=\"og:description\" content=\"Como parte de la reciente trayectoria de adquisiciones de Oxygen, compraron un centro existente en Wilmslow, cerca de Manchester (Reino Unido), y lo explotaron tal cual durante unos meses. Este sitio necesitaba algunas obras de remodelaci\u00f3n, mejoras en el parque y un lavado de cara completo para ponerlo en consonancia con los otros sitios de [&hellip;]\" \/>\n<meta property=\"og:url\" content=\"https:\/\/airparx.com\/es\/installations\/salto-sin-oxigeno\/\" \/>\n<meta property=\"og:site_name\" content=\"Airparx\" \/>\n<meta property=\"article:publisher\" content=\"https:\/\/www.facebook.com\/Airparx\/\" \/>\n<meta property=\"article:modified_time\" content=\"2023-02-07T10:33:02+00:00\" \/>\n<meta property=\"og:image\" content=\"https:\/\/airparx.com\/wp-content\/uploads\/2022\/11\/Oxygen-Freejumping-5.jpg\" \/>\n\t<meta property=\"og:image:width\" content=\"1024\" \/>\n\t<meta property=\"og:image:height\" content=\"768\" \/>\n\t<meta property=\"og:image:type\" content=\"image\/jpeg\" \/>\n<meta name=\"twitter:card\" content=\"summary_large_image\" \/>\n<meta name=\"twitter:label1\" content=\"Tiempo de lectura\" \/>\n\t<meta name=\"twitter:data1\" content=\"1 minuto\" \/>\n<script type=\"application\/ld+json\" class=\"yoast-schema-graph\">{\"@context\":\"https:\\\/\\\/schema.org\",\"@graph\":[{\"@type\":\"WebPage\",\"@id\":\"https:\\\/\\\/airparx.com\\\/es\\\/installations\\\/salto-sin-oxigeno\\\/\",\"url\":\"https:\\\/\\\/airparx.com\\\/es\\\/installations\\\/salto-sin-oxigeno\\\/\",\"name\":\"Oxygen Freejumping - Airparx\",\"isPartOf\":{\"@id\":\"https:\\\/\\\/airparx.com\\\/es\\\/#website\"},\"primaryImageOfPage\":{\"@id\":\"https:\\\/\\\/airparx.com\\\/es\\\/installations\\\/salto-sin-oxigeno\\\/#primaryimage\"},\"image\":{\"@id\":\"https:\\\/\\\/airparx.com\\\/es\\\/installations\\\/salto-sin-oxigeno\\\/#primaryimage\"},\"thumbnailUrl\":\"https:\\\/\\\/airparx.com\\\/wp-content\\\/uploads\\\/2022\\\/11\\\/Oxygen-Freejumping-5.jpg\",\"datePublished\":\"2022-11-01T11:59:17+00:00\",\"dateModified\":\"2023-02-07T10:33:02+00:00\",\"breadcrumb\":{\"@id\":\"https:\\\/\\\/airparx.com\\\/es\\\/installations\\\/salto-sin-oxigeno\\\/#breadcrumb\"},\"inLanguage\":\"es\",\"potentialAction\":[{\"@type\":\"ReadAction\",\"target\":[\"https:\\\/\\\/airparx.com\\\/es\\\/installations\\\/salto-sin-oxigeno\\\/\"]}]},{\"@type\":\"ImageObject\",\"inLanguage\":\"es\",\"@id\":\"https:\\\/\\\/airparx.com\\\/es\\\/installations\\\/salto-sin-oxigeno\\\/#primaryimage\",\"url\":\"https:\\\/\\\/airparx.com\\\/wp-content\\\/uploads\\\/2022\\\/11\\\/Oxygen-Freejumping-5.jpg\",\"contentUrl\":\"https:\\\/\\\/airparx.com\\\/wp-content\\\/uploads\\\/2022\\\/11\\\/Oxygen-Freejumping-5.jpg\",\"width\":1024,\"height\":768},{\"@type\":\"BreadcrumbList\",\"@id\":\"https:\\\/\\\/airparx.com\\\/es\\\/installations\\\/salto-sin-oxigeno\\\/#breadcrumb\",\"itemListElement\":[{\"@type\":\"ListItem\",\"position\":1,\"name\":\"Home\",\"item\":\"https:\\\/\\\/airparx.com\\\/es\\\/\"},{\"@type\":\"ListItem\",\"position\":2,\"name\":\"Oxygen Freejumping\"}]},{\"@type\":\"WebSite\",\"@id\":\"https:\\\/\\\/airparx.com\\\/es\\\/#website\",\"url\":\"https:\\\/\\\/airparx.com\\\/es\\\/\",\"name\":\"Airparx\",\"description\":\"Inflatable &amp; Trampoline Park Supplier\",\"publisher\":{\"@id\":\"https:\\\/\\\/airparx.com\\\/es\\\/#organization\"},\"potentialAction\":[{\"@type\":\"SearchAction\",\"target\":{\"@type\":\"EntryPoint\",\"urlTemplate\":\"https:\\\/\\\/airparx.com\\\/es\\\/?s={search_term_string}\"},\"query-input\":{\"@type\":\"PropertyValueSpecification\",\"valueRequired\":true,\"valueName\":\"search_term_string\"}}],\"inLanguage\":\"es\"},{\"@type\":\"Organization\",\"@id\":\"https:\\\/\\\/airparx.com\\\/es\\\/#organization\",\"name\":\"Airparx\",\"url\":\"https:\\\/\\\/airparx.com\\\/es\\\/\",\"logo\":{\"@type\":\"ImageObject\",\"inLanguage\":\"es\",\"@id\":\"https:\\\/\\\/airparx.com\\\/es\\\/#\\\/schema\\\/logo\\\/image\\\/\",\"url\":\"https:\\\/\\\/airparx.com\\\/wp-content\\\/uploads\\\/2022\\\/06\\\/Airparx_Logo.png\",\"contentUrl\":\"https:\\\/\\\/airparx.com\\\/wp-content\\\/uploads\\\/2022\\\/06\\\/Airparx_Logo.png\",\"width\":1127,\"height\":461,\"caption\":\"Airparx\"},\"image\":{\"@id\":\"https:\\\/\\\/airparx.com\\\/es\\\/#\\\/schema\\\/logo\\\/image\\\/\"},\"sameAs\":[\"https:\\\/\\\/www.facebook.com\\\/Airparx\\\/\",\"https:\\\/\\\/www.instagram.com\\\/airparx\\\/\",\"https:\\\/\\\/www.youtube.com\\\/playlist?list=PL2LZnxdxb4eX2paMpuL0QxEvopAtGzyqY\",\"https:\\\/\\\/www.linkedin.com\\\/company\\\/airparx\\\/\"]}]}<\/script>\n<!-- \/ Yoast SEO Premium plugin. -->","yoast_head_json":{"title":"Oxygen Freejumping - Airparx","robots":{"index":"index","follow":"follow","max-snippet":"max-snippet:-1","max-image-preview":"max-image-preview:large","max-video-preview":"max-video-preview:-1"},"canonical":"https:\/\/airparx.com\/es\/installations\/salto-sin-oxigeno\/","og_locale":"es_ES","og_type":"article","og_title":"Oxygen Freejumping","og_description":"Como parte de la reciente trayectoria de adquisiciones de Oxygen, compraron un centro existente en Wilmslow, cerca de Manchester (Reino Unido), y lo explotaron tal cual durante unos meses. Este sitio necesitaba algunas obras de remodelaci\u00f3n, mejoras en el parque y un lavado de cara completo para ponerlo en consonancia con los otros sitios de [&hellip;]","og_url":"https:\/\/airparx.com\/es\/installations\/salto-sin-oxigeno\/","og_site_name":"Airparx","article_publisher":"https:\/\/www.facebook.com\/Airparx\/","article_modified_time":"2023-02-07T10:33:02+00:00","og_image":[{"width":1024,"height":768,"url":"https:\/\/airparx.com\/wp-content\/uploads\/2022\/11\/Oxygen-Freejumping-5.jpg","type":"image\/jpeg"}],"twitter_card":"summary_large_image","twitter_misc":{"Tiempo de lectura":"1 minuto"},"schema":{"@context":"https:\/\/schema.org","@graph":[{"@type":"WebPage","@id":"https:\/\/airparx.com\/es\/installations\/salto-sin-oxigeno\/","url":"https:\/\/airparx.com\/es\/installations\/salto-sin-oxigeno\/","name":"Oxygen Freejumping - Airparx","isPartOf":{"@id":"https:\/\/airparx.com\/es\/#website"},"primaryImageOfPage":{"@id":"https:\/\/airparx.com\/es\/installations\/salto-sin-oxigeno\/#primaryimage"},"image":{"@id":"https:\/\/airparx.com\/es\/installations\/salto-sin-oxigeno\/#primaryimage"},"thumbnailUrl":"https:\/\/airparx.com\/wp-content\/uploads\/2022\/11\/Oxygen-Freejumping-5.jpg","datePublished":"2022-11-01T11:59:17+00:00","dateModified":"2023-02-07T10:33:02+00:00","breadcrumb":{"@id":"https:\/\/airparx.com\/es\/installations\/salto-sin-oxigeno\/#breadcrumb"},"inLanguage":"es","potentialAction":[{"@type":"ReadAction","target":["https:\/\/airparx.com\/es\/installations\/salto-sin-oxigeno\/"]}]},{"@type":"ImageObject","inLanguage":"es","@id":"https:\/\/airparx.com\/es\/installations\/salto-sin-oxigeno\/#primaryimage","url":"https:\/\/airparx.com\/wp-content\/uploads\/2022\/11\/Oxygen-Freejumping-5.jpg","contentUrl":"https:\/\/airparx.com\/wp-content\/uploads\/2022\/11\/Oxygen-Freejumping-5.jpg","width":1024,"height":768},{"@type":"BreadcrumbList","@id":"https:\/\/airparx.com\/es\/installations\/salto-sin-oxigeno\/#breadcrumb","itemListElement":[{"@type":"ListItem","position":1,"name":"Home","item":"https:\/\/airparx.com\/es\/"},{"@type":"ListItem","position":2,"name":"Oxygen Freejumping"}]},{"@type":"WebSite","@id":"https:\/\/airparx.com\/es\/#website","url":"https:\/\/airparx.com\/es\/","name":"Airparx","description":"Inflatable &amp; Trampoline Park Supplier","publisher":{"@id":"https:\/\/airparx.com\/es\/#organization"},"potentialAction":[{"@type":"SearchAction","target":{"@type":"EntryPoint","urlTemplate":"https:\/\/airparx.com\/es\/?s={search_term_string}"},"query-input":{"@type":"PropertyValueSpecification","valueRequired":true,"valueName":"search_term_string"}}],"inLanguage":"es"},{"@type":"Organization","@id":"https:\/\/airparx.com\/es\/#organization","name":"Airparx","url":"https:\/\/airparx.com\/es\/","logo":{"@type":"ImageObject","inLanguage":"es","@id":"https:\/\/airparx.com\/es\/#\/schema\/logo\/image\/","url":"https:\/\/airparx.com\/wp-content\/uploads\/2022\/06\/Airparx_Logo.png","contentUrl":"https:\/\/airparx.com\/wp-content\/uploads\/2022\/06\/Airparx_Logo.png","width":1127,"height":461,"caption":"Airparx"},"image":{"@id":"https:\/\/airparx.com\/es\/#\/schema\/logo\/image\/"},"sameAs":["https:\/\/www.facebook.com\/Airparx\/","https:\/\/www.instagram.com\/airparx\/","https:\/\/www.youtube.com\/playlist?list=PL2LZnxdxb4eX2paMpuL0QxEvopAtGzyqY","https:\/\/www.linkedin.com\/company\/airparx\/"]}]}},"_links":{"self":[{"href":"https:\/\/airparx.com\/es\/wp-json\/wp\/v2\/product\/5272","targetHints":{"allow":["GET"]}}],"collection":[{"href":"https:\/\/airparx.com\/es\/wp-json\/wp\/v2\/product"}],"about":[{"href":"https:\/\/airparx.com\/es\/wp-json\/wp\/v2\/types\/product"}],"wp:featuredmedia":[{"embeddable":true,"href":"https:\/\/airparx.com\/es\/wp-json\/wp\/v2\/media\/5276"}],"wp:attachment":[{"href":"https:\/\/airparx.com\/es\/wp-json\/wp\/v2\/media?parent=5272"}],"wp:term":[{"taxonomy":"product_brand","embeddable":true,"href":"https:\/\/airparx.com\/es\/wp-json\/wp\/v2\/product_brand?post=5272"},{"taxonomy":"product_cat","embeddable":true,"href":"https:\/\/airparx.com\/es\/wp-json\/wp\/v2\/product_cat?post=5272"},{"taxonomy":"product_tag","embeddable":true,"href":"https:\/\/airparx.com\/es\/wp-json\/wp\/v2\/product_tag?post=5272"}],"curies":[{"name":"wp","href":"https:\/\/api.w.org\/{rel}","templated":true}]}}