{"id":5277,"date":"2019-07-15T11:26:00","date_gmt":"2019-07-15T10:26:00","guid":{"rendered":"https:\/\/airparx.com\/installations\/area-52-kosovo\/"},"modified":"2022-12-09T13:21:24","modified_gmt":"2022-12-09T13:21:24","slug":"area-52","status":"publish","type":"product","link":"https:\/\/airparx.com\/es\/installations\/area-52\/","title":{"rendered":"Area 52 &#8211; Kosovo"},"content":{"rendered":"<p>Area 52 fue el primer parque de trampolines con Active Entertainment en Kosovo. Airparx incluy\u00f3 juegos mec\u00e1nicos\/interactivos junto con trampolines y otros componentes clave de la cama el\u00e1stica<\/p>\n<p>El parque de trampolines incorpor\u00f3 una zona de rendimiento con camas, almohadillas y muelles de est\u00e1ndar ol\u00edmpico en la pista principal. Adem\u00e1s, construimos una zona de escalada interactiva con muros de escalada, agarres y estructuras de acero de alta calidad.<\/p>\n<p>Todo el parque se dise\u00f1\u00f3 espec\u00edficamente para adaptarse a un espacio al mil\u00edmetro en una zona no utilizada para el comercio en el centro comercial. Esto trajo el primer mejor y m\u00e1s grande al Centro de Entretenimiento Familiar en Kosovo.<\/p>\n","protected":false},"excerpt":{"rendered":"<p>Area 52 fue el primer parque de trampolines con Active Entertainment en Kosovo. Airparx incluy\u00f3 juegos mec\u00e1nicos\/interactivos junto con trampolines y otros componentes clave de la cama el\u00e1stica El parque de trampolines incorpor\u00f3 una zona de rendimiento con camas, almohadillas y muelles de est\u00e1ndar ol\u00edmpico en la pista principal. Adem\u00e1s, construimos una zona de escalada [&hellip;]<\/p>\n","protected":false},"featured_media":5359,"template":"","meta":{"_acf_changed":false},"product_brand":[],"product_cat":[88],"product_tag":[],"class_list":{"0":"post-5277","1":"product","2":"type-product","3":"status-publish","4":"has-post-thumbnail","6":"product_cat-parques-de-camas-elasticas","8":"first","9":"outofstock","10":"shipping-taxable","11":"product-type-simple"},"acf":[],"yoast_head":"<!-- This site is optimized with the Yoast SEO Premium plugin v26.7 (Yoast SEO v27.3) - https:\/\/yoast.com\/product\/yoast-seo-premium-wordpress\/ -->\n<title>Area 52 - Kosovo - Airparx<\/title>\n<meta name=\"robots\" content=\"index, follow, max-snippet:-1, max-image-preview:large, max-video-preview:-1\" \/>\n<link rel=\"canonical\" href=\"https:\/\/airparx.com\/es\/installations\/area-52\/\" \/>\n<meta property=\"og:locale\" content=\"es_ES\" \/>\n<meta property=\"og:type\" content=\"article\" \/>\n<meta property=\"og:title\" content=\"Area 52 - Kosovo\" \/>\n<meta property=\"og:description\" content=\"Area 52 fue el primer parque de trampolines con Active Entertainment en Kosovo. Airparx incluy\u00f3 juegos mec\u00e1nicos\/interactivos junto con trampolines y otros componentes clave de la cama el\u00e1stica El parque de trampolines incorpor\u00f3 una zona de rendimiento con camas, almohadillas y muelles de est\u00e1ndar ol\u00edmpico en la pista principal. Adem\u00e1s, construimos una zona de escalada [&hellip;]\" \/>\n<meta property=\"og:url\" content=\"https:\/\/airparx.com\/es\/installations\/area-52\/\" \/>\n<meta property=\"og:site_name\" content=\"Airparx\" \/>\n<meta property=\"article:publisher\" content=\"https:\/\/www.facebook.com\/Airparx\/\" \/>\n<meta property=\"article:modified_time\" content=\"2022-12-09T13:21:24+00:00\" \/>\n<meta property=\"og:image\" content=\"https:\/\/airparx.com\/wp-content\/uploads\/2022\/07\/area-52-kosovo-1.jpg\" \/>\n\t<meta property=\"og:image:width\" content=\"1024\" \/>\n\t<meta property=\"og:image:height\" content=\"768\" \/>\n\t<meta property=\"og:image:type\" content=\"image\/jpeg\" \/>\n<meta name=\"twitter:card\" content=\"summary_large_image\" \/>\n<meta name=\"twitter:label1\" content=\"Tiempo de lectura\" \/>\n\t<meta name=\"twitter:data1\" content=\"1 minuto\" \/>\n<script type=\"application\/ld+json\" class=\"yoast-schema-graph\">{\"@context\":\"https:\\\/\\\/schema.org\",\"@graph\":[{\"@type\":\"WebPage\",\"@id\":\"https:\\\/\\\/airparx.com\\\/es\\\/installations\\\/area-52\\\/\",\"url\":\"https:\\\/\\\/airparx.com\\\/es\\\/installations\\\/area-52\\\/\",\"name\":\"Area 52 - Kosovo - Airparx\",\"isPartOf\":{\"@id\":\"https:\\\/\\\/airparx.com\\\/es\\\/#website\"},\"primaryImageOfPage\":{\"@id\":\"https:\\\/\\\/airparx.com\\\/es\\\/installations\\\/area-52\\\/#primaryimage\"},\"image\":{\"@id\":\"https:\\\/\\\/airparx.com\\\/es\\\/installations\\\/area-52\\\/#primaryimage\"},\"thumbnailUrl\":\"https:\\\/\\\/airparx.com\\\/wp-content\\\/uploads\\\/2022\\\/07\\\/area-52-kosovo-1.jpg\",\"datePublished\":\"2019-07-15T10:26:00+00:00\",\"dateModified\":\"2022-12-09T13:21:24+00:00\",\"breadcrumb\":{\"@id\":\"https:\\\/\\\/airparx.com\\\/es\\\/installations\\\/area-52\\\/#breadcrumb\"},\"inLanguage\":\"es\",\"potentialAction\":[{\"@type\":\"ReadAction\",\"target\":[\"https:\\\/\\\/airparx.com\\\/es\\\/installations\\\/area-52\\\/\"]}]},{\"@type\":\"ImageObject\",\"inLanguage\":\"es\",\"@id\":\"https:\\\/\\\/airparx.com\\\/es\\\/installations\\\/area-52\\\/#primaryimage\",\"url\":\"https:\\\/\\\/airparx.com\\\/wp-content\\\/uploads\\\/2022\\\/07\\\/area-52-kosovo-1.jpg\",\"contentUrl\":\"https:\\\/\\\/airparx.com\\\/wp-content\\\/uploads\\\/2022\\\/07\\\/area-52-kosovo-1.jpg\",\"width\":1024,\"height\":768},{\"@type\":\"BreadcrumbList\",\"@id\":\"https:\\\/\\\/airparx.com\\\/es\\\/installations\\\/area-52\\\/#breadcrumb\",\"itemListElement\":[{\"@type\":\"ListItem\",\"position\":1,\"name\":\"Home\",\"item\":\"https:\\\/\\\/airparx.com\\\/es\\\/\"},{\"@type\":\"ListItem\",\"position\":2,\"name\":\"Area 52 &#8211; Kosovo\"}]},{\"@type\":\"WebSite\",\"@id\":\"https:\\\/\\\/airparx.com\\\/es\\\/#website\",\"url\":\"https:\\\/\\\/airparx.com\\\/es\\\/\",\"name\":\"Airparx\",\"description\":\"Inflatable &amp; Trampoline Park Supplier\",\"publisher\":{\"@id\":\"https:\\\/\\\/airparx.com\\\/es\\\/#organization\"},\"potentialAction\":[{\"@type\":\"SearchAction\",\"target\":{\"@type\":\"EntryPoint\",\"urlTemplate\":\"https:\\\/\\\/airparx.com\\\/es\\\/?s={search_term_string}\"},\"query-input\":{\"@type\":\"PropertyValueSpecification\",\"valueRequired\":true,\"valueName\":\"search_term_string\"}}],\"inLanguage\":\"es\"},{\"@type\":\"Organization\",\"@id\":\"https:\\\/\\\/airparx.com\\\/es\\\/#organization\",\"name\":\"Airparx\",\"url\":\"https:\\\/\\\/airparx.com\\\/es\\\/\",\"logo\":{\"@type\":\"ImageObject\",\"inLanguage\":\"es\",\"@id\":\"https:\\\/\\\/airparx.com\\\/es\\\/#\\\/schema\\\/logo\\\/image\\\/\",\"url\":\"https:\\\/\\\/airparx.com\\\/wp-content\\\/uploads\\\/2022\\\/06\\\/Airparx_Logo.png\",\"contentUrl\":\"https:\\\/\\\/airparx.com\\\/wp-content\\\/uploads\\\/2022\\\/06\\\/Airparx_Logo.png\",\"width\":1127,\"height\":461,\"caption\":\"Airparx\"},\"image\":{\"@id\":\"https:\\\/\\\/airparx.com\\\/es\\\/#\\\/schema\\\/logo\\\/image\\\/\"},\"sameAs\":[\"https:\\\/\\\/www.facebook.com\\\/Airparx\\\/\",\"https:\\\/\\\/www.instagram.com\\\/airparx\\\/\",\"https:\\\/\\\/www.youtube.com\\\/playlist?list=PL2LZnxdxb4eX2paMpuL0QxEvopAtGzyqY\",\"https:\\\/\\\/www.linkedin.com\\\/company\\\/airparx\\\/\"]}]}<\/script>\n<!-- \/ Yoast SEO Premium plugin. -->","yoast_head_json":{"title":"Area 52 - Kosovo - Airparx","robots":{"index":"index","follow":"follow","max-snippet":"max-snippet:-1","max-image-preview":"max-image-preview:large","max-video-preview":"max-video-preview:-1"},"canonical":"https:\/\/airparx.com\/es\/installations\/area-52\/","og_locale":"es_ES","og_type":"article","og_title":"Area 52 - Kosovo","og_description":"Area 52 fue el primer parque de trampolines con Active Entertainment en Kosovo. Airparx incluy\u00f3 juegos mec\u00e1nicos\/interactivos junto con trampolines y otros componentes clave de la cama el\u00e1stica El parque de trampolines incorpor\u00f3 una zona de rendimiento con camas, almohadillas y muelles de est\u00e1ndar ol\u00edmpico en la pista principal. Adem\u00e1s, construimos una zona de escalada [&hellip;]","og_url":"https:\/\/airparx.com\/es\/installations\/area-52\/","og_site_name":"Airparx","article_publisher":"https:\/\/www.facebook.com\/Airparx\/","article_modified_time":"2022-12-09T13:21:24+00:00","og_image":[{"width":1024,"height":768,"url":"https:\/\/airparx.com\/wp-content\/uploads\/2022\/07\/area-52-kosovo-1.jpg","type":"image\/jpeg"}],"twitter_card":"summary_large_image","twitter_misc":{"Tiempo de lectura":"1 minuto"},"schema":{"@context":"https:\/\/schema.org","@graph":[{"@type":"WebPage","@id":"https:\/\/airparx.com\/es\/installations\/area-52\/","url":"https:\/\/airparx.com\/es\/installations\/area-52\/","name":"Area 52 - Kosovo - Airparx","isPartOf":{"@id":"https:\/\/airparx.com\/es\/#website"},"primaryImageOfPage":{"@id":"https:\/\/airparx.com\/es\/installations\/area-52\/#primaryimage"},"image":{"@id":"https:\/\/airparx.com\/es\/installations\/area-52\/#primaryimage"},"thumbnailUrl":"https:\/\/airparx.com\/wp-content\/uploads\/2022\/07\/area-52-kosovo-1.jpg","datePublished":"2019-07-15T10:26:00+00:00","dateModified":"2022-12-09T13:21:24+00:00","breadcrumb":{"@id":"https:\/\/airparx.com\/es\/installations\/area-52\/#breadcrumb"},"inLanguage":"es","potentialAction":[{"@type":"ReadAction","target":["https:\/\/airparx.com\/es\/installations\/area-52\/"]}]},{"@type":"ImageObject","inLanguage":"es","@id":"https:\/\/airparx.com\/es\/installations\/area-52\/#primaryimage","url":"https:\/\/airparx.com\/wp-content\/uploads\/2022\/07\/area-52-kosovo-1.jpg","contentUrl":"https:\/\/airparx.com\/wp-content\/uploads\/2022\/07\/area-52-kosovo-1.jpg","width":1024,"height":768},{"@type":"BreadcrumbList","@id":"https:\/\/airparx.com\/es\/installations\/area-52\/#breadcrumb","itemListElement":[{"@type":"ListItem","position":1,"name":"Home","item":"https:\/\/airparx.com\/es\/"},{"@type":"ListItem","position":2,"name":"Area 52 &#8211; Kosovo"}]},{"@type":"WebSite","@id":"https:\/\/airparx.com\/es\/#website","url":"https:\/\/airparx.com\/es\/","name":"Airparx","description":"Inflatable &amp; Trampoline Park Supplier","publisher":{"@id":"https:\/\/airparx.com\/es\/#organization"},"potentialAction":[{"@type":"SearchAction","target":{"@type":"EntryPoint","urlTemplate":"https:\/\/airparx.com\/es\/?s={search_term_string}"},"query-input":{"@type":"PropertyValueSpecification","valueRequired":true,"valueName":"search_term_string"}}],"inLanguage":"es"},{"@type":"Organization","@id":"https:\/\/airparx.com\/es\/#organization","name":"Airparx","url":"https:\/\/airparx.com\/es\/","logo":{"@type":"ImageObject","inLanguage":"es","@id":"https:\/\/airparx.com\/es\/#\/schema\/logo\/image\/","url":"https:\/\/airparx.com\/wp-content\/uploads\/2022\/06\/Airparx_Logo.png","contentUrl":"https:\/\/airparx.com\/wp-content\/uploads\/2022\/06\/Airparx_Logo.png","width":1127,"height":461,"caption":"Airparx"},"image":{"@id":"https:\/\/airparx.com\/es\/#\/schema\/logo\/image\/"},"sameAs":["https:\/\/www.facebook.com\/Airparx\/","https:\/\/www.instagram.com\/airparx\/","https:\/\/www.youtube.com\/playlist?list=PL2LZnxdxb4eX2paMpuL0QxEvopAtGzyqY","https:\/\/www.linkedin.com\/company\/airparx\/"]}]}},"_links":{"self":[{"href":"https:\/\/airparx.com\/es\/wp-json\/wp\/v2\/product\/5277","targetHints":{"allow":["GET"]}}],"collection":[{"href":"https:\/\/airparx.com\/es\/wp-json\/wp\/v2\/product"}],"about":[{"href":"https:\/\/airparx.com\/es\/wp-json\/wp\/v2\/types\/product"}],"wp:featuredmedia":[{"embeddable":true,"href":"https:\/\/airparx.com\/es\/wp-json\/wp\/v2\/media\/5359"}],"wp:attachment":[{"href":"https:\/\/airparx.com\/es\/wp-json\/wp\/v2\/media?parent=5277"}],"wp:term":[{"taxonomy":"product_brand","embeddable":true,"href":"https:\/\/airparx.com\/es\/wp-json\/wp\/v2\/product_brand?post=5277"},{"taxonomy":"product_cat","embeddable":true,"href":"https:\/\/airparx.com\/es\/wp-json\/wp\/v2\/product_cat?post=5277"},{"taxonomy":"product_tag","embeddable":true,"href":"https:\/\/airparx.com\/es\/wp-json\/wp\/v2\/product_tag?post=5277"}],"curies":[{"name":"wp","href":"https:\/\/api.w.org\/{rel}","templated":true}]}}