{"id":5307,"date":"2021-10-15T11:23:35","date_gmt":"2021-10-15T10:23:35","guid":{"rendered":"https:\/\/airparx.com\/installations\/bounce-valley-enschede-2\/"},"modified":"2021-10-15T11:23:35","modified_gmt":"2021-10-15T10:23:35","slug":"bounce-valley-enschede-2","status":"publish","type":"product","link":"https:\/\/airparx.com\/es\/installations\/bounce-valley-enschede-2\/","title":{"rendered":"Bounce Valley &#8211; Enschede"},"content":{"rendered":"<p>Bounce Valley, en Enschede, fue el segundo de los seis parques instalados en los Pa\u00edses Bajos con uno de nuestros mayores socios en la regi\u00f3n del Benelux.<\/p>\n<p>Airparx trabaj\u00f3 con el franquiciado para dise\u00f1ar y crear un parque de m\u00e1s de 1000 metros cuadrados en una ubicaci\u00f3n muy popular. Cumplimos todas las directrices de la marca corporativa y nos pusimos en contacto con las autoridades locales y el TUV para cumplir todos los requisitos operativos. Gracias a nuestro profundo y extenso conocimiento de las normas internacionales, las instalaciones de Airparx son posiblemente las m\u00e1s r\u00e1pidas en ser aprobadas por los organismos pertinentes en lugares internacionales.<\/p>\n<p>Un aspecto del que estamos especialmente orgullosos en Enschede es la pista de obst\u00e1culos que se dise\u00f1\u00f3 cuidadosa e inteligentemente para envolver el espacio con una barredora de pie incorporada Last one. Todo el proyecto maximiza la altura al incluir toboganes de 6 metros y saltos de bolsa.<\/p>\n","protected":false},"excerpt":{"rendered":"<p>Bounce Valley, en Enschede, fue el segundo de los seis parques instalados en los Pa\u00edses Bajos con uno de nuestros mayores socios en la regi\u00f3n del Benelux. Airparx trabaj\u00f3 con el franquiciado para dise\u00f1ar y crear un parque de m\u00e1s de 1000 metros cuadrados en una ubicaci\u00f3n muy popular. Cumplimos todas las directrices de la [&hellip;]<\/p>\n","protected":false},"featured_media":4440,"template":"","meta":{"_acf_changed":false},"product_brand":[],"product_cat":[82],"product_tag":[],"class_list":{"0":"post-5307","1":"product","2":"type-product","3":"status-publish","4":"has-post-thumbnail","6":"product_cat-parques-hinchables","8":"first","9":"outofstock","10":"shipping-taxable","11":"product-type-simple"},"acf":[],"yoast_head":"<!-- This site is optimized with the Yoast SEO Premium plugin v26.7 (Yoast SEO v27.3) - https:\/\/yoast.com\/product\/yoast-seo-premium-wordpress\/ -->\n<title>Bounce Valley - Enschede - Airparx<\/title>\n<meta name=\"robots\" content=\"index, follow, max-snippet:-1, max-image-preview:large, max-video-preview:-1\" \/>\n<link rel=\"canonical\" href=\"https:\/\/airparx.com\/es\/installations\/bounce-valley-enschede-2\/\" \/>\n<meta property=\"og:locale\" content=\"es_ES\" \/>\n<meta property=\"og:type\" content=\"article\" \/>\n<meta property=\"og:title\" content=\"Bounce Valley - Enschede\" \/>\n<meta property=\"og:description\" content=\"Bounce Valley, en Enschede, fue el segundo de los seis parques instalados en los Pa\u00edses Bajos con uno de nuestros mayores socios en la regi\u00f3n del Benelux. Airparx trabaj\u00f3 con el franquiciado para dise\u00f1ar y crear un parque de m\u00e1s de 1000 metros cuadrados en una ubicaci\u00f3n muy popular. Cumplimos todas las directrices de la [&hellip;]\" \/>\n<meta property=\"og:url\" content=\"https:\/\/airparx.com\/es\/installations\/bounce-valley-enschede-2\/\" \/>\n<meta property=\"og:site_name\" content=\"Airparx\" \/>\n<meta property=\"article:publisher\" content=\"https:\/\/www.facebook.com\/Airparx\/\" \/>\n<meta property=\"og:image\" content=\"https:\/\/airparx.com\/wp-content\/uploads\/2022\/07\/bounce-valley-enschede-3.jpg\" \/>\n\t<meta property=\"og:image:width\" content=\"1024\" \/>\n\t<meta property=\"og:image:height\" content=\"768\" \/>\n\t<meta property=\"og:image:type\" content=\"image\/jpeg\" \/>\n<meta name=\"twitter:card\" content=\"summary_large_image\" \/>\n<meta name=\"twitter:label1\" content=\"Tiempo de lectura\" \/>\n\t<meta name=\"twitter:data1\" content=\"1 minuto\" \/>\n<script type=\"application\/ld+json\" class=\"yoast-schema-graph\">{\"@context\":\"https:\\\/\\\/schema.org\",\"@graph\":[{\"@type\":\"WebPage\",\"@id\":\"https:\\\/\\\/airparx.com\\\/es\\\/installations\\\/bounce-valley-enschede-2\\\/\",\"url\":\"https:\\\/\\\/airparx.com\\\/es\\\/installations\\\/bounce-valley-enschede-2\\\/\",\"name\":\"Bounce Valley - Enschede - Airparx\",\"isPartOf\":{\"@id\":\"https:\\\/\\\/airparx.com\\\/es\\\/#website\"},\"primaryImageOfPage\":{\"@id\":\"https:\\\/\\\/airparx.com\\\/es\\\/installations\\\/bounce-valley-enschede-2\\\/#primaryimage\"},\"image\":{\"@id\":\"https:\\\/\\\/airparx.com\\\/es\\\/installations\\\/bounce-valley-enschede-2\\\/#primaryimage\"},\"thumbnailUrl\":\"https:\\\/\\\/airparx.com\\\/wp-content\\\/uploads\\\/2022\\\/07\\\/bounce-valley-enschede-3.jpg\",\"datePublished\":\"2021-10-15T10:23:35+00:00\",\"breadcrumb\":{\"@id\":\"https:\\\/\\\/airparx.com\\\/es\\\/installations\\\/bounce-valley-enschede-2\\\/#breadcrumb\"},\"inLanguage\":\"es\",\"potentialAction\":[{\"@type\":\"ReadAction\",\"target\":[\"https:\\\/\\\/airparx.com\\\/es\\\/installations\\\/bounce-valley-enschede-2\\\/\"]}]},{\"@type\":\"ImageObject\",\"inLanguage\":\"es\",\"@id\":\"https:\\\/\\\/airparx.com\\\/es\\\/installations\\\/bounce-valley-enschede-2\\\/#primaryimage\",\"url\":\"https:\\\/\\\/airparx.com\\\/wp-content\\\/uploads\\\/2022\\\/07\\\/bounce-valley-enschede-3.jpg\",\"contentUrl\":\"https:\\\/\\\/airparx.com\\\/wp-content\\\/uploads\\\/2022\\\/07\\\/bounce-valley-enschede-3.jpg\",\"width\":1024,\"height\":768},{\"@type\":\"BreadcrumbList\",\"@id\":\"https:\\\/\\\/airparx.com\\\/es\\\/installations\\\/bounce-valley-enschede-2\\\/#breadcrumb\",\"itemListElement\":[{\"@type\":\"ListItem\",\"position\":1,\"name\":\"Home\",\"item\":\"https:\\\/\\\/airparx.com\\\/es\\\/\"},{\"@type\":\"ListItem\",\"position\":2,\"name\":\"Bounce Valley &#8211; Enschede\"}]},{\"@type\":\"WebSite\",\"@id\":\"https:\\\/\\\/airparx.com\\\/es\\\/#website\",\"url\":\"https:\\\/\\\/airparx.com\\\/es\\\/\",\"name\":\"Airparx\",\"description\":\"Inflatable &amp; Trampoline Park Supplier\",\"publisher\":{\"@id\":\"https:\\\/\\\/airparx.com\\\/es\\\/#organization\"},\"potentialAction\":[{\"@type\":\"SearchAction\",\"target\":{\"@type\":\"EntryPoint\",\"urlTemplate\":\"https:\\\/\\\/airparx.com\\\/es\\\/?s={search_term_string}\"},\"query-input\":{\"@type\":\"PropertyValueSpecification\",\"valueRequired\":true,\"valueName\":\"search_term_string\"}}],\"inLanguage\":\"es\"},{\"@type\":\"Organization\",\"@id\":\"https:\\\/\\\/airparx.com\\\/es\\\/#organization\",\"name\":\"Airparx\",\"url\":\"https:\\\/\\\/airparx.com\\\/es\\\/\",\"logo\":{\"@type\":\"ImageObject\",\"inLanguage\":\"es\",\"@id\":\"https:\\\/\\\/airparx.com\\\/es\\\/#\\\/schema\\\/logo\\\/image\\\/\",\"url\":\"https:\\\/\\\/airparx.com\\\/wp-content\\\/uploads\\\/2022\\\/06\\\/Airparx_Logo.png\",\"contentUrl\":\"https:\\\/\\\/airparx.com\\\/wp-content\\\/uploads\\\/2022\\\/06\\\/Airparx_Logo.png\",\"width\":1127,\"height\":461,\"caption\":\"Airparx\"},\"image\":{\"@id\":\"https:\\\/\\\/airparx.com\\\/es\\\/#\\\/schema\\\/logo\\\/image\\\/\"},\"sameAs\":[\"https:\\\/\\\/www.facebook.com\\\/Airparx\\\/\",\"https:\\\/\\\/www.instagram.com\\\/airparx\\\/\",\"https:\\\/\\\/www.youtube.com\\\/playlist?list=PL2LZnxdxb4eX2paMpuL0QxEvopAtGzyqY\",\"https:\\\/\\\/www.linkedin.com\\\/company\\\/airparx\\\/\"]}]}<\/script>\n<!-- \/ Yoast SEO Premium plugin. -->","yoast_head_json":{"title":"Bounce Valley - Enschede - Airparx","robots":{"index":"index","follow":"follow","max-snippet":"max-snippet:-1","max-image-preview":"max-image-preview:large","max-video-preview":"max-video-preview:-1"},"canonical":"https:\/\/airparx.com\/es\/installations\/bounce-valley-enschede-2\/","og_locale":"es_ES","og_type":"article","og_title":"Bounce Valley - Enschede","og_description":"Bounce Valley, en Enschede, fue el segundo de los seis parques instalados en los Pa\u00edses Bajos con uno de nuestros mayores socios en la regi\u00f3n del Benelux. Airparx trabaj\u00f3 con el franquiciado para dise\u00f1ar y crear un parque de m\u00e1s de 1000 metros cuadrados en una ubicaci\u00f3n muy popular. Cumplimos todas las directrices de la [&hellip;]","og_url":"https:\/\/airparx.com\/es\/installations\/bounce-valley-enschede-2\/","og_site_name":"Airparx","article_publisher":"https:\/\/www.facebook.com\/Airparx\/","og_image":[{"width":1024,"height":768,"url":"https:\/\/airparx.com\/wp-content\/uploads\/2022\/07\/bounce-valley-enschede-3.jpg","type":"image\/jpeg"}],"twitter_card":"summary_large_image","twitter_misc":{"Tiempo de lectura":"1 minuto"},"schema":{"@context":"https:\/\/schema.org","@graph":[{"@type":"WebPage","@id":"https:\/\/airparx.com\/es\/installations\/bounce-valley-enschede-2\/","url":"https:\/\/airparx.com\/es\/installations\/bounce-valley-enschede-2\/","name":"Bounce Valley - Enschede - Airparx","isPartOf":{"@id":"https:\/\/airparx.com\/es\/#website"},"primaryImageOfPage":{"@id":"https:\/\/airparx.com\/es\/installations\/bounce-valley-enschede-2\/#primaryimage"},"image":{"@id":"https:\/\/airparx.com\/es\/installations\/bounce-valley-enschede-2\/#primaryimage"},"thumbnailUrl":"https:\/\/airparx.com\/wp-content\/uploads\/2022\/07\/bounce-valley-enschede-3.jpg","datePublished":"2021-10-15T10:23:35+00:00","breadcrumb":{"@id":"https:\/\/airparx.com\/es\/installations\/bounce-valley-enschede-2\/#breadcrumb"},"inLanguage":"es","potentialAction":[{"@type":"ReadAction","target":["https:\/\/airparx.com\/es\/installations\/bounce-valley-enschede-2\/"]}]},{"@type":"ImageObject","inLanguage":"es","@id":"https:\/\/airparx.com\/es\/installations\/bounce-valley-enschede-2\/#primaryimage","url":"https:\/\/airparx.com\/wp-content\/uploads\/2022\/07\/bounce-valley-enschede-3.jpg","contentUrl":"https:\/\/airparx.com\/wp-content\/uploads\/2022\/07\/bounce-valley-enschede-3.jpg","width":1024,"height":768},{"@type":"BreadcrumbList","@id":"https:\/\/airparx.com\/es\/installations\/bounce-valley-enschede-2\/#breadcrumb","itemListElement":[{"@type":"ListItem","position":1,"name":"Home","item":"https:\/\/airparx.com\/es\/"},{"@type":"ListItem","position":2,"name":"Bounce Valley &#8211; Enschede"}]},{"@type":"WebSite","@id":"https:\/\/airparx.com\/es\/#website","url":"https:\/\/airparx.com\/es\/","name":"Airparx","description":"Inflatable &amp; Trampoline Park Supplier","publisher":{"@id":"https:\/\/airparx.com\/es\/#organization"},"potentialAction":[{"@type":"SearchAction","target":{"@type":"EntryPoint","urlTemplate":"https:\/\/airparx.com\/es\/?s={search_term_string}"},"query-input":{"@type":"PropertyValueSpecification","valueRequired":true,"valueName":"search_term_string"}}],"inLanguage":"es"},{"@type":"Organization","@id":"https:\/\/airparx.com\/es\/#organization","name":"Airparx","url":"https:\/\/airparx.com\/es\/","logo":{"@type":"ImageObject","inLanguage":"es","@id":"https:\/\/airparx.com\/es\/#\/schema\/logo\/image\/","url":"https:\/\/airparx.com\/wp-content\/uploads\/2022\/06\/Airparx_Logo.png","contentUrl":"https:\/\/airparx.com\/wp-content\/uploads\/2022\/06\/Airparx_Logo.png","width":1127,"height":461,"caption":"Airparx"},"image":{"@id":"https:\/\/airparx.com\/es\/#\/schema\/logo\/image\/"},"sameAs":["https:\/\/www.facebook.com\/Airparx\/","https:\/\/www.instagram.com\/airparx\/","https:\/\/www.youtube.com\/playlist?list=PL2LZnxdxb4eX2paMpuL0QxEvopAtGzyqY","https:\/\/www.linkedin.com\/company\/airparx\/"]}]}},"_links":{"self":[{"href":"https:\/\/airparx.com\/es\/wp-json\/wp\/v2\/product\/5307","targetHints":{"allow":["GET"]}}],"collection":[{"href":"https:\/\/airparx.com\/es\/wp-json\/wp\/v2\/product"}],"about":[{"href":"https:\/\/airparx.com\/es\/wp-json\/wp\/v2\/types\/product"}],"wp:featuredmedia":[{"embeddable":true,"href":"https:\/\/airparx.com\/es\/wp-json\/wp\/v2\/media\/4440"}],"wp:attachment":[{"href":"https:\/\/airparx.com\/es\/wp-json\/wp\/v2\/media?parent=5307"}],"wp:term":[{"taxonomy":"product_brand","embeddable":true,"href":"https:\/\/airparx.com\/es\/wp-json\/wp\/v2\/product_brand?post=5307"},{"taxonomy":"product_cat","embeddable":true,"href":"https:\/\/airparx.com\/es\/wp-json\/wp\/v2\/product_cat?post=5307"},{"taxonomy":"product_tag","embeddable":true,"href":"https:\/\/airparx.com\/es\/wp-json\/wp\/v2\/product_tag?post=5307"}],"curies":[{"name":"wp","href":"https:\/\/api.w.org\/{rel}","templated":true}]}}