{"id":5451,"date":"2021-05-15T11:17:47","date_gmt":"2021-05-15T10:17:47","guid":{"rendered":"https:\/\/airparx.com\/installations\/canguro-rojo\/"},"modified":"2022-11-18T14:03:10","modified_gmt":"2022-11-18T14:03:10","slug":"canguro-rojo","status":"publish","type":"product","link":"https:\/\/airparx.com\/es\/installations\/canguro-rojo\/","title":{"rendered":"Red Kangaroo"},"content":{"rendered":"<p>Red Kanagroo, en Coventry, es sin duda la instalaci\u00f3n emblem\u00e1tica de Airparx en las Midlands (Reino Unido). Todo el espacio de 40.000 pies cuadrados fue dise\u00f1ado e instalado por Airparx, y consta de una zona de trampolines de estilo libre, una zona blanda, un tobog\u00e1n gigante, un parque hinchable, una barredora mec\u00e1nica y camas el\u00e1sticas de alto rendimiento.<\/p>\n<p>Tras un intenso incendio, Airparx se encarg\u00f3 de reconstruir el recinto para hacerlo m\u00e1s grande, mejor y m\u00e1s divertido que antes. Quer\u00edamos que toda la zona de entretenimiento fuera completamente fluida, maximizando el espacio y el n\u00famero de usuarios sin comprometer la supervisi\u00f3n y la capacidad de marchar.<\/p>\n<p>Red Kangaroo Coventry ofrece realmente una soluci\u00f3n completa para el entretenimiento activo que se refleja en el rendimiento del sitio en comparaci\u00f3n con sus otros parques de trampol\u00edn. El enorme tobog\u00e1n de ca\u00edda con torre de escalada maximiza la altura del edificio y realmente aporta una sensaci\u00f3n de sorpresa al parque. La magn\u00edfica y perfecta uni\u00f3n de la zona de camas el\u00e1sticas con el parque hinchable tambi\u00e9n minimiza las posibilidades de lesiones y facilita mucho la supervisi\u00f3n.<\/p>\n","protected":false},"excerpt":{"rendered":"<p>Red Kanagroo, en Coventry, es sin duda la instalaci\u00f3n emblem\u00e1tica de Airparx en las Midlands (Reino Unido). Todo el espacio de 40.000 pies cuadrados fue dise\u00f1ado e instalado por Airparx, y consta de una zona de trampolines de estilo libre, una zona blanda, un tobog\u00e1n gigante, un parque hinchable, una barredora mec\u00e1nica y camas el\u00e1sticas [&hellip;]<\/p>\n","protected":false},"featured_media":4500,"template":"","meta":{"_acf_changed":false},"product_brand":[],"product_cat":[126,89,85,88,82,125],"product_tag":[],"class_list":{"0":"post-5451","1":"product","2":"type-product","3":"status-publish","4":"has-post-thumbnail","6":"product_cat-carreras-de-obstaculos-ninja","7":"product_cat-entretenimiento-interactivo","8":"product_cat-juegos-de-interior-y-parques-infantiles","9":"product_cat-parques-de-camas-elasticas","10":"product_cat-parques-hinchables","11":"product_cat-retrofit-y-complementos","13":"first","14":"outofstock","15":"shipping-taxable","16":"product-type-simple"},"acf":[],"yoast_head":"<!-- This site is optimized with the Yoast SEO Premium plugin v26.7 (Yoast SEO v27.3) - https:\/\/yoast.com\/product\/yoast-seo-premium-wordpress\/ -->\n<title>Red Kangaroo - Airparx<\/title>\n<meta name=\"robots\" content=\"index, follow, max-snippet:-1, max-image-preview:large, max-video-preview:-1\" \/>\n<link rel=\"canonical\" href=\"https:\/\/airparx.com\/es\/installations\/canguro-rojo\/\" \/>\n<meta property=\"og:locale\" content=\"es_ES\" \/>\n<meta property=\"og:type\" content=\"article\" \/>\n<meta property=\"og:title\" content=\"Red Kangaroo\" \/>\n<meta property=\"og:description\" content=\"Red Kanagroo, en Coventry, es sin duda la instalaci\u00f3n emblem\u00e1tica de Airparx en las Midlands (Reino Unido). Todo el espacio de 40.000 pies cuadrados fue dise\u00f1ado e instalado por Airparx, y consta de una zona de trampolines de estilo libre, una zona blanda, un tobog\u00e1n gigante, un parque hinchable, una barredora mec\u00e1nica y camas el\u00e1sticas [&hellip;]\" \/>\n<meta property=\"og:url\" content=\"https:\/\/airparx.com\/es\/installations\/canguro-rojo\/\" \/>\n<meta property=\"og:site_name\" content=\"Airparx\" \/>\n<meta property=\"article:publisher\" content=\"https:\/\/www.facebook.com\/Airparx\/\" \/>\n<meta property=\"article:modified_time\" content=\"2022-11-18T14:03:10+00:00\" \/>\n<meta property=\"og:image\" content=\"https:\/\/airparx.com\/wp-content\/uploads\/2022\/07\/red-kangaroo-2.jpg\" \/>\n\t<meta property=\"og:image:width\" content=\"1024\" \/>\n\t<meta property=\"og:image:height\" content=\"768\" \/>\n\t<meta property=\"og:image:type\" content=\"image\/jpeg\" \/>\n<meta name=\"twitter:card\" content=\"summary_large_image\" \/>\n<meta name=\"twitter:label1\" content=\"Tiempo de lectura\" \/>\n\t<meta name=\"twitter:data1\" content=\"1 minuto\" \/>\n<script type=\"application\/ld+json\" class=\"yoast-schema-graph\">{\"@context\":\"https:\\\/\\\/schema.org\",\"@graph\":[{\"@type\":\"WebPage\",\"@id\":\"https:\\\/\\\/airparx.com\\\/es\\\/installations\\\/canguro-rojo\\\/\",\"url\":\"https:\\\/\\\/airparx.com\\\/es\\\/installations\\\/canguro-rojo\\\/\",\"name\":\"Red Kangaroo - Airparx\",\"isPartOf\":{\"@id\":\"https:\\\/\\\/airparx.com\\\/es\\\/#website\"},\"primaryImageOfPage\":{\"@id\":\"https:\\\/\\\/airparx.com\\\/es\\\/installations\\\/canguro-rojo\\\/#primaryimage\"},\"image\":{\"@id\":\"https:\\\/\\\/airparx.com\\\/es\\\/installations\\\/canguro-rojo\\\/#primaryimage\"},\"thumbnailUrl\":\"https:\\\/\\\/airparx.com\\\/wp-content\\\/uploads\\\/2022\\\/07\\\/red-kangaroo-2.jpg\",\"datePublished\":\"2021-05-15T10:17:47+00:00\",\"dateModified\":\"2022-11-18T14:03:10+00:00\",\"breadcrumb\":{\"@id\":\"https:\\\/\\\/airparx.com\\\/es\\\/installations\\\/canguro-rojo\\\/#breadcrumb\"},\"inLanguage\":\"es\",\"potentialAction\":[{\"@type\":\"ReadAction\",\"target\":[\"https:\\\/\\\/airparx.com\\\/es\\\/installations\\\/canguro-rojo\\\/\"]}]},{\"@type\":\"ImageObject\",\"inLanguage\":\"es\",\"@id\":\"https:\\\/\\\/airparx.com\\\/es\\\/installations\\\/canguro-rojo\\\/#primaryimage\",\"url\":\"https:\\\/\\\/airparx.com\\\/wp-content\\\/uploads\\\/2022\\\/07\\\/red-kangaroo-2.jpg\",\"contentUrl\":\"https:\\\/\\\/airparx.com\\\/wp-content\\\/uploads\\\/2022\\\/07\\\/red-kangaroo-2.jpg\",\"width\":1024,\"height\":768},{\"@type\":\"BreadcrumbList\",\"@id\":\"https:\\\/\\\/airparx.com\\\/es\\\/installations\\\/canguro-rojo\\\/#breadcrumb\",\"itemListElement\":[{\"@type\":\"ListItem\",\"position\":1,\"name\":\"Home\",\"item\":\"https:\\\/\\\/airparx.com\\\/es\\\/\"},{\"@type\":\"ListItem\",\"position\":2,\"name\":\"Red Kangaroo\"}]},{\"@type\":\"WebSite\",\"@id\":\"https:\\\/\\\/airparx.com\\\/es\\\/#website\",\"url\":\"https:\\\/\\\/airparx.com\\\/es\\\/\",\"name\":\"Airparx\",\"description\":\"Inflatable &amp; Trampoline Park Supplier\",\"publisher\":{\"@id\":\"https:\\\/\\\/airparx.com\\\/es\\\/#organization\"},\"potentialAction\":[{\"@type\":\"SearchAction\",\"target\":{\"@type\":\"EntryPoint\",\"urlTemplate\":\"https:\\\/\\\/airparx.com\\\/es\\\/?s={search_term_string}\"},\"query-input\":{\"@type\":\"PropertyValueSpecification\",\"valueRequired\":true,\"valueName\":\"search_term_string\"}}],\"inLanguage\":\"es\"},{\"@type\":\"Organization\",\"@id\":\"https:\\\/\\\/airparx.com\\\/es\\\/#organization\",\"name\":\"Airparx\",\"url\":\"https:\\\/\\\/airparx.com\\\/es\\\/\",\"logo\":{\"@type\":\"ImageObject\",\"inLanguage\":\"es\",\"@id\":\"https:\\\/\\\/airparx.com\\\/es\\\/#\\\/schema\\\/logo\\\/image\\\/\",\"url\":\"https:\\\/\\\/airparx.com\\\/wp-content\\\/uploads\\\/2022\\\/06\\\/Airparx_Logo.png\",\"contentUrl\":\"https:\\\/\\\/airparx.com\\\/wp-content\\\/uploads\\\/2022\\\/06\\\/Airparx_Logo.png\",\"width\":1127,\"height\":461,\"caption\":\"Airparx\"},\"image\":{\"@id\":\"https:\\\/\\\/airparx.com\\\/es\\\/#\\\/schema\\\/logo\\\/image\\\/\"},\"sameAs\":[\"https:\\\/\\\/www.facebook.com\\\/Airparx\\\/\",\"https:\\\/\\\/www.instagram.com\\\/airparx\\\/\",\"https:\\\/\\\/www.youtube.com\\\/playlist?list=PL2LZnxdxb4eX2paMpuL0QxEvopAtGzyqY\",\"https:\\\/\\\/www.linkedin.com\\\/company\\\/airparx\\\/\"]}]}<\/script>\n<!-- \/ Yoast SEO Premium plugin. -->","yoast_head_json":{"title":"Red Kangaroo - Airparx","robots":{"index":"index","follow":"follow","max-snippet":"max-snippet:-1","max-image-preview":"max-image-preview:large","max-video-preview":"max-video-preview:-1"},"canonical":"https:\/\/airparx.com\/es\/installations\/canguro-rojo\/","og_locale":"es_ES","og_type":"article","og_title":"Red Kangaroo","og_description":"Red Kanagroo, en Coventry, es sin duda la instalaci\u00f3n emblem\u00e1tica de Airparx en las Midlands (Reino Unido). Todo el espacio de 40.000 pies cuadrados fue dise\u00f1ado e instalado por Airparx, y consta de una zona de trampolines de estilo libre, una zona blanda, un tobog\u00e1n gigante, un parque hinchable, una barredora mec\u00e1nica y camas el\u00e1sticas [&hellip;]","og_url":"https:\/\/airparx.com\/es\/installations\/canguro-rojo\/","og_site_name":"Airparx","article_publisher":"https:\/\/www.facebook.com\/Airparx\/","article_modified_time":"2022-11-18T14:03:10+00:00","og_image":[{"width":1024,"height":768,"url":"https:\/\/airparx.com\/wp-content\/uploads\/2022\/07\/red-kangaroo-2.jpg","type":"image\/jpeg"}],"twitter_card":"summary_large_image","twitter_misc":{"Tiempo de lectura":"1 minuto"},"schema":{"@context":"https:\/\/schema.org","@graph":[{"@type":"WebPage","@id":"https:\/\/airparx.com\/es\/installations\/canguro-rojo\/","url":"https:\/\/airparx.com\/es\/installations\/canguro-rojo\/","name":"Red Kangaroo - Airparx","isPartOf":{"@id":"https:\/\/airparx.com\/es\/#website"},"primaryImageOfPage":{"@id":"https:\/\/airparx.com\/es\/installations\/canguro-rojo\/#primaryimage"},"image":{"@id":"https:\/\/airparx.com\/es\/installations\/canguro-rojo\/#primaryimage"},"thumbnailUrl":"https:\/\/airparx.com\/wp-content\/uploads\/2022\/07\/red-kangaroo-2.jpg","datePublished":"2021-05-15T10:17:47+00:00","dateModified":"2022-11-18T14:03:10+00:00","breadcrumb":{"@id":"https:\/\/airparx.com\/es\/installations\/canguro-rojo\/#breadcrumb"},"inLanguage":"es","potentialAction":[{"@type":"ReadAction","target":["https:\/\/airparx.com\/es\/installations\/canguro-rojo\/"]}]},{"@type":"ImageObject","inLanguage":"es","@id":"https:\/\/airparx.com\/es\/installations\/canguro-rojo\/#primaryimage","url":"https:\/\/airparx.com\/wp-content\/uploads\/2022\/07\/red-kangaroo-2.jpg","contentUrl":"https:\/\/airparx.com\/wp-content\/uploads\/2022\/07\/red-kangaroo-2.jpg","width":1024,"height":768},{"@type":"BreadcrumbList","@id":"https:\/\/airparx.com\/es\/installations\/canguro-rojo\/#breadcrumb","itemListElement":[{"@type":"ListItem","position":1,"name":"Home","item":"https:\/\/airparx.com\/es\/"},{"@type":"ListItem","position":2,"name":"Red Kangaroo"}]},{"@type":"WebSite","@id":"https:\/\/airparx.com\/es\/#website","url":"https:\/\/airparx.com\/es\/","name":"Airparx","description":"Inflatable &amp; Trampoline Park Supplier","publisher":{"@id":"https:\/\/airparx.com\/es\/#organization"},"potentialAction":[{"@type":"SearchAction","target":{"@type":"EntryPoint","urlTemplate":"https:\/\/airparx.com\/es\/?s={search_term_string}"},"query-input":{"@type":"PropertyValueSpecification","valueRequired":true,"valueName":"search_term_string"}}],"inLanguage":"es"},{"@type":"Organization","@id":"https:\/\/airparx.com\/es\/#organization","name":"Airparx","url":"https:\/\/airparx.com\/es\/","logo":{"@type":"ImageObject","inLanguage":"es","@id":"https:\/\/airparx.com\/es\/#\/schema\/logo\/image\/","url":"https:\/\/airparx.com\/wp-content\/uploads\/2022\/06\/Airparx_Logo.png","contentUrl":"https:\/\/airparx.com\/wp-content\/uploads\/2022\/06\/Airparx_Logo.png","width":1127,"height":461,"caption":"Airparx"},"image":{"@id":"https:\/\/airparx.com\/es\/#\/schema\/logo\/image\/"},"sameAs":["https:\/\/www.facebook.com\/Airparx\/","https:\/\/www.instagram.com\/airparx\/","https:\/\/www.youtube.com\/playlist?list=PL2LZnxdxb4eX2paMpuL0QxEvopAtGzyqY","https:\/\/www.linkedin.com\/company\/airparx\/"]}]}},"_links":{"self":[{"href":"https:\/\/airparx.com\/es\/wp-json\/wp\/v2\/product\/5451","targetHints":{"allow":["GET"]}}],"collection":[{"href":"https:\/\/airparx.com\/es\/wp-json\/wp\/v2\/product"}],"about":[{"href":"https:\/\/airparx.com\/es\/wp-json\/wp\/v2\/types\/product"}],"wp:featuredmedia":[{"embeddable":true,"href":"https:\/\/airparx.com\/es\/wp-json\/wp\/v2\/media\/4500"}],"wp:attachment":[{"href":"https:\/\/airparx.com\/es\/wp-json\/wp\/v2\/media?parent=5451"}],"wp:term":[{"taxonomy":"product_brand","embeddable":true,"href":"https:\/\/airparx.com\/es\/wp-json\/wp\/v2\/product_brand?post=5451"},{"taxonomy":"product_cat","embeddable":true,"href":"https:\/\/airparx.com\/es\/wp-json\/wp\/v2\/product_cat?post=5451"},{"taxonomy":"product_tag","embeddable":true,"href":"https:\/\/airparx.com\/es\/wp-json\/wp\/v2\/product_tag?post=5451"}],"curies":[{"name":"wp","href":"https:\/\/api.w.org\/{rel}","templated":true}]}}