{"id":9186,"date":"2024-08-14T10:46:39","date_gmt":"2024-08-14T09:46:39","guid":{"rendered":"https:\/\/airparx.com\/?post_type=product&#038;p=9186"},"modified":"2026-02-25T14:49:40","modified_gmt":"2026-02-25T14:49:40","slug":"oxygen-freejumping-copy","status":"publish","type":"product","link":"https:\/\/airparx.com\/es\/installations\/oxygen-freejumping-copy\/","title":{"rendered":"Vertigo Fun Park"},"content":{"rendered":"<p>En 2022, un centro principalmente de ocio infantil contact\u00f3 con Airparx para a\u00f1adir un parque hinchable como reforma de sus instalaciones. Tras un exhaustivo asesoramiento, el enfoque cambi\u00f3 hacia la creaci\u00f3n de un parque hinchable completo.<\/p>\n<p>El equipo de Airparx colabor\u00f3 con el cliente para investigar elementos interactivos nuevos e innovadores adecuados para su p\u00fablico objetivo. Dichos elementos interactivos se seleccionaron y ubicaron estrat\u00e9gicamente por todo el parque para garantizar un aprovechamiento \u00f3ptimo del espacio.<\/p>\n<p>Gracias a la experiencia de Airparx con Xtreme Craze, se aplicaron conocimientos valiosos para agilizar el proyecto desde el dise\u00f1o y la fabricaci\u00f3n hasta la instalaci\u00f3n.<\/p>\n<p>Tras dos a\u00f1os de desarrollo, Vertigo Fun Park, el enorme parque hinchable interior de 895 m\u00b2, abri\u00f3 sus puertas en Georgia (EE. UU.), consolidando el crecimiento de Airparx en el mercado estadounidense.<\/p>\n<p>Vertigo Fun Park cuenta ahora con atracciones hinchables para todas las edades, junto con salones recreativos interactivos e instalaciones de \u00abgellyball\u00bb para los amantes de la aventura.<\/p>\n","protected":false},"excerpt":{"rendered":"<p>En 2022, un centro principalmente de ocio infantil contact\u00f3 con Airparx para a\u00f1adir un parque hinchable como reforma de sus instalaciones. Tras un exhaustivo asesoramiento, el enfoque cambi\u00f3 hacia la creaci\u00f3n de un parque hinchable completo. El equipo de Airparx colabor\u00f3 con el cliente para investigar elementos interactivos nuevos e innovadores adecuados para su p\u00fablico [&hellip;]<\/p>\n","protected":false},"featured_media":9127,"template":"","meta":{"_acf_changed":false},"product_brand":[],"product_cat":[89,85,82],"product_tag":[],"class_list":{"0":"post-9186","1":"product","2":"type-product","3":"status-publish","4":"has-post-thumbnail","6":"product_cat-entretenimiento-interactivo","7":"product_cat-juegos-de-interior-y-parques-infantiles","8":"product_cat-parques-hinchables","10":"first","11":"outofstock","12":"featured","13":"shipping-taxable","14":"product-type-simple"},"acf":[],"yoast_head":"<!-- This site is optimized with the Yoast SEO Premium plugin v26.7 (Yoast SEO v27.3) - https:\/\/yoast.com\/product\/yoast-seo-premium-wordpress\/ -->\n<title>Vertigo Fun Park - Airparx<\/title>\n<meta name=\"description\" content=\"Vertigo Fun Park es una instalaci\u00f3n de Airparx. Aunque se concibi\u00f3 inicialmente como una reforma, el proyecto evolucion\u00f3 hacia un parque hinchable a gran escala.\" \/>\n<meta name=\"robots\" content=\"index, follow, max-snippet:-1, max-image-preview:large, max-video-preview:-1\" \/>\n<link rel=\"canonical\" href=\"https:\/\/airparx.com\/es\/installations\/oxygen-freejumping-copy\/\" \/>\n<meta property=\"og:locale\" content=\"es_ES\" \/>\n<meta property=\"og:type\" content=\"article\" \/>\n<meta property=\"og:title\" content=\"Vertigo Fun Park\" \/>\n<meta property=\"og:description\" content=\"Vertigo Fun Park es una instalaci\u00f3n de Airparx. Aunque se concibi\u00f3 inicialmente como una reforma, el proyecto evolucion\u00f3 hacia un parque hinchable a gran escala.\" \/>\n<meta property=\"og:url\" content=\"https:\/\/airparx.com\/es\/installations\/oxygen-freejumping-copy\/\" \/>\n<meta property=\"og:site_name\" content=\"Airparx\" \/>\n<meta property=\"article:publisher\" content=\"https:\/\/www.facebook.com\/Airparx\/\" \/>\n<meta property=\"article:modified_time\" content=\"2026-02-25T14:49:40+00:00\" \/>\n<meta property=\"og:image\" content=\"https:\/\/airparx.com\/wp-content\/uploads\/2024\/08\/20240516_105921-scaled.jpg\" \/>\n\t<meta property=\"og:image:width\" content=\"2560\" \/>\n\t<meta property=\"og:image:height\" content=\"1920\" \/>\n\t<meta property=\"og:image:type\" content=\"image\/jpeg\" \/>\n<meta name=\"twitter:card\" content=\"summary_large_image\" \/>\n<meta name=\"twitter:label1\" content=\"Tiempo de lectura\" \/>\n\t<meta name=\"twitter:data1\" content=\"1 minuto\" \/>\n<script type=\"application\/ld+json\" class=\"yoast-schema-graph\">{\"@context\":\"https:\\\/\\\/schema.org\",\"@graph\":[{\"@type\":\"WebPage\",\"@id\":\"https:\\\/\\\/airparx.com\\\/es\\\/installations\\\/oxygen-freejumping-copy\\\/\",\"url\":\"https:\\\/\\\/airparx.com\\\/es\\\/installations\\\/oxygen-freejumping-copy\\\/\",\"name\":\"Vertigo Fun Park - Airparx\",\"isPartOf\":{\"@id\":\"https:\\\/\\\/airparx.com\\\/es\\\/#website\"},\"primaryImageOfPage\":{\"@id\":\"https:\\\/\\\/airparx.com\\\/es\\\/installations\\\/oxygen-freejumping-copy\\\/#primaryimage\"},\"image\":{\"@id\":\"https:\\\/\\\/airparx.com\\\/es\\\/installations\\\/oxygen-freejumping-copy\\\/#primaryimage\"},\"thumbnailUrl\":\"https:\\\/\\\/airparx.com\\\/wp-content\\\/uploads\\\/2024\\\/08\\\/20240516_105921-scaled.jpg\",\"datePublished\":\"2024-08-14T09:46:39+00:00\",\"dateModified\":\"2026-02-25T14:49:40+00:00\",\"description\":\"Vertigo Fun Park es una instalaci\u00f3n de Airparx. Aunque se concibi\u00f3 inicialmente como una reforma, el proyecto evolucion\u00f3 hacia un parque hinchable a gran escala.\",\"breadcrumb\":{\"@id\":\"https:\\\/\\\/airparx.com\\\/es\\\/installations\\\/oxygen-freejumping-copy\\\/#breadcrumb\"},\"inLanguage\":\"es\",\"potentialAction\":[{\"@type\":\"ReadAction\",\"target\":[\"https:\\\/\\\/airparx.com\\\/es\\\/installations\\\/oxygen-freejumping-copy\\\/\"]}]},{\"@type\":\"ImageObject\",\"inLanguage\":\"es\",\"@id\":\"https:\\\/\\\/airparx.com\\\/es\\\/installations\\\/oxygen-freejumping-copy\\\/#primaryimage\",\"url\":\"https:\\\/\\\/airparx.com\\\/wp-content\\\/uploads\\\/2024\\\/08\\\/20240516_105921-scaled.jpg\",\"contentUrl\":\"https:\\\/\\\/airparx.com\\\/wp-content\\\/uploads\\\/2024\\\/08\\\/20240516_105921-scaled.jpg\",\"width\":2560,\"height\":1920,\"caption\":\"Vertigo Fun Park - Georgia, US\"},{\"@type\":\"BreadcrumbList\",\"@id\":\"https:\\\/\\\/airparx.com\\\/es\\\/installations\\\/oxygen-freejumping-copy\\\/#breadcrumb\",\"itemListElement\":[{\"@type\":\"ListItem\",\"position\":1,\"name\":\"Home\",\"item\":\"https:\\\/\\\/airparx.com\\\/es\\\/\"},{\"@type\":\"ListItem\",\"position\":2,\"name\":\"Vertigo Fun Park\"}]},{\"@type\":\"WebSite\",\"@id\":\"https:\\\/\\\/airparx.com\\\/es\\\/#website\",\"url\":\"https:\\\/\\\/airparx.com\\\/es\\\/\",\"name\":\"Airparx\",\"description\":\"Inflatable &amp; Trampoline Park Supplier\",\"publisher\":{\"@id\":\"https:\\\/\\\/airparx.com\\\/es\\\/#organization\"},\"potentialAction\":[{\"@type\":\"SearchAction\",\"target\":{\"@type\":\"EntryPoint\",\"urlTemplate\":\"https:\\\/\\\/airparx.com\\\/es\\\/?s={search_term_string}\"},\"query-input\":{\"@type\":\"PropertyValueSpecification\",\"valueRequired\":true,\"valueName\":\"search_term_string\"}}],\"inLanguage\":\"es\"},{\"@type\":\"Organization\",\"@id\":\"https:\\\/\\\/airparx.com\\\/es\\\/#organization\",\"name\":\"Airparx\",\"url\":\"https:\\\/\\\/airparx.com\\\/es\\\/\",\"logo\":{\"@type\":\"ImageObject\",\"inLanguage\":\"es\",\"@id\":\"https:\\\/\\\/airparx.com\\\/es\\\/#\\\/schema\\\/logo\\\/image\\\/\",\"url\":\"https:\\\/\\\/airparx.com\\\/wp-content\\\/uploads\\\/2022\\\/06\\\/Airparx_Logo.png\",\"contentUrl\":\"https:\\\/\\\/airparx.com\\\/wp-content\\\/uploads\\\/2022\\\/06\\\/Airparx_Logo.png\",\"width\":1127,\"height\":461,\"caption\":\"Airparx\"},\"image\":{\"@id\":\"https:\\\/\\\/airparx.com\\\/es\\\/#\\\/schema\\\/logo\\\/image\\\/\"},\"sameAs\":[\"https:\\\/\\\/www.facebook.com\\\/Airparx\\\/\",\"https:\\\/\\\/www.instagram.com\\\/airparx\\\/\",\"https:\\\/\\\/www.youtube.com\\\/playlist?list=PL2LZnxdxb4eX2paMpuL0QxEvopAtGzyqY\",\"https:\\\/\\\/www.linkedin.com\\\/company\\\/airparx\\\/\"]}]}<\/script>\n<!-- \/ Yoast SEO Premium plugin. -->","yoast_head_json":{"title":"Vertigo Fun Park - Airparx","description":"Vertigo Fun Park es una instalaci\u00f3n de Airparx. Aunque se concibi\u00f3 inicialmente como una reforma, el proyecto evolucion\u00f3 hacia un parque hinchable a gran escala.","robots":{"index":"index","follow":"follow","max-snippet":"max-snippet:-1","max-image-preview":"max-image-preview:large","max-video-preview":"max-video-preview:-1"},"canonical":"https:\/\/airparx.com\/es\/installations\/oxygen-freejumping-copy\/","og_locale":"es_ES","og_type":"article","og_title":"Vertigo Fun Park","og_description":"Vertigo Fun Park es una instalaci\u00f3n de Airparx. Aunque se concibi\u00f3 inicialmente como una reforma, el proyecto evolucion\u00f3 hacia un parque hinchable a gran escala.","og_url":"https:\/\/airparx.com\/es\/installations\/oxygen-freejumping-copy\/","og_site_name":"Airparx","article_publisher":"https:\/\/www.facebook.com\/Airparx\/","article_modified_time":"2026-02-25T14:49:40+00:00","og_image":[{"width":2560,"height":1920,"url":"https:\/\/airparx.com\/wp-content\/uploads\/2024\/08\/20240516_105921-scaled.jpg","type":"image\/jpeg"}],"twitter_card":"summary_large_image","twitter_misc":{"Tiempo de lectura":"1 minuto"},"schema":{"@context":"https:\/\/schema.org","@graph":[{"@type":"WebPage","@id":"https:\/\/airparx.com\/es\/installations\/oxygen-freejumping-copy\/","url":"https:\/\/airparx.com\/es\/installations\/oxygen-freejumping-copy\/","name":"Vertigo Fun Park - Airparx","isPartOf":{"@id":"https:\/\/airparx.com\/es\/#website"},"primaryImageOfPage":{"@id":"https:\/\/airparx.com\/es\/installations\/oxygen-freejumping-copy\/#primaryimage"},"image":{"@id":"https:\/\/airparx.com\/es\/installations\/oxygen-freejumping-copy\/#primaryimage"},"thumbnailUrl":"https:\/\/airparx.com\/wp-content\/uploads\/2024\/08\/20240516_105921-scaled.jpg","datePublished":"2024-08-14T09:46:39+00:00","dateModified":"2026-02-25T14:49:40+00:00","description":"Vertigo Fun Park es una instalaci\u00f3n de Airparx. Aunque se concibi\u00f3 inicialmente como una reforma, el proyecto evolucion\u00f3 hacia un parque hinchable a gran escala.","breadcrumb":{"@id":"https:\/\/airparx.com\/es\/installations\/oxygen-freejumping-copy\/#breadcrumb"},"inLanguage":"es","potentialAction":[{"@type":"ReadAction","target":["https:\/\/airparx.com\/es\/installations\/oxygen-freejumping-copy\/"]}]},{"@type":"ImageObject","inLanguage":"es","@id":"https:\/\/airparx.com\/es\/installations\/oxygen-freejumping-copy\/#primaryimage","url":"https:\/\/airparx.com\/wp-content\/uploads\/2024\/08\/20240516_105921-scaled.jpg","contentUrl":"https:\/\/airparx.com\/wp-content\/uploads\/2024\/08\/20240516_105921-scaled.jpg","width":2560,"height":1920,"caption":"Vertigo Fun Park - Georgia, US"},{"@type":"BreadcrumbList","@id":"https:\/\/airparx.com\/es\/installations\/oxygen-freejumping-copy\/#breadcrumb","itemListElement":[{"@type":"ListItem","position":1,"name":"Home","item":"https:\/\/airparx.com\/es\/"},{"@type":"ListItem","position":2,"name":"Vertigo Fun Park"}]},{"@type":"WebSite","@id":"https:\/\/airparx.com\/es\/#website","url":"https:\/\/airparx.com\/es\/","name":"Airparx","description":"Inflatable &amp; Trampoline Park Supplier","publisher":{"@id":"https:\/\/airparx.com\/es\/#organization"},"potentialAction":[{"@type":"SearchAction","target":{"@type":"EntryPoint","urlTemplate":"https:\/\/airparx.com\/es\/?s={search_term_string}"},"query-input":{"@type":"PropertyValueSpecification","valueRequired":true,"valueName":"search_term_string"}}],"inLanguage":"es"},{"@type":"Organization","@id":"https:\/\/airparx.com\/es\/#organization","name":"Airparx","url":"https:\/\/airparx.com\/es\/","logo":{"@type":"ImageObject","inLanguage":"es","@id":"https:\/\/airparx.com\/es\/#\/schema\/logo\/image\/","url":"https:\/\/airparx.com\/wp-content\/uploads\/2022\/06\/Airparx_Logo.png","contentUrl":"https:\/\/airparx.com\/wp-content\/uploads\/2022\/06\/Airparx_Logo.png","width":1127,"height":461,"caption":"Airparx"},"image":{"@id":"https:\/\/airparx.com\/es\/#\/schema\/logo\/image\/"},"sameAs":["https:\/\/www.facebook.com\/Airparx\/","https:\/\/www.instagram.com\/airparx\/","https:\/\/www.youtube.com\/playlist?list=PL2LZnxdxb4eX2paMpuL0QxEvopAtGzyqY","https:\/\/www.linkedin.com\/company\/airparx\/"]}]}},"_links":{"self":[{"href":"https:\/\/airparx.com\/es\/wp-json\/wp\/v2\/product\/9186","targetHints":{"allow":["GET"]}}],"collection":[{"href":"https:\/\/airparx.com\/es\/wp-json\/wp\/v2\/product"}],"about":[{"href":"https:\/\/airparx.com\/es\/wp-json\/wp\/v2\/types\/product"}],"wp:featuredmedia":[{"embeddable":true,"href":"https:\/\/airparx.com\/es\/wp-json\/wp\/v2\/media\/9127"}],"wp:attachment":[{"href":"https:\/\/airparx.com\/es\/wp-json\/wp\/v2\/media?parent=9186"}],"wp:term":[{"taxonomy":"product_brand","embeddable":true,"href":"https:\/\/airparx.com\/es\/wp-json\/wp\/v2\/product_brand?post=9186"},{"taxonomy":"product_cat","embeddable":true,"href":"https:\/\/airparx.com\/es\/wp-json\/wp\/v2\/product_cat?post=9186"},{"taxonomy":"product_tag","embeddable":true,"href":"https:\/\/airparx.com\/es\/wp-json\/wp\/v2\/product_tag?post=9186"}],"curies":[{"name":"wp","href":"https:\/\/api.w.org\/{rel}","templated":true}]}}