{"id":9207,"date":"2024-08-14T11:14:59","date_gmt":"2024-08-14T10:14:59","guid":{"rendered":"https:\/\/airparx.com\/?post_type=product&#038;p=9207"},"modified":"2026-02-25T14:48:46","modified_gmt":"2026-02-25T14:48:46","slug":"oxygen-freejumping-copy-copy","status":"publish","type":"product","link":"https:\/\/airparx.com\/es\/installations\/oxygen-freejumping-copy-copy\/","title":{"rendered":"HUPAL\u00daPA"},"content":{"rendered":"<p>Desde 2021, Airparx ha trabajado con HUPALUPA para proporcionar una soluci\u00f3n modular de mini parque a\u00e9reo exterior para su HUPALUPA GO Festival, una versi\u00f3n m\u00f3vil de su oferta actual.<\/p>\n<p>Adem\u00e1s de fabricar e instalar este parque modular, Airparx se encarg\u00f3 de dise\u00f1ar un dise\u00f1o gr\u00e1fico brillante y vibrante que representara la marca HUPALUPA.<\/p>\n<p>El enfoque principal de Airparx fue ampliar los l\u00edmites de lo posible y perfeccionar las medidas de tama\u00f1os, tama\u00f1os de embalaje, dimensiones y peso, todo para uso m\u00f3vil.<\/p>\n<p>Se adopt\u00f3 un enfoque colaborativo con HUPALUPA, ya que los dise\u00f1adores de Airparx deb\u00edan asegurarse de que todos los desaf\u00edos se discutieran para cumplir los requisitos operativos.<\/p>\n<p>La clave era ofrecer una variedad de atracciones diferentes que atrajera al grupo demogr\u00e1fico del festival. El tiempo de permanencia y la experiencia en las unidades se dise\u00f1aron cuidadosamente para garantizar que los usuarios est\u00e9n el tiempo suficiente para disfrutar y lo bastante corto para mantener la motivaci\u00f3n de volver.<\/p>\n<p>El concepto m\u00f3vil para festivales se volvi\u00f3 tan popular entre 2021 y 2022 que incluy\u00f3 5 festivales individuales. A medida que aument\u00f3 la demanda, tambi\u00e9n lo hicieron las expectativas. Airparx cre\u00f3 una segunda unidad en 2024 para satisfacer la demanda de una oferta fant\u00e1stica.<\/p>\n","protected":false},"excerpt":{"rendered":"<p>Desde 2021, Airparx ha trabajado con HUPALUPA para proporcionar una soluci\u00f3n modular de mini parque a\u00e9reo exterior para su HUPALUPA GO Festival, una versi\u00f3n m\u00f3vil de su oferta actual. Adem\u00e1s de fabricar e instalar este parque modular, Airparx se encarg\u00f3 de dise\u00f1ar un dise\u00f1o gr\u00e1fico brillante y vibrante que representara la marca HUPALUPA. El enfoque [&hellip;]<\/p>\n","protected":false},"featured_media":9055,"template":"","meta":{"_acf_changed":false},"product_brand":[],"product_cat":[82,162],"product_tag":[],"class_list":{"0":"post-9207","1":"product","2":"type-product","3":"status-publish","4":"has-post-thumbnail","6":"product_cat-parques-hinchables","7":"product_cat-parques-modulares","9":"first","10":"outofstock","11":"featured","12":"shipping-taxable","13":"product-type-simple"},"acf":[],"yoast_head":"<!-- This site is optimized with the Yoast SEO Premium plugin v26.7 (Yoast SEO v27.3) - https:\/\/yoast.com\/product\/yoast-seo-premium-wordpress\/ -->\n<title>HUPAL\u00daPA - Airparx<\/title>\n<meta name=\"description\" content=\"HUPALupa es una instalaci\u00f3n de Airparx.\" \/>\n<meta name=\"robots\" content=\"index, follow, max-snippet:-1, max-image-preview:large, max-video-preview:-1\" \/>\n<link rel=\"canonical\" href=\"https:\/\/airparx.com\/es\/installations\/oxygen-freejumping-copy-copy\/\" \/>\n<meta property=\"og:locale\" content=\"es_ES\" \/>\n<meta property=\"og:type\" content=\"article\" \/>\n<meta property=\"og:title\" content=\"HUPAL\u00daPA\" \/>\n<meta property=\"og:description\" content=\"HUPALupa es una instalaci\u00f3n de Airparx.\" \/>\n<meta property=\"og:url\" content=\"https:\/\/airparx.com\/es\/installations\/oxygen-freejumping-copy-copy\/\" \/>\n<meta property=\"og:site_name\" content=\"Airparx\" \/>\n<meta property=\"article:publisher\" content=\"https:\/\/www.facebook.com\/Airparx\/\" \/>\n<meta property=\"article:modified_time\" content=\"2026-02-25T14:48:46+00:00\" \/>\n<meta property=\"og:image\" content=\"https:\/\/airparx.com\/wp-content\/uploads\/2024\/08\/event_hupalupa_banner.webp\" \/>\n\t<meta property=\"og:image:width\" content=\"1920\" \/>\n\t<meta property=\"og:image:height\" content=\"600\" \/>\n\t<meta property=\"og:image:type\" content=\"image\/webp\" \/>\n<meta name=\"twitter:card\" content=\"summary_large_image\" \/>\n<meta name=\"twitter:label1\" content=\"Tiempo de lectura\" \/>\n\t<meta name=\"twitter:data1\" content=\"1 minuto\" \/>\n<script type=\"application\/ld+json\" class=\"yoast-schema-graph\">{\"@context\":\"https:\\\/\\\/schema.org\",\"@graph\":[{\"@type\":\"WebPage\",\"@id\":\"https:\\\/\\\/airparx.com\\\/es\\\/installations\\\/oxygen-freejumping-copy-copy\\\/\",\"url\":\"https:\\\/\\\/airparx.com\\\/es\\\/installations\\\/oxygen-freejumping-copy-copy\\\/\",\"name\":\"HUPAL\u00daPA - Airparx\",\"isPartOf\":{\"@id\":\"https:\\\/\\\/airparx.com\\\/es\\\/#website\"},\"primaryImageOfPage\":{\"@id\":\"https:\\\/\\\/airparx.com\\\/es\\\/installations\\\/oxygen-freejumping-copy-copy\\\/#primaryimage\"},\"image\":{\"@id\":\"https:\\\/\\\/airparx.com\\\/es\\\/installations\\\/oxygen-freejumping-copy-copy\\\/#primaryimage\"},\"thumbnailUrl\":\"https:\\\/\\\/airparx.com\\\/wp-content\\\/uploads\\\/2024\\\/08\\\/event_hupalupa_banner.webp\",\"datePublished\":\"2024-08-14T10:14:59+00:00\",\"dateModified\":\"2026-02-25T14:48:46+00:00\",\"description\":\"HUPALupa es una instalaci\u00f3n de Airparx.\",\"breadcrumb\":{\"@id\":\"https:\\\/\\\/airparx.com\\\/es\\\/installations\\\/oxygen-freejumping-copy-copy\\\/#breadcrumb\"},\"inLanguage\":\"es\",\"potentialAction\":[{\"@type\":\"ReadAction\",\"target\":[\"https:\\\/\\\/airparx.com\\\/es\\\/installations\\\/oxygen-freejumping-copy-copy\\\/\"]}]},{\"@type\":\"ImageObject\",\"inLanguage\":\"es\",\"@id\":\"https:\\\/\\\/airparx.com\\\/es\\\/installations\\\/oxygen-freejumping-copy-copy\\\/#primaryimage\",\"url\":\"https:\\\/\\\/airparx.com\\\/wp-content\\\/uploads\\\/2024\\\/08\\\/event_hupalupa_banner.webp\",\"contentUrl\":\"https:\\\/\\\/airparx.com\\\/wp-content\\\/uploads\\\/2024\\\/08\\\/event_hupalupa_banner.webp\",\"width\":1920,\"height\":600,\"caption\":\"HUPALUPA - Turkey\"},{\"@type\":\"BreadcrumbList\",\"@id\":\"https:\\\/\\\/airparx.com\\\/es\\\/installations\\\/oxygen-freejumping-copy-copy\\\/#breadcrumb\",\"itemListElement\":[{\"@type\":\"ListItem\",\"position\":1,\"name\":\"Home\",\"item\":\"https:\\\/\\\/airparx.com\\\/es\\\/\"},{\"@type\":\"ListItem\",\"position\":2,\"name\":\"HUPAL\u00daPA\"}]},{\"@type\":\"WebSite\",\"@id\":\"https:\\\/\\\/airparx.com\\\/es\\\/#website\",\"url\":\"https:\\\/\\\/airparx.com\\\/es\\\/\",\"name\":\"Airparx\",\"description\":\"Inflatable &amp; Trampoline Park Supplier\",\"publisher\":{\"@id\":\"https:\\\/\\\/airparx.com\\\/es\\\/#organization\"},\"potentialAction\":[{\"@type\":\"SearchAction\",\"target\":{\"@type\":\"EntryPoint\",\"urlTemplate\":\"https:\\\/\\\/airparx.com\\\/es\\\/?s={search_term_string}\"},\"query-input\":{\"@type\":\"PropertyValueSpecification\",\"valueRequired\":true,\"valueName\":\"search_term_string\"}}],\"inLanguage\":\"es\"},{\"@type\":\"Organization\",\"@id\":\"https:\\\/\\\/airparx.com\\\/es\\\/#organization\",\"name\":\"Airparx\",\"url\":\"https:\\\/\\\/airparx.com\\\/es\\\/\",\"logo\":{\"@type\":\"ImageObject\",\"inLanguage\":\"es\",\"@id\":\"https:\\\/\\\/airparx.com\\\/es\\\/#\\\/schema\\\/logo\\\/image\\\/\",\"url\":\"https:\\\/\\\/airparx.com\\\/wp-content\\\/uploads\\\/2022\\\/06\\\/Airparx_Logo.png\",\"contentUrl\":\"https:\\\/\\\/airparx.com\\\/wp-content\\\/uploads\\\/2022\\\/06\\\/Airparx_Logo.png\",\"width\":1127,\"height\":461,\"caption\":\"Airparx\"},\"image\":{\"@id\":\"https:\\\/\\\/airparx.com\\\/es\\\/#\\\/schema\\\/logo\\\/image\\\/\"},\"sameAs\":[\"https:\\\/\\\/www.facebook.com\\\/Airparx\\\/\",\"https:\\\/\\\/www.instagram.com\\\/airparx\\\/\",\"https:\\\/\\\/www.youtube.com\\\/playlist?list=PL2LZnxdxb4eX2paMpuL0QxEvopAtGzyqY\",\"https:\\\/\\\/www.linkedin.com\\\/company\\\/airparx\\\/\"]}]}<\/script>\n<!-- \/ Yoast SEO Premium plugin. -->","yoast_head_json":{"title":"HUPAL\u00daPA - Airparx","description":"HUPALupa es una instalaci\u00f3n de Airparx.","robots":{"index":"index","follow":"follow","max-snippet":"max-snippet:-1","max-image-preview":"max-image-preview:large","max-video-preview":"max-video-preview:-1"},"canonical":"https:\/\/airparx.com\/es\/installations\/oxygen-freejumping-copy-copy\/","og_locale":"es_ES","og_type":"article","og_title":"HUPAL\u00daPA","og_description":"HUPALupa es una instalaci\u00f3n de Airparx.","og_url":"https:\/\/airparx.com\/es\/installations\/oxygen-freejumping-copy-copy\/","og_site_name":"Airparx","article_publisher":"https:\/\/www.facebook.com\/Airparx\/","article_modified_time":"2026-02-25T14:48:46+00:00","og_image":[{"width":1920,"height":600,"url":"https:\/\/airparx.com\/wp-content\/uploads\/2024\/08\/event_hupalupa_banner.webp","type":"image\/webp"}],"twitter_card":"summary_large_image","twitter_misc":{"Tiempo de lectura":"1 minuto"},"schema":{"@context":"https:\/\/schema.org","@graph":[{"@type":"WebPage","@id":"https:\/\/airparx.com\/es\/installations\/oxygen-freejumping-copy-copy\/","url":"https:\/\/airparx.com\/es\/installations\/oxygen-freejumping-copy-copy\/","name":"HUPAL\u00daPA - Airparx","isPartOf":{"@id":"https:\/\/airparx.com\/es\/#website"},"primaryImageOfPage":{"@id":"https:\/\/airparx.com\/es\/installations\/oxygen-freejumping-copy-copy\/#primaryimage"},"image":{"@id":"https:\/\/airparx.com\/es\/installations\/oxygen-freejumping-copy-copy\/#primaryimage"},"thumbnailUrl":"https:\/\/airparx.com\/wp-content\/uploads\/2024\/08\/event_hupalupa_banner.webp","datePublished":"2024-08-14T10:14:59+00:00","dateModified":"2026-02-25T14:48:46+00:00","description":"HUPALupa es una instalaci\u00f3n de Airparx.","breadcrumb":{"@id":"https:\/\/airparx.com\/es\/installations\/oxygen-freejumping-copy-copy\/#breadcrumb"},"inLanguage":"es","potentialAction":[{"@type":"ReadAction","target":["https:\/\/airparx.com\/es\/installations\/oxygen-freejumping-copy-copy\/"]}]},{"@type":"ImageObject","inLanguage":"es","@id":"https:\/\/airparx.com\/es\/installations\/oxygen-freejumping-copy-copy\/#primaryimage","url":"https:\/\/airparx.com\/wp-content\/uploads\/2024\/08\/event_hupalupa_banner.webp","contentUrl":"https:\/\/airparx.com\/wp-content\/uploads\/2024\/08\/event_hupalupa_banner.webp","width":1920,"height":600,"caption":"HUPALUPA - Turkey"},{"@type":"BreadcrumbList","@id":"https:\/\/airparx.com\/es\/installations\/oxygen-freejumping-copy-copy\/#breadcrumb","itemListElement":[{"@type":"ListItem","position":1,"name":"Home","item":"https:\/\/airparx.com\/es\/"},{"@type":"ListItem","position":2,"name":"HUPAL\u00daPA"}]},{"@type":"WebSite","@id":"https:\/\/airparx.com\/es\/#website","url":"https:\/\/airparx.com\/es\/","name":"Airparx","description":"Inflatable &amp; Trampoline Park Supplier","publisher":{"@id":"https:\/\/airparx.com\/es\/#organization"},"potentialAction":[{"@type":"SearchAction","target":{"@type":"EntryPoint","urlTemplate":"https:\/\/airparx.com\/es\/?s={search_term_string}"},"query-input":{"@type":"PropertyValueSpecification","valueRequired":true,"valueName":"search_term_string"}}],"inLanguage":"es"},{"@type":"Organization","@id":"https:\/\/airparx.com\/es\/#organization","name":"Airparx","url":"https:\/\/airparx.com\/es\/","logo":{"@type":"ImageObject","inLanguage":"es","@id":"https:\/\/airparx.com\/es\/#\/schema\/logo\/image\/","url":"https:\/\/airparx.com\/wp-content\/uploads\/2022\/06\/Airparx_Logo.png","contentUrl":"https:\/\/airparx.com\/wp-content\/uploads\/2022\/06\/Airparx_Logo.png","width":1127,"height":461,"caption":"Airparx"},"image":{"@id":"https:\/\/airparx.com\/es\/#\/schema\/logo\/image\/"},"sameAs":["https:\/\/www.facebook.com\/Airparx\/","https:\/\/www.instagram.com\/airparx\/","https:\/\/www.youtube.com\/playlist?list=PL2LZnxdxb4eX2paMpuL0QxEvopAtGzyqY","https:\/\/www.linkedin.com\/company\/airparx\/"]}]}},"_links":{"self":[{"href":"https:\/\/airparx.com\/es\/wp-json\/wp\/v2\/product\/9207","targetHints":{"allow":["GET"]}}],"collection":[{"href":"https:\/\/airparx.com\/es\/wp-json\/wp\/v2\/product"}],"about":[{"href":"https:\/\/airparx.com\/es\/wp-json\/wp\/v2\/types\/product"}],"wp:featuredmedia":[{"embeddable":true,"href":"https:\/\/airparx.com\/es\/wp-json\/wp\/v2\/media\/9055"}],"wp:attachment":[{"href":"https:\/\/airparx.com\/es\/wp-json\/wp\/v2\/media?parent=9207"}],"wp:term":[{"taxonomy":"product_brand","embeddable":true,"href":"https:\/\/airparx.com\/es\/wp-json\/wp\/v2\/product_brand?post=9207"},{"taxonomy":"product_cat","embeddable":true,"href":"https:\/\/airparx.com\/es\/wp-json\/wp\/v2\/product_cat?post=9207"},{"taxonomy":"product_tag","embeddable":true,"href":"https:\/\/airparx.com\/es\/wp-json\/wp\/v2\/product_tag?post=9207"}],"curies":[{"name":"wp","href":"https:\/\/api.w.org\/{rel}","templated":true}]}}