{"id":9514,"date":"2024-09-09T14:18:04","date_gmt":"2024-09-09T13:18:04","guid":{"rendered":"https:\/\/airparx.com\/?post_type=product&#038;p=9514"},"modified":"2026-02-25T14:47:56","modified_gmt":"2026-02-25T14:47:56","slug":"oxygen-freejumping-copy-copy-copy-copy","status":"publish","type":"product","link":"https:\/\/airparx.com\/es\/installations\/oxygen-freejumping-copy-copy-copy-copy\/","title":{"rendered":"Jump In &#8211; Camberley"},"content":{"rendered":"<p>En abril de 2024, Jump In Camberley contact\u00f3 con Airparx para dise\u00f1ar un parque de trampolines que incorporase nuestras atracciones m\u00e1s recientes para parques hinchables.<\/p>\n<p>Al tratarse de un centro ya existente que requer\u00eda una renovaci\u00f3n y mejora, el objetivo estaba claro. Dise\u00f1amos un parque hinchable de alta calidad que optimizaba mejor el espacio, aumentando as\u00ed su capacidad y actualizando toda la imagen visual para alinearla con su marca.<\/p>\n<p>Gracias a una planificaci\u00f3n meticulosa, el equipo de Airparx llev\u00f3 a cabo una instalaci\u00f3n impecable. En solo un d\u00eda completamos desde el desmontaje hasta la instalaci\u00f3n final, permitiendo que el parque abriera a tiempo para la temporada alta de verano, seg\u00fan lo previsto.<\/p>\n<p>Jump In Adventure Park en Camberley abri\u00f3 en julio de 2024 y ofrece diversi\u00f3n para toda la familia. Este parque de trampolines incluye ahora m\u00faltiples atracciones como camas el\u00e1sticas de pared a pared, airbags gigantes, vigas de batalla, wipeout, pistas de salto, toboganes extremos y, por supuesto, hinchables.<\/p>\n","protected":false},"excerpt":{"rendered":"<p>En abril de 2024, Jump In Camberley contact\u00f3 con Airparx para dise\u00f1ar un parque de trampolines que incorporase nuestras atracciones m\u00e1s recientes para parques hinchables. Al tratarse de un centro ya existente que requer\u00eda una renovaci\u00f3n y mejora, el objetivo estaba claro. Dise\u00f1amos un parque hinchable de alta calidad que optimizaba mejor el espacio, aumentando [&hellip;]<\/p>\n","protected":false},"featured_media":9462,"template":"","meta":{"_acf_changed":false},"product_brand":[],"product_cat":[88,82],"product_tag":[],"class_list":{"0":"post-9514","1":"product","2":"type-product","3":"status-publish","4":"has-post-thumbnail","6":"product_cat-parques-de-camas-elasticas","7":"product_cat-parques-hinchables","9":"first","10":"outofstock","11":"featured","12":"shipping-taxable","13":"product-type-simple"},"acf":[],"yoast_head":"<!-- This site is optimized with the Yoast SEO Premium plugin v26.7 (Yoast SEO v27.3) - https:\/\/yoast.com\/product\/yoast-seo-premium-wordpress\/ -->\n<title>Jump In - Camberley - Airparx<\/title>\n<meta name=\"description\" content=\"En abril de 2024, Jump In Camberley se puso en contacto con Airparx para dise\u00f1ar un parque de camas el\u00e1sticas que incorporara nuestras atracciones m\u00e1s novedosas en parques hinchables.\" \/>\n<meta name=\"robots\" content=\"index, follow, max-snippet:-1, max-image-preview:large, max-video-preview:-1\" \/>\n<link rel=\"canonical\" href=\"https:\/\/airparx.com\/es\/installations\/oxygen-freejumping-copy-copy-copy-copy\/\" \/>\n<meta property=\"og:locale\" content=\"es_ES\" \/>\n<meta property=\"og:type\" content=\"article\" \/>\n<meta property=\"og:title\" content=\"Jump In - Camberley\" \/>\n<meta property=\"og:description\" content=\"En abril de 2024, Jump In Camberley se puso en contacto con Airparx para dise\u00f1ar un parque de camas el\u00e1sticas que incorporara nuestras atracciones m\u00e1s novedosas en parques hinchables.\" \/>\n<meta property=\"og:url\" content=\"https:\/\/airparx.com\/es\/installations\/oxygen-freejumping-copy-copy-copy-copy\/\" \/>\n<meta property=\"og:site_name\" content=\"Airparx\" \/>\n<meta property=\"article:publisher\" content=\"https:\/\/www.facebook.com\/Airparx\/\" \/>\n<meta property=\"article:modified_time\" content=\"2026-02-25T14:47:56+00:00\" \/>\n<meta property=\"og:image\" content=\"https:\/\/airparx.com\/wp-content\/uploads\/2024\/09\/22.jpg\" \/>\n\t<meta property=\"og:image:width\" content=\"1366\" \/>\n\t<meta property=\"og:image:height\" content=\"768\" \/>\n\t<meta property=\"og:image:type\" content=\"image\/jpeg\" \/>\n<meta name=\"twitter:card\" content=\"summary_large_image\" \/>\n<meta name=\"twitter:label1\" content=\"Tiempo de lectura\" \/>\n\t<meta name=\"twitter:data1\" content=\"1 minuto\" \/>\n<script type=\"application\/ld+json\" class=\"yoast-schema-graph\">{\"@context\":\"https:\\\/\\\/schema.org\",\"@graph\":[{\"@type\":\"WebPage\",\"@id\":\"https:\\\/\\\/airparx.com\\\/es\\\/installations\\\/oxygen-freejumping-copy-copy-copy-copy\\\/\",\"url\":\"https:\\\/\\\/airparx.com\\\/es\\\/installations\\\/oxygen-freejumping-copy-copy-copy-copy\\\/\",\"name\":\"Jump In - Camberley - Airparx\",\"isPartOf\":{\"@id\":\"https:\\\/\\\/airparx.com\\\/es\\\/#website\"},\"primaryImageOfPage\":{\"@id\":\"https:\\\/\\\/airparx.com\\\/es\\\/installations\\\/oxygen-freejumping-copy-copy-copy-copy\\\/#primaryimage\"},\"image\":{\"@id\":\"https:\\\/\\\/airparx.com\\\/es\\\/installations\\\/oxygen-freejumping-copy-copy-copy-copy\\\/#primaryimage\"},\"thumbnailUrl\":\"https:\\\/\\\/airparx.com\\\/wp-content\\\/uploads\\\/2024\\\/09\\\/22.jpg\",\"datePublished\":\"2024-09-09T13:18:04+00:00\",\"dateModified\":\"2026-02-25T14:47:56+00:00\",\"description\":\"En abril de 2024, Jump In Camberley se puso en contacto con Airparx para dise\u00f1ar un parque de camas el\u00e1sticas que incorporara nuestras atracciones m\u00e1s novedosas en parques hinchables.\",\"breadcrumb\":{\"@id\":\"https:\\\/\\\/airparx.com\\\/es\\\/installations\\\/oxygen-freejumping-copy-copy-copy-copy\\\/#breadcrumb\"},\"inLanguage\":\"es\",\"potentialAction\":[{\"@type\":\"ReadAction\",\"target\":[\"https:\\\/\\\/airparx.com\\\/es\\\/installations\\\/oxygen-freejumping-copy-copy-copy-copy\\\/\"]}]},{\"@type\":\"ImageObject\",\"inLanguage\":\"es\",\"@id\":\"https:\\\/\\\/airparx.com\\\/es\\\/installations\\\/oxygen-freejumping-copy-copy-copy-copy\\\/#primaryimage\",\"url\":\"https:\\\/\\\/airparx.com\\\/wp-content\\\/uploads\\\/2024\\\/09\\\/22.jpg\",\"contentUrl\":\"https:\\\/\\\/airparx.com\\\/wp-content\\\/uploads\\\/2024\\\/09\\\/22.jpg\",\"width\":1366,\"height\":768,\"caption\":\"Jump In by Air Hop - Camberley\"},{\"@type\":\"BreadcrumbList\",\"@id\":\"https:\\\/\\\/airparx.com\\\/es\\\/installations\\\/oxygen-freejumping-copy-copy-copy-copy\\\/#breadcrumb\",\"itemListElement\":[{\"@type\":\"ListItem\",\"position\":1,\"name\":\"Home\",\"item\":\"https:\\\/\\\/airparx.com\\\/es\\\/\"},{\"@type\":\"ListItem\",\"position\":2,\"name\":\"Jump In &#8211; Camberley\"}]},{\"@type\":\"WebSite\",\"@id\":\"https:\\\/\\\/airparx.com\\\/es\\\/#website\",\"url\":\"https:\\\/\\\/airparx.com\\\/es\\\/\",\"name\":\"Airparx\",\"description\":\"Inflatable &amp; Trampoline Park Supplier\",\"publisher\":{\"@id\":\"https:\\\/\\\/airparx.com\\\/es\\\/#organization\"},\"potentialAction\":[{\"@type\":\"SearchAction\",\"target\":{\"@type\":\"EntryPoint\",\"urlTemplate\":\"https:\\\/\\\/airparx.com\\\/es\\\/?s={search_term_string}\"},\"query-input\":{\"@type\":\"PropertyValueSpecification\",\"valueRequired\":true,\"valueName\":\"search_term_string\"}}],\"inLanguage\":\"es\"},{\"@type\":\"Organization\",\"@id\":\"https:\\\/\\\/airparx.com\\\/es\\\/#organization\",\"name\":\"Airparx\",\"url\":\"https:\\\/\\\/airparx.com\\\/es\\\/\",\"logo\":{\"@type\":\"ImageObject\",\"inLanguage\":\"es\",\"@id\":\"https:\\\/\\\/airparx.com\\\/es\\\/#\\\/schema\\\/logo\\\/image\\\/\",\"url\":\"https:\\\/\\\/airparx.com\\\/wp-content\\\/uploads\\\/2022\\\/06\\\/Airparx_Logo.png\",\"contentUrl\":\"https:\\\/\\\/airparx.com\\\/wp-content\\\/uploads\\\/2022\\\/06\\\/Airparx_Logo.png\",\"width\":1127,\"height\":461,\"caption\":\"Airparx\"},\"image\":{\"@id\":\"https:\\\/\\\/airparx.com\\\/es\\\/#\\\/schema\\\/logo\\\/image\\\/\"},\"sameAs\":[\"https:\\\/\\\/www.facebook.com\\\/Airparx\\\/\",\"https:\\\/\\\/www.instagram.com\\\/airparx\\\/\",\"https:\\\/\\\/www.youtube.com\\\/playlist?list=PL2LZnxdxb4eX2paMpuL0QxEvopAtGzyqY\",\"https:\\\/\\\/www.linkedin.com\\\/company\\\/airparx\\\/\"]}]}<\/script>\n<!-- \/ Yoast SEO Premium plugin. -->","yoast_head_json":{"title":"Jump In - Camberley - Airparx","description":"En abril de 2024, Jump In Camberley se puso en contacto con Airparx para dise\u00f1ar un parque de camas el\u00e1sticas que incorporara nuestras atracciones m\u00e1s novedosas en parques hinchables.","robots":{"index":"index","follow":"follow","max-snippet":"max-snippet:-1","max-image-preview":"max-image-preview:large","max-video-preview":"max-video-preview:-1"},"canonical":"https:\/\/airparx.com\/es\/installations\/oxygen-freejumping-copy-copy-copy-copy\/","og_locale":"es_ES","og_type":"article","og_title":"Jump In - Camberley","og_description":"En abril de 2024, Jump In Camberley se puso en contacto con Airparx para dise\u00f1ar un parque de camas el\u00e1sticas que incorporara nuestras atracciones m\u00e1s novedosas en parques hinchables.","og_url":"https:\/\/airparx.com\/es\/installations\/oxygen-freejumping-copy-copy-copy-copy\/","og_site_name":"Airparx","article_publisher":"https:\/\/www.facebook.com\/Airparx\/","article_modified_time":"2026-02-25T14:47:56+00:00","og_image":[{"width":1366,"height":768,"url":"https:\/\/airparx.com\/wp-content\/uploads\/2024\/09\/22.jpg","type":"image\/jpeg"}],"twitter_card":"summary_large_image","twitter_misc":{"Tiempo de lectura":"1 minuto"},"schema":{"@context":"https:\/\/schema.org","@graph":[{"@type":"WebPage","@id":"https:\/\/airparx.com\/es\/installations\/oxygen-freejumping-copy-copy-copy-copy\/","url":"https:\/\/airparx.com\/es\/installations\/oxygen-freejumping-copy-copy-copy-copy\/","name":"Jump In - Camberley - Airparx","isPartOf":{"@id":"https:\/\/airparx.com\/es\/#website"},"primaryImageOfPage":{"@id":"https:\/\/airparx.com\/es\/installations\/oxygen-freejumping-copy-copy-copy-copy\/#primaryimage"},"image":{"@id":"https:\/\/airparx.com\/es\/installations\/oxygen-freejumping-copy-copy-copy-copy\/#primaryimage"},"thumbnailUrl":"https:\/\/airparx.com\/wp-content\/uploads\/2024\/09\/22.jpg","datePublished":"2024-09-09T13:18:04+00:00","dateModified":"2026-02-25T14:47:56+00:00","description":"En abril de 2024, Jump In Camberley se puso en contacto con Airparx para dise\u00f1ar un parque de camas el\u00e1sticas que incorporara nuestras atracciones m\u00e1s novedosas en parques hinchables.","breadcrumb":{"@id":"https:\/\/airparx.com\/es\/installations\/oxygen-freejumping-copy-copy-copy-copy\/#breadcrumb"},"inLanguage":"es","potentialAction":[{"@type":"ReadAction","target":["https:\/\/airparx.com\/es\/installations\/oxygen-freejumping-copy-copy-copy-copy\/"]}]},{"@type":"ImageObject","inLanguage":"es","@id":"https:\/\/airparx.com\/es\/installations\/oxygen-freejumping-copy-copy-copy-copy\/#primaryimage","url":"https:\/\/airparx.com\/wp-content\/uploads\/2024\/09\/22.jpg","contentUrl":"https:\/\/airparx.com\/wp-content\/uploads\/2024\/09\/22.jpg","width":1366,"height":768,"caption":"Jump In by Air Hop - Camberley"},{"@type":"BreadcrumbList","@id":"https:\/\/airparx.com\/es\/installations\/oxygen-freejumping-copy-copy-copy-copy\/#breadcrumb","itemListElement":[{"@type":"ListItem","position":1,"name":"Home","item":"https:\/\/airparx.com\/es\/"},{"@type":"ListItem","position":2,"name":"Jump In &#8211; Camberley"}]},{"@type":"WebSite","@id":"https:\/\/airparx.com\/es\/#website","url":"https:\/\/airparx.com\/es\/","name":"Airparx","description":"Inflatable &amp; Trampoline Park Supplier","publisher":{"@id":"https:\/\/airparx.com\/es\/#organization"},"potentialAction":[{"@type":"SearchAction","target":{"@type":"EntryPoint","urlTemplate":"https:\/\/airparx.com\/es\/?s={search_term_string}"},"query-input":{"@type":"PropertyValueSpecification","valueRequired":true,"valueName":"search_term_string"}}],"inLanguage":"es"},{"@type":"Organization","@id":"https:\/\/airparx.com\/es\/#organization","name":"Airparx","url":"https:\/\/airparx.com\/es\/","logo":{"@type":"ImageObject","inLanguage":"es","@id":"https:\/\/airparx.com\/es\/#\/schema\/logo\/image\/","url":"https:\/\/airparx.com\/wp-content\/uploads\/2022\/06\/Airparx_Logo.png","contentUrl":"https:\/\/airparx.com\/wp-content\/uploads\/2022\/06\/Airparx_Logo.png","width":1127,"height":461,"caption":"Airparx"},"image":{"@id":"https:\/\/airparx.com\/es\/#\/schema\/logo\/image\/"},"sameAs":["https:\/\/www.facebook.com\/Airparx\/","https:\/\/www.instagram.com\/airparx\/","https:\/\/www.youtube.com\/playlist?list=PL2LZnxdxb4eX2paMpuL0QxEvopAtGzyqY","https:\/\/www.linkedin.com\/company\/airparx\/"]}]}},"_links":{"self":[{"href":"https:\/\/airparx.com\/es\/wp-json\/wp\/v2\/product\/9514","targetHints":{"allow":["GET"]}}],"collection":[{"href":"https:\/\/airparx.com\/es\/wp-json\/wp\/v2\/product"}],"about":[{"href":"https:\/\/airparx.com\/es\/wp-json\/wp\/v2\/types\/product"}],"wp:featuredmedia":[{"embeddable":true,"href":"https:\/\/airparx.com\/es\/wp-json\/wp\/v2\/media\/9462"}],"wp:attachment":[{"href":"https:\/\/airparx.com\/es\/wp-json\/wp\/v2\/media?parent=9514"}],"wp:term":[{"taxonomy":"product_brand","embeddable":true,"href":"https:\/\/airparx.com\/es\/wp-json\/wp\/v2\/product_brand?post=9514"},{"taxonomy":"product_cat","embeddable":true,"href":"https:\/\/airparx.com\/es\/wp-json\/wp\/v2\/product_cat?post=9514"},{"taxonomy":"product_tag","embeddable":true,"href":"https:\/\/airparx.com\/es\/wp-json\/wp\/v2\/product_tag?post=9514"}],"curies":[{"name":"wp","href":"https:\/\/api.w.org\/{rel}","templated":true}]}}