{"id":10047,"date":"2024-09-19T11:13:14","date_gmt":"2024-09-19T10:13:14","guid":{"rendered":"https:\/\/airparx.com\/rugged-interactive\/"},"modified":"2024-10-09T11:43:30","modified_gmt":"2024-10-09T10:43:30","slug":"rugged-interactive","status":"publish","type":"page","link":"https:\/\/airparx.com\/fr\/rugged-interactive\/","title":{"rendered":"Rugged Interactive"},"content":{"rendered":"\n<div class=\"wp-block-columns is-layout-flex wp-container-core-columns-is-layout-9d6595d7 wp-block-columns-is-layout-flex\">\n<div class=\"wp-block-column is-layout-flow wp-block-column-is-layout-flow\"><div class=\"wp-core-heading\">\n<h2 class=\"wp-block-heading\">Rugged Interactiveen partenariat avec Airparx<\/h2>\n<\/div>\n\n<div class=\"wp-core-paragraph\">\n<p><a href=\"https:\/\/www.rugged-interactive.com\">Rugged Interactive<\/a> est le leader mondial de l&rsquo;innovation en mati\u00e8re de divertissement actif avec des produits attrayants pour cr\u00e9er de merveilleuses attractions num\u00e9riques dont les gens aiment faire partie et qu&rsquo;ils aiment utiliser.<\/p>\n<\/div>\n\n<div class=\"wp-core-paragraph\">\n<p>En partenariat avec Airparx, Rugged Interactive offre une gamme diversifi\u00e9e de plus de 15 produits con\u00e7us sp\u00e9cifiquement pour le march\u00e9 des jeux d&rsquo;int\u00e9rieur, des trampolines et des centres de loisirs familiaux. Ces produits offrent des exp\u00e9riences interactives, permettant aux op\u00e9rateurs, aux propri\u00e9taires et aux franchis\u00e9s de cr\u00e9er des lieux attrayants et dynamiques pour des visites r\u00e9p\u00e9t\u00e9es. <\/p>\n<\/div><\/div>\n<\/div>\n<\/div><\/div><\/section><\/div><div id=''><\/div>\t<section class=\"bg-dark py-2 py-m-3 py-l-4\">\n\t\t<div class=\"wrap\">\n\t\t\t<article>\n\t\t\t\t<div class=\"row valign\">\n\t\t\t\t\t<div class=\"col-12 col-m-6\">\n\t\t\t\t\t\t<div class=\"animation fadein fromleft\" data-onscreen=\"false\">\n\t\t\t\t\t\t\t\t\t\t\t\t\t\t\t<h2><b>L&rsquo;ar\u00e8ne de la gr\u00e8ve<\/b><\/h2>\n<p>Gamifiez les cadres de jeu doux avec un kit enti\u00e8rement interactif comprenant des d\u00e9fis et des concours sur \u00e9cran tactile et sur \u00e9cran de t\u00e9l\u00e9vision. Comprend un \u00e9cran tactile, des \u00e9crans de t\u00e9l\u00e9vision, 3 modes de jeu pour les groupes, les jeux individuels et les jeux pour les tout-petits, et vous serez pr\u00eat \u00e0 renouveler l&rsquo;exp\u00e9rience. <\/p>\n<ul>\n<li>Les joueurs grimpent, rampent et courent \u00e0 travers les obstacles dans une course amusante pour atteindre les nacelles et marquer des points.<\/li>\n<li>Jeu simple et inclusif pour les \u00e9quipes ou les individus<\/li>\n<li>Offre une nouvelle source de revenus, attirant des groupes de f\u00eates d&rsquo;anniversaire, des d\u00e9fis pour les \u00e9tudiants et des activit\u00e9s de team building pour les entreprises.<\/li>\n<\/ul>\n\t\t\t\t\t\t\t\t\t\t\t\t\t<\/div>\n\t\t\t\t\t<\/div>\n\t\t\t\t\t<div class=\"col-12 col-m-6 mt-2 mt-m-0\">\n\t\t\t\t\t\t<div class=\"animation fadein fromright\" data-onscreen=\"false\">\n\t\t\t\t\t\t\t\t\t\t\t\t\t\t\t<figure class=\"block\">\n\t\t\t\t\t\t\t\t\t<img data-src=\"https:\/\/airparx.com\/wp-content\/uploads\/2024\/09\/Rugged-Interactive-Strike-Arena.jpg\" \/>\n\t\t\t\t\t\t\t\t<\/figure>\n\t\t\t\t\t\t\t\t\t\t\t\t\t<\/div>\n\t\t\t\t\t<\/div>\n\t\t\t\t<\/div>\n\t\t\t<\/article>\n\t\t<\/div>\n\t<\/section>\n\n\t<section class=\"my-2 my-m-3 my-l-4\"><div class=\"wrap\"><div class=\"row\"><div class=\"col-12\"><\/div><\/div><\/section><\/div><div id=''><\/div>\t<section class=\"my-2 my-m-3 my-l-4\">\n\t\t<div class=\"wrap\">\n\t\t\t<article>\n\t\t\t\t<div class=\"row valign\">\n\t\t\t\t\t<div class=\"col-12 col-m-6\">\n\t\t\t\t\t\t<div class=\"animation fadein fromleft\" data-onscreen=\"false\">\n\t\t\t\t\t\t\t\t\t\t\t\t\t\t\t<figure class=\"block show-m\">\n\t\t\t\t\t\t\t\t\t<img data-src=\"https:\/\/airparx.com\/wp-content\/uploads\/2024\/09\/Rugged-Interactive-FreeStyle-Duo-1.jpg\" \/>\n\t\t\t\t\t\t\t\t<\/figure>\n\t\t\t\t\t\t\t\t\t\t\t\t\t<\/div>\n\t\t\t\t\t<\/div>\n\t\t\t\t\t<div class=\"col-12 col-m-6 mt-2 mt-m-0\">\n\t\t\t\t\t\t<div class=\"animation fadein fromright\" data-onscreen=\"false\">\n\t\t\t\t\t\t\t\t\t\t\t\t\t\t\t<h2>CardioWall FreeStyle Duo<\/h2>\n<p>Deux murs interactifs de vitesse et de r\u00e9action qui rendent le rebond beaucoup plus rapide et amusant, avec des sons, des lumi\u00e8res et des jeux passionnants.<\/p>\n<ul>\n<li>Jouez individuellement pour atteindre le meilleur score ou jouez en duel par paires.<\/li>\n<li>Tr\u00e8s amusant pour tous les \u00e2ges ; id\u00e9al pour les d\u00e9fis de classement et le marketing des m\u00e9dias sociaux.<\/li>\n<li>R\u00e9tro-\u00e9clairage par LED pour une meilleure visibilit\u00e9<\/li>\n<li>Deux jeux passionnants pour tester la vitesse et la r\u00e9action<\/li>\n<li>Panneaux graphiques personnalis\u00e9s pour s&rsquo;adapter \u00e0 n&rsquo;importe quelle marque<\/li>\n<li>Parfait pour les cadres de jeux souples ou au-dessus des trampolines<\/li>\n<\/ul>\n\t\t\t\t\t\t\t\t\t\t\t\t\t\t\t\t<figure class=\"block hide-m\">\n\t\t\t\t\t\t\t\t\t<img data-src=\"https:\/\/airparx.com\/wp-content\/uploads\/2024\/09\/Rugged-Interactive-FreeStyle-Duo-1.jpg\" \/>\n\t\t\t\t\t\t\t\t<\/figure>\n\t\t\t\t\t\t\t\t\t\t\t\t\t<\/div>\n\t\t\t\t\t<\/div>\n\t\t\t\t<\/div>\n\t\t\t<\/article>\n\t\t<\/div>\n\t<\/section>\n\n\t<section class=\"my-2 my-m-3 my-l-4\"><div class=\"wrap\"><div class=\"row\"><div class=\"col-12\"><\/div><\/div><\/section><\/div><div id=''><\/div>\t<section class=\"bg-dark py-2 py-m-3 py-l-4\">\n\t\t<div class=\"wrap\">\n\t\t\t<article>\n\t\t\t\t<div class=\"row valign\">\n\t\t\t\t\t<div class=\"col-12 col-m-6\">\n\t\t\t\t\t\t<div class=\"animation fadein fromleft\" data-onscreen=\"false\">\n\t\t\t\t\t\t\t\t\t\t\t\t\t\t\t<h2>Terrain de sport interactif<\/h2>\n<p>Syst\u00e8mes de cibles interactives Epic pour les terrains multisports. Parfaits pour le football, le handball et les tirs au but avec des cibles lumineuses et des sons excitants. <\/p>\n<ul>\n<li>D\u00e9fis comp\u00e9titifs id\u00e9aux pour les jeux d&rsquo;\u00e9quipe et les f\u00eates d&rsquo;anniversaire<\/li>\n<li>Les jeux de trois minutes garantissent un passage rapide des clients.<\/li>\n<li>Des effets sonores excitants et un rythme de jeu rapide attirent les enfants de tous \u00e2ges.<\/li>\n<\/ul>\n<p>&nbsp;<\/p>\n\t\t\t\t\t\t\t\t\t\t\t\t\t<\/div>\n\t\t\t\t\t<\/div>\n\t\t\t\t\t<div class=\"col-12 col-m-6 mt-2 mt-m-0\">\n\t\t\t\t\t\t<div class=\"animation fadein fromright\" data-onscreen=\"false\">\n\t\t\t\t\t\t\t\t\t\t\t\t\t\t\t<figure class=\"block\">\n\t\t\t\t\t\t\t\t\t<img data-src=\"https:\/\/airparx.com\/wp-content\/uploads\/2024\/09\/Rugged-Interactive-Sports-Pitch.jpg\" \/>\n\t\t\t\t\t\t\t\t<\/figure>\n\t\t\t\t\t\t\t\t\t\t\t\t\t<\/div>\n\t\t\t\t\t<\/div>\n\t\t\t\t<\/div>\n\t\t\t<\/article>\n\t\t<\/div>\n\t<\/section>\n\n\t<section class=\"my-2 my-m-3 my-l-4\"><div class=\"wrap\"><div class=\"row\"><div class=\"col-12\"><div class=\"wp-core-heading\">\n<h2 class=\"wp-block-heading\"><\/h2>\n<\/div>\n<div class=\"wp-block-group\"><div class=\"wp-block-group__inner-container is-layout-flow wp-block-group-is-layout-flow\">\n<section class=\"my-2 my-m-3 mt-l-4\">\n<div class=\"wrap\">\n<div class=\"row\">\n<article>\n<div class=\"col-12 col-m-7\">\n<h4>Contactez-nous d\u00e8s aujourd&rsquo;hui !<\/h4>\n<p>Vous \u00eates pr\u00eat \u00e0 franchir le pas et \u00e0 apporter l&rsquo;excitation dans votre \u00e9tablissement ?\nN&rsquo;h\u00e9sitez pas \u00e0 nous contacter pour obtenir plus d&rsquo;informations, des d\u00e9tails sur les prix ou pour discuter de vos besoins sp\u00e9cifiques.\nNotre \u00e9quipe d\u00e9vou\u00e9e \u00e0 Airparx est l\u00e0 pour vous aider \u00e0 transformer votre vision en r\u00e9alit\u00e9.  <\/p>\n\n<div class=\"wpcf7 no-js\" id=\"wpcf7-f5550-o1\" lang=\"fr-FR\" dir=\"ltr\" data-wpcf7-id=\"5550\">\n<div class=\"screen-reader-response\"><p role=\"status\" aria-live=\"polite\" aria-atomic=\"true\"><\/p> <ul><\/ul><\/div>\n<form action=\"\/fr\/wp-json\/wp\/v2\/pages\/10047#wpcf7-f5550-o1\" method=\"post\" class=\"wpcf7-form init\" aria-label=\"Formulaire de contact\" novalidate=\"novalidate\" data-status=\"init\">\n<fieldset class=\"hidden-fields-container\"><input type=\"hidden\" name=\"_wpcf7\" value=\"5550\" \/><input type=\"hidden\" name=\"_wpcf7_version\" value=\"6.1.5\" \/><input type=\"hidden\" name=\"_wpcf7_locale\" value=\"fr_FR\" \/><input type=\"hidden\" name=\"_wpcf7_unit_tag\" value=\"wpcf7-f5550-o1\" \/><input type=\"hidden\" name=\"_wpcf7_container_post\" value=\"0\" \/><input type=\"hidden\" name=\"_wpcf7_posted_data_hash\" value=\"\" \/><input type=\"hidden\" name=\"_wpcf7_recaptcha_response\" value=\"\" \/>\n<\/fieldset>\n<div class=\"row\">\n\t<div class=\"col-12 col-s-6\">\n\t\t<p><label for=\"Name\">Pr\u00e9nom*<\/label><br \/>\n<span class=\"wpcf7-form-control-wrap\" data-name=\"FirstName\"><input size=\"40\" maxlength=\"400\" class=\"wpcf7-form-control wpcf7-text wpcf7-validates-as-required\" aria-required=\"true\" aria-invalid=\"false\" value=\"\" type=\"text\" name=\"FirstName\" \/><\/span>\n\t\t<\/p>\n\t<\/div>\n\t<div class=\"col-12 col-s-6\">\n\t\t<p><label for=\"Name\">Nom de famille*<\/label><br \/>\n<span class=\"wpcf7-form-control-wrap\" data-name=\"LastName\"><input size=\"40\" maxlength=\"400\" class=\"wpcf7-form-control wpcf7-text wpcf7-validates-as-required\" aria-required=\"true\" aria-invalid=\"false\" value=\"\" type=\"text\" name=\"LastName\" \/><\/span>\n\t\t<\/p>\n\t<\/div>\n\t<div class=\"col-12 col-s-6 mt-05 mt-s-0\">\n\t\t<p><label for=\"Email\">Adresse \u00e9lectronique*<\/label><br \/>\n<span class=\"wpcf7-form-control-wrap\" data-name=\"Email\"><input size=\"40\" maxlength=\"400\" class=\"wpcf7-form-control wpcf7-email wpcf7-validates-as-required wpcf7-text wpcf7-validates-as-email\" aria-required=\"true\" aria-invalid=\"false\" value=\"\" type=\"email\" name=\"Email\" \/><\/span>\n\t\t<\/p>\n\t<\/div>\n<\/div>\n<div class=\"row\">\n\t<div class=\"col-12 col-s-6 mt-05 mt-s-0\">\n\t\t<p><label for=\"Company\">Nom de l'entreprise (facultatif)<\/label><br \/>\n<span class=\"wpcf7-form-control-wrap\" data-name=\"Company\"><input size=\"40\" maxlength=\"400\" class=\"wpcf7-form-control wpcf7-text\" aria-invalid=\"false\" value=\"\" type=\"text\" name=\"Company\" \/><\/span>\n\t\t<\/p>\n\t<\/div>\n\t<div class=\"col-12 col-s-6\">\n\t\t<p><label for=\"Phone\">Num\u00e9ro de t\u00e9l\u00e9phone (facultatif)<\/label><br \/>\n<span class=\"wpcf7-form-control-wrap\" data-name=\"Phone\"><input size=\"40\" maxlength=\"400\" class=\"wpcf7-form-control wpcf7-tel wpcf7-text wpcf7-validates-as-tel\" aria-invalid=\"false\" value=\"\" type=\"tel\" name=\"Phone\" \/><\/span>\n\t\t<\/p>\n\t<\/div>\n<\/div>\n<div class=\"row\">\n\t<div class=\"col-12 col-s-6\">\n\t\t<p><label for=\"Country\">Pays (facultatif)<\/label><br \/>\n<span class=\"wpcf7-form-control-wrap\" data-name=\"Country\"><input size=\"40\" maxlength=\"400\" class=\"wpcf7-form-control wpcf7-text\" aria-invalid=\"false\" value=\"\" type=\"text\" name=\"Country\" \/><\/span>\n\t\t<\/p>\n\t<\/div>\n<\/div>\n<p><label for=\"Message\">Message*<\/label><br \/>\n<span class=\"wpcf7-form-control-wrap\" data-name=\"Message\"><textarea cols=\"40\" rows=\"6\" maxlength=\"2000\" class=\"wpcf7-form-control wpcf7-textarea wpcf7-validates-as-required\" aria-required=\"true\" aria-invalid=\"false\" name=\"Message\"><\/textarea><\/span>\n<\/p>\n<p>Acceptez de recevoir des informations sur nos derniers produits, nos nouvelles et nos offres sp\u00e9ciales.<br \/>\n<span class=\"wpcf7-form-control-wrap\" data-name=\"newsletter\"><span class=\"wpcf7-form-control wpcf7-radio\"><span class=\"wpcf7-list-item first\"><label><input type=\"radio\" name=\"newsletter\" value=\"Oui\" \/><span class=\"wpcf7-list-item-label\">Oui<\/span><\/label><\/span><span class=\"wpcf7-list-item last\"><label><input type=\"radio\" name=\"newsletter\" value=\"Non\" checked=\"checked\" \/><span class=\"wpcf7-list-item-label\">Non<\/span><\/label><\/span><\/span><\/span>\n<\/p>\n<div id=\"refer-div\">\n<\/div>\n<p><input class=\"wpcf7-form-control wpcf7-submit has-spinner button\" type=\"submit\" value=\"Envoyer\" \/>\n<\/p><div class=\"wpcf7-response-output\" aria-hidden=\"true\"><\/div>\n<\/form>\n<\/div>\n\n<\/div>\n<p><!--.col--><\/p>\n<div class=\"col-5 col-xl-4 pull-xl-1 show-m mt-4\">\n<div class=\"usp-list\">\n<ul>\n<li>Leader de l&rsquo;industrie<\/li>\n<li>Solution cl\u00e9 en main<\/li>\n<li>Installations dans le monde entier<\/li>\n<li>Fabriqu\u00e9 en interne<\/li>\n<li>Un service \u00e0 la client\u00e8le de premier plan  <\/li>\n<\/ul>\n<\/div>\n<p><!--.usp-list--><\/p>\n<h5 class=\"mt-2\">Vous pouvez \u00e9galement nous appeler au<\/h5>\n<p class=\"mt-05 text-cyan\"><strong> <i class=\"fa fa-phone mr-05\" aria-hidden=\"true\"><\/i>  +44(0) 1179 414918  <\/strong><\/p>\n<\/div>\n<p><!--.col--><\/p>\n<\/article>\n<\/div>\n<p><!--.row--><\/p>\n<\/div>\n<p><!--.wrap--><\/p>\n<\/section>\n<\/div><\/div>\n","protected":false},"excerpt":{"rendered":"<p>Rugged Interactiveen partenariat avec Airparx Rugged Interactive est le leader mondial de l&rsquo;innovation en mati\u00e8re de divertissement actif avec des produits attrayants pour cr\u00e9er de merveilleuses attractions num\u00e9riques dont les gens aiment faire partie et qu&rsquo;ils aiment utiliser. En partenariat avec Airparx, Rugged Interactive offre une gamme diversifi\u00e9e de plus de 15 produits con\u00e7us sp\u00e9cifiquement [&hellip;]<\/p>\n","protected":false},"author":2,"featured_media":9933,"parent":0,"menu_order":0,"comment_status":"closed","ping_status":"closed","template":"","meta":{"_acf_changed":false,"footnotes":""},"class_list":["post-10047","page","type-page","status-publish","has-post-thumbnail","hentry"],"acf":[],"yoast_head":"<!-- This site is optimized with the Yoast SEO Premium plugin v26.7 (Yoast SEO v27.3) - https:\/\/yoast.com\/product\/yoast-seo-premium-wordpress\/ -->\n<title>Rugged Interactive - Airparx<\/title>\n<meta name=\"description\" content=\"En partenariat avec Airparx, Rugged Interactive offre une gamme vari\u00e9e de produits con\u00e7us sp\u00e9cifiquement pour les march\u00e9s des centres de loisirs familiaux.\" \/>\n<meta name=\"robots\" content=\"index, follow, max-snippet:-1, max-image-preview:large, max-video-preview:-1\" \/>\n<link rel=\"canonical\" href=\"https:\/\/airparx.com\/fr\/rugged-interactive\/\" \/>\n<meta property=\"og:locale\" content=\"fr_FR\" \/>\n<meta property=\"og:type\" content=\"article\" \/>\n<meta property=\"og:title\" content=\"Rugged Interactive\" \/>\n<meta property=\"og:description\" content=\"En partenariat avec Airparx, Rugged Interactive offre une gamme vari\u00e9e de produits con\u00e7us sp\u00e9cifiquement pour les march\u00e9s des centres de loisirs familiaux.\" \/>\n<meta property=\"og:url\" content=\"https:\/\/airparx.com\/fr\/rugged-interactive\/\" \/>\n<meta property=\"og:site_name\" content=\"Airparx\" \/>\n<meta property=\"article:publisher\" content=\"https:\/\/www.facebook.com\/Airparx\/\" \/>\n<meta property=\"article:modified_time\" content=\"2024-10-09T10:43:30+00:00\" \/>\n<meta property=\"og:image\" content=\"https:\/\/airparx.com\/wp-content\/uploads\/2024\/09\/Rugged-Interactive-1024x576.png\" \/>\n\t<meta property=\"og:image:width\" content=\"1024\" \/>\n\t<meta property=\"og:image:height\" content=\"576\" \/>\n\t<meta property=\"og:image:type\" content=\"image\/png\" \/>\n<meta name=\"twitter:card\" content=\"summary_large_image\" \/>\n<meta name=\"twitter:label1\" content=\"Dur\u00e9e de lecture estim\u00e9e\" \/>\n\t<meta name=\"twitter:data1\" content=\"2 minutes\" \/>\n<script type=\"application\/ld+json\" class=\"yoast-schema-graph\">{\"@context\":\"https:\\\/\\\/schema.org\",\"@graph\":[{\"@type\":\"WebPage\",\"@id\":\"https:\\\/\\\/airparx.com\\\/fr\\\/rugged-interactive\\\/\",\"url\":\"https:\\\/\\\/airparx.com\\\/fr\\\/rugged-interactive\\\/\",\"name\":\"Rugged Interactive - Airparx\",\"isPartOf\":{\"@id\":\"https:\\\/\\\/airparx.com\\\/fr\\\/#website\"},\"primaryImageOfPage\":{\"@id\":\"https:\\\/\\\/airparx.com\\\/fr\\\/rugged-interactive\\\/#primaryimage\"},\"image\":{\"@id\":\"https:\\\/\\\/airparx.com\\\/fr\\\/rugged-interactive\\\/#primaryimage\"},\"thumbnailUrl\":\"https:\\\/\\\/airparx.com\\\/wp-content\\\/uploads\\\/2024\\\/09\\\/Rugged-Interactive.png\",\"datePublished\":\"2024-09-19T10:13:14+00:00\",\"dateModified\":\"2024-10-09T10:43:30+00:00\",\"description\":\"En partenariat avec Airparx, Rugged Interactive offre une gamme vari\u00e9e de produits con\u00e7us sp\u00e9cifiquement pour les march\u00e9s des centres de loisirs familiaux.\",\"breadcrumb\":{\"@id\":\"https:\\\/\\\/airparx.com\\\/fr\\\/rugged-interactive\\\/#breadcrumb\"},\"inLanguage\":\"fr-FR\",\"potentialAction\":[{\"@type\":\"ReadAction\",\"target\":[\"https:\\\/\\\/airparx.com\\\/fr\\\/rugged-interactive\\\/\"]}]},{\"@type\":\"ImageObject\",\"inLanguage\":\"fr-FR\",\"@id\":\"https:\\\/\\\/airparx.com\\\/fr\\\/rugged-interactive\\\/#primaryimage\",\"url\":\"https:\\\/\\\/airparx.com\\\/wp-content\\\/uploads\\\/2024\\\/09\\\/Rugged-Interactive.png\",\"contentUrl\":\"https:\\\/\\\/airparx.com\\\/wp-content\\\/uploads\\\/2024\\\/09\\\/Rugged-Interactive.png\",\"width\":1366,\"height\":768,\"caption\":\"Rugged Interactive\"},{\"@type\":\"BreadcrumbList\",\"@id\":\"https:\\\/\\\/airparx.com\\\/fr\\\/rugged-interactive\\\/#breadcrumb\",\"itemListElement\":[{\"@type\":\"ListItem\",\"position\":1,\"name\":\"Home\",\"item\":\"https:\\\/\\\/airparx.com\\\/fr\\\/\"},{\"@type\":\"ListItem\",\"position\":2,\"name\":\"Rugged Interactive\"}]},{\"@type\":\"WebSite\",\"@id\":\"https:\\\/\\\/airparx.com\\\/fr\\\/#website\",\"url\":\"https:\\\/\\\/airparx.com\\\/fr\\\/\",\"name\":\"Airparx\",\"description\":\"Inflatable &amp; Trampoline Park Supplier\",\"publisher\":{\"@id\":\"https:\\\/\\\/airparx.com\\\/fr\\\/#organization\"},\"potentialAction\":[{\"@type\":\"SearchAction\",\"target\":{\"@type\":\"EntryPoint\",\"urlTemplate\":\"https:\\\/\\\/airparx.com\\\/fr\\\/?s={search_term_string}\"},\"query-input\":{\"@type\":\"PropertyValueSpecification\",\"valueRequired\":true,\"valueName\":\"search_term_string\"}}],\"inLanguage\":\"fr-FR\"},{\"@type\":\"Organization\",\"@id\":\"https:\\\/\\\/airparx.com\\\/fr\\\/#organization\",\"name\":\"Airparx\",\"url\":\"https:\\\/\\\/airparx.com\\\/fr\\\/\",\"logo\":{\"@type\":\"ImageObject\",\"inLanguage\":\"fr-FR\",\"@id\":\"https:\\\/\\\/airparx.com\\\/fr\\\/#\\\/schema\\\/logo\\\/image\\\/\",\"url\":\"https:\\\/\\\/airparx.com\\\/wp-content\\\/uploads\\\/2022\\\/06\\\/Airparx_Logo.png\",\"contentUrl\":\"https:\\\/\\\/airparx.com\\\/wp-content\\\/uploads\\\/2022\\\/06\\\/Airparx_Logo.png\",\"width\":1127,\"height\":461,\"caption\":\"Airparx\"},\"image\":{\"@id\":\"https:\\\/\\\/airparx.com\\\/fr\\\/#\\\/schema\\\/logo\\\/image\\\/\"},\"sameAs\":[\"https:\\\/\\\/www.facebook.com\\\/Airparx\\\/\",\"https:\\\/\\\/www.instagram.com\\\/airparx\\\/\",\"https:\\\/\\\/www.youtube.com\\\/playlist?list=PL2LZnxdxb4eX2paMpuL0QxEvopAtGzyqY\",\"https:\\\/\\\/www.linkedin.com\\\/company\\\/airparx\\\/\"]}]}<\/script>\n<!-- \/ Yoast SEO Premium plugin. -->","yoast_head_json":{"title":"Rugged Interactive - Airparx","description":"En partenariat avec Airparx, Rugged Interactive offre une gamme vari\u00e9e de produits con\u00e7us sp\u00e9cifiquement pour les march\u00e9s des centres de loisirs familiaux.","robots":{"index":"index","follow":"follow","max-snippet":"max-snippet:-1","max-image-preview":"max-image-preview:large","max-video-preview":"max-video-preview:-1"},"canonical":"https:\/\/airparx.com\/fr\/rugged-interactive\/","og_locale":"fr_FR","og_type":"article","og_title":"Rugged Interactive","og_description":"En partenariat avec Airparx, Rugged Interactive offre une gamme vari\u00e9e de produits con\u00e7us sp\u00e9cifiquement pour les march\u00e9s des centres de loisirs familiaux.","og_url":"https:\/\/airparx.com\/fr\/rugged-interactive\/","og_site_name":"Airparx","article_publisher":"https:\/\/www.facebook.com\/Airparx\/","article_modified_time":"2024-10-09T10:43:30+00:00","og_image":[{"width":1024,"height":576,"url":"https:\/\/airparx.com\/wp-content\/uploads\/2024\/09\/Rugged-Interactive-1024x576.png","type":"image\/png"}],"twitter_card":"summary_large_image","twitter_misc":{"Dur\u00e9e de lecture estim\u00e9e":"2 minutes"},"schema":{"@context":"https:\/\/schema.org","@graph":[{"@type":"WebPage","@id":"https:\/\/airparx.com\/fr\/rugged-interactive\/","url":"https:\/\/airparx.com\/fr\/rugged-interactive\/","name":"Rugged Interactive - Airparx","isPartOf":{"@id":"https:\/\/airparx.com\/fr\/#website"},"primaryImageOfPage":{"@id":"https:\/\/airparx.com\/fr\/rugged-interactive\/#primaryimage"},"image":{"@id":"https:\/\/airparx.com\/fr\/rugged-interactive\/#primaryimage"},"thumbnailUrl":"https:\/\/airparx.com\/wp-content\/uploads\/2024\/09\/Rugged-Interactive.png","datePublished":"2024-09-19T10:13:14+00:00","dateModified":"2024-10-09T10:43:30+00:00","description":"En partenariat avec Airparx, Rugged Interactive offre une gamme vari\u00e9e de produits con\u00e7us sp\u00e9cifiquement pour les march\u00e9s des centres de loisirs familiaux.","breadcrumb":{"@id":"https:\/\/airparx.com\/fr\/rugged-interactive\/#breadcrumb"},"inLanguage":"fr-FR","potentialAction":[{"@type":"ReadAction","target":["https:\/\/airparx.com\/fr\/rugged-interactive\/"]}]},{"@type":"ImageObject","inLanguage":"fr-FR","@id":"https:\/\/airparx.com\/fr\/rugged-interactive\/#primaryimage","url":"https:\/\/airparx.com\/wp-content\/uploads\/2024\/09\/Rugged-Interactive.png","contentUrl":"https:\/\/airparx.com\/wp-content\/uploads\/2024\/09\/Rugged-Interactive.png","width":1366,"height":768,"caption":"Rugged Interactive"},{"@type":"BreadcrumbList","@id":"https:\/\/airparx.com\/fr\/rugged-interactive\/#breadcrumb","itemListElement":[{"@type":"ListItem","position":1,"name":"Home","item":"https:\/\/airparx.com\/fr\/"},{"@type":"ListItem","position":2,"name":"Rugged Interactive"}]},{"@type":"WebSite","@id":"https:\/\/airparx.com\/fr\/#website","url":"https:\/\/airparx.com\/fr\/","name":"Airparx","description":"Inflatable &amp; Trampoline Park Supplier","publisher":{"@id":"https:\/\/airparx.com\/fr\/#organization"},"potentialAction":[{"@type":"SearchAction","target":{"@type":"EntryPoint","urlTemplate":"https:\/\/airparx.com\/fr\/?s={search_term_string}"},"query-input":{"@type":"PropertyValueSpecification","valueRequired":true,"valueName":"search_term_string"}}],"inLanguage":"fr-FR"},{"@type":"Organization","@id":"https:\/\/airparx.com\/fr\/#organization","name":"Airparx","url":"https:\/\/airparx.com\/fr\/","logo":{"@type":"ImageObject","inLanguage":"fr-FR","@id":"https:\/\/airparx.com\/fr\/#\/schema\/logo\/image\/","url":"https:\/\/airparx.com\/wp-content\/uploads\/2022\/06\/Airparx_Logo.png","contentUrl":"https:\/\/airparx.com\/wp-content\/uploads\/2022\/06\/Airparx_Logo.png","width":1127,"height":461,"caption":"Airparx"},"image":{"@id":"https:\/\/airparx.com\/fr\/#\/schema\/logo\/image\/"},"sameAs":["https:\/\/www.facebook.com\/Airparx\/","https:\/\/www.instagram.com\/airparx\/","https:\/\/www.youtube.com\/playlist?list=PL2LZnxdxb4eX2paMpuL0QxEvopAtGzyqY","https:\/\/www.linkedin.com\/company\/airparx\/"]}]}},"_links":{"self":[{"href":"https:\/\/airparx.com\/fr\/wp-json\/wp\/v2\/pages\/10047","targetHints":{"allow":["GET"]}}],"collection":[{"href":"https:\/\/airparx.com\/fr\/wp-json\/wp\/v2\/pages"}],"about":[{"href":"https:\/\/airparx.com\/fr\/wp-json\/wp\/v2\/types\/page"}],"author":[{"embeddable":true,"href":"https:\/\/airparx.com\/fr\/wp-json\/wp\/v2\/users\/2"}],"replies":[{"embeddable":true,"href":"https:\/\/airparx.com\/fr\/wp-json\/wp\/v2\/comments?post=10047"}],"version-history":[{"count":2,"href":"https:\/\/airparx.com\/fr\/wp-json\/wp\/v2\/pages\/10047\/revisions"}],"predecessor-version":[{"id":10061,"href":"https:\/\/airparx.com\/fr\/wp-json\/wp\/v2\/pages\/10047\/revisions\/10061"}],"wp:featuredmedia":[{"embeddable":true,"href":"https:\/\/airparx.com\/fr\/wp-json\/wp\/v2\/media\/9933"}],"wp:attachment":[{"href":"https:\/\/airparx.com\/fr\/wp-json\/wp\/v2\/media?parent=10047"}],"curies":[{"name":"wp","href":"https:\/\/api.w.org\/{rel}","templated":true}]}}