{"id":4530,"date":"2022-06-15T11:38:00","date_gmt":"2022-06-15T10:38:00","guid":{"rendered":"https:\/\/airparx.com\/contact-2\/"},"modified":"2024-09-12T13:45:24","modified_gmt":"2024-09-12T12:45:24","slug":"contact-2","status":"publish","type":"page","link":"https:\/\/airparx.com\/fr\/contact-2\/","title":{"rendered":"Contacter Airparx"},"content":{"rendered":"<div class=\"wp-core-paragraph\">\n<p>Chez Airparx, nous appr\u00e9cions vos demandes et vos commentaires.\nQue vous soyez un client existant ou un client potentiel, nous sommes l\u00e0 pour vous aider.\nN&rsquo;h\u00e9sitez pas \u00e0 nous contacter en utilisant les coordonn\u00e9es ci-dessous :  <\/p>\n<\/div><div class=\"wp-core-paragraph\">\n<p><strong>T\u00e9l\u00e9phone dans le monde entier :<\/strong> <strong>+44 (0)1179 414918<\/strong><br\/><strong>Courriel :<\/strong> <a href=\"mailto:info@airparx.com\">info@airparx.com<\/a><\/p>\n<\/div>\n<div style=\"height:20px\" aria-hidden=\"true\" class=\"wp-block-spacer\"><\/div>\n\n<div class=\"wp-block-columns is-layout-flex wp-container-core-columns-is-layout-9d6595d7 wp-block-columns-is-layout-flex\">\n<div class=\"wp-block-column is-layout-flow wp-block-column-is-layout-flow\"><div class=\"wp-core-heading\">\n<h3 class=\"wp-block-heading\" id=\"airquee-uk\">Bureau de vente Airparx<\/h3>\n<\/div>\n\n<div class=\"wp-core-paragraph\">\n<p><strong>Adresse :<\/strong><br\/>Airparx c\/o Airquee Ltd,<br\/>Duel House,<br\/>Llandowlais Street,<br\/>Cwmbran,<br\/>NP44 7XB.<\/p>\n<\/div><\/div>\n\n\n\n<div class=\"wp-block-column is-layout-flow wp-block-column-is-layout-flow\"><div class=\"wp-core-heading\">\n<h3 class=\"wp-block-heading\" id=\"airquee-europe\">Site de production d&rsquo;Airparx  <\/h3>\n<\/div>\n\n<div class=\"wp-core-paragraph\">\n<p><strong>Adresse :<\/strong><br\/>SC Airquee SRL<br\/>Str.\nLt. Paius David, nr.9, 520077,<br\/>Sf.  Gheorghe, juge. Covasna,<br\/>Roumanie<\/p>\n<\/div><\/div>\n<\/div>\n<div class=\"wp-core-paragraph\">\n<p>Nous vous remercions d&rsquo;avoir pens\u00e9 \u00e0 Airparx.\nNous sommes impatients de travailler avec vous et de vous aider \u00e0 cr\u00e9er des exp\u00e9riences de divertissement inoubliables. <\/p>\n<\/div><div class=\"wrap background\">\n<div class=\"wp-block-contact-form-7-contact-form-selector py-2 px-2\">\n<div class=\"wpcf7 no-js\" id=\"wpcf7-f5550-o1\" lang=\"fr-FR\" dir=\"ltr\" data-wpcf7-id=\"5550\">\n<div class=\"screen-reader-response\"><p role=\"status\" aria-live=\"polite\" aria-atomic=\"true\"><\/p> <ul><\/ul><\/div>\n<form action=\"\/fr\/wp-json\/wp\/v2\/pages\/4530#wpcf7-f5550-o1\" method=\"post\" class=\"wpcf7-form init\" aria-label=\"Formulaire de contact\" novalidate=\"novalidate\" data-status=\"init\">\n<fieldset class=\"hidden-fields-container\"><input type=\"hidden\" name=\"_wpcf7\" value=\"5550\" \/><input type=\"hidden\" name=\"_wpcf7_version\" value=\"6.1.5\" \/><input type=\"hidden\" name=\"_wpcf7_locale\" value=\"fr_FR\" \/><input type=\"hidden\" name=\"_wpcf7_unit_tag\" value=\"wpcf7-f5550-o1\" \/><input type=\"hidden\" name=\"_wpcf7_container_post\" value=\"0\" \/><input type=\"hidden\" name=\"_wpcf7_posted_data_hash\" value=\"\" \/><input type=\"hidden\" name=\"_wpcf7_recaptcha_response\" value=\"\" \/>\n<\/fieldset>\n<div class=\"row\">\n\t<div class=\"col-12 col-s-6\">\n\t\t<p><label for=\"Name\">Pr\u00e9nom*<\/label><br \/>\n<span class=\"wpcf7-form-control-wrap\" data-name=\"FirstName\"><input size=\"40\" maxlength=\"400\" class=\"wpcf7-form-control wpcf7-text wpcf7-validates-as-required\" aria-required=\"true\" aria-invalid=\"false\" value=\"\" type=\"text\" name=\"FirstName\" \/><\/span>\n\t\t<\/p>\n\t<\/div>\n\t<div class=\"col-12 col-s-6\">\n\t\t<p><label for=\"Name\">Nom de famille*<\/label><br \/>\n<span class=\"wpcf7-form-control-wrap\" data-name=\"LastName\"><input size=\"40\" maxlength=\"400\" class=\"wpcf7-form-control wpcf7-text wpcf7-validates-as-required\" aria-required=\"true\" aria-invalid=\"false\" value=\"\" type=\"text\" name=\"LastName\" \/><\/span>\n\t\t<\/p>\n\t<\/div>\n\t<div class=\"col-12 col-s-6 mt-05 mt-s-0\">\n\t\t<p><label for=\"Email\">Adresse \u00e9lectronique*<\/label><br \/>\n<span class=\"wpcf7-form-control-wrap\" data-name=\"Email\"><input size=\"40\" maxlength=\"400\" class=\"wpcf7-form-control wpcf7-email wpcf7-validates-as-required wpcf7-text wpcf7-validates-as-email\" aria-required=\"true\" aria-invalid=\"false\" value=\"\" type=\"email\" name=\"Email\" \/><\/span>\n\t\t<\/p>\n\t<\/div>\n<\/div>\n<div class=\"row\">\n\t<div class=\"col-12 col-s-6 mt-05 mt-s-0\">\n\t\t<p><label for=\"Company\">Nom de l'entreprise (facultatif)<\/label><br \/>\n<span class=\"wpcf7-form-control-wrap\" data-name=\"Company\"><input size=\"40\" maxlength=\"400\" class=\"wpcf7-form-control wpcf7-text\" aria-invalid=\"false\" value=\"\" type=\"text\" name=\"Company\" \/><\/span>\n\t\t<\/p>\n\t<\/div>\n\t<div class=\"col-12 col-s-6\">\n\t\t<p><label for=\"Phone\">Num\u00e9ro de t\u00e9l\u00e9phone (facultatif)<\/label><br \/>\n<span class=\"wpcf7-form-control-wrap\" data-name=\"Phone\"><input size=\"40\" maxlength=\"400\" class=\"wpcf7-form-control wpcf7-tel wpcf7-text wpcf7-validates-as-tel\" aria-invalid=\"false\" value=\"\" type=\"tel\" name=\"Phone\" \/><\/span>\n\t\t<\/p>\n\t<\/div>\n<\/div>\n<div class=\"row\">\n\t<div class=\"col-12 col-s-6\">\n\t\t<p><label for=\"Country\">Pays (facultatif)<\/label><br \/>\n<span class=\"wpcf7-form-control-wrap\" data-name=\"Country\"><input size=\"40\" maxlength=\"400\" class=\"wpcf7-form-control wpcf7-text\" aria-invalid=\"false\" value=\"\" type=\"text\" name=\"Country\" \/><\/span>\n\t\t<\/p>\n\t<\/div>\n<\/div>\n<p><label for=\"Message\">Message*<\/label><br \/>\n<span class=\"wpcf7-form-control-wrap\" data-name=\"Message\"><textarea cols=\"40\" rows=\"6\" maxlength=\"2000\" class=\"wpcf7-form-control wpcf7-textarea wpcf7-validates-as-required\" aria-required=\"true\" aria-invalid=\"false\" name=\"Message\"><\/textarea><\/span>\n<\/p>\n<p>Acceptez de recevoir des informations sur nos derniers produits, nos nouvelles et nos offres sp\u00e9ciales.<br \/>\n<span class=\"wpcf7-form-control-wrap\" data-name=\"newsletter\"><span class=\"wpcf7-form-control wpcf7-radio\"><span class=\"wpcf7-list-item first\"><label><input type=\"radio\" name=\"newsletter\" value=\"Oui\" \/><span class=\"wpcf7-list-item-label\">Oui<\/span><\/label><\/span><span class=\"wpcf7-list-item last\"><label><input type=\"radio\" name=\"newsletter\" value=\"Non\" checked=\"checked\" \/><span class=\"wpcf7-list-item-label\">Non<\/span><\/label><\/span><\/span><\/span>\n<\/p>\n<div id=\"refer-div\">\n<\/div>\n<p><input class=\"wpcf7-form-control wpcf7-submit has-spinner button\" type=\"submit\" value=\"Envoyer\" \/>\n<\/p><div class=\"wpcf7-response-output\" aria-hidden=\"true\"><\/div>\n<\/form>\n<\/div>\n<\/div>\n<\/div>\n","protected":false},"excerpt":{"rendered":"<p>Chez Airparx, nous appr\u00e9cions vos demandes et vos commentaires. Que vous soyez un client existant ou un client potentiel, nous sommes l\u00e0 pour vous aider. N&rsquo;h\u00e9sitez pas \u00e0 nous contacter en utilisant les coordonn\u00e9es ci-dessous : T\u00e9l\u00e9phone dans le monde entier : +44 (0)1179 414918Courriel : info@airparx.com Bureau de vente Airparx Adresse :Airparx c\/o Airquee [&hellip;]<\/p>\n","protected":false},"author":1,"featured_media":3928,"parent":0,"menu_order":0,"comment_status":"closed","ping_status":"closed","template":"","meta":{"_acf_changed":false,"footnotes":""},"class_list":["post-4530","page","type-page","status-publish","has-post-thumbnail","hentry"],"acf":[],"yoast_head":"<!-- This site is optimized with the Yoast SEO Premium plugin v26.7 (Yoast SEO v27.3) - https:\/\/yoast.com\/product\/yoast-seo-premium-wordpress\/ -->\n<title>Contacter Airparx - Airparx<\/title>\n<meta name=\"description\" content=\"Contactez Airparx d\u00e8s aujourd&#039;hui pour des solutions innovantes en mati\u00e8re de parcs gonflables et de trampolines. Contactez-nous au +44 (0)1179 414918 ou \u00e0 info@airparx.com.\" \/>\n<meta name=\"robots\" content=\"index, follow, max-snippet:-1, max-image-preview:large, max-video-preview:-1\" \/>\n<link rel=\"canonical\" href=\"https:\/\/airparx.com\/fr\/contact-2\/\" \/>\n<meta property=\"og:locale\" content=\"fr_FR\" \/>\n<meta property=\"og:type\" content=\"article\" \/>\n<meta property=\"og:title\" content=\"Contacter Airparx\" \/>\n<meta property=\"og:description\" content=\"Contactez Airparx d\u00e8s aujourd&#039;hui pour des solutions innovantes en mati\u00e8re de parcs gonflables et de trampolines. Contactez-nous au +44 (0)1179 414918 ou \u00e0 info@airparx.com.\" \/>\n<meta property=\"og:url\" content=\"https:\/\/airparx.com\/fr\/contact-2\/\" \/>\n<meta property=\"og:site_name\" content=\"Airparx\" \/>\n<meta property=\"article:publisher\" content=\"https:\/\/www.facebook.com\/Airparx\/\" \/>\n<meta property=\"article:modified_time\" content=\"2024-09-12T12:45:24+00:00\" \/>\n<meta property=\"og:image\" content=\"https:\/\/airparx.com\/wp-content\/uploads\/2022\/06\/EU3A1175-scaled.jpeg\" \/>\n\t<meta property=\"og:image:width\" content=\"2560\" \/>\n\t<meta property=\"og:image:height\" content=\"1707\" \/>\n\t<meta property=\"og:image:type\" content=\"image\/jpeg\" \/>\n<meta name=\"twitter:card\" content=\"summary_large_image\" \/>\n<meta name=\"twitter:label1\" content=\"Dur\u00e9e de lecture estim\u00e9e\" \/>\n\t<meta name=\"twitter:data1\" content=\"1 minute\" \/>\n<script type=\"application\/ld+json\" class=\"yoast-schema-graph\">{\"@context\":\"https:\\\/\\\/schema.org\",\"@graph\":[{\"@type\":\"WebPage\",\"@id\":\"https:\\\/\\\/airparx.com\\\/fr\\\/contact-2\\\/\",\"url\":\"https:\\\/\\\/airparx.com\\\/fr\\\/contact-2\\\/\",\"name\":\"Contacter Airparx - Airparx\",\"isPartOf\":{\"@id\":\"https:\\\/\\\/airparx.com\\\/fr\\\/#website\"},\"primaryImageOfPage\":{\"@id\":\"https:\\\/\\\/airparx.com\\\/fr\\\/contact-2\\\/#primaryimage\"},\"image\":{\"@id\":\"https:\\\/\\\/airparx.com\\\/fr\\\/contact-2\\\/#primaryimage\"},\"thumbnailUrl\":\"https:\\\/\\\/airparx.com\\\/wp-content\\\/uploads\\\/2022\\\/06\\\/EU3A1175-scaled.jpeg\",\"datePublished\":\"2022-06-15T10:38:00+00:00\",\"dateModified\":\"2024-09-12T12:45:24+00:00\",\"description\":\"Contactez Airparx d\u00e8s aujourd'hui pour des solutions innovantes en mati\u00e8re de parcs gonflables et de trampolines. Contactez-nous au +44 (0)1179 414918 ou \u00e0 info@airparx.com.\",\"breadcrumb\":{\"@id\":\"https:\\\/\\\/airparx.com\\\/fr\\\/contact-2\\\/#breadcrumb\"},\"inLanguage\":\"fr-FR\",\"potentialAction\":[{\"@type\":\"ReadAction\",\"target\":[\"https:\\\/\\\/airparx.com\\\/fr\\\/contact-2\\\/\"]}]},{\"@type\":\"ImageObject\",\"inLanguage\":\"fr-FR\",\"@id\":\"https:\\\/\\\/airparx.com\\\/fr\\\/contact-2\\\/#primaryimage\",\"url\":\"https:\\\/\\\/airparx.com\\\/wp-content\\\/uploads\\\/2022\\\/06\\\/EU3A1175-scaled.jpeg\",\"contentUrl\":\"https:\\\/\\\/airparx.com\\\/wp-content\\\/uploads\\\/2022\\\/06\\\/EU3A1175-scaled.jpeg\",\"width\":2560,\"height\":1707},{\"@type\":\"BreadcrumbList\",\"@id\":\"https:\\\/\\\/airparx.com\\\/fr\\\/contact-2\\\/#breadcrumb\",\"itemListElement\":[{\"@type\":\"ListItem\",\"position\":1,\"name\":\"Home\",\"item\":\"https:\\\/\\\/airparx.com\\\/fr\\\/\"},{\"@type\":\"ListItem\",\"position\":2,\"name\":\"Contacter Airparx\"}]},{\"@type\":\"WebSite\",\"@id\":\"https:\\\/\\\/airparx.com\\\/fr\\\/#website\",\"url\":\"https:\\\/\\\/airparx.com\\\/fr\\\/\",\"name\":\"Airparx\",\"description\":\"Inflatable &amp; Trampoline Park Supplier\",\"publisher\":{\"@id\":\"https:\\\/\\\/airparx.com\\\/fr\\\/#organization\"},\"potentialAction\":[{\"@type\":\"SearchAction\",\"target\":{\"@type\":\"EntryPoint\",\"urlTemplate\":\"https:\\\/\\\/airparx.com\\\/fr\\\/?s={search_term_string}\"},\"query-input\":{\"@type\":\"PropertyValueSpecification\",\"valueRequired\":true,\"valueName\":\"search_term_string\"}}],\"inLanguage\":\"fr-FR\"},{\"@type\":\"Organization\",\"@id\":\"https:\\\/\\\/airparx.com\\\/fr\\\/#organization\",\"name\":\"Airparx\",\"url\":\"https:\\\/\\\/airparx.com\\\/fr\\\/\",\"logo\":{\"@type\":\"ImageObject\",\"inLanguage\":\"fr-FR\",\"@id\":\"https:\\\/\\\/airparx.com\\\/fr\\\/#\\\/schema\\\/logo\\\/image\\\/\",\"url\":\"https:\\\/\\\/airparx.com\\\/wp-content\\\/uploads\\\/2022\\\/06\\\/Airparx_Logo.png\",\"contentUrl\":\"https:\\\/\\\/airparx.com\\\/wp-content\\\/uploads\\\/2022\\\/06\\\/Airparx_Logo.png\",\"width\":1127,\"height\":461,\"caption\":\"Airparx\"},\"image\":{\"@id\":\"https:\\\/\\\/airparx.com\\\/fr\\\/#\\\/schema\\\/logo\\\/image\\\/\"},\"sameAs\":[\"https:\\\/\\\/www.facebook.com\\\/Airparx\\\/\",\"https:\\\/\\\/www.instagram.com\\\/airparx\\\/\",\"https:\\\/\\\/www.youtube.com\\\/playlist?list=PL2LZnxdxb4eX2paMpuL0QxEvopAtGzyqY\",\"https:\\\/\\\/www.linkedin.com\\\/company\\\/airparx\\\/\"]}]}<\/script>\n<!-- \/ Yoast SEO Premium plugin. -->","yoast_head_json":{"title":"Contacter Airparx - Airparx","description":"Contactez Airparx d\u00e8s aujourd'hui pour des solutions innovantes en mati\u00e8re de parcs gonflables et de trampolines. Contactez-nous au +44 (0)1179 414918 ou \u00e0 info@airparx.com.","robots":{"index":"index","follow":"follow","max-snippet":"max-snippet:-1","max-image-preview":"max-image-preview:large","max-video-preview":"max-video-preview:-1"},"canonical":"https:\/\/airparx.com\/fr\/contact-2\/","og_locale":"fr_FR","og_type":"article","og_title":"Contacter Airparx","og_description":"Contactez Airparx d\u00e8s aujourd'hui pour des solutions innovantes en mati\u00e8re de parcs gonflables et de trampolines. Contactez-nous au +44 (0)1179 414918 ou \u00e0 info@airparx.com.","og_url":"https:\/\/airparx.com\/fr\/contact-2\/","og_site_name":"Airparx","article_publisher":"https:\/\/www.facebook.com\/Airparx\/","article_modified_time":"2024-09-12T12:45:24+00:00","og_image":[{"width":2560,"height":1707,"url":"https:\/\/airparx.com\/wp-content\/uploads\/2022\/06\/EU3A1175-scaled.jpeg","type":"image\/jpeg"}],"twitter_card":"summary_large_image","twitter_misc":{"Dur\u00e9e de lecture estim\u00e9e":"1 minute"},"schema":{"@context":"https:\/\/schema.org","@graph":[{"@type":"WebPage","@id":"https:\/\/airparx.com\/fr\/contact-2\/","url":"https:\/\/airparx.com\/fr\/contact-2\/","name":"Contacter Airparx - Airparx","isPartOf":{"@id":"https:\/\/airparx.com\/fr\/#website"},"primaryImageOfPage":{"@id":"https:\/\/airparx.com\/fr\/contact-2\/#primaryimage"},"image":{"@id":"https:\/\/airparx.com\/fr\/contact-2\/#primaryimage"},"thumbnailUrl":"https:\/\/airparx.com\/wp-content\/uploads\/2022\/06\/EU3A1175-scaled.jpeg","datePublished":"2022-06-15T10:38:00+00:00","dateModified":"2024-09-12T12:45:24+00:00","description":"Contactez Airparx d\u00e8s aujourd'hui pour des solutions innovantes en mati\u00e8re de parcs gonflables et de trampolines. Contactez-nous au +44 (0)1179 414918 ou \u00e0 info@airparx.com.","breadcrumb":{"@id":"https:\/\/airparx.com\/fr\/contact-2\/#breadcrumb"},"inLanguage":"fr-FR","potentialAction":[{"@type":"ReadAction","target":["https:\/\/airparx.com\/fr\/contact-2\/"]}]},{"@type":"ImageObject","inLanguage":"fr-FR","@id":"https:\/\/airparx.com\/fr\/contact-2\/#primaryimage","url":"https:\/\/airparx.com\/wp-content\/uploads\/2022\/06\/EU3A1175-scaled.jpeg","contentUrl":"https:\/\/airparx.com\/wp-content\/uploads\/2022\/06\/EU3A1175-scaled.jpeg","width":2560,"height":1707},{"@type":"BreadcrumbList","@id":"https:\/\/airparx.com\/fr\/contact-2\/#breadcrumb","itemListElement":[{"@type":"ListItem","position":1,"name":"Home","item":"https:\/\/airparx.com\/fr\/"},{"@type":"ListItem","position":2,"name":"Contacter Airparx"}]},{"@type":"WebSite","@id":"https:\/\/airparx.com\/fr\/#website","url":"https:\/\/airparx.com\/fr\/","name":"Airparx","description":"Inflatable &amp; Trampoline Park Supplier","publisher":{"@id":"https:\/\/airparx.com\/fr\/#organization"},"potentialAction":[{"@type":"SearchAction","target":{"@type":"EntryPoint","urlTemplate":"https:\/\/airparx.com\/fr\/?s={search_term_string}"},"query-input":{"@type":"PropertyValueSpecification","valueRequired":true,"valueName":"search_term_string"}}],"inLanguage":"fr-FR"},{"@type":"Organization","@id":"https:\/\/airparx.com\/fr\/#organization","name":"Airparx","url":"https:\/\/airparx.com\/fr\/","logo":{"@type":"ImageObject","inLanguage":"fr-FR","@id":"https:\/\/airparx.com\/fr\/#\/schema\/logo\/image\/","url":"https:\/\/airparx.com\/wp-content\/uploads\/2022\/06\/Airparx_Logo.png","contentUrl":"https:\/\/airparx.com\/wp-content\/uploads\/2022\/06\/Airparx_Logo.png","width":1127,"height":461,"caption":"Airparx"},"image":{"@id":"https:\/\/airparx.com\/fr\/#\/schema\/logo\/image\/"},"sameAs":["https:\/\/www.facebook.com\/Airparx\/","https:\/\/www.instagram.com\/airparx\/","https:\/\/www.youtube.com\/playlist?list=PL2LZnxdxb4eX2paMpuL0QxEvopAtGzyqY","https:\/\/www.linkedin.com\/company\/airparx\/"]}]}},"_links":{"self":[{"href":"https:\/\/airparx.com\/fr\/wp-json\/wp\/v2\/pages\/4530","targetHints":{"allow":["GET"]}}],"collection":[{"href":"https:\/\/airparx.com\/fr\/wp-json\/wp\/v2\/pages"}],"about":[{"href":"https:\/\/airparx.com\/fr\/wp-json\/wp\/v2\/types\/page"}],"author":[{"embeddable":true,"href":"https:\/\/airparx.com\/fr\/wp-json\/wp\/v2\/users\/1"}],"replies":[{"embeddable":true,"href":"https:\/\/airparx.com\/fr\/wp-json\/wp\/v2\/comments?post=4530"}],"version-history":[{"count":4,"href":"https:\/\/airparx.com\/fr\/wp-json\/wp\/v2\/pages\/4530\/revisions"}],"predecessor-version":[{"id":9666,"href":"https:\/\/airparx.com\/fr\/wp-json\/wp\/v2\/pages\/4530\/revisions\/9666"}],"wp:featuredmedia":[{"embeddable":true,"href":"https:\/\/airparx.com\/fr\/wp-json\/wp\/v2\/media\/3928"}],"wp:attachment":[{"href":"https:\/\/airparx.com\/fr\/wp-json\/wp\/v2\/media?parent=4530"}],"curies":[{"name":"wp","href":"https:\/\/api.w.org\/{rel}","templated":true}]}}