{"id":9682,"date":"2024-08-09T10:29:20","date_gmt":"2024-08-09T09:29:20","guid":{"rendered":"https:\/\/airparx.com\/installations-en-vedette\/installation-dairparx-hupalupa\/"},"modified":"2024-09-12T14:00:48","modified_gmt":"2024-09-12T13:00:48","slug":"installation-dairparx-hupalupa","status":"publish","type":"page","link":"https:\/\/airparx.com\/fr\/installations-en-vedette\/installation-dairparx-hupalupa\/","title":{"rendered":"Installation d&rsquo;Airparx &#8211; HUPALUPA"},"content":{"rendered":"<div class=\"wp-core-heading\">\n<h2 class=\"wp-block-heading\">Un parc modulaire ext\u00e9rieur mobile en Turquie<\/h2>\n<\/div>\n\n<div class=\"wp-core-paragraph\">\n<p><em>\u00ab\u00a0Gr\u00e2ce \u00e0 nos efforts collectifs, nous avons donn\u00e9 vie \u00e0 deux gigantesques parcours d&rsquo;obstacles gonflables. Nous pensons que ces parcs gonflables sont d&rsquo;excellents exemples pour le monde entier. Un immense merci \u00e0 toute l&rsquo;\u00e9quipe, des ventes \u00e0 l&rsquo;installation, pour leur contribution exceptionnelle au projet HUPALUPA Go. Airparx s&rsquo;est av\u00e9r\u00e9 \u00eatre un partenaire remarquable\u00a0\u00bb.<\/em> &#8211; Merve Sengul, HUPALUPA.<\/p>\n<\/div>\n\n\n<blockquote class=\"wp-block-quote is-style-default has-medium-font-size is-layout-flow wp-block-quote-is-layout-flow\"><div class=\"wp-core-paragraph\">\n<p><\/p>\n<\/div><\/blockquote>\n\n\n<\/div><\/div><\/section><\/div><div id=''><\/div>\t<section class=\"bg-dark py-2 py-m-3 py-l-4\">\n\t\t<div class=\"wrap\">\n\t\t\t<article>\n\t\t\t\t<div class=\"row valign\">\n\t\t\t\t\t<div class=\"col-12 col-m-6\">\n\t\t\t\t\t\t<div class=\"animation fadein fromleft\" data-onscreen=\"false\">\n\t\t\t\t\t\t\t\t\t\t\t\t\t\t\t<h2>La br\u00e8ve<\/h2>\n<p>  Depuis 2021, Airparx travaille avec HUPALUPA pour fournir une solution modulaire de mini parc a\u00e9rien ext\u00e9rieur pour leur festival HUPALUPA GO &#8211; une version mobile de leur offre actuelle.<br \/>\nHUPALUPA, en Turquie, offre une exp\u00e9rience unique et passionnante pour les visiteurs de tous \u00e2ges combinant plaisir, excitation et aventure en fournissant une destination avec un \u00e9ventail d&rsquo;attractions attrayantes.<br \/>\nEn plus de la fabrication et de l&rsquo;installation de ce parc modulaire, Airparx a \u00e9t\u00e9 charg\u00e9 de concevoir des \u0153uvres d&rsquo;art lumineuses et vibrantes qui repr\u00e9sentent la marque HUPALUPA.  <\/p>\n\t\t\t\t\t\t\t\t\t\t\t\t\t<\/div>\n\t\t\t\t\t<\/div>\n\t\t\t\t\t<div class=\"col-12 col-m-6 mt-2 mt-m-0\">\n\t\t\t\t\t\t<div class=\"animation fadein fromright\" data-onscreen=\"false\">\n\t\t\t\t\t\t\t\t\t\t\t\t\t\t\t<figure class=\"block\">\n\t\t\t\t\t\t\t\t\t<img data-src=\"https:\/\/airparx.com\/wp-content\/uploads\/2024\/08\/Untitled-design.png\" \/>\n\t\t\t\t\t\t\t\t<\/figure>\n\t\t\t\t\t\t\t\t\t\t\t\t\t<\/div>\n\t\t\t\t\t<\/div>\n\t\t\t\t<\/div>\n\t\t\t<\/article>\n\t\t<\/div>\n\t<\/section>\n\n\t<section class=\"my-2 my-m-3 my-l-4\"><div class=\"wrap\"><div class=\"row\"><div class=\"col-12\">\n\n<\/div><\/div><\/section><\/div><div id=''><\/div>\t<section class=\"my-2 my-m-3 my-l-4\">\n\t\t<div class=\"wrap\">\n\t\t\t<article>\n\t\t\t\t<div class=\"row valign\">\n\t\t\t\t\t<div class=\"col-12 col-m-6\">\n\t\t\t\t\t\t<div class=\"animation fadein fromleft\" data-onscreen=\"false\">\n\t\t\t\t\t\t\t\t\t\t\t\t\t\t\t<figure class=\"block show-m\">\n\t\t\t\t\t\t\t\t\t<img data-src=\"https:\/\/airparx.com\/wp-content\/uploads\/2024\/08\/1.jpg\" \/>\n\t\t\t\t\t\t\t\t<\/figure>\n\t\t\t\t\t\t\t\t\t\t\t\t\t<\/div>\n\t\t\t\t\t<\/div>\n\t\t\t\t\t<div class=\"col-12 col-m-6 mt-2 mt-m-0\">\n\t\t\t\t\t\t<div class=\"animation fadein fromright\" data-onscreen=\"false\">\n\t\t\t\t\t\t\t\t\t\t\t\t\t\t\t<h2>Le d\u00e9fi<\/h2>\n<p>  Le d\u00e9fi de ce parc modulaire \u00e9tait d\u00fb \u00e0 la nature du cahier des charges : il devait \u00eatre mobile, c&rsquo;est-\u00e0-dire emball\u00e9 et d\u00e9plac\u00e9 facilement en Turquie.<br \/>\nL&rsquo;objectif principal d&rsquo;Airparx \u00e9tait de repousser les limites du possible et de perfectionner les mesures des tailles, les tailles d&#8217;emballage, les dimensions et le poids, le tout pour une utilisation mobile.<br \/>\nIl \u00e9tait important de s&rsquo;assurer que le projet \u00e9tait parfait d&rsquo;un point de vue logistique.<br \/>\nIl fallait d\u00e9cider une \u00e0 une des attractions, du nombre de modules, de la taille des unit\u00e9s et de la mani\u00e8re dont elles seraient reli\u00e9es entre elles.   <\/p>\n\t\t\t\t\t\t\t\t\t\t\t\t\t\t\t\t<figure class=\"block hide-m\">\n\t\t\t\t\t\t\t\t\t<img data-src=\"https:\/\/airparx.com\/wp-content\/uploads\/2024\/08\/1.jpg\" \/>\n\t\t\t\t\t\t\t\t<\/figure>\n\t\t\t\t\t\t\t\t\t\t\t\t\t<\/div>\n\t\t\t\t\t<\/div>\n\t\t\t\t<\/div>\n\t\t\t<\/article>\n\t\t<\/div>\n\t<\/section>\n\n\t<section class=\"my-2 my-m-3 my-l-4\"><div class=\"wrap\"><div class=\"row\"><div class=\"col-12\">\n\n<\/div><\/div><\/section><\/div><div id=''><\/div>\t<section class=\"bg-dark py-2 py-m-3 py-l-4\">\n\t\t<div class=\"wrap\">\n\t\t\t<article>\n\t\t\t\t<div class=\"row\">\n\t\t\t\t\t<div class=\"col-12 col-m-6\">\n\t\t\t\t\t\t<div class=\"animation fadein fromleft\" data-onscreen=\"false\">\n\t\t\t\t\t\t\t\t\t\t\t\t\t\t\t<h2>Le processus<\/h2>\n<p>  Une approche collaborative avec HUPALUPA a \u00e9t\u00e9 adopt\u00e9e, les concepteurs d&rsquo;Airparx devant s&rsquo;assurer que tous les d\u00e9fis \u00e9taient abord\u00e9s pour r\u00e9pondre aux exigences op\u00e9rationnelles.<br \/>\nL&rsquo;essentiel \u00e9tait de proposer une gamme d&rsquo;attractions diff\u00e9rentes qui s&rsquo;adressent \u00e0 la tranche d&rsquo;\u00e2ge d\u00e9mographique du festival.<br \/>\nLe temps d&rsquo;attente et l&rsquo;exp\u00e9rience sur les unit\u00e9s ont \u00e9t\u00e9 soigneusement con\u00e7us pour s&rsquo;assurer que les utilisateurs restent suffisamment longtemps pour profiter, et juste assez longtemps pour garder la motivation de revenir.<br \/>\nComme il s&rsquo;agit de l&rsquo;un des produits les plus r\u00e9cents de la gamme Airparx, ce projet a \u00e9t\u00e9 confi\u00e9 \u00e0 l&rsquo;\u00e9quipe de couturi\u00e8res la plus exp\u00e9riment\u00e9e de l&rsquo;usine.<br \/>\nCette \u00e9quipe de piqueuses exp\u00e9riment\u00e9es a produit plus de 180 parcs dans le monde et est toujours pr\u00eate \u00e0 relever de nouveaux d\u00e9fis.    <\/p>\n\t\t\t\t\t\t\t\t\t\t\t\t\t<\/div>\n\t\t\t\t\t<\/div>\n\t\t\t\t\t<div class=\"col-12 col-m-6 mt-2 mt-m-0\">\n\t\t\t\t\t\t<div class=\"animation fadein fromright\" data-onscreen=\"false\">\n\t\t\t\t\t\t\t\t\t\t\t\t\t\t\t<figure class=\"block\">\n\t\t\t\t\t\t\t\t\t<img data-src=\"https:\/\/airparx.com\/wp-content\/uploads\/2024\/08\/2.jpg\" \/>\n\t\t\t\t\t\t\t\t<\/figure>\n\t\t\t\t\t\t\t\t\t\t\t\t\t<\/div>\n\t\t\t\t\t<\/div>\n\t\t\t\t<\/div>\n\t\t\t<\/article>\n\t\t<\/div>\n\t<\/section>\n\n\t<section class=\"my-2 my-m-3 my-l-4\"><div class=\"wrap\"><div class=\"row\"><div class=\"col-12\">\n\n<\/div><\/div><\/section><\/div><div id=''><\/div>\t<section class=\"my-2 my-m-3 my-l-4\">\n\t\t<div class=\"wrap\">\n\t\t\t<article>\n\t\t\t\t<div class=\"row\">\n\t\t\t\t\t<div class=\"col-12 col-m-6\">\n\t\t\t\t\t\t<div class=\"animation fadein fromleft\" data-onscreen=\"false\">\n\t\t\t\t\t\t\t\t\t\t\t\t\t\t\t<figure class=\"block show-m\">\n\t\t\t\t\t\t\t\t\t<img data-src=\"https:\/\/airparx.com\/wp-content\/uploads\/2024\/08\/4.jpg\" \/>\n\t\t\t\t\t\t\t\t<\/figure>\n\t\t\t\t\t\t\t\t\t\t\t\t\t<\/div>\n\t\t\t\t\t<\/div>\n\t\t\t\t\t<div class=\"col-12 col-m-6 mt-2 mt-m-0\">\n\t\t\t\t\t\t<div class=\"animation fadein fromright\" data-onscreen=\"false\">\n\t\t\t\t\t\t\t\t\t\t\t\t\t\t\t<h2>Le r\u00e9sultat<\/h2>\n<p>  Ce concept de conception et d&rsquo;installation mobile \u00e9tant r\u00e9volutionnaire, Airparx a envoy\u00e9 une \u00e9quipe d&rsquo;installation sur mesure en Turquie, pour former et tester la premi\u00e8re installation et le premier emballage.<br \/>\nLe temps d&rsquo;installation et de d\u00e9montage ainsi que le temps d&#8217;emballage ont \u00e9t\u00e9 r\u00e9alis\u00e9s en un temps record.<br \/>\nLe concept mobile pour les festivals est devenu tr\u00e8s populaire entre 2021 et 2022, avec 5 festivals individuels.<br \/>\nLa demande augmentant, les attentes se sont multipli\u00e9es.<br \/>\nAirparx a cr\u00e9\u00e9 une deuxi\u00e8me unit\u00e9 en 2024 pour r\u00e9pondre \u00e0 la demande d&rsquo;une offre fantastique.<br \/>\nD\u00e9couvrez nos derni\u00e8res installations <strong><a href=\"https:\/\/airparx.com\/fr\/installations\/\">ICI<\/a><\/strong>     <\/p>\n\t\t\t\t\t\t\t\t\t\t\t\t\t\t\t\t<figure class=\"block hide-m\">\n\t\t\t\t\t\t\t\t\t<img data-src=\"https:\/\/airparx.com\/wp-content\/uploads\/2024\/08\/4.jpg\" \/>\n\t\t\t\t\t\t\t\t<\/figure>\n\t\t\t\t\t\t\t\t\t\t\t\t\t<\/div>\n\t\t\t\t\t<\/div>\n\t\t\t\t<\/div>\n\t\t\t<\/article>\n\t\t<\/div>\n\t<\/section>\n\n\t<section class=\"my-2 my-m-3 my-l-4\"><div class=\"wrap\"><div class=\"row\"><div class=\"col-12\">\n\n\n<div class=\"wp-block-group\"><div class=\"wp-block-group__inner-container is-layout-flow wp-block-group-is-layout-flow\">\n<section class=\"my-2 my-m-3 mt-l-4\">\n<div class=\"wrap\">\n<div class=\"row\">\n<article>\n<div class=\"col-12 col-m-7\">\n<h4>Contactez-nous d\u00e8s aujourd&rsquo;hui !<\/h4>\n<p>Vous \u00eates pr\u00eat \u00e0 franchir le pas et \u00e0 apporter l&rsquo;excitation dans votre \u00e9tablissement ?\nN&rsquo;h\u00e9sitez pas \u00e0 nous contacter pour obtenir plus d&rsquo;informations, des d\u00e9tails sur les prix ou pour discuter de vos besoins sp\u00e9cifiques.\nNotre \u00e9quipe d\u00e9vou\u00e9e \u00e0 Airparx est l\u00e0 pour vous aider \u00e0 transformer votre vision en r\u00e9alit\u00e9.  <\/p>\n\n<div class=\"wpcf7 no-js\" id=\"wpcf7-f5550-o1\" lang=\"fr-FR\" dir=\"ltr\" data-wpcf7-id=\"5550\">\n<div class=\"screen-reader-response\"><p role=\"status\" aria-live=\"polite\" aria-atomic=\"true\"><\/p> <ul><\/ul><\/div>\n<form action=\"\/fr\/wp-json\/wp\/v2\/pages\/9682#wpcf7-f5550-o1\" method=\"post\" class=\"wpcf7-form init\" aria-label=\"Formulaire de contact\" novalidate=\"novalidate\" data-status=\"init\">\n<fieldset class=\"hidden-fields-container\"><input type=\"hidden\" name=\"_wpcf7\" value=\"5550\" \/><input type=\"hidden\" name=\"_wpcf7_version\" value=\"6.1.5\" \/><input type=\"hidden\" name=\"_wpcf7_locale\" value=\"fr_FR\" \/><input type=\"hidden\" name=\"_wpcf7_unit_tag\" value=\"wpcf7-f5550-o1\" \/><input type=\"hidden\" name=\"_wpcf7_container_post\" value=\"0\" \/><input type=\"hidden\" name=\"_wpcf7_posted_data_hash\" value=\"\" \/><input type=\"hidden\" name=\"_wpcf7_recaptcha_response\" value=\"\" \/>\n<\/fieldset>\n<div class=\"row\">\n\t<div class=\"col-12 col-s-6\">\n\t\t<p><label for=\"Name\">Pr\u00e9nom*<\/label><br \/>\n<span class=\"wpcf7-form-control-wrap\" data-name=\"FirstName\"><input size=\"40\" maxlength=\"400\" class=\"wpcf7-form-control wpcf7-text wpcf7-validates-as-required\" aria-required=\"true\" aria-invalid=\"false\" value=\"\" type=\"text\" name=\"FirstName\" \/><\/span>\n\t\t<\/p>\n\t<\/div>\n\t<div class=\"col-12 col-s-6\">\n\t\t<p><label for=\"Name\">Nom de famille*<\/label><br \/>\n<span class=\"wpcf7-form-control-wrap\" data-name=\"LastName\"><input size=\"40\" maxlength=\"400\" class=\"wpcf7-form-control wpcf7-text wpcf7-validates-as-required\" aria-required=\"true\" aria-invalid=\"false\" value=\"\" type=\"text\" name=\"LastName\" \/><\/span>\n\t\t<\/p>\n\t<\/div>\n\t<div class=\"col-12 col-s-6 mt-05 mt-s-0\">\n\t\t<p><label for=\"Email\">Adresse \u00e9lectronique*<\/label><br \/>\n<span class=\"wpcf7-form-control-wrap\" data-name=\"Email\"><input size=\"40\" maxlength=\"400\" class=\"wpcf7-form-control wpcf7-email wpcf7-validates-as-required wpcf7-text wpcf7-validates-as-email\" aria-required=\"true\" aria-invalid=\"false\" value=\"\" type=\"email\" name=\"Email\" \/><\/span>\n\t\t<\/p>\n\t<\/div>\n<\/div>\n<div class=\"row\">\n\t<div class=\"col-12 col-s-6 mt-05 mt-s-0\">\n\t\t<p><label for=\"Company\">Nom de l'entreprise (facultatif)<\/label><br \/>\n<span class=\"wpcf7-form-control-wrap\" data-name=\"Company\"><input size=\"40\" maxlength=\"400\" class=\"wpcf7-form-control wpcf7-text\" aria-invalid=\"false\" value=\"\" type=\"text\" name=\"Company\" \/><\/span>\n\t\t<\/p>\n\t<\/div>\n\t<div class=\"col-12 col-s-6\">\n\t\t<p><label for=\"Phone\">Num\u00e9ro de t\u00e9l\u00e9phone (facultatif)<\/label><br \/>\n<span class=\"wpcf7-form-control-wrap\" data-name=\"Phone\"><input size=\"40\" maxlength=\"400\" class=\"wpcf7-form-control wpcf7-tel wpcf7-text wpcf7-validates-as-tel\" aria-invalid=\"false\" value=\"\" type=\"tel\" name=\"Phone\" \/><\/span>\n\t\t<\/p>\n\t<\/div>\n<\/div>\n<div class=\"row\">\n\t<div class=\"col-12 col-s-6\">\n\t\t<p><label for=\"Country\">Pays (facultatif)<\/label><br \/>\n<span class=\"wpcf7-form-control-wrap\" data-name=\"Country\"><input size=\"40\" maxlength=\"400\" class=\"wpcf7-form-control wpcf7-text\" aria-invalid=\"false\" value=\"\" type=\"text\" name=\"Country\" \/><\/span>\n\t\t<\/p>\n\t<\/div>\n<\/div>\n<p><label for=\"Message\">Message*<\/label><br \/>\n<span class=\"wpcf7-form-control-wrap\" data-name=\"Message\"><textarea cols=\"40\" rows=\"6\" maxlength=\"2000\" class=\"wpcf7-form-control wpcf7-textarea wpcf7-validates-as-required\" aria-required=\"true\" aria-invalid=\"false\" name=\"Message\"><\/textarea><\/span>\n<\/p>\n<p>Acceptez de recevoir des informations sur nos derniers produits, nos nouvelles et nos offres sp\u00e9ciales.<br \/>\n<span class=\"wpcf7-form-control-wrap\" data-name=\"newsletter\"><span class=\"wpcf7-form-control wpcf7-radio\"><span class=\"wpcf7-list-item first\"><label><input type=\"radio\" name=\"newsletter\" value=\"Oui\" \/><span class=\"wpcf7-list-item-label\">Oui<\/span><\/label><\/span><span class=\"wpcf7-list-item last\"><label><input type=\"radio\" name=\"newsletter\" value=\"Non\" checked=\"checked\" \/><span class=\"wpcf7-list-item-label\">Non<\/span><\/label><\/span><\/span><\/span>\n<\/p>\n<div id=\"refer-div\">\n<\/div>\n<p><input class=\"wpcf7-form-control wpcf7-submit has-spinner button\" type=\"submit\" value=\"Envoyer\" \/>\n<\/p><div class=\"wpcf7-response-output\" aria-hidden=\"true\"><\/div>\n<\/form>\n<\/div>\n\n<\/div>\n<p><!--.col--><\/p>\n<div class=\"col-5 col-xl-4 pull-xl-1 show-m mt-4\">\n<div class=\"usp-list\">\n<ul>\n<li>Leader de l&rsquo;industrie<\/li>\n<li>Solution cl\u00e9 en main<\/li>\n<li>Installations dans le monde entier<\/li>\n<li>Fabriqu\u00e9 en interne<\/li>\n<li>Un service \u00e0 la client\u00e8le de premier plan  <\/li>\n<\/ul>\n<\/div>\n<p><!--.usp-list--><\/p>\n<h5 class=\"mt-2\">Vous pouvez \u00e9galement nous appeler au<\/h5>\n<p class=\"mt-05 text-cyan\"><strong> <i class=\"fa fa-phone mr-05\" aria-hidden=\"true\"><\/i>  +44(0) 1179 414918  <\/strong><\/p>\n<\/div>\n<p><!--.col--><\/p>\n<\/article>\n<\/div>\n<p><!--.row--><\/p>\n<\/div>\n<p><!--.wrap--><\/p>\n<\/section>\n<\/div><\/div>\n","protected":false},"excerpt":{"rendered":"<p>Un parc modulaire ext\u00e9rieur mobile en Turquie \u00ab\u00a0Gr\u00e2ce \u00e0 nos efforts collectifs, nous avons donn\u00e9 vie \u00e0 deux gigantesques parcours d&rsquo;obstacles gonflables. Nous pensons que ces parcs gonflables sont d&rsquo;excellents exemples pour le monde entier. Un immense merci \u00e0 toute l&rsquo;\u00e9quipe, des ventes \u00e0 l&rsquo;installation, pour leur contribution exceptionnelle au projet HUPALUPA Go. Airparx s&rsquo;est [&hellip;]<\/p>\n","protected":false},"author":1,"featured_media":9052,"parent":4528,"menu_order":0,"comment_status":"closed","ping_status":"closed","template":"","meta":{"_acf_changed":false,"footnotes":""},"class_list":["post-9682","page","type-page","status-publish","has-post-thumbnail","hentry"],"acf":[],"yoast_head":"<!-- This site is optimized with the Yoast SEO Premium plugin v26.7 (Yoast SEO v27.3) - https:\/\/yoast.com\/product\/yoast-seo-premium-wordpress\/ -->\n<title>Installation d&#039;Airparx - HUPALUPA - Airparx<\/title>\n<meta name=\"description\" content=\"HUPALUPA est une installation d&#039;Airparx. Il s&#039;agit d&#039;un concept r\u00e9volutionnaire de design mobile qui offre une solution de parc gonflable modulaire en plein air.\" \/>\n<meta name=\"robots\" content=\"index, follow, max-snippet:-1, max-image-preview:large, max-video-preview:-1\" \/>\n<link rel=\"canonical\" href=\"https:\/\/airparx.com\/fr\/installations-en-vedette\/installation-dairparx-hupalupa\/\" \/>\n<meta property=\"og:locale\" content=\"fr_FR\" \/>\n<meta property=\"og:type\" content=\"article\" \/>\n<meta property=\"og:title\" content=\"Installation d&#039;Airparx - HUPALUPA\" \/>\n<meta property=\"og:description\" content=\"HUPALUPA est une installation d&#039;Airparx. Il s&#039;agit d&#039;un concept r\u00e9volutionnaire de design mobile qui offre une solution de parc gonflable modulaire en plein air.\" \/>\n<meta property=\"og:url\" content=\"https:\/\/airparx.com\/fr\/installations-en-vedette\/installation-dairparx-hupalupa\/\" \/>\n<meta property=\"og:site_name\" content=\"Airparx\" \/>\n<meta property=\"article:publisher\" content=\"https:\/\/www.facebook.com\/Airparx\/\" \/>\n<meta property=\"article:modified_time\" content=\"2024-09-12T13:00:48+00:00\" \/>\n<meta property=\"og:image\" content=\"https:\/\/airparx.com\/wp-content\/uploads\/2024\/08\/event_hupalupa_banner.webp\" \/>\n\t<meta property=\"og:image:width\" content=\"1920\" \/>\n\t<meta property=\"og:image:height\" content=\"600\" \/>\n\t<meta property=\"og:image:type\" content=\"image\/webp\" \/>\n<meta name=\"twitter:card\" content=\"summary_large_image\" \/>\n<meta name=\"twitter:label1\" content=\"Dur\u00e9e de lecture estim\u00e9e\" \/>\n\t<meta name=\"twitter:data1\" content=\"1 minute\" \/>\n<script type=\"application\/ld+json\" class=\"yoast-schema-graph\">{\"@context\":\"https:\\\/\\\/schema.org\",\"@graph\":[{\"@type\":\"WebPage\",\"@id\":\"https:\\\/\\\/airparx.com\\\/fr\\\/installations-en-vedette\\\/installation-dairparx-hupalupa\\\/\",\"url\":\"https:\\\/\\\/airparx.com\\\/fr\\\/installations-en-vedette\\\/installation-dairparx-hupalupa\\\/\",\"name\":\"Installation d'Airparx - HUPALUPA - Airparx\",\"isPartOf\":{\"@id\":\"https:\\\/\\\/airparx.com\\\/fr\\\/#website\"},\"primaryImageOfPage\":{\"@id\":\"https:\\\/\\\/airparx.com\\\/fr\\\/installations-en-vedette\\\/installation-dairparx-hupalupa\\\/#primaryimage\"},\"image\":{\"@id\":\"https:\\\/\\\/airparx.com\\\/fr\\\/installations-en-vedette\\\/installation-dairparx-hupalupa\\\/#primaryimage\"},\"thumbnailUrl\":\"https:\\\/\\\/airparx.com\\\/wp-content\\\/uploads\\\/2024\\\/08\\\/event_hupalupa_banner.webp\",\"datePublished\":\"2024-08-09T09:29:20+00:00\",\"dateModified\":\"2024-09-12T13:00:48+00:00\",\"description\":\"HUPALUPA est une installation d'Airparx. Il s'agit d'un concept r\u00e9volutionnaire de design mobile qui offre une solution de parc gonflable modulaire en plein air.\",\"breadcrumb\":{\"@id\":\"https:\\\/\\\/airparx.com\\\/fr\\\/installations-en-vedette\\\/installation-dairparx-hupalupa\\\/#breadcrumb\"},\"inLanguage\":\"fr-FR\",\"potentialAction\":[{\"@type\":\"ReadAction\",\"target\":[\"https:\\\/\\\/airparx.com\\\/fr\\\/installations-en-vedette\\\/installation-dairparx-hupalupa\\\/\"]}]},{\"@type\":\"ImageObject\",\"inLanguage\":\"fr-FR\",\"@id\":\"https:\\\/\\\/airparx.com\\\/fr\\\/installations-en-vedette\\\/installation-dairparx-hupalupa\\\/#primaryimage\",\"url\":\"https:\\\/\\\/airparx.com\\\/wp-content\\\/uploads\\\/2024\\\/08\\\/event_hupalupa_banner.webp\",\"contentUrl\":\"https:\\\/\\\/airparx.com\\\/wp-content\\\/uploads\\\/2024\\\/08\\\/event_hupalupa_banner.webp\",\"width\":1920,\"height\":600,\"caption\":\"HUPALUPA - Turkey\"},{\"@type\":\"BreadcrumbList\",\"@id\":\"https:\\\/\\\/airparx.com\\\/fr\\\/installations-en-vedette\\\/installation-dairparx-hupalupa\\\/#breadcrumb\",\"itemListElement\":[{\"@type\":\"ListItem\",\"position\":1,\"name\":\"Home\",\"item\":\"https:\\\/\\\/airparx.com\\\/fr\\\/\"},{\"@type\":\"ListItem\",\"position\":2,\"name\":\"Installations en vedette\",\"item\":\"https:\\\/\\\/airparx.com\\\/fr\\\/installations-en-vedette\\\/\"},{\"@type\":\"ListItem\",\"position\":3,\"name\":\"Installation d&#8217;Airparx &#8211; HUPALUPA\"}]},{\"@type\":\"WebSite\",\"@id\":\"https:\\\/\\\/airparx.com\\\/fr\\\/#website\",\"url\":\"https:\\\/\\\/airparx.com\\\/fr\\\/\",\"name\":\"Airparx\",\"description\":\"Inflatable &amp; Trampoline Park Supplier\",\"publisher\":{\"@id\":\"https:\\\/\\\/airparx.com\\\/fr\\\/#organization\"},\"potentialAction\":[{\"@type\":\"SearchAction\",\"target\":{\"@type\":\"EntryPoint\",\"urlTemplate\":\"https:\\\/\\\/airparx.com\\\/fr\\\/?s={search_term_string}\"},\"query-input\":{\"@type\":\"PropertyValueSpecification\",\"valueRequired\":true,\"valueName\":\"search_term_string\"}}],\"inLanguage\":\"fr-FR\"},{\"@type\":\"Organization\",\"@id\":\"https:\\\/\\\/airparx.com\\\/fr\\\/#organization\",\"name\":\"Airparx\",\"url\":\"https:\\\/\\\/airparx.com\\\/fr\\\/\",\"logo\":{\"@type\":\"ImageObject\",\"inLanguage\":\"fr-FR\",\"@id\":\"https:\\\/\\\/airparx.com\\\/fr\\\/#\\\/schema\\\/logo\\\/image\\\/\",\"url\":\"https:\\\/\\\/airparx.com\\\/wp-content\\\/uploads\\\/2022\\\/06\\\/Airparx_Logo.png\",\"contentUrl\":\"https:\\\/\\\/airparx.com\\\/wp-content\\\/uploads\\\/2022\\\/06\\\/Airparx_Logo.png\",\"width\":1127,\"height\":461,\"caption\":\"Airparx\"},\"image\":{\"@id\":\"https:\\\/\\\/airparx.com\\\/fr\\\/#\\\/schema\\\/logo\\\/image\\\/\"},\"sameAs\":[\"https:\\\/\\\/www.facebook.com\\\/Airparx\\\/\",\"https:\\\/\\\/www.instagram.com\\\/airparx\\\/\",\"https:\\\/\\\/www.youtube.com\\\/playlist?list=PL2LZnxdxb4eX2paMpuL0QxEvopAtGzyqY\",\"https:\\\/\\\/www.linkedin.com\\\/company\\\/airparx\\\/\"]}]}<\/script>\n<!-- \/ Yoast SEO Premium plugin. -->","yoast_head_json":{"title":"Installation d'Airparx - HUPALUPA - Airparx","description":"HUPALUPA est une installation d'Airparx. Il s'agit d'un concept r\u00e9volutionnaire de design mobile qui offre une solution de parc gonflable modulaire en plein air.","robots":{"index":"index","follow":"follow","max-snippet":"max-snippet:-1","max-image-preview":"max-image-preview:large","max-video-preview":"max-video-preview:-1"},"canonical":"https:\/\/airparx.com\/fr\/installations-en-vedette\/installation-dairparx-hupalupa\/","og_locale":"fr_FR","og_type":"article","og_title":"Installation d'Airparx - HUPALUPA","og_description":"HUPALUPA est une installation d'Airparx. Il s'agit d'un concept r\u00e9volutionnaire de design mobile qui offre une solution de parc gonflable modulaire en plein air.","og_url":"https:\/\/airparx.com\/fr\/installations-en-vedette\/installation-dairparx-hupalupa\/","og_site_name":"Airparx","article_publisher":"https:\/\/www.facebook.com\/Airparx\/","article_modified_time":"2024-09-12T13:00:48+00:00","og_image":[{"width":1920,"height":600,"url":"https:\/\/airparx.com\/wp-content\/uploads\/2024\/08\/event_hupalupa_banner.webp","type":"image\/webp"}],"twitter_card":"summary_large_image","twitter_misc":{"Dur\u00e9e de lecture estim\u00e9e":"1 minute"},"schema":{"@context":"https:\/\/schema.org","@graph":[{"@type":"WebPage","@id":"https:\/\/airparx.com\/fr\/installations-en-vedette\/installation-dairparx-hupalupa\/","url":"https:\/\/airparx.com\/fr\/installations-en-vedette\/installation-dairparx-hupalupa\/","name":"Installation d'Airparx - HUPALUPA - Airparx","isPartOf":{"@id":"https:\/\/airparx.com\/fr\/#website"},"primaryImageOfPage":{"@id":"https:\/\/airparx.com\/fr\/installations-en-vedette\/installation-dairparx-hupalupa\/#primaryimage"},"image":{"@id":"https:\/\/airparx.com\/fr\/installations-en-vedette\/installation-dairparx-hupalupa\/#primaryimage"},"thumbnailUrl":"https:\/\/airparx.com\/wp-content\/uploads\/2024\/08\/event_hupalupa_banner.webp","datePublished":"2024-08-09T09:29:20+00:00","dateModified":"2024-09-12T13:00:48+00:00","description":"HUPALUPA est une installation d'Airparx. Il s'agit d'un concept r\u00e9volutionnaire de design mobile qui offre une solution de parc gonflable modulaire en plein air.","breadcrumb":{"@id":"https:\/\/airparx.com\/fr\/installations-en-vedette\/installation-dairparx-hupalupa\/#breadcrumb"},"inLanguage":"fr-FR","potentialAction":[{"@type":"ReadAction","target":["https:\/\/airparx.com\/fr\/installations-en-vedette\/installation-dairparx-hupalupa\/"]}]},{"@type":"ImageObject","inLanguage":"fr-FR","@id":"https:\/\/airparx.com\/fr\/installations-en-vedette\/installation-dairparx-hupalupa\/#primaryimage","url":"https:\/\/airparx.com\/wp-content\/uploads\/2024\/08\/event_hupalupa_banner.webp","contentUrl":"https:\/\/airparx.com\/wp-content\/uploads\/2024\/08\/event_hupalupa_banner.webp","width":1920,"height":600,"caption":"HUPALUPA - Turkey"},{"@type":"BreadcrumbList","@id":"https:\/\/airparx.com\/fr\/installations-en-vedette\/installation-dairparx-hupalupa\/#breadcrumb","itemListElement":[{"@type":"ListItem","position":1,"name":"Home","item":"https:\/\/airparx.com\/fr\/"},{"@type":"ListItem","position":2,"name":"Installations en vedette","item":"https:\/\/airparx.com\/fr\/installations-en-vedette\/"},{"@type":"ListItem","position":3,"name":"Installation d&#8217;Airparx &#8211; HUPALUPA"}]},{"@type":"WebSite","@id":"https:\/\/airparx.com\/fr\/#website","url":"https:\/\/airparx.com\/fr\/","name":"Airparx","description":"Inflatable &amp; Trampoline Park Supplier","publisher":{"@id":"https:\/\/airparx.com\/fr\/#organization"},"potentialAction":[{"@type":"SearchAction","target":{"@type":"EntryPoint","urlTemplate":"https:\/\/airparx.com\/fr\/?s={search_term_string}"},"query-input":{"@type":"PropertyValueSpecification","valueRequired":true,"valueName":"search_term_string"}}],"inLanguage":"fr-FR"},{"@type":"Organization","@id":"https:\/\/airparx.com\/fr\/#organization","name":"Airparx","url":"https:\/\/airparx.com\/fr\/","logo":{"@type":"ImageObject","inLanguage":"fr-FR","@id":"https:\/\/airparx.com\/fr\/#\/schema\/logo\/image\/","url":"https:\/\/airparx.com\/wp-content\/uploads\/2022\/06\/Airparx_Logo.png","contentUrl":"https:\/\/airparx.com\/wp-content\/uploads\/2022\/06\/Airparx_Logo.png","width":1127,"height":461,"caption":"Airparx"},"image":{"@id":"https:\/\/airparx.com\/fr\/#\/schema\/logo\/image\/"},"sameAs":["https:\/\/www.facebook.com\/Airparx\/","https:\/\/www.instagram.com\/airparx\/","https:\/\/www.youtube.com\/playlist?list=PL2LZnxdxb4eX2paMpuL0QxEvopAtGzyqY","https:\/\/www.linkedin.com\/company\/airparx\/"]}]}},"_links":{"self":[{"href":"https:\/\/airparx.com\/fr\/wp-json\/wp\/v2\/pages\/9682","targetHints":{"allow":["GET"]}}],"collection":[{"href":"https:\/\/airparx.com\/fr\/wp-json\/wp\/v2\/pages"}],"about":[{"href":"https:\/\/airparx.com\/fr\/wp-json\/wp\/v2\/types\/page"}],"author":[{"embeddable":true,"href":"https:\/\/airparx.com\/fr\/wp-json\/wp\/v2\/users\/1"}],"replies":[{"embeddable":true,"href":"https:\/\/airparx.com\/fr\/wp-json\/wp\/v2\/comments?post=9682"}],"version-history":[{"count":2,"href":"https:\/\/airparx.com\/fr\/wp-json\/wp\/v2\/pages\/9682\/revisions"}],"predecessor-version":[{"id":9735,"href":"https:\/\/airparx.com\/fr\/wp-json\/wp\/v2\/pages\/9682\/revisions\/9735"}],"up":[{"embeddable":true,"href":"https:\/\/airparx.com\/fr\/wp-json\/wp\/v2\/pages\/4528"}],"wp:featuredmedia":[{"embeddable":true,"href":"https:\/\/airparx.com\/fr\/wp-json\/wp\/v2\/media\/9052"}],"wp:attachment":[{"href":"https:\/\/airparx.com\/fr\/wp-json\/wp\/v2\/media?parent=9682"}],"curies":[{"name":"wp","href":"https:\/\/api.w.org\/{rel}","templated":true}]}}