{"id":9701,"date":"2024-08-14T14:25:59","date_gmt":"2024-08-14T13:25:59","guid":{"rendered":"https:\/\/airparx.com\/installations-en-vedette\/installation-airparx-vertigo-fun-park\/"},"modified":"2024-09-13T09:09:39","modified_gmt":"2024-09-13T08:09:39","slug":"installation-airparx-vertigo-fun-park","status":"publish","type":"page","link":"https:\/\/airparx.com\/fr\/installations-en-vedette\/installation-airparx-vertigo-fun-park\/","title":{"rendered":"Installation Airparx &#8211; Vertigo Fun Park"},"content":{"rendered":"<div class=\"wp-core-heading\">\n<h2 class=\"wp-block-heading\">Un \u00e9norme parc gonflable aux \u00c9tats-Unis<\/h2>\n<\/div>\n\n<div class=\"wp-core-paragraph\">\n<p>\u00ab\u00a0<em>Depuis son ouverture en mai 2024, notre Inflatapark de 12 000 pieds carr\u00e9s a connu un \u00e9norme succ\u00e8s, et nous attribuons une grande partie de ce succ\u00e8s \u00e0 la qualit\u00e9 exceptionnelle des produits d&rsquo;Airparx et \u00e0 leur service impeccable.<\/em><\/p>\n<\/div>\n\n<div class=\"wp-core-paragraph\">\n<p><em>De la premi\u00e8re consultation commerciale aux phases de conception et d&rsquo;installation, Airparx a fait preuve d&rsquo;un professionnalisme et d&rsquo;un d\u00e9vouement in\u00e9gal\u00e9s.\nLeur \u00e9quipe \u00e9tait tr\u00e8s comp\u00e9tente et incroyablement accommodante, s&rsquo;assurant que notre vision pour Vertigo Fun Park \u00e9tait concr\u00e9tis\u00e9e avec pr\u00e9cision et cr\u00e9ativit\u00e9. <\/em><\/p>\n<\/div>\n\n<div class=\"wp-core-paragraph\">\n<p><em>L&rsquo;ensemble du processus s&rsquo;est d\u00e9roul\u00e9 de mani\u00e8re harmonieuse et agr\u00e9able, l&rsquo;\u00e9quipe d&rsquo;Airparx ayant fourni une assistance et des conseils excellents \u00e0 chaque \u00e9tape du processus.\nLeur service apr\u00e8s-vente a \u00e9t\u00e9 tout aussi impressionnant, renfor\u00e7ant encore notre confiance dans leur engagement \u00e0 satisfaire leurs clients. <\/em>\u00ab\u00a0Jimmy Valiani, propri\u00e9taire du Vertigo Fun Park.<\/p>\n<\/div>\n\n<\/div><\/div><\/section><\/div><div id=''><\/div>\t<section class=\"bg-dark py-2 py-m-3 py-l-4\">\n\t\t<div class=\"wrap\">\n\t\t\t<article>\n\t\t\t\t<div class=\"row valign\">\n\t\t\t\t\t<div class=\"col-12 col-m-6\">\n\t\t\t\t\t\t<div class=\"animation fadein fromleft\" data-onscreen=\"false\">\n\t\t\t\t\t\t\t\t\t\t\t\t\t\t\t<h2>La br\u00e8ve<\/h2>\n<p>  En 2022, Airparx a \u00e9t\u00e9 contact\u00e9 par un centre de jeux doux pour ajouter un parc gonflable en rattrapage.<br \/>\nApr\u00e8s de nombreuses consultations, le cahier des charges s&rsquo;est orient\u00e9 vers un parc gonflable \u00e0 grande \u00e9chelle.<br \/>\nVertigo Fun Park devait \u00eatre quelque chose de sp\u00e9cial.<br \/>\nIl devait int\u00e9grer de nouvelles technologies pour r\u00e9pondre \u00e0 la demande de centres de loisirs familiaux modernes et innovants.<br \/>\nCe parc a \u00e9t\u00e9 inspir\u00e9 par Xtreme Craze California qui a connu un grand succ\u00e8s &#8211; une autre installation d&rsquo;Airparx.    <\/p>\n\t\t\t\t\t\t\t\t\t\t\t\t\t<\/div>\n\t\t\t\t\t<\/div>\n\t\t\t\t\t<div class=\"col-12 col-m-6 mt-2 mt-m-0\">\n\t\t\t\t\t\t<div class=\"animation fadein fromright\" data-onscreen=\"false\">\n\t\t\t\t\t\t\t\t\t\t\t\t\t\t\t<figure class=\"block\">\n\t\t\t\t\t\t\t\t\t<img data-src=\"https:\/\/airparx.com\/wp-content\/uploads\/2024\/08\/7.jpg\" \/>\n\t\t\t\t\t\t\t\t<\/figure>\n\t\t\t\t\t\t\t\t\t\t\t\t\t<\/div>\n\t\t\t\t\t<\/div>\n\t\t\t\t<\/div>\n\t\t\t<\/article>\n\t\t<\/div>\n\t<\/section>\n\n\t<section class=\"my-2 my-m-3 my-l-4\"><div class=\"wrap\"><div class=\"row\"><div class=\"col-12\">\n\n<\/div><\/div><\/section><\/div><div id=''><\/div>\t<section class=\"my-2 my-m-3 my-l-4\">\n\t\t<div class=\"wrap\">\n\t\t\t<article>\n\t\t\t\t<div class=\"row valign\">\n\t\t\t\t\t<div class=\"col-12 col-m-6\">\n\t\t\t\t\t\t<div class=\"animation fadein fromleft\" data-onscreen=\"false\">\n\t\t\t\t\t\t\t\t\t\t\t\t\t\t\t<figure class=\"block show-m\">\n\t\t\t\t\t\t\t\t\t<img data-src=\"https:\/\/airparx.com\/wp-content\/uploads\/2024\/08\/8.jpg\" \/>\n\t\t\t\t\t\t\t\t<\/figure>\n\t\t\t\t\t\t\t\t\t\t\t\t\t<\/div>\n\t\t\t\t\t<\/div>\n\t\t\t\t\t<div class=\"col-12 col-m-6 mt-2 mt-m-0\">\n\t\t\t\t\t\t<div class=\"animation fadein fromright\" data-onscreen=\"false\">\n\t\t\t\t\t\t\t\t\t\t\t\t\t\t\t<h2>Le d\u00e9fi<\/h2>\n<p>  Ce projet a \u00e9t\u00e9 confront\u00e9 \u00e0 un certain nombre de d\u00e9fis en mati\u00e8re de permis de construire et m\u00eame \u00e0 un changement de lieu.<br \/>\nL&rsquo;\u00e9quipe d&rsquo;Airparx a d\u00fb faire preuve d&rsquo;adaptabilit\u00e9 et s&rsquo;assurer que la logistique \u00e9tait parfaite.<br \/>\nL&rsquo;\u00e9quipe d&rsquo;Airparx a travaill\u00e9 avec le client pour rechercher des \u00e9l\u00e9ments interactifs nouveaux et innovants adapt\u00e9s au march\u00e9 cible.<br \/>\nCes \u00e9l\u00e9ments interactifs ont \u00e9t\u00e9 choisis et plac\u00e9s avec soin dans le parc pour assurer une utilisation optimale de l&rsquo;espace.   <\/p>\n\t\t\t\t\t\t\t\t\t\t\t\t\t\t\t\t<figure class=\"block hide-m\">\n\t\t\t\t\t\t\t\t\t<img data-src=\"https:\/\/airparx.com\/wp-content\/uploads\/2024\/08\/8.jpg\" \/>\n\t\t\t\t\t\t\t\t<\/figure>\n\t\t\t\t\t\t\t\t\t\t\t\t\t<\/div>\n\t\t\t\t\t<\/div>\n\t\t\t\t<\/div>\n\t\t\t<\/article>\n\t\t<\/div>\n\t<\/section>\n\n\t<section class=\"my-2 my-m-3 my-l-4\"><div class=\"wrap\"><div class=\"row\"><div class=\"col-12\">\n\n<\/div><\/div><\/section><\/div><div id=''><\/div>\t<section class=\"bg-dark py-2 py-m-3 py-l-4\">\n\t\t<div class=\"wrap\">\n\t\t\t<article>\n\t\t\t\t<div class=\"row valign\">\n\t\t\t\t\t<div class=\"col-12 col-m-6\">\n\t\t\t\t\t\t<div class=\"animation fadein fromleft\" data-onscreen=\"false\">\n\t\t\t\t\t\t\t\t\t\t\t\t\t\t\t<h2>Le processus<\/h2>\n<p>  Le processus a \u00e9t\u00e9 plus long que d&rsquo;habitude en raison des complications li\u00e9es \u00e0 la construction, mais les deux parties ont pers\u00e9v\u00e9r\u00e9 avec l&rsquo;objectif principal en t\u00eate.<br \/>\nGr\u00e2ce \u00e0 l&rsquo;exp\u00e9rience d&rsquo;Airparx avec Xtreme Craze, des informations pr\u00e9cieuses ont \u00e9t\u00e9 utilis\u00e9es pour faire avancer ce projet, de la conception \u00e0 l&rsquo;installation en passant par la fabrication. <\/p>\n\t\t\t\t\t\t\t\t\t\t\t\t\t<\/div>\n\t\t\t\t\t<\/div>\n\t\t\t\t\t<div class=\"col-12 col-m-6 mt-2 mt-m-0\">\n\t\t\t\t\t\t<div class=\"animation fadein fromright\" data-onscreen=\"false\">\n\t\t\t\t\t\t\t\t\t\t\t\t\t\t\t<figure class=\"block\">\n\t\t\t\t\t\t\t\t\t<img data-src=\"https:\/\/airparx.com\/wp-content\/uploads\/2024\/08\/6.jpg\" \/>\n\t\t\t\t\t\t\t\t<\/figure>\n\t\t\t\t\t\t\t\t\t\t\t\t\t<\/div>\n\t\t\t\t\t<\/div>\n\t\t\t\t<\/div>\n\t\t\t<\/article>\n\t\t<\/div>\n\t<\/section>\n\n\t<section class=\"my-2 my-m-3 my-l-4\"><div class=\"wrap\"><div class=\"row\"><div class=\"col-12\">\n\n<\/div><\/div><\/section><\/div><div id=''><\/div>\t<section class=\"my-2 my-m-3 my-l-4\">\n\t\t<div class=\"wrap\">\n\t\t\t<article>\n\t\t\t\t<div class=\"row valign\">\n\t\t\t\t\t<div class=\"col-12 col-m-6\">\n\t\t\t\t\t\t<div class=\"animation fadein fromleft\" data-onscreen=\"false\">\n\t\t\t\t\t\t\t\t\t\t\t\t\t\t\t<figure class=\"block show-m\">\n\t\t\t\t\t\t\t\t\t<img data-src=\"https:\/\/airparx.com\/wp-content\/uploads\/2024\/08\/5.jpg\" \/>\n\t\t\t\t\t\t\t\t<\/figure>\n\t\t\t\t\t\t\t\t\t\t\t\t\t<\/div>\n\t\t\t\t\t<\/div>\n\t\t\t\t\t<div class=\"col-12 col-m-6 mt-2 mt-m-0\">\n\t\t\t\t\t\t<div class=\"animation fadein fromright\" data-onscreen=\"false\">\n\t\t\t\t\t\t\t\t\t\t\t\t\t\t\t<h2>Le r\u00e9sultat<\/h2>\n<p>  En 2024, apr\u00e8s 2 ans de pr\u00e9paration, Vertigo Fun Park, l&rsquo;\u00e9norme parc gonflable int\u00e9rieur de 895m2 a ouvert ses portes en G\u00e9orgie, aux \u00c9tats-Unis, poursuivant la croissance d&rsquo;Airparx sur le march\u00e9 am\u00e9ricain.<br \/>\nVertigo Fun Park propose d\u00e9sormais des attractions de parc gonflable pour tous les \u00e2ges, c\u00f4te \u00e0 c\u00f4te avec des installations d&rsquo;arcade interactive et de gellyball pour les amateurs d&rsquo;aventure de diff\u00e9rents degr\u00e9s.<br \/>\nD\u00e9couvrez nos derni\u00e8res installations <a href=\"https:\/\/airparx.com\/fr\/installations\/\"><strong>ICI<\/strong><\/a>.  <\/p>\n\t\t\t\t\t\t\t\t\t\t\t\t\t\t\t\t<figure class=\"block hide-m\">\n\t\t\t\t\t\t\t\t\t<img data-src=\"https:\/\/airparx.com\/wp-content\/uploads\/2024\/08\/5.jpg\" \/>\n\t\t\t\t\t\t\t\t<\/figure>\n\t\t\t\t\t\t\t\t\t\t\t\t\t<\/div>\n\t\t\t\t\t<\/div>\n\t\t\t\t<\/div>\n\t\t\t<\/article>\n\t\t<\/div>\n\t<\/section>\n\n\t<section class=\"my-2 my-m-3 my-l-4\"><div class=\"wrap\"><div class=\"row\"><div class=\"col-12\">\n\n\n<div class=\"wp-block-group\"><div class=\"wp-block-group__inner-container is-layout-flow wp-block-group-is-layout-flow\">\n<section class=\"my-2 my-m-3 mt-l-4\">\n<div class=\"wrap\">\n<div class=\"row\">\n<article>\n<div class=\"col-12 col-m-7\">\n<h4>Contactez-nous d\u00e8s aujourd&rsquo;hui !<\/h4>\n<p>Vous \u00eates pr\u00eat \u00e0 franchir le pas et \u00e0 apporter l&rsquo;excitation dans votre \u00e9tablissement ?\nN&rsquo;h\u00e9sitez pas \u00e0 nous contacter pour obtenir plus d&rsquo;informations, des d\u00e9tails sur les prix ou pour discuter de vos besoins sp\u00e9cifiques.\nNotre \u00e9quipe d\u00e9vou\u00e9e \u00e0 Airparx est l\u00e0 pour vous aider \u00e0 transformer votre vision en r\u00e9alit\u00e9.  <\/p>\n\n<div class=\"wpcf7 no-js\" id=\"wpcf7-f5550-o1\" lang=\"fr-FR\" dir=\"ltr\" data-wpcf7-id=\"5550\">\n<div class=\"screen-reader-response\"><p role=\"status\" aria-live=\"polite\" aria-atomic=\"true\"><\/p> <ul><\/ul><\/div>\n<form action=\"\/fr\/wp-json\/wp\/v2\/pages\/9701#wpcf7-f5550-o1\" method=\"post\" class=\"wpcf7-form init\" aria-label=\"Formulaire de contact\" novalidate=\"novalidate\" data-status=\"init\">\n<fieldset class=\"hidden-fields-container\"><input type=\"hidden\" name=\"_wpcf7\" value=\"5550\" \/><input type=\"hidden\" name=\"_wpcf7_version\" value=\"6.1.5\" \/><input type=\"hidden\" name=\"_wpcf7_locale\" value=\"fr_FR\" \/><input type=\"hidden\" name=\"_wpcf7_unit_tag\" value=\"wpcf7-f5550-o1\" \/><input type=\"hidden\" name=\"_wpcf7_container_post\" value=\"0\" \/><input type=\"hidden\" name=\"_wpcf7_posted_data_hash\" value=\"\" \/><input type=\"hidden\" name=\"_wpcf7_recaptcha_response\" value=\"\" \/>\n<\/fieldset>\n<div class=\"row\">\n\t<div class=\"col-12 col-s-6\">\n\t\t<p><label for=\"Name\">Pr\u00e9nom*<\/label><br \/>\n<span class=\"wpcf7-form-control-wrap\" data-name=\"FirstName\"><input size=\"40\" maxlength=\"400\" class=\"wpcf7-form-control wpcf7-text wpcf7-validates-as-required\" aria-required=\"true\" aria-invalid=\"false\" value=\"\" type=\"text\" name=\"FirstName\" \/><\/span>\n\t\t<\/p>\n\t<\/div>\n\t<div class=\"col-12 col-s-6\">\n\t\t<p><label for=\"Name\">Nom de famille*<\/label><br \/>\n<span class=\"wpcf7-form-control-wrap\" data-name=\"LastName\"><input size=\"40\" maxlength=\"400\" class=\"wpcf7-form-control wpcf7-text wpcf7-validates-as-required\" aria-required=\"true\" aria-invalid=\"false\" value=\"\" type=\"text\" name=\"LastName\" \/><\/span>\n\t\t<\/p>\n\t<\/div>\n\t<div class=\"col-12 col-s-6 mt-05 mt-s-0\">\n\t\t<p><label for=\"Email\">Adresse \u00e9lectronique*<\/label><br \/>\n<span class=\"wpcf7-form-control-wrap\" data-name=\"Email\"><input size=\"40\" maxlength=\"400\" class=\"wpcf7-form-control wpcf7-email wpcf7-validates-as-required wpcf7-text wpcf7-validates-as-email\" aria-required=\"true\" aria-invalid=\"false\" value=\"\" type=\"email\" name=\"Email\" \/><\/span>\n\t\t<\/p>\n\t<\/div>\n<\/div>\n<div class=\"row\">\n\t<div class=\"col-12 col-s-6 mt-05 mt-s-0\">\n\t\t<p><label for=\"Company\">Nom de l'entreprise (facultatif)<\/label><br \/>\n<span class=\"wpcf7-form-control-wrap\" data-name=\"Company\"><input size=\"40\" maxlength=\"400\" class=\"wpcf7-form-control wpcf7-text\" aria-invalid=\"false\" value=\"\" type=\"text\" name=\"Company\" \/><\/span>\n\t\t<\/p>\n\t<\/div>\n\t<div class=\"col-12 col-s-6\">\n\t\t<p><label for=\"Phone\">Num\u00e9ro de t\u00e9l\u00e9phone (facultatif)<\/label><br \/>\n<span class=\"wpcf7-form-control-wrap\" data-name=\"Phone\"><input size=\"40\" maxlength=\"400\" class=\"wpcf7-form-control wpcf7-tel wpcf7-text wpcf7-validates-as-tel\" aria-invalid=\"false\" value=\"\" type=\"tel\" name=\"Phone\" \/><\/span>\n\t\t<\/p>\n\t<\/div>\n<\/div>\n<div class=\"row\">\n\t<div class=\"col-12 col-s-6\">\n\t\t<p><label for=\"Country\">Pays (facultatif)<\/label><br \/>\n<span class=\"wpcf7-form-control-wrap\" data-name=\"Country\"><input size=\"40\" maxlength=\"400\" class=\"wpcf7-form-control wpcf7-text\" aria-invalid=\"false\" value=\"\" type=\"text\" name=\"Country\" \/><\/span>\n\t\t<\/p>\n\t<\/div>\n<\/div>\n<p><label for=\"Message\">Message*<\/label><br \/>\n<span class=\"wpcf7-form-control-wrap\" data-name=\"Message\"><textarea cols=\"40\" rows=\"6\" maxlength=\"2000\" class=\"wpcf7-form-control wpcf7-textarea wpcf7-validates-as-required\" aria-required=\"true\" aria-invalid=\"false\" name=\"Message\"><\/textarea><\/span>\n<\/p>\n<p>Acceptez de recevoir des informations sur nos derniers produits, nos nouvelles et nos offres sp\u00e9ciales.<br \/>\n<span class=\"wpcf7-form-control-wrap\" data-name=\"newsletter\"><span class=\"wpcf7-form-control wpcf7-radio\"><span class=\"wpcf7-list-item first\"><label><input type=\"radio\" name=\"newsletter\" value=\"Oui\" \/><span class=\"wpcf7-list-item-label\">Oui<\/span><\/label><\/span><span class=\"wpcf7-list-item last\"><label><input type=\"radio\" name=\"newsletter\" value=\"Non\" checked=\"checked\" \/><span class=\"wpcf7-list-item-label\">Non<\/span><\/label><\/span><\/span><\/span>\n<\/p>\n<div id=\"refer-div\">\n<\/div>\n<p><input class=\"wpcf7-form-control wpcf7-submit has-spinner button\" type=\"submit\" value=\"Envoyer\" \/>\n<\/p><div class=\"wpcf7-response-output\" aria-hidden=\"true\"><\/div>\n<\/form>\n<\/div>\n\n<\/div>\n<p><!--.col--><\/p>\n<div class=\"col-5 col-xl-4 pull-xl-1 show-m mt-4\">\n<div class=\"usp-list\">\n<ul>\n<li>Leader de l&rsquo;industrie<\/li>\n<li>Solution cl\u00e9 en main<\/li>\n<li>Installations dans le monde entier<\/li>\n<li>Fabriqu\u00e9 en interne<\/li>\n<li>Un service \u00e0 la client\u00e8le de premier plan  <\/li>\n<\/ul>\n<\/div>\n<p><!--.usp-list--><\/p>\n<h5 class=\"mt-2\">Vous pouvez \u00e9galement nous appeler au<\/h5>\n<p class=\"mt-05 text-cyan\"><strong> <i class=\"fa fa-phone mr-05\" aria-hidden=\"true\"><\/i>  +44(0) 1179 414918  <\/strong><\/p>\n<\/div>\n<p><!--.col--><\/p>\n<\/article>\n<\/div>\n<p><!--.row--><\/p>\n<\/div>\n<p><!--.wrap--><\/p>\n<\/section>\n<\/div><\/div>\n","protected":false},"excerpt":{"rendered":"<p>Un \u00e9norme parc gonflable aux \u00c9tats-Unis \u00ab\u00a0Depuis son ouverture en mai 2024, notre Inflatapark de 12 000 pieds carr\u00e9s a connu un \u00e9norme succ\u00e8s, et nous attribuons une grande partie de ce succ\u00e8s \u00e0 la qualit\u00e9 exceptionnelle des produits d&rsquo;Airparx et \u00e0 leur service impeccable. De la premi\u00e8re consultation commerciale aux phases de conception et [&hellip;]<\/p>\n","protected":false},"author":1,"featured_media":9124,"parent":4528,"menu_order":0,"comment_status":"closed","ping_status":"closed","template":"","meta":{"_acf_changed":false,"footnotes":""},"class_list":["post-9701","page","type-page","status-publish","has-post-thumbnail","hentry"],"acf":[],"yoast_head":"<!-- This site is optimized with the Yoast SEO Premium plugin v26.7 (Yoast SEO v27.3) - https:\/\/yoast.com\/product\/yoast-seo-premium-wordpress\/ -->\n<title>Installation Airparx - Vertigo Fun Park - Airparx<\/title>\n<meta name=\"description\" content=\"Vertigo Fun Park est une installation d&#039;Airparx. Cet \u00e9norme parc gonflable situ\u00e9 en G\u00e9orgie, aux \u00c9tats-Unis, comporte de nombreux \u00e9l\u00e9ments interactifs.\" \/>\n<meta name=\"robots\" content=\"index, follow, max-snippet:-1, max-image-preview:large, max-video-preview:-1\" \/>\n<link rel=\"canonical\" href=\"https:\/\/airparx.com\/fr\/installations-en-vedette\/installation-airparx-vertigo-fun-park\/\" \/>\n<meta property=\"og:locale\" content=\"fr_FR\" \/>\n<meta property=\"og:type\" content=\"article\" \/>\n<meta property=\"og:title\" content=\"Installation Airparx - Vertigo Fun Park\" \/>\n<meta property=\"og:description\" content=\"Vertigo Fun Park est une installation d&#039;Airparx. Cet \u00e9norme parc gonflable situ\u00e9 en G\u00e9orgie, aux \u00c9tats-Unis, comporte de nombreux \u00e9l\u00e9ments interactifs.\" \/>\n<meta property=\"og:url\" content=\"https:\/\/airparx.com\/fr\/installations-en-vedette\/installation-airparx-vertigo-fun-park\/\" \/>\n<meta property=\"og:site_name\" content=\"Airparx\" \/>\n<meta property=\"article:publisher\" content=\"https:\/\/www.facebook.com\/Airparx\/\" \/>\n<meta property=\"article:modified_time\" content=\"2024-09-13T08:09:39+00:00\" \/>\n<meta property=\"og:image\" content=\"https:\/\/airparx.com\/wp-content\/uploads\/2024\/08\/20240516_105921-scaled.jpg\" \/>\n\t<meta property=\"og:image:width\" content=\"2560\" \/>\n\t<meta property=\"og:image:height\" content=\"1920\" \/>\n\t<meta property=\"og:image:type\" content=\"image\/jpeg\" \/>\n<meta name=\"twitter:card\" content=\"summary_large_image\" \/>\n<meta name=\"twitter:label1\" content=\"Dur\u00e9e de lecture estim\u00e9e\" \/>\n\t<meta name=\"twitter:data1\" content=\"2 minutes\" \/>\n<script type=\"application\/ld+json\" class=\"yoast-schema-graph\">{\"@context\":\"https:\\\/\\\/schema.org\",\"@graph\":[{\"@type\":\"WebPage\",\"@id\":\"https:\\\/\\\/airparx.com\\\/fr\\\/installations-en-vedette\\\/installation-airparx-vertigo-fun-park\\\/\",\"url\":\"https:\\\/\\\/airparx.com\\\/fr\\\/installations-en-vedette\\\/installation-airparx-vertigo-fun-park\\\/\",\"name\":\"Installation Airparx - Vertigo Fun Park - Airparx\",\"isPartOf\":{\"@id\":\"https:\\\/\\\/airparx.com\\\/fr\\\/#website\"},\"primaryImageOfPage\":{\"@id\":\"https:\\\/\\\/airparx.com\\\/fr\\\/installations-en-vedette\\\/installation-airparx-vertigo-fun-park\\\/#primaryimage\"},\"image\":{\"@id\":\"https:\\\/\\\/airparx.com\\\/fr\\\/installations-en-vedette\\\/installation-airparx-vertigo-fun-park\\\/#primaryimage\"},\"thumbnailUrl\":\"https:\\\/\\\/airparx.com\\\/wp-content\\\/uploads\\\/2024\\\/08\\\/20240516_105921-scaled.jpg\",\"datePublished\":\"2024-08-14T13:25:59+00:00\",\"dateModified\":\"2024-09-13T08:09:39+00:00\",\"description\":\"Vertigo Fun Park est une installation d'Airparx. Cet \u00e9norme parc gonflable situ\u00e9 en G\u00e9orgie, aux \u00c9tats-Unis, comporte de nombreux \u00e9l\u00e9ments interactifs.\",\"breadcrumb\":{\"@id\":\"https:\\\/\\\/airparx.com\\\/fr\\\/installations-en-vedette\\\/installation-airparx-vertigo-fun-park\\\/#breadcrumb\"},\"inLanguage\":\"fr-FR\",\"potentialAction\":[{\"@type\":\"ReadAction\",\"target\":[\"https:\\\/\\\/airparx.com\\\/fr\\\/installations-en-vedette\\\/installation-airparx-vertigo-fun-park\\\/\"]}]},{\"@type\":\"ImageObject\",\"inLanguage\":\"fr-FR\",\"@id\":\"https:\\\/\\\/airparx.com\\\/fr\\\/installations-en-vedette\\\/installation-airparx-vertigo-fun-park\\\/#primaryimage\",\"url\":\"https:\\\/\\\/airparx.com\\\/wp-content\\\/uploads\\\/2024\\\/08\\\/20240516_105921-scaled.jpg\",\"contentUrl\":\"https:\\\/\\\/airparx.com\\\/wp-content\\\/uploads\\\/2024\\\/08\\\/20240516_105921-scaled.jpg\",\"width\":2560,\"height\":1920,\"caption\":\"Vertigo Fun Park - Georgia, US\"},{\"@type\":\"BreadcrumbList\",\"@id\":\"https:\\\/\\\/airparx.com\\\/fr\\\/installations-en-vedette\\\/installation-airparx-vertigo-fun-park\\\/#breadcrumb\",\"itemListElement\":[{\"@type\":\"ListItem\",\"position\":1,\"name\":\"Home\",\"item\":\"https:\\\/\\\/airparx.com\\\/fr\\\/\"},{\"@type\":\"ListItem\",\"position\":2,\"name\":\"Installations en vedette\",\"item\":\"https:\\\/\\\/airparx.com\\\/fr\\\/installations-en-vedette\\\/\"},{\"@type\":\"ListItem\",\"position\":3,\"name\":\"Installation Airparx &#8211; Vertigo Fun Park\"}]},{\"@type\":\"WebSite\",\"@id\":\"https:\\\/\\\/airparx.com\\\/fr\\\/#website\",\"url\":\"https:\\\/\\\/airparx.com\\\/fr\\\/\",\"name\":\"Airparx\",\"description\":\"Inflatable &amp; Trampoline Park Supplier\",\"publisher\":{\"@id\":\"https:\\\/\\\/airparx.com\\\/fr\\\/#organization\"},\"potentialAction\":[{\"@type\":\"SearchAction\",\"target\":{\"@type\":\"EntryPoint\",\"urlTemplate\":\"https:\\\/\\\/airparx.com\\\/fr\\\/?s={search_term_string}\"},\"query-input\":{\"@type\":\"PropertyValueSpecification\",\"valueRequired\":true,\"valueName\":\"search_term_string\"}}],\"inLanguage\":\"fr-FR\"},{\"@type\":\"Organization\",\"@id\":\"https:\\\/\\\/airparx.com\\\/fr\\\/#organization\",\"name\":\"Airparx\",\"url\":\"https:\\\/\\\/airparx.com\\\/fr\\\/\",\"logo\":{\"@type\":\"ImageObject\",\"inLanguage\":\"fr-FR\",\"@id\":\"https:\\\/\\\/airparx.com\\\/fr\\\/#\\\/schema\\\/logo\\\/image\\\/\",\"url\":\"https:\\\/\\\/airparx.com\\\/wp-content\\\/uploads\\\/2022\\\/06\\\/Airparx_Logo.png\",\"contentUrl\":\"https:\\\/\\\/airparx.com\\\/wp-content\\\/uploads\\\/2022\\\/06\\\/Airparx_Logo.png\",\"width\":1127,\"height\":461,\"caption\":\"Airparx\"},\"image\":{\"@id\":\"https:\\\/\\\/airparx.com\\\/fr\\\/#\\\/schema\\\/logo\\\/image\\\/\"},\"sameAs\":[\"https:\\\/\\\/www.facebook.com\\\/Airparx\\\/\",\"https:\\\/\\\/www.instagram.com\\\/airparx\\\/\",\"https:\\\/\\\/www.youtube.com\\\/playlist?list=PL2LZnxdxb4eX2paMpuL0QxEvopAtGzyqY\",\"https:\\\/\\\/www.linkedin.com\\\/company\\\/airparx\\\/\"]}]}<\/script>\n<!-- \/ Yoast SEO Premium plugin. -->","yoast_head_json":{"title":"Installation Airparx - Vertigo Fun Park - Airparx","description":"Vertigo Fun Park est une installation d'Airparx. Cet \u00e9norme parc gonflable situ\u00e9 en G\u00e9orgie, aux \u00c9tats-Unis, comporte de nombreux \u00e9l\u00e9ments interactifs.","robots":{"index":"index","follow":"follow","max-snippet":"max-snippet:-1","max-image-preview":"max-image-preview:large","max-video-preview":"max-video-preview:-1"},"canonical":"https:\/\/airparx.com\/fr\/installations-en-vedette\/installation-airparx-vertigo-fun-park\/","og_locale":"fr_FR","og_type":"article","og_title":"Installation Airparx - Vertigo Fun Park","og_description":"Vertigo Fun Park est une installation d'Airparx. Cet \u00e9norme parc gonflable situ\u00e9 en G\u00e9orgie, aux \u00c9tats-Unis, comporte de nombreux \u00e9l\u00e9ments interactifs.","og_url":"https:\/\/airparx.com\/fr\/installations-en-vedette\/installation-airparx-vertigo-fun-park\/","og_site_name":"Airparx","article_publisher":"https:\/\/www.facebook.com\/Airparx\/","article_modified_time":"2024-09-13T08:09:39+00:00","og_image":[{"width":2560,"height":1920,"url":"https:\/\/airparx.com\/wp-content\/uploads\/2024\/08\/20240516_105921-scaled.jpg","type":"image\/jpeg"}],"twitter_card":"summary_large_image","twitter_misc":{"Dur\u00e9e de lecture estim\u00e9e":"2 minutes"},"schema":{"@context":"https:\/\/schema.org","@graph":[{"@type":"WebPage","@id":"https:\/\/airparx.com\/fr\/installations-en-vedette\/installation-airparx-vertigo-fun-park\/","url":"https:\/\/airparx.com\/fr\/installations-en-vedette\/installation-airparx-vertigo-fun-park\/","name":"Installation Airparx - Vertigo Fun Park - Airparx","isPartOf":{"@id":"https:\/\/airparx.com\/fr\/#website"},"primaryImageOfPage":{"@id":"https:\/\/airparx.com\/fr\/installations-en-vedette\/installation-airparx-vertigo-fun-park\/#primaryimage"},"image":{"@id":"https:\/\/airparx.com\/fr\/installations-en-vedette\/installation-airparx-vertigo-fun-park\/#primaryimage"},"thumbnailUrl":"https:\/\/airparx.com\/wp-content\/uploads\/2024\/08\/20240516_105921-scaled.jpg","datePublished":"2024-08-14T13:25:59+00:00","dateModified":"2024-09-13T08:09:39+00:00","description":"Vertigo Fun Park est une installation d'Airparx. Cet \u00e9norme parc gonflable situ\u00e9 en G\u00e9orgie, aux \u00c9tats-Unis, comporte de nombreux \u00e9l\u00e9ments interactifs.","breadcrumb":{"@id":"https:\/\/airparx.com\/fr\/installations-en-vedette\/installation-airparx-vertigo-fun-park\/#breadcrumb"},"inLanguage":"fr-FR","potentialAction":[{"@type":"ReadAction","target":["https:\/\/airparx.com\/fr\/installations-en-vedette\/installation-airparx-vertigo-fun-park\/"]}]},{"@type":"ImageObject","inLanguage":"fr-FR","@id":"https:\/\/airparx.com\/fr\/installations-en-vedette\/installation-airparx-vertigo-fun-park\/#primaryimage","url":"https:\/\/airparx.com\/wp-content\/uploads\/2024\/08\/20240516_105921-scaled.jpg","contentUrl":"https:\/\/airparx.com\/wp-content\/uploads\/2024\/08\/20240516_105921-scaled.jpg","width":2560,"height":1920,"caption":"Vertigo Fun Park - Georgia, US"},{"@type":"BreadcrumbList","@id":"https:\/\/airparx.com\/fr\/installations-en-vedette\/installation-airparx-vertigo-fun-park\/#breadcrumb","itemListElement":[{"@type":"ListItem","position":1,"name":"Home","item":"https:\/\/airparx.com\/fr\/"},{"@type":"ListItem","position":2,"name":"Installations en vedette","item":"https:\/\/airparx.com\/fr\/installations-en-vedette\/"},{"@type":"ListItem","position":3,"name":"Installation Airparx &#8211; Vertigo Fun Park"}]},{"@type":"WebSite","@id":"https:\/\/airparx.com\/fr\/#website","url":"https:\/\/airparx.com\/fr\/","name":"Airparx","description":"Inflatable &amp; Trampoline Park Supplier","publisher":{"@id":"https:\/\/airparx.com\/fr\/#organization"},"potentialAction":[{"@type":"SearchAction","target":{"@type":"EntryPoint","urlTemplate":"https:\/\/airparx.com\/fr\/?s={search_term_string}"},"query-input":{"@type":"PropertyValueSpecification","valueRequired":true,"valueName":"search_term_string"}}],"inLanguage":"fr-FR"},{"@type":"Organization","@id":"https:\/\/airparx.com\/fr\/#organization","name":"Airparx","url":"https:\/\/airparx.com\/fr\/","logo":{"@type":"ImageObject","inLanguage":"fr-FR","@id":"https:\/\/airparx.com\/fr\/#\/schema\/logo\/image\/","url":"https:\/\/airparx.com\/wp-content\/uploads\/2022\/06\/Airparx_Logo.png","contentUrl":"https:\/\/airparx.com\/wp-content\/uploads\/2022\/06\/Airparx_Logo.png","width":1127,"height":461,"caption":"Airparx"},"image":{"@id":"https:\/\/airparx.com\/fr\/#\/schema\/logo\/image\/"},"sameAs":["https:\/\/www.facebook.com\/Airparx\/","https:\/\/www.instagram.com\/airparx\/","https:\/\/www.youtube.com\/playlist?list=PL2LZnxdxb4eX2paMpuL0QxEvopAtGzyqY","https:\/\/www.linkedin.com\/company\/airparx\/"]}]}},"_links":{"self":[{"href":"https:\/\/airparx.com\/fr\/wp-json\/wp\/v2\/pages\/9701","targetHints":{"allow":["GET"]}}],"collection":[{"href":"https:\/\/airparx.com\/fr\/wp-json\/wp\/v2\/pages"}],"about":[{"href":"https:\/\/airparx.com\/fr\/wp-json\/wp\/v2\/types\/page"}],"author":[{"embeddable":true,"href":"https:\/\/airparx.com\/fr\/wp-json\/wp\/v2\/users\/1"}],"replies":[{"embeddable":true,"href":"https:\/\/airparx.com\/fr\/wp-json\/wp\/v2\/comments?post=9701"}],"version-history":[{"count":2,"href":"https:\/\/airparx.com\/fr\/wp-json\/wp\/v2\/pages\/9701\/revisions"}],"predecessor-version":[{"id":9804,"href":"https:\/\/airparx.com\/fr\/wp-json\/wp\/v2\/pages\/9701\/revisions\/9804"}],"up":[{"embeddable":true,"href":"https:\/\/airparx.com\/fr\/wp-json\/wp\/v2\/pages\/4528"}],"wp:featuredmedia":[{"embeddable":true,"href":"https:\/\/airparx.com\/fr\/wp-json\/wp\/v2\/media\/9124"}],"wp:attachment":[{"href":"https:\/\/airparx.com\/fr\/wp-json\/wp\/v2\/media?parent=9701"}],"curies":[{"name":"wp","href":"https:\/\/api.w.org\/{rel}","templated":true}]}}