{"id":9722,"date":"2024-08-28T08:38:53","date_gmt":"2024-08-28T07:38:53","guid":{"rendered":"https:\/\/airparx.com\/lacademie-de-formation-airparx-propulsee-par-kidztivity\/"},"modified":"2024-09-19T10:34:08","modified_gmt":"2024-09-19T09:34:08","slug":"lacademie-de-formation-airparx-propulsee-par-kidztivity","status":"publish","type":"page","link":"https:\/\/airparx.com\/fr\/lacademie-de-formation-airparx-propulsee-par-kidztivity\/","title":{"rendered":"L&rsquo;acad\u00e9mie de formation Airparx, propuls\u00e9e par Kidztivity"},"content":{"rendered":"\n<div class=\"wp-block-columns is-layout-flex wp-container-core-columns-is-layout-9d6595d7 wp-block-columns-is-layout-flex\">\n<div class=\"wp-block-column is-layout-flow wp-block-column-is-layout-flow\"><div class=\"wp-core-paragraph\">\n<p>Airparx s&rsquo;est associ\u00e9 \u00e0 Kidztivity pour offrir aux centres de loisirs familiaux l&rsquo;Acad\u00e9mie de formation Airparx.\nKidztivity se concentrera sur la fourniture d&rsquo;une formation de pointe aux centres de divertissement familial, \u00e0 la fois lors de l&rsquo;installation de nouveaux produits et pour r\u00e9engager les \u00e9quipes travaillant avec l&rsquo;\u00e9quipement existant. <\/p>\n<\/div><\/div>\n<\/div>\n<\/div><\/div><\/section><\/div><div id=''><\/div>\t<section class=\"bg-fonc\u00e9 py-2 py-m-3 py-l-4\">\n\t\t<div class=\"wrap\">\n\t\t\t<article>\n\t\t\t\t<div class=\"row valign\">\n\t\t\t\t\t<div class=\"col-12 col-m-6\">\n\t\t\t\t\t\t<div class=\"animation fadein fromleft\" data-onscreen=\"false\">\n\t\t\t\t\t\t\t\t\t\t\t\t\t\t\t<h2><b>Qui est Kidztivity ?<\/b><\/h2>\n<p><a href=\"https:\/\/kidztivity.com\"><strong>Kidztivity<\/strong><\/a> sont des sp\u00e9cialistes des activit\u00e9s pour enfants qui sont \u00e0 la pointe de l&rsquo;innovation en mati\u00e8re d&rsquo;activit\u00e9s pour enfants.<br \/>\nIls proposent des formations, des conseils et des programmes reconnus par l&rsquo;industrie et s&rsquo;appuient sur plus de 25 ans d&rsquo;expertise dans le secteur.<br \/>\nEn accord avec les valeurs d&rsquo;Airparx, Kidztivity s&rsquo;engage \u00e0 fournir des solutions de classe mondiale qui inspirent et engagent les jeunes esprits, en encourageant l&rsquo;amour de l&rsquo;activit\u00e9 physique et du sport tout au long de la vie.  <\/p>\n\t\t\t\t\t\t\t\t\t\t\t\t\t<\/div>\n\t\t\t\t\t<\/div>\n\t\t\t\t\t<div class=\"col-12 col-m-6 mt-2 mt-m-0\">\n\t\t\t\t\t\t<div class=\"animation fadein fromright\" data-onscreen=\"false\">\n\t\t\t\t\t\t\t\t\t\t\t\t\t\t\t<figure class=\"block\">\n\t\t\t\t\t\t\t\t\t<img data-src=\"https:\/\/airparx.com\/wp-content\/uploads\/2024\/08\/16.png\" \/>\n\t\t\t\t\t\t\t\t<\/figure>\n\t\t\t\t\t\t\t\t\t\t\t\t\t<\/div>\n\t\t\t\t\t<\/div>\n\t\t\t\t<\/div>\n\t\t\t<\/article>\n\t\t<\/div>\n\t<\/section>\n\n\t<section class=\"my-2 my-m-3 my-l-4\"><div class=\"wrap\"><div class=\"row\"><div class=\"col-12\"><\/div><\/div><\/section><\/div><div id=''><\/div>\t<section class=\"my-2 my-m-3 my-l-4\">\n\t\t<div class=\"wrap\">\n\t\t\t<article>\n\t\t\t\t<div class=\"row valign\">\n\t\t\t\t\t<div class=\"col-12 col-m-6\">\n\t\t\t\t\t\t<div class=\"animation fadein fromleft\" data-onscreen=\"false\">\n\t\t\t\t\t\t\t\t\t\t\t\t\t\t\t<figure class=\"block show-m\">\n\t\t\t\t\t\t\t\t\t<img data-src=\"https:\/\/airparx.com\/wp-content\/uploads\/2024\/08\/Airparx-Website-Images.png\" \/>\n\t\t\t\t\t\t\t\t<\/figure>\n\t\t\t\t\t\t\t\t\t\t\t\t\t<\/div>\n\t\t\t\t\t<\/div>\n\t\t\t\t\t<div class=\"col-12 col-m-6 mt-2 mt-m-0\">\n\t\t\t\t\t\t<div class=\"animation fadein fromright\" data-onscreen=\"false\">\n\t\t\t\t\t\t\t\t\t\t\t\t\t\t\t<h2>Kidztivity en partenariat avec Airparx<\/h2>\n<p>  L&rsquo;Airparx Training Academy, powered by Kidztivity, se concentrera sur la fourniture d&rsquo;une formation de pointe aux FEC, \u00e0 la fois pendant l&rsquo;installation de nouveaux produits et pour r\u00e9engager les \u00e9quipes travaillant avec des \u00e9quipements existants.<br \/>\nCe partenariat offre aux clients d&rsquo;Airparx une s\u00e9rie exclusive de webinaires gratuits, ainsi que des offres sur les services d&rsquo;\u00e9ducation et de formation.<br \/>\nLes clients actuels d&rsquo;Airparx ont d\u00e9sormais acc\u00e8s \u00e0 des remises exclusives et les nouveaux clients b\u00e9n\u00e9ficieront d&rsquo;une formation dans le cadre de nouveaux forfaits d&rsquo;installation visant \u00e0 am\u00e9liorer l&rsquo;exp\u00e9rience globale des op\u00e9rateurs et de leurs clients.  <\/p>\n\t\t\t\t\t\t\t\t\t\t\t\t\t\t\t\t<figure class=\"block hide-m\">\n\t\t\t\t\t\t\t\t\t<img data-src=\"https:\/\/airparx.com\/wp-content\/uploads\/2024\/08\/Airparx-Website-Images.png\" \/>\n\t\t\t\t\t\t\t\t<\/figure>\n\t\t\t\t\t\t\t\t\t\t\t\t\t<\/div>\n\t\t\t\t\t<\/div>\n\t\t\t\t<\/div>\n\t\t\t<\/article>\n\t\t<\/div>\n\t<\/section>\n\n\t<section class=\"my-2 my-m-3 my-l-4\"><div class=\"wrap\"><div class=\"row\"><div class=\"col-12\"><\/div><\/div><\/section><\/div><div id=''><\/div>\t<section class=\"bg-fonc\u00e9 py-2 py-m-3 py-l-4\">\n\t\t<div class=\"wrap\">\n\t\t\t<article>\n\t\t\t\t<div class=\"row valign\">\n\t\t\t\t\t<div class=\"col-12 col-m-6\">\n\t\t\t\t\t\t<div class=\"animation fadein fromleft\" data-onscreen=\"false\">\n\t\t\t\t\t\t\t\t\t\t\t\t\t\t\t<h2><b>Webinaires Kidztivity<\/b><\/h2>\n<p>  Le premier des webinaires interactifs, qui aura lieu le 30 septembre \u00e0 14 heures GMT, examinera les \u00e9tapes n\u00e9cessaires au lancement et \u00e0 l&rsquo;exploitation de camps de vacances uniques au sein des centres d&rsquo;h\u00e9bergement.<br \/>\nIl y aura des guides simples \u00ab\u00a0faits pour vous\u00a0\u00bb pour augmenter les revenus et les visites r\u00e9p\u00e9t\u00e9es afin d&rsquo;aider \u00e0 la croissance de l&rsquo;entreprise.<br \/>\nLe second, le 3 octobre \u00e0 14h GMT, sera une introduction \u00e0 l&rsquo;am\u00e9lioration de l&rsquo;engagement entre les \u00e9quipes d&rsquo;animation, les enfants et les familles, couvrant la conversation, la gestion des situations difficiles, la pr\u00e9sentation de l&rsquo;\u00e9quipement et l&rsquo;organisation de mini-d\u00e9fis.  <\/p>\n\t\t\t\t\t\t\t\t\t\t\t\t\t<\/div>\n\t\t\t\t\t<\/div>\n\t\t\t\t\t<div class=\"col-12 col-m-6 mt-2 mt-m-0\">\n\t\t\t\t\t\t<div class=\"animation fadein fromright\" data-onscreen=\"false\">\n\t\t\t\t\t\t\t\t\t\t\t\t\t\t\t<figure class=\"block\">\n\t\t\t\t\t\t\t\t\t<img data-src=\"https:\/\/airparx.com\/wp-content\/uploads\/2024\/08\/15.png\" \/>\n\t\t\t\t\t\t\t\t<\/figure>\n\t\t\t\t\t\t\t\t\t\t\t\t\t<\/div>\n\t\t\t\t\t<\/div>\n\t\t\t\t<\/div>\n\t\t\t<\/article>\n\t\t<\/div>\n\t<\/section>\n\n\t<section class=\"my-2 my-m-3 my-l-4\"><div class=\"wrap\"><div class=\"row\"><div class=\"col-12\"><div class=\"wp-core-heading\">\n<h2 class=\"wp-block-heading\">Inscrivez-vous d\u00e8s aujourd&rsquo;hui !<\/h2>\n<\/div><div class=\"wp-core-paragraph\">\n<p>Webinaire 1 : 30 septembre 2024, 14h00 GMT<\/p>\n<\/div><div class=\"wp-core-paragraph\">\n<p>G\u00e9n\u00e9rer des revenus avec les camps de vacances : une introduction au lancement de camps de vacances au sein de votre FEC<\/p>\n<\/div><div class=\"wp-core-paragraph\">\n<p>Inscrivez-vous <a href=\"https:\/\/zoom.us\/webinar\/register\/WN_kR6z5xvdQAK5w-OuELdOVw#\/registration\"><strong>ICI<\/strong><\/a><\/p>\n<\/div><div class=\"wp-core-paragraph\">\n<p>Webinaire 2 : 3 octobre 2024, 14h00 GMT<\/p>\n<\/div><div class=\"wp-core-paragraph\">\n<p>Am\u00e9liorez l&rsquo;engagement de vos clients &#8211; une introduction pour mieux engager les enfants et les familles avec votre FEC<\/p>\n<\/div><div class=\"wp-core-paragraph\">\n<p>Inscrivez-vous <a href=\"https:\/\/zoom.us\/webinar\/register\/WN_JpqQiQEIRrOvVcrKtnvS3A#\/registration\"><strong>ICI<\/strong><\/a><\/p>\n<\/div>\n<div class=\"wp-block-group\"><div class=\"wp-block-group__inner-container is-layout-flow wp-block-group-is-layout-flow\">\n<section class=\"my-2 my-m-3 mt-l-4\">\n<div class=\"wrap\">\n<div class=\"row\">\n<article>\n<div class=\"col-12 col-m-7\">\n<h4>Contactez-nous d\u00e8s aujourd&rsquo;hui !<\/h4>\n<p>Vous \u00eates pr\u00eat \u00e0 franchir le pas et \u00e0 apporter l&rsquo;excitation dans votre \u00e9tablissement ?\nN&rsquo;h\u00e9sitez pas \u00e0 nous contacter pour obtenir plus d&rsquo;informations, des d\u00e9tails sur les prix ou pour discuter de vos besoins sp\u00e9cifiques.\nNotre \u00e9quipe d\u00e9vou\u00e9e \u00e0 Airparx est l\u00e0 pour vous aider \u00e0 transformer votre vision en r\u00e9alit\u00e9.  <\/p>\n\n<div class=\"wpcf7 no-js\" id=\"wpcf7-f5550-o1\" lang=\"fr-FR\" dir=\"ltr\" data-wpcf7-id=\"5550\">\n<div class=\"screen-reader-response\"><p role=\"status\" aria-live=\"polite\" aria-atomic=\"true\"><\/p> <ul><\/ul><\/div>\n<form action=\"\/fr\/wp-json\/wp\/v2\/pages\/9722#wpcf7-f5550-o1\" method=\"post\" class=\"wpcf7-form init\" aria-label=\"Formulaire de contact\" novalidate=\"novalidate\" data-status=\"init\">\n<fieldset class=\"hidden-fields-container\"><input type=\"hidden\" name=\"_wpcf7\" value=\"5550\" \/><input type=\"hidden\" name=\"_wpcf7_version\" value=\"6.1.5\" \/><input type=\"hidden\" name=\"_wpcf7_locale\" value=\"fr_FR\" \/><input type=\"hidden\" name=\"_wpcf7_unit_tag\" value=\"wpcf7-f5550-o1\" \/><input type=\"hidden\" name=\"_wpcf7_container_post\" value=\"0\" \/><input type=\"hidden\" name=\"_wpcf7_posted_data_hash\" value=\"\" \/><input type=\"hidden\" name=\"_wpcf7_recaptcha_response\" value=\"\" \/>\n<\/fieldset>\n<div class=\"row\">\n\t<div class=\"col-12 col-s-6\">\n\t\t<p><label for=\"Name\">Pr\u00e9nom*<\/label><br \/>\n<span class=\"wpcf7-form-control-wrap\" data-name=\"FirstName\"><input size=\"40\" maxlength=\"400\" class=\"wpcf7-form-control wpcf7-text wpcf7-validates-as-required\" aria-required=\"true\" aria-invalid=\"false\" value=\"\" type=\"text\" name=\"FirstName\" \/><\/span>\n\t\t<\/p>\n\t<\/div>\n\t<div class=\"col-12 col-s-6\">\n\t\t<p><label for=\"Name\">Nom de famille*<\/label><br \/>\n<span class=\"wpcf7-form-control-wrap\" data-name=\"LastName\"><input size=\"40\" maxlength=\"400\" class=\"wpcf7-form-control wpcf7-text wpcf7-validates-as-required\" aria-required=\"true\" aria-invalid=\"false\" value=\"\" type=\"text\" name=\"LastName\" \/><\/span>\n\t\t<\/p>\n\t<\/div>\n\t<div class=\"col-12 col-s-6 mt-05 mt-s-0\">\n\t\t<p><label for=\"Email\">Adresse \u00e9lectronique*<\/label><br \/>\n<span class=\"wpcf7-form-control-wrap\" data-name=\"Email\"><input size=\"40\" maxlength=\"400\" class=\"wpcf7-form-control wpcf7-email wpcf7-validates-as-required wpcf7-text wpcf7-validates-as-email\" aria-required=\"true\" aria-invalid=\"false\" value=\"\" type=\"email\" name=\"Email\" \/><\/span>\n\t\t<\/p>\n\t<\/div>\n<\/div>\n<div class=\"row\">\n\t<div class=\"col-12 col-s-6 mt-05 mt-s-0\">\n\t\t<p><label for=\"Company\">Nom de l'entreprise (facultatif)<\/label><br \/>\n<span class=\"wpcf7-form-control-wrap\" data-name=\"Company\"><input size=\"40\" maxlength=\"400\" class=\"wpcf7-form-control wpcf7-text\" aria-invalid=\"false\" value=\"\" type=\"text\" name=\"Company\" \/><\/span>\n\t\t<\/p>\n\t<\/div>\n\t<div class=\"col-12 col-s-6\">\n\t\t<p><label for=\"Phone\">Num\u00e9ro de t\u00e9l\u00e9phone (facultatif)<\/label><br \/>\n<span class=\"wpcf7-form-control-wrap\" data-name=\"Phone\"><input size=\"40\" maxlength=\"400\" class=\"wpcf7-form-control wpcf7-tel wpcf7-text wpcf7-validates-as-tel\" aria-invalid=\"false\" value=\"\" type=\"tel\" name=\"Phone\" \/><\/span>\n\t\t<\/p>\n\t<\/div>\n<\/div>\n<div class=\"row\">\n\t<div class=\"col-12 col-s-6\">\n\t\t<p><label for=\"Country\">Pays (facultatif)<\/label><br \/>\n<span class=\"wpcf7-form-control-wrap\" data-name=\"Country\"><input size=\"40\" maxlength=\"400\" class=\"wpcf7-form-control wpcf7-text\" aria-invalid=\"false\" value=\"\" type=\"text\" name=\"Country\" \/><\/span>\n\t\t<\/p>\n\t<\/div>\n<\/div>\n<p><label for=\"Message\">Message*<\/label><br \/>\n<span class=\"wpcf7-form-control-wrap\" data-name=\"Message\"><textarea cols=\"40\" rows=\"6\" maxlength=\"2000\" class=\"wpcf7-form-control wpcf7-textarea wpcf7-validates-as-required\" aria-required=\"true\" aria-invalid=\"false\" name=\"Message\"><\/textarea><\/span>\n<\/p>\n<p>Acceptez de recevoir des informations sur nos derniers produits, nos nouvelles et nos offres sp\u00e9ciales.<br \/>\n<span class=\"wpcf7-form-control-wrap\" data-name=\"newsletter\"><span class=\"wpcf7-form-control wpcf7-radio\"><span class=\"wpcf7-list-item first\"><label><input type=\"radio\" name=\"newsletter\" value=\"Oui\" \/><span class=\"wpcf7-list-item-label\">Oui<\/span><\/label><\/span><span class=\"wpcf7-list-item last\"><label><input type=\"radio\" name=\"newsletter\" value=\"Non\" checked=\"checked\" \/><span class=\"wpcf7-list-item-label\">Non<\/span><\/label><\/span><\/span><\/span>\n<\/p>\n<div id=\"refer-div\">\n<\/div>\n<p><input class=\"wpcf7-form-control wpcf7-submit has-spinner button\" type=\"submit\" value=\"Envoyer\" \/>\n<\/p><div class=\"wpcf7-response-output\" aria-hidden=\"true\"><\/div>\n<\/form>\n<\/div>\n\n<\/div>\n<p><!--.col--><\/p>\n<div class=\"col-5 col-xl-4 pull-xl-1 show-m mt-4\">\n<div class=\"usp-list\">\n<ul>\n<li>Leader de l&rsquo;industrie<\/li>\n<li>Solution cl\u00e9 en main<\/li>\n<li>Installations dans le monde entier<\/li>\n<li>Fabriqu\u00e9 en interne<\/li>\n<li>Un service \u00e0 la client\u00e8le de premier plan  <\/li>\n<\/ul>\n<\/div>\n<p><!--.usp-list--><\/p>\n<h5 class=\"mt-2\">Vous pouvez \u00e9galement nous appeler au<\/h5>\n<p class=\"mt-05 text-cyan\"><strong> <i class=\"fa fa-phone mr-05\" aria-hidden=\"true\"><\/i>  +44(0) 1179 414918  <\/strong><\/p>\n<\/div>\n<p><!--.col--><\/p>\n<\/article>\n<\/div>\n<p><!--.row--><\/p>\n<\/div>\n<p><!--.wrap--><\/p>\n<\/section>\n<\/div><\/div>\n","protected":false},"excerpt":{"rendered":"<p>Airparx s&rsquo;est associ\u00e9 \u00e0 Kidztivity pour offrir aux centres de loisirs familiaux l&rsquo;Acad\u00e9mie de formation Airparx. Kidztivity se concentrera sur la fourniture d&rsquo;une formation de pointe aux centres de divertissement familial, \u00e0 la fois lors de l&rsquo;installation de nouveaux produits et pour r\u00e9engager les \u00e9quipes travaillant avec l&rsquo;\u00e9quipement existant. Inscrivez-vous d\u00e8s aujourd&rsquo;hui ! Webinaire 1 [&hellip;]<\/p>\n","protected":false},"author":1,"featured_media":9351,"parent":0,"menu_order":0,"comment_status":"closed","ping_status":"closed","template":"","meta":{"_acf_changed":false,"footnotes":""},"class_list":["post-9722","page","type-page","status-publish","has-post-thumbnail","hentry"],"acf":[],"yoast_head":"<!-- This site is optimized with the Yoast SEO Premium plugin v26.7 (Yoast SEO v27.3) - https:\/\/yoast.com\/product\/yoast-seo-premium-wordpress\/ -->\n<title>L&#039;acad\u00e9mie de formation Airparx, propuls\u00e9e par Kidztivity - Airparx<\/title>\n<meta name=\"description\" content=\"Airparx s&#039;associe aux sp\u00e9cialistes des activit\u00e9s pour enfants, Kidztivity, pour offrir aux centres de loisirs familiaux l&#039;Acad\u00e9mie de formation Airparx.\" \/>\n<meta name=\"robots\" content=\"index, follow, max-snippet:-1, max-image-preview:large, max-video-preview:-1\" \/>\n<link rel=\"canonical\" href=\"https:\/\/airparx.com\/fr\/lacademie-de-formation-airparx-propulsee-par-kidztivity\/\" \/>\n<meta property=\"og:locale\" content=\"fr_FR\" \/>\n<meta property=\"og:type\" content=\"article\" \/>\n<meta property=\"og:title\" content=\"L&#039;acad\u00e9mie de formation Airparx, propuls\u00e9e par Kidztivity\" \/>\n<meta property=\"og:description\" content=\"Airparx s&#039;associe aux sp\u00e9cialistes des activit\u00e9s pour enfants, Kidztivity, pour offrir aux centres de loisirs familiaux l&#039;Acad\u00e9mie de formation Airparx.\" \/>\n<meta property=\"og:url\" content=\"https:\/\/airparx.com\/fr\/lacademie-de-formation-airparx-propulsee-par-kidztivity\/\" \/>\n<meta property=\"og:site_name\" content=\"Airparx\" \/>\n<meta property=\"article:publisher\" content=\"https:\/\/www.facebook.com\/Airparx\/\" \/>\n<meta property=\"article:modified_time\" content=\"2024-09-19T09:34:08+00:00\" \/>\n<meta property=\"og:image\" content=\"https:\/\/airparx.com\/wp-content\/uploads\/2024\/08\/Airparx-Website-Images-1.png\" \/>\n\t<meta property=\"og:image:width\" content=\"1366\" \/>\n\t<meta property=\"og:image:height\" content=\"768\" \/>\n\t<meta property=\"og:image:type\" content=\"image\/png\" \/>\n<meta name=\"twitter:card\" content=\"summary_large_image\" \/>\n<meta name=\"twitter:label1\" content=\"Dur\u00e9e de lecture estim\u00e9e\" \/>\n\t<meta name=\"twitter:data1\" content=\"1 minute\" \/>\n<script type=\"application\/ld+json\" class=\"yoast-schema-graph\">{\"@context\":\"https:\\\/\\\/schema.org\",\"@graph\":[{\"@type\":\"WebPage\",\"@id\":\"https:\\\/\\\/airparx.com\\\/fr\\\/lacademie-de-formation-airparx-propulsee-par-kidztivity\\\/\",\"url\":\"https:\\\/\\\/airparx.com\\\/fr\\\/lacademie-de-formation-airparx-propulsee-par-kidztivity\\\/\",\"name\":\"L'acad\u00e9mie de formation Airparx, propuls\u00e9e par Kidztivity - Airparx\",\"isPartOf\":{\"@id\":\"https:\\\/\\\/airparx.com\\\/fr\\\/#website\"},\"primaryImageOfPage\":{\"@id\":\"https:\\\/\\\/airparx.com\\\/fr\\\/lacademie-de-formation-airparx-propulsee-par-kidztivity\\\/#primaryimage\"},\"image\":{\"@id\":\"https:\\\/\\\/airparx.com\\\/fr\\\/lacademie-de-formation-airparx-propulsee-par-kidztivity\\\/#primaryimage\"},\"thumbnailUrl\":\"https:\\\/\\\/airparx.com\\\/wp-content\\\/uploads\\\/2024\\\/08\\\/Airparx-Website-Images-1-e1747305863615.png\",\"datePublished\":\"2024-08-28T07:38:53+00:00\",\"dateModified\":\"2024-09-19T09:34:08+00:00\",\"description\":\"Airparx s'associe aux sp\u00e9cialistes des activit\u00e9s pour enfants, Kidztivity, pour offrir aux centres de loisirs familiaux l'Acad\u00e9mie de formation Airparx.\",\"breadcrumb\":{\"@id\":\"https:\\\/\\\/airparx.com\\\/fr\\\/lacademie-de-formation-airparx-propulsee-par-kidztivity\\\/#breadcrumb\"},\"inLanguage\":\"fr-FR\",\"potentialAction\":[{\"@type\":\"ReadAction\",\"target\":[\"https:\\\/\\\/airparx.com\\\/fr\\\/lacademie-de-formation-airparx-propulsee-par-kidztivity\\\/\"]}]},{\"@type\":\"ImageObject\",\"inLanguage\":\"fr-FR\",\"@id\":\"https:\\\/\\\/airparx.com\\\/fr\\\/lacademie-de-formation-airparx-propulsee-par-kidztivity\\\/#primaryimage\",\"url\":\"https:\\\/\\\/airparx.com\\\/wp-content\\\/uploads\\\/2024\\\/08\\\/Airparx-Website-Images-1-e1747305863615.png\",\"contentUrl\":\"https:\\\/\\\/airparx.com\\\/wp-content\\\/uploads\\\/2024\\\/08\\\/Airparx-Website-Images-1-e1747305863615.png\",\"width\":1366,\"height\":768,\"caption\":\"Airparx Training Academy - Kidztivity\"},{\"@type\":\"BreadcrumbList\",\"@id\":\"https:\\\/\\\/airparx.com\\\/fr\\\/lacademie-de-formation-airparx-propulsee-par-kidztivity\\\/#breadcrumb\",\"itemListElement\":[{\"@type\":\"ListItem\",\"position\":1,\"name\":\"Home\",\"item\":\"https:\\\/\\\/airparx.com\\\/fr\\\/\"},{\"@type\":\"ListItem\",\"position\":2,\"name\":\"L&#8217;acad\u00e9mie de formation Airparx, propuls\u00e9e par Kidztivity\"}]},{\"@type\":\"WebSite\",\"@id\":\"https:\\\/\\\/airparx.com\\\/fr\\\/#website\",\"url\":\"https:\\\/\\\/airparx.com\\\/fr\\\/\",\"name\":\"Airparx\",\"description\":\"Inflatable &amp; Trampoline Park Supplier\",\"publisher\":{\"@id\":\"https:\\\/\\\/airparx.com\\\/fr\\\/#organization\"},\"potentialAction\":[{\"@type\":\"SearchAction\",\"target\":{\"@type\":\"EntryPoint\",\"urlTemplate\":\"https:\\\/\\\/airparx.com\\\/fr\\\/?s={search_term_string}\"},\"query-input\":{\"@type\":\"PropertyValueSpecification\",\"valueRequired\":true,\"valueName\":\"search_term_string\"}}],\"inLanguage\":\"fr-FR\"},{\"@type\":\"Organization\",\"@id\":\"https:\\\/\\\/airparx.com\\\/fr\\\/#organization\",\"name\":\"Airparx\",\"url\":\"https:\\\/\\\/airparx.com\\\/fr\\\/\",\"logo\":{\"@type\":\"ImageObject\",\"inLanguage\":\"fr-FR\",\"@id\":\"https:\\\/\\\/airparx.com\\\/fr\\\/#\\\/schema\\\/logo\\\/image\\\/\",\"url\":\"https:\\\/\\\/airparx.com\\\/wp-content\\\/uploads\\\/2022\\\/06\\\/Airparx_Logo.png\",\"contentUrl\":\"https:\\\/\\\/airparx.com\\\/wp-content\\\/uploads\\\/2022\\\/06\\\/Airparx_Logo.png\",\"width\":1127,\"height\":461,\"caption\":\"Airparx\"},\"image\":{\"@id\":\"https:\\\/\\\/airparx.com\\\/fr\\\/#\\\/schema\\\/logo\\\/image\\\/\"},\"sameAs\":[\"https:\\\/\\\/www.facebook.com\\\/Airparx\\\/\",\"https:\\\/\\\/www.instagram.com\\\/airparx\\\/\",\"https:\\\/\\\/www.youtube.com\\\/playlist?list=PL2LZnxdxb4eX2paMpuL0QxEvopAtGzyqY\",\"https:\\\/\\\/www.linkedin.com\\\/company\\\/airparx\\\/\"]}]}<\/script>\n<!-- \/ Yoast SEO Premium plugin. -->","yoast_head_json":{"title":"L'acad\u00e9mie de formation Airparx, propuls\u00e9e par Kidztivity - Airparx","description":"Airparx s'associe aux sp\u00e9cialistes des activit\u00e9s pour enfants, Kidztivity, pour offrir aux centres de loisirs familiaux l'Acad\u00e9mie de formation Airparx.","robots":{"index":"index","follow":"follow","max-snippet":"max-snippet:-1","max-image-preview":"max-image-preview:large","max-video-preview":"max-video-preview:-1"},"canonical":"https:\/\/airparx.com\/fr\/lacademie-de-formation-airparx-propulsee-par-kidztivity\/","og_locale":"fr_FR","og_type":"article","og_title":"L'acad\u00e9mie de formation Airparx, propuls\u00e9e par Kidztivity","og_description":"Airparx s'associe aux sp\u00e9cialistes des activit\u00e9s pour enfants, Kidztivity, pour offrir aux centres de loisirs familiaux l'Acad\u00e9mie de formation Airparx.","og_url":"https:\/\/airparx.com\/fr\/lacademie-de-formation-airparx-propulsee-par-kidztivity\/","og_site_name":"Airparx","article_publisher":"https:\/\/www.facebook.com\/Airparx\/","article_modified_time":"2024-09-19T09:34:08+00:00","og_image":[{"width":1366,"height":768,"url":"https:\/\/airparx.com\/wp-content\/uploads\/2024\/08\/Airparx-Website-Images-1.png","type":"image\/png"}],"twitter_card":"summary_large_image","twitter_misc":{"Dur\u00e9e de lecture estim\u00e9e":"1 minute"},"schema":{"@context":"https:\/\/schema.org","@graph":[{"@type":"WebPage","@id":"https:\/\/airparx.com\/fr\/lacademie-de-formation-airparx-propulsee-par-kidztivity\/","url":"https:\/\/airparx.com\/fr\/lacademie-de-formation-airparx-propulsee-par-kidztivity\/","name":"L'acad\u00e9mie de formation Airparx, propuls\u00e9e par Kidztivity - Airparx","isPartOf":{"@id":"https:\/\/airparx.com\/fr\/#website"},"primaryImageOfPage":{"@id":"https:\/\/airparx.com\/fr\/lacademie-de-formation-airparx-propulsee-par-kidztivity\/#primaryimage"},"image":{"@id":"https:\/\/airparx.com\/fr\/lacademie-de-formation-airparx-propulsee-par-kidztivity\/#primaryimage"},"thumbnailUrl":"https:\/\/airparx.com\/wp-content\/uploads\/2024\/08\/Airparx-Website-Images-1-e1747305863615.png","datePublished":"2024-08-28T07:38:53+00:00","dateModified":"2024-09-19T09:34:08+00:00","description":"Airparx s'associe aux sp\u00e9cialistes des activit\u00e9s pour enfants, Kidztivity, pour offrir aux centres de loisirs familiaux l'Acad\u00e9mie de formation Airparx.","breadcrumb":{"@id":"https:\/\/airparx.com\/fr\/lacademie-de-formation-airparx-propulsee-par-kidztivity\/#breadcrumb"},"inLanguage":"fr-FR","potentialAction":[{"@type":"ReadAction","target":["https:\/\/airparx.com\/fr\/lacademie-de-formation-airparx-propulsee-par-kidztivity\/"]}]},{"@type":"ImageObject","inLanguage":"fr-FR","@id":"https:\/\/airparx.com\/fr\/lacademie-de-formation-airparx-propulsee-par-kidztivity\/#primaryimage","url":"https:\/\/airparx.com\/wp-content\/uploads\/2024\/08\/Airparx-Website-Images-1-e1747305863615.png","contentUrl":"https:\/\/airparx.com\/wp-content\/uploads\/2024\/08\/Airparx-Website-Images-1-e1747305863615.png","width":1366,"height":768,"caption":"Airparx Training Academy - Kidztivity"},{"@type":"BreadcrumbList","@id":"https:\/\/airparx.com\/fr\/lacademie-de-formation-airparx-propulsee-par-kidztivity\/#breadcrumb","itemListElement":[{"@type":"ListItem","position":1,"name":"Home","item":"https:\/\/airparx.com\/fr\/"},{"@type":"ListItem","position":2,"name":"L&#8217;acad\u00e9mie de formation Airparx, propuls\u00e9e par Kidztivity"}]},{"@type":"WebSite","@id":"https:\/\/airparx.com\/fr\/#website","url":"https:\/\/airparx.com\/fr\/","name":"Airparx","description":"Inflatable &amp; Trampoline Park Supplier","publisher":{"@id":"https:\/\/airparx.com\/fr\/#organization"},"potentialAction":[{"@type":"SearchAction","target":{"@type":"EntryPoint","urlTemplate":"https:\/\/airparx.com\/fr\/?s={search_term_string}"},"query-input":{"@type":"PropertyValueSpecification","valueRequired":true,"valueName":"search_term_string"}}],"inLanguage":"fr-FR"},{"@type":"Organization","@id":"https:\/\/airparx.com\/fr\/#organization","name":"Airparx","url":"https:\/\/airparx.com\/fr\/","logo":{"@type":"ImageObject","inLanguage":"fr-FR","@id":"https:\/\/airparx.com\/fr\/#\/schema\/logo\/image\/","url":"https:\/\/airparx.com\/wp-content\/uploads\/2022\/06\/Airparx_Logo.png","contentUrl":"https:\/\/airparx.com\/wp-content\/uploads\/2022\/06\/Airparx_Logo.png","width":1127,"height":461,"caption":"Airparx"},"image":{"@id":"https:\/\/airparx.com\/fr\/#\/schema\/logo\/image\/"},"sameAs":["https:\/\/www.facebook.com\/Airparx\/","https:\/\/www.instagram.com\/airparx\/","https:\/\/www.youtube.com\/playlist?list=PL2LZnxdxb4eX2paMpuL0QxEvopAtGzyqY","https:\/\/www.linkedin.com\/company\/airparx\/"]}]}},"_links":{"self":[{"href":"https:\/\/airparx.com\/fr\/wp-json\/wp\/v2\/pages\/9722","targetHints":{"allow":["GET"]}}],"collection":[{"href":"https:\/\/airparx.com\/fr\/wp-json\/wp\/v2\/pages"}],"about":[{"href":"https:\/\/airparx.com\/fr\/wp-json\/wp\/v2\/types\/page"}],"author":[{"embeddable":true,"href":"https:\/\/airparx.com\/fr\/wp-json\/wp\/v2\/users\/1"}],"replies":[{"embeddable":true,"href":"https:\/\/airparx.com\/fr\/wp-json\/wp\/v2\/comments?post=9722"}],"version-history":[{"count":1,"href":"https:\/\/airparx.com\/fr\/wp-json\/wp\/v2\/pages\/9722\/revisions"}],"predecessor-version":[{"id":9724,"href":"https:\/\/airparx.com\/fr\/wp-json\/wp\/v2\/pages\/9722\/revisions\/9724"}],"wp:featuredmedia":[{"embeddable":true,"href":"https:\/\/airparx.com\/fr\/wp-json\/wp\/v2\/media\/9351"}],"wp:attachment":[{"href":"https:\/\/airparx.com\/fr\/wp-json\/wp\/v2\/media?parent=9722"}],"curies":[{"name":"wp","href":"https:\/\/api.w.org\/{rel}","templated":true}]}}